{"id":149434,"date":"2022-02-11T08:49:15","date_gmt":"2024-01-29T19:40:42","guid":{"rendered":"https:\/\/www.versiegelung24.com\/product\/chiffon-en-microfibres-40x40cm-pour-le-pre-nettoyage-ou-le-polissage-jaune\/"},"modified":"2025-01-05T15:33:56","modified_gmt":"2025-01-05T14:33:56","slug":"chiffon-microfibre-40x40cm-pour-pre-nettoyage-ou-polissage-jaune","status":"publish","type":"product","link":"https:\/\/www.versiegelung24.com\/fr\/chiffon-microfibre-40x40cm-pour-pre-nettoyage-ou-polissage-jaune.html","title":{"rendered":"Chiffon en microfibres 40x40cm pour le pr\u00e9-nettoyage ou le polissage jaune"},"content":{"rendered":"\n<p>Chiffon en microfibres pour le pr\u00e9-nettoyage ou le polissage final.<\/p>\n\n<p>En raison de sa grande capacit\u00e9 d&#8217;absorption, nous recommandons \u00e9galement le <a href=\"https:\/\/www.versiegelung24.com\/applikationstuch-20x20cm.html\">chiffon en microfibres pour l&#8217;application de nos vitrificateurs liquides<\/a>.<\/p>\n\n<p>Nous recommandons d&#8217;utiliser un chiffon en microfibres s\u00e9par\u00e9 pour chaque \u00e9tape de l&#8217;application de nos vitrificateurs de surface et impr\u00e9gnations.<\/p>\n\n<p>Si la salet\u00e9 reste accroch\u00e9e \u00e0 la toile apr\u00e8s le nettoyage, cela signifie que la surface n&#8217;est pas encore compl\u00e8tement et parfaitement nettoy\u00e9e. Ce n&#8217;est que lorsqu&#8217;il n&#8217;y a plus de salet\u00e9 sur la surface que l&#8217;on peut obtenir un bon effet de scellement.<\/p>\n\n<hr\/>\n\n<h4 class=\"wp-block-heading\" id=\"properties\">Caract\u00e9ristiques du produit<\/h4>\n\n<div class=\"wp-block-columns is-layout-flex wp-container-core-columns-is-layout-9d6595d7 wp-block-columns-is-layout-flex\">\n<div class=\"wp-block-column is-layout-flow wp-block-column-is-layout-flow\">\n<p>Composition : 80% polyester, 20% polyamide<br\/>Taille : 40x40cm<\/p>\n<\/div>\n\n\n\n<div class=\"wp-block-column is-layout-flow wp-block-column-is-layout-flow\">\n<p>Qualit\u00e9 sup\u00e9rieure avec un poids sec de 280 g\/m2.<\/p>\n<\/div>\n<\/div>\n\n<hr\/>\n\n<h4 class=\"wp-block-heading\" id=\"application\">Application<\/h4>\n\n<p>Utilisable de mani\u00e8re universelle \u00e0 l&#8217;int\u00e9rieur et \u00e0 l&#8217;ext\u00e9rieur. Taille optimale pour le nettoyage du verre, de la c\u00e9ramique, des bateaux, des voitures et des camping-cars.<\/p>\n\n<p>Nettoyage ne peluchant pas, ne rayant pas et s\u00e9chant rapidement. La salet\u00e9 et les particules de poussi\u00e8re sont absorb\u00e9es pratiquement sans laisser de traces.<\/p>\n\n<p>Le mat\u00e9riau est r\u00e9utilisable et donc tr\u00e8s respectueux de l&#8217;environnement. Facilement lavable en machine sans d\u00e9tergent.<\/p>\n","protected":false},"excerpt":{"rendered":"<p><strong>Chiffon en microfibres pour le pr\u00e9-nettoyage ou le polissage final :<\/strong><\/p>\n<p>\u2713 R\u00e9utilisable<\/p>\n<p>\u2713 Respectueux de l&#8217;environnement<\/p>\n<p>\u2713 Extr\u00eamement absorbant<\/p>\n<p>\u2713 S\u00e9chage rapide<\/p>\n<p>\u2713 Ne peluche pas<\/p>\n<p>\u2713 Ne se raye pas<\/p>\n<p>\u2713 80% polyester \/ 20% polyamide<\/p>\n<p>\u2713 poids sec 280g\/m2<\/p>\n","protected":false},"featured_media":64791,"template":"","meta":{"_acf_changed":false,"neve_meta_sidebar":"","neve_meta_container":"","neve_meta_enable_content_width":"","neve_meta_content_width":0,"neve_meta_title_alignment":"","neve_meta_author_avatar":"","neve_post_elements_order":"","neve_meta_disable_header":"","neve_meta_disable_footer":"","neve_meta_disable_title":"","neve_meta_reading_time":"","_surfaces":[],"_ver_product_tabs":[],"footnotes":""},"product_brand":[],"product_cat":[2699,2160,3073,2190,2291,2296,2346,2349,2351,2474],"product_tag":[],"class_list":{"0":"post-149434","1":"product","2":"type-product","3":"status-publish","4":"has-post-thumbnail","6":"product_cat-gel-hydroalcoolique","7":"product_cat-scellage-pour-verre-et-ceramique","8":"product_cat-equipement","9":"product_cat-etancheite-de-voiture","10":"product_cat-etancheite-metal-plastique","11":"product_cat-les-fournitures-de-nettoyage","12":"product_cat-desinfectants","13":"product_cat-desinfectants-de-surfaces","14":"product_cat-concentres-desinfectants","15":"product_cat-joint-universel","16":"pa_farbe-bleu","17":"pa_farbe-blanche","19":"first","20":"instock","21":"taxable","22":"shipping-taxable","23":"purchasable","24":"product-type-simple"},"acf":[],"yoast_head":"<!-- This site is optimized with the Yoast SEO Premium plugin v22.8 (Yoast SEO v27.5) - https:\/\/yoast.com\/product\/yoast-seo-premium-wordpress\/ -->\n<title>Chiffon en microfibres 40x40cm pour le pr\u00e9-nettoyage ou le polissage jaune - versiegelung24.com<\/title>\n<meta name=\"description\" content=\"Chiffon en microfibres &quot; Extr\u00eamement absorbant &quot; S\u00e9chage rapide &quot; Ne peluche pas &quot; Ne raye pas &quot; 80% polyester \/ 20% polyamide &quot; Poids \u00e0 sec 280g\/qm\" \/>\n<meta name=\"robots\" content=\"index, follow, max-snippet:-1, max-image-preview:large, max-video-preview:-1\" \/>\n<link rel=\"canonical\" href=\"https:\/\/www.versiegelung24.com\/fr\/chiffon-microfibre-40x40cm-pour-pre-nettoyage-ou-polissage-jaune.html\" \/>\n<meta property=\"og:locale\" content=\"fr_FR\" \/>\n<meta property=\"og:type\" content=\"article\" \/>\n<meta property=\"og:title\" content=\"Chiffon en microfibres 40x40cm pour le pr\u00e9-nettoyage ou le polissage jaune\" \/>\n<meta property=\"og:description\" content=\"Chiffon en microfibres &quot; Extr\u00eamement absorbant &quot; S\u00e9chage rapide &quot; Ne peluche pas &quot; Ne raye pas &quot; 80% polyester \/ 20% polyamide &quot; Poids \u00e0 sec 280g\/qm\" \/>\n<meta property=\"og:url\" content=\"https:\/\/www.versiegelung24.com\/fr\/chiffon-microfibre-40x40cm-pour-pre-nettoyage-ou-polissage-jaune.html\" \/>\n<meta property=\"og:site_name\" content=\"versiegelung24.com\" \/>\n<meta property=\"article:modified_time\" content=\"2025-01-05T14:33:56+00:00\" \/>\n<meta property=\"og:image\" content=\"https:\/\/www.versiegelung24.com\/wp-content\/uploads\/2022\/02\/V24-9004-1-Mikrofaser-gelb-40x40cm-Custom.jpg\" \/>\n\t<meta property=\"og:image:width\" content=\"1024\" \/>\n\t<meta property=\"og:image:height\" content=\"1024\" \/>\n\t<meta property=\"og:image:type\" content=\"image\/jpeg\" \/>\n<meta name=\"twitter:card\" content=\"summary_large_image\" \/>\n<meta name=\"twitter:label1\" content=\"Prix\" \/>\n\t<meta name=\"twitter:data1\" content=\"1,25&euro;\" \/>\n\t<meta name=\"twitter:label2\" content=\"Disponibilit\u00e9\" \/>\n\t<meta name=\"twitter:data2\" content=\"En stock\" \/>\n<script type=\"application\/ld+json\" class=\"yoast-schema-graph\">{\"@context\":\"https:\\\/\\\/schema.org\",\"@graph\":[{\"@type\":\"WebPage\",\"@id\":\"https:\\\/\\\/www.versiegelung24.com\\\/fr\\\/chiffon-microfibre-40x40cm-pour-pre-nettoyage-ou-polissage-jaune.html\",\"url\":\"https:\\\/\\\/www.versiegelung24.com\\\/fr\\\/chiffon-microfibre-40x40cm-pour-pre-nettoyage-ou-polissage-jaune.html\",\"name\":\"Chiffon en microfibres 40x40cm pour le pr\u00e9-nettoyage ou le polissage jaune - versiegelung24.com\",\"isPartOf\":{\"@id\":\"https:\\\/\\\/www.versiegelung24.com\\\/fr\\\/#website\"},\"primaryImageOfPage\":{\"@id\":\"https:\\\/\\\/www.versiegelung24.com\\\/fr\\\/chiffon-microfibre-40x40cm-pour-pre-nettoyage-ou-polissage-jaune.html#primaryimage\"},\"image\":{\"@id\":\"https:\\\/\\\/www.versiegelung24.com\\\/fr\\\/chiffon-microfibre-40x40cm-pour-pre-nettoyage-ou-polissage-jaune.html#primaryimage\"},\"thumbnailUrl\":\"https:\\\/\\\/www.versiegelung24.com\\\/wp-content\\\/uploads\\\/2022\\\/02\\\/V24-9004-1-Mikrofaser-gelb-40x40cm-Custom.jpg\",\"datePublished\":\"2024-01-29T19:40:42+00:00\",\"dateModified\":\"2025-01-05T14:33:56+00:00\",\"description\":\"Chiffon en microfibres \\\" Extr\u00eamement absorbant \\\" S\u00e9chage rapide \\\" Ne peluche pas \\\" Ne raye pas \\\" 80% polyester \\\/ 20% polyamide \\\" Poids \u00e0 sec 280g\\\/qm\",\"breadcrumb\":{\"@id\":\"https:\\\/\\\/www.versiegelung24.com\\\/fr\\\/chiffon-microfibre-40x40cm-pour-pre-nettoyage-ou-polissage-jaune.html#breadcrumb\"},\"inLanguage\":\"fr-FR\",\"potentialAction\":[{\"@type\":\"ReadAction\",\"target\":[\"https:\\\/\\\/www.versiegelung24.com\\\/fr\\\/chiffon-microfibre-40x40cm-pour-pre-nettoyage-ou-polissage-jaune.html\"]}]},{\"@type\":\"ImageObject\",\"inLanguage\":\"fr-FR\",\"@id\":\"https:\\\/\\\/www.versiegelung24.com\\\/fr\\\/chiffon-microfibre-40x40cm-pour-pre-nettoyage-ou-polissage-jaune.html#primaryimage\",\"url\":\"https:\\\/\\\/www.versiegelung24.com\\\/wp-content\\\/uploads\\\/2022\\\/02\\\/V24-9004-1-Mikrofaser-gelb-40x40cm-Custom.jpg\",\"contentUrl\":\"https:\\\/\\\/www.versiegelung24.com\\\/wp-content\\\/uploads\\\/2022\\\/02\\\/V24-9004-1-Mikrofaser-gelb-40x40cm-Custom.jpg\",\"width\":1024,\"height\":1024},{\"@type\":\"BreadcrumbList\",\"@id\":\"https:\\\/\\\/www.versiegelung24.com\\\/fr\\\/chiffon-microfibre-40x40cm-pour-pre-nettoyage-ou-polissage-jaune.html#breadcrumb\",\"itemListElement\":[{\"@type\":\"ListItem\",\"position\":1,\"name\":\"Page d'accueil\",\"item\":\"https:\\\/\\\/www.versiegelung24.com\\\/fr\\\/front\\\/\"},{\"@type\":\"ListItem\",\"position\":2,\"name\":\"Boutique\",\"item\":\"https:\\\/\\\/www.versiegelung24.com\\\/fr\\\/boutique-2\\\/\"},{\"@type\":\"ListItem\",\"position\":3,\"name\":\"Chiffon en microfibres 40x40cm pour le pr\u00e9-nettoyage ou le polissage jaune\"}]},{\"@type\":\"WebSite\",\"@id\":\"https:\\\/\\\/www.versiegelung24.com\\\/fr\\\/#website\",\"url\":\"https:\\\/\\\/www.versiegelung24.com\\\/fr\\\/\",\"name\":\"versiegelung24.com\",\"description\":\"Fl\u00fcssigglas-Versiegelung - Made in Germany\",\"publisher\":{\"@id\":\"https:\\\/\\\/www.versiegelung24.com\\\/fr\\\/#organization\"},\"potentialAction\":[{\"@type\":\"SearchAction\",\"target\":{\"@type\":\"EntryPoint\",\"urlTemplate\":\"https:\\\/\\\/www.versiegelung24.com\\\/fr\\\/?s={search_term_string}\"},\"query-input\":{\"@type\":\"PropertyValueSpecification\",\"valueRequired\":true,\"valueName\":\"search_term_string\"}}],\"inLanguage\":\"fr-FR\"},{\"@type\":\"Organization\",\"@id\":\"https:\\\/\\\/www.versiegelung24.com\\\/fr\\\/#organization\",\"name\":\"versiegelung24\",\"url\":\"https:\\\/\\\/www.versiegelung24.com\\\/fr\\\/\",\"logo\":{\"@type\":\"ImageObject\",\"inLanguage\":\"fr-FR\",\"@id\":\"https:\\\/\\\/www.versiegelung24.com\\\/fr\\\/#\\\/schema\\\/logo\\\/image\\\/\",\"url\":\"https:\\\/\\\/www.versiegelung24.com\\\/wp-content\\\/uploads\\\/2020\\\/04\\\/versiegelung24.png\",\"contentUrl\":\"https:\\\/\\\/www.versiegelung24.com\\\/wp-content\\\/uploads\\\/2020\\\/04\\\/versiegelung24.png\",\"width\":470,\"height\":102,\"caption\":\"versiegelung24\"},\"image\":{\"@id\":\"https:\\\/\\\/www.versiegelung24.com\\\/fr\\\/#\\\/schema\\\/logo\\\/image\\\/\"}}]}<\/script>\n<meta property=\"product:price:amount\" content=\"1.25\" \/>\n<meta property=\"product:price:currency\" content=\"EUR\" \/>\n<meta property=\"og:availability\" content=\"instock\" \/>\n<meta property=\"product:availability\" content=\"instock\" \/>\n<meta property=\"product:retailer_item_id\" content=\"V24-9004\" \/>\n<meta property=\"product:condition\" content=\"new\" \/>\n<!-- \/ Yoast SEO Premium plugin. -->","yoast_head_json":{"title":"Chiffon en microfibres 40x40cm pour le pr\u00e9-nettoyage ou le polissage jaune - versiegelung24.com","description":"Chiffon en microfibres \" Extr\u00eamement absorbant \" S\u00e9chage rapide \" Ne peluche pas \" Ne raye pas \" 80% polyester \/ 20% polyamide \" Poids \u00e0 sec 280g\/qm","robots":{"index":"index","follow":"follow","max-snippet":"max-snippet:-1","max-image-preview":"max-image-preview:large","max-video-preview":"max-video-preview:-1"},"canonical":"https:\/\/www.versiegelung24.com\/fr\/chiffon-microfibre-40x40cm-pour-pre-nettoyage-ou-polissage-jaune.html","og_locale":"fr_FR","og_type":"article","og_title":"Chiffon en microfibres 40x40cm pour le pr\u00e9-nettoyage ou le polissage jaune","og_description":"Chiffon en microfibres \" Extr\u00eamement absorbant \" S\u00e9chage rapide \" Ne peluche pas \" Ne raye pas \" 80% polyester \/ 20% polyamide \" Poids \u00e0 sec 280g\/qm","og_url":"https:\/\/www.versiegelung24.com\/fr\/chiffon-microfibre-40x40cm-pour-pre-nettoyage-ou-polissage-jaune.html","og_site_name":"versiegelung24.com","article_modified_time":"2025-01-05T14:33:56+00:00","og_image":[{"width":1024,"height":1024,"url":"https:\/\/www.versiegelung24.com\/wp-content\/uploads\/2022\/02\/V24-9004-1-Mikrofaser-gelb-40x40cm-Custom.jpg","type":"image\/jpeg"}],"twitter_card":"summary_large_image","twitter_misc":{"Prix":"1,25&euro;","Disponibilit\u00e9":"En stock"},"schema":{"@context":"https:\/\/schema.org","@graph":[{"@type":"WebPage","@id":"https:\/\/www.versiegelung24.com\/fr\/chiffon-microfibre-40x40cm-pour-pre-nettoyage-ou-polissage-jaune.html","url":"https:\/\/www.versiegelung24.com\/fr\/chiffon-microfibre-40x40cm-pour-pre-nettoyage-ou-polissage-jaune.html","name":"Chiffon en microfibres 40x40cm pour le pr\u00e9-nettoyage ou le polissage jaune - versiegelung24.com","isPartOf":{"@id":"https:\/\/www.versiegelung24.com\/fr\/#website"},"primaryImageOfPage":{"@id":"https:\/\/www.versiegelung24.com\/fr\/chiffon-microfibre-40x40cm-pour-pre-nettoyage-ou-polissage-jaune.html#primaryimage"},"image":{"@id":"https:\/\/www.versiegelung24.com\/fr\/chiffon-microfibre-40x40cm-pour-pre-nettoyage-ou-polissage-jaune.html#primaryimage"},"thumbnailUrl":"https:\/\/www.versiegelung24.com\/wp-content\/uploads\/2022\/02\/V24-9004-1-Mikrofaser-gelb-40x40cm-Custom.jpg","datePublished":"2024-01-29T19:40:42+00:00","dateModified":"2025-01-05T14:33:56+00:00","description":"Chiffon en microfibres \" Extr\u00eamement absorbant \" S\u00e9chage rapide \" Ne peluche pas \" Ne raye pas \" 80% polyester \/ 20% polyamide \" Poids \u00e0 sec 280g\/qm","breadcrumb":{"@id":"https:\/\/www.versiegelung24.com\/fr\/chiffon-microfibre-40x40cm-pour-pre-nettoyage-ou-polissage-jaune.html#breadcrumb"},"inLanguage":"fr-FR","potentialAction":[{"@type":"ReadAction","target":["https:\/\/www.versiegelung24.com\/fr\/chiffon-microfibre-40x40cm-pour-pre-nettoyage-ou-polissage-jaune.html"]}]},{"@type":"ImageObject","inLanguage":"fr-FR","@id":"https:\/\/www.versiegelung24.com\/fr\/chiffon-microfibre-40x40cm-pour-pre-nettoyage-ou-polissage-jaune.html#primaryimage","url":"https:\/\/www.versiegelung24.com\/wp-content\/uploads\/2022\/02\/V24-9004-1-Mikrofaser-gelb-40x40cm-Custom.jpg","contentUrl":"https:\/\/www.versiegelung24.com\/wp-content\/uploads\/2022\/02\/V24-9004-1-Mikrofaser-gelb-40x40cm-Custom.jpg","width":1024,"height":1024},{"@type":"BreadcrumbList","@id":"https:\/\/www.versiegelung24.com\/fr\/chiffon-microfibre-40x40cm-pour-pre-nettoyage-ou-polissage-jaune.html#breadcrumb","itemListElement":[{"@type":"ListItem","position":1,"name":"Page d'accueil","item":"https:\/\/www.versiegelung24.com\/fr\/front\/"},{"@type":"ListItem","position":2,"name":"Boutique","item":"https:\/\/www.versiegelung24.com\/fr\/boutique-2\/"},{"@type":"ListItem","position":3,"name":"Chiffon en microfibres 40x40cm pour le pr\u00e9-nettoyage ou le polissage jaune"}]},{"@type":"WebSite","@id":"https:\/\/www.versiegelung24.com\/fr\/#website","url":"https:\/\/www.versiegelung24.com\/fr\/","name":"versiegelung24.com","description":"Fl\u00fcssigglas-Versiegelung - Made in Germany","publisher":{"@id":"https:\/\/www.versiegelung24.com\/fr\/#organization"},"potentialAction":[{"@type":"SearchAction","target":{"@type":"EntryPoint","urlTemplate":"https:\/\/www.versiegelung24.com\/fr\/?s={search_term_string}"},"query-input":{"@type":"PropertyValueSpecification","valueRequired":true,"valueName":"search_term_string"}}],"inLanguage":"fr-FR"},{"@type":"Organization","@id":"https:\/\/www.versiegelung24.com\/fr\/#organization","name":"versiegelung24","url":"https:\/\/www.versiegelung24.com\/fr\/","logo":{"@type":"ImageObject","inLanguage":"fr-FR","@id":"https:\/\/www.versiegelung24.com\/fr\/#\/schema\/logo\/image\/","url":"https:\/\/www.versiegelung24.com\/wp-content\/uploads\/2020\/04\/versiegelung24.png","contentUrl":"https:\/\/www.versiegelung24.com\/wp-content\/uploads\/2020\/04\/versiegelung24.png","width":470,"height":102,"caption":"versiegelung24"},"image":{"@id":"https:\/\/www.versiegelung24.com\/fr\/#\/schema\/logo\/image\/"}}]},"product_price_amount":"1.25","product_price_currency":"EUR","og_availability":"instock","product_availability":"instock","product_retailer_item_id":"V24-9004","product_condition":"new"},"_links":{"self":[{"href":"https:\/\/www.versiegelung24.com\/fr\/wp-json\/wp\/v2\/product\/149434","targetHints":{"allow":["GET"]}}],"collection":[{"href":"https:\/\/www.versiegelung24.com\/fr\/wp-json\/wp\/v2\/product"}],"about":[{"href":"https:\/\/www.versiegelung24.com\/fr\/wp-json\/wp\/v2\/types\/product"}],"version-history":[{"count":1,"href":"https:\/\/www.versiegelung24.com\/fr\/wp-json\/wp\/v2\/product\/149434\/revisions"}],"predecessor-version":[{"id":149437,"href":"https:\/\/www.versiegelung24.com\/fr\/wp-json\/wp\/v2\/product\/149434\/revisions\/149437"}],"wp:featuredmedia":[{"embeddable":true,"href":"https:\/\/www.versiegelung24.com\/fr\/wp-json\/wp\/v2\/media\/64791"}],"wp:attachment":[{"href":"https:\/\/www.versiegelung24.com\/fr\/wp-json\/wp\/v2\/media?parent=149434"}],"wp:term":[{"taxonomy":"product_brand","embeddable":true,"href":"https:\/\/www.versiegelung24.com\/fr\/wp-json\/wp\/v2\/product_brand?post=149434"},{"taxonomy":"product_cat","embeddable":true,"href":"https:\/\/www.versiegelung24.com\/fr\/wp-json\/wp\/v2\/product_cat?post=149434"},{"taxonomy":"product_tag","embeddable":true,"href":"https:\/\/www.versiegelung24.com\/fr\/wp-json\/wp\/v2\/product_tag?post=149434"}],"curies":[{"name":"wp","href":"https:\/\/api.w.org\/{rel}","templated":true}]}}