{"id":175289,"date":"2024-09-24T07:29:11","date_gmt":"2024-09-24T05:29:11","guid":{"rendered":"https:\/\/www.versiegelung24.com\/product\/peinture-anti-graffiti-revetement-anti-graffiti-7626-modele\/"},"modified":"2025-10-25T21:30:27","modified_gmt":"2025-10-25T19:30:27","slug":"peinture-anti-graffiti-revetement-anti-graffiti-7626-modele","status":"publish","type":"product","link":"https:\/\/www.versiegelung24.com\/fr\/peinture-anti-graffiti-revetement-anti-graffiti-7626-modele.html","title":{"rendered":"\u00c9chantillon : Peinture anti-graffiti &#8211; Rev\u00eatement anti-graffiti &#8211; 7626 &#8211; \u00c9chantillon"},"content":{"rendered":"\n<p><a href=\"https:\/\/www.versiegelung24.com\/fr\/revetement-de-protection-anti-graffiti-scellage-de-facade-haute-efficace.html\">Vous trouverez ici des informations sur les produits<\/a><\/p>\n","protected":false},"excerpt":{"rendered":"<p style=\"box-sizing: border-box; margin: 0px 0px 5px; padding: 0px; color: #000000; font-family: Helvetica, HelveticaNeue, 'Helvetica Neue', Arial, sans-serif;\">\u2713 Facile \u00e0 utiliser : aucun m\u00e9lange, etc. requis<\/p>\n<p style=\"box-sizing: border-box; margin: 0px 0px 5px; padding: 0px; color: #000000; font-family: Helvetica, HelveticaNeue, 'Helvetica Neue', Arial, sans-serif;\">\u2713 Protection longue dur\u00e9e &amp; finition satin\u00e9e<\/p>\n<p style=\"box-sizing: border-box; margin: 0px 0px 5px; padding: 0px; color: #000000; font-family: Helvetica, HelveticaNeue, 'Helvetica Neue', Arial, sans-serif;\">\u2713 Couverture compl\u00e8te&nbsp;: pas d&#8217;ombre<\/p>\n<p style=\"box-sizing: border-box; margin: 0px 0px 5px; padding: 0px; color: #000000; font-family: Helvetica, HelveticaNeue, 'Helvetica Neue', Arial, sans-serif;\">\u2713 Apr\u00e8s la peinture, les graffitis peuvent \u00eatre facilement enlev\u00e9s avec de l&#8217;eau<\/p>\n<p style=\"box-sizing: border-box; margin: 0px 0px 5px; padding: 0px; color: #000000; font-family: Helvetica, HelveticaNeue, 'Helvetica Neue', Arial, sans-serif;\">\u2713 Sec au toucher apr\u00e8s 3-4 heures<\/p>\n","protected":false},"featured_media":14609,"template":"","meta":{"_acf_changed":false,"neve_meta_sidebar":"","neve_meta_container":"","neve_meta_enable_content_width":"","neve_meta_content_width":0,"neve_meta_title_alignment":"","neve_meta_author_avatar":"","neve_post_elements_order":"","neve_meta_disable_header":"","neve_meta_disable_footer":"","neve_meta_disable_title":"","neve_meta_reading_time":"","_surfaces":[],"_ver_product_tabs":[],"footnotes":""},"product_brand":[],"product_cat":[2647],"product_tag":[],"class_list":{"0":"post-175289","1":"product","2":"type-product","3":"status-publish","4":"has-post-thumbnail","6":"product_cat-modele","8":"first","9":"instock","10":"sold-individually","11":"taxable","12":"shipping-taxable","13":"purchasable","14":"product-type-simple"},"acf":[],"yoast_head":"<!-- This site is optimized with the Yoast SEO Premium plugin v22.8 (Yoast SEO v27.3) - https:\/\/yoast.com\/product\/yoast-seo-premium-wordpress\/ -->\n<title>\u00c9chantillon : Peinture anti-graffiti - Rev\u00eatement anti-graffiti - 7626 - \u00c9chantillon - versiegelung24.com<\/title>\n<meta name=\"robots\" content=\"index, follow, max-snippet:-1, max-image-preview:large, max-video-preview:-1\" \/>\n<link rel=\"canonical\" href=\"https:\/\/www.versiegelung24.com\/fr\/peinture-anti-graffiti-revetement-anti-graffiti-7626-modele.html\" \/>\n<meta property=\"og:locale\" content=\"fr_FR\" \/>\n<meta property=\"og:type\" content=\"article\" \/>\n<meta property=\"og:title\" content=\"\u00c9chantillon : Peinture anti-graffiti - Rev\u00eatement anti-graffiti - 7626 - \u00c9chantillon\" \/>\n<meta property=\"og:description\" content=\"\u2713 Facile \u00e0 utiliser : aucun m\u00e9lange, etc. requis \u2713 Protection longue dur\u00e9e &amp; finition satin\u00e9e \u2713 Couverture compl\u00e8te&nbsp;: pas d&#039;ombre \u2713 Apr\u00e8s la peinture, les graffitis peuvent \u00eatre facilement enlev\u00e9s avec de l&#039;eau \u2713 Sec au toucher apr\u00e8s 3-4 heures\" \/>\n<meta property=\"og:url\" content=\"https:\/\/www.versiegelung24.com\/fr\/peinture-anti-graffiti-revetement-anti-graffiti-7626-modele.html\" \/>\n<meta property=\"og:site_name\" content=\"versiegelung24.com\" \/>\n<meta property=\"article:modified_time\" content=\"2025-10-25T19:30:27+00:00\" \/>\n<meta property=\"og:image\" content=\"https:\/\/www.versiegelung24.com\/wp-content\/uploads\/2020\/04\/versiegelung-muster.png\" \/>\n\t<meta property=\"og:image:width\" content=\"1000\" \/>\n\t<meta property=\"og:image:height\" content=\"1000\" \/>\n\t<meta property=\"og:image:type\" content=\"image\/png\" \/>\n<meta name=\"twitter:card\" content=\"summary_large_image\" \/>\n<meta name=\"twitter:label1\" content=\"Prix\" \/>\n\t<meta name=\"twitter:data1\" content=\"9,99&euro;\" \/>\n\t<meta name=\"twitter:label2\" content=\"Disponibilit\u00e9\" \/>\n\t<meta name=\"twitter:data2\" content=\"En stock\" \/>\n<script type=\"application\/ld+json\" class=\"yoast-schema-graph\">{\"@context\":\"https:\\\/\\\/schema.org\",\"@graph\":[{\"@type\":\"WebPage\",\"@id\":\"https:\\\/\\\/www.versiegelung24.com\\\/fr\\\/peinture-anti-graffiti-revetement-anti-graffiti-7626-modele.html\",\"url\":\"https:\\\/\\\/www.versiegelung24.com\\\/fr\\\/peinture-anti-graffiti-revetement-anti-graffiti-7626-modele.html\",\"name\":\"\u00c9chantillon : Peinture anti-graffiti - Rev\u00eatement anti-graffiti - 7626 - \u00c9chantillon - versiegelung24.com\",\"isPartOf\":{\"@id\":\"https:\\\/\\\/www.versiegelung24.com\\\/fr\\\/#website\"},\"primaryImageOfPage\":{\"@id\":\"https:\\\/\\\/www.versiegelung24.com\\\/fr\\\/peinture-anti-graffiti-revetement-anti-graffiti-7626-modele.html#primaryimage\"},\"image\":{\"@id\":\"https:\\\/\\\/www.versiegelung24.com\\\/fr\\\/peinture-anti-graffiti-revetement-anti-graffiti-7626-modele.html#primaryimage\"},\"thumbnailUrl\":\"https:\\\/\\\/www.versiegelung24.com\\\/wp-content\\\/uploads\\\/2020\\\/04\\\/versiegelung-muster.png\",\"datePublished\":\"2024-09-24T05:29:11+00:00\",\"dateModified\":\"2025-10-25T19:30:27+00:00\",\"breadcrumb\":{\"@id\":\"https:\\\/\\\/www.versiegelung24.com\\\/fr\\\/peinture-anti-graffiti-revetement-anti-graffiti-7626-modele.html#breadcrumb\"},\"inLanguage\":\"fr-FR\",\"potentialAction\":[{\"@type\":\"ReadAction\",\"target\":[\"https:\\\/\\\/www.versiegelung24.com\\\/fr\\\/peinture-anti-graffiti-revetement-anti-graffiti-7626-modele.html\"]}]},{\"@type\":\"ImageObject\",\"inLanguage\":\"fr-FR\",\"@id\":\"https:\\\/\\\/www.versiegelung24.com\\\/fr\\\/peinture-anti-graffiti-revetement-anti-graffiti-7626-modele.html#primaryimage\",\"url\":\"https:\\\/\\\/www.versiegelung24.com\\\/wp-content\\\/uploads\\\/2020\\\/04\\\/versiegelung-muster.png\",\"contentUrl\":\"https:\\\/\\\/www.versiegelung24.com\\\/wp-content\\\/uploads\\\/2020\\\/04\\\/versiegelung-muster.png\",\"width\":1000,\"height\":1000},{\"@type\":\"BreadcrumbList\",\"@id\":\"https:\\\/\\\/www.versiegelung24.com\\\/fr\\\/peinture-anti-graffiti-revetement-anti-graffiti-7626-modele.html#breadcrumb\",\"itemListElement\":[{\"@type\":\"ListItem\",\"position\":1,\"name\":\"Page d'accueil\",\"item\":\"https:\\\/\\\/www.versiegelung24.com\\\/fr\\\/front\\\/\"},{\"@type\":\"ListItem\",\"position\":2,\"name\":\"Boutique\",\"item\":\"https:\\\/\\\/www.versiegelung24.com\\\/fr\\\/boutique-2\\\/\"},{\"@type\":\"ListItem\",\"position\":3,\"name\":\"\u00c9chantillon : Peinture anti-graffiti &#8211; Rev\u00eatement anti-graffiti &#8211; 7626 &#8211; \u00c9chantillon\"}]},{\"@type\":\"WebSite\",\"@id\":\"https:\\\/\\\/www.versiegelung24.com\\\/fr\\\/#website\",\"url\":\"https:\\\/\\\/www.versiegelung24.com\\\/fr\\\/\",\"name\":\"versiegelung24.com\",\"description\":\"Fl\u00fcssigglas-Versiegelung - Made in Germany\",\"publisher\":{\"@id\":\"https:\\\/\\\/www.versiegelung24.com\\\/fr\\\/#organization\"},\"potentialAction\":[{\"@type\":\"SearchAction\",\"target\":{\"@type\":\"EntryPoint\",\"urlTemplate\":\"https:\\\/\\\/www.versiegelung24.com\\\/fr\\\/?s={search_term_string}\"},\"query-input\":{\"@type\":\"PropertyValueSpecification\",\"valueRequired\":true,\"valueName\":\"search_term_string\"}}],\"inLanguage\":\"fr-FR\"},{\"@type\":\"Organization\",\"@id\":\"https:\\\/\\\/www.versiegelung24.com\\\/fr\\\/#organization\",\"name\":\"versiegelung24\",\"url\":\"https:\\\/\\\/www.versiegelung24.com\\\/fr\\\/\",\"logo\":{\"@type\":\"ImageObject\",\"inLanguage\":\"fr-FR\",\"@id\":\"https:\\\/\\\/www.versiegelung24.com\\\/fr\\\/#\\\/schema\\\/logo\\\/image\\\/\",\"url\":\"https:\\\/\\\/www.versiegelung24.com\\\/wp-content\\\/uploads\\\/2020\\\/04\\\/versiegelung24.png\",\"contentUrl\":\"https:\\\/\\\/www.versiegelung24.com\\\/wp-content\\\/uploads\\\/2020\\\/04\\\/versiegelung24.png\",\"width\":470,\"height\":102,\"caption\":\"versiegelung24\"},\"image\":{\"@id\":\"https:\\\/\\\/www.versiegelung24.com\\\/fr\\\/#\\\/schema\\\/logo\\\/image\\\/\"}}]}<\/script>\n<meta property=\"product:price:amount\" content=\"9.99\" \/>\n<meta property=\"product:price:currency\" content=\"EUR\" \/>\n<meta property=\"og:availability\" content=\"instock\" \/>\n<meta property=\"product:availability\" content=\"instock\" \/>\n<meta property=\"product:retailer_item_id\" content=\"7626-Muster\" \/>\n<meta property=\"product:condition\" content=\"new\" \/>\n<!-- \/ Yoast SEO Premium plugin. -->","yoast_head_json":{"title":"\u00c9chantillon : Peinture anti-graffiti - Rev\u00eatement anti-graffiti - 7626 - \u00c9chantillon - versiegelung24.com","robots":{"index":"index","follow":"follow","max-snippet":"max-snippet:-1","max-image-preview":"max-image-preview:large","max-video-preview":"max-video-preview:-1"},"canonical":"https:\/\/www.versiegelung24.com\/fr\/peinture-anti-graffiti-revetement-anti-graffiti-7626-modele.html","og_locale":"fr_FR","og_type":"article","og_title":"\u00c9chantillon : Peinture anti-graffiti - Rev\u00eatement anti-graffiti - 7626 - \u00c9chantillon","og_description":"\u2713 Facile \u00e0 utiliser : aucun m\u00e9lange, etc. requis \u2713 Protection longue dur\u00e9e &amp; finition satin\u00e9e \u2713 Couverture compl\u00e8te&nbsp;: pas d'ombre \u2713 Apr\u00e8s la peinture, les graffitis peuvent \u00eatre facilement enlev\u00e9s avec de l'eau \u2713 Sec au toucher apr\u00e8s 3-4 heures","og_url":"https:\/\/www.versiegelung24.com\/fr\/peinture-anti-graffiti-revetement-anti-graffiti-7626-modele.html","og_site_name":"versiegelung24.com","article_modified_time":"2025-10-25T19:30:27+00:00","og_image":[{"width":1000,"height":1000,"url":"https:\/\/www.versiegelung24.com\/wp-content\/uploads\/2020\/04\/versiegelung-muster.png","type":"image\/png"}],"twitter_card":"summary_large_image","twitter_misc":{"Prix":"9,99&euro;","Disponibilit\u00e9":"En stock"},"schema":{"@context":"https:\/\/schema.org","@graph":[{"@type":"WebPage","@id":"https:\/\/www.versiegelung24.com\/fr\/peinture-anti-graffiti-revetement-anti-graffiti-7626-modele.html","url":"https:\/\/www.versiegelung24.com\/fr\/peinture-anti-graffiti-revetement-anti-graffiti-7626-modele.html","name":"\u00c9chantillon : Peinture anti-graffiti - Rev\u00eatement anti-graffiti - 7626 - \u00c9chantillon - versiegelung24.com","isPartOf":{"@id":"https:\/\/www.versiegelung24.com\/fr\/#website"},"primaryImageOfPage":{"@id":"https:\/\/www.versiegelung24.com\/fr\/peinture-anti-graffiti-revetement-anti-graffiti-7626-modele.html#primaryimage"},"image":{"@id":"https:\/\/www.versiegelung24.com\/fr\/peinture-anti-graffiti-revetement-anti-graffiti-7626-modele.html#primaryimage"},"thumbnailUrl":"https:\/\/www.versiegelung24.com\/wp-content\/uploads\/2020\/04\/versiegelung-muster.png","datePublished":"2024-09-24T05:29:11+00:00","dateModified":"2025-10-25T19:30:27+00:00","breadcrumb":{"@id":"https:\/\/www.versiegelung24.com\/fr\/peinture-anti-graffiti-revetement-anti-graffiti-7626-modele.html#breadcrumb"},"inLanguage":"fr-FR","potentialAction":[{"@type":"ReadAction","target":["https:\/\/www.versiegelung24.com\/fr\/peinture-anti-graffiti-revetement-anti-graffiti-7626-modele.html"]}]},{"@type":"ImageObject","inLanguage":"fr-FR","@id":"https:\/\/www.versiegelung24.com\/fr\/peinture-anti-graffiti-revetement-anti-graffiti-7626-modele.html#primaryimage","url":"https:\/\/www.versiegelung24.com\/wp-content\/uploads\/2020\/04\/versiegelung-muster.png","contentUrl":"https:\/\/www.versiegelung24.com\/wp-content\/uploads\/2020\/04\/versiegelung-muster.png","width":1000,"height":1000},{"@type":"BreadcrumbList","@id":"https:\/\/www.versiegelung24.com\/fr\/peinture-anti-graffiti-revetement-anti-graffiti-7626-modele.html#breadcrumb","itemListElement":[{"@type":"ListItem","position":1,"name":"Page d'accueil","item":"https:\/\/www.versiegelung24.com\/fr\/front\/"},{"@type":"ListItem","position":2,"name":"Boutique","item":"https:\/\/www.versiegelung24.com\/fr\/boutique-2\/"},{"@type":"ListItem","position":3,"name":"\u00c9chantillon : Peinture anti-graffiti &#8211; Rev\u00eatement anti-graffiti &#8211; 7626 &#8211; \u00c9chantillon"}]},{"@type":"WebSite","@id":"https:\/\/www.versiegelung24.com\/fr\/#website","url":"https:\/\/www.versiegelung24.com\/fr\/","name":"versiegelung24.com","description":"Fl\u00fcssigglas-Versiegelung - Made in Germany","publisher":{"@id":"https:\/\/www.versiegelung24.com\/fr\/#organization"},"potentialAction":[{"@type":"SearchAction","target":{"@type":"EntryPoint","urlTemplate":"https:\/\/www.versiegelung24.com\/fr\/?s={search_term_string}"},"query-input":{"@type":"PropertyValueSpecification","valueRequired":true,"valueName":"search_term_string"}}],"inLanguage":"fr-FR"},{"@type":"Organization","@id":"https:\/\/www.versiegelung24.com\/fr\/#organization","name":"versiegelung24","url":"https:\/\/www.versiegelung24.com\/fr\/","logo":{"@type":"ImageObject","inLanguage":"fr-FR","@id":"https:\/\/www.versiegelung24.com\/fr\/#\/schema\/logo\/image\/","url":"https:\/\/www.versiegelung24.com\/wp-content\/uploads\/2020\/04\/versiegelung24.png","contentUrl":"https:\/\/www.versiegelung24.com\/wp-content\/uploads\/2020\/04\/versiegelung24.png","width":470,"height":102,"caption":"versiegelung24"},"image":{"@id":"https:\/\/www.versiegelung24.com\/fr\/#\/schema\/logo\/image\/"}}]},"product_price_amount":"9.99","product_price_currency":"EUR","og_availability":"instock","product_availability":"instock","product_retailer_item_id":"7626-Muster","product_condition":"new"},"_links":{"self":[{"href":"https:\/\/www.versiegelung24.com\/fr\/wp-json\/wp\/v2\/product\/175289","targetHints":{"allow":["GET"]}}],"collection":[{"href":"https:\/\/www.versiegelung24.com\/fr\/wp-json\/wp\/v2\/product"}],"about":[{"href":"https:\/\/www.versiegelung24.com\/fr\/wp-json\/wp\/v2\/types\/product"}],"version-history":[{"count":1,"href":"https:\/\/www.versiegelung24.com\/fr\/wp-json\/wp\/v2\/product\/175289\/revisions"}],"predecessor-version":[{"id":175294,"href":"https:\/\/www.versiegelung24.com\/fr\/wp-json\/wp\/v2\/product\/175289\/revisions\/175294"}],"wp:featuredmedia":[{"embeddable":true,"href":"https:\/\/www.versiegelung24.com\/fr\/wp-json\/wp\/v2\/media\/14609"}],"wp:attachment":[{"href":"https:\/\/www.versiegelung24.com\/fr\/wp-json\/wp\/v2\/media?parent=175289"}],"wp:term":[{"taxonomy":"product_brand","embeddable":true,"href":"https:\/\/www.versiegelung24.com\/fr\/wp-json\/wp\/v2\/product_brand?post=175289"},{"taxonomy":"product_cat","embeddable":true,"href":"https:\/\/www.versiegelung24.com\/fr\/wp-json\/wp\/v2\/product_cat?post=175289"},{"taxonomy":"product_tag","embeddable":true,"href":"https:\/\/www.versiegelung24.com\/fr\/wp-json\/wp\/v2\/product_tag?post=175289"}],"curies":[{"name":"wp","href":"https:\/\/api.w.org\/{rel}","templated":true}]}}