{"id":181838,"date":"2025-07-31T12:51:03","date_gmt":"2025-07-31T10:51:09","guid":{"rendered":"https:\/\/www.versiegelung24.com\/?post_type=product&#038;p=181838"},"modified":"2025-09-05T13:36:18","modified_gmt":"2025-09-05T11:36:18","slug":"holzimpragnierung-silanbasis","status":"publish","type":"product","link":"https:\/\/www.versiegelung24.com\/fr\/holzimpragnierung-silanbasis.html","title":{"rendered":"Impr\u00e9gnation du bois &#8211; Protection naturelle du bois \u00e0 base de silane"},"content":{"rendered":"\n<h2 class=\"wp-block-heading\" id=\"h-holzschutz-naturimpragnierung-auf-silanbasis-wasserbasierend\"><strong>Protection du bois : impr\u00e9gnation naturelle \u00e0 base de silane (\u00e0 base d&#8217;eau)<\/strong><\/h2>\n\n<p>Fabriqu\u00e9 en Allemagne de haute qualit\u00e9.<\/p>\n\n<hr\/>\n\n<div class=\"wp-block-columns is-layout-flex wp-container-core-columns-is-layout-9d6595d7 wp-block-columns-is-layout-flex\">\n<div class=\"wp-block-column is-layout-flow wp-block-column-is-layout-flow\">\n<p>Notre impr\u00e9gnation pour bois est un syst\u00e8me d&#8217;impr\u00e9gnation pr\u00eat \u00e0 l&#8217;emploi \u00e0 base de silane. Il stabilise la lignine et prot\u00e8ge ainsi le bois de mani\u00e8re significative contre le grisonnement. Ses propri\u00e9t\u00e9s hydrophobes emp\u00eachent l&#8217;humidit\u00e9 et la salet\u00e9 ind\u00e9sirables de p\u00e9n\u00e9trer dans le bois.  <\/p>\n\n\n\n<p><strong>Convient pour :<\/strong> Bois, passerelles, abris de voiture, rebords de fen\u00eatre, abris de jardin, meubles de jardin, bois de construction, fa\u00e7ades, pots de plantes, terrasses, cl\u00f4tures, etc.<\/p>\n<\/div>\n\n\n\n<div class=\"wp-block-column is-layout-flow wp-block-column-is-layout-flow\">\n<figure class=\"wp-block-image size-large\"><img fetchpriority=\"high\" decoding=\"async\" width=\"1300\" height=\"851\" src=\"https:\/\/www.versiegelung24.com\/wp-content\/uploads\/2025\/07\/image-1300x851.png\" alt=\"\" class=\"wp-image-181965\" srcset=\"https:\/\/www.versiegelung24.com\/wp-content\/uploads\/2025\/07\/image-1300x851.png 1300w, https:\/\/www.versiegelung24.com\/wp-content\/uploads\/2025\/07\/image-300x196.png 300w, https:\/\/www.versiegelung24.com\/wp-content\/uploads\/2025\/07\/image-768x503.png 768w, https:\/\/www.versiegelung24.com\/wp-content\/uploads\/2025\/07\/image-1536x1006.png 1536w, https:\/\/www.versiegelung24.com\/wp-content\/uploads\/2025\/07\/image-600x393.png 600w, https:\/\/www.versiegelung24.com\/wp-content\/uploads\/2025\/07\/image.png 1784w\" sizes=\"(max-width: 1300px) 100vw, 1300px\" \/><\/figure>\n<\/div>\n<\/div>\n\n<h4 class=\"wp-block-heading\" id=\"properties\">Caract\u00e9ristiques du produit<\/h4>\n\n<div class=\"wp-block-columns is-layout-flex wp-container-core-columns-is-layout-9d6595d7 wp-block-columns-is-layout-flex\">\n<div class=\"wp-block-column is-layout-flow wp-block-column-is-layout-flow\">\n<ul class=\"wp-block-list\">\n<li><strong>R\u00e9sistance \u00e0 la d\u00e9coloration<\/strong> &#8211; Protection transparente pour pr\u00e9server la couleur du bois  <\/li>\n\n\n\n<li><strong>Exempt de produits p\u00e9troliers<\/strong> &#8211; Formulation respectueuse de l&#8217;environnement  <\/li>\n\n\n\n<li><strong>Appr\u00eat et protection en une seule \u00e9tape<\/strong> &#8211; Application facile  <\/li>\n\n\n\n<li><strong>S\u00e9chage tr\u00e8s rapide<\/strong> &#8211; Gain de temps  <\/li>\n\n\n\n<li><strong>Durabilit\u00e9<\/strong> &#8211; 2 \u00e0 5 ans (beaucoup plus longtemps en cas d&#8217;utilisation en int\u00e9rieur)<\/li>\n\n\n\n<li>La <strong>protection de la lignine<\/strong> <strong>retarde<\/strong> significativement le <strong>processus de grisonnement<\/strong> de <strong>plusieurs mois.<\/strong><\/li>\n<\/ul>\n<\/div>\n\n\n\n<div class=\"wp-block-column is-layout-flow wp-block-column-is-layout-flow\">\n<ul class=\"wp-block-list\">\n<li><strong>Sans PFAS, PFOA ni PFOS<\/strong><\/li>\n\n\n\n<li><strong>Prot\u00e8ge contre le grisonnement d\u00fb \u00e0 la lumi\u00e8re du soleil<\/strong> &#8211; protection contre les UV  <\/li>\n\n\n\n<li><strong>R\u00e9sistant \u00e0 l&#8217;eau et aux taches<\/strong> &#8211; Propri\u00e9t\u00e9s hydrophobes  <\/li>\n\n\n\n<li><strong>Emp\u00eache la croissance des algues, mousses et lichens<\/strong> &#8211; Protection longue dur\u00e9e  <\/li>\n\n\n\n<li><strong>Consommation : 1 litre suffit pour environ 30 \u00e0 40 m\u00b2<\/strong> (selon le support).<\/li>\n\n\n\n<li>L&#8217;application est <strong>pr\u00e9f\u00e9r\u00e9e pour les<\/strong> surfaces <strong>verticales<\/strong> en bois au-dessus (cl\u00f4tures en bois, &#8230; ) et en dessous du gazon (poteaux en bois).<\/li>\n<\/ul>\n<\/div>\n<\/div>\n\n<p>Contenu de la livraison : 1 x bouteille d&#8217;un litre, 1 x t\u00eate de spray \u00e0 pompe<br\/><\/p>\n\n<hr\/>\n\n<h4 class=\"wp-block-heading\" id=\"application\">Application<\/h4>\n\n<div class=\"wp-block-columns is-layout-flex wp-container-core-columns-is-layout-9d6595d7 wp-block-columns-is-layout-flex\">\n<div class=\"wp-block-column is-layout-flow wp-block-column-is-layout-flow\">\n<p><strong>Pr\u00e9paration :<\/strong><\/p>\n\n\n\n<ul class=\"wp-block-list\">\n<li>Secouez vigoureusement pendant 1 minute avant utilisation.<\/li>\n\n\n\n<li>Les surfaces \u00e0 traiter doivent \u00eatre propres, bien s\u00e8ches, exemptes de poussi\u00e8re et ne doivent pas avoir \u00e9t\u00e9 pr\u00e9trait\u00e9es avec d&#8217;autres rev\u00eatements.<\/li>\n\n\n\n<li>Les contaminations par des peintures, des graisses, des huiles ou de la v\u00e9g\u00e9tation organique (algues, lichens, mousses) doivent \u00eatre \u00e9limin\u00e9es au pr\u00e9alable.<\/li>\n<\/ul>\n\n\n\n<p><strong>Application :<\/strong><\/p>\n\n\n\n<ul class=\"wp-block-list\">\n<li><strong>M\u00e9thode recommand\u00e9e :<\/strong> Le produit doit \u00eatre pulv\u00e9ris\u00e9 de pr\u00e9f\u00e9rence \u00e0 l&#8217;aide d&#8217;un pulv\u00e9risateur\/pompe \u00e0 basse pression.<\/li>\n\n\n\n<li>Ajustez la distance \u00e0 la surface en fonction de la puissance de votre pulv\u00e9risateur.<\/li>\n\n\n\n<li>La surface doit donner une impression uniforme, humide et mouill\u00e9e.<\/li>\n\n\n\n<li><strong>Alternative :<\/strong> l&#8217;application au pinceau\/rouleau est possible, mais doit \u00eatre test\u00e9e au pr\u00e9alable sur une petite surface. \u00c9vitez la formation de flaques ! <\/li>\n<\/ul>\n\n\n\n<p><strong>traitement :<\/strong><\/p>\n\n\n\n<ul class=\"wp-block-list\">\n<li>Vaporiser au moins deux fois sur la surface \u00e0 traiter afin d&#8217;obtenir une couverture optimale.<\/li>\n\n\n\n<li>En fonction de l&#8217;absorption du support et des exigences, cette op\u00e9ration peut \u00eatre r\u00e9p\u00e9t\u00e9e apr\u00e8s le s\u00e9chage de la premi\u00e8re couche.<\/li>\n\n\n\n<li>Si trop de produit a \u00e9t\u00e9 appliqu\u00e9 sur une surface, il peut \u00eatre retir\u00e9 avec un chiffon humide tant qu&#8217;il est encore mouill\u00e9.<\/li>\n\n\n\n<li>Les outils utilis\u00e9s doivent \u00eatre nettoy\u00e9s \u00e0 grande eau apr\u00e8s utilisation.<\/li>\n<\/ul>\n\n\n\n<p><strong>Temps de s\u00e9chage :<\/strong><\/p>\n\n\n\n<ul class=\"wp-block-list\">\n<li>Laissez agir le produit pendant au moins 30 minutes.<\/li>\n\n\n\n<li>Le temps de durcissement complet est d&#8217;environ 6 \u00e0 12 heures.<\/li>\n\n\n\n<li>Pendant cette p\u00e9riode, la surface doit rester s\u00e8che et ne pas \u00eatre sollicit\u00e9e.<\/li>\n<\/ul>\n\n\n\n<p><strong>Entretien et nettoyage de la surface impr\u00e9gn\u00e9e :<\/strong><\/p>\n\n\n\n<ul class=\"wp-block-list\">\n<li>Nettoyez les surfaces uniquement avec de l&#8217;eau ou un bio-nettoyant l\u00e9ger, par exemple notre <a href=\"https:\/\/www.versiegelung24.com\/fr\/biosativa-pre-nettoyant-biologique.html\">bio-nettoyant BIOSATIVA\u00ae &#8211; 100% naturel &#8211; 100% biologique<\/a>.<\/li>\n\n\n\n<li>Les produits de nettoyage agressifs (nettoyants chimiques, \u00e9ponges abrasives et autres) ne sont pas n\u00e9cessaires et entra\u00eeneraient une d\u00e9gradation de la fonction de protection.<\/li>\n\n\n\n<li>Un nettoyage et un entretien doux et r\u00e9guliers permettent de prolonger la dur\u00e9e de vie et de conserver un bel aspect pendant longtemps.<\/li>\n<\/ul>\n\n\n\n<p><strong>Stockage :<\/strong><\/p>\n\n\n\n<ul class=\"wp-block-list\">\n<li>Conserver au sec et \u00e0 l&#8217;abri du gel entre 5 et 25\u00b0C.<\/li>\n\n\n\n<li>Dans son r\u00e9cipient d&#8217;origine non ouvert, se conserve au moins 24 mois s&#8217;il est stock\u00e9 correctement.<\/li>\n<\/ul>\n<\/div>\n<\/div>\n\n<h2 class=\"wp-block-heading\" id=\"h-galerie\">Galerie<\/h2>\n\n<div class=\"wp-block-getwid-images-slider gallery-wood has-arrows-inside has-dots-inside has-images-center has-fitted-images has-fixed-height\"><div class=\"wp-block-getwid-images-slider__wrapper\" data-effect=\"slide\" data-slides-show=\"1\" data-slides-show-laptop=\"1\" data-slides-show-tablet=\"1\" data-slides-show-mobile=\"1\" data-slides-scroll=\"1\" data-autoplay=\"true\" data-pause-hover=\"true\" data-autoplay-speed=\"3000\" data-infinite=\"true\" data-animation-speed=\"800\" data-center-mode=\"false\" data-variable-width=\"false\" data-arrows=\"inside\" data-dots=\"inside\" data-spacing=\"none\"><div class=\"wp-block-getwid-images-slider__item\" style=\"height:500px\"><figure><img decoding=\"async\" width=\"1634\" height=\"1620\" src=\"https:\/\/www.versiegelung24.com\/wp-content\/uploads\/2025\/07\/Holzimpraegnierung-pfloecke.png\" data-id=\"181994\" data-link=\"https:\/\/www.versiegelung24.com\/holzversiegelung-in-profi-qualitaet-kopie.html\/attachment\/holzimpraegnierung-pfloecke\/\" data-original-link=\"https:\/\/www.versiegelung24.com\/wp-content\/uploads\/2025\/07\/Holzimpraegnierung-pfloecke.png\" class=\"wp-block-getwid-images-slider__image wp-image-181994\" srcset=\"https:\/\/www.versiegelung24.com\/wp-content\/uploads\/2025\/07\/Holzimpraegnierung-pfloecke.png 1634w, https:\/\/www.versiegelung24.com\/wp-content\/uploads\/2025\/07\/Holzimpraegnierung-pfloecke-300x297.png 300w, https:\/\/www.versiegelung24.com\/wp-content\/uploads\/2025\/07\/Holzimpraegnierung-pfloecke-1300x1289.png 1300w, https:\/\/www.versiegelung24.com\/wp-content\/uploads\/2025\/07\/Holzimpraegnierung-pfloecke-80x80.png 80w, https:\/\/www.versiegelung24.com\/wp-content\/uploads\/2025\/07\/Holzimpraegnierung-pfloecke-768x761.png 768w, https:\/\/www.versiegelung24.com\/wp-content\/uploads\/2025\/07\/Holzimpraegnierung-pfloecke-1536x1523.png 1536w, https:\/\/www.versiegelung24.com\/wp-content\/uploads\/2025\/07\/Holzimpraegnierung-pfloecke-70x70.png 70w, https:\/\/www.versiegelung24.com\/wp-content\/uploads\/2025\/07\/Holzimpraegnierung-pfloecke-600x595.png 600w, https:\/\/www.versiegelung24.com\/wp-content\/uploads\/2025\/07\/Holzimpraegnierung-pfloecke-100x100.png 100w\" sizes=\"(max-width: 1634px) 100vw, 1634px\" \/><\/figure><\/div><div class=\"wp-block-getwid-images-slider__item\" style=\"height:500px\"><figure><img decoding=\"async\" width=\"1726\" height=\"1252\" src=\"https:\/\/www.versiegelung24.com\/wp-content\/uploads\/2025\/07\/Holzimpraegnierung-bank.png\" data-id=\"182022\" data-link=\"https:\/\/www.versiegelung24.com\/holzversiegelung-in-profi-qualitaet-kopie.html\/attachment\/holzimpraegnierung-bank\/\" data-original-link=\"https:\/\/www.versiegelung24.com\/wp-content\/uploads\/2025\/07\/Holzimpraegnierung-bank.png\" class=\"wp-block-getwid-images-slider__image wp-image-182022\" srcset=\"https:\/\/www.versiegelung24.com\/wp-content\/uploads\/2025\/07\/Holzimpraegnierung-bank.png 1726w, https:\/\/www.versiegelung24.com\/wp-content\/uploads\/2025\/07\/Holzimpraegnierung-bank-300x218.png 300w, https:\/\/www.versiegelung24.com\/wp-content\/uploads\/2025\/07\/Holzimpraegnierung-bank-1300x943.png 1300w, https:\/\/www.versiegelung24.com\/wp-content\/uploads\/2025\/07\/Holzimpraegnierung-bank-768x557.png 768w, https:\/\/www.versiegelung24.com\/wp-content\/uploads\/2025\/07\/Holzimpraegnierung-bank-1536x1114.png 1536w, https:\/\/www.versiegelung24.com\/wp-content\/uploads\/2025\/07\/Holzimpraegnierung-bank-600x435.png 600w\" sizes=\"(max-width: 1726px) 100vw, 1726px\" \/><\/figure><\/div><div class=\"wp-block-getwid-images-slider__item\" style=\"height:500px\"><figure><img loading=\"lazy\" decoding=\"async\" width=\"1982\" height=\"1274\" src=\"https:\/\/www.versiegelung24.com\/wp-content\/uploads\/2025\/07\/Holzimpraegnierung-eigenschaften.png\" data-id=\"182050\" data-link=\"https:\/\/www.versiegelung24.com\/holzversiegelung-in-profi-qualitaet-kopie.html\/attachment\/holzimpraegnierung-eigenschaften\/\" data-original-link=\"https:\/\/www.versiegelung24.com\/wp-content\/uploads\/2025\/07\/Holzimpraegnierung-eigenschaften.png\" class=\"wp-block-getwid-images-slider__image wp-image-182050\" srcset=\"https:\/\/www.versiegelung24.com\/wp-content\/uploads\/2025\/07\/Holzimpraegnierung-eigenschaften.png 1982w, https:\/\/www.versiegelung24.com\/wp-content\/uploads\/2025\/07\/Holzimpraegnierung-eigenschaften-300x193.png 300w, https:\/\/www.versiegelung24.com\/wp-content\/uploads\/2025\/07\/Holzimpraegnierung-eigenschaften-1300x836.png 1300w, https:\/\/www.versiegelung24.com\/wp-content\/uploads\/2025\/07\/Holzimpraegnierung-eigenschaften-768x494.png 768w, https:\/\/www.versiegelung24.com\/wp-content\/uploads\/2025\/07\/Holzimpraegnierung-eigenschaften-1536x987.png 1536w, https:\/\/www.versiegelung24.com\/wp-content\/uploads\/2025\/07\/Holzimpraegnierung-eigenschaften-600x386.png 600w\" sizes=\"(max-width: 1982px) 100vw, 1982px\" \/><\/figure><\/div><\/div><\/div>\n\n<p><\/p>\n","protected":false},"excerpt":{"rendered":"<p><strong>Scellement tr\u00e8s efficace pour les surfaces en bois \u00e0 l&#8217;int\u00e9rieur et \u00e0 l&#8217;ext\u00e9rieur<\/strong><\/p>\n<p>\u2713 Couleur r\u00e9sistante &amp; protection contre le grisonnement<\/p>\n<p>\u2713 Hydrofuge et anti-salissures<\/p>\n<p>\u2713 Appr\u00eat et protection en une seule \u00e9tape<\/p>\n<p>\u2713 Sans PFAS, PFOA et PFOS<\/p>\n<p>&nbsp;<\/p>\n","protected":false},"featured_media":183265,"template":"","meta":{"_acf_changed":false,"neve_meta_sidebar":"","neve_meta_container":"","neve_meta_enable_content_width":"","neve_meta_content_width":0,"neve_meta_title_alignment":"","neve_meta_author_avatar":"","neve_post_elements_order":"","neve_meta_disable_header":"","neve_meta_disable_footer":"","neve_meta_disable_title":"","neve_meta_reading_time":"","_surfaces":[],"_ver_product_tabs":null,"footnotes":""},"product_brand":[],"product_cat":[2292],"product_tag":[],"class_list":{"0":"post-181838","1":"product","2":"type-product","3":"status-publish","4":"has-post-thumbnail","6":"product_cat-scellement-du-bois","7":"pa_gebinde-bidon-20l","8":"pa_gebinde-bidon-de-10-l","9":"pa_gebinde-kit-promotionnel-avec-flacon-de-100-ml","10":"pa_gebinde-flacon-de-50-ml","11":"pa_gebinde-kit-promotionnel-avec-flacon-de-50-ml","12":"pa_gebinde-flacon-de-100-ml","13":"pa_gebinde-flacon-de-150-ml","14":"pa_gebinde-flacon-de-500-ml","15":"pa_gebinde-bouteille-de-200-ml","16":"pa_gebinde-bouteille-de-1000-ml","17":"pa_gebinde-bidon-de-5-l","18":"pa_gebinde-flacon-de-10-ml","19":"pa_gebinde-flacon-de-5-ml","20":"pa_gebinde-flacon-vaporisateur-125-ml","21":"pa_gebinde-flacon-de-recharge-de-1000-ml","23":"first","24":"instock","25":"taxable","26":"shipping-taxable","27":"purchasable","28":"product-type-variable","29":"has-default-attributes"},"acf":[],"yoast_head":"<!-- This site is optimized with the Yoast SEO Premium plugin v22.8 (Yoast SEO v27.5) - https:\/\/yoast.com\/product\/yoast-seo-premium-wordpress\/ -->\n<title>Impr\u00e9gnation du bois - Protection naturelle du bois \u00e0 base de silane - versiegelung24.com<\/title>\n<meta name=\"robots\" content=\"index, follow, max-snippet:-1, max-image-preview:large, max-video-preview:-1\" \/>\n<link rel=\"canonical\" href=\"https:\/\/www.versiegelung24.com\/fr\/holzimpragnierung-silanbasis.html\" \/>\n<meta property=\"og:locale\" content=\"fr_FR\" \/>\n<meta property=\"og:type\" content=\"article\" \/>\n<meta property=\"og:title\" content=\"Impr\u00e9gnation du bois - Protection naturelle du bois \u00e0 base de silane\" \/>\n<meta property=\"og:description\" content=\"Scellement tr\u00e8s efficace pour les surfaces en bois \u00e0 l&#039;int\u00e9rieur et \u00e0 l&#039;ext\u00e9rieur \u2713 Couleur r\u00e9sistante &amp; protection contre le grisonnement \u2713 Hydrofuge et anti-salissures \u2713 Appr\u00eat et protection en une seule \u00e9tape \u2713 Sans PFAS, PFOA et PFOS &nbsp;\" \/>\n<meta property=\"og:url\" content=\"https:\/\/www.versiegelung24.com\/fr\/holzimpragnierung-silanbasis.html\" \/>\n<meta property=\"og:site_name\" content=\"versiegelung24.com\" \/>\n<meta property=\"article:modified_time\" content=\"2025-09-05T11:36:18+00:00\" \/>\n<meta property=\"og:image\" content=\"https:\/\/www.versiegelung24.com\/wp-content\/uploads\/2025\/07\/V24-Holzimpraegnierung-4008-693.jpg\" \/>\n\t<meta property=\"og:image:width\" content=\"2560\" \/>\n\t<meta property=\"og:image:height\" content=\"2560\" \/>\n\t<meta property=\"og:image:type\" content=\"image\/jpeg\" \/>\n<meta name=\"twitter:card\" content=\"summary_large_image\" \/>\n<meta name=\"twitter:label1\" content=\"Disponibilit\u00e9\" \/>\n\t<meta name=\"twitter:data1\" content=\"En stock\" \/>\n<script type=\"application\/ld+json\" class=\"yoast-schema-graph\">{\"@context\":\"https:\\\/\\\/schema.org\",\"@graph\":[{\"@type\":\"WebPage\",\"@id\":\"https:\\\/\\\/www.versiegelung24.com\\\/fr\\\/holzimpragnierung-silanbasis.html\",\"url\":\"https:\\\/\\\/www.versiegelung24.com\\\/fr\\\/holzimpragnierung-silanbasis.html\",\"name\":\"Impr\u00e9gnation du bois - Protection naturelle du bois \u00e0 base de silane - versiegelung24.com\",\"isPartOf\":{\"@id\":\"https:\\\/\\\/www.versiegelung24.com\\\/fr\\\/#website\"},\"primaryImageOfPage\":{\"@id\":\"https:\\\/\\\/www.versiegelung24.com\\\/fr\\\/holzimpragnierung-silanbasis.html#primaryimage\"},\"image\":{\"@id\":\"https:\\\/\\\/www.versiegelung24.com\\\/fr\\\/holzimpragnierung-silanbasis.html#primaryimage\"},\"thumbnailUrl\":\"https:\\\/\\\/www.versiegelung24.com\\\/wp-content\\\/uploads\\\/2025\\\/07\\\/V24-Holzimpraegnierung-4008-693.jpg\",\"datePublished\":\"2025-07-31T10:51:09+00:00\",\"dateModified\":\"2025-09-05T11:36:18+00:00\",\"breadcrumb\":{\"@id\":\"https:\\\/\\\/www.versiegelung24.com\\\/fr\\\/holzimpragnierung-silanbasis.html#breadcrumb\"},\"inLanguage\":\"fr-FR\",\"potentialAction\":[{\"@type\":\"ReadAction\",\"target\":[\"https:\\\/\\\/www.versiegelung24.com\\\/fr\\\/holzimpragnierung-silanbasis.html\"]}]},{\"@type\":\"ImageObject\",\"inLanguage\":\"fr-FR\",\"@id\":\"https:\\\/\\\/www.versiegelung24.com\\\/fr\\\/holzimpragnierung-silanbasis.html#primaryimage\",\"url\":\"https:\\\/\\\/www.versiegelung24.com\\\/wp-content\\\/uploads\\\/2025\\\/07\\\/V24-Holzimpraegnierung-4008-693.jpg\",\"contentUrl\":\"https:\\\/\\\/www.versiegelung24.com\\\/wp-content\\\/uploads\\\/2025\\\/07\\\/V24-Holzimpraegnierung-4008-693.jpg\",\"width\":2560,\"height\":2560},{\"@type\":\"BreadcrumbList\",\"@id\":\"https:\\\/\\\/www.versiegelung24.com\\\/fr\\\/holzimpragnierung-silanbasis.html#breadcrumb\",\"itemListElement\":[{\"@type\":\"ListItem\",\"position\":1,\"name\":\"Page d'accueil\",\"item\":\"https:\\\/\\\/www.versiegelung24.com\\\/fr\\\/front\\\/\"},{\"@type\":\"ListItem\",\"position\":2,\"name\":\"Boutique\",\"item\":\"https:\\\/\\\/www.versiegelung24.com\\\/fr\\\/boutique-2\\\/\"},{\"@type\":\"ListItem\",\"position\":3,\"name\":\"Impr\u00e9gnation du bois &#8211; Protection naturelle du bois \u00e0 base de silane\"}]},{\"@type\":\"WebSite\",\"@id\":\"https:\\\/\\\/www.versiegelung24.com\\\/fr\\\/#website\",\"url\":\"https:\\\/\\\/www.versiegelung24.com\\\/fr\\\/\",\"name\":\"versiegelung24.com\",\"description\":\"Fl\u00fcssigglas-Versiegelung - Made in Germany\",\"publisher\":{\"@id\":\"https:\\\/\\\/www.versiegelung24.com\\\/fr\\\/#organization\"},\"potentialAction\":[{\"@type\":\"SearchAction\",\"target\":{\"@type\":\"EntryPoint\",\"urlTemplate\":\"https:\\\/\\\/www.versiegelung24.com\\\/fr\\\/?s={search_term_string}\"},\"query-input\":{\"@type\":\"PropertyValueSpecification\",\"valueRequired\":true,\"valueName\":\"search_term_string\"}}],\"inLanguage\":\"fr-FR\"},{\"@type\":\"Organization\",\"@id\":\"https:\\\/\\\/www.versiegelung24.com\\\/fr\\\/#organization\",\"name\":\"versiegelung24\",\"url\":\"https:\\\/\\\/www.versiegelung24.com\\\/fr\\\/\",\"logo\":{\"@type\":\"ImageObject\",\"inLanguage\":\"fr-FR\",\"@id\":\"https:\\\/\\\/www.versiegelung24.com\\\/fr\\\/#\\\/schema\\\/logo\\\/image\\\/\",\"url\":\"https:\\\/\\\/www.versiegelung24.com\\\/wp-content\\\/uploads\\\/2020\\\/04\\\/versiegelung24.png\",\"contentUrl\":\"https:\\\/\\\/www.versiegelung24.com\\\/wp-content\\\/uploads\\\/2020\\\/04\\\/versiegelung24.png\",\"width\":470,\"height\":102,\"caption\":\"versiegelung24\"},\"image\":{\"@id\":\"https:\\\/\\\/www.versiegelung24.com\\\/fr\\\/#\\\/schema\\\/logo\\\/image\\\/\"}}]}<\/script>\n<meta property=\"og:availability\" content=\"instock\" \/>\n<meta property=\"product:availability\" content=\"instock\" \/>\n<meta property=\"product:retailer_item_id\" content=\"4008-693\" \/>\n<meta property=\"product:condition\" content=\"new\" \/>\n<!-- \/ Yoast SEO Premium plugin. -->","yoast_head_json":{"title":"Impr\u00e9gnation du bois - Protection naturelle du bois \u00e0 base de silane - versiegelung24.com","robots":{"index":"index","follow":"follow","max-snippet":"max-snippet:-1","max-image-preview":"max-image-preview:large","max-video-preview":"max-video-preview:-1"},"canonical":"https:\/\/www.versiegelung24.com\/fr\/holzimpragnierung-silanbasis.html","og_locale":"fr_FR","og_type":"article","og_title":"Impr\u00e9gnation du bois - Protection naturelle du bois \u00e0 base de silane","og_description":"Scellement tr\u00e8s efficace pour les surfaces en bois \u00e0 l'int\u00e9rieur et \u00e0 l'ext\u00e9rieur \u2713 Couleur r\u00e9sistante &amp; protection contre le grisonnement \u2713 Hydrofuge et anti-salissures \u2713 Appr\u00eat et protection en une seule \u00e9tape \u2713 Sans PFAS, PFOA et PFOS &nbsp;","og_url":"https:\/\/www.versiegelung24.com\/fr\/holzimpragnierung-silanbasis.html","og_site_name":"versiegelung24.com","article_modified_time":"2025-09-05T11:36:18+00:00","og_image":[{"width":2560,"height":2560,"url":"https:\/\/www.versiegelung24.com\/wp-content\/uploads\/2025\/07\/V24-Holzimpraegnierung-4008-693.jpg","type":"image\/jpeg"}],"twitter_card":"summary_large_image","twitter_misc":{"Disponibilit\u00e9":"En stock"},"schema":{"@context":"https:\/\/schema.org","@graph":[{"@type":"WebPage","@id":"https:\/\/www.versiegelung24.com\/fr\/holzimpragnierung-silanbasis.html","url":"https:\/\/www.versiegelung24.com\/fr\/holzimpragnierung-silanbasis.html","name":"Impr\u00e9gnation du bois - Protection naturelle du bois \u00e0 base de silane - versiegelung24.com","isPartOf":{"@id":"https:\/\/www.versiegelung24.com\/fr\/#website"},"primaryImageOfPage":{"@id":"https:\/\/www.versiegelung24.com\/fr\/holzimpragnierung-silanbasis.html#primaryimage"},"image":{"@id":"https:\/\/www.versiegelung24.com\/fr\/holzimpragnierung-silanbasis.html#primaryimage"},"thumbnailUrl":"https:\/\/www.versiegelung24.com\/wp-content\/uploads\/2025\/07\/V24-Holzimpraegnierung-4008-693.jpg","datePublished":"2025-07-31T10:51:09+00:00","dateModified":"2025-09-05T11:36:18+00:00","breadcrumb":{"@id":"https:\/\/www.versiegelung24.com\/fr\/holzimpragnierung-silanbasis.html#breadcrumb"},"inLanguage":"fr-FR","potentialAction":[{"@type":"ReadAction","target":["https:\/\/www.versiegelung24.com\/fr\/holzimpragnierung-silanbasis.html"]}]},{"@type":"ImageObject","inLanguage":"fr-FR","@id":"https:\/\/www.versiegelung24.com\/fr\/holzimpragnierung-silanbasis.html#primaryimage","url":"https:\/\/www.versiegelung24.com\/wp-content\/uploads\/2025\/07\/V24-Holzimpraegnierung-4008-693.jpg","contentUrl":"https:\/\/www.versiegelung24.com\/wp-content\/uploads\/2025\/07\/V24-Holzimpraegnierung-4008-693.jpg","width":2560,"height":2560},{"@type":"BreadcrumbList","@id":"https:\/\/www.versiegelung24.com\/fr\/holzimpragnierung-silanbasis.html#breadcrumb","itemListElement":[{"@type":"ListItem","position":1,"name":"Page d'accueil","item":"https:\/\/www.versiegelung24.com\/fr\/front\/"},{"@type":"ListItem","position":2,"name":"Boutique","item":"https:\/\/www.versiegelung24.com\/fr\/boutique-2\/"},{"@type":"ListItem","position":3,"name":"Impr\u00e9gnation du bois &#8211; Protection naturelle du bois \u00e0 base de silane"}]},{"@type":"WebSite","@id":"https:\/\/www.versiegelung24.com\/fr\/#website","url":"https:\/\/www.versiegelung24.com\/fr\/","name":"versiegelung24.com","description":"Fl\u00fcssigglas-Versiegelung - Made in Germany","publisher":{"@id":"https:\/\/www.versiegelung24.com\/fr\/#organization"},"potentialAction":[{"@type":"SearchAction","target":{"@type":"EntryPoint","urlTemplate":"https:\/\/www.versiegelung24.com\/fr\/?s={search_term_string}"},"query-input":{"@type":"PropertyValueSpecification","valueRequired":true,"valueName":"search_term_string"}}],"inLanguage":"fr-FR"},{"@type":"Organization","@id":"https:\/\/www.versiegelung24.com\/fr\/#organization","name":"versiegelung24","url":"https:\/\/www.versiegelung24.com\/fr\/","logo":{"@type":"ImageObject","inLanguage":"fr-FR","@id":"https:\/\/www.versiegelung24.com\/fr\/#\/schema\/logo\/image\/","url":"https:\/\/www.versiegelung24.com\/wp-content\/uploads\/2020\/04\/versiegelung24.png","contentUrl":"https:\/\/www.versiegelung24.com\/wp-content\/uploads\/2020\/04\/versiegelung24.png","width":470,"height":102,"caption":"versiegelung24"},"image":{"@id":"https:\/\/www.versiegelung24.com\/fr\/#\/schema\/logo\/image\/"}}]},"og_availability":"instock","product_availability":"instock","product_retailer_item_id":"4008-693","product_condition":"new"},"_links":{"self":[{"href":"https:\/\/www.versiegelung24.com\/fr\/wp-json\/wp\/v2\/product\/181838","targetHints":{"allow":["GET"]}}],"collection":[{"href":"https:\/\/www.versiegelung24.com\/fr\/wp-json\/wp\/v2\/product"}],"about":[{"href":"https:\/\/www.versiegelung24.com\/fr\/wp-json\/wp\/v2\/types\/product"}],"version-history":[{"count":4,"href":"https:\/\/www.versiegelung24.com\/fr\/wp-json\/wp\/v2\/product\/181838\/revisions"}],"predecessor-version":[{"id":182836,"href":"https:\/\/www.versiegelung24.com\/fr\/wp-json\/wp\/v2\/product\/181838\/revisions\/182836"}],"wp:featuredmedia":[{"embeddable":true,"href":"https:\/\/www.versiegelung24.com\/fr\/wp-json\/wp\/v2\/media\/183265"}],"wp:attachment":[{"href":"https:\/\/www.versiegelung24.com\/fr\/wp-json\/wp\/v2\/media?parent=181838"}],"wp:term":[{"taxonomy":"product_brand","embeddable":true,"href":"https:\/\/www.versiegelung24.com\/fr\/wp-json\/wp\/v2\/product_brand?post=181838"},{"taxonomy":"product_cat","embeddable":true,"href":"https:\/\/www.versiegelung24.com\/fr\/wp-json\/wp\/v2\/product_cat?post=181838"},{"taxonomy":"product_tag","embeddable":true,"href":"https:\/\/www.versiegelung24.com\/fr\/wp-json\/wp\/v2\/product_tag?post=181838"}],"curies":[{"name":"wp","href":"https:\/\/api.w.org\/{rel}","templated":true}]}}