{"id":182958,"date":"2025-08-28T14:07:51","date_gmt":"2025-08-28T12:07:51","guid":{"rendered":"https:\/\/www.versiegelung24.com\/?post_type=product&#038;p=182958"},"modified":"2025-09-08T16:04:09","modified_gmt":"2025-09-08T14:04:09","slug":"permanent-protector-646","status":"publish","type":"product","link":"https:\/\/www.versiegelung24.com\/fr\/permanent-protector-646.html","title":{"rendered":"Permanent Protect 646 5M"},"content":{"rendered":"\n<p>Permanent Protect 646 Ultra Thin est un scellant c\u00e9ramique de haute qualit\u00e9 pour le rev\u00eatement durable de surfaces lisses telles que le m\u00e9tal, le verre, le plastique ou les mat\u00e9riaux peints. La couche protectrice transparente ultra-fine assure une r\u00e9sistance exceptionnelle \u00e0 la salet\u00e9, aux produits chimiques, aux rayons UV et aux influences m\u00e9caniques. Gr\u00e2ce \u00e0 ses propri\u00e9t\u00e9s hydrophobes et ol\u00e9ophobes, le scellant offre un effet Easy-to-Clean de longue dur\u00e9e.  <\/p>\n\n<p>Id\u00e9al pour les applications automobiles et marines, comme rev\u00eatement anti-graffiti ou pour la finition de surfaces peintes de haute qualit\u00e9, Permanent Protect 646 Ultra Thin \u00e9tablit de nouvelles normes en mati\u00e8re de protection de surface et de durabilit\u00e9.<\/p>\n\n<hr class=\"wp-block-separator has-text-color has-css-opacity has-background is-style-wide\" style=\"background-color:#e1e1e1;color:#e1e1e1\"\/>\n\n<h2 class=\"wp-block-heading\" id=\"properties\">Caract\u00e9ristiques du produit<\/h2>\n\n<div class=\"wp-block-columns is-layout-flex wp-container-core-columns-is-layout-9d6595d7 wp-block-columns-is-layout-flex\">\n<div class=\"wp-block-column is-layout-flow wp-block-column-is-layout-flow\">\n<ul id=\"block-5ec6b591-a82a-45bd-aa1b-599082db3ae8\" class=\"wp-block-list\">\n<li><strong>Effet hydrophobe et ol\u00e9ophobe prononc\u00e9<\/strong> &#8211; hydrofuge et ol\u00e9ophobe<\/li>\n\n\n\n<li><strong>Effet Easy-to-clean<\/strong> &#8211; la salet\u00e9 s&#8217;enl\u00e8ve facilement<\/li>\n\n\n\n<li><strong>Haute r\u00e9sistance \u00e0 l&#8217;abrasion<\/strong> &#8211; liaison chimique durable avec le support<\/li>\n\n\n\n<li><strong>R\u00e9sistant \u00e0 la temp\u00e9rature et aux UV<\/strong> &#8211; adapt\u00e9 aux applications ext\u00e9rieures<\/li>\n\n\n\n<li><strong>Respirant<\/strong> &#8211; ouvert \u00e0 la diffusion<\/li>\n\n\n\n<li><strong>Durabilit\u00e9 <\/strong>&#8211; 2 \u00e0 5 ans en ext\u00e9rieur, beaucoup plus en int\u00e9rieur  <\/li>\n\n\n\n<li><strong>Consommation <\/strong>&#8211; 5-10ml\/m\u00b2 (=&gt; jusqu&#8217;\u00e0 200 m\u00b2 par litre)<\/li>\n\n\n\n<li><strong>R\u00e9sistance \u00e0 de nombreux produits de nettoyage m\u00e9nagers courants<\/strong> (sauf aux bases concentr\u00e9es)<\/li>\n\n\n\n<li><strong>\u00c0 base de solvants<\/strong> (environ 60 % de substances actives)<\/li>\n<\/ul>\n<\/div>\n\n\n\n<div class=\"wp-block-column is-layout-flow wp-block-column-is-layout-flow\">\n<ul id=\"block-6091e271-3752-4132-9f5b-206019bd2d6b\" class=\"wp-block-list\">\n<li><strong>Tr\u00e8s bonnes propri\u00e9t\u00e9s anti-graffiti<\/strong> sur les surfaces non poreuses<\/li>\n\n\n\n<li><strong>Structure en couches c\u00e9ramiques<\/strong> &#8211; r\u00e9sistance \u00e0 la chaleur jusqu&#8217;\u00e0 600 \u00b0C (int\u00e9grit\u00e9 du film), 300 \u00b0C sans d\u00e9coloration<\/li>\n\n\n\n<li><strong>Fine \u00e9paisseur<\/strong>: environ 0,5-2 \u03bcm<\/li>\n\n\n\n<li><strong>Contenant des COV<\/strong> (propionate de butyle)<\/li>\n\n\n\n<li><strong>Effet biostatique<\/strong> &#8211; inhibe la croissance des micro-organismesextr\u00eamement  <\/li>\n\n\n\n<li><strong>Couleur<\/strong> &#8211; Incolore \u00e0 l\u00e9g\u00e8rement jaun\u00e2tre<\/li>\n\n\n\n<li><strong>Remarque sur les PFAS <\/strong>&#8211; sans PFOA ni PFOS. La teneur en fluor est inf\u00e9rieure aux valeurs limites l\u00e9gales selon le r\u00e8glement europ\u00e9en 2024\/2462. Les additifs fluor\u00e9s utilis\u00e9s servent uniquement \u00e0 optimiser la r\u00e9sistance aux salissures.  <\/li>\n<\/ul>\n<\/div>\n<\/div>\n\n<hr class=\"wp-block-separator has-text-color has-background is-style-wide\" style=\"background-color:#e1e1e1;color:#e1e1e1\"\/>\n\n<h2 class=\"wp-block-heading\" id=\"application\">Zones d&#8217;application<\/h2>\n\n<div class=\"wp-block-columns is-layout-flex wp-container-core-columns-is-layout-9d6595d7 wp-block-columns-is-layout-flex\">\n<div class=\"wp-block-column is-layout-flow wp-block-column-is-layout-flow\">\n<ul id=\"block-6091e271-3752-4132-9f5b-206019bd2d6b\" class=\"wp-block-list\">\n<li>Rev\u00eatement de surface de v\u00e9hicules (par ex. carrosserie, jantes)<\/li>\n\n\n\n<li>Rev\u00eatements Easy-to-clean pour l&#8217;int\u00e9rieur et l&#8217;ext\u00e9rieur<\/li>\n\n\n\n<li>Couches de protection durables dans le secteur marin<\/li>\n<\/ul>\n<\/div>\n\n\n\n<div class=\"wp-block-column is-layout-flow wp-block-column-is-layout-flow\">\n<ul class=\"wp-block-list\">\n<li>Finition des peintures pour yachts et bateaux<\/li>\n\n\n\n<li>Post-traitements pour automobiles (vitrification de la c\u00e9ramique)n<\/li>\n\n\n\n<li>Rev\u00eatements anti-graffiti sur les surfaces non poreuses<\/li>\n<\/ul>\n<\/div>\n<\/div>\n\n<h2 class=\"wp-block-heading\" id=\"h-anwendung\">Application<\/h2>\n\n<p><strong>G\u00e9n\u00e9ralit\u00e9s  <\/strong><\/p>\n\n<ol class=\"wp-block-list\">\n<li><a href=\"https:\/\/www.versiegelung24.com\/fr\/biosativa-pre-nettoyant-biologique.html\">Nettoyez<\/a> et d\u00e9graissez soigneusement la surface (par exemple avec <a href=\"https:\/\/www.versiegelung24.com\/fr\/100-bioethanol-de-haute-purete-pour-un-pre-nettoyage-professionnel-kopie.html\">de l&#8217;isopropanol<\/a>, de l&#8217;ac\u00e9tate d&#8217;\u00e9thyle ou du white spirit). <\/li>\n\n\n\n<li>La surface doit \u00eatre compl\u00e8tement s\u00e8che et exempte de graisse.<\/li>\n\n\n\n<li>Temp\u00e9rature de traitement : 15-30 \u00b0C, humidit\u00e9 relative : 50-80%. <\/li>\n\n\n\n<li>\u00c9viter l&#8217;exposition directe au soleil.<\/li>\n<\/ol>\n\n<p><strong>Application par balayage  <\/strong><\/p>\n\n<ol class=\"wp-block-list\">\n<li>Versez quelques gouttes (5-10\/ml m\u00b2) sur un chiffon en microfibre.<\/li>\n\n\n\n<li>Appliquez uniform\u00e9ment en exer\u00e7ant une l\u00e9g\u00e8re pression et en effectuant des mouvements lin\u00e9aires.<\/li>\n\n\n\n<li>Apr\u00e8s 30 minutes maximum, polir avec un chiffon doux. <\/li>\n\n\n\n<li>R\u00e9p\u00e9tez l&#8217;op\u00e9ration si n\u00e9cessaire.<\/li>\n<\/ol>\n\n<p><strong>Application par pulv\u00e9risation  <\/strong><\/p>\n\n<ol class=\"wp-block-list\">\n<li>Taille de la buse : 0,8-1,0 mm \/ Pression : 0,6-1,0 bar \/ Distance : environ 20 cm<\/li>\n\n\n\n<li>\u00c9paisseur de la couche (s\u00e8che) : 2,5-25 \u03bcm (en fonction des passages)<\/li>\n\n\n\n<li>Alternative : cloche rotative (30 000 rpm, 2 bar, 0,2-0,4 m\/s, 50-150 ml\/min)  <\/li>\n<\/ol>\n\n<h2 class=\"wp-block-heading\" id=\"h-reinigung-amp-pflege\">Nettoyage et entretien<\/h2>\n\n<p>Pour nettoyer la surface, il suffit d&#8217;utiliser un nettoyant doux, comme notre nettoyant <a href=\"https:\/\/www.versiegelung24.com\/fr\/biosativa-pre-nettoyant-biologique.html\">V24 Biosativa\u00ae<\/a>. Les nettoyants agressifs ne sont pas n\u00e9cessaires ni recommand\u00e9s. <\/p>\n\n<hr class=\"wp-block-separator has-text-color has-css-opacity has-background is-style-wide\" style=\"background-color:#e1e1e1;color:#e1e1e1\"\/>\n\n<h2 class=\"wp-block-heading\" id=\"h-produktsicherheit-amp-lagerung\">S\u00e9curit\u00e9 des produits &amp; stockage<\/h2>\n\n<p>Les informations sur la classification du produit dans le cadre de la r\u00e9glementation sur les substances dangereuses, les donn\u00e9es de s\u00e9curit\u00e9 ainsi que les donn\u00e9es sur la toxicologie et le stockage peuvent \u00eatre consult\u00e9es <a href=\"https:\/\/www.versiegelung24.com\/fr\/contacter\/\">sur notre fiche de donn\u00e9es de s\u00e9curit\u00e9, sur demande<\/a>.<\/p>\n\n<ul class=\"wp-block-list\">\n<li>Permanent Protect 646 ne doit pas \u00eatre en contact avec l&#8217;humidit\u00e9.<\/li>\n\n\n\n<li>Temp\u00e9rature de stockage du mat\u00e9riau : +5\u00b0C \u00e0 +20\u00b0C.<\/li>\n\n\n\n<li>\u00c9quipement de protection individuelle : Gants, lunettes de protection, v\u00eatements de protection appropri\u00e9s<\/li>\n\n\n\n<li>Premiers secours : en cas de contact avec les yeux ou la peau, rincez imm\u00e9diatement \u00e0 l&#8217;eau et consultez un m\u00e9decin.<\/li>\n\n\n\n<li>Stockage : dans un endroit frais, sec et bien ventil\u00e9. Ouvrir les r\u00e9cipients tous les mois en les a\u00e9rant pour rel\u00e2cher la pression. <\/li>\n\n\n\n<li>Pr\u00e9-rin\u00e7age \u00e0 l&#8217;azote recommand\u00e9 en cas de transvasement.<\/li>\n<\/ul>\n\n<p><strong>Permanent Protect 646 <\/strong>a une dur\u00e9e de vie de 12 mois s&#8217;il est conserv\u00e9 non ouvert dans son r\u00e9cipient d&#8217;origine ferm\u00e9.<\/p>\n\n<hr class=\"wp-block-separator has-text-color has-css-opacity has-background is-style-wide\" style=\"background-color:#e1e1e1;color:#e1e1e1\"\/>\n\n<h2 class=\"wp-block-heading\">Test d&#8217;exposition aux intemp\u00e9ries<\/h2>\n\n<figure class=\"wp-block-table aligncenter\"><table class=\"has-fixed-layout\"><thead><tr><th class=\"has-text-align-left\" data-align=\"left\">\u00a0<\/th><th class=\"has-text-align-left\" data-align=\"left\">Test au brouillard salin NSS<\/th><th>Atmosph\u00e8re de condensation,<br\/>Humidit\u00e9 constante<\/th><th>Exposition artificielle aux intemp\u00e9ries<br\/>avec un arc au x\u00e9non<\/th><\/tr><\/thead><tbody><tr><td class=\"has-text-align-left\" data-align=\"left\">DIN<\/td><td class=\"has-text-align-left\" data-align=\"left\">EN ISO 9227<\/td><td>EN ISO 6270-2<\/td><td>EN ISO 16474-2<\/td><\/tr><tr><td class=\"has-text-align-left\" data-align=\"left\">\u00a0<\/td><td class=\"has-text-align-left\" data-align=\"left\" colspan=\"3\"><strong>Test au brouillard salin Acier inoxydable 2,5 \u03bcm, rev\u00eatu<\/strong><\/td><\/tr><tr><td class=\"has-text-align-left\" data-align=\"left\">Dur\u00e9e<\/td><td class=\"has-text-align-left\" data-align=\"left\">1.500 h<\/td><td>1.400 h<\/td><td>1.400 h<\/td><\/tr><tr><td class=\"has-text-align-left\" data-align=\"left\">R\u00e9sultat<\/td><td class=\"has-text-align-left\" data-align=\"left\">Formation de bulles : non<br\/>Rouille : non<br\/>Corrosion in scribe &lt; 0,5 mm<\/td><td>Formation de bulles : non<br\/>Rouille : non<\/td><td>Perte de brillance : 5%<br\/>Fissuration : non<br\/>Diff\u00e9rence de couleur \u0394E* = 0,40<\/td><\/tr><tr><td class=\"has-text-align-left\" data-align=\"left\">\u00a0<\/td><td class=\"has-text-align-left\" data-align=\"left\" colspan=\"3\"><strong>Test au brouillard salin Aluminium 2,5 \u03bcm, rev\u00eatu<\/strong><\/td><\/tr><tr><td class=\"has-text-align-left\" data-align=\"left\">Dur\u00e9e<\/td><td class=\"has-text-align-left\" data-align=\"left\">1.500 h<\/td><td>1.400 h<\/td><td>1.400 h<\/td><\/tr><tr><td class=\"has-text-align-left\" data-align=\"left\">R\u00e9sultat<\/td><td class=\"has-text-align-left\" data-align=\"left\">Formation de bulles : non<br\/>Rouille : non<br\/>Corrosion in scribe &lt; 0,5 mm<\/td><td>Formation de bulles : non<br\/>Rouille : non<\/td><td>Perte de brillance : 5%<br\/>Fissuration : non<br\/>Diff\u00e9rence de couleur \u0394E* = 0,17<\/td><\/tr><tr><td class=\"has-text-align-left\" data-align=\"left\">\u00a0<\/td><td class=\"has-text-align-left\" data-align=\"left\" colspan=\"3\"><strong>Acier sabl\u00e9 2,5 \u03bcm, rev\u00eatu<\/strong><\/td><\/tr><tr><td class=\"has-text-align-left\" data-align=\"left\">Dur\u00e9e<\/td><td class=\"has-text-align-left\" data-align=\"left\">1.000 h<\/td><td>1.000 h<\/td><td>1.400 h<\/td><\/tr><tr><td class=\"has-text-align-left\" data-align=\"left\">R\u00e9sultat<\/td><td class=\"has-text-align-left\" data-align=\"left\">Formation de bulles : non<br\/>Rouille : non<br\/>Corrosion in scribe &lt; 0,5 mm<\/td><td>Formation de bulles : non<br\/>Rouille : non<\/td><td>Perte de brillance : 12%<br\/>Fissuration : non<br\/>Diff\u00e9rence de couleur \u0394E* = 0,51<\/td><\/tr><\/tbody><\/table><\/figure>\n\n<hr class=\"wp-block-separator has-text-color has-css-opacity has-background is-style-wide\" style=\"background-color:#e1e1e1;color:#e1e1e1\"\/>\n","protected":false},"excerpt":{"rendered":"<p><strong>Rev\u00eatement c\u00e9ramique durable de haute qualit\u00e9 pour les surfaces lisses<\/strong><\/p>\n<p>\u2713 \u00c9paisseur de couche ultra fine<\/p>\n<p>\u2713 Dur\u00e9e de vie 2-5 ans<\/p>\n<p>\u2713 Haute r\u00e9sistance \u00e0 l&#8217;abrasion<\/p>\n<p>\u2713 Effet biostatique<\/p>\n","protected":false},"featured_media":183059,"template":"","meta":{"_acf_changed":false,"neve_meta_sidebar":"","neve_meta_container":"","neve_meta_enable_content_width":"","neve_meta_content_width":0,"neve_meta_title_alignment":"","neve_meta_author_avatar":"","neve_post_elements_order":"","neve_meta_disable_header":"","neve_meta_disable_footer":"","neve_meta_disable_title":"","neve_meta_reading_time":"","_surfaces":[],"_ver_product_tabs":[],"footnotes":""},"product_brand":[],"product_cat":[2988,2190,2291,2474],"product_tag":[],"class_list":{"0":"post-182958","1":"product","2":"type-product","3":"status-publish","4":"has-post-thumbnail","6":"product_cat-scellement-de-verre-liquide","7":"product_cat-etancheite-de-voiture","8":"product_cat-etancheite-metal-plastique","9":"product_cat-joint-universel","10":"pa_gebinde-flacon-de-100-ml","11":"pa_gebinde-bouteille-de-1000-ml","13":"first","14":"instock","15":"taxable","16":"shipping-taxable","17":"purchasable","18":"product-type-variable","19":"has-default-attributes"},"acf":[],"yoast_head":"<!-- This site is optimized with the Yoast SEO Premium plugin v22.8 (Yoast SEO v27.5) - https:\/\/yoast.com\/product\/yoast-seo-premium-wordpress\/ -->\n<title>Permanent Protector 646 Ultra Thin - Scellement c\u00e9ramique 9H<\/title>\n<meta name=\"description\" content=\"Simple \u00e0 utiliser, forte en protection. Le nouveau Permanent Protector 646 Ultra Thin - scellement c\u00e9ramique 9H prot\u00e8ge efficacement contre les agressions ext\u00e9rieures\" \/>\n<meta name=\"robots\" content=\"index, follow, max-snippet:-1, max-image-preview:large, max-video-preview:-1\" \/>\n<link rel=\"canonical\" href=\"https:\/\/www.versiegelung24.com\/fr\/permanent-protector-646.html\" \/>\n<meta property=\"og:locale\" content=\"fr_FR\" \/>\n<meta property=\"og:type\" content=\"article\" \/>\n<meta property=\"og:title\" content=\"Permanent Protect 646 5M\" \/>\n<meta property=\"og:description\" content=\"Simple \u00e0 utiliser, forte en protection. Le nouveau Permanent Protector 646 Ultra Thin - scellement c\u00e9ramique 9H prot\u00e8ge efficacement contre les agressions ext\u00e9rieures\" \/>\n<meta property=\"og:url\" content=\"https:\/\/www.versiegelung24.com\/fr\/permanent-protector-646.html\" \/>\n<meta property=\"og:site_name\" content=\"versiegelung24.com\" \/>\n<meta property=\"article:modified_time\" content=\"2025-09-08T14:04:09+00:00\" \/>\n<meta property=\"og:image\" content=\"https:\/\/www.versiegelung24.com\/wp-content\/uploads\/2025\/08\/V24-Permanent-Protector-646-Keramikversiegelung-scaled-1.jpg\" \/>\n\t<meta property=\"og:image:width\" content=\"2560\" \/>\n\t<meta property=\"og:image:height\" content=\"2560\" \/>\n\t<meta property=\"og:image:type\" content=\"image\/jpeg\" \/>\n<meta name=\"twitter:card\" content=\"summary_large_image\" \/>\n<meta name=\"twitter:label1\" content=\"Disponibilit\u00e9\" \/>\n\t<meta name=\"twitter:data1\" content=\"En stock\" \/>\n<script type=\"application\/ld+json\" class=\"yoast-schema-graph\">{\"@context\":\"https:\\\/\\\/schema.org\",\"@graph\":[{\"@type\":\"WebPage\",\"@id\":\"https:\\\/\\\/www.versiegelung24.com\\\/fr\\\/permanent-protector-646.html\",\"url\":\"https:\\\/\\\/www.versiegelung24.com\\\/fr\\\/permanent-protector-646.html\",\"name\":\"Permanent Protector 646 Ultra Thin - Scellement c\u00e9ramique 9H\",\"isPartOf\":{\"@id\":\"https:\\\/\\\/www.versiegelung24.com\\\/fr\\\/#website\"},\"primaryImageOfPage\":{\"@id\":\"https:\\\/\\\/www.versiegelung24.com\\\/fr\\\/permanent-protector-646.html#primaryimage\"},\"image\":{\"@id\":\"https:\\\/\\\/www.versiegelung24.com\\\/fr\\\/permanent-protector-646.html#primaryimage\"},\"thumbnailUrl\":\"https:\\\/\\\/www.versiegelung24.com\\\/wp-content\\\/uploads\\\/2025\\\/08\\\/V24-Permanent-Protector-646-Keramikversiegelung-scaled-1.jpg\",\"datePublished\":\"2025-08-28T12:07:51+00:00\",\"dateModified\":\"2025-09-08T14:04:09+00:00\",\"description\":\"Simple \u00e0 utiliser, forte en protection. Le nouveau Permanent Protector 646 Ultra Thin - scellement c\u00e9ramique 9H prot\u00e8ge efficacement contre les agressions ext\u00e9rieures\",\"breadcrumb\":{\"@id\":\"https:\\\/\\\/www.versiegelung24.com\\\/fr\\\/permanent-protector-646.html#breadcrumb\"},\"inLanguage\":\"fr-FR\",\"potentialAction\":[{\"@type\":\"ReadAction\",\"target\":[\"https:\\\/\\\/www.versiegelung24.com\\\/fr\\\/permanent-protector-646.html\"]}]},{\"@type\":\"ImageObject\",\"inLanguage\":\"fr-FR\",\"@id\":\"https:\\\/\\\/www.versiegelung24.com\\\/fr\\\/permanent-protector-646.html#primaryimage\",\"url\":\"https:\\\/\\\/www.versiegelung24.com\\\/wp-content\\\/uploads\\\/2025\\\/08\\\/V24-Permanent-Protector-646-Keramikversiegelung-scaled-1.jpg\",\"contentUrl\":\"https:\\\/\\\/www.versiegelung24.com\\\/wp-content\\\/uploads\\\/2025\\\/08\\\/V24-Permanent-Protector-646-Keramikversiegelung-scaled-1.jpg\",\"width\":2560,\"height\":2560},{\"@type\":\"BreadcrumbList\",\"@id\":\"https:\\\/\\\/www.versiegelung24.com\\\/fr\\\/permanent-protector-646.html#breadcrumb\",\"itemListElement\":[{\"@type\":\"ListItem\",\"position\":1,\"name\":\"Page d'accueil\",\"item\":\"https:\\\/\\\/www.versiegelung24.com\\\/fr\\\/front\\\/\"},{\"@type\":\"ListItem\",\"position\":2,\"name\":\"Boutique\",\"item\":\"https:\\\/\\\/www.versiegelung24.com\\\/fr\\\/boutique-2\\\/\"},{\"@type\":\"ListItem\",\"position\":3,\"name\":\"Permanent Protect 646 5M\"}]},{\"@type\":\"WebSite\",\"@id\":\"https:\\\/\\\/www.versiegelung24.com\\\/fr\\\/#website\",\"url\":\"https:\\\/\\\/www.versiegelung24.com\\\/fr\\\/\",\"name\":\"versiegelung24.com\",\"description\":\"Fl\u00fcssigglas-Versiegelung - Made in Germany\",\"publisher\":{\"@id\":\"https:\\\/\\\/www.versiegelung24.com\\\/fr\\\/#organization\"},\"potentialAction\":[{\"@type\":\"SearchAction\",\"target\":{\"@type\":\"EntryPoint\",\"urlTemplate\":\"https:\\\/\\\/www.versiegelung24.com\\\/fr\\\/?s={search_term_string}\"},\"query-input\":{\"@type\":\"PropertyValueSpecification\",\"valueRequired\":true,\"valueName\":\"search_term_string\"}}],\"inLanguage\":\"fr-FR\"},{\"@type\":\"Organization\",\"@id\":\"https:\\\/\\\/www.versiegelung24.com\\\/fr\\\/#organization\",\"name\":\"versiegelung24\",\"url\":\"https:\\\/\\\/www.versiegelung24.com\\\/fr\\\/\",\"logo\":{\"@type\":\"ImageObject\",\"inLanguage\":\"fr-FR\",\"@id\":\"https:\\\/\\\/www.versiegelung24.com\\\/fr\\\/#\\\/schema\\\/logo\\\/image\\\/\",\"url\":\"https:\\\/\\\/www.versiegelung24.com\\\/wp-content\\\/uploads\\\/2020\\\/04\\\/versiegelung24.png\",\"contentUrl\":\"https:\\\/\\\/www.versiegelung24.com\\\/wp-content\\\/uploads\\\/2020\\\/04\\\/versiegelung24.png\",\"width\":470,\"height\":102,\"caption\":\"versiegelung24\"},\"image\":{\"@id\":\"https:\\\/\\\/www.versiegelung24.com\\\/fr\\\/#\\\/schema\\\/logo\\\/image\\\/\"}}]}<\/script>\n<meta property=\"og:availability\" content=\"instock\" \/>\n<meta property=\"product:availability\" content=\"instock\" \/>\n<meta property=\"product:retailer_item_id\" content=\"8056-646\" \/>\n<meta property=\"product:condition\" content=\"new\" \/>\n<!-- \/ Yoast SEO Premium plugin. -->","yoast_head_json":{"title":"Permanent Protector 646 Ultra Thin - Scellement c\u00e9ramique 9H","description":"Simple \u00e0 utiliser, forte en protection. Le nouveau Permanent Protector 646 Ultra Thin - scellement c\u00e9ramique 9H prot\u00e8ge efficacement contre les agressions ext\u00e9rieures","robots":{"index":"index","follow":"follow","max-snippet":"max-snippet:-1","max-image-preview":"max-image-preview:large","max-video-preview":"max-video-preview:-1"},"canonical":"https:\/\/www.versiegelung24.com\/fr\/permanent-protector-646.html","og_locale":"fr_FR","og_type":"article","og_title":"Permanent Protect 646 5M","og_description":"Simple \u00e0 utiliser, forte en protection. Le nouveau Permanent Protector 646 Ultra Thin - scellement c\u00e9ramique 9H prot\u00e8ge efficacement contre les agressions ext\u00e9rieures","og_url":"https:\/\/www.versiegelung24.com\/fr\/permanent-protector-646.html","og_site_name":"versiegelung24.com","article_modified_time":"2025-09-08T14:04:09+00:00","og_image":[{"width":2560,"height":2560,"url":"https:\/\/www.versiegelung24.com\/wp-content\/uploads\/2025\/08\/V24-Permanent-Protector-646-Keramikversiegelung-scaled-1.jpg","type":"image\/jpeg"}],"twitter_card":"summary_large_image","twitter_misc":{"Disponibilit\u00e9":"En stock"},"schema":{"@context":"https:\/\/schema.org","@graph":[{"@type":"WebPage","@id":"https:\/\/www.versiegelung24.com\/fr\/permanent-protector-646.html","url":"https:\/\/www.versiegelung24.com\/fr\/permanent-protector-646.html","name":"Permanent Protector 646 Ultra Thin - Scellement c\u00e9ramique 9H","isPartOf":{"@id":"https:\/\/www.versiegelung24.com\/fr\/#website"},"primaryImageOfPage":{"@id":"https:\/\/www.versiegelung24.com\/fr\/permanent-protector-646.html#primaryimage"},"image":{"@id":"https:\/\/www.versiegelung24.com\/fr\/permanent-protector-646.html#primaryimage"},"thumbnailUrl":"https:\/\/www.versiegelung24.com\/wp-content\/uploads\/2025\/08\/V24-Permanent-Protector-646-Keramikversiegelung-scaled-1.jpg","datePublished":"2025-08-28T12:07:51+00:00","dateModified":"2025-09-08T14:04:09+00:00","description":"Simple \u00e0 utiliser, forte en protection. Le nouveau Permanent Protector 646 Ultra Thin - scellement c\u00e9ramique 9H prot\u00e8ge efficacement contre les agressions ext\u00e9rieures","breadcrumb":{"@id":"https:\/\/www.versiegelung24.com\/fr\/permanent-protector-646.html#breadcrumb"},"inLanguage":"fr-FR","potentialAction":[{"@type":"ReadAction","target":["https:\/\/www.versiegelung24.com\/fr\/permanent-protector-646.html"]}]},{"@type":"ImageObject","inLanguage":"fr-FR","@id":"https:\/\/www.versiegelung24.com\/fr\/permanent-protector-646.html#primaryimage","url":"https:\/\/www.versiegelung24.com\/wp-content\/uploads\/2025\/08\/V24-Permanent-Protector-646-Keramikversiegelung-scaled-1.jpg","contentUrl":"https:\/\/www.versiegelung24.com\/wp-content\/uploads\/2025\/08\/V24-Permanent-Protector-646-Keramikversiegelung-scaled-1.jpg","width":2560,"height":2560},{"@type":"BreadcrumbList","@id":"https:\/\/www.versiegelung24.com\/fr\/permanent-protector-646.html#breadcrumb","itemListElement":[{"@type":"ListItem","position":1,"name":"Page d'accueil","item":"https:\/\/www.versiegelung24.com\/fr\/front\/"},{"@type":"ListItem","position":2,"name":"Boutique","item":"https:\/\/www.versiegelung24.com\/fr\/boutique-2\/"},{"@type":"ListItem","position":3,"name":"Permanent Protect 646 5M"}]},{"@type":"WebSite","@id":"https:\/\/www.versiegelung24.com\/fr\/#website","url":"https:\/\/www.versiegelung24.com\/fr\/","name":"versiegelung24.com","description":"Fl\u00fcssigglas-Versiegelung - Made in Germany","publisher":{"@id":"https:\/\/www.versiegelung24.com\/fr\/#organization"},"potentialAction":[{"@type":"SearchAction","target":{"@type":"EntryPoint","urlTemplate":"https:\/\/www.versiegelung24.com\/fr\/?s={search_term_string}"},"query-input":{"@type":"PropertyValueSpecification","valueRequired":true,"valueName":"search_term_string"}}],"inLanguage":"fr-FR"},{"@type":"Organization","@id":"https:\/\/www.versiegelung24.com\/fr\/#organization","name":"versiegelung24","url":"https:\/\/www.versiegelung24.com\/fr\/","logo":{"@type":"ImageObject","inLanguage":"fr-FR","@id":"https:\/\/www.versiegelung24.com\/fr\/#\/schema\/logo\/image\/","url":"https:\/\/www.versiegelung24.com\/wp-content\/uploads\/2020\/04\/versiegelung24.png","contentUrl":"https:\/\/www.versiegelung24.com\/wp-content\/uploads\/2020\/04\/versiegelung24.png","width":470,"height":102,"caption":"versiegelung24"},"image":{"@id":"https:\/\/www.versiegelung24.com\/fr\/#\/schema\/logo\/image\/"}}]},"og_availability":"instock","product_availability":"instock","product_retailer_item_id":"8056-646","product_condition":"new"},"_links":{"self":[{"href":"https:\/\/www.versiegelung24.com\/fr\/wp-json\/wp\/v2\/product\/182958","targetHints":{"allow":["GET"]}}],"collection":[{"href":"https:\/\/www.versiegelung24.com\/fr\/wp-json\/wp\/v2\/product"}],"about":[{"href":"https:\/\/www.versiegelung24.com\/fr\/wp-json\/wp\/v2\/types\/product"}],"version-history":[{"count":3,"href":"https:\/\/www.versiegelung24.com\/fr\/wp-json\/wp\/v2\/product\/182958\/revisions"}],"predecessor-version":[{"id":183567,"href":"https:\/\/www.versiegelung24.com\/fr\/wp-json\/wp\/v2\/product\/182958\/revisions\/183567"}],"wp:featuredmedia":[{"embeddable":true,"href":"https:\/\/www.versiegelung24.com\/fr\/wp-json\/wp\/v2\/media\/183059"}],"wp:attachment":[{"href":"https:\/\/www.versiegelung24.com\/fr\/wp-json\/wp\/v2\/media?parent=182958"}],"wp:term":[{"taxonomy":"product_brand","embeddable":true,"href":"https:\/\/www.versiegelung24.com\/fr\/wp-json\/wp\/v2\/product_brand?post=182958"},{"taxonomy":"product_cat","embeddable":true,"href":"https:\/\/www.versiegelung24.com\/fr\/wp-json\/wp\/v2\/product_cat?post=182958"},{"taxonomy":"product_tag","embeddable":true,"href":"https:\/\/www.versiegelung24.com\/fr\/wp-json\/wp\/v2\/product_tag?post=182958"}],"curies":[{"name":"wp","href":"https:\/\/api.w.org\/{rel}","templated":true}]}}