{"id":22758,"date":"2020-04-04T18:53:13","date_gmt":"2021-08-02T18:56:43","guid":{"rendered":"https:\/\/www.versiegelung24.com\/produkt\/polissage-special-caravane-et-scellement-de-qualite-professionnelle"},"modified":"2025-01-03T23:25:03","modified_gmt":"2025-01-03T22:25:03","slug":"caravane-special-polissage-et-etancheite-de-qualite-professionnelle","status":"publish","type":"product","link":"https:\/\/www.versiegelung24.com\/fr\/caravane-special-polissage-et-etancheite-de-qualite-professionnelle.html","title":{"rendered":"Polissage sp\u00e9cial camping-car \/ Caravane \/ Camper de qualit\u00e9 professionnelle"},"content":{"rendered":"\n<p><strong>Scellant professionnel tr\u00e8s efficace pour caravanes, avec effet lotus (hydrofuge), dur\u00e9e de conservation jusqu&#8217;\u00e0 3 mois<\/strong><\/p>\n\n<p>Fabriqu\u00e9 en Allemagne de haute qualit\u00e9.<\/p>\n\n<hr\/>\n\n<h4 class=\"wp-block-heading\" id=\"properties\">Caract\u00e9ristiques du produit<\/h4>\n\n<div class=\"wp-block-columns is-layout-flex wp-container-core-columns-is-layout-9d6595d7 wp-block-columns-is-layout-flex\">\n<div class=\"wp-block-column is-layout-flow wp-block-column-is-layout-flow\">\n<ul class=\"wp-block-list\"><li>Poli de haute qualit\u00e9 sans composants abrasifs, les couches de peinture ne sont pas attaqu\u00e9es<\/li><li>\u00c9mulsion, tr\u00e8s facile \u00e0 utiliser<\/li><li>Effet rafra\u00eechissant de brillance et de couleur<\/li><li>Nettoie, polit et scelle en une seule \u00e9tape (\u00e9limine les r\u00e9sidus de goudron, de r\u00e9sine et d&#8217;insectes)<\/li><li>Rev\u00eatement antiadh\u00e9sif hydrofuge et anti-salissures, brillant<\/li><li>Emp\u00eache le goudron et les d\u00e9bris d&#8217;insectes de coller \u00e0 la surface<\/li><li>R\u00e9duit les rayures<\/li><li>Pour int\u00e9rieur et ext\u00e9rieur<\/li><\/ul>\n<\/div>\n\n\n\n<div class=\"wp-block-column is-layout-flow wp-block-column-is-layout-flow\">\n<ul class=\"wp-block-list\" id=\"block-feede020-7d07-4fe3-abd9-bbbd73e79539\"><li>Transparent \/ invisible, l&#8217;aspect de la surface reste inchang\u00e9<\/li><li>R\u00e9sistant au gel, au nettoyage (y compris lavage de voiture), aux UV (emp\u00eache le ternissement de la peinture), aux lessives\/alcalis, \u00e0 l&#8217;eau de mer, \u00e0 l&#8217;air salin, aux fientes d&#8217;insectes et autres salissures importantes<\/li><li>R\u00e9duit consid\u00e9rablement la r\u00e9sistance \u00e0 l&#8217;air et offre ainsi une plus grande efficacit\u00e9 pour les v\u00e9hicules<\/li><li>Effet &#8220;facile \u00e0 nettoyer&#8221;, les surfaces rev\u00eatues restent propres plus longtemps et sont plus faciles \u00e0 nettoyer.<\/li><\/ul>\n\n\n\n<p>Contenu de l&#8217;emballage :<br\/>1 x bouteille d&#8217;un litre<br\/>1 x description du produit<\/p>\n<\/div>\n<\/div>\n\n<hr\/>\n\n<h4 class=\"wp-block-heading\" id=\"application\">Application<\/h4>\n\n<div class=\"wp-block-columns is-layout-flex wp-container-core-columns-is-layout-9d6595d7 wp-block-columns-is-layout-flex\">\n<div class=\"wp-block-column is-layout-flow wp-block-column-is-layout-flow\">\n<ul class=\"wp-block-list\"><li>Id\u00e9al pour le traitement des caravanes, remorques, camping-cars, caravanes \/ mobil-homes (particuli\u00e8rement efficace sur les peintures de moins de 10 ans)<\/li><li>Traitements anti-salissures et hydrofuges sur jantes alliage (plus facile \u00e0 nettoyer)<\/li><li>Traitements sur m\u00e9tal (protection contre la rouille et l&#8217;oxydation)<\/li><li>V\u00e9hicules ferroviaires, engins de chantier, v\u00e9hicules agricoles<\/li><\/ul>\n\n\n\n<p><\/p>\n<\/div>\n\n\n\n<div class=\"wp-block-column is-layout-flow wp-block-column-is-layout-flow\">\n<p>La quantit\u00e9 n\u00e9cessaire d\u00e9pend de la surface \u00e0 rev\u00eatir (degr\u00e9 d&#8217;usure et de salissure) et du chiffon utilis\u00e9. Le taux d&#8217;\u00e9pandage est d&#8217;environ 20-40 ml \/ m\u00b2.<\/p>\n\n\n\n<p>Facile \u00e0 appliquer :<br\/>1. Essuyer et polir le scellant<br\/>2. Laissez durcir 12 heures &#8211; c&#8217;est termin\u00e9<\/p>\n\n\n\n<p>Dur\u00e9e de conservation : Jusqu&#8217;\u00e0 3 mois<\/p>\n<\/div>\n<\/div>\n","protected":false},"excerpt":{"rendered":"<p><strong>Scell\u00e9 professionnel tr\u00e8s efficace pour :<\/strong><\/p>\n<p>\u2713 Caravanes<\/p>\n<p>\u2713 Avec effet lotus (hydrofuge)<\/p>\n<p>\u2713 Dur\u00e9e de conservation jusqu&#8217;\u00e0 3 mois<\/p>\n","protected":false},"featured_media":17786,"template":"","meta":{"_acf_changed":false,"neve_meta_sidebar":"","neve_meta_container":"","neve_meta_enable_content_width":"","neve_meta_content_width":0,"neve_meta_title_alignment":"","neve_meta_author_avatar":"","neve_post_elements_order":"","neve_meta_disable_header":"","neve_meta_disable_footer":"","neve_meta_disable_title":"","neve_meta_reading_time":"","_surfaces":[],"_ver_product_tabs":[],"footnotes":""},"product_brand":[],"product_cat":[2190],"product_tag":[],"class_list":{"0":"post-22758","1":"product","2":"type-product","3":"status-publish","4":"has-post-thumbnail","6":"product_cat-etancheite-de-voiture","8":"first","9":"instock","10":"taxable","11":"shipping-taxable","12":"purchasable","13":"product-type-simple"},"acf":[],"yoast_head":"<!-- This site is optimized with the Yoast SEO Premium plugin v22.8 (Yoast SEO v27.5) - https:\/\/yoast.com\/product\/yoast-seo-premium-wordpress\/ -->\n<title>Polissage sp\u00e9cial camping-car \/ Caravane \/ Camper de qualit\u00e9 professionnelle - versiegelung24.com<\/title>\n<meta name=\"robots\" content=\"index, follow, max-snippet:-1, max-image-preview:large, max-video-preview:-1\" \/>\n<link rel=\"canonical\" href=\"https:\/\/www.versiegelung24.com\/fr\/caravane-special-polissage-et-etancheite-de-qualite-professionnelle.html\" \/>\n<meta property=\"og:locale\" content=\"fr_FR\" \/>\n<meta property=\"og:type\" content=\"article\" \/>\n<meta property=\"og:title\" content=\"Polissage sp\u00e9cial camping-car \/ Caravane \/ Camper de qualit\u00e9 professionnelle\" \/>\n<meta property=\"og:description\" content=\"Scell\u00e9 professionnel tr\u00e8s efficace pour : \u2713 Caravanes \u2713 Avec effet lotus (hydrofuge) \u2713 Dur\u00e9e de conservation jusqu&#039;\u00e0 3 mois\" \/>\n<meta property=\"og:url\" content=\"https:\/\/www.versiegelung24.com\/fr\/caravane-special-polissage-et-etancheite-de-qualite-professionnelle.html\" \/>\n<meta property=\"og:site_name\" content=\"versiegelung24.com\" \/>\n<meta property=\"article:modified_time\" content=\"2025-01-03T22:25:03+00:00\" \/>\n<meta property=\"og:image\" content=\"https:\/\/www.versiegelung24.com\/wp-content\/uploads\/2020\/06\/produkt-2001-7660-1000-Caravan-Spezialpolitur-versiegelung-scaled.jpg\" \/>\n\t<meta property=\"og:image:width\" content=\"2560\" \/>\n\t<meta property=\"og:image:height\" content=\"2560\" \/>\n\t<meta property=\"og:image:type\" content=\"image\/jpeg\" \/>\n<meta name=\"twitter:card\" content=\"summary_large_image\" \/>\n<meta name=\"twitter:label1\" content=\"Prix\" \/>\n\t<meta name=\"twitter:data1\" content=\"99,00&euro;\" \/>\n\t<meta name=\"twitter:label2\" content=\"Disponibilit\u00e9\" \/>\n\t<meta name=\"twitter:data2\" content=\"En stock\" \/>\n<script type=\"application\/ld+json\" class=\"yoast-schema-graph\">{\"@context\":\"https:\\\/\\\/schema.org\",\"@graph\":[{\"@type\":\"WebPage\",\"@id\":\"https:\\\/\\\/www.versiegelung24.com\\\/fr\\\/caravane-special-polissage-et-etancheite-de-qualite-professionnelle.html\",\"url\":\"https:\\\/\\\/www.versiegelung24.com\\\/fr\\\/caravane-special-polissage-et-etancheite-de-qualite-professionnelle.html\",\"name\":\"Polissage sp\u00e9cial camping-car \\\/ Caravane \\\/ Camper de qualit\u00e9 professionnelle - versiegelung24.com\",\"isPartOf\":{\"@id\":\"https:\\\/\\\/www.versiegelung24.com\\\/fr\\\/#website\"},\"primaryImageOfPage\":{\"@id\":\"https:\\\/\\\/www.versiegelung24.com\\\/fr\\\/caravane-special-polissage-et-etancheite-de-qualite-professionnelle.html#primaryimage\"},\"image\":{\"@id\":\"https:\\\/\\\/www.versiegelung24.com\\\/fr\\\/caravane-special-polissage-et-etancheite-de-qualite-professionnelle.html#primaryimage\"},\"thumbnailUrl\":\"https:\\\/\\\/www.versiegelung24.com\\\/wp-content\\\/uploads\\\/2020\\\/06\\\/produkt-2001-7660-1000-Caravan-Spezialpolitur-versiegelung-scaled.jpg\",\"datePublished\":\"2021-08-02T18:56:43+00:00\",\"dateModified\":\"2025-01-03T22:25:03+00:00\",\"breadcrumb\":{\"@id\":\"https:\\\/\\\/www.versiegelung24.com\\\/fr\\\/caravane-special-polissage-et-etancheite-de-qualite-professionnelle.html#breadcrumb\"},\"inLanguage\":\"fr-FR\",\"potentialAction\":[{\"@type\":\"ReadAction\",\"target\":[\"https:\\\/\\\/www.versiegelung24.com\\\/fr\\\/caravane-special-polissage-et-etancheite-de-qualite-professionnelle.html\"]}]},{\"@type\":\"ImageObject\",\"inLanguage\":\"fr-FR\",\"@id\":\"https:\\\/\\\/www.versiegelung24.com\\\/fr\\\/caravane-special-polissage-et-etancheite-de-qualite-professionnelle.html#primaryimage\",\"url\":\"https:\\\/\\\/www.versiegelung24.com\\\/wp-content\\\/uploads\\\/2020\\\/06\\\/produkt-2001-7660-1000-Caravan-Spezialpolitur-versiegelung-scaled.jpg\",\"contentUrl\":\"https:\\\/\\\/www.versiegelung24.com\\\/wp-content\\\/uploads\\\/2020\\\/06\\\/produkt-2001-7660-1000-Caravan-Spezialpolitur-versiegelung-scaled.jpg\",\"width\":2560,\"height\":2560},{\"@type\":\"BreadcrumbList\",\"@id\":\"https:\\\/\\\/www.versiegelung24.com\\\/fr\\\/caravane-special-polissage-et-etancheite-de-qualite-professionnelle.html#breadcrumb\",\"itemListElement\":[{\"@type\":\"ListItem\",\"position\":1,\"name\":\"Page d'accueil\",\"item\":\"https:\\\/\\\/www.versiegelung24.com\\\/fr\\\/front\\\/\"},{\"@type\":\"ListItem\",\"position\":2,\"name\":\"Boutique\",\"item\":\"https:\\\/\\\/www.versiegelung24.com\\\/fr\\\/boutique-2\\\/\"},{\"@type\":\"ListItem\",\"position\":3,\"name\":\"Polissage sp\u00e9cial camping-car \\\/ Caravane \\\/ Camper de qualit\u00e9 professionnelle\"}]},{\"@type\":\"WebSite\",\"@id\":\"https:\\\/\\\/www.versiegelung24.com\\\/fr\\\/#website\",\"url\":\"https:\\\/\\\/www.versiegelung24.com\\\/fr\\\/\",\"name\":\"versiegelung24.com\",\"description\":\"Fl\u00fcssigglas-Versiegelung - Made in Germany\",\"publisher\":{\"@id\":\"https:\\\/\\\/www.versiegelung24.com\\\/fr\\\/#organization\"},\"potentialAction\":[{\"@type\":\"SearchAction\",\"target\":{\"@type\":\"EntryPoint\",\"urlTemplate\":\"https:\\\/\\\/www.versiegelung24.com\\\/fr\\\/?s={search_term_string}\"},\"query-input\":{\"@type\":\"PropertyValueSpecification\",\"valueRequired\":true,\"valueName\":\"search_term_string\"}}],\"inLanguage\":\"fr-FR\"},{\"@type\":\"Organization\",\"@id\":\"https:\\\/\\\/www.versiegelung24.com\\\/fr\\\/#organization\",\"name\":\"versiegelung24\",\"url\":\"https:\\\/\\\/www.versiegelung24.com\\\/fr\\\/\",\"logo\":{\"@type\":\"ImageObject\",\"inLanguage\":\"fr-FR\",\"@id\":\"https:\\\/\\\/www.versiegelung24.com\\\/fr\\\/#\\\/schema\\\/logo\\\/image\\\/\",\"url\":\"https:\\\/\\\/www.versiegelung24.com\\\/wp-content\\\/uploads\\\/2020\\\/04\\\/versiegelung24.png\",\"contentUrl\":\"https:\\\/\\\/www.versiegelung24.com\\\/wp-content\\\/uploads\\\/2020\\\/04\\\/versiegelung24.png\",\"width\":470,\"height\":102,\"caption\":\"versiegelung24\"},\"image\":{\"@id\":\"https:\\\/\\\/www.versiegelung24.com\\\/fr\\\/#\\\/schema\\\/logo\\\/image\\\/\"}}]}<\/script>\n<meta property=\"product:price:amount\" content=\"99.00\" \/>\n<meta property=\"product:price:currency\" content=\"EUR\" \/>\n<meta property=\"og:availability\" content=\"instock\" \/>\n<meta property=\"product:availability\" content=\"instock\" \/>\n<meta property=\"product:retailer_item_id\" content=\"2001-7660-1000\" \/>\n<meta property=\"product:condition\" content=\"new\" \/>\n<!-- \/ Yoast SEO Premium plugin. -->","yoast_head_json":{"title":"Polissage sp\u00e9cial camping-car \/ Caravane \/ Camper de qualit\u00e9 professionnelle - versiegelung24.com","robots":{"index":"index","follow":"follow","max-snippet":"max-snippet:-1","max-image-preview":"max-image-preview:large","max-video-preview":"max-video-preview:-1"},"canonical":"https:\/\/www.versiegelung24.com\/fr\/caravane-special-polissage-et-etancheite-de-qualite-professionnelle.html","og_locale":"fr_FR","og_type":"article","og_title":"Polissage sp\u00e9cial camping-car \/ Caravane \/ Camper de qualit\u00e9 professionnelle","og_description":"Scell\u00e9 professionnel tr\u00e8s efficace pour : \u2713 Caravanes \u2713 Avec effet lotus (hydrofuge) \u2713 Dur\u00e9e de conservation jusqu'\u00e0 3 mois","og_url":"https:\/\/www.versiegelung24.com\/fr\/caravane-special-polissage-et-etancheite-de-qualite-professionnelle.html","og_site_name":"versiegelung24.com","article_modified_time":"2025-01-03T22:25:03+00:00","og_image":[{"width":2560,"height":2560,"url":"https:\/\/www.versiegelung24.com\/wp-content\/uploads\/2020\/06\/produkt-2001-7660-1000-Caravan-Spezialpolitur-versiegelung-scaled.jpg","type":"image\/jpeg"}],"twitter_card":"summary_large_image","twitter_misc":{"Prix":"99,00&euro;","Disponibilit\u00e9":"En stock"},"schema":{"@context":"https:\/\/schema.org","@graph":[{"@type":"WebPage","@id":"https:\/\/www.versiegelung24.com\/fr\/caravane-special-polissage-et-etancheite-de-qualite-professionnelle.html","url":"https:\/\/www.versiegelung24.com\/fr\/caravane-special-polissage-et-etancheite-de-qualite-professionnelle.html","name":"Polissage sp\u00e9cial camping-car \/ Caravane \/ Camper de qualit\u00e9 professionnelle - versiegelung24.com","isPartOf":{"@id":"https:\/\/www.versiegelung24.com\/fr\/#website"},"primaryImageOfPage":{"@id":"https:\/\/www.versiegelung24.com\/fr\/caravane-special-polissage-et-etancheite-de-qualite-professionnelle.html#primaryimage"},"image":{"@id":"https:\/\/www.versiegelung24.com\/fr\/caravane-special-polissage-et-etancheite-de-qualite-professionnelle.html#primaryimage"},"thumbnailUrl":"https:\/\/www.versiegelung24.com\/wp-content\/uploads\/2020\/06\/produkt-2001-7660-1000-Caravan-Spezialpolitur-versiegelung-scaled.jpg","datePublished":"2021-08-02T18:56:43+00:00","dateModified":"2025-01-03T22:25:03+00:00","breadcrumb":{"@id":"https:\/\/www.versiegelung24.com\/fr\/caravane-special-polissage-et-etancheite-de-qualite-professionnelle.html#breadcrumb"},"inLanguage":"fr-FR","potentialAction":[{"@type":"ReadAction","target":["https:\/\/www.versiegelung24.com\/fr\/caravane-special-polissage-et-etancheite-de-qualite-professionnelle.html"]}]},{"@type":"ImageObject","inLanguage":"fr-FR","@id":"https:\/\/www.versiegelung24.com\/fr\/caravane-special-polissage-et-etancheite-de-qualite-professionnelle.html#primaryimage","url":"https:\/\/www.versiegelung24.com\/wp-content\/uploads\/2020\/06\/produkt-2001-7660-1000-Caravan-Spezialpolitur-versiegelung-scaled.jpg","contentUrl":"https:\/\/www.versiegelung24.com\/wp-content\/uploads\/2020\/06\/produkt-2001-7660-1000-Caravan-Spezialpolitur-versiegelung-scaled.jpg","width":2560,"height":2560},{"@type":"BreadcrumbList","@id":"https:\/\/www.versiegelung24.com\/fr\/caravane-special-polissage-et-etancheite-de-qualite-professionnelle.html#breadcrumb","itemListElement":[{"@type":"ListItem","position":1,"name":"Page d'accueil","item":"https:\/\/www.versiegelung24.com\/fr\/front\/"},{"@type":"ListItem","position":2,"name":"Boutique","item":"https:\/\/www.versiegelung24.com\/fr\/boutique-2\/"},{"@type":"ListItem","position":3,"name":"Polissage sp\u00e9cial camping-car \/ Caravane \/ Camper de qualit\u00e9 professionnelle"}]},{"@type":"WebSite","@id":"https:\/\/www.versiegelung24.com\/fr\/#website","url":"https:\/\/www.versiegelung24.com\/fr\/","name":"versiegelung24.com","description":"Fl\u00fcssigglas-Versiegelung - Made in Germany","publisher":{"@id":"https:\/\/www.versiegelung24.com\/fr\/#organization"},"potentialAction":[{"@type":"SearchAction","target":{"@type":"EntryPoint","urlTemplate":"https:\/\/www.versiegelung24.com\/fr\/?s={search_term_string}"},"query-input":{"@type":"PropertyValueSpecification","valueRequired":true,"valueName":"search_term_string"}}],"inLanguage":"fr-FR"},{"@type":"Organization","@id":"https:\/\/www.versiegelung24.com\/fr\/#organization","name":"versiegelung24","url":"https:\/\/www.versiegelung24.com\/fr\/","logo":{"@type":"ImageObject","inLanguage":"fr-FR","@id":"https:\/\/www.versiegelung24.com\/fr\/#\/schema\/logo\/image\/","url":"https:\/\/www.versiegelung24.com\/wp-content\/uploads\/2020\/04\/versiegelung24.png","contentUrl":"https:\/\/www.versiegelung24.com\/wp-content\/uploads\/2020\/04\/versiegelung24.png","width":470,"height":102,"caption":"versiegelung24"},"image":{"@id":"https:\/\/www.versiegelung24.com\/fr\/#\/schema\/logo\/image\/"}}]},"product_price_amount":"99.00","product_price_currency":"EUR","og_availability":"instock","product_availability":"instock","product_retailer_item_id":"2001-7660-1000","product_condition":"new"},"_links":{"self":[{"href":"https:\/\/www.versiegelung24.com\/fr\/wp-json\/wp\/v2\/product\/22758","targetHints":{"allow":["GET"]}}],"collection":[{"href":"https:\/\/www.versiegelung24.com\/fr\/wp-json\/wp\/v2\/product"}],"about":[{"href":"https:\/\/www.versiegelung24.com\/fr\/wp-json\/wp\/v2\/types\/product"}],"version-history":[{"count":11,"href":"https:\/\/www.versiegelung24.com\/fr\/wp-json\/wp\/v2\/product\/22758\/revisions"}],"predecessor-version":[{"id":177348,"href":"https:\/\/www.versiegelung24.com\/fr\/wp-json\/wp\/v2\/product\/22758\/revisions\/177348"}],"wp:featuredmedia":[{"embeddable":true,"href":"https:\/\/www.versiegelung24.com\/fr\/wp-json\/wp\/v2\/media\/17786"}],"wp:attachment":[{"href":"https:\/\/www.versiegelung24.com\/fr\/wp-json\/wp\/v2\/media?parent=22758"}],"wp:term":[{"taxonomy":"product_brand","embeddable":true,"href":"https:\/\/www.versiegelung24.com\/fr\/wp-json\/wp\/v2\/product_brand?post=22758"},{"taxonomy":"product_cat","embeddable":true,"href":"https:\/\/www.versiegelung24.com\/fr\/wp-json\/wp\/v2\/product_cat?post=22758"},{"taxonomy":"product_tag","embeddable":true,"href":"https:\/\/www.versiegelung24.com\/fr\/wp-json\/wp\/v2\/product_tag?post=22758"}],"curies":[{"name":"wp","href":"https:\/\/api.w.org\/{rel}","templated":true}]}}