{"id":22829,"date":"2020-04-04T18:53:11","date_gmt":"2021-08-02T19:03:46","guid":{"rendered":"https:\/\/www.versiegelung24.com\/produkt\/scellage-textile-de-qualite-professionnelle"},"modified":"2025-01-03T23:26:50","modified_gmt":"2025-01-03T22:26:50","slug":"textile-scellage-de-qualite-professionnelle","status":"publish","type":"product","link":"https:\/\/www.versiegelung24.com\/fr\/textile-scellage-de-qualite-professionnelle.html","title":{"rendered":"Rapid Tex &#8211; \u00e9tanch\u00e9it\u00e9 textile de qualit\u00e9 professionnelle"},"content":{"rendered":"\n<p><strong>Joint textile professionnel avec effet lotus (hydrofuge) pour usage int\u00e9rieur et ext\u00e9rieur<\/strong><\/p>\n\n<p>Fabriqu\u00e9 en Allemagne de haute qualit\u00e9.<\/p>\n\n<hr\/>\n\n<h4 class=\"wp-block-heading\" id=\"properties\">Caract\u00e9ristiques du produit<\/h4>\n\n<div class=\"wp-block-columns is-layout-flex wp-container-core-columns-is-layout-9d6595d7 wp-block-columns-is-layout-flex\">\n<div class=\"wp-block-column is-layout-flow wp-block-column-is-layout-flow\">\n<ul class=\"wp-block-list\">\n<li>Fort effet hydrophobe et ol\u00e9ophobe (hydrofuge et ol\u00e9ofuge)<\/li>\n\n\n\n<li>Excellent effet facile \u00e0 nettoyer<\/li>\n\n\n\n<li>Les impuret\u00e9s peuvent \u00eatre facilement \u00e9limin\u00e9es avec un chiffon humide<\/li>\n\n\n\n<li>Respirant<\/li>\n\n\n\n<li>Invisible (pas de changement d&#8217;apparence)<\/li>\n\n\n\n<li>Fortes propri\u00e9t\u00e9s antiadh\u00e9sives<\/li>\n\n\n\n<li>Protection contre les taches<\/li>\n\n\n\n<li>R\u00e9duit l&#8217;utilisation de nettoyants chimiques<\/li>\n<\/ul>\n<\/div>\n\n\n\n<div class=\"wp-block-column is-layout-flow wp-block-column-is-layout-flow\">\n<ul id=\"block-f0be9b0c-a029-4c3c-a6e1-740fba50b471\" class=\"wp-block-list\">\n<li>Augmente la r\u00e9sistance \u00e0 l&#8217;usure<\/li>\n\n\n\n<li>Aucune alt\u00e9ration de l&#8217;apparence<\/li>\n\n\n\n<li>La nanotechnologie SiO\u00b2<\/li>\n\n\n\n<li>Protection des fibres contre la p\u00e9n\u00e9tration de particules de salet\u00e9<\/li>\n\n\n\n<li>Application simple<\/li>\n\n\n\n<li>Longue dur\u00e9e de vie en fonction de la contrainte m\u00e9canique<\/li>\n<\/ul>\n\n\n\n<p>Contenu de la livraison :<br\/>1 x bouteille d&#8217;un litre<br\/>1 x t\u00eate de spray \u00e0 pompe<br\/><\/p>\n<\/div>\n<\/div>\n\n<hr\/>\n\n<h4 class=\"wp-block-heading\" id=\"application\">Application<\/h4>\n\n<div class=\"wp-block-columns is-layout-flex wp-container-core-columns-is-layout-9d6595d7 wp-block-columns-is-layout-flex\">\n<div class=\"wp-block-column is-layout-flow wp-block-column-is-layout-flow\">\n<ul class=\"wp-block-list\">\n<li>V\u00eatements<\/li>\n\n\n\n<li>Textiles de maison (ameublement, meubles, tapis)<\/li>\n\n\n\n<li>Daim<\/li>\n\n\n\n<li>Carton de papier<\/li>\n<\/ul>\n\n\n\n<p>La consommation d\u00e9pend beaucoup de la structure, du pouvoir absorbant et de l&#8217;\u00e9paisseur du mat\u00e9riau \u00e0 rev\u00eatir, environ 10-50 m\u00b2 \/ litre (environ 10 ml \/ m\u00b2 par mm d&#8217;\u00e9paisseur selon le pouvoir absorbant).<\/p>\n<\/div>\n\n\n\n<div class=\"wp-block-column is-layout-flow wp-block-column-is-layout-flow\">\n<p><em>Attention : Le joint a \u00e9t\u00e9 d\u00e9velopp\u00e9 pour les textiles qui ne sont jamais ou rarement lav\u00e9s. La durabilit\u00e9 du joint sur les v\u00eatements qui sont lav\u00e9s r\u00e9guli\u00e8rement est jusqu&#8217;\u00e0 5 lavages, au max. 30\u00b0C et lavage uniquement \u00e0 l&#8217;eau, sans lessive.<\/em><\/p>\n\n\n\n<p>Facile \u00e0 appliquer :<br\/>1. Vaporiser une surface propre.<br\/>3. Laisser s\u00e9cher et agir pendant 12 heures &#8211; c&#8217;est tout.<\/p>\n\n\n\n<p>Durabilit\u00e9 : jusqu&#8217;\u00e0 1-5 ans (selon le textile)<\/p>\n<\/div>\n<\/div>\n\n<p><strong>Convient pour :<\/strong><br\/>Meubles rembourr\u00e9s, matelas, housses en tissu, si\u00e8ges de voiture, tentes, v\u00eatements de loisirs et de travail, costumes, chemises\/blouses, cravates, stores, linge de maison, vestes, daim (uniquement s&#8217;il n&#8217;a pas \u00e9t\u00e9 enduit auparavant), v\u00eatements d&#8217;aventure, porte-documents, anorak, costume, capote de voiture, coton, rideaux, gants en tissu, stores en textile, si\u00e8ges pour enfants, poussettes, coussins, costumes en tissu, lamelles de tissu, cuir nappa, manteau, bonnet, peluches, sac \u00e0 dos, veste, soie, parasol, jouets en tissu, nappes, etc.<\/p>\n","protected":false},"excerpt":{"rendered":"<p><strong>\u00c9tanch\u00e9it\u00e9 textile professionnelle :<\/strong><\/p>\n<p>\u2713 Avec effet lotus (hydrofuge)<\/p>\n<p>\u2713 Pour une utilisation int\u00e9rieure et ext\u00e9rieure<\/p>\n","protected":false},"featured_media":125350,"template":"","meta":{"_acf_changed":false,"neve_meta_sidebar":"","neve_meta_container":"","neve_meta_enable_content_width":"","neve_meta_content_width":0,"neve_meta_title_alignment":"","neve_meta_author_avatar":"","neve_post_elements_order":"","neve_meta_disable_header":"","neve_meta_disable_footer":"","neve_meta_disable_title":"","neve_meta_reading_time":"","_surfaces":[],"_ver_product_tabs":[],"footnotes":""},"product_brand":[],"product_cat":[2268],"product_tag":[],"class_list":{"0":"post-22829","1":"product","2":"type-product","3":"status-publish","4":"has-post-thumbnail","6":"product_cat-etancheite-cuir-textile","8":"first","9":"instock","10":"taxable","11":"shipping-taxable","12":"purchasable","13":"product-type-simple"},"acf":[],"yoast_head":"<!-- This site is optimized with the Yoast SEO Premium plugin v22.8 (Yoast SEO v27.5) - https:\/\/yoast.com\/product\/yoast-seo-premium-wordpress\/ -->\n<title>Rapid Tex - \u00e9tanch\u00e9it\u00e9 textile de qualit\u00e9 professionnelle - versiegelung24.com<\/title>\n<meta name=\"robots\" content=\"index, follow, max-snippet:-1, max-image-preview:large, max-video-preview:-1\" \/>\n<link rel=\"canonical\" href=\"https:\/\/www.versiegelung24.com\/fr\/textile-scellage-de-qualite-professionnelle.html\" \/>\n<meta property=\"og:locale\" content=\"fr_FR\" \/>\n<meta property=\"og:type\" content=\"article\" \/>\n<meta property=\"og:title\" content=\"Rapid Tex - \u00e9tanch\u00e9it\u00e9 textile de qualit\u00e9 professionnelle\" \/>\n<meta property=\"og:description\" content=\"\u00c9tanch\u00e9it\u00e9 textile professionnelle : \u2713 Avec effet lotus (hydrofuge) \u2713 Pour une utilisation int\u00e9rieure et ext\u00e9rieure\" \/>\n<meta property=\"og:url\" content=\"https:\/\/www.versiegelung24.com\/fr\/textile-scellage-de-qualite-professionnelle.html\" \/>\n<meta property=\"og:site_name\" content=\"versiegelung24.com\" \/>\n<meta property=\"article:modified_time\" content=\"2025-01-03T22:26:50+00:00\" \/>\n<meta property=\"og:image\" content=\"https:\/\/www.versiegelung24.com\/wp-content\/uploads\/2020\/04\/produkt-6000-689-1000-rapid-tex-Textilversiegelung-scaled.webp\" \/>\n\t<meta property=\"og:image:width\" content=\"2560\" \/>\n\t<meta property=\"og:image:height\" content=\"2560\" \/>\n\t<meta property=\"og:image:type\" content=\"image\/webp\" \/>\n<meta name=\"twitter:card\" content=\"summary_large_image\" \/>\n<meta name=\"twitter:label1\" content=\"Prix\" \/>\n\t<meta name=\"twitter:data1\" content=\"49,00&euro;\" \/>\n\t<meta name=\"twitter:label2\" content=\"Disponibilit\u00e9\" \/>\n\t<meta name=\"twitter:data2\" content=\"En stock\" \/>\n<script type=\"application\/ld+json\" class=\"yoast-schema-graph\">{\"@context\":\"https:\\\/\\\/schema.org\",\"@graph\":[{\"@type\":\"WebPage\",\"@id\":\"https:\\\/\\\/www.versiegelung24.com\\\/fr\\\/textile-scellage-de-qualite-professionnelle.html\",\"url\":\"https:\\\/\\\/www.versiegelung24.com\\\/fr\\\/textile-scellage-de-qualite-professionnelle.html\",\"name\":\"Rapid Tex - \u00e9tanch\u00e9it\u00e9 textile de qualit\u00e9 professionnelle - versiegelung24.com\",\"isPartOf\":{\"@id\":\"https:\\\/\\\/www.versiegelung24.com\\\/fr\\\/#website\"},\"primaryImageOfPage\":{\"@id\":\"https:\\\/\\\/www.versiegelung24.com\\\/fr\\\/textile-scellage-de-qualite-professionnelle.html#primaryimage\"},\"image\":{\"@id\":\"https:\\\/\\\/www.versiegelung24.com\\\/fr\\\/textile-scellage-de-qualite-professionnelle.html#primaryimage\"},\"thumbnailUrl\":\"https:\\\/\\\/www.versiegelung24.com\\\/wp-content\\\/uploads\\\/2020\\\/04\\\/produkt-6000-689-1000-rapid-tex-Textilversiegelung-scaled.webp\",\"datePublished\":\"2021-08-02T19:03:46+00:00\",\"dateModified\":\"2025-01-03T22:26:50+00:00\",\"breadcrumb\":{\"@id\":\"https:\\\/\\\/www.versiegelung24.com\\\/fr\\\/textile-scellage-de-qualite-professionnelle.html#breadcrumb\"},\"inLanguage\":\"fr-FR\",\"potentialAction\":[{\"@type\":\"ReadAction\",\"target\":[\"https:\\\/\\\/www.versiegelung24.com\\\/fr\\\/textile-scellage-de-qualite-professionnelle.html\"]}]},{\"@type\":\"ImageObject\",\"inLanguage\":\"fr-FR\",\"@id\":\"https:\\\/\\\/www.versiegelung24.com\\\/fr\\\/textile-scellage-de-qualite-professionnelle.html#primaryimage\",\"url\":\"https:\\\/\\\/www.versiegelung24.com\\\/wp-content\\\/uploads\\\/2020\\\/04\\\/produkt-6000-689-1000-rapid-tex-Textilversiegelung-scaled.webp\",\"contentUrl\":\"https:\\\/\\\/www.versiegelung24.com\\\/wp-content\\\/uploads\\\/2020\\\/04\\\/produkt-6000-689-1000-rapid-tex-Textilversiegelung-scaled.webp\",\"width\":2560,\"height\":2560},{\"@type\":\"BreadcrumbList\",\"@id\":\"https:\\\/\\\/www.versiegelung24.com\\\/fr\\\/textile-scellage-de-qualite-professionnelle.html#breadcrumb\",\"itemListElement\":[{\"@type\":\"ListItem\",\"position\":1,\"name\":\"Page d'accueil\",\"item\":\"https:\\\/\\\/www.versiegelung24.com\\\/fr\\\/front\\\/\"},{\"@type\":\"ListItem\",\"position\":2,\"name\":\"Boutique\",\"item\":\"https:\\\/\\\/www.versiegelung24.com\\\/fr\\\/boutique-2\\\/\"},{\"@type\":\"ListItem\",\"position\":3,\"name\":\"Rapid Tex &#8211; \u00e9tanch\u00e9it\u00e9 textile de qualit\u00e9 professionnelle\"}]},{\"@type\":\"WebSite\",\"@id\":\"https:\\\/\\\/www.versiegelung24.com\\\/fr\\\/#website\",\"url\":\"https:\\\/\\\/www.versiegelung24.com\\\/fr\\\/\",\"name\":\"versiegelung24.com\",\"description\":\"Fl\u00fcssigglas-Versiegelung - Made in Germany\",\"publisher\":{\"@id\":\"https:\\\/\\\/www.versiegelung24.com\\\/fr\\\/#organization\"},\"potentialAction\":[{\"@type\":\"SearchAction\",\"target\":{\"@type\":\"EntryPoint\",\"urlTemplate\":\"https:\\\/\\\/www.versiegelung24.com\\\/fr\\\/?s={search_term_string}\"},\"query-input\":{\"@type\":\"PropertyValueSpecification\",\"valueRequired\":true,\"valueName\":\"search_term_string\"}}],\"inLanguage\":\"fr-FR\"},{\"@type\":\"Organization\",\"@id\":\"https:\\\/\\\/www.versiegelung24.com\\\/fr\\\/#organization\",\"name\":\"versiegelung24\",\"url\":\"https:\\\/\\\/www.versiegelung24.com\\\/fr\\\/\",\"logo\":{\"@type\":\"ImageObject\",\"inLanguage\":\"fr-FR\",\"@id\":\"https:\\\/\\\/www.versiegelung24.com\\\/fr\\\/#\\\/schema\\\/logo\\\/image\\\/\",\"url\":\"https:\\\/\\\/www.versiegelung24.com\\\/wp-content\\\/uploads\\\/2020\\\/04\\\/versiegelung24.png\",\"contentUrl\":\"https:\\\/\\\/www.versiegelung24.com\\\/wp-content\\\/uploads\\\/2020\\\/04\\\/versiegelung24.png\",\"width\":470,\"height\":102,\"caption\":\"versiegelung24\"},\"image\":{\"@id\":\"https:\\\/\\\/www.versiegelung24.com\\\/fr\\\/#\\\/schema\\\/logo\\\/image\\\/\"}}]}<\/script>\n<meta property=\"product:price:amount\" content=\"49.00\" \/>\n<meta property=\"product:price:currency\" content=\"EUR\" \/>\n<meta property=\"og:availability\" content=\"instock\" \/>\n<meta property=\"product:availability\" content=\"instock\" \/>\n<meta property=\"product:retailer_item_id\" content=\"6000-689-1000\" \/>\n<meta property=\"product:condition\" content=\"new\" \/>\n<!-- \/ Yoast SEO Premium plugin. -->","yoast_head_json":{"title":"Rapid Tex - \u00e9tanch\u00e9it\u00e9 textile de qualit\u00e9 professionnelle - versiegelung24.com","robots":{"index":"index","follow":"follow","max-snippet":"max-snippet:-1","max-image-preview":"max-image-preview:large","max-video-preview":"max-video-preview:-1"},"canonical":"https:\/\/www.versiegelung24.com\/fr\/textile-scellage-de-qualite-professionnelle.html","og_locale":"fr_FR","og_type":"article","og_title":"Rapid Tex - \u00e9tanch\u00e9it\u00e9 textile de qualit\u00e9 professionnelle","og_description":"\u00c9tanch\u00e9it\u00e9 textile professionnelle : \u2713 Avec effet lotus (hydrofuge) \u2713 Pour une utilisation int\u00e9rieure et ext\u00e9rieure","og_url":"https:\/\/www.versiegelung24.com\/fr\/textile-scellage-de-qualite-professionnelle.html","og_site_name":"versiegelung24.com","article_modified_time":"2025-01-03T22:26:50+00:00","og_image":[{"width":2560,"height":2560,"url":"https:\/\/www.versiegelung24.com\/wp-content\/uploads\/2020\/04\/produkt-6000-689-1000-rapid-tex-Textilversiegelung-scaled.webp","type":"image\/webp"}],"twitter_card":"summary_large_image","twitter_misc":{"Prix":"49,00&euro;","Disponibilit\u00e9":"En stock"},"schema":{"@context":"https:\/\/schema.org","@graph":[{"@type":"WebPage","@id":"https:\/\/www.versiegelung24.com\/fr\/textile-scellage-de-qualite-professionnelle.html","url":"https:\/\/www.versiegelung24.com\/fr\/textile-scellage-de-qualite-professionnelle.html","name":"Rapid Tex - \u00e9tanch\u00e9it\u00e9 textile de qualit\u00e9 professionnelle - versiegelung24.com","isPartOf":{"@id":"https:\/\/www.versiegelung24.com\/fr\/#website"},"primaryImageOfPage":{"@id":"https:\/\/www.versiegelung24.com\/fr\/textile-scellage-de-qualite-professionnelle.html#primaryimage"},"image":{"@id":"https:\/\/www.versiegelung24.com\/fr\/textile-scellage-de-qualite-professionnelle.html#primaryimage"},"thumbnailUrl":"https:\/\/www.versiegelung24.com\/wp-content\/uploads\/2020\/04\/produkt-6000-689-1000-rapid-tex-Textilversiegelung-scaled.webp","datePublished":"2021-08-02T19:03:46+00:00","dateModified":"2025-01-03T22:26:50+00:00","breadcrumb":{"@id":"https:\/\/www.versiegelung24.com\/fr\/textile-scellage-de-qualite-professionnelle.html#breadcrumb"},"inLanguage":"fr-FR","potentialAction":[{"@type":"ReadAction","target":["https:\/\/www.versiegelung24.com\/fr\/textile-scellage-de-qualite-professionnelle.html"]}]},{"@type":"ImageObject","inLanguage":"fr-FR","@id":"https:\/\/www.versiegelung24.com\/fr\/textile-scellage-de-qualite-professionnelle.html#primaryimage","url":"https:\/\/www.versiegelung24.com\/wp-content\/uploads\/2020\/04\/produkt-6000-689-1000-rapid-tex-Textilversiegelung-scaled.webp","contentUrl":"https:\/\/www.versiegelung24.com\/wp-content\/uploads\/2020\/04\/produkt-6000-689-1000-rapid-tex-Textilversiegelung-scaled.webp","width":2560,"height":2560},{"@type":"BreadcrumbList","@id":"https:\/\/www.versiegelung24.com\/fr\/textile-scellage-de-qualite-professionnelle.html#breadcrumb","itemListElement":[{"@type":"ListItem","position":1,"name":"Page d'accueil","item":"https:\/\/www.versiegelung24.com\/fr\/front\/"},{"@type":"ListItem","position":2,"name":"Boutique","item":"https:\/\/www.versiegelung24.com\/fr\/boutique-2\/"},{"@type":"ListItem","position":3,"name":"Rapid Tex &#8211; \u00e9tanch\u00e9it\u00e9 textile de qualit\u00e9 professionnelle"}]},{"@type":"WebSite","@id":"https:\/\/www.versiegelung24.com\/fr\/#website","url":"https:\/\/www.versiegelung24.com\/fr\/","name":"versiegelung24.com","description":"Fl\u00fcssigglas-Versiegelung - Made in Germany","publisher":{"@id":"https:\/\/www.versiegelung24.com\/fr\/#organization"},"potentialAction":[{"@type":"SearchAction","target":{"@type":"EntryPoint","urlTemplate":"https:\/\/www.versiegelung24.com\/fr\/?s={search_term_string}"},"query-input":{"@type":"PropertyValueSpecification","valueRequired":true,"valueName":"search_term_string"}}],"inLanguage":"fr-FR"},{"@type":"Organization","@id":"https:\/\/www.versiegelung24.com\/fr\/#organization","name":"versiegelung24","url":"https:\/\/www.versiegelung24.com\/fr\/","logo":{"@type":"ImageObject","inLanguage":"fr-FR","@id":"https:\/\/www.versiegelung24.com\/fr\/#\/schema\/logo\/image\/","url":"https:\/\/www.versiegelung24.com\/wp-content\/uploads\/2020\/04\/versiegelung24.png","contentUrl":"https:\/\/www.versiegelung24.com\/wp-content\/uploads\/2020\/04\/versiegelung24.png","width":470,"height":102,"caption":"versiegelung24"},"image":{"@id":"https:\/\/www.versiegelung24.com\/fr\/#\/schema\/logo\/image\/"}}]},"product_price_amount":"49.00","product_price_currency":"EUR","og_availability":"instock","product_availability":"instock","product_retailer_item_id":"6000-689-1000","product_condition":"new"},"_links":{"self":[{"href":"https:\/\/www.versiegelung24.com\/fr\/wp-json\/wp\/v2\/product\/22829","targetHints":{"allow":["GET"]}}],"collection":[{"href":"https:\/\/www.versiegelung24.com\/fr\/wp-json\/wp\/v2\/product"}],"about":[{"href":"https:\/\/www.versiegelung24.com\/fr\/wp-json\/wp\/v2\/types\/product"}],"version-history":[{"count":13,"href":"https:\/\/www.versiegelung24.com\/fr\/wp-json\/wp\/v2\/product\/22829\/revisions"}],"predecessor-version":[{"id":174338,"href":"https:\/\/www.versiegelung24.com\/fr\/wp-json\/wp\/v2\/product\/22829\/revisions\/174338"}],"wp:featuredmedia":[{"embeddable":true,"href":"https:\/\/www.versiegelung24.com\/fr\/wp-json\/wp\/v2\/media\/125350"}],"wp:attachment":[{"href":"https:\/\/www.versiegelung24.com\/fr\/wp-json\/wp\/v2\/media?parent=22829"}],"wp:term":[{"taxonomy":"product_brand","embeddable":true,"href":"https:\/\/www.versiegelung24.com\/fr\/wp-json\/wp\/v2\/product_brand?post=22829"},{"taxonomy":"product_cat","embeddable":true,"href":"https:\/\/www.versiegelung24.com\/fr\/wp-json\/wp\/v2\/product_cat?post=22829"},{"taxonomy":"product_tag","embeddable":true,"href":"https:\/\/www.versiegelung24.com\/fr\/wp-json\/wp\/v2\/product_tag?post=22829"}],"curies":[{"name":"wp","href":"https:\/\/api.w.org\/{rel}","templated":true}]}}