{"id":22877,"date":"2020-04-04T18:53:16","date_gmt":"2021-08-02T19:06:19","guid":{"rendered":"https:\/\/www.versiegelung24.com\/produkt\/1-litre-de-concentre-bacoban-pour-100-litres-de-desinfection-de-surface-longue-duree"},"modified":"2025-01-13T16:35:56","modified_gmt":"2025-01-13T15:35:56","slug":"concentre-de-desinfection-de-surface-longue-duree-bacoban","status":"publish","type":"product","link":"https:\/\/www.versiegelung24.com\/fr\/concentre-de-desinfection-de-surface-longue-duree-bacoban.html","title":{"rendered":"1 litre de concentr\u00e9 BACOBAN\u00ae pour 100 litres de d\u00e9sinfection de surface longue dur\u00e9e"},"content":{"rendered":"\n<h2 class=\"wp-block-heading\" id=\"1-liter-flasche-bacoban-langzeit-flachendesinfektion-konzentrat\">Flacon de 1 litre de concentr\u00e9 de d\u00e9sinfection de surface longue dur\u00e9e BACOBAN\u00ae<\/h2>\n\n<p><strong>Suffisant pour 100 litres de d\u00e9sinfectant (dilu\u00e9 1: 100 avec de l&#8217;eau)<\/strong><\/p>\n\n<p><strong>Utilisez les d\u00e9sinfectants avec pr\u00e9caution. Toujours lire l&#8217;\u00e9tiquette et les informations avant de les utiliser.<\/strong><\/p>\n\n<hr \/>\n\n<h4 class=\"wp-block-heading\" id=\"properties\">Caract\u00e9ristiques du produit<\/h4>\n\n<ul class=\"wp-block-list\"><li>effet antimicrobien durable (effet r\u00e9manent)<br \/>jusqu&#8217;\u00e0 10 jours<\/li><li>VAH r\u00e9pertori\u00e9<\/li><li>efficace contre le coronavirus<\/li><li>tr\u00e8s bonne tol\u00e9rance cutan\u00e9e<\/li><li>effet nettoyant \u00e9lev\u00e9<\/li><li>Application pratique test\u00e9e dans le test des 4 champs<\/li><\/ul>\n\n<p><strong>Bacoban<\/strong><sup> \u00ae<\/sup><strong> BM<\/strong> est un concentr\u00e9 \u00e0 base d&#8217;eau pour la d\u00e9sinfection et le nettoyage combin\u00e9s des stocks et des sols avec un effet antimicrobien durable (effet de r\u00e9manence).<\/p>\n\n<hr \/>\n\n<h4 class=\"wp-block-heading\" id=\"application\">Application<\/h4>\n\n<h3 class=\"wp-block-heading\" id=\"gebrauch\">utilisation<\/h3>\n\n<p>En dehors<strong> Bacoban<\/strong><sup> \u00ae<\/sup><strong> BM<\/strong> Pr\u00e9parer une solution pr\u00eate \u00e0 l&#8217;emploi selon le tableau de m\u00e9lange et humidifier suffisamment les surfaces. Ne pas rincer ni frotter pour s\u00e9cher. Temps de repos de la solution de travail fra\u00eechement pr\u00e9par\u00e9e : 8 heures<\/p>\n\n<figure class=\"wp-block-table\"><table><tbody><tr><td>Table de m\u00e9lange<\/td><\/tr><tr><td>Volume final<\/td><td>0,5 %<\/td><td>1 %<\/td><td>2 %<\/td><td>3 %<\/td><\/tr><tr><td>1 litre<\/td><td>5 ml<\/td><td>10 ml<\/td><td>20 ml<\/td><td>30 ml<\/td><\/tr><tr><td>2 litres<\/td><td>10 ml<\/td><td>20 ml<\/td><td>40 ml<\/td><td>60 ml<\/td><\/tr><tr><td>4 litres<\/td><td>20 ml<\/td><td>40 ml<\/td><td>80 ml<\/td><td>120 ml<\/td><\/tr><tr><td>8 litres<\/td><td>40 ml<\/td><td>80 ml<\/td><td>160 ml<\/td><td>240 ml<\/td><\/tr><tr><td>10 litres<\/td><td>50 ml<\/td><td>100 ml<\/td><td>200 ml<\/td><td>300 ml<\/td><\/tr><\/tbody><\/table><\/figure>\n\n<p>Effet antimicrobien durable <strong>(effet r\u00e9manent)<\/strong> jusqu&#8217;\u00e0 <strong>10 jours<\/strong> (test\u00e9 conform\u00e9ment \u00e0 la norme ASTM E 2180).<br \/>Test\u00e9 dermatologiquement (*\u00e0 1%) : tr\u00e8s bonne tol\u00e9rance cutan\u00e9e.<\/p>\n\n<h3 class=\"wp-block-heading\" id=\"lagerung\">stockage<\/h3>\n\n<p><strong>Bacoban<\/strong><sup> \u00ae<\/sup><strong> BM<\/strong> conserver entre +5 et + 25\u00b0C. Prot\u00e9ger du gel et de la lumi\u00e8re directe du soleil.<\/p>\n\n<hr \/>\n\n<h4 class=\"wp-block-heading\" id=\"advisor\">Guide pratique<\/h4>\n\n<h3 class=\"wp-block-heading\" id=\"gutachten\">\u00c9valuation<\/h3>\n\n<p>Nos produits ont \u00e9t\u00e9 largement test\u00e9s. Nous serons heureux de vous fournir nos rapports microbiologiques et dermatologiques sur demande.<\/p>\n\n<h3 class=\"wp-block-heading\" id=\"sicherheitshinweis\">Consigne de s\u00e9curit\u00e9<\/h3>\n\n<p>Fiche de donn\u00e9es de s\u00e9curit\u00e9 disponible sur demande.<\/p>\n\n<p><strong>Important<\/strong> ! L&#8217;effet r\u00e9manent antimicrobien de<strong> Bacoban<\/strong><sup> \u00ae<\/sup><strong> BM<\/strong> ne doit pas conduire \u00e0 l&#8217;omission des mesures de d\u00e9sinfection n\u00e9cessaires en cas de contamination visible et\/ou douteuse !<\/p>\n\n<p>L&#8217;association professionnelle prescrit le port de gants lors de la manipulation de d\u00e9sinfectants. Nocif en cas d&#8217;ingestion. Provoque des br\u00fblures de la peau et des l\u00e9sions oculaires graves. Tr\u00e8s toxique pour les organismes aquatiques. Toxique pour les organismes aquatiques, entra\u00eene des effets n\u00e9fastes \u00e0 long terme. Ne pas manger, boire ou fumer pendant l&#8217;utilisation. EN CAS D&#8217;INGESTION : Rincer la bouche. NE PAS faire vomir. EN CAS DE CONTACT AVEC LA PEAU (ou les cheveux) : Retirer imm\u00e9diatement tous les v\u00eatements contamin\u00e9s. Rincer\/doucher la peau \u00e0 l&#8217;eau. EN CAS DE CONTACT AVEC LES YEUX : Rincer d\u00e9licatement \u00e0 l&#8217;eau pendant plusieurs minutes. Enlever les lentilles de contact existantes si possible. Continuer \u00e0 rincer. Appeler imm\u00e9diatement un CENTRE ANTIPOISON ou un m\u00e9decin. Si un avis m\u00e9dical est requis, garder l&#8217;emballage ou l&#8217;\u00e9tiquette \u00e0 port\u00e9e de main. Conserver hors de port\u00e9e des enfants.<br \/>Utiliser uniquement avec de l&#8217;eau et conform\u00e9ment au tableau des m\u00e9langes. Ne pas utiliser avec d&#8217;autres nettoyants ou d\u00e9sinfectants.<\/p>\n\n<p>Peut \u00eatre utilis\u00e9 sur toutes les surfaces. Pour les surfaces dont la sensibilit\u00e9 est douteuse, nous recommandons de proc\u00e9der \u00e0 un test de r\u00e9sistance \u00e0 un endroit peu visible. Conservation uniquement dans un r\u00e9cipient ferm\u00e9. Conserver au frais et au sec.<\/p>\n\n<p>Le r\u00e9cipient ne peut \u00eatre recycl\u00e9 que lorsqu&#8217;il est enti\u00e8rement vide. Ne pas utiliser apr\u00e8s la date de p\u00e9remption. \u00c9liminer dans un centre de collecte appropri\u00e9 en respectant les r\u00e9glementations locales et officielles.<\/p>\n\n<p>Biocide Reg.Nr : N-28795 (D). 263\/17\/L (Lu)<\/p>\n\n<p>La <strong>solution pr\u00eate<\/strong> \u00e0 l&#8217;emploi selon le tableau de m\u00e9lange ne n\u00e9cessite pas de symbole de danger.<\/p>\n\n<h3 class=\"wp-block-heading\" id=\"zusammensetzung\">composition<\/h3>\n\n<p>100 g de solution contiennent : chlorure de benzalkonium 26 g, pyrithione de sodium 2,5 g, polycondensats, parfums, eau purifi\u00e9e. Ingr\u00e9dients selon le r\u00e8glement (CE) n\u00b0648\/2004 : 15 % et plus, mais moins de 30 % de tensioactifs cationiques, d\u00e9sinfectants, parfums (linalol, limon\u00e8ne, citral, g\u00e9raniol, citronellol).<br \/>Sans formald\u00e9hyde, sans ph\u00e9nol.<\/p>\n\n<figure class=\"wp-block-table\"><table><tbody><tr><td>efficacit\u00e9<\/td><\/tr><tr><td>Test selon les directives DVV \/ RKI<\/td><td>dilution<\/td><td>D\u00e9lai d&#8217;exposition<\/td><\/tr><tr><td>Virucide limit\u00e9 (virus envelopp\u00e9s, y compris <strong>coronavirus<\/strong>,<br \/>VIH, VHB, VHC, influenza, herp\u00e8s, virus Ebola&#8230;.)<\/td><td>1,00 %<\/td><td>5 minutes<\/td><\/tr><tr><td>Ad\u00e9novirus<\/td><td>2,00 %<\/td><td>240 minutes<\/td><\/tr><tr><td>Virus du papillome humain (VPH)<\/td><td>1,00 %<\/td><td>60 minutes<\/td><\/tr><tr><td>Norovirus<\/td><td>1,00 %<\/td><td>30 minutes<\/td><\/tr><tr><td>Essai selon la directive DGHM (avec m\u00e9canique, charge \u00e9lev\u00e9e)<\/td><\/tr><tr><td>bact\u00e9ricide et levuricide<\/td><td>1,00 %<\/td><td>5 minutes<\/td><\/tr><tr><td>Normes EN<\/td><\/tr><tr><td>EN 1040 (bact\u00e9ricide)<\/td><td>0,25 %<\/td><td>5 minutes<\/td><\/tr><tr><td>EN 1275 (levure)<\/td><td>0,25 %<\/td><td>5 minutes<\/td><\/tr><tr><td>EN 1276 (bact\u00e9ricide)<\/td><td>0,75 %<\/td><td>5 minutes<\/td><\/tr><tr><td>\u00a0<\/td><td>0,50 %<\/td><td>15 minutes<\/td><\/tr><tr><td>EN 13727 (bact\u00e9ricide)<\/td><td>1,00 %<\/td><td>5 minutes<\/td><\/tr><tr><td>EN 13624 (levure, fongicide)<\/td><td>1,00 %<\/td><td>5 minutes<\/td><\/tr><tr><td>EN 1650 (levure)<\/td><td>0,50 %<\/td><td>5 minutes<\/td><\/tr><tr><td>\u00a0<\/td><td>0,25 %<\/td><td>15 minutes<\/td><\/tr><tr><td>EN 13697 (bact\u00e9ricide)<\/td><td>0,50 %<\/td><td>15 minutes<\/td><\/tr><tr><td>EN 14561 (bact\u00e9ricide)<\/td><td>0,50 %<\/td><td>15 minutes<\/td><\/tr><tr><td>\u00a0<\/td><td>0,50 %<\/td><td>60 minutes<\/td><\/tr><tr><td>EN 14562 (levure)<\/td><td>0,50 %<\/td><td>60 minutes<\/td><\/tr><tr><td>EN 16615 (bact\u00e9ricide, levuricide) (test sur 4 champs)<\/td><td>1,00 %<\/td><td>5 minutes<\/td><\/tr><\/tbody><\/table><\/figure>\n\n<p><strong>Utilisez les d\u00e9sinfectants avec pr\u00e9caution. Toujours lire l&#8217;\u00e9tiquette et les informations avant de les utiliser.<\/strong><\/p>\n","protected":false},"excerpt":{"rendered":"<p style=\"color: #545454;font-family: Verdana, sans-serif;font-size: 11px;line-height: 15.666666984558105px\"><strong>D\u00e9sinfection et nettoyage des surfaces sans alcool<\/strong><\/p>\n","protected":false},"featured_media":21953,"template":"","meta":{"_acf_changed":false,"neve_meta_sidebar":"","neve_meta_container":"","neve_meta_enable_content_width":"","neve_meta_content_width":0,"neve_meta_title_alignment":"","neve_meta_author_avatar":"","neve_post_elements_order":"","neve_meta_disable_header":"","neve_meta_disable_footer":"","neve_meta_disable_title":"","neve_meta_reading_time":"","_surfaces":[],"_ver_product_tabs":[],"footnotes":""},"product_brand":[],"product_cat":[2346,2349,2351],"product_tag":[],"class_list":{"0":"post-22877","1":"product","2":"type-product","3":"status-publish","4":"has-post-thumbnail","6":"product_cat-desinfectants","7":"product_cat-desinfectants-de-surfaces","8":"product_cat-concentres-desinfectants","10":"first","11":"instock","12":"taxable","13":"shipping-taxable","14":"purchasable","15":"product-type-simple"},"acf":[],"yoast_head":"<!-- This site is optimized with the Yoast SEO Premium plugin v22.8 (Yoast SEO v27.5) - https:\/\/yoast.com\/product\/yoast-seo-premium-wordpress\/ -->\n<title>1 litre de concentr\u00e9 BACOBAN\u00ae pour 100 litres de d\u00e9sinfection de surface longue dur\u00e9e - versiegelung24.com<\/title>\n<meta name=\"robots\" content=\"index, follow, max-snippet:-1, max-image-preview:large, max-video-preview:-1\" \/>\n<link rel=\"canonical\" href=\"https:\/\/www.versiegelung24.com\/fr\/concentre-de-desinfection-de-surface-longue-duree-bacoban.html\" \/>\n<meta property=\"og:locale\" content=\"fr_FR\" \/>\n<meta property=\"og:type\" content=\"article\" \/>\n<meta property=\"og:title\" content=\"1 litre de concentr\u00e9 BACOBAN\u00ae pour 100 litres de d\u00e9sinfection de surface longue dur\u00e9e\" \/>\n<meta property=\"og:description\" content=\"D\u00e9sinfection et nettoyage des surfaces sans alcool\" \/>\n<meta property=\"og:url\" content=\"https:\/\/www.versiegelung24.com\/fr\/concentre-de-desinfection-de-surface-longue-duree-bacoban.html\" \/>\n<meta property=\"og:site_name\" content=\"versiegelung24.com\" \/>\n<meta property=\"article:modified_time\" content=\"2025-01-13T15:35:56+00:00\" \/>\n<meta property=\"og:image\" content=\"https:\/\/www.versiegelung24.com\/wp-content\/uploads\/2020\/04\/bacwb1-bacoban-langzeitdesinfektion-konzentrat-1-liter.png\" \/>\n\t<meta property=\"og:image:width\" content=\"1000\" \/>\n\t<meta property=\"og:image:height\" content=\"1000\" \/>\n\t<meta property=\"og:image:type\" content=\"image\/png\" \/>\n<meta name=\"twitter:card\" content=\"summary_large_image\" \/>\n<meta name=\"twitter:label1\" content=\"Prix\" \/>\n\t<meta name=\"twitter:data1\" content=\"89,90&euro;\" \/>\n\t<meta name=\"twitter:label2\" content=\"Disponibilit\u00e9\" \/>\n\t<meta name=\"twitter:data2\" content=\"En stock\" \/>\n<script type=\"application\/ld+json\" class=\"yoast-schema-graph\">{\"@context\":\"https:\\\/\\\/schema.org\",\"@graph\":[{\"@type\":\"WebPage\",\"@id\":\"https:\\\/\\\/www.versiegelung24.com\\\/fr\\\/concentre-de-desinfection-de-surface-longue-duree-bacoban.html\",\"url\":\"https:\\\/\\\/www.versiegelung24.com\\\/fr\\\/concentre-de-desinfection-de-surface-longue-duree-bacoban.html\",\"name\":\"1 litre de concentr\u00e9 BACOBAN\u00ae pour 100 litres de d\u00e9sinfection de surface longue dur\u00e9e - versiegelung24.com\",\"isPartOf\":{\"@id\":\"https:\\\/\\\/www.versiegelung24.com\\\/fr\\\/#website\"},\"primaryImageOfPage\":{\"@id\":\"https:\\\/\\\/www.versiegelung24.com\\\/fr\\\/concentre-de-desinfection-de-surface-longue-duree-bacoban.html#primaryimage\"},\"image\":{\"@id\":\"https:\\\/\\\/www.versiegelung24.com\\\/fr\\\/concentre-de-desinfection-de-surface-longue-duree-bacoban.html#primaryimage\"},\"thumbnailUrl\":\"https:\\\/\\\/www.versiegelung24.com\\\/wp-content\\\/uploads\\\/2020\\\/04\\\/bacwb1-bacoban-langzeitdesinfektion-konzentrat-1-liter.png\",\"datePublished\":\"2021-08-02T19:06:19+00:00\",\"dateModified\":\"2025-01-13T15:35:56+00:00\",\"breadcrumb\":{\"@id\":\"https:\\\/\\\/www.versiegelung24.com\\\/fr\\\/concentre-de-desinfection-de-surface-longue-duree-bacoban.html#breadcrumb\"},\"inLanguage\":\"fr-FR\",\"potentialAction\":[{\"@type\":\"ReadAction\",\"target\":[\"https:\\\/\\\/www.versiegelung24.com\\\/fr\\\/concentre-de-desinfection-de-surface-longue-duree-bacoban.html\"]}]},{\"@type\":\"ImageObject\",\"inLanguage\":\"fr-FR\",\"@id\":\"https:\\\/\\\/www.versiegelung24.com\\\/fr\\\/concentre-de-desinfection-de-surface-longue-duree-bacoban.html#primaryimage\",\"url\":\"https:\\\/\\\/www.versiegelung24.com\\\/wp-content\\\/uploads\\\/2020\\\/04\\\/bacwb1-bacoban-langzeitdesinfektion-konzentrat-1-liter.png\",\"contentUrl\":\"https:\\\/\\\/www.versiegelung24.com\\\/wp-content\\\/uploads\\\/2020\\\/04\\\/bacwb1-bacoban-langzeitdesinfektion-konzentrat-1-liter.png\",\"width\":1000,\"height\":1000},{\"@type\":\"BreadcrumbList\",\"@id\":\"https:\\\/\\\/www.versiegelung24.com\\\/fr\\\/concentre-de-desinfection-de-surface-longue-duree-bacoban.html#breadcrumb\",\"itemListElement\":[{\"@type\":\"ListItem\",\"position\":1,\"name\":\"Page d'accueil\",\"item\":\"https:\\\/\\\/www.versiegelung24.com\\\/fr\\\/front\\\/\"},{\"@type\":\"ListItem\",\"position\":2,\"name\":\"Boutique\",\"item\":\"https:\\\/\\\/www.versiegelung24.com\\\/fr\\\/boutique-2\\\/\"},{\"@type\":\"ListItem\",\"position\":3,\"name\":\"1 litre de concentr\u00e9 BACOBAN\u00ae pour 100 litres de d\u00e9sinfection de surface longue dur\u00e9e\"}]},{\"@type\":\"WebSite\",\"@id\":\"https:\\\/\\\/www.versiegelung24.com\\\/fr\\\/#website\",\"url\":\"https:\\\/\\\/www.versiegelung24.com\\\/fr\\\/\",\"name\":\"versiegelung24.com\",\"description\":\"Fl\u00fcssigglas-Versiegelung - Made in Germany\",\"publisher\":{\"@id\":\"https:\\\/\\\/www.versiegelung24.com\\\/fr\\\/#organization\"},\"potentialAction\":[{\"@type\":\"SearchAction\",\"target\":{\"@type\":\"EntryPoint\",\"urlTemplate\":\"https:\\\/\\\/www.versiegelung24.com\\\/fr\\\/?s={search_term_string}\"},\"query-input\":{\"@type\":\"PropertyValueSpecification\",\"valueRequired\":true,\"valueName\":\"search_term_string\"}}],\"inLanguage\":\"fr-FR\"},{\"@type\":\"Organization\",\"@id\":\"https:\\\/\\\/www.versiegelung24.com\\\/fr\\\/#organization\",\"name\":\"versiegelung24\",\"url\":\"https:\\\/\\\/www.versiegelung24.com\\\/fr\\\/\",\"logo\":{\"@type\":\"ImageObject\",\"inLanguage\":\"fr-FR\",\"@id\":\"https:\\\/\\\/www.versiegelung24.com\\\/fr\\\/#\\\/schema\\\/logo\\\/image\\\/\",\"url\":\"https:\\\/\\\/www.versiegelung24.com\\\/wp-content\\\/uploads\\\/2020\\\/04\\\/versiegelung24.png\",\"contentUrl\":\"https:\\\/\\\/www.versiegelung24.com\\\/wp-content\\\/uploads\\\/2020\\\/04\\\/versiegelung24.png\",\"width\":470,\"height\":102,\"caption\":\"versiegelung24\"},\"image\":{\"@id\":\"https:\\\/\\\/www.versiegelung24.com\\\/fr\\\/#\\\/schema\\\/logo\\\/image\\\/\"}}]}<\/script>\n<meta property=\"product:price:amount\" content=\"89.90\" \/>\n<meta property=\"product:price:currency\" content=\"EUR\" \/>\n<meta property=\"og:availability\" content=\"instock\" \/>\n<meta property=\"product:availability\" content=\"instock\" \/>\n<meta property=\"product:retailer_item_id\" content=\"BACWB1D\" \/>\n<meta property=\"product:condition\" content=\"new\" \/>\n<!-- \/ Yoast SEO Premium plugin. -->","yoast_head_json":{"title":"1 litre de concentr\u00e9 BACOBAN\u00ae pour 100 litres de d\u00e9sinfection de surface longue dur\u00e9e - versiegelung24.com","robots":{"index":"index","follow":"follow","max-snippet":"max-snippet:-1","max-image-preview":"max-image-preview:large","max-video-preview":"max-video-preview:-1"},"canonical":"https:\/\/www.versiegelung24.com\/fr\/concentre-de-desinfection-de-surface-longue-duree-bacoban.html","og_locale":"fr_FR","og_type":"article","og_title":"1 litre de concentr\u00e9 BACOBAN\u00ae pour 100 litres de d\u00e9sinfection de surface longue dur\u00e9e","og_description":"D\u00e9sinfection et nettoyage des surfaces sans alcool","og_url":"https:\/\/www.versiegelung24.com\/fr\/concentre-de-desinfection-de-surface-longue-duree-bacoban.html","og_site_name":"versiegelung24.com","article_modified_time":"2025-01-13T15:35:56+00:00","og_image":[{"width":1000,"height":1000,"url":"https:\/\/www.versiegelung24.com\/wp-content\/uploads\/2020\/04\/bacwb1-bacoban-langzeitdesinfektion-konzentrat-1-liter.png","type":"image\/png"}],"twitter_card":"summary_large_image","twitter_misc":{"Prix":"89,90&euro;","Disponibilit\u00e9":"En stock"},"schema":{"@context":"https:\/\/schema.org","@graph":[{"@type":"WebPage","@id":"https:\/\/www.versiegelung24.com\/fr\/concentre-de-desinfection-de-surface-longue-duree-bacoban.html","url":"https:\/\/www.versiegelung24.com\/fr\/concentre-de-desinfection-de-surface-longue-duree-bacoban.html","name":"1 litre de concentr\u00e9 BACOBAN\u00ae pour 100 litres de d\u00e9sinfection de surface longue dur\u00e9e - versiegelung24.com","isPartOf":{"@id":"https:\/\/www.versiegelung24.com\/fr\/#website"},"primaryImageOfPage":{"@id":"https:\/\/www.versiegelung24.com\/fr\/concentre-de-desinfection-de-surface-longue-duree-bacoban.html#primaryimage"},"image":{"@id":"https:\/\/www.versiegelung24.com\/fr\/concentre-de-desinfection-de-surface-longue-duree-bacoban.html#primaryimage"},"thumbnailUrl":"https:\/\/www.versiegelung24.com\/wp-content\/uploads\/2020\/04\/bacwb1-bacoban-langzeitdesinfektion-konzentrat-1-liter.png","datePublished":"2021-08-02T19:06:19+00:00","dateModified":"2025-01-13T15:35:56+00:00","breadcrumb":{"@id":"https:\/\/www.versiegelung24.com\/fr\/concentre-de-desinfection-de-surface-longue-duree-bacoban.html#breadcrumb"},"inLanguage":"fr-FR","potentialAction":[{"@type":"ReadAction","target":["https:\/\/www.versiegelung24.com\/fr\/concentre-de-desinfection-de-surface-longue-duree-bacoban.html"]}]},{"@type":"ImageObject","inLanguage":"fr-FR","@id":"https:\/\/www.versiegelung24.com\/fr\/concentre-de-desinfection-de-surface-longue-duree-bacoban.html#primaryimage","url":"https:\/\/www.versiegelung24.com\/wp-content\/uploads\/2020\/04\/bacwb1-bacoban-langzeitdesinfektion-konzentrat-1-liter.png","contentUrl":"https:\/\/www.versiegelung24.com\/wp-content\/uploads\/2020\/04\/bacwb1-bacoban-langzeitdesinfektion-konzentrat-1-liter.png","width":1000,"height":1000},{"@type":"BreadcrumbList","@id":"https:\/\/www.versiegelung24.com\/fr\/concentre-de-desinfection-de-surface-longue-duree-bacoban.html#breadcrumb","itemListElement":[{"@type":"ListItem","position":1,"name":"Page d'accueil","item":"https:\/\/www.versiegelung24.com\/fr\/front\/"},{"@type":"ListItem","position":2,"name":"Boutique","item":"https:\/\/www.versiegelung24.com\/fr\/boutique-2\/"},{"@type":"ListItem","position":3,"name":"1 litre de concentr\u00e9 BACOBAN\u00ae pour 100 litres de d\u00e9sinfection de surface longue dur\u00e9e"}]},{"@type":"WebSite","@id":"https:\/\/www.versiegelung24.com\/fr\/#website","url":"https:\/\/www.versiegelung24.com\/fr\/","name":"versiegelung24.com","description":"Fl\u00fcssigglas-Versiegelung - Made in Germany","publisher":{"@id":"https:\/\/www.versiegelung24.com\/fr\/#organization"},"potentialAction":[{"@type":"SearchAction","target":{"@type":"EntryPoint","urlTemplate":"https:\/\/www.versiegelung24.com\/fr\/?s={search_term_string}"},"query-input":{"@type":"PropertyValueSpecification","valueRequired":true,"valueName":"search_term_string"}}],"inLanguage":"fr-FR"},{"@type":"Organization","@id":"https:\/\/www.versiegelung24.com\/fr\/#organization","name":"versiegelung24","url":"https:\/\/www.versiegelung24.com\/fr\/","logo":{"@type":"ImageObject","inLanguage":"fr-FR","@id":"https:\/\/www.versiegelung24.com\/fr\/#\/schema\/logo\/image\/","url":"https:\/\/www.versiegelung24.com\/wp-content\/uploads\/2020\/04\/versiegelung24.png","contentUrl":"https:\/\/www.versiegelung24.com\/wp-content\/uploads\/2020\/04\/versiegelung24.png","width":470,"height":102,"caption":"versiegelung24"},"image":{"@id":"https:\/\/www.versiegelung24.com\/fr\/#\/schema\/logo\/image\/"}}]},"product_price_amount":"89.90","product_price_currency":"EUR","og_availability":"instock","product_availability":"instock","product_retailer_item_id":"BACWB1D","product_condition":"new"},"_links":{"self":[{"href":"https:\/\/www.versiegelung24.com\/fr\/wp-json\/wp\/v2\/product\/22877","targetHints":{"allow":["GET"]}}],"collection":[{"href":"https:\/\/www.versiegelung24.com\/fr\/wp-json\/wp\/v2\/product"}],"about":[{"href":"https:\/\/www.versiegelung24.com\/fr\/wp-json\/wp\/v2\/types\/product"}],"version-history":[{"count":17,"href":"https:\/\/www.versiegelung24.com\/fr\/wp-json\/wp\/v2\/product\/22877\/revisions"}],"predecessor-version":[{"id":180478,"href":"https:\/\/www.versiegelung24.com\/fr\/wp-json\/wp\/v2\/product\/22877\/revisions\/180478"}],"wp:featuredmedia":[{"embeddable":true,"href":"https:\/\/www.versiegelung24.com\/fr\/wp-json\/wp\/v2\/media\/21953"}],"wp:attachment":[{"href":"https:\/\/www.versiegelung24.com\/fr\/wp-json\/wp\/v2\/media?parent=22877"}],"wp:term":[{"taxonomy":"product_brand","embeddable":true,"href":"https:\/\/www.versiegelung24.com\/fr\/wp-json\/wp\/v2\/product_brand?post=22877"},{"taxonomy":"product_cat","embeddable":true,"href":"https:\/\/www.versiegelung24.com\/fr\/wp-json\/wp\/v2\/product_cat?post=22877"},{"taxonomy":"product_tag","embeddable":true,"href":"https:\/\/www.versiegelung24.com\/fr\/wp-json\/wp\/v2\/product_tag?post=22877"}],"curies":[{"name":"wp","href":"https:\/\/api.w.org\/{rel}","templated":true}]}}