{"id":22987,"date":"2020-04-04T18:53:18","date_gmt":"2021-08-02T19:10:17","guid":{"rendered":"https:\/\/www.versiegelung24.com\/produkt\/lingettes-desinfectantes-de-surfaces-longue-duree-bacoban-50-pieces-en-pack-plat"},"modified":"2025-01-13T16:37:53","modified_gmt":"2025-01-13T15:37:53","slug":"chiffons-de-desinfection-de-surface-long-terme-bacoban-50-pieces-en-pack-plat-format-180-x-200mm","status":"publish","type":"product","link":"https:\/\/www.versiegelung24.com\/fr\/chiffons-de-desinfection-de-surface-long-terme-bacoban-50-pieces-en-pack-plat-format-180-x-200mm.html","title":{"rendered":"Lingettes d\u00e9sinfectantes de surfaces longue dur\u00e9e BACOBAN\u00ae, 50 pi\u00e8ces en pack plat"},"content":{"rendered":"\n<p>Lingettes humides pr\u00eates \u00e0 l&#8217;emploi pour la d\u00e9sinfection des surfaces r\u00e9sistantes \u00e0 l&#8217;alcool<\/p>\n\n<hr \/>\n\n<h4 class=\"wp-block-heading\" id=\"properties\">Caract\u00e9ristiques du produit<\/h4>\n\n<div class=\"wp-block-columns is-layout-flex wp-container-core-columns-is-layout-9d6595d7 wp-block-columns-is-layout-flex\">\n<div class=\"wp-block-column is-layout-flow wp-block-column-is-layout-flow\">\n<ul class=\"wp-block-list\">\n<li>effet antimicrobien durable (effet r\u00e9manent)<br \/>jusqu&#8217;\u00e0 10 jours<\/li>\n\n\n\n<li>efficace contre le coronavirus<\/li>\n\n\n\n<li>tr\u00e8s bonne tol\u00e9rance cutan\u00e9e<\/li>\n\n\n\n<li>effet nettoyant \u00e9lev\u00e9<\/li>\n\n\n\n<li>Application pratique test\u00e9e dans le test des 4 champs<\/li>\n<\/ul>\n<\/div>\n\n\n\n<div class=\"wp-block-column is-layout-flow wp-block-column-is-layout-flow\">\n<h3 class=\"wp-block-heading\" id=\"zusammensetzung\">composition<\/h3>\n\n\n\n<p>100 g de solution contiennent : Chlorure de benzalkonium 0,26 g, pyrithione sodique 0,025 g, polycondensats, parfums, eau purifi\u00e9e.<br \/>Ingr\u00e9dients conformes au r\u00e8glement (CE) n\u00b0 648\/2004 : moins de 5% d&#8217;agents de surface cationiques, d\u00e9sinfectant, parfum.<br \/>Sans formald\u00e9hyde, sans ph\u00e9nol.<\/p>\n<\/div>\n<\/div>\n\n<hr \/>\n\n<h4 class=\"wp-block-heading\" id=\"application\">Application<\/h4>\n\n<p><strong>Bacoban<\/strong><sup> \u00ae<\/sup><strong> DL<\/strong> est une solution aqueuse pr\u00eate \u00e0 l&#8217;emploi pour la d\u00e9sinfection et le nettoyage des surfaces avec un effet antimicrobien durable (effet r\u00e9manence).<\/p>\n\n<h3 class=\"wp-block-heading\" id=\"gebrauch\">utilisation<\/h3>\n\n<p><strong>Bacoban<\/strong><sup> \u00ae<\/sup><strong> DL<\/strong> Retirez le chiffon pr\u00eat \u00e0 l&#8217;emploi et r\u00e9partissez le liquide uniform\u00e9ment sur la surface. Puis laissez s\u00e9cher. Ne pas rincer ni frotter pour s\u00e9cher.<\/p>\n\n<figure class=\"wp-block-table\"><table><tbody><tr><td>efficacit\u00e9<\/td><\/tr><tr><td>Test selon les directives DVV \/ RKI<\/td><td>D\u00e9lai d&#8217;exposition<\/td><\/tr><tr><td>Virucide limit\u00e9 (virus envelopp\u00e9s, y compris <strong>coronavirus<\/strong>,<br \/>VIH, VHB, VHC, influenza, herp\u00e8s, virus Ebola&#8230;.)<\/td><td>5 minutes<\/td><\/tr><tr><td>Rotavirus<\/td><td>5 minutes<\/td><\/tr><tr><td>Norovirus<\/td><td>30 minutes<\/td><\/tr><tr><td>Papillomavirus (HPV)<\/td><td>60 minutes<\/td><\/tr><tr><td>Essai selon la directive DGHM (avec m\u00e9canique, charge \u00e9lev\u00e9e)<\/td><\/tr><tr><td>bact\u00e9ricide et levuricide<\/td><td>5 minutes<\/td><\/tr><tr><td>Normes EN<\/td><\/tr><tr><td>EN 1040 (bact\u00e9ricide)<\/td><td>5 minutes<\/td><\/tr><tr><td>EN 1275 (levure)<\/td><td>5 minutes<\/td><\/tr><tr><td>EN 1276 (bact\u00e9ricide)<\/td><td>5 minutes<\/td><\/tr><tr><td>EN 13727 (bact\u00e9ricide)<\/td><td>5 minutes<\/td><\/tr><tr><td>EN 13624 (levure, fongicide)<\/td><td>5 minutes<\/td><\/tr><tr><td>EN 1650 (levure)<\/td><td>5 minutes<\/td><\/tr><tr><td>EN 13697 (bact\u00e9ricide)<\/td><td>5 minutes<\/td><\/tr><tr><td>EN 14561 (bact\u00e9ricide)<\/td><td>60 minutes<\/td><\/tr><tr><td>EN 14562 (levure)<\/td><td>60 minutes<\/td><\/tr><tr><td>EN 16615 (bact\u00e9ricide, levuricide) (test sur 4 champs)<\/td><td>5 minutes<\/td><\/tr><\/tbody><\/table><\/figure>\n\n<hr \/>\n\n<h4 class=\"wp-block-heading\" id=\"advisor\">Guide pratique<\/h4>\n\n<h3 class=\"wp-block-heading\" id=\"lagerung\">stockage<\/h3>\n\n<p><strong>Bacoban<\/strong><sup> \u00ae<\/sup><strong> DL<\/strong> conserver entre +5 et + 25\u00b0C. Prot\u00e9ger du gel et de la lumi\u00e8re directe du soleil.<\/p>\n\n<h3 class=\"wp-block-heading\" id=\"gutachten\">\u00c9valuation<\/h3>\n\n<p>Nos produits ont \u00e9t\u00e9 largement test\u00e9s. Nous serons heureux de vous fournir nos rapports microbiologiques et dermatologiques sur demande.<\/p>\n\n<h3 class=\"wp-block-heading\" id=\"sicherheitshinweis\">Consigne de s\u00e9curit\u00e9<\/h3>\n\n<p>Fiche de donn\u00e9es de s\u00e9curit\u00e9 disponible sur demande.<\/p>\n\n<p>Effet antimicrobien durable <strong>(effet r\u00e9manent)<\/strong> jusqu&#8217;\u00e0 <strong>10 jours<\/strong> (test\u00e9 conform\u00e9ment \u00e0 la norme ASTM E 2180).<br \/>Test\u00e9 dermatologiquement (test \u00e9picutan\u00e9 sur 30 volontaires) : tr\u00e8s bonne tol\u00e9rance cutan\u00e9e.<\/p>\n\n<p><strong>Important<\/strong> ! L&#8217;effet r\u00e9manent antimicrobien de<strong> Bacoban<\/strong><sup> \u00ae<\/sup><strong> DL<\/strong> ne doit pas conduire \u00e0 l&#8217;omission des mesures de d\u00e9sinfection n\u00e9cessaires en cas de contamination visible et\/ou douteuse !<\/p>\n\n<p><strong>Utilisez les d\u00e9sinfectants avec pr\u00e9caution. Toujours lire l&#8217;\u00e9tiquette et les informations avant de les utiliser.<\/strong><\/p>\n\n<p>Biocide Reg.No.: N-34071 (D), 262\/17 \/ L (Lu), PT2<\/p>\n","protected":false},"excerpt":{"rendered":"<p><strong>Lingettes humides pr\u00eates \u00e0 l&#8217;emploi pour la d\u00e9sinfection des surfaces<\/strong><\/p>\n","protected":false},"featured_media":176463,"template":"","meta":{"_acf_changed":false,"neve_meta_sidebar":"","neve_meta_container":"","neve_meta_enable_content_width":"","neve_meta_content_width":0,"neve_meta_title_alignment":"","neve_meta_author_avatar":"","neve_post_elements_order":"","neve_meta_disable_header":"","neve_meta_disable_footer":"","neve_meta_disable_title":"","neve_meta_reading_time":"","_surfaces":[],"_ver_product_tabs":[],"footnotes":""},"product_brand":[],"product_cat":[2346,2349],"product_tag":[],"class_list":{"0":"post-22987","1":"product","2":"type-product","3":"status-publish","4":"has-post-thumbnail","6":"product_cat-desinfectants","7":"product_cat-desinfectants-de-surfaces","9":"first","10":"onbackorder","11":"taxable","12":"shipping-taxable","13":"purchasable","14":"product-type-simple"},"acf":[],"yoast_head":"<!-- This site is optimized with the Yoast SEO Premium plugin v22.8 (Yoast SEO v27.5) - https:\/\/yoast.com\/product\/yoast-seo-premium-wordpress\/ -->\n<title>Lingettes d\u00e9sinfectantes de surfaces longue dur\u00e9e BACOBAN\u00ae, 50 pi\u00e8ces en pack plat - versiegelung24.com<\/title>\n<meta name=\"robots\" content=\"index, follow, max-snippet:-1, max-image-preview:large, max-video-preview:-1\" \/>\n<link rel=\"canonical\" href=\"https:\/\/www.versiegelung24.com\/fr\/chiffons-de-desinfection-de-surface-long-terme-bacoban-50-pieces-en-pack-plat-format-180-x-200mm.html\" \/>\n<meta property=\"og:locale\" content=\"fr_FR\" \/>\n<meta property=\"og:type\" content=\"article\" \/>\n<meta property=\"og:title\" content=\"Lingettes d\u00e9sinfectantes de surfaces longue dur\u00e9e BACOBAN\u00ae, 50 pi\u00e8ces en pack plat\" \/>\n<meta property=\"og:description\" content=\"Lingettes humides pr\u00eates \u00e0 l&#039;emploi pour la d\u00e9sinfection des surfaces\" \/>\n<meta property=\"og:url\" content=\"https:\/\/www.versiegelung24.com\/fr\/chiffons-de-desinfection-de-surface-long-terme-bacoban-50-pieces-en-pack-plat-format-180-x-200mm.html\" \/>\n<meta property=\"og:site_name\" content=\"versiegelung24.com\" \/>\n<meta property=\"article:modified_time\" content=\"2025-01-13T15:37:53+00:00\" \/>\n<meta property=\"og:image\" content=\"https:\/\/www.versiegelung24.com\/wp-content\/uploads\/2020\/04\/bacotue-produktbild-schraeg.webp\" \/>\n\t<meta property=\"og:image:width\" content=\"2000\" \/>\n\t<meta property=\"og:image:height\" content=\"2000\" \/>\n\t<meta property=\"og:image:type\" content=\"image\/webp\" \/>\n<meta name=\"twitter:card\" content=\"summary_large_image\" \/>\n<meta name=\"twitter:label1\" content=\"Prix\" \/>\n\t<meta name=\"twitter:data1\" content=\"7,79&euro;\" \/>\n\t<meta name=\"twitter:label2\" content=\"Disponibilit\u00e9\" \/>\n\t<meta name=\"twitter:data2\" content=\"En r\u00e9assort\" \/>\n<script type=\"application\/ld+json\" class=\"yoast-schema-graph\">{\"@context\":\"https:\\\/\\\/schema.org\",\"@graph\":[{\"@type\":\"WebPage\",\"@id\":\"https:\\\/\\\/www.versiegelung24.com\\\/fr\\\/chiffons-de-desinfection-de-surface-long-terme-bacoban-50-pieces-en-pack-plat-format-180-x-200mm.html\",\"url\":\"https:\\\/\\\/www.versiegelung24.com\\\/fr\\\/chiffons-de-desinfection-de-surface-long-terme-bacoban-50-pieces-en-pack-plat-format-180-x-200mm.html\",\"name\":\"Lingettes d\u00e9sinfectantes de surfaces longue dur\u00e9e BACOBAN\u00ae, 50 pi\u00e8ces en pack plat - versiegelung24.com\",\"isPartOf\":{\"@id\":\"https:\\\/\\\/www.versiegelung24.com\\\/fr\\\/#website\"},\"primaryImageOfPage\":{\"@id\":\"https:\\\/\\\/www.versiegelung24.com\\\/fr\\\/chiffons-de-desinfection-de-surface-long-terme-bacoban-50-pieces-en-pack-plat-format-180-x-200mm.html#primaryimage\"},\"image\":{\"@id\":\"https:\\\/\\\/www.versiegelung24.com\\\/fr\\\/chiffons-de-desinfection-de-surface-long-terme-bacoban-50-pieces-en-pack-plat-format-180-x-200mm.html#primaryimage\"},\"thumbnailUrl\":\"https:\\\/\\\/www.versiegelung24.com\\\/wp-content\\\/uploads\\\/2020\\\/04\\\/bacotue-produktbild-schraeg.webp\",\"datePublished\":\"2021-08-02T19:10:17+00:00\",\"dateModified\":\"2025-01-13T15:37:53+00:00\",\"breadcrumb\":{\"@id\":\"https:\\\/\\\/www.versiegelung24.com\\\/fr\\\/chiffons-de-desinfection-de-surface-long-terme-bacoban-50-pieces-en-pack-plat-format-180-x-200mm.html#breadcrumb\"},\"inLanguage\":\"fr-FR\",\"potentialAction\":[{\"@type\":\"ReadAction\",\"target\":[\"https:\\\/\\\/www.versiegelung24.com\\\/fr\\\/chiffons-de-desinfection-de-surface-long-terme-bacoban-50-pieces-en-pack-plat-format-180-x-200mm.html\"]}]},{\"@type\":\"ImageObject\",\"inLanguage\":\"fr-FR\",\"@id\":\"https:\\\/\\\/www.versiegelung24.com\\\/fr\\\/chiffons-de-desinfection-de-surface-long-terme-bacoban-50-pieces-en-pack-plat-format-180-x-200mm.html#primaryimage\",\"url\":\"https:\\\/\\\/www.versiegelung24.com\\\/wp-content\\\/uploads\\\/2020\\\/04\\\/bacotue-produktbild-schraeg.webp\",\"contentUrl\":\"https:\\\/\\\/www.versiegelung24.com\\\/wp-content\\\/uploads\\\/2020\\\/04\\\/bacotue-produktbild-schraeg.webp\",\"width\":2000,\"height\":2000},{\"@type\":\"BreadcrumbList\",\"@id\":\"https:\\\/\\\/www.versiegelung24.com\\\/fr\\\/chiffons-de-desinfection-de-surface-long-terme-bacoban-50-pieces-en-pack-plat-format-180-x-200mm.html#breadcrumb\",\"itemListElement\":[{\"@type\":\"ListItem\",\"position\":1,\"name\":\"Page d'accueil\",\"item\":\"https:\\\/\\\/www.versiegelung24.com\\\/fr\\\/front\\\/\"},{\"@type\":\"ListItem\",\"position\":2,\"name\":\"Boutique\",\"item\":\"https:\\\/\\\/www.versiegelung24.com\\\/fr\\\/boutique-2\\\/\"},{\"@type\":\"ListItem\",\"position\":3,\"name\":\"Lingettes d\u00e9sinfectantes de surfaces longue dur\u00e9e BACOBAN\u00ae, 50 pi\u00e8ces en pack plat\"}]},{\"@type\":\"WebSite\",\"@id\":\"https:\\\/\\\/www.versiegelung24.com\\\/fr\\\/#website\",\"url\":\"https:\\\/\\\/www.versiegelung24.com\\\/fr\\\/\",\"name\":\"versiegelung24.com\",\"description\":\"Fl\u00fcssigglas-Versiegelung - Made in Germany\",\"publisher\":{\"@id\":\"https:\\\/\\\/www.versiegelung24.com\\\/fr\\\/#organization\"},\"potentialAction\":[{\"@type\":\"SearchAction\",\"target\":{\"@type\":\"EntryPoint\",\"urlTemplate\":\"https:\\\/\\\/www.versiegelung24.com\\\/fr\\\/?s={search_term_string}\"},\"query-input\":{\"@type\":\"PropertyValueSpecification\",\"valueRequired\":true,\"valueName\":\"search_term_string\"}}],\"inLanguage\":\"fr-FR\"},{\"@type\":\"Organization\",\"@id\":\"https:\\\/\\\/www.versiegelung24.com\\\/fr\\\/#organization\",\"name\":\"versiegelung24\",\"url\":\"https:\\\/\\\/www.versiegelung24.com\\\/fr\\\/\",\"logo\":{\"@type\":\"ImageObject\",\"inLanguage\":\"fr-FR\",\"@id\":\"https:\\\/\\\/www.versiegelung24.com\\\/fr\\\/#\\\/schema\\\/logo\\\/image\\\/\",\"url\":\"https:\\\/\\\/www.versiegelung24.com\\\/wp-content\\\/uploads\\\/2020\\\/04\\\/versiegelung24.png\",\"contentUrl\":\"https:\\\/\\\/www.versiegelung24.com\\\/wp-content\\\/uploads\\\/2020\\\/04\\\/versiegelung24.png\",\"width\":470,\"height\":102,\"caption\":\"versiegelung24\"},\"image\":{\"@id\":\"https:\\\/\\\/www.versiegelung24.com\\\/fr\\\/#\\\/schema\\\/logo\\\/image\\\/\"}}]}<\/script>\n<meta property=\"product:price:amount\" content=\"7.79\" \/>\n<meta property=\"product:price:currency\" content=\"EUR\" \/>\n<meta property=\"og:availability\" content=\"backorder\" \/>\n<meta property=\"product:availability\" content=\"available for order\" \/>\n<meta property=\"product:retailer_item_id\" content=\"BACTUE\" \/>\n<meta property=\"product:condition\" content=\"new\" \/>\n<!-- \/ Yoast SEO Premium plugin. -->","yoast_head_json":{"title":"Lingettes d\u00e9sinfectantes de surfaces longue dur\u00e9e BACOBAN\u00ae, 50 pi\u00e8ces en pack plat - versiegelung24.com","robots":{"index":"index","follow":"follow","max-snippet":"max-snippet:-1","max-image-preview":"max-image-preview:large","max-video-preview":"max-video-preview:-1"},"canonical":"https:\/\/www.versiegelung24.com\/fr\/chiffons-de-desinfection-de-surface-long-terme-bacoban-50-pieces-en-pack-plat-format-180-x-200mm.html","og_locale":"fr_FR","og_type":"article","og_title":"Lingettes d\u00e9sinfectantes de surfaces longue dur\u00e9e BACOBAN\u00ae, 50 pi\u00e8ces en pack plat","og_description":"Lingettes humides pr\u00eates \u00e0 l'emploi pour la d\u00e9sinfection des surfaces","og_url":"https:\/\/www.versiegelung24.com\/fr\/chiffons-de-desinfection-de-surface-long-terme-bacoban-50-pieces-en-pack-plat-format-180-x-200mm.html","og_site_name":"versiegelung24.com","article_modified_time":"2025-01-13T15:37:53+00:00","og_image":[{"width":2000,"height":2000,"url":"https:\/\/www.versiegelung24.com\/wp-content\/uploads\/2020\/04\/bacotue-produktbild-schraeg.webp","type":"image\/webp"}],"twitter_card":"summary_large_image","twitter_misc":{"Prix":"7,79&euro;","Disponibilit\u00e9":"En r\u00e9assort"},"schema":{"@context":"https:\/\/schema.org","@graph":[{"@type":"WebPage","@id":"https:\/\/www.versiegelung24.com\/fr\/chiffons-de-desinfection-de-surface-long-terme-bacoban-50-pieces-en-pack-plat-format-180-x-200mm.html","url":"https:\/\/www.versiegelung24.com\/fr\/chiffons-de-desinfection-de-surface-long-terme-bacoban-50-pieces-en-pack-plat-format-180-x-200mm.html","name":"Lingettes d\u00e9sinfectantes de surfaces longue dur\u00e9e BACOBAN\u00ae, 50 pi\u00e8ces en pack plat - versiegelung24.com","isPartOf":{"@id":"https:\/\/www.versiegelung24.com\/fr\/#website"},"primaryImageOfPage":{"@id":"https:\/\/www.versiegelung24.com\/fr\/chiffons-de-desinfection-de-surface-long-terme-bacoban-50-pieces-en-pack-plat-format-180-x-200mm.html#primaryimage"},"image":{"@id":"https:\/\/www.versiegelung24.com\/fr\/chiffons-de-desinfection-de-surface-long-terme-bacoban-50-pieces-en-pack-plat-format-180-x-200mm.html#primaryimage"},"thumbnailUrl":"https:\/\/www.versiegelung24.com\/wp-content\/uploads\/2020\/04\/bacotue-produktbild-schraeg.webp","datePublished":"2021-08-02T19:10:17+00:00","dateModified":"2025-01-13T15:37:53+00:00","breadcrumb":{"@id":"https:\/\/www.versiegelung24.com\/fr\/chiffons-de-desinfection-de-surface-long-terme-bacoban-50-pieces-en-pack-plat-format-180-x-200mm.html#breadcrumb"},"inLanguage":"fr-FR","potentialAction":[{"@type":"ReadAction","target":["https:\/\/www.versiegelung24.com\/fr\/chiffons-de-desinfection-de-surface-long-terme-bacoban-50-pieces-en-pack-plat-format-180-x-200mm.html"]}]},{"@type":"ImageObject","inLanguage":"fr-FR","@id":"https:\/\/www.versiegelung24.com\/fr\/chiffons-de-desinfection-de-surface-long-terme-bacoban-50-pieces-en-pack-plat-format-180-x-200mm.html#primaryimage","url":"https:\/\/www.versiegelung24.com\/wp-content\/uploads\/2020\/04\/bacotue-produktbild-schraeg.webp","contentUrl":"https:\/\/www.versiegelung24.com\/wp-content\/uploads\/2020\/04\/bacotue-produktbild-schraeg.webp","width":2000,"height":2000},{"@type":"BreadcrumbList","@id":"https:\/\/www.versiegelung24.com\/fr\/chiffons-de-desinfection-de-surface-long-terme-bacoban-50-pieces-en-pack-plat-format-180-x-200mm.html#breadcrumb","itemListElement":[{"@type":"ListItem","position":1,"name":"Page d'accueil","item":"https:\/\/www.versiegelung24.com\/fr\/front\/"},{"@type":"ListItem","position":2,"name":"Boutique","item":"https:\/\/www.versiegelung24.com\/fr\/boutique-2\/"},{"@type":"ListItem","position":3,"name":"Lingettes d\u00e9sinfectantes de surfaces longue dur\u00e9e BACOBAN\u00ae, 50 pi\u00e8ces en pack plat"}]},{"@type":"WebSite","@id":"https:\/\/www.versiegelung24.com\/fr\/#website","url":"https:\/\/www.versiegelung24.com\/fr\/","name":"versiegelung24.com","description":"Fl\u00fcssigglas-Versiegelung - Made in Germany","publisher":{"@id":"https:\/\/www.versiegelung24.com\/fr\/#organization"},"potentialAction":[{"@type":"SearchAction","target":{"@type":"EntryPoint","urlTemplate":"https:\/\/www.versiegelung24.com\/fr\/?s={search_term_string}"},"query-input":{"@type":"PropertyValueSpecification","valueRequired":true,"valueName":"search_term_string"}}],"inLanguage":"fr-FR"},{"@type":"Organization","@id":"https:\/\/www.versiegelung24.com\/fr\/#organization","name":"versiegelung24","url":"https:\/\/www.versiegelung24.com\/fr\/","logo":{"@type":"ImageObject","inLanguage":"fr-FR","@id":"https:\/\/www.versiegelung24.com\/fr\/#\/schema\/logo\/image\/","url":"https:\/\/www.versiegelung24.com\/wp-content\/uploads\/2020\/04\/versiegelung24.png","contentUrl":"https:\/\/www.versiegelung24.com\/wp-content\/uploads\/2020\/04\/versiegelung24.png","width":470,"height":102,"caption":"versiegelung24"},"image":{"@id":"https:\/\/www.versiegelung24.com\/fr\/#\/schema\/logo\/image\/"}}]},"product_price_amount":"7.79","product_price_currency":"EUR","og_availability":"backorder","product_availability":"available for order","product_retailer_item_id":"BACTUE","product_condition":"new"},"_links":{"self":[{"href":"https:\/\/www.versiegelung24.com\/fr\/wp-json\/wp\/v2\/product\/22987","targetHints":{"allow":["GET"]}}],"collection":[{"href":"https:\/\/www.versiegelung24.com\/fr\/wp-json\/wp\/v2\/product"}],"about":[{"href":"https:\/\/www.versiegelung24.com\/fr\/wp-json\/wp\/v2\/types\/product"}],"version-history":[{"count":15,"href":"https:\/\/www.versiegelung24.com\/fr\/wp-json\/wp\/v2\/product\/22987\/revisions"}],"predecessor-version":[{"id":180559,"href":"https:\/\/www.versiegelung24.com\/fr\/wp-json\/wp\/v2\/product\/22987\/revisions\/180559"}],"wp:featuredmedia":[{"embeddable":true,"href":"https:\/\/www.versiegelung24.com\/fr\/wp-json\/wp\/v2\/media\/176463"}],"wp:attachment":[{"href":"https:\/\/www.versiegelung24.com\/fr\/wp-json\/wp\/v2\/media?parent=22987"}],"wp:term":[{"taxonomy":"product_brand","embeddable":true,"href":"https:\/\/www.versiegelung24.com\/fr\/wp-json\/wp\/v2\/product_brand?post=22987"},{"taxonomy":"product_cat","embeddable":true,"href":"https:\/\/www.versiegelung24.com\/fr\/wp-json\/wp\/v2\/product_cat?post=22987"},{"taxonomy":"product_tag","embeddable":true,"href":"https:\/\/www.versiegelung24.com\/fr\/wp-json\/wp\/v2\/product_tag?post=22987"}],"curies":[{"name":"wp","href":"https:\/\/api.w.org\/{rel}","templated":true}]}}