{"id":23176,"date":"2020-04-04T18:53:14","date_gmt":"2021-08-02T19:25:31","guid":{"rendered":"https:\/\/www.versiegelung24.com\/produkt\/etancheite-du-bois-de-qualite-professionnelle"},"modified":"2025-01-03T23:38:45","modified_gmt":"2025-01-03T22:38:45","slug":"scellement-bois-de-qualite-professionnelle","status":"publish","type":"product","link":"https:\/\/www.versiegelung24.com\/fr\/scellement-bois-de-qualite-professionnelle.html","title":{"rendered":"\u00c9tanch\u00e9it\u00e9 du bois de qualit\u00e9 professionnelle"},"content":{"rendered":"\n<p><strong>Scellant \u00e0 bois professionnel tr\u00e8s efficace avec profondeur et effet lotus (hydrofuge), pour l&#8217;int\u00e9rieur et l&#8217;ext\u00e9rieur, NOUVEAU<\/strong><\/p>\n\n<p>Fabriqu\u00e9 en Allemagne de haute qualit\u00e9.<\/p>\n\n<hr\/>\n\n<h4 class=\"wp-block-heading\" id=\"properties\">Caract\u00e9ristiques du produit<\/h4>\n\n<div class=\"wp-block-columns is-layout-flex wp-container-core-columns-is-layout-9d6595d7 wp-block-columns-is-layout-flex\">\n<div class=\"wp-block-column is-layout-flow wp-block-column-is-layout-flow\">\n<ul class=\"wp-block-list\">\n<li>fort effet hydrophobe et ol\u00e9ophobe (hydrofuge et ol\u00e9ofuge)<\/li>\n\n\n\n<li>Effet de profondeur &#8211; p\u00e9n\u00e8tre jusqu&#8217;\u00e0 10 mm dans le bois (selon la structure)<\/li>\n\n\n\n<li>Prot\u00e8ge contre les moisissures, les algues et les intemp\u00e9ries<\/li>\n\n\n\n<li>\u00c9conomies d&#8217;argent, de temps et d&#8217;\u00e9nergie gr\u00e2ce \u00e0 des cycles de nettoyage prolong\u00e9s<\/li>\n\n\n\n<li>R\u00e9duction du taux de p\u00e9n\u00e9tration de l&#8217;humidit\u00e9 en cas d&#8217;exposition \u00e0 l&#8217;eau<\/li>\n\n\n\n<li>Effet facile \u00e0 nettoyer<\/li>\n<\/ul>\n<\/div>\n\n\n\n<div class=\"wp-block-column is-layout-flow wp-block-column-is-layout-flow\">\n<ul class=\"wp-block-list\">\n<li>les surfaces scell\u00e9es restent respirantes<\/li>\n\n\n\n<li>R\u00e9duire la d\u00e9coloration des intemp\u00e9ries<\/li>\n\n\n\n<li>Stable aux UV, r\u00e9sistant au gel et presque invisible<\/li>\n\n\n\n<li>Application simple (peut \u00eatre pulv\u00e9ris\u00e9 sur une grande surface)<\/li>\n\n\n\n<li>Dur\u00e9e de conservation: jusqu&#8217;\u00e0 3-10 ans<\/li>\n<\/ul>\n\n\n\n<p>Contenu de la livraison :<br\/>1 x bouteille d&#8217;un litre<br\/>1 x t\u00eate de spray \u00e0 pompe<br\/><\/p>\n<\/div>\n<\/div>\n\n<hr\/>\n\n<h4 class=\"wp-block-heading\" id=\"application\">Application<\/h4>\n\n<div class=\"wp-block-columns is-layout-flex wp-container-core-columns-is-layout-9d6595d7 wp-block-columns-is-layout-flex\">\n<div class=\"wp-block-column is-layout-flow wp-block-column-is-layout-flow\">\n<ul class=\"wp-block-list\">\n<li>Tous les bois durs et tendres<\/li>\n\n\n\n<li>Bardage bois \u00e0 l&#8217;int\u00e9rieur et \u00e0 l&#8217;ext\u00e9rieur<\/li>\n\n\n\n<li>Granges<\/li>\n\n\n\n<li>Plafonds en bois \/ planchers en bois<\/li>\n\n\n\n<li>Bois de construction<\/li>\n\n\n\n<li>Cadres de fen\u00eatres et de portes en bois<\/li>\n<\/ul>\n<\/div>\n\n\n\n<div class=\"wp-block-column is-layout-flow wp-block-column-is-layout-flow\">\n<ul class=\"wp-block-list\" id=\"block-bd0826c4-8c3a-4f56-9878-ce5fe93599ff\">\n<li>Poutres, pannes et lames de parquet<\/li>\n\n\n\n<li>Bois anciens<\/li>\n\n\n\n<li>Boiseries dans les sanitaires<\/li>\n<\/ul>\n\n\n\n<p><strong>La consommation d\u00e9pend du pouvoir absorbant de la surface environ 10-40m\u00b2 \/ litre.<\/strong><\/p>\n<\/div>\n<\/div>\n","protected":false},"excerpt":{"rendered":"<p><strong>**NOUVEAU** \u00c9tanch\u00e9it\u00e9 tr\u00e8s efficace pour les surfaces en bois absorbantes&nbsp;:<\/strong><\/p>\n<p>\u2713 Avec effet de profondeur<\/p>\n<p>\u2713 Avec effet lotus (hydrofuge)<\/p>\n<p>\u2713 Pour l&#8217;int\u00e9rieur et l&#8217;ext\u00e9rieur<\/p>\n","protected":false},"featured_media":18177,"template":"","meta":{"_acf_changed":false,"neve_meta_sidebar":"","neve_meta_container":"","neve_meta_enable_content_width":"","neve_meta_content_width":0,"neve_meta_title_alignment":"","neve_meta_author_avatar":"","neve_post_elements_order":"","neve_meta_disable_header":"","neve_meta_disable_footer":"","neve_meta_disable_title":"","neve_meta_reading_time":"","_surfaces":[],"_ver_product_tabs":[],"footnotes":""},"product_brand":[],"product_cat":[2292],"product_tag":[],"class_list":{"0":"post-23176","1":"product","2":"type-product","3":"status-publish","4":"has-post-thumbnail","6":"product_cat-scellement-du-bois","7":"pa_gebinde-kit-promotionnel-avec-flacon-de-100-ml","8":"pa_gebinde-flacon-de-50-ml","9":"pa_gebinde-kit-promotionnel-avec-flacon-de-50-ml","10":"pa_gebinde-flacon-de-100-ml","11":"pa_gebinde-flacon-de-150-ml","12":"pa_gebinde-flacon-de-500-ml","13":"pa_gebinde-bouteille-de-200-ml","14":"pa_gebinde-bouteille-de-1000-ml","15":"pa_gebinde-flacon-de-10-ml","16":"pa_gebinde-flacon-de-5-ml","17":"pa_gebinde-flacon-vaporisateur-125-ml","18":"pa_gebinde-flacon-de-recharge-de-1000-ml","19":"pa_gebinde-bidon-20l","20":"pa_gebinde-bidon-de-10-l","22":"first","23":"instock","24":"taxable","25":"shipping-taxable","26":"purchasable","27":"product-type-variable","28":"has-default-attributes"},"acf":[],"yoast_head":"<!-- This site is optimized with the Yoast SEO Premium plugin v22.8 (Yoast SEO v27.5) - https:\/\/yoast.com\/product\/yoast-seo-premium-wordpress\/ -->\n<title>\u00c9tanch\u00e9it\u00e9 du bois de qualit\u00e9 professionnelle - versiegelung24.com<\/title>\n<meta name=\"robots\" content=\"index, follow, max-snippet:-1, max-image-preview:large, max-video-preview:-1\" \/>\n<link rel=\"canonical\" href=\"https:\/\/www.versiegelung24.com\/fr\/scellement-bois-de-qualite-professionnelle.html\" \/>\n<meta property=\"og:locale\" content=\"fr_FR\" \/>\n<meta property=\"og:type\" content=\"article\" \/>\n<meta property=\"og:title\" content=\"\u00c9tanch\u00e9it\u00e9 du bois de qualit\u00e9 professionnelle\" \/>\n<meta property=\"og:description\" content=\"**NOUVEAU** \u00c9tanch\u00e9it\u00e9 tr\u00e8s efficace pour les surfaces en bois absorbantes&nbsp;: \u2713 Avec effet de profondeur \u2713 Avec effet lotus (hydrofuge) \u2713 Pour l&#039;int\u00e9rieur et l&#039;ext\u00e9rieur\" \/>\n<meta property=\"og:url\" content=\"https:\/\/www.versiegelung24.com\/fr\/scellement-bois-de-qualite-professionnelle.html\" \/>\n<meta property=\"og:site_name\" content=\"versiegelung24.com\" \/>\n<meta property=\"article:modified_time\" content=\"2025-01-03T22:38:45+00:00\" \/>\n<meta property=\"og:image\" content=\"https:\/\/www.versiegelung24.com\/wp-content\/uploads\/2020\/06\/produkt-4000-695-1000-Holzversiegelung-scaled.jpg\" \/>\n\t<meta property=\"og:image:width\" content=\"2560\" \/>\n\t<meta property=\"og:image:height\" content=\"2560\" \/>\n\t<meta property=\"og:image:type\" content=\"image\/jpeg\" \/>\n<meta name=\"twitter:card\" content=\"summary_large_image\" \/>\n<meta name=\"twitter:label1\" content=\"Disponibilit\u00e9\" \/>\n\t<meta name=\"twitter:data1\" content=\"En stock\" \/>\n<script type=\"application\/ld+json\" class=\"yoast-schema-graph\">{\"@context\":\"https:\\\/\\\/schema.org\",\"@graph\":[{\"@type\":\"WebPage\",\"@id\":\"https:\\\/\\\/www.versiegelung24.com\\\/fr\\\/scellement-bois-de-qualite-professionnelle.html\",\"url\":\"https:\\\/\\\/www.versiegelung24.com\\\/fr\\\/scellement-bois-de-qualite-professionnelle.html\",\"name\":\"\u00c9tanch\u00e9it\u00e9 du bois de qualit\u00e9 professionnelle - versiegelung24.com\",\"isPartOf\":{\"@id\":\"https:\\\/\\\/www.versiegelung24.com\\\/fr\\\/#website\"},\"primaryImageOfPage\":{\"@id\":\"https:\\\/\\\/www.versiegelung24.com\\\/fr\\\/scellement-bois-de-qualite-professionnelle.html#primaryimage\"},\"image\":{\"@id\":\"https:\\\/\\\/www.versiegelung24.com\\\/fr\\\/scellement-bois-de-qualite-professionnelle.html#primaryimage\"},\"thumbnailUrl\":\"https:\\\/\\\/www.versiegelung24.com\\\/wp-content\\\/uploads\\\/2020\\\/06\\\/produkt-4000-695-1000-Holzversiegelung-scaled.jpg\",\"datePublished\":\"2021-08-02T19:25:31+00:00\",\"dateModified\":\"2025-01-03T22:38:45+00:00\",\"breadcrumb\":{\"@id\":\"https:\\\/\\\/www.versiegelung24.com\\\/fr\\\/scellement-bois-de-qualite-professionnelle.html#breadcrumb\"},\"inLanguage\":\"fr-FR\",\"potentialAction\":[{\"@type\":\"ReadAction\",\"target\":[\"https:\\\/\\\/www.versiegelung24.com\\\/fr\\\/scellement-bois-de-qualite-professionnelle.html\"]}]},{\"@type\":\"ImageObject\",\"inLanguage\":\"fr-FR\",\"@id\":\"https:\\\/\\\/www.versiegelung24.com\\\/fr\\\/scellement-bois-de-qualite-professionnelle.html#primaryimage\",\"url\":\"https:\\\/\\\/www.versiegelung24.com\\\/wp-content\\\/uploads\\\/2020\\\/06\\\/produkt-4000-695-1000-Holzversiegelung-scaled.jpg\",\"contentUrl\":\"https:\\\/\\\/www.versiegelung24.com\\\/wp-content\\\/uploads\\\/2020\\\/06\\\/produkt-4000-695-1000-Holzversiegelung-scaled.jpg\",\"width\":2560,\"height\":2560},{\"@type\":\"BreadcrumbList\",\"@id\":\"https:\\\/\\\/www.versiegelung24.com\\\/fr\\\/scellement-bois-de-qualite-professionnelle.html#breadcrumb\",\"itemListElement\":[{\"@type\":\"ListItem\",\"position\":1,\"name\":\"Page d'accueil\",\"item\":\"https:\\\/\\\/www.versiegelung24.com\\\/fr\\\/front\\\/\"},{\"@type\":\"ListItem\",\"position\":2,\"name\":\"Boutique\",\"item\":\"https:\\\/\\\/www.versiegelung24.com\\\/fr\\\/boutique-2\\\/\"},{\"@type\":\"ListItem\",\"position\":3,\"name\":\"\u00c9tanch\u00e9it\u00e9 du bois de qualit\u00e9 professionnelle\"}]},{\"@type\":\"WebSite\",\"@id\":\"https:\\\/\\\/www.versiegelung24.com\\\/fr\\\/#website\",\"url\":\"https:\\\/\\\/www.versiegelung24.com\\\/fr\\\/\",\"name\":\"versiegelung24.com\",\"description\":\"Fl\u00fcssigglas-Versiegelung - Made in Germany\",\"publisher\":{\"@id\":\"https:\\\/\\\/www.versiegelung24.com\\\/fr\\\/#organization\"},\"potentialAction\":[{\"@type\":\"SearchAction\",\"target\":{\"@type\":\"EntryPoint\",\"urlTemplate\":\"https:\\\/\\\/www.versiegelung24.com\\\/fr\\\/?s={search_term_string}\"},\"query-input\":{\"@type\":\"PropertyValueSpecification\",\"valueRequired\":true,\"valueName\":\"search_term_string\"}}],\"inLanguage\":\"fr-FR\"},{\"@type\":\"Organization\",\"@id\":\"https:\\\/\\\/www.versiegelung24.com\\\/fr\\\/#organization\",\"name\":\"versiegelung24\",\"url\":\"https:\\\/\\\/www.versiegelung24.com\\\/fr\\\/\",\"logo\":{\"@type\":\"ImageObject\",\"inLanguage\":\"fr-FR\",\"@id\":\"https:\\\/\\\/www.versiegelung24.com\\\/fr\\\/#\\\/schema\\\/logo\\\/image\\\/\",\"url\":\"https:\\\/\\\/www.versiegelung24.com\\\/wp-content\\\/uploads\\\/2020\\\/04\\\/versiegelung24.png\",\"contentUrl\":\"https:\\\/\\\/www.versiegelung24.com\\\/wp-content\\\/uploads\\\/2020\\\/04\\\/versiegelung24.png\",\"width\":470,\"height\":102,\"caption\":\"versiegelung24\"},\"image\":{\"@id\":\"https:\\\/\\\/www.versiegelung24.com\\\/fr\\\/#\\\/schema\\\/logo\\\/image\\\/\"}}]}<\/script>\n<meta property=\"og:availability\" content=\"instock\" \/>\n<meta property=\"product:availability\" content=\"instock\" \/>\n<meta property=\"product:retailer_item_id\" content=\"4000-695\" \/>\n<meta property=\"product:condition\" content=\"new\" \/>\n<!-- \/ Yoast SEO Premium plugin. -->","yoast_head_json":{"title":"\u00c9tanch\u00e9it\u00e9 du bois de qualit\u00e9 professionnelle - versiegelung24.com","robots":{"index":"index","follow":"follow","max-snippet":"max-snippet:-1","max-image-preview":"max-image-preview:large","max-video-preview":"max-video-preview:-1"},"canonical":"https:\/\/www.versiegelung24.com\/fr\/scellement-bois-de-qualite-professionnelle.html","og_locale":"fr_FR","og_type":"article","og_title":"\u00c9tanch\u00e9it\u00e9 du bois de qualit\u00e9 professionnelle","og_description":"**NOUVEAU** \u00c9tanch\u00e9it\u00e9 tr\u00e8s efficace pour les surfaces en bois absorbantes&nbsp;: \u2713 Avec effet de profondeur \u2713 Avec effet lotus (hydrofuge) \u2713 Pour l'int\u00e9rieur et l'ext\u00e9rieur","og_url":"https:\/\/www.versiegelung24.com\/fr\/scellement-bois-de-qualite-professionnelle.html","og_site_name":"versiegelung24.com","article_modified_time":"2025-01-03T22:38:45+00:00","og_image":[{"width":2560,"height":2560,"url":"https:\/\/www.versiegelung24.com\/wp-content\/uploads\/2020\/06\/produkt-4000-695-1000-Holzversiegelung-scaled.jpg","type":"image\/jpeg"}],"twitter_card":"summary_large_image","twitter_misc":{"Disponibilit\u00e9":"En stock"},"schema":{"@context":"https:\/\/schema.org","@graph":[{"@type":"WebPage","@id":"https:\/\/www.versiegelung24.com\/fr\/scellement-bois-de-qualite-professionnelle.html","url":"https:\/\/www.versiegelung24.com\/fr\/scellement-bois-de-qualite-professionnelle.html","name":"\u00c9tanch\u00e9it\u00e9 du bois de qualit\u00e9 professionnelle - versiegelung24.com","isPartOf":{"@id":"https:\/\/www.versiegelung24.com\/fr\/#website"},"primaryImageOfPage":{"@id":"https:\/\/www.versiegelung24.com\/fr\/scellement-bois-de-qualite-professionnelle.html#primaryimage"},"image":{"@id":"https:\/\/www.versiegelung24.com\/fr\/scellement-bois-de-qualite-professionnelle.html#primaryimage"},"thumbnailUrl":"https:\/\/www.versiegelung24.com\/wp-content\/uploads\/2020\/06\/produkt-4000-695-1000-Holzversiegelung-scaled.jpg","datePublished":"2021-08-02T19:25:31+00:00","dateModified":"2025-01-03T22:38:45+00:00","breadcrumb":{"@id":"https:\/\/www.versiegelung24.com\/fr\/scellement-bois-de-qualite-professionnelle.html#breadcrumb"},"inLanguage":"fr-FR","potentialAction":[{"@type":"ReadAction","target":["https:\/\/www.versiegelung24.com\/fr\/scellement-bois-de-qualite-professionnelle.html"]}]},{"@type":"ImageObject","inLanguage":"fr-FR","@id":"https:\/\/www.versiegelung24.com\/fr\/scellement-bois-de-qualite-professionnelle.html#primaryimage","url":"https:\/\/www.versiegelung24.com\/wp-content\/uploads\/2020\/06\/produkt-4000-695-1000-Holzversiegelung-scaled.jpg","contentUrl":"https:\/\/www.versiegelung24.com\/wp-content\/uploads\/2020\/06\/produkt-4000-695-1000-Holzversiegelung-scaled.jpg","width":2560,"height":2560},{"@type":"BreadcrumbList","@id":"https:\/\/www.versiegelung24.com\/fr\/scellement-bois-de-qualite-professionnelle.html#breadcrumb","itemListElement":[{"@type":"ListItem","position":1,"name":"Page d'accueil","item":"https:\/\/www.versiegelung24.com\/fr\/front\/"},{"@type":"ListItem","position":2,"name":"Boutique","item":"https:\/\/www.versiegelung24.com\/fr\/boutique-2\/"},{"@type":"ListItem","position":3,"name":"\u00c9tanch\u00e9it\u00e9 du bois de qualit\u00e9 professionnelle"}]},{"@type":"WebSite","@id":"https:\/\/www.versiegelung24.com\/fr\/#website","url":"https:\/\/www.versiegelung24.com\/fr\/","name":"versiegelung24.com","description":"Fl\u00fcssigglas-Versiegelung - Made in Germany","publisher":{"@id":"https:\/\/www.versiegelung24.com\/fr\/#organization"},"potentialAction":[{"@type":"SearchAction","target":{"@type":"EntryPoint","urlTemplate":"https:\/\/www.versiegelung24.com\/fr\/?s={search_term_string}"},"query-input":{"@type":"PropertyValueSpecification","valueRequired":true,"valueName":"search_term_string"}}],"inLanguage":"fr-FR"},{"@type":"Organization","@id":"https:\/\/www.versiegelung24.com\/fr\/#organization","name":"versiegelung24","url":"https:\/\/www.versiegelung24.com\/fr\/","logo":{"@type":"ImageObject","inLanguage":"fr-FR","@id":"https:\/\/www.versiegelung24.com\/fr\/#\/schema\/logo\/image\/","url":"https:\/\/www.versiegelung24.com\/wp-content\/uploads\/2020\/04\/versiegelung24.png","contentUrl":"https:\/\/www.versiegelung24.com\/wp-content\/uploads\/2020\/04\/versiegelung24.png","width":470,"height":102,"caption":"versiegelung24"},"image":{"@id":"https:\/\/www.versiegelung24.com\/fr\/#\/schema\/logo\/image\/"}}]},"og_availability":"instock","product_availability":"instock","product_retailer_item_id":"4000-695","product_condition":"new"},"_links":{"self":[{"href":"https:\/\/www.versiegelung24.com\/fr\/wp-json\/wp\/v2\/product\/23176","targetHints":{"allow":["GET"]}}],"collection":[{"href":"https:\/\/www.versiegelung24.com\/fr\/wp-json\/wp\/v2\/product"}],"about":[{"href":"https:\/\/www.versiegelung24.com\/fr\/wp-json\/wp\/v2\/types\/product"}],"version-history":[{"count":16,"href":"https:\/\/www.versiegelung24.com\/fr\/wp-json\/wp\/v2\/product\/23176\/revisions"}],"predecessor-version":[{"id":177523,"href":"https:\/\/www.versiegelung24.com\/fr\/wp-json\/wp\/v2\/product\/23176\/revisions\/177523"}],"wp:featuredmedia":[{"embeddable":true,"href":"https:\/\/www.versiegelung24.com\/fr\/wp-json\/wp\/v2\/media\/18177"}],"wp:attachment":[{"href":"https:\/\/www.versiegelung24.com\/fr\/wp-json\/wp\/v2\/media?parent=23176"}],"wp:term":[{"taxonomy":"product_brand","embeddable":true,"href":"https:\/\/www.versiegelung24.com\/fr\/wp-json\/wp\/v2\/product_brand?post=23176"},{"taxonomy":"product_cat","embeddable":true,"href":"https:\/\/www.versiegelung24.com\/fr\/wp-json\/wp\/v2\/product_cat?post=23176"},{"taxonomy":"product_tag","embeddable":true,"href":"https:\/\/www.versiegelung24.com\/fr\/wp-json\/wp\/v2\/product_tag?post=23176"}],"curies":[{"name":"wp","href":"https:\/\/api.w.org\/{rel}","templated":true}]}}