{"id":23217,"date":"2020-04-04T18:53:42","date_gmt":"2021-08-02T19:27:53","guid":{"rendered":"https:\/\/www.versiegelung24.com\/produkt\/joint-universel-7675-pour-surfaces-dures-non-absorbantes-verre-ceramique-acier-inoxydable-plastique-metal"},"modified":"2025-03-20T10:10:15","modified_gmt":"2025-03-20T09:10:15","slug":"joint-universel-7675-pour-surfaces-dures-non-absorbantes-verre-ceramique-inox-plastique-metal","status":"publish","type":"product","link":"https:\/\/www.versiegelung24.com\/fr\/joint-universel-7675-pour-surfaces-dures-non-absorbantes-verre-ceramique-acier-inoxydable-plastique-metal.html","title":{"rendered":"Joint universel 7675 pour surfaces &#8220;dures&#8221; \/ non absorbantes (verre \/ c\u00e9ramique +++, acier inoxydable +++, plastique \/ m\u00e9tal ++)"},"content":{"rendered":"\n<p><strong>Vitrification universelle professionnelle tr\u00e8s efficace pour les surfaces &#8220;dures&#8221; \/ non absorbantes comme le verre, la c\u00e9ramique, les surfaces en plastique et en m\u00e9tal avec effet Easy-to-clean NOUVEAU, pour l&#8217;int\u00e9rieur et l&#8217;ext\u00e9rieur<\/strong><\/p>\n\n<p>Id\u00e9al pour le verre\/c\u00e9ramique et l&#8217;acier inoxydable, \u00e9galement applicable aux plastiques et au m\u00e9tal<\/p>\n\n<p>Fabriqu\u00e9 en Allemagne de haute qualit\u00e9.<\/p>\n\n<p><strong>Mastic universel V24 4005-7675<\/strong> est un mat\u00e9riau de rev\u00eatement \u00e0 base d&#8217;alcool (IPA) qui cr\u00e9e un effet facile \u00e0 nettoyer sur les surfaces en verre, en plastique, en c\u00e9ramique et en m\u00e9tal (chrome, acier inoxydable, aluminium). Le mat\u00e9riau cr\u00e9e un film mince sur la surface, ce qui r\u00e9duit l&#8217;adh\u00e9rence de la salet\u00e9 et des corps \u00e9trangers et permet \u00e0 l&#8217;eau de mieux s&#8217;\u00e9couler. La surface rev\u00eatue est particuli\u00e8rement facile \u00e0 nettoyer<\/p>\n\n<hr \/>\n\n<h4 class=\"wp-block-heading\" id=\"properties\">Caract\u00e9ristiques du produit<\/h4>\n\n<div class=\"wp-block-columns is-layout-flex wp-container-core-columns-is-layout-9d6595d7 wp-block-columns-is-layout-flex\">\n<div class=\"wp-block-column is-layout-flow wp-block-column-is-layout-flow\">\n<ul class=\"wp-block-list\">\n<li>Livr\u00e9 pr\u00eat \u00e0 l&#8217;emploi<\/li>\n\n\n\n<li>permet \u00e0 l&#8217;eau de mieux s&#8217;\u00e9couler<\/li>\n\n\n\n<li>Effet facile \u00e0 nettoyer en ce qui concerne la salet\u00e9 et le calcaire<\/li>\n\n\n\n<li>liquide clair, incolore, invisible et imperceptible<\/li>\n\n\n\n<li>Les surfaces restent propres beaucoup plus longtemps, ce qui prolonge les cycles de nettoyage et r\u00e9duit consid\u00e9rablement les co\u00fbts, le temps et l&#8217;\u00e9nergie pour le nettoyage et l&#8217;entretien<\/li>\n\n\n\n<li>r\u00e9duit la croissance des micro-organismes et des bact\u00e9ries et am\u00e9liore ainsi l&#8217;hygi\u00e8ne<\/li>\n<\/ul>\n<\/div>\n\n\n\n<div class=\"wp-block-column is-layout-flow wp-block-column-is-layout-flow\">\n<ul class=\"wp-block-list\">\n<li>R\u00e9sistant au gel, \u00e0 la chaleur extr\u00eame, aux rayons UV, \u00e0 l&#8217;eau sal\u00e9e et \u00e0 l&#8217;air sal\u00e9, aux min\u00e9raux d&#8217;eau dure et aux alcalis<\/li>\n\n\n\n<li>Les algues et les fientes d&#8217;oiseaux ne peuvent plus adh\u00e9rer fermement<\/li>\n\n\n\n<li>sans fluor<\/li>\n<\/ul>\n\n\n\n<p>Contenu de la livraison :<br \/>1 x bouteille d&#8217;un litre<br \/>1 x t\u00eate de spray \u00e0 pompe<\/p>\n<\/div>\n<\/div>\n\n<hr \/>\n\n<h4 class=\"wp-block-heading\" id=\"application\">Application<\/h4>\n\n<div class=\"wp-block-columns is-layout-flex wp-container-core-columns-is-layout-9d6595d7 wp-block-columns-is-layout-flex\">\n<div class=\"wp-block-column is-layout-flow wp-block-column-is-layout-flow\">\n<ul class=\"wp-block-list\">\n<li>Articles sanitaires (toilettes, bidets, baignoires en c\u00e9ramique, douches, lavabos, miroirs)<\/li>\n\n\n\n<li>Piscines (c\u00e9ramique \u00e0 l&#8217;ext\u00e9rieur, ne convient pas pour l&#8217;eau)<\/li>\n\n\n\n<li>Tous les types de carreaux de c\u00e9ramique, par exemple dans les cuisines<\/li>\n\n\n\n<li>Vitrage et verre de construction (jardins d&#8217;hiver, immeubles de grande hauteur, auvents)<\/li>\n\n\n\n<li>Surfaces en plastique et en m\u00e9tal<\/li>\n\n\n\n<li>Pour le verre de voiture, nous recommandons le n\u00f4tre<a href=\"https:\/\/www.versiegelung24.com\/autoglas-versiegelung\/\"> Scellage de vitre de voiture haut de gamme<\/a><\/li>\n<\/ul>\n<\/div>\n\n\n\n<div class=\"wp-block-column is-layout-flow wp-block-column-is-layout-flow\">\n<p>Facile \u00e0 appliquer :<br \/>1. Nettoyez tr\u00e8s soigneusement la surface au pr\u00e9alable (plus elle est propre, plus la vitrification durera longtemps)<br \/>2. Avant l&#8217;application, nettoyez \u00e0 nouveau avec de l&#8217;alcool (par ex. Isopropyl)<br \/>3. Vaporisez la vitrification sur un chiffon et appliquez-la sur la surface<br \/>4. Apr\u00e8s 5 minutes, polir d\u00e9licatement avec un chiffon en microfibres sans exercer de pression<br \/>5. Laissez durcir pendant 12 heures &#8211; c&#8217;est termin\u00e9<\/p>\n\n\n\n<p>Dur\u00e9e de conservation: jusqu&#8217;\u00e0 3-10 ans<\/p>\n\n\n\n<p>Jusqu&#8217;\u00e0 200 m\u00b2 peuvent \u00eatre scell\u00e9s avec 1 litre.<\/p>\n<\/div>\n<\/div>\n\n<hr \/>\n\n<h4 class=\"wp-block-heading\" id=\"h-ratgeber\">Guide pratique<\/h4>\n\n<p>Nos joints universels sont particuli\u00e8rement adapt\u00e9s au secteur du bricolage.<\/p>\n\n<p>Ils combinent un mode d&#8217;action professionnel sur diff\u00e9rentes surfaces avec une manipulation ais\u00e9e lors de l&#8217;application. Et tout cela sans avoir \u00e0 faire de gros compromis en termes de qualit\u00e9.<\/p>\n\n<p>De cette mani\u00e8re, des applications peuvent \u00eatre r\u00e9alis\u00e9es sur plusieurs mat\u00e9riaux avec un seul mastic universel et un effet de haute qualit\u00e9 et une longue dur\u00e9e de vie peuvent \u00e9galement \u00eatre obtenus.<\/p>\n\n<p>Cependant, pour les applications commerciales et industrielles o\u00f9 le niveau de performance le plus \u00e9lev\u00e9 possible doit \u00eatre atteint sur une surface sp\u00e9cifique, nous recommandons l&#8217;utilisation de nos finitions sp\u00e9ciales pour cette surface.<\/p>\n","protected":false},"excerpt":{"rendered":"<p><strong>**NOUVEAU** Joint universel professionnel tr\u00e8s efficace pour les surfaces &#8220;dures&#8221;\/non absorbantes telles que&nbsp;:<\/strong><\/p>\n<p>\u2713 Verre<\/p>\n<p>\u2713 Surfaces en c\u00e9ramique<\/p>\n<p>\u2713 Surfaces en plastique<\/p>\n<p>\u2713 Surfaces m\u00e9talliques<\/p>\n<p>\u2713 Avec effet facile \u00e0 nettoyer<\/p>\n","protected":false},"featured_media":18246,"template":"","meta":{"_acf_changed":false,"neve_meta_sidebar":"","neve_meta_container":"","neve_meta_enable_content_width":"","neve_meta_content_width":0,"neve_meta_title_alignment":"","neve_meta_author_avatar":"","neve_post_elements_order":"","neve_meta_disable_header":"","neve_meta_disable_footer":"","neve_meta_disable_title":"","neve_meta_reading_time":"","_surfaces":[],"_ver_product_tabs":[],"footnotes":""},"product_brand":[],"product_cat":[2474],"product_tag":[],"class_list":{"0":"post-23217","1":"product","2":"type-product","3":"status-publish","4":"has-post-thumbnail","6":"product_cat-joint-universel","8":"first","9":"instock","10":"taxable","11":"shipping-taxable","12":"purchasable","13":"product-type-simple"},"acf":[],"yoast_head":"<!-- This site is optimized with the Yoast SEO Premium plugin v22.8 (Yoast SEO v27.4) - https:\/\/yoast.com\/product\/yoast-seo-premium-wordpress\/ -->\n<title>Joint universel 7675 pour surfaces &quot;dures&quot; \/ non absorbantes (verre \/ c\u00e9ramique +++, acier inoxydable +++, plastique \/ m\u00e9tal ++) - versiegelung24.com<\/title>\n<meta name=\"robots\" content=\"index, follow, max-snippet:-1, max-image-preview:large, max-video-preview:-1\" \/>\n<link rel=\"canonical\" href=\"https:\/\/www.versiegelung24.com\/fr\/joint-universel-7675-pour-surfaces-dures-non-absorbantes-verre-ceramique-acier-inoxydable-plastique-metal.html\" \/>\n<meta property=\"og:locale\" content=\"fr_FR\" \/>\n<meta property=\"og:type\" content=\"article\" \/>\n<meta property=\"og:title\" content=\"Joint universel 7675 pour surfaces &quot;dures&quot; \/ non absorbantes (verre \/ c\u00e9ramique +++, acier inoxydable +++, plastique \/ m\u00e9tal ++)\" \/>\n<meta property=\"og:description\" content=\"**NOUVEAU** Joint universel professionnel tr\u00e8s efficace pour les surfaces &quot;dures&quot;\/non absorbantes telles que&nbsp;: \u2713 Verre \u2713 Surfaces en c\u00e9ramique \u2713 Surfaces en plastique \u2713 Surfaces m\u00e9talliques \u2713 Avec effet facile \u00e0 nettoyer\" \/>\n<meta property=\"og:url\" content=\"https:\/\/www.versiegelung24.com\/fr\/joint-universel-7675-pour-surfaces-dures-non-absorbantes-verre-ceramique-acier-inoxydable-plastique-metal.html\" \/>\n<meta property=\"og:site_name\" content=\"versiegelung24.com\" \/>\n<meta property=\"article:modified_time\" content=\"2025-03-20T09:10:15+00:00\" \/>\n<meta property=\"og:image\" content=\"https:\/\/www.versiegelung24.com\/wp-content\/uploads\/2020\/06\/produkt-4005-7675-1000-Universalversiegelung-7675-scaled.jpg\" \/>\n\t<meta property=\"og:image:width\" content=\"2560\" \/>\n\t<meta property=\"og:image:height\" content=\"2560\" \/>\n\t<meta property=\"og:image:type\" content=\"image\/jpeg\" \/>\n<meta name=\"twitter:card\" content=\"summary_large_image\" \/>\n<meta name=\"twitter:label1\" content=\"Prix\" \/>\n\t<meta name=\"twitter:data1\" content=\"89,99&euro;\" \/>\n\t<meta name=\"twitter:label2\" content=\"Disponibilit\u00e9\" \/>\n\t<meta name=\"twitter:data2\" content=\"En stock\" \/>\n<script type=\"application\/ld+json\" class=\"yoast-schema-graph\">{\"@context\":\"https:\\\/\\\/schema.org\",\"@graph\":[{\"@type\":\"WebPage\",\"@id\":\"https:\\\/\\\/www.versiegelung24.com\\\/fr\\\/joint-universel-7675-pour-surfaces-dures-non-absorbantes-verre-ceramique-acier-inoxydable-plastique-metal.html\",\"url\":\"https:\\\/\\\/www.versiegelung24.com\\\/fr\\\/joint-universel-7675-pour-surfaces-dures-non-absorbantes-verre-ceramique-acier-inoxydable-plastique-metal.html\",\"name\":\"Joint universel 7675 pour surfaces \\\"dures\\\" \\\/ non absorbantes (verre \\\/ c\u00e9ramique +++, acier inoxydable +++, plastique \\\/ m\u00e9tal ++) - versiegelung24.com\",\"isPartOf\":{\"@id\":\"https:\\\/\\\/www.versiegelung24.com\\\/fr\\\/#website\"},\"primaryImageOfPage\":{\"@id\":\"https:\\\/\\\/www.versiegelung24.com\\\/fr\\\/joint-universel-7675-pour-surfaces-dures-non-absorbantes-verre-ceramique-acier-inoxydable-plastique-metal.html#primaryimage\"},\"image\":{\"@id\":\"https:\\\/\\\/www.versiegelung24.com\\\/fr\\\/joint-universel-7675-pour-surfaces-dures-non-absorbantes-verre-ceramique-acier-inoxydable-plastique-metal.html#primaryimage\"},\"thumbnailUrl\":\"https:\\\/\\\/www.versiegelung24.com\\\/wp-content\\\/uploads\\\/2020\\\/06\\\/produkt-4005-7675-1000-Universalversiegelung-7675-scaled.jpg\",\"datePublished\":\"2021-08-02T19:27:53+00:00\",\"dateModified\":\"2025-03-20T09:10:15+00:00\",\"breadcrumb\":{\"@id\":\"https:\\\/\\\/www.versiegelung24.com\\\/fr\\\/joint-universel-7675-pour-surfaces-dures-non-absorbantes-verre-ceramique-acier-inoxydable-plastique-metal.html#breadcrumb\"},\"inLanguage\":\"fr-FR\",\"potentialAction\":[{\"@type\":\"ReadAction\",\"target\":[\"https:\\\/\\\/www.versiegelung24.com\\\/fr\\\/joint-universel-7675-pour-surfaces-dures-non-absorbantes-verre-ceramique-acier-inoxydable-plastique-metal.html\"]}]},{\"@type\":\"ImageObject\",\"inLanguage\":\"fr-FR\",\"@id\":\"https:\\\/\\\/www.versiegelung24.com\\\/fr\\\/joint-universel-7675-pour-surfaces-dures-non-absorbantes-verre-ceramique-acier-inoxydable-plastique-metal.html#primaryimage\",\"url\":\"https:\\\/\\\/www.versiegelung24.com\\\/wp-content\\\/uploads\\\/2020\\\/06\\\/produkt-4005-7675-1000-Universalversiegelung-7675-scaled.jpg\",\"contentUrl\":\"https:\\\/\\\/www.versiegelung24.com\\\/wp-content\\\/uploads\\\/2020\\\/06\\\/produkt-4005-7675-1000-Universalversiegelung-7675-scaled.jpg\",\"width\":2560,\"height\":2560},{\"@type\":\"BreadcrumbList\",\"@id\":\"https:\\\/\\\/www.versiegelung24.com\\\/fr\\\/joint-universel-7675-pour-surfaces-dures-non-absorbantes-verre-ceramique-acier-inoxydable-plastique-metal.html#breadcrumb\",\"itemListElement\":[{\"@type\":\"ListItem\",\"position\":1,\"name\":\"Page d'accueil\",\"item\":\"https:\\\/\\\/www.versiegelung24.com\\\/fr\\\/front\\\/\"},{\"@type\":\"ListItem\",\"position\":2,\"name\":\"Boutique\",\"item\":\"https:\\\/\\\/www.versiegelung24.com\\\/fr\\\/boutique-2\\\/\"},{\"@type\":\"ListItem\",\"position\":3,\"name\":\"Joint universel 7675 pour surfaces &#8220;dures&#8221; \\\/ non absorbantes (verre \\\/ c\u00e9ramique +++, acier inoxydable +++, plastique \\\/ m\u00e9tal ++)\"}]},{\"@type\":\"WebSite\",\"@id\":\"https:\\\/\\\/www.versiegelung24.com\\\/fr\\\/#website\",\"url\":\"https:\\\/\\\/www.versiegelung24.com\\\/fr\\\/\",\"name\":\"versiegelung24.com\",\"description\":\"Fl\u00fcssigglas-Versiegelung - Made in Germany\",\"publisher\":{\"@id\":\"https:\\\/\\\/www.versiegelung24.com\\\/fr\\\/#organization\"},\"potentialAction\":[{\"@type\":\"SearchAction\",\"target\":{\"@type\":\"EntryPoint\",\"urlTemplate\":\"https:\\\/\\\/www.versiegelung24.com\\\/fr\\\/?s={search_term_string}\"},\"query-input\":{\"@type\":\"PropertyValueSpecification\",\"valueRequired\":true,\"valueName\":\"search_term_string\"}}],\"inLanguage\":\"fr-FR\"},{\"@type\":\"Organization\",\"@id\":\"https:\\\/\\\/www.versiegelung24.com\\\/fr\\\/#organization\",\"name\":\"versiegelung24\",\"url\":\"https:\\\/\\\/www.versiegelung24.com\\\/fr\\\/\",\"logo\":{\"@type\":\"ImageObject\",\"inLanguage\":\"fr-FR\",\"@id\":\"https:\\\/\\\/www.versiegelung24.com\\\/fr\\\/#\\\/schema\\\/logo\\\/image\\\/\",\"url\":\"https:\\\/\\\/www.versiegelung24.com\\\/wp-content\\\/uploads\\\/2020\\\/04\\\/versiegelung24.png\",\"contentUrl\":\"https:\\\/\\\/www.versiegelung24.com\\\/wp-content\\\/uploads\\\/2020\\\/04\\\/versiegelung24.png\",\"width\":470,\"height\":102,\"caption\":\"versiegelung24\"},\"image\":{\"@id\":\"https:\\\/\\\/www.versiegelung24.com\\\/fr\\\/#\\\/schema\\\/logo\\\/image\\\/\"}}]}<\/script>\n<meta property=\"product:price:amount\" content=\"89.99\" \/>\n<meta property=\"product:price:currency\" content=\"EUR\" \/>\n<meta property=\"og:availability\" content=\"instock\" \/>\n<meta property=\"product:availability\" content=\"instock\" \/>\n<meta property=\"product:retailer_item_id\" content=\"4005-7675\" \/>\n<meta property=\"product:condition\" content=\"new\" \/>\n<!-- \/ Yoast SEO Premium plugin. -->","yoast_head_json":{"title":"Joint universel 7675 pour surfaces \"dures\" \/ non absorbantes (verre \/ c\u00e9ramique +++, acier inoxydable +++, plastique \/ m\u00e9tal ++) - versiegelung24.com","robots":{"index":"index","follow":"follow","max-snippet":"max-snippet:-1","max-image-preview":"max-image-preview:large","max-video-preview":"max-video-preview:-1"},"canonical":"https:\/\/www.versiegelung24.com\/fr\/joint-universel-7675-pour-surfaces-dures-non-absorbantes-verre-ceramique-acier-inoxydable-plastique-metal.html","og_locale":"fr_FR","og_type":"article","og_title":"Joint universel 7675 pour surfaces \"dures\" \/ non absorbantes (verre \/ c\u00e9ramique +++, acier inoxydable +++, plastique \/ m\u00e9tal ++)","og_description":"**NOUVEAU** Joint universel professionnel tr\u00e8s efficace pour les surfaces \"dures\"\/non absorbantes telles que&nbsp;: \u2713 Verre \u2713 Surfaces en c\u00e9ramique \u2713 Surfaces en plastique \u2713 Surfaces m\u00e9talliques \u2713 Avec effet facile \u00e0 nettoyer","og_url":"https:\/\/www.versiegelung24.com\/fr\/joint-universel-7675-pour-surfaces-dures-non-absorbantes-verre-ceramique-acier-inoxydable-plastique-metal.html","og_site_name":"versiegelung24.com","article_modified_time":"2025-03-20T09:10:15+00:00","og_image":[{"width":2560,"height":2560,"url":"https:\/\/www.versiegelung24.com\/wp-content\/uploads\/2020\/06\/produkt-4005-7675-1000-Universalversiegelung-7675-scaled.jpg","type":"image\/jpeg"}],"twitter_card":"summary_large_image","twitter_misc":{"Prix":"89,99&euro;","Disponibilit\u00e9":"En stock"},"schema":{"@context":"https:\/\/schema.org","@graph":[{"@type":"WebPage","@id":"https:\/\/www.versiegelung24.com\/fr\/joint-universel-7675-pour-surfaces-dures-non-absorbantes-verre-ceramique-acier-inoxydable-plastique-metal.html","url":"https:\/\/www.versiegelung24.com\/fr\/joint-universel-7675-pour-surfaces-dures-non-absorbantes-verre-ceramique-acier-inoxydable-plastique-metal.html","name":"Joint universel 7675 pour surfaces \"dures\" \/ non absorbantes (verre \/ c\u00e9ramique +++, acier inoxydable +++, plastique \/ m\u00e9tal ++) - versiegelung24.com","isPartOf":{"@id":"https:\/\/www.versiegelung24.com\/fr\/#website"},"primaryImageOfPage":{"@id":"https:\/\/www.versiegelung24.com\/fr\/joint-universel-7675-pour-surfaces-dures-non-absorbantes-verre-ceramique-acier-inoxydable-plastique-metal.html#primaryimage"},"image":{"@id":"https:\/\/www.versiegelung24.com\/fr\/joint-universel-7675-pour-surfaces-dures-non-absorbantes-verre-ceramique-acier-inoxydable-plastique-metal.html#primaryimage"},"thumbnailUrl":"https:\/\/www.versiegelung24.com\/wp-content\/uploads\/2020\/06\/produkt-4005-7675-1000-Universalversiegelung-7675-scaled.jpg","datePublished":"2021-08-02T19:27:53+00:00","dateModified":"2025-03-20T09:10:15+00:00","breadcrumb":{"@id":"https:\/\/www.versiegelung24.com\/fr\/joint-universel-7675-pour-surfaces-dures-non-absorbantes-verre-ceramique-acier-inoxydable-plastique-metal.html#breadcrumb"},"inLanguage":"fr-FR","potentialAction":[{"@type":"ReadAction","target":["https:\/\/www.versiegelung24.com\/fr\/joint-universel-7675-pour-surfaces-dures-non-absorbantes-verre-ceramique-acier-inoxydable-plastique-metal.html"]}]},{"@type":"ImageObject","inLanguage":"fr-FR","@id":"https:\/\/www.versiegelung24.com\/fr\/joint-universel-7675-pour-surfaces-dures-non-absorbantes-verre-ceramique-acier-inoxydable-plastique-metal.html#primaryimage","url":"https:\/\/www.versiegelung24.com\/wp-content\/uploads\/2020\/06\/produkt-4005-7675-1000-Universalversiegelung-7675-scaled.jpg","contentUrl":"https:\/\/www.versiegelung24.com\/wp-content\/uploads\/2020\/06\/produkt-4005-7675-1000-Universalversiegelung-7675-scaled.jpg","width":2560,"height":2560},{"@type":"BreadcrumbList","@id":"https:\/\/www.versiegelung24.com\/fr\/joint-universel-7675-pour-surfaces-dures-non-absorbantes-verre-ceramique-acier-inoxydable-plastique-metal.html#breadcrumb","itemListElement":[{"@type":"ListItem","position":1,"name":"Page d'accueil","item":"https:\/\/www.versiegelung24.com\/fr\/front\/"},{"@type":"ListItem","position":2,"name":"Boutique","item":"https:\/\/www.versiegelung24.com\/fr\/boutique-2\/"},{"@type":"ListItem","position":3,"name":"Joint universel 7675 pour surfaces &#8220;dures&#8221; \/ non absorbantes (verre \/ c\u00e9ramique +++, acier inoxydable +++, plastique \/ m\u00e9tal ++)"}]},{"@type":"WebSite","@id":"https:\/\/www.versiegelung24.com\/fr\/#website","url":"https:\/\/www.versiegelung24.com\/fr\/","name":"versiegelung24.com","description":"Fl\u00fcssigglas-Versiegelung - Made in Germany","publisher":{"@id":"https:\/\/www.versiegelung24.com\/fr\/#organization"},"potentialAction":[{"@type":"SearchAction","target":{"@type":"EntryPoint","urlTemplate":"https:\/\/www.versiegelung24.com\/fr\/?s={search_term_string}"},"query-input":{"@type":"PropertyValueSpecification","valueRequired":true,"valueName":"search_term_string"}}],"inLanguage":"fr-FR"},{"@type":"Organization","@id":"https:\/\/www.versiegelung24.com\/fr\/#organization","name":"versiegelung24","url":"https:\/\/www.versiegelung24.com\/fr\/","logo":{"@type":"ImageObject","inLanguage":"fr-FR","@id":"https:\/\/www.versiegelung24.com\/fr\/#\/schema\/logo\/image\/","url":"https:\/\/www.versiegelung24.com\/wp-content\/uploads\/2020\/04\/versiegelung24.png","contentUrl":"https:\/\/www.versiegelung24.com\/wp-content\/uploads\/2020\/04\/versiegelung24.png","width":470,"height":102,"caption":"versiegelung24"},"image":{"@id":"https:\/\/www.versiegelung24.com\/fr\/#\/schema\/logo\/image\/"}}]},"product_price_amount":"89.99","product_price_currency":"EUR","og_availability":"instock","product_availability":"instock","product_retailer_item_id":"4005-7675","product_condition":"new"},"_links":{"self":[{"href":"https:\/\/www.versiegelung24.com\/fr\/wp-json\/wp\/v2\/product\/23217","targetHints":{"allow":["GET"]}}],"collection":[{"href":"https:\/\/www.versiegelung24.com\/fr\/wp-json\/wp\/v2\/product"}],"about":[{"href":"https:\/\/www.versiegelung24.com\/fr\/wp-json\/wp\/v2\/types\/product"}],"version-history":[{"count":16,"href":"https:\/\/www.versiegelung24.com\/fr\/wp-json\/wp\/v2\/product\/23217\/revisions"}],"predecessor-version":[{"id":181094,"href":"https:\/\/www.versiegelung24.com\/fr\/wp-json\/wp\/v2\/product\/23217\/revisions\/181094"}],"wp:featuredmedia":[{"embeddable":true,"href":"https:\/\/www.versiegelung24.com\/fr\/wp-json\/wp\/v2\/media\/18246"}],"wp:attachment":[{"href":"https:\/\/www.versiegelung24.com\/fr\/wp-json\/wp\/v2\/media?parent=23217"}],"wp:term":[{"taxonomy":"product_brand","embeddable":true,"href":"https:\/\/www.versiegelung24.com\/fr\/wp-json\/wp\/v2\/product_brand?post=23217"},{"taxonomy":"product_cat","embeddable":true,"href":"https:\/\/www.versiegelung24.com\/fr\/wp-json\/wp\/v2\/product_cat?post=23217"},{"taxonomy":"product_tag","embeddable":true,"href":"https:\/\/www.versiegelung24.com\/fr\/wp-json\/wp\/v2\/product_tag?post=23217"}],"curies":[{"name":"wp","href":"https:\/\/api.w.org\/{rel}","templated":true}]}}