{"id":23429,"date":"2020-04-04T18:53:17","date_gmt":"2021-08-02T19:36:21","guid":{"rendered":"https:\/\/www.versiegelung24.com\/produkt\/5-litres-de-concentre-bacoban-pour-500-litres-de-desinfection-de-surface-longue-duree"},"modified":"2025-01-13T16:36:35","modified_gmt":"2025-01-13T15:36:35","slug":"bacoban-long-term-surface-disinfection-5-000ml-water-based-concentrate","status":"publish","type":"product","link":"https:\/\/www.versiegelung24.com\/fr\/bacoban-long-term-surface-disinfection-5-000ml-water-based-concentrate.html","title":{"rendered":"5 litres de concentr\u00e9 BACOBAN\u00ae pour 500 litres de d\u00e9sinfection de surface longue dur\u00e9e"},"content":{"rendered":"\n<h2 class=\"wp-block-heading\" id=\"h-5-liter-kanister-bacoban-langzeit-flachendesinfektion-konzentrat\">Bidon de 5 litres BACOBAN\u00ae concentr\u00e9 de d\u00e9sinfection de surface longue dur\u00e9e<\/h2>\n\n<p><strong>Suffisant pour 500 litres de d\u00e9sinfectant (dilu\u00e9 1: 100 avec de l&#8217;eau)<\/strong><\/p>\n\n<p><strong>Utilisez les d\u00e9sinfectants avec pr\u00e9caution. Toujours lire l&#8217;\u00e9tiquette et les informations avant de les utiliser.<\/strong><\/p>\n\n<hr \/>\n\n<h4 class=\"wp-block-heading\" id=\"properties\">Caract\u00e9ristiques du produit<\/h4>\n\n<p><strong>Composition :<\/strong><br \/>100 g de solution contiennent : Chlorure de benzalkonium 26 g, pyrithione sodique 2,5 g, polycondensats, parfums, eau purifi\u00e9e, sans formald\u00e9hyde, sans ph\u00e9nol.<br \/>Ingr\u00e9dients conformes au r\u00e8glement (CE) n\u00b0 648\/2004 : 15 % ou plus, mais moins de 30 % d&#8217;agents de surface cationiques, d\u00e9sinfectants, parfum (linalool, limon\u00e8ne, citral, g\u00e9raniol, citronellol)<\/p>\n<div class=\"wp-block-image\">\n<figure class=\"aligncenter size-large is-resized\"><img decoding=\"async\" src=\"https:\/\/www.versiegelung24.com\/wp-content\/uploads\/2022\/01\/desinfektion_tisch-1300x260.jpg\" alt=\"\" class=\"wp-image-59386\" width=\"1500\" srcset=\"https:\/\/www.versiegelung24.com\/wp-content\/uploads\/2022\/01\/desinfektion_tisch-1300x260.jpg 1300w, https:\/\/www.versiegelung24.com\/wp-content\/uploads\/2022\/01\/desinfektion_tisch-300x60.jpg 300w, https:\/\/www.versiegelung24.com\/wp-content\/uploads\/2022\/01\/desinfektion_tisch-768x154.jpg 768w, https:\/\/www.versiegelung24.com\/wp-content\/uploads\/2022\/01\/desinfektion_tisch-600x120.jpg 600w, https:\/\/www.versiegelung24.com\/wp-content\/uploads\/2022\/01\/desinfektion_tisch.jpg 1500w\" sizes=\"(max-width: 1300px) 100vw, 1300px\" \/><\/figure>\n<\/div>\n<hr \/>\n\n<h4 class=\"wp-block-heading\" id=\"application\">Application<\/h4>\n\n<p>En dehors<strong> Bacoban<\/strong><sup> \u00ae<\/sup><strong> BM<\/strong> Pr\u00e9parer une solution pr\u00eate \u00e0 l&#8217;emploi selon le tableau de m\u00e9lange et humidifier suffisamment les surfaces. Ne pas rincer ni frotter pour s\u00e9cher. Temps de repos de la solution de travail fra\u00eechement pr\u00e9par\u00e9e : 8 heures<\/p>\n\n<figure class=\"wp-block-table\"><table><tbody><tr><td>Table de m\u00e9lange<\/td><\/tr><tr><td>Volume final<\/td><td>0,5 %<\/td><td>1 %<\/td><td>2 %<\/td><td>3 %<\/td><\/tr><tr><td>1 litre<\/td><td>5 ml<\/td><td>10 ml<\/td><td>20 ml<\/td><td>30 ml<\/td><\/tr><tr><td>2 litres<\/td><td>10 ml<\/td><td>20 ml<\/td><td>40 ml<\/td><td>60 ml<\/td><\/tr><tr><td>4 litres<\/td><td>20 ml<\/td><td>40 ml<\/td><td>80 ml<\/td><td>120 ml<\/td><\/tr><tr><td>8 litres<\/td><td>40 ml<\/td><td>80 ml<\/td><td>160 ml<\/td><td>240 ml<\/td><\/tr><tr><td>10 litres<\/td><td>50 ml<\/td><td>100 ml<\/td><td>200 ml<\/td><td>300 ml<\/td><\/tr><\/tbody><\/table><figcaption>table de mixage<\/figcaption><\/figure>\n\n<p>Effet antimicrobien durable <strong>(effet r\u00e9manent)<\/strong> jusqu&#8217;\u00e0 <strong>10 jours<\/strong> (test\u00e9 conform\u00e9ment \u00e0 la norme ASTM E 2180).<br \/>Test\u00e9 dermatologiquement (*\u00e0 1%) : tr\u00e8s bonne tol\u00e9rance cutan\u00e9e.<\/p>\n\n<p><strong>Efficacit\u00e9 et dosage :<\/strong><\/p>\n\n<div class=\"wp-block-columns is-layout-flex wp-container-core-columns-is-layout-9d6595d7 wp-block-columns-is-layout-flex\">\n<div class=\"wp-block-column is-layout-flow wp-block-column-is-layout-flow\">\n<p>Test selon la directive DGHM (charge organique \u00e9lev\u00e9e) :<br \/>1,5 %, 15 min. ; 2,0 %, 5 min.<br \/>Test selon les directives EN :<br \/>DIN EN 1040 : 0,25 %, 5 min.<br \/>DIN EN 1275 : 0,25 %, 5 min.<br \/>DIN EN 1276 : 0,75 %, 5 min.\/0,50 %, 15 min.<\/p>\n<\/div>\n\n\n\n<div class=\"wp-block-column is-layout-flow wp-block-column-is-layout-flow\">\n<p>DIN EN 1650 : 0,50 %, 5 min.\/0,25 %, 15 min.<br \/>DIN EN 13697 : 0,50 %, 15 min.<br \/>EN 13727 : 1 %, 5 min.<br \/>EN 13624 : 1 %, 5 min.<br \/>DIN EN 14561 : 3 % 5 min, 0,5 % 60 min<br \/>DIN EN 14562 : 0,5 % 60 min<br \/>Test selon la directive DVV : *efficacit\u00e9 virucide limit\u00e9e ; 1,0 % ; 5 min. (VIH, VHB, VHC, herp\u00e8s, grippe, \u00e9galement grippe aviaire, BVDV, vaccinia), rotavirus : 0,1 %, 5 min., ad\u00e9novirus : 2,0 %, 240 min.<\/p>\n<\/div>\n<\/div>\n\n<p><strong>Effet antimicrobien durable jusqu&#8217;\u00e0 10 jours<\/strong> (test\u00e9 selon la norme ASTM E 2180)<\/p>\n\n<p><strong>Important !<\/strong><br \/>L&#8217;effet antimicrobien durable de <sup>Bacoban\u00aeWB<\/sup>ne doit pas conduire \u00e0 omettre les mesures de d\u00e9sinfection n\u00e9cessaires en cas de contaminations visibles et\/ou douteuses !<\/p>\n<div class=\"wp-block-image\">\n<figure class=\"aligncenter size-large is-resized\"><img decoding=\"async\" src=\"https:\/\/www.versiegelung24.com\/wp-content\/uploads\/2022\/01\/tuere_viren-1300x260.jpg\" alt=\"\" class=\"wp-image-59414\" width=\"1500\" srcset=\"https:\/\/www.versiegelung24.com\/wp-content\/uploads\/2022\/01\/tuere_viren-1300x260.jpg 1300w, https:\/\/www.versiegelung24.com\/wp-content\/uploads\/2022\/01\/tuere_viren-300x60.jpg 300w, https:\/\/www.versiegelung24.com\/wp-content\/uploads\/2022\/01\/tuere_viren-768x154.jpg 768w, https:\/\/www.versiegelung24.com\/wp-content\/uploads\/2022\/01\/tuere_viren-600x120.jpg 600w, https:\/\/www.versiegelung24.com\/wp-content\/uploads\/2022\/01\/tuere_viren.jpg 1500w\" sizes=\"(max-width: 1300px) 100vw, 1300px\" \/><\/figure>\n<\/div>\n<hr \/>\n\n<h4 class=\"wp-block-heading\" id=\"advisor\">Guide pratique<\/h4>\n\n<p><strong>Consigne de s\u00e9curit\u00e9 :<\/strong><br \/>L&#8217;association professionnelle prescrit le port de gants lors de la manipulation de d\u00e9sinfectants. Nocif en cas d&#8217;ingestion. Provoque des br\u00fblures de la peau et des l\u00e9sions oculaires graves. Tr\u00e8s toxique pour les organismes aquatiques. Toxique pour les organismes aquatiques, entra\u00eene des effets n\u00e9fastes \u00e0 long terme. Ne pas manger, boire ou fumer pendant l&#8217;utilisation. EN CAS D&#8217;INGESTION : Rincer la bouche. NE PAS faire vomir. EN CAS DE CONTACT AVEC LA PEAU (ou les cheveux) : Retirer imm\u00e9diatement tous les v\u00eatements contamin\u00e9s. Rincer\/doucher la peau \u00e0 l&#8217;eau. EN CAS DE CONTACT AVEC LES YEUX : Rincer d\u00e9licatement \u00e0 l&#8217;eau pendant plusieurs minutes. Enlever les lentilles de contact existantes si possible. Continuer \u00e0 rincer. Appeler imm\u00e9diatement un CENTRE ANTIPOISON ou un m\u00e9decin. Si un avis m\u00e9dical est requis, garder l&#8217;emballage ou l&#8217;\u00e9tiquette \u00e0 port\u00e9e de main. Conserver hors de port\u00e9e des enfants.<br \/>Utiliser uniquement avec de l&#8217;eau et conform\u00e9ment au tableau des m\u00e9langes. Ne pas utiliser avec d&#8217;autres nettoyants ou d\u00e9sinfectants.<\/p>\n\n<div class=\"wp-block-columns is-layout-flex wp-container-core-columns-is-layout-9d6595d7 wp-block-columns-is-layout-flex\">\n<div class=\"wp-block-column is-layout-flow wp-block-column-is-layout-flow\">\n<p>Peut \u00eatre utilis\u00e9 sur toutes les surfaces. Dans le cas de <strong>surfaces dont la sensibilit\u00e9 est douteuse, nous recommandons un test de r\u00e9sistance<\/strong> sur une zone peu visible. Conservation uniquement dans un r\u00e9cipient ferm\u00e9. Conserver au frais et au sec.<\/p>\n<\/div>\n\n\n\n<div class=\"wp-block-column is-layout-flow wp-block-column-is-layout-flow\">\n<p><strong>Le r\u00e9cipient ne peut \u00eatre recycl\u00e9 que lorsqu&#8217;il est enti\u00e8rement vide.<\/strong> Ne pas utiliser apr\u00e8s la date d&#8217;expiration. \u00c9liminer dans un centre de collecte appropri\u00e9 en respectant les r\u00e9glementations locales et officielles.<\/p>\n<\/div>\n<\/div>\n\n<p>Biocide Reg.Nr : N-28795 (D). 263\/17\/L (Lu)<\/p>\n\n<p>La <strong>solution pr\u00eate<\/strong> \u00e0 l&#8217;emploi selon le tableau de m\u00e9lange ne n\u00e9cessite pas de symbole de danger.<\/p>\n","protected":false},"excerpt":{"rendered":"<p><strong>Concentr\u00e9 pour 500 litres de d\u00e9sinfectant \u00e0 base d&#8217;eau.<\/strong><\/p>\n","protected":false},"featured_media":15384,"template":"","meta":{"_acf_changed":false,"neve_meta_sidebar":"","neve_meta_container":"","neve_meta_enable_content_width":"","neve_meta_content_width":0,"neve_meta_title_alignment":"","neve_meta_author_avatar":"","neve_post_elements_order":"","neve_meta_disable_header":"","neve_meta_disable_footer":"","neve_meta_disable_title":"","neve_meta_reading_time":"","_surfaces":[],"_ver_product_tabs":[],"footnotes":""},"product_brand":[],"product_cat":[2346,2349,2351],"product_tag":[],"class_list":{"0":"post-23429","1":"product","2":"type-product","3":"status-publish","4":"has-post-thumbnail","6":"product_cat-desinfectants","7":"product_cat-desinfectants-de-surfaces","8":"product_cat-concentres-desinfectants","10":"first","11":"instock","12":"taxable","13":"shipping-taxable","14":"purchasable","15":"product-type-simple"},"acf":[],"yoast_head":"<!-- This site is optimized with the Yoast SEO Premium plugin v22.8 (Yoast SEO v27.5) - https:\/\/yoast.com\/product\/yoast-seo-premium-wordpress\/ -->\n<title>5 litres de concentr\u00e9 BACOBAN\u00ae pour 500 litres de d\u00e9sinfection de surface longue dur\u00e9e - versiegelung24.com<\/title>\n<meta name=\"robots\" content=\"index, follow, max-snippet:-1, max-image-preview:large, max-video-preview:-1\" \/>\n<link rel=\"canonical\" href=\"https:\/\/www.versiegelung24.com\/fr\/bacoban-long-term-surface-disinfection-5-000ml-water-based-concentrate.html\" \/>\n<meta property=\"og:locale\" content=\"fr_FR\" \/>\n<meta property=\"og:type\" content=\"article\" \/>\n<meta property=\"og:title\" content=\"5 litres de concentr\u00e9 BACOBAN\u00ae pour 500 litres de d\u00e9sinfection de surface longue dur\u00e9e\" \/>\n<meta property=\"og:description\" content=\"Concentr\u00e9 pour 500 litres de d\u00e9sinfectant \u00e0 base d&#039;eau.\" \/>\n<meta property=\"og:url\" content=\"https:\/\/www.versiegelung24.com\/fr\/bacoban-long-term-surface-disinfection-5-000ml-water-based-concentrate.html\" \/>\n<meta property=\"og:site_name\" content=\"versiegelung24.com\" \/>\n<meta property=\"article:modified_time\" content=\"2025-01-13T15:36:35+00:00\" \/>\n<meta property=\"og:image\" content=\"https:\/\/www.versiegelung24.com\/wp-content\/uploads\/2020\/05\/bacoban-bacwb5-1.png\" \/>\n\t<meta property=\"og:image:width\" content=\"2000\" \/>\n\t<meta property=\"og:image:height\" content=\"2000\" \/>\n\t<meta property=\"og:image:type\" content=\"image\/png\" \/>\n<meta name=\"twitter:card\" content=\"summary_large_image\" \/>\n<meta name=\"twitter:label1\" content=\"Prix\" \/>\n\t<meta name=\"twitter:data1\" content=\"399,00&euro;\" \/>\n\t<meta name=\"twitter:label2\" content=\"Disponibilit\u00e9\" \/>\n\t<meta name=\"twitter:data2\" content=\"En stock\" \/>\n<script type=\"application\/ld+json\" class=\"yoast-schema-graph\">{\"@context\":\"https:\\\/\\\/schema.org\",\"@graph\":[{\"@type\":\"WebPage\",\"@id\":\"https:\\\/\\\/www.versiegelung24.com\\\/fr\\\/bacoban-long-term-surface-disinfection-5-000ml-water-based-concentrate.html\",\"url\":\"https:\\\/\\\/www.versiegelung24.com\\\/fr\\\/bacoban-long-term-surface-disinfection-5-000ml-water-based-concentrate.html\",\"name\":\"5 litres de concentr\u00e9 BACOBAN\u00ae pour 500 litres de d\u00e9sinfection de surface longue dur\u00e9e - versiegelung24.com\",\"isPartOf\":{\"@id\":\"https:\\\/\\\/www.versiegelung24.com\\\/fr\\\/#website\"},\"primaryImageOfPage\":{\"@id\":\"https:\\\/\\\/www.versiegelung24.com\\\/fr\\\/bacoban-long-term-surface-disinfection-5-000ml-water-based-concentrate.html#primaryimage\"},\"image\":{\"@id\":\"https:\\\/\\\/www.versiegelung24.com\\\/fr\\\/bacoban-long-term-surface-disinfection-5-000ml-water-based-concentrate.html#primaryimage\"},\"thumbnailUrl\":\"https:\\\/\\\/www.versiegelung24.com\\\/wp-content\\\/uploads\\\/2020\\\/05\\\/bacoban-bacwb5-1.png\",\"datePublished\":\"2021-08-02T19:36:21+00:00\",\"dateModified\":\"2025-01-13T15:36:35+00:00\",\"breadcrumb\":{\"@id\":\"https:\\\/\\\/www.versiegelung24.com\\\/fr\\\/bacoban-long-term-surface-disinfection-5-000ml-water-based-concentrate.html#breadcrumb\"},\"inLanguage\":\"fr-FR\",\"potentialAction\":[{\"@type\":\"ReadAction\",\"target\":[\"https:\\\/\\\/www.versiegelung24.com\\\/fr\\\/bacoban-long-term-surface-disinfection-5-000ml-water-based-concentrate.html\"]}]},{\"@type\":\"ImageObject\",\"inLanguage\":\"fr-FR\",\"@id\":\"https:\\\/\\\/www.versiegelung24.com\\\/fr\\\/bacoban-long-term-surface-disinfection-5-000ml-water-based-concentrate.html#primaryimage\",\"url\":\"https:\\\/\\\/www.versiegelung24.com\\\/wp-content\\\/uploads\\\/2020\\\/05\\\/bacoban-bacwb5-1.png\",\"contentUrl\":\"https:\\\/\\\/www.versiegelung24.com\\\/wp-content\\\/uploads\\\/2020\\\/05\\\/bacoban-bacwb5-1.png\",\"width\":2000,\"height\":2000},{\"@type\":\"BreadcrumbList\",\"@id\":\"https:\\\/\\\/www.versiegelung24.com\\\/fr\\\/bacoban-long-term-surface-disinfection-5-000ml-water-based-concentrate.html#breadcrumb\",\"itemListElement\":[{\"@type\":\"ListItem\",\"position\":1,\"name\":\"Page d'accueil\",\"item\":\"https:\\\/\\\/www.versiegelung24.com\\\/fr\\\/front\\\/\"},{\"@type\":\"ListItem\",\"position\":2,\"name\":\"Boutique\",\"item\":\"https:\\\/\\\/www.versiegelung24.com\\\/fr\\\/boutique-2\\\/\"},{\"@type\":\"ListItem\",\"position\":3,\"name\":\"5 litres de concentr\u00e9 BACOBAN\u00ae pour 500 litres de d\u00e9sinfection de surface longue dur\u00e9e\"}]},{\"@type\":\"WebSite\",\"@id\":\"https:\\\/\\\/www.versiegelung24.com\\\/fr\\\/#website\",\"url\":\"https:\\\/\\\/www.versiegelung24.com\\\/fr\\\/\",\"name\":\"versiegelung24.com\",\"description\":\"Fl\u00fcssigglas-Versiegelung - Made in Germany\",\"publisher\":{\"@id\":\"https:\\\/\\\/www.versiegelung24.com\\\/fr\\\/#organization\"},\"potentialAction\":[{\"@type\":\"SearchAction\",\"target\":{\"@type\":\"EntryPoint\",\"urlTemplate\":\"https:\\\/\\\/www.versiegelung24.com\\\/fr\\\/?s={search_term_string}\"},\"query-input\":{\"@type\":\"PropertyValueSpecification\",\"valueRequired\":true,\"valueName\":\"search_term_string\"}}],\"inLanguage\":\"fr-FR\"},{\"@type\":\"Organization\",\"@id\":\"https:\\\/\\\/www.versiegelung24.com\\\/fr\\\/#organization\",\"name\":\"versiegelung24\",\"url\":\"https:\\\/\\\/www.versiegelung24.com\\\/fr\\\/\",\"logo\":{\"@type\":\"ImageObject\",\"inLanguage\":\"fr-FR\",\"@id\":\"https:\\\/\\\/www.versiegelung24.com\\\/fr\\\/#\\\/schema\\\/logo\\\/image\\\/\",\"url\":\"https:\\\/\\\/www.versiegelung24.com\\\/wp-content\\\/uploads\\\/2020\\\/04\\\/versiegelung24.png\",\"contentUrl\":\"https:\\\/\\\/www.versiegelung24.com\\\/wp-content\\\/uploads\\\/2020\\\/04\\\/versiegelung24.png\",\"width\":470,\"height\":102,\"caption\":\"versiegelung24\"},\"image\":{\"@id\":\"https:\\\/\\\/www.versiegelung24.com\\\/fr\\\/#\\\/schema\\\/logo\\\/image\\\/\"}}]}<\/script>\n<meta property=\"product:price:amount\" content=\"399.00\" \/>\n<meta property=\"product:price:currency\" content=\"EUR\" \/>\n<meta property=\"og:availability\" content=\"instock\" \/>\n<meta property=\"product:availability\" content=\"instock\" \/>\n<meta property=\"product:retailer_item_id\" content=\"BACWB5\" \/>\n<meta property=\"product:condition\" content=\"new\" \/>\n<!-- \/ Yoast SEO Premium plugin. -->","yoast_head_json":{"title":"5 litres de concentr\u00e9 BACOBAN\u00ae pour 500 litres de d\u00e9sinfection de surface longue dur\u00e9e - versiegelung24.com","robots":{"index":"index","follow":"follow","max-snippet":"max-snippet:-1","max-image-preview":"max-image-preview:large","max-video-preview":"max-video-preview:-1"},"canonical":"https:\/\/www.versiegelung24.com\/fr\/bacoban-long-term-surface-disinfection-5-000ml-water-based-concentrate.html","og_locale":"fr_FR","og_type":"article","og_title":"5 litres de concentr\u00e9 BACOBAN\u00ae pour 500 litres de d\u00e9sinfection de surface longue dur\u00e9e","og_description":"Concentr\u00e9 pour 500 litres de d\u00e9sinfectant \u00e0 base d'eau.","og_url":"https:\/\/www.versiegelung24.com\/fr\/bacoban-long-term-surface-disinfection-5-000ml-water-based-concentrate.html","og_site_name":"versiegelung24.com","article_modified_time":"2025-01-13T15:36:35+00:00","og_image":[{"width":2000,"height":2000,"url":"https:\/\/www.versiegelung24.com\/wp-content\/uploads\/2020\/05\/bacoban-bacwb5-1.png","type":"image\/png"}],"twitter_card":"summary_large_image","twitter_misc":{"Prix":"399,00&euro;","Disponibilit\u00e9":"En stock"},"schema":{"@context":"https:\/\/schema.org","@graph":[{"@type":"WebPage","@id":"https:\/\/www.versiegelung24.com\/fr\/bacoban-long-term-surface-disinfection-5-000ml-water-based-concentrate.html","url":"https:\/\/www.versiegelung24.com\/fr\/bacoban-long-term-surface-disinfection-5-000ml-water-based-concentrate.html","name":"5 litres de concentr\u00e9 BACOBAN\u00ae pour 500 litres de d\u00e9sinfection de surface longue dur\u00e9e - versiegelung24.com","isPartOf":{"@id":"https:\/\/www.versiegelung24.com\/fr\/#website"},"primaryImageOfPage":{"@id":"https:\/\/www.versiegelung24.com\/fr\/bacoban-long-term-surface-disinfection-5-000ml-water-based-concentrate.html#primaryimage"},"image":{"@id":"https:\/\/www.versiegelung24.com\/fr\/bacoban-long-term-surface-disinfection-5-000ml-water-based-concentrate.html#primaryimage"},"thumbnailUrl":"https:\/\/www.versiegelung24.com\/wp-content\/uploads\/2020\/05\/bacoban-bacwb5-1.png","datePublished":"2021-08-02T19:36:21+00:00","dateModified":"2025-01-13T15:36:35+00:00","breadcrumb":{"@id":"https:\/\/www.versiegelung24.com\/fr\/bacoban-long-term-surface-disinfection-5-000ml-water-based-concentrate.html#breadcrumb"},"inLanguage":"fr-FR","potentialAction":[{"@type":"ReadAction","target":["https:\/\/www.versiegelung24.com\/fr\/bacoban-long-term-surface-disinfection-5-000ml-water-based-concentrate.html"]}]},{"@type":"ImageObject","inLanguage":"fr-FR","@id":"https:\/\/www.versiegelung24.com\/fr\/bacoban-long-term-surface-disinfection-5-000ml-water-based-concentrate.html#primaryimage","url":"https:\/\/www.versiegelung24.com\/wp-content\/uploads\/2020\/05\/bacoban-bacwb5-1.png","contentUrl":"https:\/\/www.versiegelung24.com\/wp-content\/uploads\/2020\/05\/bacoban-bacwb5-1.png","width":2000,"height":2000},{"@type":"BreadcrumbList","@id":"https:\/\/www.versiegelung24.com\/fr\/bacoban-long-term-surface-disinfection-5-000ml-water-based-concentrate.html#breadcrumb","itemListElement":[{"@type":"ListItem","position":1,"name":"Page d'accueil","item":"https:\/\/www.versiegelung24.com\/fr\/front\/"},{"@type":"ListItem","position":2,"name":"Boutique","item":"https:\/\/www.versiegelung24.com\/fr\/boutique-2\/"},{"@type":"ListItem","position":3,"name":"5 litres de concentr\u00e9 BACOBAN\u00ae pour 500 litres de d\u00e9sinfection de surface longue dur\u00e9e"}]},{"@type":"WebSite","@id":"https:\/\/www.versiegelung24.com\/fr\/#website","url":"https:\/\/www.versiegelung24.com\/fr\/","name":"versiegelung24.com","description":"Fl\u00fcssigglas-Versiegelung - Made in Germany","publisher":{"@id":"https:\/\/www.versiegelung24.com\/fr\/#organization"},"potentialAction":[{"@type":"SearchAction","target":{"@type":"EntryPoint","urlTemplate":"https:\/\/www.versiegelung24.com\/fr\/?s={search_term_string}"},"query-input":{"@type":"PropertyValueSpecification","valueRequired":true,"valueName":"search_term_string"}}],"inLanguage":"fr-FR"},{"@type":"Organization","@id":"https:\/\/www.versiegelung24.com\/fr\/#organization","name":"versiegelung24","url":"https:\/\/www.versiegelung24.com\/fr\/","logo":{"@type":"ImageObject","inLanguage":"fr-FR","@id":"https:\/\/www.versiegelung24.com\/fr\/#\/schema\/logo\/image\/","url":"https:\/\/www.versiegelung24.com\/wp-content\/uploads\/2020\/04\/versiegelung24.png","contentUrl":"https:\/\/www.versiegelung24.com\/wp-content\/uploads\/2020\/04\/versiegelung24.png","width":470,"height":102,"caption":"versiegelung24"},"image":{"@id":"https:\/\/www.versiegelung24.com\/fr\/#\/schema\/logo\/image\/"}}]},"product_price_amount":"399.00","product_price_currency":"EUR","og_availability":"instock","product_availability":"instock","product_retailer_item_id":"BACWB5","product_condition":"new"},"_links":{"self":[{"href":"https:\/\/www.versiegelung24.com\/fr\/wp-json\/wp\/v2\/product\/23429","targetHints":{"allow":["GET"]}}],"collection":[{"href":"https:\/\/www.versiegelung24.com\/fr\/wp-json\/wp\/v2\/product"}],"about":[{"href":"https:\/\/www.versiegelung24.com\/fr\/wp-json\/wp\/v2\/types\/product"}],"version-history":[{"count":29,"href":"https:\/\/www.versiegelung24.com\/fr\/wp-json\/wp\/v2\/product\/23429\/revisions"}],"predecessor-version":[{"id":180505,"href":"https:\/\/www.versiegelung24.com\/fr\/wp-json\/wp\/v2\/product\/23429\/revisions\/180505"}],"wp:featuredmedia":[{"embeddable":true,"href":"https:\/\/www.versiegelung24.com\/fr\/wp-json\/wp\/v2\/media\/15384"}],"wp:attachment":[{"href":"https:\/\/www.versiegelung24.com\/fr\/wp-json\/wp\/v2\/media?parent=23429"}],"wp:term":[{"taxonomy":"product_brand","embeddable":true,"href":"https:\/\/www.versiegelung24.com\/fr\/wp-json\/wp\/v2\/product_brand?post=23429"},{"taxonomy":"product_cat","embeddable":true,"href":"https:\/\/www.versiegelung24.com\/fr\/wp-json\/wp\/v2\/product_cat?post=23429"},{"taxonomy":"product_tag","embeddable":true,"href":"https:\/\/www.versiegelung24.com\/fr\/wp-json\/wp\/v2\/product_tag?post=23429"}],"curies":[{"name":"wp","href":"https:\/\/api.w.org\/{rel}","templated":true}]}}