{"id":23443,"date":"2020-04-04T18:53:12","date_gmt":"2021-08-02T19:36:59","guid":{"rendered":"https:\/\/www.versiegelung24.com\/produkt\/scellage-plastique-metal-de-qualite-professionnelle"},"modified":"2025-01-03T23:28:32","modified_gmt":"2025-01-03T22:28:32","slug":"joint-plastique-metal-de-qualite-professionnelle","status":"publish","type":"product","link":"https:\/\/www.versiegelung24.com\/fr\/scellage-plastique-metal-de-qualite-professionnelle.html","title":{"rendered":"Scellement plastique + m\u00e9tal de qualit\u00e9 professionnelle"},"content":{"rendered":"\n<p><strong>*** Nouvelle version du produit avec effet am\u00e9lior\u00e9 *** <\/strong><\/p>\n\n<p><strong>Joint de protection professionnel tr\u00e8s efficace pour le plastique et le m\u00e9tal (par exemple l&#8217;acier inoxydable), avec effet lotus (hydrofuge), pour l&#8217;int\u00e9rieur et l&#8217;ext\u00e9rieur. NOUVEAU<\/strong><\/p>\n\n<p>Fabriqu\u00e9 en Allemagne de haute qualit\u00e9.<\/p>\n\n<hr\/>\n\n<h4 class=\"wp-block-heading\" id=\"properties\">Caract\u00e9ristiques du produit<\/h4>\n\n<div class=\"wp-block-columns is-layout-flex wp-container-core-columns-is-layout-9d6595d7 wp-block-columns-is-layout-flex\">\n<div class=\"wp-block-column is-layout-flow wp-block-column-is-layout-flow\">\n<ul class=\"wp-block-list\">\n<li>Excellent effet facile \u00e0 nettoyer pour l&#8217;adh\u00e9rence de la salet\u00e9<\/li>\n\n\n\n<li>Effet hydrophobe et ol\u00e9ophobe (hydrofuge et ol\u00e9ofuge)<\/li>\n\n\n\n<li>Tr\u00e8s grande r\u00e9sistance \u00e0 l&#8217;abrasion gr\u00e2ce \u00e0 la nanotechnologie SiO\u00b2.<\/li>\n\n\n\n<li>R\u00e9sistance chimique aux d\u00e9tergents (jusqu&#8217;\u00e0 un pH de 12)<\/li>\n\n\n\n<li>R\u00e9sistant aux UV \/ r\u00e9sistant au gel \/ r\u00e9sistant \u00e0 l&#8217;eau sal\u00e9e \/ invisible (\u00e9paisseur de couche : 100-150 nm)<\/li>\n<\/ul>\n<\/div>\n\n\n\n<div class=\"wp-block-column is-layout-flow wp-block-column-is-layout-flow\">\n<ul class=\"wp-block-list\">\n<li>\u00c9conomies d&#8217;argent, de temps et d&#8217;\u00e9nergie gr\u00e2ce \u00e0 des cycles de nettoyage prolong\u00e9s<\/li>\n\n\n\n<li>Application simple<\/li>\n\n\n\n<li>Respirant<\/li>\n\n\n\n<li>Fortes propri\u00e9t\u00e9s antiadh\u00e9sives<\/li>\n\n\n\n<li>Durabilit\u00e9 : jusqu&#8217;\u00e0 1 an (selon l&#8217;utilisation)<\/li>\n<\/ul>\n\n\n\n<p>Contenu de l&#8217;emballage :<br\/>1 x bouteille d&#8217;un litre<br\/>1 x description du produit<\/p>\n<\/div>\n<\/div>\n\n<hr\/>\n\n<h4 class=\"wp-block-heading\" id=\"application\">Application<\/h4>\n\n<div class=\"wp-block-columns is-layout-flex wp-container-core-columns-is-layout-9d6595d7 wp-block-columns-is-layout-flex\">\n<div class=\"wp-block-column is-layout-flow wp-block-column-is-layout-flow\">\n<ul class=\"wp-block-list\">\n<li>surfaces en acier inoxydable<\/li>\n\n\n\n<li>peinture de voiture<\/li>\n\n\n\n<li>jantes en aluminium<\/li>\n\n\n\n<li>Surfaces peintes<\/li>\n\n\n\n<li>Surfaces en plastique lisses<\/li>\n\n\n\n<li>plexiglas<\/li>\n\n\n\n<li>surfaces m\u00e9talliques<\/li>\n<\/ul>\n\n\n\n<p>La consommation d\u00e9pend de la structure de la surface, environ 100-200m\u00b2 \/ litre.<\/p>\n<\/div>\n\n\n\n<div class=\"wp-block-column is-layout-flow wp-block-column-is-layout-flow\">\n<p>Facile \u00e0 appliquer : <\/p>\n\n\n\n<p>1.manuel : application par mouvements circulaires avec un chiffon propre en papier, en lin ou en microfibres.<br\/>2.industriel : utilisable aussi bien dans les installations de polissage que dans les installations de rev\u00eatement par pulv\u00e9risation.<\/p>\n\n\n\n<p>Ce rev\u00eatement SiO2 est enti\u00e8rement r\u00e9ticul\u00e9 et durci apr\u00e8s 24 heures. L&#8217;effet facile \u00e0 nettoyer peut \u00eatre test\u00e9 pour la premi\u00e8re fois apr\u00e8s cette phase de durcissement.<\/p>\n\n\n\n<p><br\/>Consommation :<br\/>1 litre permet de vitrifier jusqu&#8217;\u00e0 200 m\u00b2<br\/>Manuellement : 5-10 ml\/m\u00b2<br\/>Industriellement : 10-15 ml\/m<\/p>\n<\/div>\n<\/div>\n","protected":false},"excerpt":{"rendered":"<p><strong>Scell\u00e9 de protection professionnel tr\u00e8s efficace pour le plastique et le m\u00e9tal (par exemple l&#8217;acier inoxydable) :<\/strong><\/p>\n<p>\u2713 Avec effet lotus (hydrofuge)<\/p>\n<p>\u2713 Pour l&#8217;int\u00e9rieur et l&#8217;ext\u00e9rieur. NOUVEAU<\/p>\n","protected":false},"featured_media":18356,"template":"","meta":{"_acf_changed":false,"neve_meta_sidebar":"","neve_meta_container":"","neve_meta_enable_content_width":"","neve_meta_content_width":0,"neve_meta_title_alignment":"","neve_meta_author_avatar":"","neve_post_elements_order":"","neve_meta_disable_header":"","neve_meta_disable_footer":"","neve_meta_disable_title":"","neve_meta_reading_time":"","_surfaces":[],"_ver_product_tabs":[],"footnotes":""},"product_brand":[],"product_cat":[2291],"product_tag":[],"class_list":{"0":"post-23443","1":"product","2":"type-product","3":"status-publish","4":"has-post-thumbnail","6":"product_cat-etancheite-metal-plastique","8":"first","9":"instock","10":"taxable","11":"shipping-taxable","12":"purchasable","13":"product-type-simple"},"acf":[],"yoast_head":"<!-- This site is optimized with the Yoast SEO Premium plugin v22.8 (Yoast SEO v27.5) - https:\/\/yoast.com\/product\/yoast-seo-premium-wordpress\/ -->\n<title>Scellement plastique + m\u00e9tal de qualit\u00e9 professionnelle - versiegelung24.com<\/title>\n<meta name=\"robots\" content=\"index, follow, max-snippet:-1, max-image-preview:large, max-video-preview:-1\" \/>\n<link rel=\"canonical\" href=\"https:\/\/www.versiegelung24.com\/fr\/scellage-plastique-metal-de-qualite-professionnelle.html\" \/>\n<meta property=\"og:locale\" content=\"fr_FR\" \/>\n<meta property=\"og:type\" content=\"article\" \/>\n<meta property=\"og:title\" content=\"Scellement plastique + m\u00e9tal de qualit\u00e9 professionnelle\" \/>\n<meta property=\"og:description\" content=\"Scell\u00e9 de protection professionnel tr\u00e8s efficace pour le plastique et le m\u00e9tal (par exemple l&#039;acier inoxydable) : \u2713 Avec effet lotus (hydrofuge) \u2713 Pour l&#039;int\u00e9rieur et l&#039;ext\u00e9rieur. NOUVEAU\" \/>\n<meta property=\"og:url\" content=\"https:\/\/www.versiegelung24.com\/fr\/scellage-plastique-metal-de-qualite-professionnelle.html\" \/>\n<meta property=\"og:site_name\" content=\"versiegelung24.com\" \/>\n<meta property=\"article:modified_time\" content=\"2025-01-03T22:28:32+00:00\" \/>\n<meta property=\"og:image\" content=\"https:\/\/www.versiegelung24.com\/wp-content\/uploads\/2020\/06\/produkt-5000-7656-1000-Kunststoff-Metallversiegelung-scaled.jpg\" \/>\n\t<meta property=\"og:image:width\" content=\"2560\" \/>\n\t<meta property=\"og:image:height\" content=\"2560\" \/>\n\t<meta property=\"og:image:type\" content=\"image\/jpeg\" \/>\n<meta name=\"twitter:card\" content=\"summary_large_image\" \/>\n<meta name=\"twitter:label1\" content=\"Prix\" \/>\n\t<meta name=\"twitter:data1\" content=\"149,00&euro;\" \/>\n\t<meta name=\"twitter:label2\" content=\"Disponibilit\u00e9\" \/>\n\t<meta name=\"twitter:data2\" content=\"En stock\" \/>\n<script type=\"application\/ld+json\" class=\"yoast-schema-graph\">{\"@context\":\"https:\\\/\\\/schema.org\",\"@graph\":[{\"@type\":\"WebPage\",\"@id\":\"https:\\\/\\\/www.versiegelung24.com\\\/fr\\\/scellage-plastique-metal-de-qualite-professionnelle.html\",\"url\":\"https:\\\/\\\/www.versiegelung24.com\\\/fr\\\/scellage-plastique-metal-de-qualite-professionnelle.html\",\"name\":\"Scellement plastique + m\u00e9tal de qualit\u00e9 professionnelle - versiegelung24.com\",\"isPartOf\":{\"@id\":\"https:\\\/\\\/www.versiegelung24.com\\\/fr\\\/#website\"},\"primaryImageOfPage\":{\"@id\":\"https:\\\/\\\/www.versiegelung24.com\\\/fr\\\/scellage-plastique-metal-de-qualite-professionnelle.html#primaryimage\"},\"image\":{\"@id\":\"https:\\\/\\\/www.versiegelung24.com\\\/fr\\\/scellage-plastique-metal-de-qualite-professionnelle.html#primaryimage\"},\"thumbnailUrl\":\"https:\\\/\\\/www.versiegelung24.com\\\/wp-content\\\/uploads\\\/2020\\\/06\\\/produkt-5000-7656-1000-Kunststoff-Metallversiegelung-scaled.jpg\",\"datePublished\":\"2021-08-02T19:36:59+00:00\",\"dateModified\":\"2025-01-03T22:28:32+00:00\",\"breadcrumb\":{\"@id\":\"https:\\\/\\\/www.versiegelung24.com\\\/fr\\\/scellage-plastique-metal-de-qualite-professionnelle.html#breadcrumb\"},\"inLanguage\":\"fr-FR\",\"potentialAction\":[{\"@type\":\"ReadAction\",\"target\":[\"https:\\\/\\\/www.versiegelung24.com\\\/fr\\\/scellage-plastique-metal-de-qualite-professionnelle.html\"]}]},{\"@type\":\"ImageObject\",\"inLanguage\":\"fr-FR\",\"@id\":\"https:\\\/\\\/www.versiegelung24.com\\\/fr\\\/scellage-plastique-metal-de-qualite-professionnelle.html#primaryimage\",\"url\":\"https:\\\/\\\/www.versiegelung24.com\\\/wp-content\\\/uploads\\\/2020\\\/06\\\/produkt-5000-7656-1000-Kunststoff-Metallversiegelung-scaled.jpg\",\"contentUrl\":\"https:\\\/\\\/www.versiegelung24.com\\\/wp-content\\\/uploads\\\/2020\\\/06\\\/produkt-5000-7656-1000-Kunststoff-Metallversiegelung-scaled.jpg\",\"width\":2560,\"height\":2560},{\"@type\":\"BreadcrumbList\",\"@id\":\"https:\\\/\\\/www.versiegelung24.com\\\/fr\\\/scellage-plastique-metal-de-qualite-professionnelle.html#breadcrumb\",\"itemListElement\":[{\"@type\":\"ListItem\",\"position\":1,\"name\":\"Page d'accueil\",\"item\":\"https:\\\/\\\/www.versiegelung24.com\\\/fr\\\/front\\\/\"},{\"@type\":\"ListItem\",\"position\":2,\"name\":\"Boutique\",\"item\":\"https:\\\/\\\/www.versiegelung24.com\\\/fr\\\/boutique-2\\\/\"},{\"@type\":\"ListItem\",\"position\":3,\"name\":\"Scellement plastique + m\u00e9tal de qualit\u00e9 professionnelle\"}]},{\"@type\":\"WebSite\",\"@id\":\"https:\\\/\\\/www.versiegelung24.com\\\/fr\\\/#website\",\"url\":\"https:\\\/\\\/www.versiegelung24.com\\\/fr\\\/\",\"name\":\"versiegelung24.com\",\"description\":\"Fl\u00fcssigglas-Versiegelung - Made in Germany\",\"publisher\":{\"@id\":\"https:\\\/\\\/www.versiegelung24.com\\\/fr\\\/#organization\"},\"potentialAction\":[{\"@type\":\"SearchAction\",\"target\":{\"@type\":\"EntryPoint\",\"urlTemplate\":\"https:\\\/\\\/www.versiegelung24.com\\\/fr\\\/?s={search_term_string}\"},\"query-input\":{\"@type\":\"PropertyValueSpecification\",\"valueRequired\":true,\"valueName\":\"search_term_string\"}}],\"inLanguage\":\"fr-FR\"},{\"@type\":\"Organization\",\"@id\":\"https:\\\/\\\/www.versiegelung24.com\\\/fr\\\/#organization\",\"name\":\"versiegelung24\",\"url\":\"https:\\\/\\\/www.versiegelung24.com\\\/fr\\\/\",\"logo\":{\"@type\":\"ImageObject\",\"inLanguage\":\"fr-FR\",\"@id\":\"https:\\\/\\\/www.versiegelung24.com\\\/fr\\\/#\\\/schema\\\/logo\\\/image\\\/\",\"url\":\"https:\\\/\\\/www.versiegelung24.com\\\/wp-content\\\/uploads\\\/2020\\\/04\\\/versiegelung24.png\",\"contentUrl\":\"https:\\\/\\\/www.versiegelung24.com\\\/wp-content\\\/uploads\\\/2020\\\/04\\\/versiegelung24.png\",\"width\":470,\"height\":102,\"caption\":\"versiegelung24\"},\"image\":{\"@id\":\"https:\\\/\\\/www.versiegelung24.com\\\/fr\\\/#\\\/schema\\\/logo\\\/image\\\/\"}}]}<\/script>\n<meta property=\"product:price:amount\" content=\"149.00\" \/>\n<meta property=\"product:price:currency\" content=\"EUR\" \/>\n<meta property=\"og:availability\" content=\"instock\" \/>\n<meta property=\"product:availability\" content=\"instock\" \/>\n<meta property=\"product:retailer_item_id\" content=\"5000-7656-1000\" \/>\n<meta property=\"product:condition\" content=\"new\" \/>\n<!-- \/ Yoast SEO Premium plugin. -->","yoast_head_json":{"title":"Scellement plastique + m\u00e9tal de qualit\u00e9 professionnelle - versiegelung24.com","robots":{"index":"index","follow":"follow","max-snippet":"max-snippet:-1","max-image-preview":"max-image-preview:large","max-video-preview":"max-video-preview:-1"},"canonical":"https:\/\/www.versiegelung24.com\/fr\/scellage-plastique-metal-de-qualite-professionnelle.html","og_locale":"fr_FR","og_type":"article","og_title":"Scellement plastique + m\u00e9tal de qualit\u00e9 professionnelle","og_description":"Scell\u00e9 de protection professionnel tr\u00e8s efficace pour le plastique et le m\u00e9tal (par exemple l'acier inoxydable) : \u2713 Avec effet lotus (hydrofuge) \u2713 Pour l'int\u00e9rieur et l'ext\u00e9rieur. NOUVEAU","og_url":"https:\/\/www.versiegelung24.com\/fr\/scellage-plastique-metal-de-qualite-professionnelle.html","og_site_name":"versiegelung24.com","article_modified_time":"2025-01-03T22:28:32+00:00","og_image":[{"width":2560,"height":2560,"url":"https:\/\/www.versiegelung24.com\/wp-content\/uploads\/2020\/06\/produkt-5000-7656-1000-Kunststoff-Metallversiegelung-scaled.jpg","type":"image\/jpeg"}],"twitter_card":"summary_large_image","twitter_misc":{"Prix":"149,00&euro;","Disponibilit\u00e9":"En stock"},"schema":{"@context":"https:\/\/schema.org","@graph":[{"@type":"WebPage","@id":"https:\/\/www.versiegelung24.com\/fr\/scellage-plastique-metal-de-qualite-professionnelle.html","url":"https:\/\/www.versiegelung24.com\/fr\/scellage-plastique-metal-de-qualite-professionnelle.html","name":"Scellement plastique + m\u00e9tal de qualit\u00e9 professionnelle - versiegelung24.com","isPartOf":{"@id":"https:\/\/www.versiegelung24.com\/fr\/#website"},"primaryImageOfPage":{"@id":"https:\/\/www.versiegelung24.com\/fr\/scellage-plastique-metal-de-qualite-professionnelle.html#primaryimage"},"image":{"@id":"https:\/\/www.versiegelung24.com\/fr\/scellage-plastique-metal-de-qualite-professionnelle.html#primaryimage"},"thumbnailUrl":"https:\/\/www.versiegelung24.com\/wp-content\/uploads\/2020\/06\/produkt-5000-7656-1000-Kunststoff-Metallversiegelung-scaled.jpg","datePublished":"2021-08-02T19:36:59+00:00","dateModified":"2025-01-03T22:28:32+00:00","breadcrumb":{"@id":"https:\/\/www.versiegelung24.com\/fr\/scellage-plastique-metal-de-qualite-professionnelle.html#breadcrumb"},"inLanguage":"fr-FR","potentialAction":[{"@type":"ReadAction","target":["https:\/\/www.versiegelung24.com\/fr\/scellage-plastique-metal-de-qualite-professionnelle.html"]}]},{"@type":"ImageObject","inLanguage":"fr-FR","@id":"https:\/\/www.versiegelung24.com\/fr\/scellage-plastique-metal-de-qualite-professionnelle.html#primaryimage","url":"https:\/\/www.versiegelung24.com\/wp-content\/uploads\/2020\/06\/produkt-5000-7656-1000-Kunststoff-Metallversiegelung-scaled.jpg","contentUrl":"https:\/\/www.versiegelung24.com\/wp-content\/uploads\/2020\/06\/produkt-5000-7656-1000-Kunststoff-Metallversiegelung-scaled.jpg","width":2560,"height":2560},{"@type":"BreadcrumbList","@id":"https:\/\/www.versiegelung24.com\/fr\/scellage-plastique-metal-de-qualite-professionnelle.html#breadcrumb","itemListElement":[{"@type":"ListItem","position":1,"name":"Page d'accueil","item":"https:\/\/www.versiegelung24.com\/fr\/front\/"},{"@type":"ListItem","position":2,"name":"Boutique","item":"https:\/\/www.versiegelung24.com\/fr\/boutique-2\/"},{"@type":"ListItem","position":3,"name":"Scellement plastique + m\u00e9tal de qualit\u00e9 professionnelle"}]},{"@type":"WebSite","@id":"https:\/\/www.versiegelung24.com\/fr\/#website","url":"https:\/\/www.versiegelung24.com\/fr\/","name":"versiegelung24.com","description":"Fl\u00fcssigglas-Versiegelung - Made in Germany","publisher":{"@id":"https:\/\/www.versiegelung24.com\/fr\/#organization"},"potentialAction":[{"@type":"SearchAction","target":{"@type":"EntryPoint","urlTemplate":"https:\/\/www.versiegelung24.com\/fr\/?s={search_term_string}"},"query-input":{"@type":"PropertyValueSpecification","valueRequired":true,"valueName":"search_term_string"}}],"inLanguage":"fr-FR"},{"@type":"Organization","@id":"https:\/\/www.versiegelung24.com\/fr\/#organization","name":"versiegelung24","url":"https:\/\/www.versiegelung24.com\/fr\/","logo":{"@type":"ImageObject","inLanguage":"fr-FR","@id":"https:\/\/www.versiegelung24.com\/fr\/#\/schema\/logo\/image\/","url":"https:\/\/www.versiegelung24.com\/wp-content\/uploads\/2020\/04\/versiegelung24.png","contentUrl":"https:\/\/www.versiegelung24.com\/wp-content\/uploads\/2020\/04\/versiegelung24.png","width":470,"height":102,"caption":"versiegelung24"},"image":{"@id":"https:\/\/www.versiegelung24.com\/fr\/#\/schema\/logo\/image\/"}}]},"product_price_amount":"149.00","product_price_currency":"EUR","og_availability":"instock","product_availability":"instock","product_retailer_item_id":"5000-7656-1000","product_condition":"new"},"_links":{"self":[{"href":"https:\/\/www.versiegelung24.com\/fr\/wp-json\/wp\/v2\/product\/23443","targetHints":{"allow":["GET"]}}],"collection":[{"href":"https:\/\/www.versiegelung24.com\/fr\/wp-json\/wp\/v2\/product"}],"about":[{"href":"https:\/\/www.versiegelung24.com\/fr\/wp-json\/wp\/v2\/types\/product"}],"version-history":[{"count":17,"href":"https:\/\/www.versiegelung24.com\/fr\/wp-json\/wp\/v2\/product\/23443\/revisions"}],"predecessor-version":[{"id":177395,"href":"https:\/\/www.versiegelung24.com\/fr\/wp-json\/wp\/v2\/product\/23443\/revisions\/177395"}],"wp:featuredmedia":[{"embeddable":true,"href":"https:\/\/www.versiegelung24.com\/fr\/wp-json\/wp\/v2\/media\/18356"}],"wp:attachment":[{"href":"https:\/\/www.versiegelung24.com\/fr\/wp-json\/wp\/v2\/media?parent=23443"}],"wp:term":[{"taxonomy":"product_brand","embeddable":true,"href":"https:\/\/www.versiegelung24.com\/fr\/wp-json\/wp\/v2\/product_brand?post=23443"},{"taxonomy":"product_cat","embeddable":true,"href":"https:\/\/www.versiegelung24.com\/fr\/wp-json\/wp\/v2\/product_cat?post=23443"},{"taxonomy":"product_tag","embeddable":true,"href":"https:\/\/www.versiegelung24.com\/fr\/wp-json\/wp\/v2\/product_tag?post=23443"}],"curies":[{"name":"wp","href":"https:\/\/api.w.org\/{rel}","templated":true}]}}