{"id":23471,"date":"2020-04-04T18:53:44","date_gmt":"2021-08-02T19:38:42","guid":{"rendered":"https:\/\/www.versiegelung24.com\/produkt\/peinture-automobile-et-joint-de-jante"},"modified":"2025-01-03T23:49:33","modified_gmt":"2025-01-03T22:49:33","slug":"peinture-et-jantes-de-voiture","status":"publish","type":"product","link":"https:\/\/www.versiegelung24.com\/fr\/peinture-et-jante-pour-voiture.html","title":{"rendered":"Peinture automobile et \u00e9tanch\u00e9it\u00e9 des jantes"},"content":{"rendered":"\n<p><strong>*** Nouvelle version du produit avec effet am\u00e9lior\u00e9 *** <\/strong><\/p>\n\n<p><strong>Joint de protection professionnel tr\u00e8s efficace pour la peinture automobile et les jantes en aluminium avec effet lotus (hydrofuge)<\/strong><\/p>\n\n<p>Num\u00e9ro d&#8217;article : 2003-7656<\/p>\n\n<p>Fabriqu\u00e9 en Allemagne de haute qualit\u00e9.<\/p>\n\n<p>Les surfaces lisses en plastique, les surfaces peintes, l&#8217;acier inoxydable et le m\u00e9tal ont un effet hydrophobe et ol\u00e9ophobe et les particules de salet\u00e9 telles que la graisse, les substances huileuses, le calcaire et les substances provenant de la pollution de l&#8217;environnement trouvent moins d&#8217;adh\u00e9rence ou peuvent \u00eatre facilement retir\u00e9es du rev\u00eatement, c&#8217;est-\u00e0-dire sans utiliser abrasifs (\u201cEasy to clean\u201d)<\/p>\n\n<hr\/>\n\n<h4 class=\"wp-block-heading\" id=\"properties\">Caract\u00e9ristiques du produit<\/h4>\n\n<div class=\"wp-block-columns is-layout-flex wp-container-core-columns-is-layout-9d6595d7 wp-block-columns-is-layout-flex\">\n<div class=\"wp-block-column is-layout-flow wp-block-column-is-layout-flow\">\n<ul class=\"wp-block-list\">\n<li>Excellent effet facile \u00e0 nettoyer pour l&#8217;adh\u00e9rence de la salet\u00e9<\/li>\n\n\n\n<li>R\u00e9sistant aux produits chimiques pour les nettoyants pour voitures (jusqu&#8217;\u00e0 pH 12)<\/li>\n\n\n\n<li>Effet hydrophobe et ol\u00e9ophobe (hydrofuge et ol\u00e9ofuge)<\/li>\n\n\n\n<li>Tr\u00e8s grande r\u00e9sistance \u00e0 l&#8217;abrasion gr\u00e2ce \u00e0 la nanotechnologie SiO\u00b2.<\/li>\n\n\n\n<li>Les excr\u00e9ments d&#8217;oiseaux, les insectes et autres salet\u00e9s sont plus faciles \u00e0 enlever<\/li>\n\n\n\n<li>R\u00e9sistant aux UV \/ r\u00e9sistant au gel \/ r\u00e9sistant \u00e0 l&#8217;eau sal\u00e9e \/ invisible (\u00e9paisseur de couche : 100-150 nm)<\/li>\n\n\n\n<li>\u00c9conomies d&#8217;argent, de temps et d&#8217;\u00e9nergie gr\u00e2ce \u00e0 des cycles de nettoyage prolong\u00e9s<\/li>\n<\/ul>\n<\/div>\n\n\n\n<div class=\"wp-block-column is-layout-flow wp-block-column-is-layout-flow\">\n<ul class=\"wp-block-list\">\n<li>Application simple<\/li>\n\n\n\n<li>Respirant<\/li>\n\n\n\n<li>Fortes propri\u00e9t\u00e9s antiadh\u00e9sives<\/li>\n\n\n\n<li>Durabilit\u00e9 : jusqu&#8217;\u00e0 1 an (selon l&#8217;utilisation)<\/li>\n<\/ul>\n\n\n\n<p>Consommation :<br\/>1 litre permet de vitrifier jusqu&#8217;\u00e0 200 m\u00b2<br\/>Manuellement : 5-10 ml\/m\u00b2<br\/>Industriellement : 10-15 ml\/m<\/p>\n\n\n\n<p>Contenu de l&#8217;emballage :<br\/>1 x bouteille d&#8217;un litre<br\/>1 x description du produit<\/p>\n<\/div>\n<\/div>\n\n<hr\/>\n\n<h4 class=\"wp-block-heading\" id=\"application\">Application<\/h4>\n\n<div class=\"wp-block-columns is-layout-flex wp-container-core-columns-is-layout-9d6595d7 wp-block-columns-is-layout-flex\">\n<div class=\"wp-block-column is-layout-flow wp-block-column-is-layout-flow\">\n<ul class=\"wp-block-list\">\n<li>peinture de voiture<\/li>\n\n\n\n<li>jantes en aluminium<\/li>\n\n\n\n<li>Jantes peintes<\/li>\n\n\n\n<li>Accessoires en plastique peint (pare-chocs, bas de caisse, spoilers)<\/li>\n\n\n\n<li>Surfaces en plastique lisses<\/li>\n\n\n\n<li>acier inoxydable<\/li>\n\n\n\n<li>plexiglas<\/li>\n\n\n\n<li>surfaces m\u00e9talliques<\/li>\n<\/ul>\n\n\n\n<p>La consommation d\u00e9pend de la structure de la surface environ 100-200m\u00b2 \/ litre.<\/p>\n<\/div>\n\n\n\n<div class=\"wp-block-column is-layout-flow wp-block-column-is-layout-flow\">\n<p>Facile \u00e0 appliquer : <\/p>\n\n\n\n<p>1.manuel : application par mouvements circulaires avec un chiffon propre en papier, en lin ou en microfibres.<br\/>2.industriel : utilisable aussi bien dans les installations de polissage que dans les installations de rev\u00eatement par pulv\u00e9risation.<\/p>\n\n\n\n<p>Ce rev\u00eatement SiO2 est enti\u00e8rement r\u00e9ticul\u00e9 et durci apr\u00e8s 24 heures. L&#8217;effet facile \u00e0 nettoyer peut \u00eatre test\u00e9 pour la premi\u00e8re fois apr\u00e8s cette phase de durcissement.<\/p>\n<\/div>\n<\/div>\n","protected":false},"excerpt":{"rendered":"<p><strong>Joint de protection professionnel tr\u00e8s efficace pour la peinture automobile et les jantes en aluminium :<\/strong><\/p>\n<p>\u2713 avec effet lotus (hydrofuge)<\/p>\n","protected":false},"featured_media":17861,"template":"","meta":{"_acf_changed":false,"neve_meta_sidebar":"","neve_meta_container":"","neve_meta_enable_content_width":"","neve_meta_content_width":0,"neve_meta_title_alignment":"","neve_meta_author_avatar":"","neve_post_elements_order":"","neve_meta_disable_header":"","neve_meta_disable_footer":"","neve_meta_disable_title":"","neve_meta_reading_time":"","_surfaces":[],"_ver_product_tabs":[],"footnotes":""},"product_brand":[],"product_cat":[2190],"product_tag":[],"class_list":{"0":"post-23471","1":"product","2":"type-product","3":"status-publish","4":"has-post-thumbnail","6":"product_cat-etancheite-de-voiture","8":"first","9":"instock","10":"taxable","11":"shipping-taxable","12":"purchasable","13":"product-type-simple"},"acf":[],"yoast_head":"<!-- This site is optimized with the Yoast SEO Premium plugin v22.8 (Yoast SEO v27.5) - https:\/\/yoast.com\/product\/yoast-seo-premium-wordpress\/ -->\n<title>Peinture automobile et \u00e9tanch\u00e9it\u00e9 des jantes - versiegelung24.com<\/title>\n<meta name=\"robots\" content=\"index, follow, max-snippet:-1, max-image-preview:large, max-video-preview:-1\" \/>\n<link rel=\"canonical\" href=\"https:\/\/www.versiegelung24.com\/fr\/peinture-et-jante-pour-voiture.html\" \/>\n<meta property=\"og:locale\" content=\"fr_FR\" \/>\n<meta property=\"og:type\" content=\"article\" \/>\n<meta property=\"og:title\" content=\"Peinture automobile et \u00e9tanch\u00e9it\u00e9 des jantes\" \/>\n<meta property=\"og:description\" content=\"Joint de protection professionnel tr\u00e8s efficace pour la peinture automobile et les jantes en aluminium : \u2713 avec effet lotus (hydrofuge)\" \/>\n<meta property=\"og:url\" content=\"https:\/\/www.versiegelung24.com\/fr\/peinture-et-jante-pour-voiture.html\" \/>\n<meta property=\"og:site_name\" content=\"versiegelung24.com\" \/>\n<meta property=\"article:modified_time\" content=\"2025-01-03T22:49:33+00:00\" \/>\n<meta property=\"og:image\" content=\"https:\/\/www.versiegelung24.com\/wp-content\/uploads\/2020\/06\/produkt-2003-7656-1000-Autolack-Felgenversiegelung-scaled.jpg\" \/>\n\t<meta property=\"og:image:width\" content=\"2560\" \/>\n\t<meta property=\"og:image:height\" content=\"2560\" \/>\n\t<meta property=\"og:image:type\" content=\"image\/jpeg\" \/>\n<meta name=\"twitter:card\" content=\"summary_large_image\" \/>\n<meta name=\"twitter:label1\" content=\"Prix\" \/>\n\t<meta name=\"twitter:data1\" content=\"149,00&euro;\" \/>\n\t<meta name=\"twitter:label2\" content=\"Disponibilit\u00e9\" \/>\n\t<meta name=\"twitter:data2\" content=\"En stock\" \/>\n<script type=\"application\/ld+json\" class=\"yoast-schema-graph\">{\"@context\":\"https:\\\/\\\/schema.org\",\"@graph\":[{\"@type\":\"WebPage\",\"@id\":\"https:\\\/\\\/www.versiegelung24.com\\\/fr\\\/peinture-et-jante-pour-voiture.html\",\"url\":\"https:\\\/\\\/www.versiegelung24.com\\\/fr\\\/peinture-et-jante-pour-voiture.html\",\"name\":\"Peinture automobile et \u00e9tanch\u00e9it\u00e9 des jantes - versiegelung24.com\",\"isPartOf\":{\"@id\":\"https:\\\/\\\/www.versiegelung24.com\\\/fr\\\/#website\"},\"primaryImageOfPage\":{\"@id\":\"https:\\\/\\\/www.versiegelung24.com\\\/fr\\\/peinture-et-jante-pour-voiture.html#primaryimage\"},\"image\":{\"@id\":\"https:\\\/\\\/www.versiegelung24.com\\\/fr\\\/peinture-et-jante-pour-voiture.html#primaryimage\"},\"thumbnailUrl\":\"https:\\\/\\\/www.versiegelung24.com\\\/wp-content\\\/uploads\\\/2020\\\/06\\\/produkt-2003-7656-1000-Autolack-Felgenversiegelung-scaled.jpg\",\"datePublished\":\"2021-08-02T19:38:42+00:00\",\"dateModified\":\"2025-01-03T22:49:33+00:00\",\"breadcrumb\":{\"@id\":\"https:\\\/\\\/www.versiegelung24.com\\\/fr\\\/peinture-et-jante-pour-voiture.html#breadcrumb\"},\"inLanguage\":\"fr-FR\",\"potentialAction\":[{\"@type\":\"ReadAction\",\"target\":[\"https:\\\/\\\/www.versiegelung24.com\\\/fr\\\/peinture-et-jante-pour-voiture.html\"]}]},{\"@type\":\"ImageObject\",\"inLanguage\":\"fr-FR\",\"@id\":\"https:\\\/\\\/www.versiegelung24.com\\\/fr\\\/peinture-et-jante-pour-voiture.html#primaryimage\",\"url\":\"https:\\\/\\\/www.versiegelung24.com\\\/wp-content\\\/uploads\\\/2020\\\/06\\\/produkt-2003-7656-1000-Autolack-Felgenversiegelung-scaled.jpg\",\"contentUrl\":\"https:\\\/\\\/www.versiegelung24.com\\\/wp-content\\\/uploads\\\/2020\\\/06\\\/produkt-2003-7656-1000-Autolack-Felgenversiegelung-scaled.jpg\",\"width\":2560,\"height\":2560},{\"@type\":\"BreadcrumbList\",\"@id\":\"https:\\\/\\\/www.versiegelung24.com\\\/fr\\\/peinture-et-jante-pour-voiture.html#breadcrumb\",\"itemListElement\":[{\"@type\":\"ListItem\",\"position\":1,\"name\":\"Page d'accueil\",\"item\":\"https:\\\/\\\/www.versiegelung24.com\\\/fr\\\/front\\\/\"},{\"@type\":\"ListItem\",\"position\":2,\"name\":\"Boutique\",\"item\":\"https:\\\/\\\/www.versiegelung24.com\\\/fr\\\/boutique-2\\\/\"},{\"@type\":\"ListItem\",\"position\":3,\"name\":\"Peinture automobile et \u00e9tanch\u00e9it\u00e9 des jantes\"}]},{\"@type\":\"WebSite\",\"@id\":\"https:\\\/\\\/www.versiegelung24.com\\\/fr\\\/#website\",\"url\":\"https:\\\/\\\/www.versiegelung24.com\\\/fr\\\/\",\"name\":\"versiegelung24.com\",\"description\":\"Fl\u00fcssigglas-Versiegelung - Made in Germany\",\"publisher\":{\"@id\":\"https:\\\/\\\/www.versiegelung24.com\\\/fr\\\/#organization\"},\"potentialAction\":[{\"@type\":\"SearchAction\",\"target\":{\"@type\":\"EntryPoint\",\"urlTemplate\":\"https:\\\/\\\/www.versiegelung24.com\\\/fr\\\/?s={search_term_string}\"},\"query-input\":{\"@type\":\"PropertyValueSpecification\",\"valueRequired\":true,\"valueName\":\"search_term_string\"}}],\"inLanguage\":\"fr-FR\"},{\"@type\":\"Organization\",\"@id\":\"https:\\\/\\\/www.versiegelung24.com\\\/fr\\\/#organization\",\"name\":\"versiegelung24\",\"url\":\"https:\\\/\\\/www.versiegelung24.com\\\/fr\\\/\",\"logo\":{\"@type\":\"ImageObject\",\"inLanguage\":\"fr-FR\",\"@id\":\"https:\\\/\\\/www.versiegelung24.com\\\/fr\\\/#\\\/schema\\\/logo\\\/image\\\/\",\"url\":\"https:\\\/\\\/www.versiegelung24.com\\\/wp-content\\\/uploads\\\/2020\\\/04\\\/versiegelung24.png\",\"contentUrl\":\"https:\\\/\\\/www.versiegelung24.com\\\/wp-content\\\/uploads\\\/2020\\\/04\\\/versiegelung24.png\",\"width\":470,\"height\":102,\"caption\":\"versiegelung24\"},\"image\":{\"@id\":\"https:\\\/\\\/www.versiegelung24.com\\\/fr\\\/#\\\/schema\\\/logo\\\/image\\\/\"}}]}<\/script>\n<meta property=\"product:price:amount\" content=\"149.00\" \/>\n<meta property=\"product:price:currency\" content=\"EUR\" \/>\n<meta property=\"og:availability\" content=\"instock\" \/>\n<meta property=\"product:availability\" content=\"instock\" \/>\n<meta property=\"product:retailer_item_id\" content=\"2003-7656-1000\" \/>\n<meta property=\"product:condition\" content=\"new\" \/>\n<!-- \/ Yoast SEO Premium plugin. -->","yoast_head_json":{"title":"Peinture automobile et \u00e9tanch\u00e9it\u00e9 des jantes - versiegelung24.com","robots":{"index":"index","follow":"follow","max-snippet":"max-snippet:-1","max-image-preview":"max-image-preview:large","max-video-preview":"max-video-preview:-1"},"canonical":"https:\/\/www.versiegelung24.com\/fr\/peinture-et-jante-pour-voiture.html","og_locale":"fr_FR","og_type":"article","og_title":"Peinture automobile et \u00e9tanch\u00e9it\u00e9 des jantes","og_description":"Joint de protection professionnel tr\u00e8s efficace pour la peinture automobile et les jantes en aluminium : \u2713 avec effet lotus (hydrofuge)","og_url":"https:\/\/www.versiegelung24.com\/fr\/peinture-et-jante-pour-voiture.html","og_site_name":"versiegelung24.com","article_modified_time":"2025-01-03T22:49:33+00:00","og_image":[{"width":2560,"height":2560,"url":"https:\/\/www.versiegelung24.com\/wp-content\/uploads\/2020\/06\/produkt-2003-7656-1000-Autolack-Felgenversiegelung-scaled.jpg","type":"image\/jpeg"}],"twitter_card":"summary_large_image","twitter_misc":{"Prix":"149,00&euro;","Disponibilit\u00e9":"En stock"},"schema":{"@context":"https:\/\/schema.org","@graph":[{"@type":"WebPage","@id":"https:\/\/www.versiegelung24.com\/fr\/peinture-et-jante-pour-voiture.html","url":"https:\/\/www.versiegelung24.com\/fr\/peinture-et-jante-pour-voiture.html","name":"Peinture automobile et \u00e9tanch\u00e9it\u00e9 des jantes - versiegelung24.com","isPartOf":{"@id":"https:\/\/www.versiegelung24.com\/fr\/#website"},"primaryImageOfPage":{"@id":"https:\/\/www.versiegelung24.com\/fr\/peinture-et-jante-pour-voiture.html#primaryimage"},"image":{"@id":"https:\/\/www.versiegelung24.com\/fr\/peinture-et-jante-pour-voiture.html#primaryimage"},"thumbnailUrl":"https:\/\/www.versiegelung24.com\/wp-content\/uploads\/2020\/06\/produkt-2003-7656-1000-Autolack-Felgenversiegelung-scaled.jpg","datePublished":"2021-08-02T19:38:42+00:00","dateModified":"2025-01-03T22:49:33+00:00","breadcrumb":{"@id":"https:\/\/www.versiegelung24.com\/fr\/peinture-et-jante-pour-voiture.html#breadcrumb"},"inLanguage":"fr-FR","potentialAction":[{"@type":"ReadAction","target":["https:\/\/www.versiegelung24.com\/fr\/peinture-et-jante-pour-voiture.html"]}]},{"@type":"ImageObject","inLanguage":"fr-FR","@id":"https:\/\/www.versiegelung24.com\/fr\/peinture-et-jante-pour-voiture.html#primaryimage","url":"https:\/\/www.versiegelung24.com\/wp-content\/uploads\/2020\/06\/produkt-2003-7656-1000-Autolack-Felgenversiegelung-scaled.jpg","contentUrl":"https:\/\/www.versiegelung24.com\/wp-content\/uploads\/2020\/06\/produkt-2003-7656-1000-Autolack-Felgenversiegelung-scaled.jpg","width":2560,"height":2560},{"@type":"BreadcrumbList","@id":"https:\/\/www.versiegelung24.com\/fr\/peinture-et-jante-pour-voiture.html#breadcrumb","itemListElement":[{"@type":"ListItem","position":1,"name":"Page d'accueil","item":"https:\/\/www.versiegelung24.com\/fr\/front\/"},{"@type":"ListItem","position":2,"name":"Boutique","item":"https:\/\/www.versiegelung24.com\/fr\/boutique-2\/"},{"@type":"ListItem","position":3,"name":"Peinture automobile et \u00e9tanch\u00e9it\u00e9 des jantes"}]},{"@type":"WebSite","@id":"https:\/\/www.versiegelung24.com\/fr\/#website","url":"https:\/\/www.versiegelung24.com\/fr\/","name":"versiegelung24.com","description":"Fl\u00fcssigglas-Versiegelung - Made in Germany","publisher":{"@id":"https:\/\/www.versiegelung24.com\/fr\/#organization"},"potentialAction":[{"@type":"SearchAction","target":{"@type":"EntryPoint","urlTemplate":"https:\/\/www.versiegelung24.com\/fr\/?s={search_term_string}"},"query-input":{"@type":"PropertyValueSpecification","valueRequired":true,"valueName":"search_term_string"}}],"inLanguage":"fr-FR"},{"@type":"Organization","@id":"https:\/\/www.versiegelung24.com\/fr\/#organization","name":"versiegelung24","url":"https:\/\/www.versiegelung24.com\/fr\/","logo":{"@type":"ImageObject","inLanguage":"fr-FR","@id":"https:\/\/www.versiegelung24.com\/fr\/#\/schema\/logo\/image\/","url":"https:\/\/www.versiegelung24.com\/wp-content\/uploads\/2020\/04\/versiegelung24.png","contentUrl":"https:\/\/www.versiegelung24.com\/wp-content\/uploads\/2020\/04\/versiegelung24.png","width":470,"height":102,"caption":"versiegelung24"},"image":{"@id":"https:\/\/www.versiegelung24.com\/fr\/#\/schema\/logo\/image\/"}}]},"product_price_amount":"149.00","product_price_currency":"EUR","og_availability":"instock","product_availability":"instock","product_retailer_item_id":"2003-7656-1000","product_condition":"new"},"_links":{"self":[{"href":"https:\/\/www.versiegelung24.com\/fr\/wp-json\/wp\/v2\/product\/23471","targetHints":{"allow":["GET"]}}],"collection":[{"href":"https:\/\/www.versiegelung24.com\/fr\/wp-json\/wp\/v2\/product"}],"about":[{"href":"https:\/\/www.versiegelung24.com\/fr\/wp-json\/wp\/v2\/types\/product"}],"version-history":[{"count":15,"href":"https:\/\/www.versiegelung24.com\/fr\/wp-json\/wp\/v2\/product\/23471\/revisions"}],"predecessor-version":[{"id":177669,"href":"https:\/\/www.versiegelung24.com\/fr\/wp-json\/wp\/v2\/product\/23471\/revisions\/177669"}],"wp:featuredmedia":[{"embeddable":true,"href":"https:\/\/www.versiegelung24.com\/fr\/wp-json\/wp\/v2\/media\/17861"}],"wp:attachment":[{"href":"https:\/\/www.versiegelung24.com\/fr\/wp-json\/wp\/v2\/media?parent=23471"}],"wp:term":[{"taxonomy":"product_brand","embeddable":true,"href":"https:\/\/www.versiegelung24.com\/fr\/wp-json\/wp\/v2\/product_brand?post=23471"},{"taxonomy":"product_cat","embeddable":true,"href":"https:\/\/www.versiegelung24.com\/fr\/wp-json\/wp\/v2\/product_cat?post=23471"},{"taxonomy":"product_tag","embeddable":true,"href":"https:\/\/www.versiegelung24.com\/fr\/wp-json\/wp\/v2\/product_tag?post=23471"}],"curies":[{"name":"wp","href":"https:\/\/api.w.org\/{rel}","templated":true}]}}