{"id":23518,"date":"2020-04-04T18:53:42","date_gmt":"2020-04-04T16:53:42","guid":{"rendered":"https:\/\/www.versiegelung24.com\/produkt\/scellement-de-qualite-superieure-pour-le-verre-et-la-ceramique-avec-une-durabilite-extreme"},"modified":"2025-01-03T23:45:16","modified_gmt":"2025-01-03T22:45:16","slug":"etancheite-premium-pour-verre-et-ceramique-avec-une-durabilite-extreme","status":"publish","type":"product","link":"https:\/\/www.versiegelung24.com\/fr\/etancheite-premium-pour-verre-et-ceramique-avec-une-durabilite-extreme.html","title":{"rendered":"Scellement premium pour le verre et la c\u00e9ramique avec une durabilit\u00e9 extr\u00eame"},"content":{"rendered":"\n<p><strong>\u00c9tanch\u00e9it\u00e9 tr\u00e8s efficace pour le verre et la c\u00e9ramique pour toutes les surfaces sur lesquelles vous souhaitez obtenir la plus longue dur\u00e9e de vie possible, par exemple les vitres, les fa\u00e7ades en verre, les portes d&#8217;entr\u00e9e (jusqu&#8217;\u00e0 3 ans), etc., avec effet lotus (hydrofuge), pour l&#8217;int\u00e9rieur et \u00e0 l&#8217;ext\u00e9rieur<\/strong> .<\/p>\n\n<p>Num\u00e9ro d&#8217;article : 1003-7601 &#8211; Fabriqu\u00e9 en Allemagne de haute qualit\u00e9.<\/p>\n\n<div class=\"wp-block-columns is-layout-flex wp-container-core-columns-is-layout-9d6595d7 wp-block-columns-is-layout-flex\">\n<div class=\"wp-block-column is-layout-flow wp-block-column-is-layout-flow\">\n<figure class=\"wp-block-embed is-type-video is-provider-youtube wp-block-embed-youtube wp-embed-aspect-16-9 wp-has-aspect-ratio\"><div class=\"wp-block-embed__wrapper\"> \n<div class=\"nv-iframe-embed\"><iframe title=\"(Nano-)Versiegelungen f\u00fcrs Badezimmer, die wirklich halten! Versiegelung24.com\" width=\"1200\" height=\"675\" src=\"https:\/\/www.youtube.com\/embed\/l6YldCwuye0?feature=oembed\" frameborder=\"0\" allow=\"accelerometer; autoplay; clipboard-write; encrypted-media; gyroscope; picture-in-picture; web-share\" referrerpolicy=\"strict-origin-when-cross-origin\" allowfullscreen><\/iframe><\/div>\n <\/div><\/figure>\n<\/div>\n\n\n\n<div class=\"wp-block-column is-layout-flow wp-block-column-is-layout-flow\">\n<figure class=\"wp-block-embed is-type-video is-provider-youtube wp-block-embed-youtube wp-embed-aspect-16-9 wp-has-aspect-ratio\"><div class=\"wp-block-embed__wrapper\"> \n<div class=\"nv-iframe-embed\"><iframe title=\"Kalk in der Dusche entfernen und mit einer Glasversiegelung vorbeugen!\" width=\"1200\" height=\"675\" src=\"https:\/\/www.youtube.com\/embed\/vnJHIGeb_7I?feature=oembed\" frameborder=\"0\" allow=\"accelerometer; autoplay; clipboard-write; encrypted-media; gyroscope; picture-in-picture; web-share\" referrerpolicy=\"strict-origin-when-cross-origin\" allowfullscreen><\/iframe><\/div>\n <\/div><\/figure>\n<\/div>\n<\/div>\n\n<hr\/>\n\n<h4 class=\"wp-block-heading\" id=\"properties\">Caract\u00e9ristiques du produit<\/h4>\n\n<div class=\"wp-block-columns is-layout-flex wp-container-core-columns-is-layout-9d6595d7 wp-block-columns-is-layout-flex\">\n<div class=\"wp-block-column is-layout-flow wp-block-column-is-layout-flow\">\n<ul class=\"wp-block-list\" id=\"block-fbfff1f6-f7fb-4162-9feb-4a71c2f1f5b7\">\n<li>Excellent effet Easy-To-Clean pour l&#8217;adh\u00e9rence de la salet\u00e9 et du calcaire<\/li>\n\n\n\n<li>Tr\u00e8s fort effet hydrophobe et ol\u00e9ophobe (r\u00e9pulsion de l&#8217;eau et de l&#8217;huile)<\/li>\n\n\n\n<li>Tr\u00e8s grande r\u00e9sistance \u00e0 l&#8217;abrasion gr\u00e2ce \u00e0 la nanotechnologie SiO\u00b2.<\/li>\n\n\n\n<li>R\u00e9sistance chimique aux d\u00e9tergents (jusqu&#8217;\u00e0 un pH de 12)<\/li>\n\n\n\n<li>Durabilit\u00e9 : jusqu&#8217;\u00e0 3-5 ans (en fonction de l&#8217;utilisation)<\/li>\n<\/ul>\n<\/div>\n\n\n\n<div class=\"wp-block-column is-layout-flow wp-block-column-is-layout-flow\">\n<ul class=\"wp-block-list\" id=\"block-da198c4e-3517-4612-b9e4-86eb030d8594\">\n<li>R\u00e9duit la croissance des micro-organismes et des bact\u00e9ries et am\u00e9liore ainsi l&#8217;hygi\u00e8ne<\/li>\n\n\n\n<li>R\u00e9sistant aux UV \/ r\u00e9sistant au gel \/ r\u00e9sistant \u00e0 l&#8217;eau sal\u00e9e \/ invisible (\u00e9paisseur de couche : 100-150 nm)<\/li>\n\n\n\n<li>Effet autonettoyant sur les surfaces vitr\u00e9es verticales sous la pluie<\/li>\n\n\n\n<li>\u00c9conomies d&#8217;argent, de temps et d&#8217;\u00e9nergie gr\u00e2ce \u00e0 des cycles de nettoyage prolong\u00e9s<\/li>\n<\/ul>\n\n\n\n<p>Contenu de la livraison :<br\/>1 x bouteille d&#8217;un litre<br\/>1 x t\u00eate de vaporisateur<br\/>1 x description du produit<\/p>\n<\/div>\n<\/div>\n\n<figure class=\"wp-block-image size-large is-resized\"><img fetchpriority=\"high\" decoding=\"async\" width=\"1300\" height=\"260\" src=\"https:\/\/www.versiegelung24.com\/wp-content\/uploads\/2022\/01\/bad_glas-1300x260.jpg\" alt=\"\" class=\"wp-image-59538\" style=\"width:1500px\" srcset=\"https:\/\/www.versiegelung24.com\/wp-content\/uploads\/2022\/01\/bad_glas-1300x260.jpg 1300w, https:\/\/www.versiegelung24.com\/wp-content\/uploads\/2022\/01\/bad_glas-300x60.jpg 300w, https:\/\/www.versiegelung24.com\/wp-content\/uploads\/2022\/01\/bad_glas-768x154.jpg 768w, https:\/\/www.versiegelung24.com\/wp-content\/uploads\/2022\/01\/bad_glas-600x120.jpg 600w, https:\/\/www.versiegelung24.com\/wp-content\/uploads\/2022\/01\/bad_glas.jpg 1500w\" sizes=\"(max-width: 1300px) 100vw, 1300px\" \/><\/figure>\n\n<h4 class=\"wp-block-heading\" id=\"application\">Application<\/h4>\n\n<div class=\"wp-block-columns is-layout-flex wp-container-core-columns-is-layout-9d6595d7 wp-block-columns-is-layout-flex\">\n<div class=\"wp-block-column is-layout-flow wp-block-column-is-layout-flow\">\n<ul class=\"wp-block-list\">\n<li>Vitres (int\u00e9rieur et ext\u00e9rieur)<\/li>\n\n\n\n<li>Surfaces vitr\u00e9es dans l&#8217;espace sanitaire (miroirs, cabines de douche)<\/li>\n\n\n\n<li>Verre de construction (jardins d&#8217;hiver, serres, auvents, vitrages muraux)<\/li>\n<\/ul>\n<\/div>\n\n\n\n<div class=\"wp-block-column is-layout-flow wp-block-column-is-layout-flow\">\n<ul class=\"wp-block-list\">\n<li>Carrelage sol et mur \u00e9maill\u00e9<\/li>\n\n\n\n<li>Surfaces en c\u00e9ramique \u00e9maill\u00e9e (toilettes, lavabos, \u00e9viers, baignoires)<\/li>\n<\/ul>\n\n\n\n<p>La consommation d\u00e9pend de la structure de la surface environ 100-200m\u00b2 \/ litre.<\/p>\n<\/div>\n<\/div>\n\n<p><\/p>\n","protected":false},"excerpt":{"rendered":"<p><strong>Scellement verre et c\u00e9ramique haut de gamme de qualit\u00e9 professionnelle :<\/strong><\/p>\n<p>\u2713 avec une durabilit\u00e9 suppl\u00e9mentaire<\/p>\n<p>\u2713Fabriqu\u00e9 en Allemagne<\/p>\n","protected":false},"featured_media":17746,"template":"","meta":{"_acf_changed":false,"neve_meta_sidebar":"","neve_meta_container":"","neve_meta_enable_content_width":"","neve_meta_content_width":0,"neve_meta_title_alignment":"","neve_meta_author_avatar":"","neve_post_elements_order":"","neve_meta_disable_header":"","neve_meta_disable_footer":"","neve_meta_disable_title":"","neve_meta_reading_time":"","_surfaces":[],"_ver_product_tabs":[],"footnotes":""},"product_brand":[],"product_cat":[2160],"product_tag":[],"class_list":{"0":"post-23518","1":"product","2":"type-product","3":"status-publish","4":"has-post-thumbnail","6":"product_cat-scellage-pour-verre-et-ceramique","7":"pa_gebinde-bidon-20l","8":"pa_gebinde-bouteille-de-1000-ml","10":"first","11":"instock","12":"taxable","13":"shipping-taxable","14":"purchasable","15":"product-type-variable","16":"has-default-attributes"},"acf":[],"yoast_head":"<!-- This site is optimized with the Yoast SEO Premium plugin v22.8 (Yoast SEO v27.5) - https:\/\/yoast.com\/product\/yoast-seo-premium-wordpress\/ -->\n<title>Scellement premium pour le verre et la c\u00e9ramique avec une durabilit\u00e9 extr\u00eame - versiegelung24.com<\/title>\n<meta name=\"robots\" content=\"index, follow, max-snippet:-1, max-image-preview:large, max-video-preview:-1\" \/>\n<link rel=\"canonical\" href=\"https:\/\/www.versiegelung24.com\/fr\/etancheite-premium-pour-verre-et-ceramique-avec-une-durabilite-extreme.html\" \/>\n<meta property=\"og:locale\" content=\"fr_FR\" \/>\n<meta property=\"og:type\" content=\"article\" \/>\n<meta property=\"og:title\" content=\"Scellement premium pour le verre et la c\u00e9ramique avec une durabilit\u00e9 extr\u00eame\" \/>\n<meta property=\"og:description\" content=\"Scellement verre et c\u00e9ramique haut de gamme de qualit\u00e9 professionnelle : \u2713 avec une durabilit\u00e9 suppl\u00e9mentaire \u2713Fabriqu\u00e9 en Allemagne\" \/>\n<meta property=\"og:url\" content=\"https:\/\/www.versiegelung24.com\/fr\/etancheite-premium-pour-verre-et-ceramique-avec-une-durabilite-extreme.html\" \/>\n<meta property=\"og:site_name\" content=\"versiegelung24.com\" \/>\n<meta property=\"article:modified_time\" content=\"2025-01-03T22:45:16+00:00\" \/>\n<meta property=\"og:image\" content=\"https:\/\/www.versiegelung24.com\/wp-content\/uploads\/2020\/06\/produkt-1003-7601-1000-Premium-Versiegelung-Glas-Keramik-scaled.jpg\" \/>\n\t<meta property=\"og:image:width\" content=\"2560\" \/>\n\t<meta property=\"og:image:height\" content=\"2560\" \/>\n\t<meta property=\"og:image:type\" content=\"image\/jpeg\" \/>\n<meta name=\"twitter:card\" content=\"summary_large_image\" \/>\n<meta name=\"twitter:label1\" content=\"Disponibilit\u00e9\" \/>\n\t<meta name=\"twitter:data1\" content=\"En stock\" \/>\n<script type=\"application\/ld+json\" class=\"yoast-schema-graph\">{\"@context\":\"https:\\\/\\\/schema.org\",\"@graph\":[{\"@type\":\"WebPage\",\"@id\":\"https:\\\/\\\/www.versiegelung24.com\\\/fr\\\/etancheite-premium-pour-verre-et-ceramique-avec-une-durabilite-extreme.html\",\"url\":\"https:\\\/\\\/www.versiegelung24.com\\\/fr\\\/etancheite-premium-pour-verre-et-ceramique-avec-une-durabilite-extreme.html\",\"name\":\"Scellement premium pour le verre et la c\u00e9ramique avec une durabilit\u00e9 extr\u00eame - versiegelung24.com\",\"isPartOf\":{\"@id\":\"https:\\\/\\\/www.versiegelung24.com\\\/fr\\\/#website\"},\"primaryImageOfPage\":{\"@id\":\"https:\\\/\\\/www.versiegelung24.com\\\/fr\\\/etancheite-premium-pour-verre-et-ceramique-avec-une-durabilite-extreme.html#primaryimage\"},\"image\":{\"@id\":\"https:\\\/\\\/www.versiegelung24.com\\\/fr\\\/etancheite-premium-pour-verre-et-ceramique-avec-une-durabilite-extreme.html#primaryimage\"},\"thumbnailUrl\":\"https:\\\/\\\/www.versiegelung24.com\\\/wp-content\\\/uploads\\\/2020\\\/06\\\/produkt-1003-7601-1000-Premium-Versiegelung-Glas-Keramik-scaled.jpg\",\"datePublished\":\"2020-04-04T16:53:42+00:00\",\"dateModified\":\"2025-01-03T22:45:16+00:00\",\"breadcrumb\":{\"@id\":\"https:\\\/\\\/www.versiegelung24.com\\\/fr\\\/etancheite-premium-pour-verre-et-ceramique-avec-une-durabilite-extreme.html#breadcrumb\"},\"inLanguage\":\"fr-FR\",\"potentialAction\":[{\"@type\":\"ReadAction\",\"target\":[\"https:\\\/\\\/www.versiegelung24.com\\\/fr\\\/etancheite-premium-pour-verre-et-ceramique-avec-une-durabilite-extreme.html\"]}]},{\"@type\":\"ImageObject\",\"inLanguage\":\"fr-FR\",\"@id\":\"https:\\\/\\\/www.versiegelung24.com\\\/fr\\\/etancheite-premium-pour-verre-et-ceramique-avec-une-durabilite-extreme.html#primaryimage\",\"url\":\"https:\\\/\\\/www.versiegelung24.com\\\/wp-content\\\/uploads\\\/2020\\\/06\\\/produkt-1003-7601-1000-Premium-Versiegelung-Glas-Keramik-scaled.jpg\",\"contentUrl\":\"https:\\\/\\\/www.versiegelung24.com\\\/wp-content\\\/uploads\\\/2020\\\/06\\\/produkt-1003-7601-1000-Premium-Versiegelung-Glas-Keramik-scaled.jpg\",\"width\":2560,\"height\":2560},{\"@type\":\"BreadcrumbList\",\"@id\":\"https:\\\/\\\/www.versiegelung24.com\\\/fr\\\/etancheite-premium-pour-verre-et-ceramique-avec-une-durabilite-extreme.html#breadcrumb\",\"itemListElement\":[{\"@type\":\"ListItem\",\"position\":1,\"name\":\"Page d'accueil\",\"item\":\"https:\\\/\\\/www.versiegelung24.com\\\/fr\\\/front\\\/\"},{\"@type\":\"ListItem\",\"position\":2,\"name\":\"Boutique\",\"item\":\"https:\\\/\\\/www.versiegelung24.com\\\/fr\\\/boutique-2\\\/\"},{\"@type\":\"ListItem\",\"position\":3,\"name\":\"Scellement premium pour le verre et la c\u00e9ramique avec une durabilit\u00e9 extr\u00eame\"}]},{\"@type\":\"WebSite\",\"@id\":\"https:\\\/\\\/www.versiegelung24.com\\\/fr\\\/#website\",\"url\":\"https:\\\/\\\/www.versiegelung24.com\\\/fr\\\/\",\"name\":\"versiegelung24.com\",\"description\":\"Fl\u00fcssigglas-Versiegelung - Made in Germany\",\"publisher\":{\"@id\":\"https:\\\/\\\/www.versiegelung24.com\\\/fr\\\/#organization\"},\"potentialAction\":[{\"@type\":\"SearchAction\",\"target\":{\"@type\":\"EntryPoint\",\"urlTemplate\":\"https:\\\/\\\/www.versiegelung24.com\\\/fr\\\/?s={search_term_string}\"},\"query-input\":{\"@type\":\"PropertyValueSpecification\",\"valueRequired\":true,\"valueName\":\"search_term_string\"}}],\"inLanguage\":\"fr-FR\"},{\"@type\":\"Organization\",\"@id\":\"https:\\\/\\\/www.versiegelung24.com\\\/fr\\\/#organization\",\"name\":\"versiegelung24\",\"url\":\"https:\\\/\\\/www.versiegelung24.com\\\/fr\\\/\",\"logo\":{\"@type\":\"ImageObject\",\"inLanguage\":\"fr-FR\",\"@id\":\"https:\\\/\\\/www.versiegelung24.com\\\/fr\\\/#\\\/schema\\\/logo\\\/image\\\/\",\"url\":\"https:\\\/\\\/www.versiegelung24.com\\\/wp-content\\\/uploads\\\/2020\\\/04\\\/versiegelung24.png\",\"contentUrl\":\"https:\\\/\\\/www.versiegelung24.com\\\/wp-content\\\/uploads\\\/2020\\\/04\\\/versiegelung24.png\",\"width\":470,\"height\":102,\"caption\":\"versiegelung24\"},\"image\":{\"@id\":\"https:\\\/\\\/www.versiegelung24.com\\\/fr\\\/#\\\/schema\\\/logo\\\/image\\\/\"}}]}<\/script>\n<meta property=\"og:availability\" content=\"instock\" \/>\n<meta property=\"product:availability\" content=\"instock\" \/>\n<meta property=\"product:retailer_item_id\" content=\"1003-7601\" \/>\n<meta property=\"product:condition\" content=\"new\" \/>\n<!-- \/ Yoast SEO Premium plugin. -->","yoast_head_json":{"title":"Scellement premium pour le verre et la c\u00e9ramique avec une durabilit\u00e9 extr\u00eame - versiegelung24.com","robots":{"index":"index","follow":"follow","max-snippet":"max-snippet:-1","max-image-preview":"max-image-preview:large","max-video-preview":"max-video-preview:-1"},"canonical":"https:\/\/www.versiegelung24.com\/fr\/etancheite-premium-pour-verre-et-ceramique-avec-une-durabilite-extreme.html","og_locale":"fr_FR","og_type":"article","og_title":"Scellement premium pour le verre et la c\u00e9ramique avec une durabilit\u00e9 extr\u00eame","og_description":"Scellement verre et c\u00e9ramique haut de gamme de qualit\u00e9 professionnelle : \u2713 avec une durabilit\u00e9 suppl\u00e9mentaire \u2713Fabriqu\u00e9 en Allemagne","og_url":"https:\/\/www.versiegelung24.com\/fr\/etancheite-premium-pour-verre-et-ceramique-avec-une-durabilite-extreme.html","og_site_name":"versiegelung24.com","article_modified_time":"2025-01-03T22:45:16+00:00","og_image":[{"width":2560,"height":2560,"url":"https:\/\/www.versiegelung24.com\/wp-content\/uploads\/2020\/06\/produkt-1003-7601-1000-Premium-Versiegelung-Glas-Keramik-scaled.jpg","type":"image\/jpeg"}],"twitter_card":"summary_large_image","twitter_misc":{"Disponibilit\u00e9":"En stock"},"schema":{"@context":"https:\/\/schema.org","@graph":[{"@type":"WebPage","@id":"https:\/\/www.versiegelung24.com\/fr\/etancheite-premium-pour-verre-et-ceramique-avec-une-durabilite-extreme.html","url":"https:\/\/www.versiegelung24.com\/fr\/etancheite-premium-pour-verre-et-ceramique-avec-une-durabilite-extreme.html","name":"Scellement premium pour le verre et la c\u00e9ramique avec une durabilit\u00e9 extr\u00eame - versiegelung24.com","isPartOf":{"@id":"https:\/\/www.versiegelung24.com\/fr\/#website"},"primaryImageOfPage":{"@id":"https:\/\/www.versiegelung24.com\/fr\/etancheite-premium-pour-verre-et-ceramique-avec-une-durabilite-extreme.html#primaryimage"},"image":{"@id":"https:\/\/www.versiegelung24.com\/fr\/etancheite-premium-pour-verre-et-ceramique-avec-une-durabilite-extreme.html#primaryimage"},"thumbnailUrl":"https:\/\/www.versiegelung24.com\/wp-content\/uploads\/2020\/06\/produkt-1003-7601-1000-Premium-Versiegelung-Glas-Keramik-scaled.jpg","datePublished":"2020-04-04T16:53:42+00:00","dateModified":"2025-01-03T22:45:16+00:00","breadcrumb":{"@id":"https:\/\/www.versiegelung24.com\/fr\/etancheite-premium-pour-verre-et-ceramique-avec-une-durabilite-extreme.html#breadcrumb"},"inLanguage":"fr-FR","potentialAction":[{"@type":"ReadAction","target":["https:\/\/www.versiegelung24.com\/fr\/etancheite-premium-pour-verre-et-ceramique-avec-une-durabilite-extreme.html"]}]},{"@type":"ImageObject","inLanguage":"fr-FR","@id":"https:\/\/www.versiegelung24.com\/fr\/etancheite-premium-pour-verre-et-ceramique-avec-une-durabilite-extreme.html#primaryimage","url":"https:\/\/www.versiegelung24.com\/wp-content\/uploads\/2020\/06\/produkt-1003-7601-1000-Premium-Versiegelung-Glas-Keramik-scaled.jpg","contentUrl":"https:\/\/www.versiegelung24.com\/wp-content\/uploads\/2020\/06\/produkt-1003-7601-1000-Premium-Versiegelung-Glas-Keramik-scaled.jpg","width":2560,"height":2560},{"@type":"BreadcrumbList","@id":"https:\/\/www.versiegelung24.com\/fr\/etancheite-premium-pour-verre-et-ceramique-avec-une-durabilite-extreme.html#breadcrumb","itemListElement":[{"@type":"ListItem","position":1,"name":"Page d'accueil","item":"https:\/\/www.versiegelung24.com\/fr\/front\/"},{"@type":"ListItem","position":2,"name":"Boutique","item":"https:\/\/www.versiegelung24.com\/fr\/boutique-2\/"},{"@type":"ListItem","position":3,"name":"Scellement premium pour le verre et la c\u00e9ramique avec une durabilit\u00e9 extr\u00eame"}]},{"@type":"WebSite","@id":"https:\/\/www.versiegelung24.com\/fr\/#website","url":"https:\/\/www.versiegelung24.com\/fr\/","name":"versiegelung24.com","description":"Fl\u00fcssigglas-Versiegelung - Made in Germany","publisher":{"@id":"https:\/\/www.versiegelung24.com\/fr\/#organization"},"potentialAction":[{"@type":"SearchAction","target":{"@type":"EntryPoint","urlTemplate":"https:\/\/www.versiegelung24.com\/fr\/?s={search_term_string}"},"query-input":{"@type":"PropertyValueSpecification","valueRequired":true,"valueName":"search_term_string"}}],"inLanguage":"fr-FR"},{"@type":"Organization","@id":"https:\/\/www.versiegelung24.com\/fr\/#organization","name":"versiegelung24","url":"https:\/\/www.versiegelung24.com\/fr\/","logo":{"@type":"ImageObject","inLanguage":"fr-FR","@id":"https:\/\/www.versiegelung24.com\/fr\/#\/schema\/logo\/image\/","url":"https:\/\/www.versiegelung24.com\/wp-content\/uploads\/2020\/04\/versiegelung24.png","contentUrl":"https:\/\/www.versiegelung24.com\/wp-content\/uploads\/2020\/04\/versiegelung24.png","width":470,"height":102,"caption":"versiegelung24"},"image":{"@id":"https:\/\/www.versiegelung24.com\/fr\/#\/schema\/logo\/image\/"}}]},"og_availability":"instock","product_availability":"instock","product_retailer_item_id":"1003-7601","product_condition":"new"},"_links":{"self":[{"href":"https:\/\/www.versiegelung24.com\/fr\/wp-json\/wp\/v2\/product\/23518","targetHints":{"allow":["GET"]}}],"collection":[{"href":"https:\/\/www.versiegelung24.com\/fr\/wp-json\/wp\/v2\/product"}],"about":[{"href":"https:\/\/www.versiegelung24.com\/fr\/wp-json\/wp\/v2\/types\/product"}],"version-history":[{"count":26,"href":"https:\/\/www.versiegelung24.com\/fr\/wp-json\/wp\/v2\/product\/23518\/revisions"}],"predecessor-version":[{"id":177610,"href":"https:\/\/www.versiegelung24.com\/fr\/wp-json\/wp\/v2\/product\/23518\/revisions\/177610"}],"wp:featuredmedia":[{"embeddable":true,"href":"https:\/\/www.versiegelung24.com\/fr\/wp-json\/wp\/v2\/media\/17746"}],"wp:attachment":[{"href":"https:\/\/www.versiegelung24.com\/fr\/wp-json\/wp\/v2\/media?parent=23518"}],"wp:term":[{"taxonomy":"product_brand","embeddable":true,"href":"https:\/\/www.versiegelung24.com\/fr\/wp-json\/wp\/v2\/product_brand?post=23518"},{"taxonomy":"product_cat","embeddable":true,"href":"https:\/\/www.versiegelung24.com\/fr\/wp-json\/wp\/v2\/product_cat?post=23518"},{"taxonomy":"product_tag","embeddable":true,"href":"https:\/\/www.versiegelung24.com\/fr\/wp-json\/wp\/v2\/product_tag?post=23518"}],"curies":[{"name":"wp","href":"https:\/\/api.w.org\/{rel}","templated":true}]}}