{"id":23550,"date":"2020-04-04T18:53:44","date_gmt":"2021-08-02T19:43:45","guid":{"rendered":"https:\/\/www.versiegelung24.com\/produkt\/joint-universel-673-pour-surfaces-dures-non-absorbantes-peinture-plastique-verre-ceramique-metal-inox"},"modified":"2025-01-04T00:14:31","modified_gmt":"2025-01-03T23:14:31","slug":"joint-universel-673-pour-surfaces-dures-non-absorbantes-laques-plastique-verre-ceramique-metal-acier-inoxydable","status":"publish","type":"product","link":"https:\/\/www.versiegelung24.com\/fr\/joint-universel-673-pour-surfaces-dures-non-absorbantes-laques-plastique-verre-ceramique-metal-acier-inoxydable.html","title":{"rendered":"Joint universel 673 pour surfaces &#8220;dures&#8221; \/ non absorbantes (peinture \/ plastique +++, verre \/ c\u00e9ramique ++, m\u00e9tal \/ inox ++)"},"content":{"rendered":"\n<p><strong>\u00c9tanch\u00e9it\u00e9 universelle pour surfaces &#8220;dures&#8221; \/ non absorbantes de qualit\u00e9 professionnelle &#8211; Made in Germany<\/strong><\/p>\n\n<p>Id\u00e9al pour les plastiques et les surfaces peintes (superposable), peut \u00e9galement \u00eatre utilis\u00e9 sur le verre\/la c\u00e9ramique\u00a0; M\u00e9tal et acier inoxydable<\/p>\n\n<p>Num\u00e9ro d&#8217;article : 4004-673<\/p>\n\n<p>Fabriqu\u00e9 en Allemagne de haute qualit\u00e9<\/p>\n\n<p><strong>Joint universel V24 4004-673<\/strong> est un syst\u00e8me \u00e0 base d&#8217;alcool qui cr\u00e9e un effet temporaire facile \u00e0 nettoyer sur les surfaces en verre et en c\u00e9ramique ainsi que sur certaines surfaces m\u00e9talliques (chrome, acier inoxydable, aluminium). Le mat\u00e9riau frott\u00e9 forme un film mince sur la surface, ce qui r\u00e9duit l&#8217;adh\u00e9rence de la salet\u00e9 et des corps \u00e9trangers et permet \u00e0 l&#8217;eau de simplement rouler. Les surfaces enduites sont particuli\u00e8rement faciles \u00e0 nettoyer et moins sales.<\/p>\n\n<hr\/>\n\n<h4 class=\"wp-block-heading\" id=\"properties\">Caract\u00e9ristiques du produit<\/h4>\n\n<div class=\"wp-block-columns is-layout-flex wp-container-core-columns-is-layout-9d6595d7 wp-block-columns-is-layout-flex\">\n<div class=\"wp-block-column is-layout-flow wp-block-column-is-layout-flow\">\n<figure class=\"wp-block-table is-style-stripes\"><table><tbody><tr><td class=\"has-text-align-center\" data-align=\"center\">Chimie:<\/td><td class=\"has-text-align-center\" data-align=\"center\">Polym\u00e8re inorganique-organique, sans halog\u00e8ne, sans fluor<\/td><\/tr><tr><td class=\"has-text-align-center\" data-align=\"center\">La description:<\/td><td class=\"has-text-align-center\" data-align=\"center\">Scellant universel<\/td><\/tr><tr><td class=\"has-text-align-center\" data-align=\"center\">Apparence:<\/td><td class=\"has-text-align-center\" data-align=\"center\">Liquide, incolore &#8211; rose<\/td><\/tr><tr><td class=\"has-text-align-center\" data-align=\"center\">Dilution: <\/td><td class=\"has-text-align-center\" data-align=\"center\">Dilu\u00e9 pr\u00eat \u00e0 l&#8217;emploi<\/td><\/tr><tr><td class=\"has-text-align-center\" data-align=\"center\">Concentration: <\/td><td class=\"has-text-align-center\" data-align=\"center\">0,5-1,5 % en poids<\/td><\/tr><tr><td class=\"has-text-align-center\" data-align=\"center\">Manutention:<\/td><td class=\"has-text-align-center\" data-align=\"center\">Les informations importantes sur la manipulation et la s\u00e9curit\u00e9 se trouvent dans la fiche de donn\u00e9es de s\u00e9curit\u00e9 actuelle. Pendant le traitement, un \u00e9quipement de protection individuelle appropri\u00e9 doit \u00eatre utilis\u00e9.<\/td><\/tr><\/tbody><\/table><\/figure>\n<\/div>\n\n\n\n<div class=\"wp-block-column is-layout-flow wp-block-column-is-layout-flow\">\n<p>Contenu de la livraison :<br\/>1 x bouteille d&#8217;un litre<br\/>1 x t\u00eate de spray \u00e0 pompe<\/p>\n<\/div>\n<\/div>\n\n<hr\/>\n\n<h4 class=\"wp-block-heading\" id=\"h-ratgeber\">Guide pratique<\/h4>\n\n<p>Nos joints universels sont particuli\u00e8rement adapt\u00e9s au secteur du bricolage.<\/p>\n\n<p>Ils combinent un mode d&#8217;action professionnel sur diff\u00e9rentes surfaces avec une manipulation ais\u00e9e lors de l&#8217;application. Et tout cela sans avoir \u00e0 faire de gros compromis en termes de qualit\u00e9.<\/p>\n\n<p>De cette mani\u00e8re, des applications peuvent \u00eatre r\u00e9alis\u00e9es sur plusieurs mat\u00e9riaux avec un seul mastic universel et un effet de haute qualit\u00e9 et une longue dur\u00e9e de vie peuvent \u00e9galement \u00eatre obtenus.<\/p>\n\n<p>Cependant, pour les applications commerciales et industrielles o\u00f9 le niveau de performance le plus \u00e9lev\u00e9 possible doit \u00eatre atteint sur une surface sp\u00e9cifique, nous recommandons l&#8217;utilisation de nos finitions sp\u00e9ciales pour cette surface.<\/p>\n","protected":false},"excerpt":{"rendered":"<p><strong>Vitrificateur universel professionnel tr\u00e8s efficace pour les surfaces &#8220;dures&#8221;\/non absorbantes comme :<\/strong><\/p>\n<p>\u2713 Verre<\/p>\n<p>\u2713 Surfaces en c\u00e9ramique<\/p>\n<p>\u2713 Surfaces en plastique<\/p>\n<p>\u2713 Surfaces m\u00e9talliques<\/p>\n<p>\u2713 Avec effet facile \u00e0 nettoyer<\/p>\n","protected":false},"featured_media":18217,"template":"","meta":{"_acf_changed":false,"neve_meta_sidebar":"","neve_meta_container":"","neve_meta_enable_content_width":"","neve_meta_content_width":0,"neve_meta_title_alignment":"","neve_meta_author_avatar":"","neve_post_elements_order":"","neve_meta_disable_header":"","neve_meta_disable_footer":"","neve_meta_disable_title":"","neve_meta_reading_time":"","_surfaces":[],"_ver_product_tabs":[],"footnotes":""},"product_brand":[],"product_cat":[2474],"product_tag":[],"class_list":{"0":"post-23550","1":"product","2":"type-product","3":"status-publish","4":"has-post-thumbnail","6":"product_cat-joint-universel","8":"first","9":"instock","10":"taxable","11":"shipping-taxable","12":"purchasable","13":"product-type-simple"},"acf":[],"yoast_head":"<!-- This site is optimized with the Yoast SEO Premium plugin v22.8 (Yoast SEO v27.5) - https:\/\/yoast.com\/product\/yoast-seo-premium-wordpress\/ -->\n<title>Joint universel 673 pour surfaces &quot;dures&quot; \/ non absorbantes (peinture \/ plastique +++, verre \/ c\u00e9ramique ++, m\u00e9tal \/ inox ++) - versiegelung24.com<\/title>\n<meta name=\"robots\" content=\"index, follow, max-snippet:-1, max-image-preview:large, max-video-preview:-1\" \/>\n<link rel=\"canonical\" href=\"https:\/\/www.versiegelung24.com\/fr\/joint-universel-673-pour-surfaces-dures-non-absorbantes-laques-plastique-verre-ceramique-metal-acier-inoxydable.html\" \/>\n<meta property=\"og:locale\" content=\"fr_FR\" \/>\n<meta property=\"og:type\" content=\"article\" \/>\n<meta property=\"og:title\" content=\"Joint universel 673 pour surfaces &quot;dures&quot; \/ non absorbantes (peinture \/ plastique +++, verre \/ c\u00e9ramique ++, m\u00e9tal \/ inox ++)\" \/>\n<meta property=\"og:description\" content=\"Vitrificateur universel professionnel tr\u00e8s efficace pour les surfaces &quot;dures&quot;\/non absorbantes comme : \u2713 Verre \u2713 Surfaces en c\u00e9ramique \u2713 Surfaces en plastique \u2713 Surfaces m\u00e9talliques \u2713 Avec effet facile \u00e0 nettoyer\" \/>\n<meta property=\"og:url\" content=\"https:\/\/www.versiegelung24.com\/fr\/joint-universel-673-pour-surfaces-dures-non-absorbantes-laques-plastique-verre-ceramique-metal-acier-inoxydable.html\" \/>\n<meta property=\"og:site_name\" content=\"versiegelung24.com\" \/>\n<meta property=\"article:modified_time\" content=\"2025-01-03T23:14:31+00:00\" \/>\n<meta property=\"og:image\" content=\"https:\/\/www.versiegelung24.com\/wp-content\/uploads\/2020\/06\/produkt-4004-673-1000-Universalversiegelung-673-scaled.jpg\" \/>\n\t<meta property=\"og:image:width\" content=\"2560\" \/>\n\t<meta property=\"og:image:height\" content=\"2560\" \/>\n\t<meta property=\"og:image:type\" content=\"image\/jpeg\" \/>\n<meta name=\"twitter:card\" content=\"summary_large_image\" \/>\n<meta name=\"twitter:label1\" content=\"Prix\" \/>\n\t<meta name=\"twitter:data1\" content=\"99,00&euro;\" \/>\n\t<meta name=\"twitter:label2\" content=\"Disponibilit\u00e9\" \/>\n\t<meta name=\"twitter:data2\" content=\"En stock\" \/>\n<script type=\"application\/ld+json\" class=\"yoast-schema-graph\">{\"@context\":\"https:\\\/\\\/schema.org\",\"@graph\":[{\"@type\":\"WebPage\",\"@id\":\"https:\\\/\\\/www.versiegelung24.com\\\/fr\\\/joint-universel-673-pour-surfaces-dures-non-absorbantes-laques-plastique-verre-ceramique-metal-acier-inoxydable.html\",\"url\":\"https:\\\/\\\/www.versiegelung24.com\\\/fr\\\/joint-universel-673-pour-surfaces-dures-non-absorbantes-laques-plastique-verre-ceramique-metal-acier-inoxydable.html\",\"name\":\"Joint universel 673 pour surfaces \\\"dures\\\" \\\/ non absorbantes (peinture \\\/ plastique +++, verre \\\/ c\u00e9ramique ++, m\u00e9tal \\\/ inox ++) - versiegelung24.com\",\"isPartOf\":{\"@id\":\"https:\\\/\\\/www.versiegelung24.com\\\/fr\\\/#website\"},\"primaryImageOfPage\":{\"@id\":\"https:\\\/\\\/www.versiegelung24.com\\\/fr\\\/joint-universel-673-pour-surfaces-dures-non-absorbantes-laques-plastique-verre-ceramique-metal-acier-inoxydable.html#primaryimage\"},\"image\":{\"@id\":\"https:\\\/\\\/www.versiegelung24.com\\\/fr\\\/joint-universel-673-pour-surfaces-dures-non-absorbantes-laques-plastique-verre-ceramique-metal-acier-inoxydable.html#primaryimage\"},\"thumbnailUrl\":\"https:\\\/\\\/www.versiegelung24.com\\\/wp-content\\\/uploads\\\/2020\\\/06\\\/produkt-4004-673-1000-Universalversiegelung-673-scaled.jpg\",\"datePublished\":\"2021-08-02T19:43:45+00:00\",\"dateModified\":\"2025-01-03T23:14:31+00:00\",\"breadcrumb\":{\"@id\":\"https:\\\/\\\/www.versiegelung24.com\\\/fr\\\/joint-universel-673-pour-surfaces-dures-non-absorbantes-laques-plastique-verre-ceramique-metal-acier-inoxydable.html#breadcrumb\"},\"inLanguage\":\"fr-FR\",\"potentialAction\":[{\"@type\":\"ReadAction\",\"target\":[\"https:\\\/\\\/www.versiegelung24.com\\\/fr\\\/joint-universel-673-pour-surfaces-dures-non-absorbantes-laques-plastique-verre-ceramique-metal-acier-inoxydable.html\"]}]},{\"@type\":\"ImageObject\",\"inLanguage\":\"fr-FR\",\"@id\":\"https:\\\/\\\/www.versiegelung24.com\\\/fr\\\/joint-universel-673-pour-surfaces-dures-non-absorbantes-laques-plastique-verre-ceramique-metal-acier-inoxydable.html#primaryimage\",\"url\":\"https:\\\/\\\/www.versiegelung24.com\\\/wp-content\\\/uploads\\\/2020\\\/06\\\/produkt-4004-673-1000-Universalversiegelung-673-scaled.jpg\",\"contentUrl\":\"https:\\\/\\\/www.versiegelung24.com\\\/wp-content\\\/uploads\\\/2020\\\/06\\\/produkt-4004-673-1000-Universalversiegelung-673-scaled.jpg\",\"width\":2560,\"height\":2560},{\"@type\":\"BreadcrumbList\",\"@id\":\"https:\\\/\\\/www.versiegelung24.com\\\/fr\\\/joint-universel-673-pour-surfaces-dures-non-absorbantes-laques-plastique-verre-ceramique-metal-acier-inoxydable.html#breadcrumb\",\"itemListElement\":[{\"@type\":\"ListItem\",\"position\":1,\"name\":\"Page d'accueil\",\"item\":\"https:\\\/\\\/www.versiegelung24.com\\\/fr\\\/front\\\/\"},{\"@type\":\"ListItem\",\"position\":2,\"name\":\"Boutique\",\"item\":\"https:\\\/\\\/www.versiegelung24.com\\\/fr\\\/boutique-2\\\/\"},{\"@type\":\"ListItem\",\"position\":3,\"name\":\"Joint universel 673 pour surfaces &#8220;dures&#8221; \\\/ non absorbantes (peinture \\\/ plastique +++, verre \\\/ c\u00e9ramique ++, m\u00e9tal \\\/ inox ++)\"}]},{\"@type\":\"WebSite\",\"@id\":\"https:\\\/\\\/www.versiegelung24.com\\\/fr\\\/#website\",\"url\":\"https:\\\/\\\/www.versiegelung24.com\\\/fr\\\/\",\"name\":\"versiegelung24.com\",\"description\":\"Fl\u00fcssigglas-Versiegelung - Made in Germany\",\"publisher\":{\"@id\":\"https:\\\/\\\/www.versiegelung24.com\\\/fr\\\/#organization\"},\"potentialAction\":[{\"@type\":\"SearchAction\",\"target\":{\"@type\":\"EntryPoint\",\"urlTemplate\":\"https:\\\/\\\/www.versiegelung24.com\\\/fr\\\/?s={search_term_string}\"},\"query-input\":{\"@type\":\"PropertyValueSpecification\",\"valueRequired\":true,\"valueName\":\"search_term_string\"}}],\"inLanguage\":\"fr-FR\"},{\"@type\":\"Organization\",\"@id\":\"https:\\\/\\\/www.versiegelung24.com\\\/fr\\\/#organization\",\"name\":\"versiegelung24\",\"url\":\"https:\\\/\\\/www.versiegelung24.com\\\/fr\\\/\",\"logo\":{\"@type\":\"ImageObject\",\"inLanguage\":\"fr-FR\",\"@id\":\"https:\\\/\\\/www.versiegelung24.com\\\/fr\\\/#\\\/schema\\\/logo\\\/image\\\/\",\"url\":\"https:\\\/\\\/www.versiegelung24.com\\\/wp-content\\\/uploads\\\/2020\\\/04\\\/versiegelung24.png\",\"contentUrl\":\"https:\\\/\\\/www.versiegelung24.com\\\/wp-content\\\/uploads\\\/2020\\\/04\\\/versiegelung24.png\",\"width\":470,\"height\":102,\"caption\":\"versiegelung24\"},\"image\":{\"@id\":\"https:\\\/\\\/www.versiegelung24.com\\\/fr\\\/#\\\/schema\\\/logo\\\/image\\\/\"}}]}<\/script>\n<meta property=\"product:price:amount\" content=\"99.00\" \/>\n<meta property=\"product:price:currency\" content=\"EUR\" \/>\n<meta property=\"og:availability\" content=\"instock\" \/>\n<meta property=\"product:availability\" content=\"instock\" \/>\n<meta property=\"product:retailer_item_id\" content=\"4004-673-1000\" \/>\n<meta property=\"product:condition\" content=\"new\" \/>\n<!-- \/ Yoast SEO Premium plugin. -->","yoast_head_json":{"title":"Joint universel 673 pour surfaces \"dures\" \/ non absorbantes (peinture \/ plastique +++, verre \/ c\u00e9ramique ++, m\u00e9tal \/ inox ++) - versiegelung24.com","robots":{"index":"index","follow":"follow","max-snippet":"max-snippet:-1","max-image-preview":"max-image-preview:large","max-video-preview":"max-video-preview:-1"},"canonical":"https:\/\/www.versiegelung24.com\/fr\/joint-universel-673-pour-surfaces-dures-non-absorbantes-laques-plastique-verre-ceramique-metal-acier-inoxydable.html","og_locale":"fr_FR","og_type":"article","og_title":"Joint universel 673 pour surfaces \"dures\" \/ non absorbantes (peinture \/ plastique +++, verre \/ c\u00e9ramique ++, m\u00e9tal \/ inox ++)","og_description":"Vitrificateur universel professionnel tr\u00e8s efficace pour les surfaces \"dures\"\/non absorbantes comme : \u2713 Verre \u2713 Surfaces en c\u00e9ramique \u2713 Surfaces en plastique \u2713 Surfaces m\u00e9talliques \u2713 Avec effet facile \u00e0 nettoyer","og_url":"https:\/\/www.versiegelung24.com\/fr\/joint-universel-673-pour-surfaces-dures-non-absorbantes-laques-plastique-verre-ceramique-metal-acier-inoxydable.html","og_site_name":"versiegelung24.com","article_modified_time":"2025-01-03T23:14:31+00:00","og_image":[{"width":2560,"height":2560,"url":"https:\/\/www.versiegelung24.com\/wp-content\/uploads\/2020\/06\/produkt-4004-673-1000-Universalversiegelung-673-scaled.jpg","type":"image\/jpeg"}],"twitter_card":"summary_large_image","twitter_misc":{"Prix":"99,00&euro;","Disponibilit\u00e9":"En stock"},"schema":{"@context":"https:\/\/schema.org","@graph":[{"@type":"WebPage","@id":"https:\/\/www.versiegelung24.com\/fr\/joint-universel-673-pour-surfaces-dures-non-absorbantes-laques-plastique-verre-ceramique-metal-acier-inoxydable.html","url":"https:\/\/www.versiegelung24.com\/fr\/joint-universel-673-pour-surfaces-dures-non-absorbantes-laques-plastique-verre-ceramique-metal-acier-inoxydable.html","name":"Joint universel 673 pour surfaces \"dures\" \/ non absorbantes (peinture \/ plastique +++, verre \/ c\u00e9ramique ++, m\u00e9tal \/ inox ++) - versiegelung24.com","isPartOf":{"@id":"https:\/\/www.versiegelung24.com\/fr\/#website"},"primaryImageOfPage":{"@id":"https:\/\/www.versiegelung24.com\/fr\/joint-universel-673-pour-surfaces-dures-non-absorbantes-laques-plastique-verre-ceramique-metal-acier-inoxydable.html#primaryimage"},"image":{"@id":"https:\/\/www.versiegelung24.com\/fr\/joint-universel-673-pour-surfaces-dures-non-absorbantes-laques-plastique-verre-ceramique-metal-acier-inoxydable.html#primaryimage"},"thumbnailUrl":"https:\/\/www.versiegelung24.com\/wp-content\/uploads\/2020\/06\/produkt-4004-673-1000-Universalversiegelung-673-scaled.jpg","datePublished":"2021-08-02T19:43:45+00:00","dateModified":"2025-01-03T23:14:31+00:00","breadcrumb":{"@id":"https:\/\/www.versiegelung24.com\/fr\/joint-universel-673-pour-surfaces-dures-non-absorbantes-laques-plastique-verre-ceramique-metal-acier-inoxydable.html#breadcrumb"},"inLanguage":"fr-FR","potentialAction":[{"@type":"ReadAction","target":["https:\/\/www.versiegelung24.com\/fr\/joint-universel-673-pour-surfaces-dures-non-absorbantes-laques-plastique-verre-ceramique-metal-acier-inoxydable.html"]}]},{"@type":"ImageObject","inLanguage":"fr-FR","@id":"https:\/\/www.versiegelung24.com\/fr\/joint-universel-673-pour-surfaces-dures-non-absorbantes-laques-plastique-verre-ceramique-metal-acier-inoxydable.html#primaryimage","url":"https:\/\/www.versiegelung24.com\/wp-content\/uploads\/2020\/06\/produkt-4004-673-1000-Universalversiegelung-673-scaled.jpg","contentUrl":"https:\/\/www.versiegelung24.com\/wp-content\/uploads\/2020\/06\/produkt-4004-673-1000-Universalversiegelung-673-scaled.jpg","width":2560,"height":2560},{"@type":"BreadcrumbList","@id":"https:\/\/www.versiegelung24.com\/fr\/joint-universel-673-pour-surfaces-dures-non-absorbantes-laques-plastique-verre-ceramique-metal-acier-inoxydable.html#breadcrumb","itemListElement":[{"@type":"ListItem","position":1,"name":"Page d'accueil","item":"https:\/\/www.versiegelung24.com\/fr\/front\/"},{"@type":"ListItem","position":2,"name":"Boutique","item":"https:\/\/www.versiegelung24.com\/fr\/boutique-2\/"},{"@type":"ListItem","position":3,"name":"Joint universel 673 pour surfaces &#8220;dures&#8221; \/ non absorbantes (peinture \/ plastique +++, verre \/ c\u00e9ramique ++, m\u00e9tal \/ inox ++)"}]},{"@type":"WebSite","@id":"https:\/\/www.versiegelung24.com\/fr\/#website","url":"https:\/\/www.versiegelung24.com\/fr\/","name":"versiegelung24.com","description":"Fl\u00fcssigglas-Versiegelung - Made in Germany","publisher":{"@id":"https:\/\/www.versiegelung24.com\/fr\/#organization"},"potentialAction":[{"@type":"SearchAction","target":{"@type":"EntryPoint","urlTemplate":"https:\/\/www.versiegelung24.com\/fr\/?s={search_term_string}"},"query-input":{"@type":"PropertyValueSpecification","valueRequired":true,"valueName":"search_term_string"}}],"inLanguage":"fr-FR"},{"@type":"Organization","@id":"https:\/\/www.versiegelung24.com\/fr\/#organization","name":"versiegelung24","url":"https:\/\/www.versiegelung24.com\/fr\/","logo":{"@type":"ImageObject","inLanguage":"fr-FR","@id":"https:\/\/www.versiegelung24.com\/fr\/#\/schema\/logo\/image\/","url":"https:\/\/www.versiegelung24.com\/wp-content\/uploads\/2020\/04\/versiegelung24.png","contentUrl":"https:\/\/www.versiegelung24.com\/wp-content\/uploads\/2020\/04\/versiegelung24.png","width":470,"height":102,"caption":"versiegelung24"},"image":{"@id":"https:\/\/www.versiegelung24.com\/fr\/#\/schema\/logo\/image\/"}}]},"product_price_amount":"99.00","product_price_currency":"EUR","og_availability":"instock","product_availability":"instock","product_retailer_item_id":"4004-673-1000","product_condition":"new"},"_links":{"self":[{"href":"https:\/\/www.versiegelung24.com\/fr\/wp-json\/wp\/v2\/product\/23550","targetHints":{"allow":["GET"]}}],"collection":[{"href":"https:\/\/www.versiegelung24.com\/fr\/wp-json\/wp\/v2\/product"}],"about":[{"href":"https:\/\/www.versiegelung24.com\/fr\/wp-json\/wp\/v2\/types\/product"}],"version-history":[{"count":17,"href":"https:\/\/www.versiegelung24.com\/fr\/wp-json\/wp\/v2\/product\/23550\/revisions"}],"predecessor-version":[{"id":177924,"href":"https:\/\/www.versiegelung24.com\/fr\/wp-json\/wp\/v2\/product\/23550\/revisions\/177924"}],"wp:featuredmedia":[{"embeddable":true,"href":"https:\/\/www.versiegelung24.com\/fr\/wp-json\/wp\/v2\/media\/18217"}],"wp:attachment":[{"href":"https:\/\/www.versiegelung24.com\/fr\/wp-json\/wp\/v2\/media?parent=23550"}],"wp:term":[{"taxonomy":"product_brand","embeddable":true,"href":"https:\/\/www.versiegelung24.com\/fr\/wp-json\/wp\/v2\/product_brand?post=23550"},{"taxonomy":"product_cat","embeddable":true,"href":"https:\/\/www.versiegelung24.com\/fr\/wp-json\/wp\/v2\/product_cat?post=23550"},{"taxonomy":"product_tag","embeddable":true,"href":"https:\/\/www.versiegelung24.com\/fr\/wp-json\/wp\/v2\/product_tag?post=23550"}],"curies":[{"name":"wp","href":"https:\/\/api.w.org\/{rel}","templated":true}]}}