{"id":23603,"date":"2020-04-04T18:53:41","date_gmt":"2020-04-04T16:53:41","guid":{"rendered":"https:\/\/www.versiegelung24.com\/produkt\/bioethanol-966-pour-le-pre-nettoyage-professionnel"},"modified":"2025-01-13T17:00:01","modified_gmt":"2025-01-13T16:00:01","slug":"bioethanol-966-pour-pre-nettoyage-professionnel","status":"publish","type":"product","link":"https:\/\/www.versiegelung24.com\/fr\/bioethanol-966-pour-pre-nettoyage-professionnel.html","title":{"rendered":"Bio\u00e9thanol 96,6% pour le pr\u00e9-nettoyage professionnel"},"content":{"rendered":"\n<h4 class=\"wp-block-heading\" id=\"h-beschreibung\">Description<\/h4>\n\n<p>Bio\u00e9thanol de qualit\u00e9 technique 96,6% adapt\u00e9 au pr\u00e9-nettoyage et au d\u00e9graissage en profondeur des surfaces non absorbantes. <\/p>\n\n<p>Peut \u00eatre tr\u00e8s bien utilis\u00e9 en combinaison avec notre pr\u00e9- <a href=\"https:\/\/www.versiegelung24.com\/fr\/biosativa-pre-nettoyant-biologique.html\">nettoyant biologique sans r\u00e9sidus BIOSATIVA<\/a> \u00ae pour pr\u00e9parer par exemple le verre, la c\u00e9ramique, les surfaces peintes pour l&#8217;application de nos joints de surface.<\/p>\n\n<hr \/>\n\n<h4 class=\"wp-block-heading\" id=\"properties\">Caract\u00e9ristiques du produit<\/h4>\n\n<p>\u2713 Bio\u00e9thanol issu \u00e0 100% de ma\u00efs et de betteraves sucri\u00e8res<\/p>\n\n<p>\u2713 Production r\u00e9gionale avec des ingr\u00e9dients d&#8217;Europe<\/p>\n\n<p>\u2713 Production selon les directives europ\u00e9ennes \u00e9lev\u00e9es<\/p>\n\n<p>\u2713 S\u00e9curit\u00e9 et qualit\u00e9 gr\u00e2ce \u00e0 des normes \u00e9lev\u00e9es<\/p>\n\n<p>Haute puret\u00e9, avec 1% MEK, 1% isopropanol et Bitrex bio\u00e9thanol enti\u00e8rement d\u00e9natur\u00e9 96,6% (alcool \u00e9thyl\u00e8ne) issu d&#8217;une production durable (biomasse).<\/p>\n\n<hr \/>\n\n<h4 class=\"wp-block-heading\" id=\"application\">Application<\/h4>\n\n<p>Pour nettoyer les surfaces lisses et non absorbantes, nous vous recommandons de nettoyer en deux \u00e9tapes :<\/p>\n\n<p>1. Pr\u00e9-nettoyage intensif de la surface \u00e0 l&#8217;aide d&#8217;un nettoyant conventionnel sans r\u00e9sidus ou de notre <a href=\"https:\/\/www.versiegelung24.com\/fr\/biosativa-pre-nettoyant-biologique.html\">concentr\u00e9 de nettoyage biologique BIOSATIVA<\/a> <a href=\"https:\/\/www.versiegelung24.com\/biosativa-biologischer-vorreiniger.html\">\u00ae<\/a><\/p>\n\n<p>2. Apr\u00e8s avoir termin\u00e9 le processus de nettoyage, nettoyez \u00e0 nouveau la surface avec du bio\u00e9thanol \u00e0 96,6 % afin que toute la salet\u00e9 soit \u00e9limin\u00e9e et que la surface soit compl\u00e8tement exempte de graisse. R\u00e9p\u00e9tez ce processus jusqu&#8217;\u00e0 ce qu&#8217;il n&#8217;y ait plus de r\u00e9sidus de salet\u00e9 sur le chiffon en microfibre.<\/p>\n\n<p>Apr\u00e8s un court temps d&#8217;\u00e9vaporation des \u00e9ventuels r\u00e9sidus d&#8217;alcool sur la surface, l&#8217;application de nos nano-rev\u00eatements et impr\u00e9gnations peut commencer.<\/p>\n\n<p><em>Fondamentalement, \u00e0 chaque nettoyage et scellement de surface, un test doit toujours \u00eatre effectu\u00e9 sur une zone peu visible pour d\u00e9terminer la compatibilit\u00e9 de la surface avec les agents utilis\u00e9s.<\/em><\/p>\n\n<hr \/>\n\n<h4 class=\"wp-block-heading\" id=\"advisor\">Guide pratique<\/h4>\n\n<p><strong>Bio-\u00e9thanol 96,6% &#8211; parfait pour les chemin\u00e9es de table<\/strong><\/p>\n\n<p>Aussi diff\u00e9rentes que nos go\u00fbts, les chemin\u00e9es \u00e0 l&#8217;\u00e9thanol sont devenues indispensables dans de nombreux foyers. Les bouteilles de 1 litre sont parfaites pour les utilisateurs occasionnels ou les premiers utilisateurs qui souhaitent se familiariser avec leur foyer \u00e0 l&#8217;\u00e9thanol ou notre carburant au bio\u00e9thanol liquide.<\/p>\n\n<p><strong>Combien de temps dure 1 litre de bio\u00e9thanol ?<\/strong><\/p>\n\n<p>Le temps de combustion moyen pour 1 litre de bio\u00e9thanol \u00e0 96,6 % est d&#8217;environ 2 \u00e0 3 heures. Mais vous ne pouvez pas dire exactement cela, car le temps de combustion d\u00e9pend de la surface sur laquelle le liquide br\u00fble. Plus la surface est grande, plus le bio\u00e9thanol premium br\u00fble rapidement.<\/p>\n\n<hr \/>\n\n<h4 class=\"wp-block-heading\" id=\"faq\">FAQ<\/h4>\n\n<div class=\"schema-faq wp-block-yoast-faq-block\"><div class=\"schema-faq-section\" id=\"faq-question-1645793617330\"><strong class=\"schema-faq-question\">Le bio\u00e9thanol est-il homologu\u00e9 pour le secteur m\u00e9dical ?<\/strong> <p class=\"schema-faq-answer\">Non ! Si vous recherchez un d\u00e9sinfectant de surface, vous trouverez plus d&#8217;informations ici : <a href=\"https:\/\/www.versiegelung24.com\/desinfektionsmittel\/\">Aper\u00e7u des d\u00e9sinfectants<\/a><\/p> <\/div> <div class=\"schema-faq-section\" id=\"faq-question-1645793819353\"><strong class=\"schema-faq-question\">\u00c0 quel point le bio\u00e9thanol est-il dangereux ?<\/strong> <p class=\"schema-faq-answer\">La combustion produit de la vapeur d&#8217;eau (H2O) et du dioxyde de carbone (CO2) comme nous le faisons lorsque nous respirons. Le bio\u00e9thanol \u00e0 96,6 % br\u00fble sans odeur et sans r\u00e9sidus. Lors de l&#8217;utilisation dans des chemin\u00e9es, les avertissements de danger pr\u00e9cis doivent toujours \u00eatre respect\u00e9s&nbsp;!<br>Le bio\u00e9thanol 96,6% est hautement inflammable. Lorsqu&#8217;il est utilis\u00e9 comme nettoyant, des gaz facilement inflammables sont produits. <br><\/p> <\/div> <div class=\"schema-faq-section\" id=\"faq-question-1645794918526\"><strong class=\"schema-faq-question\">Le bio\u00e9thanol (utilis\u00e9 comme nettoyant) peut-il attaquer les surfaces ?<\/strong> <p class=\"schema-faq-answer\">Dans le cas des plastiques en particulier, il faut faire attention ici. Les plastiques souples tels que les joints et les tuyaux peuvent r\u00e9agir avec les plastifiants et endommager les surfaces ou les mat\u00e9riaux.<br><br>Fondamentalement, lors du nettoyage de la surface, un test doit toujours \u00eatre effectu\u00e9 d&#8217;abord sur une zone peu visible.<\/p> <\/div> <\/div>\n","protected":false},"excerpt":{"rendered":"<p>\u2713 Bio\u00e9thanol issu \u00e0 100% de ma\u00efs et de betteraves sucri\u00e8res<\/p>\n<p>\u2713 Production r\u00e9gionale avec des ingr\u00e9dients d&#8217;Europe<\/p>\n<p>\u2713 Production selon les directives europ\u00e9ennes \u00e9lev\u00e9es<\/p>\n<p>\u2713 S\u00e9curit\u00e9 et qualit\u00e9 gr\u00e2ce \u00e0 des normes \u00e9lev\u00e9es<\/p>\n","protected":false},"featured_media":65152,"template":"","meta":{"_acf_changed":false,"neve_meta_sidebar":"","neve_meta_container":"","neve_meta_enable_content_width":"","neve_meta_content_width":0,"neve_meta_title_alignment":"","neve_meta_author_avatar":"","neve_post_elements_order":"","neve_meta_disable_header":"","neve_meta_disable_footer":"","neve_meta_disable_title":"","neve_meta_reading_time":"","_surfaces":[],"_ver_product_tabs":[],"footnotes":""},"product_brand":[],"product_cat":[2160,2190,2291,2296,2600],"product_tag":[],"class_list":{"0":"post-23603","1":"product","2":"type-product","3":"status-publish","4":"has-post-thumbnail","6":"product_cat-scellage-pour-verre-et-ceramique","7":"product_cat-etancheite-de-voiture","8":"product_cat-etancheite-metal-plastique","9":"product_cat-les-fournitures-de-nettoyage","10":"product_cat-bioethanol-fr","12":"first","13":"instock","14":"taxable","15":"shipping-taxable","16":"purchasable","17":"product-type-simple"},"acf":[],"yoast_head":"<!-- This site is optimized with the Yoast SEO Premium plugin v22.8 (Yoast SEO v27.5) - https:\/\/yoast.com\/product\/yoast-seo-premium-wordpress\/ -->\n<title>Bio\u00e9thanol 96,6% pour le pr\u00e9-nettoyage professionnel - versiegelung24.com<\/title>\n<meta name=\"robots\" content=\"index, follow, max-snippet:-1, max-image-preview:large, max-video-preview:-1\" \/>\n<link rel=\"canonical\" href=\"https:\/\/www.versiegelung24.com\/fr\/bioethanol-966-pour-pre-nettoyage-professionnel.html\" \/>\n<meta property=\"og:locale\" content=\"fr_FR\" \/>\n<meta property=\"og:type\" content=\"article\" \/>\n<meta property=\"og:title\" content=\"Bio\u00e9thanol 96,6% pour le pr\u00e9-nettoyage professionnel\" \/>\n<meta property=\"og:description\" content=\"\u2713 Bio\u00e9thanol issu \u00e0 100% de ma\u00efs et de betteraves sucri\u00e8res \u2713 Production r\u00e9gionale avec des ingr\u00e9dients d&#039;Europe \u2713 Production selon les directives europ\u00e9ennes \u00e9lev\u00e9es \u2713 S\u00e9curit\u00e9 et qualit\u00e9 gr\u00e2ce \u00e0 des normes \u00e9lev\u00e9es\" \/>\n<meta property=\"og:url\" content=\"https:\/\/www.versiegelung24.com\/fr\/bioethanol-966-pour-pre-nettoyage-professionnel.html\" \/>\n<meta property=\"og:site_name\" content=\"versiegelung24.com\" \/>\n<meta property=\"article:modified_time\" content=\"2025-01-13T16:00:01+00:00\" \/>\n<meta property=\"og:image\" content=\"https:\/\/www.versiegelung24.com\/wp-content\/uploads\/2020\/04\/produkt_9100-950-1000-bioethanol-flasche.jpeg\" \/>\n\t<meta property=\"og:image:width\" content=\"2560\" \/>\n\t<meta property=\"og:image:height\" content=\"2560\" \/>\n\t<meta property=\"og:image:type\" content=\"image\/jpeg\" \/>\n<meta name=\"twitter:card\" content=\"summary_large_image\" \/>\n<meta name=\"twitter:label1\" content=\"Prix\" \/>\n\t<meta name=\"twitter:data1\" content=\"9,99&euro;\" \/>\n\t<meta name=\"twitter:label2\" content=\"Disponibilit\u00e9\" \/>\n\t<meta name=\"twitter:data2\" content=\"En stock\" \/>\n<script type=\"application\/ld+json\" class=\"yoast-schema-graph\">{\"@context\":\"https:\\\/\\\/schema.org\",\"@graph\":[{\"@type\":[\"WebPage\",\"FAQPage\"],\"@id\":\"https:\\\/\\\/www.versiegelung24.com\\\/fr\\\/bioethanol-966-pour-pre-nettoyage-professionnel.html\",\"url\":\"https:\\\/\\\/www.versiegelung24.com\\\/fr\\\/bioethanol-966-pour-pre-nettoyage-professionnel.html\",\"name\":\"Bio\u00e9thanol 96,6% pour le pr\u00e9-nettoyage professionnel - versiegelung24.com\",\"isPartOf\":{\"@id\":\"https:\\\/\\\/www.versiegelung24.com\\\/fr\\\/#website\"},\"primaryImageOfPage\":{\"@id\":\"https:\\\/\\\/www.versiegelung24.com\\\/fr\\\/bioethanol-966-pour-pre-nettoyage-professionnel.html#primaryimage\"},\"image\":{\"@id\":\"https:\\\/\\\/www.versiegelung24.com\\\/fr\\\/bioethanol-966-pour-pre-nettoyage-professionnel.html#primaryimage\"},\"thumbnailUrl\":\"https:\\\/\\\/www.versiegelung24.com\\\/wp-content\\\/uploads\\\/2020\\\/04\\\/produkt_9100-950-1000-bioethanol-flasche.jpeg\",\"datePublished\":\"2020-04-04T16:53:41+00:00\",\"dateModified\":\"2025-01-13T16:00:01+00:00\",\"breadcrumb\":{\"@id\":\"https:\\\/\\\/www.versiegelung24.com\\\/fr\\\/bioethanol-966-pour-pre-nettoyage-professionnel.html#breadcrumb\"},\"mainEntity\":[{\"@id\":\"https:\\\/\\\/www.versiegelung24.com\\\/fr\\\/bioethanol-966-pour-pre-nettoyage-professionnel.html#faq-question-1645793617330\"},{\"@id\":\"https:\\\/\\\/www.versiegelung24.com\\\/fr\\\/bioethanol-966-pour-pre-nettoyage-professionnel.html#faq-question-1645793819353\"},{\"@id\":\"https:\\\/\\\/www.versiegelung24.com\\\/fr\\\/bioethanol-966-pour-pre-nettoyage-professionnel.html#faq-question-1645794918526\"}],\"inLanguage\":\"fr-FR\",\"potentialAction\":[{\"@type\":\"ReadAction\",\"target\":[\"https:\\\/\\\/www.versiegelung24.com\\\/fr\\\/bioethanol-966-pour-pre-nettoyage-professionnel.html\"]}]},{\"@type\":\"ImageObject\",\"inLanguage\":\"fr-FR\",\"@id\":\"https:\\\/\\\/www.versiegelung24.com\\\/fr\\\/bioethanol-966-pour-pre-nettoyage-professionnel.html#primaryimage\",\"url\":\"https:\\\/\\\/www.versiegelung24.com\\\/wp-content\\\/uploads\\\/2020\\\/04\\\/produkt_9100-950-1000-bioethanol-flasche.jpeg\",\"contentUrl\":\"https:\\\/\\\/www.versiegelung24.com\\\/wp-content\\\/uploads\\\/2020\\\/04\\\/produkt_9100-950-1000-bioethanol-flasche.jpeg\",\"width\":2560,\"height\":2560},{\"@type\":\"BreadcrumbList\",\"@id\":\"https:\\\/\\\/www.versiegelung24.com\\\/fr\\\/bioethanol-966-pour-pre-nettoyage-professionnel.html#breadcrumb\",\"itemListElement\":[{\"@type\":\"ListItem\",\"position\":1,\"name\":\"Page d'accueil\",\"item\":\"https:\\\/\\\/www.versiegelung24.com\\\/fr\\\/front\\\/\"},{\"@type\":\"ListItem\",\"position\":2,\"name\":\"Boutique\",\"item\":\"https:\\\/\\\/www.versiegelung24.com\\\/fr\\\/boutique-2\\\/\"},{\"@type\":\"ListItem\",\"position\":3,\"name\":\"Bio\u00e9thanol 96,6% pour le pr\u00e9-nettoyage professionnel\"}]},{\"@type\":\"WebSite\",\"@id\":\"https:\\\/\\\/www.versiegelung24.com\\\/fr\\\/#website\",\"url\":\"https:\\\/\\\/www.versiegelung24.com\\\/fr\\\/\",\"name\":\"versiegelung24.com\",\"description\":\"Fl\u00fcssigglas-Versiegelung - Made in Germany\",\"publisher\":{\"@id\":\"https:\\\/\\\/www.versiegelung24.com\\\/fr\\\/#organization\"},\"potentialAction\":[{\"@type\":\"SearchAction\",\"target\":{\"@type\":\"EntryPoint\",\"urlTemplate\":\"https:\\\/\\\/www.versiegelung24.com\\\/fr\\\/?s={search_term_string}\"},\"query-input\":{\"@type\":\"PropertyValueSpecification\",\"valueRequired\":true,\"valueName\":\"search_term_string\"}}],\"inLanguage\":\"fr-FR\"},{\"@type\":\"Organization\",\"@id\":\"https:\\\/\\\/www.versiegelung24.com\\\/fr\\\/#organization\",\"name\":\"versiegelung24\",\"url\":\"https:\\\/\\\/www.versiegelung24.com\\\/fr\\\/\",\"logo\":{\"@type\":\"ImageObject\",\"inLanguage\":\"fr-FR\",\"@id\":\"https:\\\/\\\/www.versiegelung24.com\\\/fr\\\/#\\\/schema\\\/logo\\\/image\\\/\",\"url\":\"https:\\\/\\\/www.versiegelung24.com\\\/wp-content\\\/uploads\\\/2020\\\/04\\\/versiegelung24.png\",\"contentUrl\":\"https:\\\/\\\/www.versiegelung24.com\\\/wp-content\\\/uploads\\\/2020\\\/04\\\/versiegelung24.png\",\"width\":470,\"height\":102,\"caption\":\"versiegelung24\"},\"image\":{\"@id\":\"https:\\\/\\\/www.versiegelung24.com\\\/fr\\\/#\\\/schema\\\/logo\\\/image\\\/\"}},{\"@type\":\"Question\",\"@id\":\"https:\\\/\\\/www.versiegelung24.com\\\/fr\\\/bioethanol-966-pour-pre-nettoyage-professionnel.html#faq-question-1645793617330\",\"position\":1,\"url\":\"https:\\\/\\\/www.versiegelung24.com\\\/fr\\\/bioethanol-966-pour-pre-nettoyage-professionnel.html#faq-question-1645793617330\",\"name\":\"Ist Bioethanol f\u00fcr den medizinischen Bereich zugelassen?\",\"answerCount\":1,\"acceptedAnswer\":{\"@type\":\"Answer\",\"text\":\"Nein! Wenn Sie ein Fl\u00e4chendesinfektionsmittel suchen, finden Sie weitere Informationen hier: <a href=\\\"https:\\\/\\\/www.versiegelung24.com\\\/desinfektionsmittel\\\/\\\">\u00dcbersicht Desinfektionsmittel<\\\/a>\",\"inLanguage\":\"fr-FR\"},\"inLanguage\":\"fr-FR\"},{\"@type\":\"Question\",\"@id\":\"https:\\\/\\\/www.versiegelung24.com\\\/fr\\\/bioethanol-966-pour-pre-nettoyage-professionnel.html#faq-question-1645793819353\",\"position\":2,\"url\":\"https:\\\/\\\/www.versiegelung24.com\\\/fr\\\/bioethanol-966-pour-pre-nettoyage-professionnel.html#faq-question-1645793819353\",\"name\":\"Wie gef\u00e4hrlich ist Bioethanol?\",\"answerCount\":1,\"acceptedAnswer\":{\"@type\":\"Answer\",\"text\":\"Bei der Verbrennung entstehen genau wie bei unserer Atmung Wasserdampf (H2O) und Kohlendioxid (CO2). Bioethanol 96,6% verbrennt geruchs- und r\u00fcckstandsfrei. Bei Nutzung in Feuerstellen sind stets die genauen Gefahrenhinweise zu beachten!<br \\\/>Bioethanol 96,6% ist leicht entz\u00fcndlich. Bei der Nutzung als Reiniger entstehen leicht brennbare Gase. <br \\\/>\",\"inLanguage\":\"fr-FR\"},\"inLanguage\":\"fr-FR\"},{\"@type\":\"Question\",\"@id\":\"https:\\\/\\\/www.versiegelung24.com\\\/fr\\\/bioethanol-966-pour-pre-nettoyage-professionnel.html#faq-question-1645794918526\",\"position\":3,\"url\":\"https:\\\/\\\/www.versiegelung24.com\\\/fr\\\/bioethanol-966-pour-pre-nettoyage-professionnel.html#faq-question-1645794918526\",\"name\":\"Kann Bioethanol (als Reiniger eingesetzt) Oberfl\u00e4chen angreifen?\",\"answerCount\":1,\"acceptedAnswer\":{\"@type\":\"Answer\",\"text\":\"Besonders bei Kunststoffen ist hier mit Achtsamkeit vor zu gehen. Weiche Kunststoffe wie z.B. bei Dichtungen und Schl\u00e4uchen kann dieser mit den Weichmachern reagieren und Oberfl\u00e4chen bzw. Materialien sch\u00e4digen.<br \\\/><br \\\/>Grunds\u00e4tzlich sollte bei der Oberfl\u00e4chenreinigung immer erst ein Test an unauff\u00e4lliger Stelle durchgef\u00fchrt werden.\",\"inLanguage\":\"fr-FR\"},\"inLanguage\":\"fr-FR\"}]}<\/script>\n<meta property=\"product:price:amount\" content=\"9.99\" \/>\n<meta property=\"product:price:currency\" content=\"EUR\" \/>\n<meta property=\"og:availability\" content=\"instock\" \/>\n<meta property=\"product:availability\" content=\"instock\" \/>\n<meta property=\"product:retailer_item_id\" content=\"9100-BE96-1\" \/>\n<meta property=\"product:condition\" content=\"new\" \/>\n<!-- \/ Yoast SEO Premium plugin. -->","yoast_head_json":{"title":"Bio\u00e9thanol 96,6% pour le pr\u00e9-nettoyage professionnel - versiegelung24.com","robots":{"index":"index","follow":"follow","max-snippet":"max-snippet:-1","max-image-preview":"max-image-preview:large","max-video-preview":"max-video-preview:-1"},"canonical":"https:\/\/www.versiegelung24.com\/fr\/bioethanol-966-pour-pre-nettoyage-professionnel.html","og_locale":"fr_FR","og_type":"article","og_title":"Bio\u00e9thanol 96,6% pour le pr\u00e9-nettoyage professionnel","og_description":"\u2713 Bio\u00e9thanol issu \u00e0 100% de ma\u00efs et de betteraves sucri\u00e8res \u2713 Production r\u00e9gionale avec des ingr\u00e9dients d'Europe \u2713 Production selon les directives europ\u00e9ennes \u00e9lev\u00e9es \u2713 S\u00e9curit\u00e9 et qualit\u00e9 gr\u00e2ce \u00e0 des normes \u00e9lev\u00e9es","og_url":"https:\/\/www.versiegelung24.com\/fr\/bioethanol-966-pour-pre-nettoyage-professionnel.html","og_site_name":"versiegelung24.com","article_modified_time":"2025-01-13T16:00:01+00:00","og_image":[{"width":2560,"height":2560,"url":"https:\/\/www.versiegelung24.com\/wp-content\/uploads\/2020\/04\/produkt_9100-950-1000-bioethanol-flasche.jpeg","type":"image\/jpeg"}],"twitter_card":"summary_large_image","twitter_misc":{"Prix":"9,99&euro;","Disponibilit\u00e9":"En stock"},"schema":{"@context":"https:\/\/schema.org","@graph":[{"@type":["WebPage","FAQPage"],"@id":"https:\/\/www.versiegelung24.com\/fr\/bioethanol-966-pour-pre-nettoyage-professionnel.html","url":"https:\/\/www.versiegelung24.com\/fr\/bioethanol-966-pour-pre-nettoyage-professionnel.html","name":"Bio\u00e9thanol 96,6% pour le pr\u00e9-nettoyage professionnel - versiegelung24.com","isPartOf":{"@id":"https:\/\/www.versiegelung24.com\/fr\/#website"},"primaryImageOfPage":{"@id":"https:\/\/www.versiegelung24.com\/fr\/bioethanol-966-pour-pre-nettoyage-professionnel.html#primaryimage"},"image":{"@id":"https:\/\/www.versiegelung24.com\/fr\/bioethanol-966-pour-pre-nettoyage-professionnel.html#primaryimage"},"thumbnailUrl":"https:\/\/www.versiegelung24.com\/wp-content\/uploads\/2020\/04\/produkt_9100-950-1000-bioethanol-flasche.jpeg","datePublished":"2020-04-04T16:53:41+00:00","dateModified":"2025-01-13T16:00:01+00:00","breadcrumb":{"@id":"https:\/\/www.versiegelung24.com\/fr\/bioethanol-966-pour-pre-nettoyage-professionnel.html#breadcrumb"},"mainEntity":[{"@id":"https:\/\/www.versiegelung24.com\/fr\/bioethanol-966-pour-pre-nettoyage-professionnel.html#faq-question-1645793617330"},{"@id":"https:\/\/www.versiegelung24.com\/fr\/bioethanol-966-pour-pre-nettoyage-professionnel.html#faq-question-1645793819353"},{"@id":"https:\/\/www.versiegelung24.com\/fr\/bioethanol-966-pour-pre-nettoyage-professionnel.html#faq-question-1645794918526"}],"inLanguage":"fr-FR","potentialAction":[{"@type":"ReadAction","target":["https:\/\/www.versiegelung24.com\/fr\/bioethanol-966-pour-pre-nettoyage-professionnel.html"]}]},{"@type":"ImageObject","inLanguage":"fr-FR","@id":"https:\/\/www.versiegelung24.com\/fr\/bioethanol-966-pour-pre-nettoyage-professionnel.html#primaryimage","url":"https:\/\/www.versiegelung24.com\/wp-content\/uploads\/2020\/04\/produkt_9100-950-1000-bioethanol-flasche.jpeg","contentUrl":"https:\/\/www.versiegelung24.com\/wp-content\/uploads\/2020\/04\/produkt_9100-950-1000-bioethanol-flasche.jpeg","width":2560,"height":2560},{"@type":"BreadcrumbList","@id":"https:\/\/www.versiegelung24.com\/fr\/bioethanol-966-pour-pre-nettoyage-professionnel.html#breadcrumb","itemListElement":[{"@type":"ListItem","position":1,"name":"Page d'accueil","item":"https:\/\/www.versiegelung24.com\/fr\/front\/"},{"@type":"ListItem","position":2,"name":"Boutique","item":"https:\/\/www.versiegelung24.com\/fr\/boutique-2\/"},{"@type":"ListItem","position":3,"name":"Bio\u00e9thanol 96,6% pour le pr\u00e9-nettoyage professionnel"}]},{"@type":"WebSite","@id":"https:\/\/www.versiegelung24.com\/fr\/#website","url":"https:\/\/www.versiegelung24.com\/fr\/","name":"versiegelung24.com","description":"Fl\u00fcssigglas-Versiegelung - Made in Germany","publisher":{"@id":"https:\/\/www.versiegelung24.com\/fr\/#organization"},"potentialAction":[{"@type":"SearchAction","target":{"@type":"EntryPoint","urlTemplate":"https:\/\/www.versiegelung24.com\/fr\/?s={search_term_string}"},"query-input":{"@type":"PropertyValueSpecification","valueRequired":true,"valueName":"search_term_string"}}],"inLanguage":"fr-FR"},{"@type":"Organization","@id":"https:\/\/www.versiegelung24.com\/fr\/#organization","name":"versiegelung24","url":"https:\/\/www.versiegelung24.com\/fr\/","logo":{"@type":"ImageObject","inLanguage":"fr-FR","@id":"https:\/\/www.versiegelung24.com\/fr\/#\/schema\/logo\/image\/","url":"https:\/\/www.versiegelung24.com\/wp-content\/uploads\/2020\/04\/versiegelung24.png","contentUrl":"https:\/\/www.versiegelung24.com\/wp-content\/uploads\/2020\/04\/versiegelung24.png","width":470,"height":102,"caption":"versiegelung24"},"image":{"@id":"https:\/\/www.versiegelung24.com\/fr\/#\/schema\/logo\/image\/"}},{"@type":"Question","@id":"https:\/\/www.versiegelung24.com\/fr\/bioethanol-966-pour-pre-nettoyage-professionnel.html#faq-question-1645793617330","position":1,"url":"https:\/\/www.versiegelung24.com\/fr\/bioethanol-966-pour-pre-nettoyage-professionnel.html#faq-question-1645793617330","name":"Ist Bioethanol f\u00fcr den medizinischen Bereich zugelassen?","answerCount":1,"acceptedAnswer":{"@type":"Answer","text":"Nein! Wenn Sie ein Fl\u00e4chendesinfektionsmittel suchen, finden Sie weitere Informationen hier: <a href=\"https:\/\/www.versiegelung24.com\/desinfektionsmittel\/\">\u00dcbersicht Desinfektionsmittel<\/a>","inLanguage":"fr-FR"},"inLanguage":"fr-FR"},{"@type":"Question","@id":"https:\/\/www.versiegelung24.com\/fr\/bioethanol-966-pour-pre-nettoyage-professionnel.html#faq-question-1645793819353","position":2,"url":"https:\/\/www.versiegelung24.com\/fr\/bioethanol-966-pour-pre-nettoyage-professionnel.html#faq-question-1645793819353","name":"Wie gef\u00e4hrlich ist Bioethanol?","answerCount":1,"acceptedAnswer":{"@type":"Answer","text":"Bei der Verbrennung entstehen genau wie bei unserer Atmung Wasserdampf (H2O) und Kohlendioxid (CO2). Bioethanol 96,6% verbrennt geruchs- und r\u00fcckstandsfrei. Bei Nutzung in Feuerstellen sind stets die genauen Gefahrenhinweise zu beachten!<br \/>Bioethanol 96,6% ist leicht entz\u00fcndlich. Bei der Nutzung als Reiniger entstehen leicht brennbare Gase. <br \/>","inLanguage":"fr-FR"},"inLanguage":"fr-FR"},{"@type":"Question","@id":"https:\/\/www.versiegelung24.com\/fr\/bioethanol-966-pour-pre-nettoyage-professionnel.html#faq-question-1645794918526","position":3,"url":"https:\/\/www.versiegelung24.com\/fr\/bioethanol-966-pour-pre-nettoyage-professionnel.html#faq-question-1645794918526","name":"Kann Bioethanol (als Reiniger eingesetzt) Oberfl\u00e4chen angreifen?","answerCount":1,"acceptedAnswer":{"@type":"Answer","text":"Besonders bei Kunststoffen ist hier mit Achtsamkeit vor zu gehen. Weiche Kunststoffe wie z.B. bei Dichtungen und Schl\u00e4uchen kann dieser mit den Weichmachern reagieren und Oberfl\u00e4chen bzw. Materialien sch\u00e4digen.<br \/><br \/>Grunds\u00e4tzlich sollte bei der Oberfl\u00e4chenreinigung immer erst ein Test an unauff\u00e4lliger Stelle durchgef\u00fchrt werden.","inLanguage":"fr-FR"},"inLanguage":"fr-FR"}]},"product_price_amount":"9.99","product_price_currency":"EUR","og_availability":"instock","product_availability":"instock","product_retailer_item_id":"9100-BE96-1","product_condition":"new"},"_links":{"self":[{"href":"https:\/\/www.versiegelung24.com\/fr\/wp-json\/wp\/v2\/product\/23603","targetHints":{"allow":["GET"]}}],"collection":[{"href":"https:\/\/www.versiegelung24.com\/fr\/wp-json\/wp\/v2\/product"}],"about":[{"href":"https:\/\/www.versiegelung24.com\/fr\/wp-json\/wp\/v2\/types\/product"}],"version-history":[{"count":49,"href":"https:\/\/www.versiegelung24.com\/fr\/wp-json\/wp\/v2\/product\/23603\/revisions"}],"predecessor-version":[{"id":180695,"href":"https:\/\/www.versiegelung24.com\/fr\/wp-json\/wp\/v2\/product\/23603\/revisions\/180695"}],"wp:featuredmedia":[{"embeddable":true,"href":"https:\/\/www.versiegelung24.com\/fr\/wp-json\/wp\/v2\/media\/65152"}],"wp:attachment":[{"href":"https:\/\/www.versiegelung24.com\/fr\/wp-json\/wp\/v2\/media?parent=23603"}],"wp:term":[{"taxonomy":"product_brand","embeddable":true,"href":"https:\/\/www.versiegelung24.com\/fr\/wp-json\/wp\/v2\/product_brand?post=23603"},{"taxonomy":"product_cat","embeddable":true,"href":"https:\/\/www.versiegelung24.com\/fr\/wp-json\/wp\/v2\/product_cat?post=23603"},{"taxonomy":"product_tag","embeddable":true,"href":"https:\/\/www.versiegelung24.com\/fr\/wp-json\/wp\/v2\/product_tag?post=23603"}],"curies":[{"name":"wp","href":"https:\/\/api.w.org\/{rel}","templated":true}]}}