{"id":23647,"date":"2020-04-04T18:53:44","date_gmt":"2021-08-02T19:52:16","guid":{"rendered":"https:\/\/www.versiegelung24.com\/produkt\/etancheite-universelle-691-pour-surfaces-douces-absorbantes-textile-bois-pierre"},"modified":"2025-01-04T00:13:51","modified_gmt":"2025-01-03T23:13:51","slug":"joint-universel-691-pour-surfaces-douces-absorbantes-textile-bois-pierre","status":"publish","type":"product","link":"https:\/\/www.versiegelung24.com\/fr\/joint-universel-691-pour-surfaces-douces-absorbantes-textile-bois-pierre.html","title":{"rendered":"Etanch\u00e9it\u00e9 universelle 691 pour surfaces &#8220;douces&#8221; \/ absorbantes (textile +++, bois ++, pierre ++)"},"content":{"rendered":"\n<p><strong>Mastic universel professionnel tr\u00e8s efficace pour les surfaces absorbantes \/ \u00ab douces \u00bb (textile, pierre, bois) avec un effet facile \u00e0 nettoyer<\/strong><\/p>\n\n<p>Id\u00e9al pour les textiles, peut \u00e9galement \u00eatre utilis\u00e9 sur la pierre et le bois<\/p>\n\n<p>Haute qualit\u00e9 &#8211; Fabriqu\u00e9 en Allemagne.<\/p>\n\n<p>Num\u00e9ro d&#8217;article : 4006-691<\/p>\n\n<p><strong>Joint universel V24 4006-691<\/strong> est une impr\u00e9gnation aqueuse pour surfaces absorbantes \/ \u00ab douces \u00bb avec une tr\u00e8s bonne d\u00e9perlance (hydrofuge) et ol\u00e9ofuge (ol\u00e9ofuge) des surfaces. Le produit forme un film de surface mince et presque invisible. L&#8217;effet d\u00e9perlant r\u00e9duit consid\u00e9rablement le taux de p\u00e9n\u00e9tration de l&#8217;humidit\u00e9 sur les surfaces trait\u00e9es et le re-salissure. La p\u00e9n\u00e9tration d&#8217;huile et de substances d\u00e9colorantes dans la surface est r\u00e9duite et peut \u00eatre facilement \u00e9limin\u00e9e \/ nettoy\u00e9e.<\/p>\n\n<hr\/>\n\n<h4 class=\"wp-block-heading\" id=\"properties\">Caract\u00e9ristiques du produit<\/h4>\n\n<div class=\"wp-block-columns is-layout-flex wp-container-core-columns-is-layout-9d6595d7 wp-block-columns-is-layout-flex\">\n<div class=\"wp-block-column is-layout-flow wp-block-column-is-layout-flow\">\n<ul class=\"wp-block-list\">\n<li>Base de principe actif : polym\u00e8re fluor\u00e9<\/li>\n\n\n\n<li>Aspect : liquide blanc translucide<\/li>\n\n\n\n<li>Teneur en solides : ~ 1%<\/li>\n\n\n\n<li>pH : 7<\/li>\n\n\n\n<li>Dilution : Dilu\u00e9 pr\u00eat \u00e0 l&#8217;emploi. En fonction de l&#8217;effet recherch\u00e9, il peut \u00eatre encore dilu\u00e9 avec de l&#8217;eau.<\/li>\n<\/ul>\n<\/div>\n\n\n\n<div class=\"wp-block-column is-layout-flow wp-block-column-is-layout-flow\">\n<p>Contenu de la livraison :<br\/>1 x bouteille d&#8217;un litre<br\/>1 x t\u00eate de spray \u00e0 pompe<\/p>\n<\/div>\n<\/div>\n\n<hr\/>\n\n<h4 class=\"wp-block-heading\" id=\"h-ratgeber\">Guide pratique<\/h4>\n\n<p>Nos joints universels sont particuli\u00e8rement adapt\u00e9s au secteur du bricolage.<\/p>\n\n<p>Ils combinent un mode d&#8217;action professionnel sur diff\u00e9rentes surfaces avec une manipulation ais\u00e9e lors de l&#8217;application. Et tout cela sans avoir \u00e0 faire de gros compromis en termes de qualit\u00e9.<\/p>\n\n<p>De cette mani\u00e8re, des applications peuvent \u00eatre r\u00e9alis\u00e9es sur plusieurs mat\u00e9riaux avec un seul mastic universel et un effet de haute qualit\u00e9 et une longue dur\u00e9e de vie peuvent \u00e9galement \u00eatre obtenus.<\/p>\n\n<p>Cependant, pour les applications commerciales et industrielles o\u00f9 le niveau de performance le plus \u00e9lev\u00e9 possible doit \u00eatre atteint sur une surface sp\u00e9cifique, nous recommandons l&#8217;utilisation de nos finitions sp\u00e9ciales pour cette surface.<\/p>\n","protected":false},"excerpt":{"rendered":"<p><strong>Joint universel professionnel tr\u00e8s efficace pour surfaces absorbantes \/ \u00ab douces \u00bb :<\/strong><\/p>\n<p>\u2713 Textiles<\/p>\n<p>\u2713 Pierre<\/p>\n<p>\u2713 bois<\/p>\n<p>\u2713 Avec effet facile \u00e0 nettoyer<\/p>\n","protected":false},"featured_media":18286,"template":"","meta":{"_acf_changed":false,"neve_meta_sidebar":"","neve_meta_container":"","neve_meta_enable_content_width":"","neve_meta_content_width":0,"neve_meta_title_alignment":"","neve_meta_author_avatar":"","neve_post_elements_order":"","neve_meta_disable_header":"","neve_meta_disable_footer":"","neve_meta_disable_title":"","neve_meta_reading_time":"","_surfaces":[],"_ver_product_tabs":[],"footnotes":""},"product_brand":[],"product_cat":[2474],"product_tag":[],"class_list":{"0":"post-23647","1":"product","2":"type-product","3":"status-publish","4":"has-post-thumbnail","6":"product_cat-joint-universel","8":"first","9":"instock","10":"taxable","11":"shipping-taxable","12":"purchasable","13":"product-type-simple"},"acf":[],"yoast_head":"<!-- This site is optimized with the Yoast SEO Premium plugin v22.8 (Yoast SEO v27.5) - https:\/\/yoast.com\/product\/yoast-seo-premium-wordpress\/ -->\n<title>Etanch\u00e9it\u00e9 universelle 691 pour surfaces &quot;douces&quot; \/ absorbantes (textile +++, bois ++, pierre ++) - versiegelung24.com<\/title>\n<meta name=\"robots\" content=\"index, follow, max-snippet:-1, max-image-preview:large, max-video-preview:-1\" \/>\n<link rel=\"canonical\" href=\"https:\/\/www.versiegelung24.com\/fr\/joint-universel-691-pour-surfaces-douces-absorbantes-textile-bois-pierre.html\" \/>\n<meta property=\"og:locale\" content=\"fr_FR\" \/>\n<meta property=\"og:type\" content=\"article\" \/>\n<meta property=\"og:title\" content=\"Etanch\u00e9it\u00e9 universelle 691 pour surfaces &quot;douces&quot; \/ absorbantes (textile +++, bois ++, pierre ++)\" \/>\n<meta property=\"og:description\" content=\"Joint universel professionnel tr\u00e8s efficace pour surfaces absorbantes \/ \u00ab douces \u00bb : \u2713 Textiles \u2713 Pierre \u2713 bois \u2713 Avec effet facile \u00e0 nettoyer\" \/>\n<meta property=\"og:url\" content=\"https:\/\/www.versiegelung24.com\/fr\/joint-universel-691-pour-surfaces-douces-absorbantes-textile-bois-pierre.html\" \/>\n<meta property=\"og:site_name\" content=\"versiegelung24.com\" \/>\n<meta property=\"article:modified_time\" content=\"2025-01-03T23:13:51+00:00\" \/>\n<meta property=\"og:image\" content=\"https:\/\/www.versiegelung24.com\/wp-content\/uploads\/2020\/06\/produkt-4006-691-1000-Universalversiegelung-691-scaled.jpg\" \/>\n\t<meta property=\"og:image:width\" content=\"2560\" \/>\n\t<meta property=\"og:image:height\" content=\"2560\" \/>\n\t<meta property=\"og:image:type\" content=\"image\/jpeg\" \/>\n<meta name=\"twitter:card\" content=\"summary_large_image\" \/>\n<meta name=\"twitter:label1\" content=\"Prix\" \/>\n\t<meta name=\"twitter:data1\" content=\"74,99&euro;\" \/>\n\t<meta name=\"twitter:label2\" content=\"Disponibilit\u00e9\" \/>\n\t<meta name=\"twitter:data2\" content=\"En stock\" \/>\n<script type=\"application\/ld+json\" class=\"yoast-schema-graph\">{\"@context\":\"https:\\\/\\\/schema.org\",\"@graph\":[{\"@type\":\"WebPage\",\"@id\":\"https:\\\/\\\/www.versiegelung24.com\\\/fr\\\/joint-universel-691-pour-surfaces-douces-absorbantes-textile-bois-pierre.html\",\"url\":\"https:\\\/\\\/www.versiegelung24.com\\\/fr\\\/joint-universel-691-pour-surfaces-douces-absorbantes-textile-bois-pierre.html\",\"name\":\"Etanch\u00e9it\u00e9 universelle 691 pour surfaces \\\"douces\\\" \\\/ absorbantes (textile +++, bois ++, pierre ++) - versiegelung24.com\",\"isPartOf\":{\"@id\":\"https:\\\/\\\/www.versiegelung24.com\\\/fr\\\/#website\"},\"primaryImageOfPage\":{\"@id\":\"https:\\\/\\\/www.versiegelung24.com\\\/fr\\\/joint-universel-691-pour-surfaces-douces-absorbantes-textile-bois-pierre.html#primaryimage\"},\"image\":{\"@id\":\"https:\\\/\\\/www.versiegelung24.com\\\/fr\\\/joint-universel-691-pour-surfaces-douces-absorbantes-textile-bois-pierre.html#primaryimage\"},\"thumbnailUrl\":\"https:\\\/\\\/www.versiegelung24.com\\\/wp-content\\\/uploads\\\/2020\\\/06\\\/produkt-4006-691-1000-Universalversiegelung-691-scaled.jpg\",\"datePublished\":\"2021-08-02T19:52:16+00:00\",\"dateModified\":\"2025-01-03T23:13:51+00:00\",\"breadcrumb\":{\"@id\":\"https:\\\/\\\/www.versiegelung24.com\\\/fr\\\/joint-universel-691-pour-surfaces-douces-absorbantes-textile-bois-pierre.html#breadcrumb\"},\"inLanguage\":\"fr-FR\",\"potentialAction\":[{\"@type\":\"ReadAction\",\"target\":[\"https:\\\/\\\/www.versiegelung24.com\\\/fr\\\/joint-universel-691-pour-surfaces-douces-absorbantes-textile-bois-pierre.html\"]}]},{\"@type\":\"ImageObject\",\"inLanguage\":\"fr-FR\",\"@id\":\"https:\\\/\\\/www.versiegelung24.com\\\/fr\\\/joint-universel-691-pour-surfaces-douces-absorbantes-textile-bois-pierre.html#primaryimage\",\"url\":\"https:\\\/\\\/www.versiegelung24.com\\\/wp-content\\\/uploads\\\/2020\\\/06\\\/produkt-4006-691-1000-Universalversiegelung-691-scaled.jpg\",\"contentUrl\":\"https:\\\/\\\/www.versiegelung24.com\\\/wp-content\\\/uploads\\\/2020\\\/06\\\/produkt-4006-691-1000-Universalversiegelung-691-scaled.jpg\",\"width\":2560,\"height\":2560},{\"@type\":\"BreadcrumbList\",\"@id\":\"https:\\\/\\\/www.versiegelung24.com\\\/fr\\\/joint-universel-691-pour-surfaces-douces-absorbantes-textile-bois-pierre.html#breadcrumb\",\"itemListElement\":[{\"@type\":\"ListItem\",\"position\":1,\"name\":\"Page d'accueil\",\"item\":\"https:\\\/\\\/www.versiegelung24.com\\\/fr\\\/front\\\/\"},{\"@type\":\"ListItem\",\"position\":2,\"name\":\"Boutique\",\"item\":\"https:\\\/\\\/www.versiegelung24.com\\\/fr\\\/boutique-2\\\/\"},{\"@type\":\"ListItem\",\"position\":3,\"name\":\"Etanch\u00e9it\u00e9 universelle 691 pour surfaces &#8220;douces&#8221; \\\/ absorbantes (textile +++, bois ++, pierre ++)\"}]},{\"@type\":\"WebSite\",\"@id\":\"https:\\\/\\\/www.versiegelung24.com\\\/fr\\\/#website\",\"url\":\"https:\\\/\\\/www.versiegelung24.com\\\/fr\\\/\",\"name\":\"versiegelung24.com\",\"description\":\"Fl\u00fcssigglas-Versiegelung - Made in Germany\",\"publisher\":{\"@id\":\"https:\\\/\\\/www.versiegelung24.com\\\/fr\\\/#organization\"},\"potentialAction\":[{\"@type\":\"SearchAction\",\"target\":{\"@type\":\"EntryPoint\",\"urlTemplate\":\"https:\\\/\\\/www.versiegelung24.com\\\/fr\\\/?s={search_term_string}\"},\"query-input\":{\"@type\":\"PropertyValueSpecification\",\"valueRequired\":true,\"valueName\":\"search_term_string\"}}],\"inLanguage\":\"fr-FR\"},{\"@type\":\"Organization\",\"@id\":\"https:\\\/\\\/www.versiegelung24.com\\\/fr\\\/#organization\",\"name\":\"versiegelung24\",\"url\":\"https:\\\/\\\/www.versiegelung24.com\\\/fr\\\/\",\"logo\":{\"@type\":\"ImageObject\",\"inLanguage\":\"fr-FR\",\"@id\":\"https:\\\/\\\/www.versiegelung24.com\\\/fr\\\/#\\\/schema\\\/logo\\\/image\\\/\",\"url\":\"https:\\\/\\\/www.versiegelung24.com\\\/wp-content\\\/uploads\\\/2020\\\/04\\\/versiegelung24.png\",\"contentUrl\":\"https:\\\/\\\/www.versiegelung24.com\\\/wp-content\\\/uploads\\\/2020\\\/04\\\/versiegelung24.png\",\"width\":470,\"height\":102,\"caption\":\"versiegelung24\"},\"image\":{\"@id\":\"https:\\\/\\\/www.versiegelung24.com\\\/fr\\\/#\\\/schema\\\/logo\\\/image\\\/\"}}]}<\/script>\n<meta property=\"product:price:amount\" content=\"74.99\" \/>\n<meta property=\"product:price:currency\" content=\"EUR\" \/>\n<meta property=\"og:availability\" content=\"instock\" \/>\n<meta property=\"product:availability\" content=\"instock\" \/>\n<meta property=\"product:retailer_item_id\" content=\"4006-691-1000\" \/>\n<meta property=\"product:condition\" content=\"new\" \/>\n<!-- \/ Yoast SEO Premium plugin. -->","yoast_head_json":{"title":"Etanch\u00e9it\u00e9 universelle 691 pour surfaces \"douces\" \/ absorbantes (textile +++, bois ++, pierre ++) - versiegelung24.com","robots":{"index":"index","follow":"follow","max-snippet":"max-snippet:-1","max-image-preview":"max-image-preview:large","max-video-preview":"max-video-preview:-1"},"canonical":"https:\/\/www.versiegelung24.com\/fr\/joint-universel-691-pour-surfaces-douces-absorbantes-textile-bois-pierre.html","og_locale":"fr_FR","og_type":"article","og_title":"Etanch\u00e9it\u00e9 universelle 691 pour surfaces \"douces\" \/ absorbantes (textile +++, bois ++, pierre ++)","og_description":"Joint universel professionnel tr\u00e8s efficace pour surfaces absorbantes \/ \u00ab douces \u00bb : \u2713 Textiles \u2713 Pierre \u2713 bois \u2713 Avec effet facile \u00e0 nettoyer","og_url":"https:\/\/www.versiegelung24.com\/fr\/joint-universel-691-pour-surfaces-douces-absorbantes-textile-bois-pierre.html","og_site_name":"versiegelung24.com","article_modified_time":"2025-01-03T23:13:51+00:00","og_image":[{"width":2560,"height":2560,"url":"https:\/\/www.versiegelung24.com\/wp-content\/uploads\/2020\/06\/produkt-4006-691-1000-Universalversiegelung-691-scaled.jpg","type":"image\/jpeg"}],"twitter_card":"summary_large_image","twitter_misc":{"Prix":"74,99&euro;","Disponibilit\u00e9":"En stock"},"schema":{"@context":"https:\/\/schema.org","@graph":[{"@type":"WebPage","@id":"https:\/\/www.versiegelung24.com\/fr\/joint-universel-691-pour-surfaces-douces-absorbantes-textile-bois-pierre.html","url":"https:\/\/www.versiegelung24.com\/fr\/joint-universel-691-pour-surfaces-douces-absorbantes-textile-bois-pierre.html","name":"Etanch\u00e9it\u00e9 universelle 691 pour surfaces \"douces\" \/ absorbantes (textile +++, bois ++, pierre ++) - versiegelung24.com","isPartOf":{"@id":"https:\/\/www.versiegelung24.com\/fr\/#website"},"primaryImageOfPage":{"@id":"https:\/\/www.versiegelung24.com\/fr\/joint-universel-691-pour-surfaces-douces-absorbantes-textile-bois-pierre.html#primaryimage"},"image":{"@id":"https:\/\/www.versiegelung24.com\/fr\/joint-universel-691-pour-surfaces-douces-absorbantes-textile-bois-pierre.html#primaryimage"},"thumbnailUrl":"https:\/\/www.versiegelung24.com\/wp-content\/uploads\/2020\/06\/produkt-4006-691-1000-Universalversiegelung-691-scaled.jpg","datePublished":"2021-08-02T19:52:16+00:00","dateModified":"2025-01-03T23:13:51+00:00","breadcrumb":{"@id":"https:\/\/www.versiegelung24.com\/fr\/joint-universel-691-pour-surfaces-douces-absorbantes-textile-bois-pierre.html#breadcrumb"},"inLanguage":"fr-FR","potentialAction":[{"@type":"ReadAction","target":["https:\/\/www.versiegelung24.com\/fr\/joint-universel-691-pour-surfaces-douces-absorbantes-textile-bois-pierre.html"]}]},{"@type":"ImageObject","inLanguage":"fr-FR","@id":"https:\/\/www.versiegelung24.com\/fr\/joint-universel-691-pour-surfaces-douces-absorbantes-textile-bois-pierre.html#primaryimage","url":"https:\/\/www.versiegelung24.com\/wp-content\/uploads\/2020\/06\/produkt-4006-691-1000-Universalversiegelung-691-scaled.jpg","contentUrl":"https:\/\/www.versiegelung24.com\/wp-content\/uploads\/2020\/06\/produkt-4006-691-1000-Universalversiegelung-691-scaled.jpg","width":2560,"height":2560},{"@type":"BreadcrumbList","@id":"https:\/\/www.versiegelung24.com\/fr\/joint-universel-691-pour-surfaces-douces-absorbantes-textile-bois-pierre.html#breadcrumb","itemListElement":[{"@type":"ListItem","position":1,"name":"Page d'accueil","item":"https:\/\/www.versiegelung24.com\/fr\/front\/"},{"@type":"ListItem","position":2,"name":"Boutique","item":"https:\/\/www.versiegelung24.com\/fr\/boutique-2\/"},{"@type":"ListItem","position":3,"name":"Etanch\u00e9it\u00e9 universelle 691 pour surfaces &#8220;douces&#8221; \/ absorbantes (textile +++, bois ++, pierre ++)"}]},{"@type":"WebSite","@id":"https:\/\/www.versiegelung24.com\/fr\/#website","url":"https:\/\/www.versiegelung24.com\/fr\/","name":"versiegelung24.com","description":"Fl\u00fcssigglas-Versiegelung - Made in Germany","publisher":{"@id":"https:\/\/www.versiegelung24.com\/fr\/#organization"},"potentialAction":[{"@type":"SearchAction","target":{"@type":"EntryPoint","urlTemplate":"https:\/\/www.versiegelung24.com\/fr\/?s={search_term_string}"},"query-input":{"@type":"PropertyValueSpecification","valueRequired":true,"valueName":"search_term_string"}}],"inLanguage":"fr-FR"},{"@type":"Organization","@id":"https:\/\/www.versiegelung24.com\/fr\/#organization","name":"versiegelung24","url":"https:\/\/www.versiegelung24.com\/fr\/","logo":{"@type":"ImageObject","inLanguage":"fr-FR","@id":"https:\/\/www.versiegelung24.com\/fr\/#\/schema\/logo\/image\/","url":"https:\/\/www.versiegelung24.com\/wp-content\/uploads\/2020\/04\/versiegelung24.png","contentUrl":"https:\/\/www.versiegelung24.com\/wp-content\/uploads\/2020\/04\/versiegelung24.png","width":470,"height":102,"caption":"versiegelung24"},"image":{"@id":"https:\/\/www.versiegelung24.com\/fr\/#\/schema\/logo\/image\/"}}]},"product_price_amount":"74.99","product_price_currency":"EUR","og_availability":"instock","product_availability":"instock","product_retailer_item_id":"4006-691-1000","product_condition":"new"},"_links":{"self":[{"href":"https:\/\/www.versiegelung24.com\/fr\/wp-json\/wp\/v2\/product\/23647","targetHints":{"allow":["GET"]}}],"collection":[{"href":"https:\/\/www.versiegelung24.com\/fr\/wp-json\/wp\/v2\/product"}],"about":[{"href":"https:\/\/www.versiegelung24.com\/fr\/wp-json\/wp\/v2\/types\/product"}],"version-history":[{"count":16,"href":"https:\/\/www.versiegelung24.com\/fr\/wp-json\/wp\/v2\/product\/23647\/revisions"}],"predecessor-version":[{"id":177902,"href":"https:\/\/www.versiegelung24.com\/fr\/wp-json\/wp\/v2\/product\/23647\/revisions\/177902"}],"wp:featuredmedia":[{"embeddable":true,"href":"https:\/\/www.versiegelung24.com\/fr\/wp-json\/wp\/v2\/media\/18286"}],"wp:attachment":[{"href":"https:\/\/www.versiegelung24.com\/fr\/wp-json\/wp\/v2\/media?parent=23647"}],"wp:term":[{"taxonomy":"product_brand","embeddable":true,"href":"https:\/\/www.versiegelung24.com\/fr\/wp-json\/wp\/v2\/product_brand?post=23647"},{"taxonomy":"product_cat","embeddable":true,"href":"https:\/\/www.versiegelung24.com\/fr\/wp-json\/wp\/v2\/product_cat?post=23647"},{"taxonomy":"product_tag","embeddable":true,"href":"https:\/\/www.versiegelung24.com\/fr\/wp-json\/wp\/v2\/product_tag?post=23647"}],"curies":[{"name":"wp","href":"https:\/\/api.w.org\/{rel}","templated":true}]}}