{"id":23696,"date":"2020-04-29T20:57:10","date_gmt":"2020-04-29T18:57:10","guid":{"rendered":"https:\/\/www.versiegelung24.com\/produkt\/motif-scellage-de-verre-automatique"},"modified":"2025-01-05T15:41:45","modified_gmt":"2025-01-05T14:41:45","slug":"echantillon-de-scellement-de-verre-de-voiture","status":"publish","type":"product","link":"https:\/\/www.versiegelung24.com\/fr\/echantillon-de-scellement-de-verre-de-voiture.html","title":{"rendered":"\u00c9chantillon : Scellement de verre automobile de qualit\u00e9 professionnelle &#8211; 1002-7601"},"content":{"rendered":"<p>\u00c9chantillon de 10 ml de notre<a href=\"https:\/\/www.versiegelung24.com\/auto-glas-versiegelung-2065.html\">vitrificateur automobile<\/a>&nbsp;<a href=\"https:\/\/www.versiegelung24.com\/auto-glas-versiegelung-2065.html\">&nbsp; pour une application test ou pour sceller de petites surfaces.<\/a><\/p>\n","protected":false},"excerpt":{"rendered":"<p><strong>\u00c9tanch\u00e9it\u00e9 tr\u00e8s efficace pour les vitres de voiture et les caravanes :<\/strong><\/p>\n<p>\u2713 Qualit\u00e9 professionnelle <\/p>\n<p>\u2713 Passez l&#8217;hiver presque sans rayures<\/p>\n<p>\u2713 Visibilit\u00e9 nettement am\u00e9lior\u00e9e par mauvais temps<\/p>\n<p>\u2713 \u00c0 partir d&#8217;environ 70 km\/h, la pluie tombe pendant la conduite m\u00eame sans essuie-glaces et garantit une vue d\u00e9gag\u00e9e<\/p>\n","protected":false},"featured_media":14609,"template":"","meta":{"_acf_changed":false,"neve_meta_sidebar":"","neve_meta_container":"","neve_meta_enable_content_width":"","neve_meta_content_width":0,"neve_meta_title_alignment":"","neve_meta_author_avatar":"","neve_post_elements_order":"","neve_meta_disable_header":"","neve_meta_disable_footer":"","neve_meta_disable_title":"","neve_meta_reading_time":"","_surfaces":[],"_ver_product_tabs":[],"footnotes":""},"product_brand":[],"product_cat":[2647],"product_tag":[],"class_list":{"0":"post-23696","1":"product","2":"type-product","3":"status-publish","4":"has-post-thumbnail","6":"product_cat-modele","7":"pa_gebinde-flacon-de-10-ml","9":"first","10":"instock","11":"sold-individually","12":"taxable","13":"shipping-taxable","14":"purchasable","15":"product-type-variable","16":"has-default-attributes"},"acf":[],"yoast_head":"<!-- This site is optimized with the Yoast SEO Premium plugin v22.8 (Yoast SEO v27.3) - https:\/\/yoast.com\/product\/yoast-seo-premium-wordpress\/ -->\n<title>\u00c9chantillon : Scellement de verre automobile de qualit\u00e9 professionnelle - 1002-7601 - versiegelung24.com<\/title>\n<meta name=\"robots\" content=\"index, follow, max-snippet:-1, max-image-preview:large, max-video-preview:-1\" \/>\n<link rel=\"canonical\" href=\"https:\/\/www.versiegelung24.com\/fr\/echantillon-de-scellement-de-verre-de-voiture.html\" \/>\n<meta property=\"og:locale\" content=\"fr_FR\" \/>\n<meta property=\"og:type\" content=\"article\" \/>\n<meta property=\"og:title\" content=\"\u00c9chantillon : Scellement de verre automobile de qualit\u00e9 professionnelle - 1002-7601\" \/>\n<meta property=\"og:description\" content=\"\u00c9tanch\u00e9it\u00e9 tr\u00e8s efficace pour les vitres de voiture et les caravanes : \u2713 Qualit\u00e9 professionnelle \u2713 Passez l&#039;hiver presque sans rayures \u2713 Visibilit\u00e9 nettement am\u00e9lior\u00e9e par mauvais temps \u2713 \u00c0 partir d&#039;environ 70 km\/h, la pluie tombe pendant la conduite m\u00eame sans essuie-glaces et garantit une vue d\u00e9gag\u00e9e\" \/>\n<meta property=\"og:url\" content=\"https:\/\/www.versiegelung24.com\/fr\/echantillon-de-scellement-de-verre-de-voiture.html\" \/>\n<meta property=\"og:site_name\" content=\"versiegelung24.com\" \/>\n<meta property=\"article:modified_time\" content=\"2025-01-05T14:41:45+00:00\" \/>\n<meta property=\"og:image\" content=\"https:\/\/www.versiegelung24.com\/wp-content\/uploads\/2020\/04\/versiegelung-muster.png\" \/>\n\t<meta property=\"og:image:width\" content=\"1000\" \/>\n\t<meta property=\"og:image:height\" content=\"1000\" \/>\n\t<meta property=\"og:image:type\" content=\"image\/png\" \/>\n<meta name=\"twitter:card\" content=\"summary_large_image\" \/>\n<meta name=\"twitter:label1\" content=\"Disponibilit\u00e9\" \/>\n\t<meta name=\"twitter:data1\" content=\"En stock\" \/>\n<script type=\"application\/ld+json\" class=\"yoast-schema-graph\">{\"@context\":\"https:\\\/\\\/schema.org\",\"@graph\":[{\"@type\":\"WebPage\",\"@id\":\"https:\\\/\\\/www.versiegelung24.com\\\/fr\\\/echantillon-de-scellement-de-verre-de-voiture.html\",\"url\":\"https:\\\/\\\/www.versiegelung24.com\\\/fr\\\/echantillon-de-scellement-de-verre-de-voiture.html\",\"name\":\"\u00c9chantillon : Scellement de verre automobile de qualit\u00e9 professionnelle - 1002-7601 - versiegelung24.com\",\"isPartOf\":{\"@id\":\"https:\\\/\\\/www.versiegelung24.com\\\/fr\\\/#website\"},\"primaryImageOfPage\":{\"@id\":\"https:\\\/\\\/www.versiegelung24.com\\\/fr\\\/echantillon-de-scellement-de-verre-de-voiture.html#primaryimage\"},\"image\":{\"@id\":\"https:\\\/\\\/www.versiegelung24.com\\\/fr\\\/echantillon-de-scellement-de-verre-de-voiture.html#primaryimage\"},\"thumbnailUrl\":\"https:\\\/\\\/www.versiegelung24.com\\\/wp-content\\\/uploads\\\/2020\\\/04\\\/versiegelung-muster.png\",\"datePublished\":\"2020-04-29T18:57:10+00:00\",\"dateModified\":\"2025-01-05T14:41:45+00:00\",\"breadcrumb\":{\"@id\":\"https:\\\/\\\/www.versiegelung24.com\\\/fr\\\/echantillon-de-scellement-de-verre-de-voiture.html#breadcrumb\"},\"inLanguage\":\"fr-FR\",\"potentialAction\":[{\"@type\":\"ReadAction\",\"target\":[\"https:\\\/\\\/www.versiegelung24.com\\\/fr\\\/echantillon-de-scellement-de-verre-de-voiture.html\"]}]},{\"@type\":\"ImageObject\",\"inLanguage\":\"fr-FR\",\"@id\":\"https:\\\/\\\/www.versiegelung24.com\\\/fr\\\/echantillon-de-scellement-de-verre-de-voiture.html#primaryimage\",\"url\":\"https:\\\/\\\/www.versiegelung24.com\\\/wp-content\\\/uploads\\\/2020\\\/04\\\/versiegelung-muster.png\",\"contentUrl\":\"https:\\\/\\\/www.versiegelung24.com\\\/wp-content\\\/uploads\\\/2020\\\/04\\\/versiegelung-muster.png\",\"width\":1000,\"height\":1000},{\"@type\":\"BreadcrumbList\",\"@id\":\"https:\\\/\\\/www.versiegelung24.com\\\/fr\\\/echantillon-de-scellement-de-verre-de-voiture.html#breadcrumb\",\"itemListElement\":[{\"@type\":\"ListItem\",\"position\":1,\"name\":\"Page d'accueil\",\"item\":\"https:\\\/\\\/www.versiegelung24.com\\\/fr\\\/front\\\/\"},{\"@type\":\"ListItem\",\"position\":2,\"name\":\"Boutique\",\"item\":\"https:\\\/\\\/www.versiegelung24.com\\\/fr\\\/boutique-2\\\/\"},{\"@type\":\"ListItem\",\"position\":3,\"name\":\"\u00c9chantillon : Scellement de verre automobile de qualit\u00e9 professionnelle &#8211; 1002-7601\"}]},{\"@type\":\"WebSite\",\"@id\":\"https:\\\/\\\/www.versiegelung24.com\\\/fr\\\/#website\",\"url\":\"https:\\\/\\\/www.versiegelung24.com\\\/fr\\\/\",\"name\":\"versiegelung24.com\",\"description\":\"Fl\u00fcssigglas-Versiegelung - Made in Germany\",\"publisher\":{\"@id\":\"https:\\\/\\\/www.versiegelung24.com\\\/fr\\\/#organization\"},\"potentialAction\":[{\"@type\":\"SearchAction\",\"target\":{\"@type\":\"EntryPoint\",\"urlTemplate\":\"https:\\\/\\\/www.versiegelung24.com\\\/fr\\\/?s={search_term_string}\"},\"query-input\":{\"@type\":\"PropertyValueSpecification\",\"valueRequired\":true,\"valueName\":\"search_term_string\"}}],\"inLanguage\":\"fr-FR\"},{\"@type\":\"Organization\",\"@id\":\"https:\\\/\\\/www.versiegelung24.com\\\/fr\\\/#organization\",\"name\":\"versiegelung24\",\"url\":\"https:\\\/\\\/www.versiegelung24.com\\\/fr\\\/\",\"logo\":{\"@type\":\"ImageObject\",\"inLanguage\":\"fr-FR\",\"@id\":\"https:\\\/\\\/www.versiegelung24.com\\\/fr\\\/#\\\/schema\\\/logo\\\/image\\\/\",\"url\":\"https:\\\/\\\/www.versiegelung24.com\\\/wp-content\\\/uploads\\\/2020\\\/04\\\/versiegelung24.png\",\"contentUrl\":\"https:\\\/\\\/www.versiegelung24.com\\\/wp-content\\\/uploads\\\/2020\\\/04\\\/versiegelung24.png\",\"width\":470,\"height\":102,\"caption\":\"versiegelung24\"},\"image\":{\"@id\":\"https:\\\/\\\/www.versiegelung24.com\\\/fr\\\/#\\\/schema\\\/logo\\\/image\\\/\"}}]}<\/script>\n<meta property=\"og:availability\" content=\"instock\" \/>\n<meta property=\"product:availability\" content=\"instock\" \/>\n<meta property=\"product:retailer_item_id\" content=\"1002-7601-muster\" \/>\n<meta property=\"product:condition\" content=\"new\" \/>\n<!-- \/ Yoast SEO Premium plugin. -->","yoast_head_json":{"title":"\u00c9chantillon : Scellement de verre automobile de qualit\u00e9 professionnelle - 1002-7601 - versiegelung24.com","robots":{"index":"index","follow":"follow","max-snippet":"max-snippet:-1","max-image-preview":"max-image-preview:large","max-video-preview":"max-video-preview:-1"},"canonical":"https:\/\/www.versiegelung24.com\/fr\/echantillon-de-scellement-de-verre-de-voiture.html","og_locale":"fr_FR","og_type":"article","og_title":"\u00c9chantillon : Scellement de verre automobile de qualit\u00e9 professionnelle - 1002-7601","og_description":"\u00c9tanch\u00e9it\u00e9 tr\u00e8s efficace pour les vitres de voiture et les caravanes : \u2713 Qualit\u00e9 professionnelle \u2713 Passez l'hiver presque sans rayures \u2713 Visibilit\u00e9 nettement am\u00e9lior\u00e9e par mauvais temps \u2713 \u00c0 partir d'environ 70 km\/h, la pluie tombe pendant la conduite m\u00eame sans essuie-glaces et garantit une vue d\u00e9gag\u00e9e","og_url":"https:\/\/www.versiegelung24.com\/fr\/echantillon-de-scellement-de-verre-de-voiture.html","og_site_name":"versiegelung24.com","article_modified_time":"2025-01-05T14:41:45+00:00","og_image":[{"width":1000,"height":1000,"url":"https:\/\/www.versiegelung24.com\/wp-content\/uploads\/2020\/04\/versiegelung-muster.png","type":"image\/png"}],"twitter_card":"summary_large_image","twitter_misc":{"Disponibilit\u00e9":"En stock"},"schema":{"@context":"https:\/\/schema.org","@graph":[{"@type":"WebPage","@id":"https:\/\/www.versiegelung24.com\/fr\/echantillon-de-scellement-de-verre-de-voiture.html","url":"https:\/\/www.versiegelung24.com\/fr\/echantillon-de-scellement-de-verre-de-voiture.html","name":"\u00c9chantillon : Scellement de verre automobile de qualit\u00e9 professionnelle - 1002-7601 - versiegelung24.com","isPartOf":{"@id":"https:\/\/www.versiegelung24.com\/fr\/#website"},"primaryImageOfPage":{"@id":"https:\/\/www.versiegelung24.com\/fr\/echantillon-de-scellement-de-verre-de-voiture.html#primaryimage"},"image":{"@id":"https:\/\/www.versiegelung24.com\/fr\/echantillon-de-scellement-de-verre-de-voiture.html#primaryimage"},"thumbnailUrl":"https:\/\/www.versiegelung24.com\/wp-content\/uploads\/2020\/04\/versiegelung-muster.png","datePublished":"2020-04-29T18:57:10+00:00","dateModified":"2025-01-05T14:41:45+00:00","breadcrumb":{"@id":"https:\/\/www.versiegelung24.com\/fr\/echantillon-de-scellement-de-verre-de-voiture.html#breadcrumb"},"inLanguage":"fr-FR","potentialAction":[{"@type":"ReadAction","target":["https:\/\/www.versiegelung24.com\/fr\/echantillon-de-scellement-de-verre-de-voiture.html"]}]},{"@type":"ImageObject","inLanguage":"fr-FR","@id":"https:\/\/www.versiegelung24.com\/fr\/echantillon-de-scellement-de-verre-de-voiture.html#primaryimage","url":"https:\/\/www.versiegelung24.com\/wp-content\/uploads\/2020\/04\/versiegelung-muster.png","contentUrl":"https:\/\/www.versiegelung24.com\/wp-content\/uploads\/2020\/04\/versiegelung-muster.png","width":1000,"height":1000},{"@type":"BreadcrumbList","@id":"https:\/\/www.versiegelung24.com\/fr\/echantillon-de-scellement-de-verre-de-voiture.html#breadcrumb","itemListElement":[{"@type":"ListItem","position":1,"name":"Page d'accueil","item":"https:\/\/www.versiegelung24.com\/fr\/front\/"},{"@type":"ListItem","position":2,"name":"Boutique","item":"https:\/\/www.versiegelung24.com\/fr\/boutique-2\/"},{"@type":"ListItem","position":3,"name":"\u00c9chantillon : Scellement de verre automobile de qualit\u00e9 professionnelle &#8211; 1002-7601"}]},{"@type":"WebSite","@id":"https:\/\/www.versiegelung24.com\/fr\/#website","url":"https:\/\/www.versiegelung24.com\/fr\/","name":"versiegelung24.com","description":"Fl\u00fcssigglas-Versiegelung - Made in Germany","publisher":{"@id":"https:\/\/www.versiegelung24.com\/fr\/#organization"},"potentialAction":[{"@type":"SearchAction","target":{"@type":"EntryPoint","urlTemplate":"https:\/\/www.versiegelung24.com\/fr\/?s={search_term_string}"},"query-input":{"@type":"PropertyValueSpecification","valueRequired":true,"valueName":"search_term_string"}}],"inLanguage":"fr-FR"},{"@type":"Organization","@id":"https:\/\/www.versiegelung24.com\/fr\/#organization","name":"versiegelung24","url":"https:\/\/www.versiegelung24.com\/fr\/","logo":{"@type":"ImageObject","inLanguage":"fr-FR","@id":"https:\/\/www.versiegelung24.com\/fr\/#\/schema\/logo\/image\/","url":"https:\/\/www.versiegelung24.com\/wp-content\/uploads\/2020\/04\/versiegelung24.png","contentUrl":"https:\/\/www.versiegelung24.com\/wp-content\/uploads\/2020\/04\/versiegelung24.png","width":470,"height":102,"caption":"versiegelung24"},"image":{"@id":"https:\/\/www.versiegelung24.com\/fr\/#\/schema\/logo\/image\/"}}]},"og_availability":"instock","product_availability":"instock","product_retailer_item_id":"1002-7601-muster","product_condition":"new"},"_links":{"self":[{"href":"https:\/\/www.versiegelung24.com\/fr\/wp-json\/wp\/v2\/product\/23696","targetHints":{"allow":["GET"]}}],"collection":[{"href":"https:\/\/www.versiegelung24.com\/fr\/wp-json\/wp\/v2\/product"}],"about":[{"href":"https:\/\/www.versiegelung24.com\/fr\/wp-json\/wp\/v2\/types\/product"}],"version-history":[{"count":4,"href":"https:\/\/www.versiegelung24.com\/fr\/wp-json\/wp\/v2\/product\/23696\/revisions"}],"predecessor-version":[{"id":178294,"href":"https:\/\/www.versiegelung24.com\/fr\/wp-json\/wp\/v2\/product\/23696\/revisions\/178294"}],"wp:featuredmedia":[{"embeddable":true,"href":"https:\/\/www.versiegelung24.com\/fr\/wp-json\/wp\/v2\/media\/14609"}],"wp:attachment":[{"href":"https:\/\/www.versiegelung24.com\/fr\/wp-json\/wp\/v2\/media?parent=23696"}],"wp:term":[{"taxonomy":"product_brand","embeddable":true,"href":"https:\/\/www.versiegelung24.com\/fr\/wp-json\/wp\/v2\/product_brand?post=23696"},{"taxonomy":"product_cat","embeddable":true,"href":"https:\/\/www.versiegelung24.com\/fr\/wp-json\/wp\/v2\/product_cat?post=23696"},{"taxonomy":"product_tag","embeddable":true,"href":"https:\/\/www.versiegelung24.com\/fr\/wp-json\/wp\/v2\/product_tag?post=23696"}],"curies":[{"name":"wp","href":"https:\/\/api.w.org\/{rel}","templated":true}]}}