{"id":23735,"date":"2020-04-04T18:53:45","date_gmt":"2021-08-02T19:59:06","guid":{"rendered":"https:\/\/www.versiegelung24.com\/produkt\/nettoyant-inox-blu1000-pour-le-nettoyage-et-la-preparation-professionnels-des-surfaces-en-inox"},"modified":"2025-03-20T10:01:15","modified_gmt":"2025-03-20T09:01:15","slug":"nettoyant-inox-blu1000-pour-nettoyage-et-preparation-professionnel-des-surfaces-inox","status":"publish","type":"product","link":"https:\/\/www.versiegelung24.com\/fr\/nettoyant-inox-blu1000-pour-nettoyage-et-preparation-professionnel-des-surfaces-inox.html","title":{"rendered":"Nettoyant inox BLU1000 &#8211; pour le nettoyage et la pr\u00e9paration professionnels des surfaces en inox"},"content":{"rendered":"\n<p><strong>Nettoyant sp\u00e9cial inox BLU1000<\/strong><\/p>\n\n<hr \/>\n\n<h4 class=\"wp-block-heading\" id=\"properties\">Caract\u00e9ristiques du produit<\/h4>\n\n<p>Le produit contient des additifs de nettoyage hautement actifs et des additifs pour reconditionner les surfaces en acier inoxydable les plus sales, endommag\u00e9es, corrod\u00e9es et inesth\u00e9tiques. Le r\u00e9sultat est une bonne surface optique \u00e0 haute brillance.<\/p>\n\n<p>Contenu de l&#8217;emballage :<br \/>1 x bouteille d&#8217;un litre<br \/>1 x description du produit<\/p>\n\n<hr \/>\n\n<h4 class=\"wp-block-heading\" id=\"application\">Application<\/h4>\n\n<p>Surfaces int\u00e9rieures et ext\u00e9rieures en acier inoxydable, rev\u00eatements (m\u00e9talliques, organiques, inorganiques) dans l&#8217;industrie, l&#8217;artisanat, le luxe et l&#8217;agroalimentaire, les espaces communs (ex. piscines, cliniques) et dans la maison.<\/p>\n\n<p>Le nettoyant sp\u00e9cial acier inoxydable BLU1000 est utilis\u00e9 comme nettoyant sp\u00e9cial pour les salissures les plus lourdes, les d\u00e9p\u00f4ts et la corrosion sur les conteneurs, les syst\u00e8mes de brasserie, les escaliers, les mains courantes, les balustrades, les piscines, les fa\u00e7ades en acier, les meubles en acier et bien plus encore. utilis\u00e9.<\/p>\n\n<p>BLU1000 est un nettoyant sp\u00e9cial pour l&#8217;acier inoxydable, mais peut \u00e9galement \u00eatre utilis\u00e9 sur d&#8217;autres surfaces. Ici, cependant, veuillez d&#8217;abord tester dans un endroit discret.<\/p>\n\n<p><strong>Consommation<\/strong>:<br \/>0,5 &#8211; 1 kg pour 10 m\u00b2.<\/p>\n\n<p>Toutes les informations sont sans engagement. Produit Doit \u00eatre test\u00e9 avant utilisation.<br \/>Sous r\u00e9serve de modifications techniques.<\/p>\n","protected":false},"excerpt":{"rendered":"<p><strong>Le produit contient :<\/strong><\/p>\n<p>\u2713 Agents de nettoyage et additifs hautement actifs pour \u00e9liminer les salissures les plus importantes, les surfaces en acier inoxydable endommag\u00e9es, corrod\u00e9es et disgracieuses.<\/p>\n<p>\u2713 Une bonne surface optique \u00e0 brillante est cr\u00e9\u00e9e.<\/p>\n","protected":false},"featured_media":13209,"template":"","meta":{"_acf_changed":false,"neve_meta_sidebar":"","neve_meta_container":"","neve_meta_enable_content_width":"","neve_meta_content_width":0,"neve_meta_title_alignment":"","neve_meta_author_avatar":"","neve_post_elements_order":"","neve_meta_disable_header":"","neve_meta_disable_footer":"","neve_meta_disable_title":"","neve_meta_reading_time":"","_surfaces":[],"_ver_product_tabs":[],"footnotes":""},"product_brand":[],"product_cat":[2291,2296,2679,2190],"product_tag":[],"class_list":{"0":"post-23735","1":"product","2":"type-product","3":"status-publish","4":"has-post-thumbnail","6":"product_cat-etancheite-metal-plastique","7":"product_cat-les-fournitures-de-nettoyage","8":"product_cat-nettoyant-pour-acier-inoxydable","9":"product_cat-etancheite-de-voiture","11":"first","12":"instock","13":"taxable","14":"shipping-taxable","15":"purchasable","16":"product-type-simple"},"acf":[],"yoast_head":"<!-- This site is optimized with the Yoast SEO Premium plugin v22.8 (Yoast SEO v27.5) - https:\/\/yoast.com\/product\/yoast-seo-premium-wordpress\/ -->\n<title>Nettoyant inox BLU1000 - pour le nettoyage et la pr\u00e9paration professionnels des surfaces en inox - versiegelung24.com<\/title>\n<meta name=\"robots\" content=\"index, follow, max-snippet:-1, max-image-preview:large, max-video-preview:-1\" \/>\n<link rel=\"canonical\" href=\"https:\/\/www.versiegelung24.com\/fr\/nettoyant-inox-blu1000-pour-nettoyage-et-preparation-professionnel-des-surfaces-inox.html\" \/>\n<meta property=\"og:locale\" content=\"fr_FR\" \/>\n<meta property=\"og:type\" content=\"article\" \/>\n<meta property=\"og:title\" content=\"Nettoyant inox BLU1000 - pour le nettoyage et la pr\u00e9paration professionnels des surfaces en inox\" \/>\n<meta property=\"og:description\" content=\"Le produit contient : \u2713 Agents de nettoyage et additifs hautement actifs pour \u00e9liminer les salissures les plus importantes, les surfaces en acier inoxydable endommag\u00e9es, corrod\u00e9es et disgracieuses. \u2713 Une bonne surface optique \u00e0 brillante est cr\u00e9\u00e9e.\" \/>\n<meta property=\"og:url\" content=\"https:\/\/www.versiegelung24.com\/fr\/nettoyant-inox-blu1000-pour-nettoyage-et-preparation-professionnel-des-surfaces-inox.html\" \/>\n<meta property=\"og:site_name\" content=\"versiegelung24.com\" \/>\n<meta property=\"article:modified_time\" content=\"2025-03-20T09:01:15+00:00\" \/>\n<meta property=\"og:image\" content=\"https:\/\/www.versiegelung24.com\/wp-content\/uploads\/2020\/04\/produktfoto_edelstahlreiniger.jpg\" \/>\n\t<meta property=\"og:image:width\" content=\"1000\" \/>\n\t<meta property=\"og:image:height\" content=\"1000\" \/>\n\t<meta property=\"og:image:type\" content=\"image\/jpeg\" \/>\n<meta name=\"twitter:card\" content=\"summary_large_image\" \/>\n<meta name=\"twitter:label1\" content=\"Prix\" \/>\n\t<meta name=\"twitter:data1\" content=\"49,99&euro;\" \/>\n\t<meta name=\"twitter:label2\" content=\"Disponibilit\u00e9\" \/>\n\t<meta name=\"twitter:data2\" content=\"En stock\" \/>\n<script type=\"application\/ld+json\" class=\"yoast-schema-graph\">{\"@context\":\"https:\\\/\\\/schema.org\",\"@graph\":[{\"@type\":\"WebPage\",\"@id\":\"https:\\\/\\\/www.versiegelung24.com\\\/fr\\\/nettoyant-inox-blu1000-pour-nettoyage-et-preparation-professionnel-des-surfaces-inox.html\",\"url\":\"https:\\\/\\\/www.versiegelung24.com\\\/fr\\\/nettoyant-inox-blu1000-pour-nettoyage-et-preparation-professionnel-des-surfaces-inox.html\",\"name\":\"Nettoyant inox BLU1000 - pour le nettoyage et la pr\u00e9paration professionnels des surfaces en inox - versiegelung24.com\",\"isPartOf\":{\"@id\":\"https:\\\/\\\/www.versiegelung24.com\\\/fr\\\/#website\"},\"primaryImageOfPage\":{\"@id\":\"https:\\\/\\\/www.versiegelung24.com\\\/fr\\\/nettoyant-inox-blu1000-pour-nettoyage-et-preparation-professionnel-des-surfaces-inox.html#primaryimage\"},\"image\":{\"@id\":\"https:\\\/\\\/www.versiegelung24.com\\\/fr\\\/nettoyant-inox-blu1000-pour-nettoyage-et-preparation-professionnel-des-surfaces-inox.html#primaryimage\"},\"thumbnailUrl\":\"https:\\\/\\\/www.versiegelung24.com\\\/wp-content\\\/uploads\\\/2020\\\/04\\\/produktfoto_edelstahlreiniger.jpg\",\"datePublished\":\"2021-08-02T19:59:06+00:00\",\"dateModified\":\"2025-03-20T09:01:15+00:00\",\"breadcrumb\":{\"@id\":\"https:\\\/\\\/www.versiegelung24.com\\\/fr\\\/nettoyant-inox-blu1000-pour-nettoyage-et-preparation-professionnel-des-surfaces-inox.html#breadcrumb\"},\"inLanguage\":\"fr-FR\",\"potentialAction\":[{\"@type\":\"ReadAction\",\"target\":[\"https:\\\/\\\/www.versiegelung24.com\\\/fr\\\/nettoyant-inox-blu1000-pour-nettoyage-et-preparation-professionnel-des-surfaces-inox.html\"]}]},{\"@type\":\"ImageObject\",\"inLanguage\":\"fr-FR\",\"@id\":\"https:\\\/\\\/www.versiegelung24.com\\\/fr\\\/nettoyant-inox-blu1000-pour-nettoyage-et-preparation-professionnel-des-surfaces-inox.html#primaryimage\",\"url\":\"https:\\\/\\\/www.versiegelung24.com\\\/wp-content\\\/uploads\\\/2020\\\/04\\\/produktfoto_edelstahlreiniger.jpg\",\"contentUrl\":\"https:\\\/\\\/www.versiegelung24.com\\\/wp-content\\\/uploads\\\/2020\\\/04\\\/produktfoto_edelstahlreiniger.jpg\",\"width\":1000,\"height\":1000},{\"@type\":\"BreadcrumbList\",\"@id\":\"https:\\\/\\\/www.versiegelung24.com\\\/fr\\\/nettoyant-inox-blu1000-pour-nettoyage-et-preparation-professionnel-des-surfaces-inox.html#breadcrumb\",\"itemListElement\":[{\"@type\":\"ListItem\",\"position\":1,\"name\":\"Page d'accueil\",\"item\":\"https:\\\/\\\/www.versiegelung24.com\\\/fr\\\/front\\\/\"},{\"@type\":\"ListItem\",\"position\":2,\"name\":\"Boutique\",\"item\":\"https:\\\/\\\/www.versiegelung24.com\\\/fr\\\/boutique-2\\\/\"},{\"@type\":\"ListItem\",\"position\":3,\"name\":\"Nettoyant inox BLU1000 &#8211; pour le nettoyage et la pr\u00e9paration professionnels des surfaces en inox\"}]},{\"@type\":\"WebSite\",\"@id\":\"https:\\\/\\\/www.versiegelung24.com\\\/fr\\\/#website\",\"url\":\"https:\\\/\\\/www.versiegelung24.com\\\/fr\\\/\",\"name\":\"versiegelung24.com\",\"description\":\"Fl\u00fcssigglas-Versiegelung - Made in Germany\",\"publisher\":{\"@id\":\"https:\\\/\\\/www.versiegelung24.com\\\/fr\\\/#organization\"},\"potentialAction\":[{\"@type\":\"SearchAction\",\"target\":{\"@type\":\"EntryPoint\",\"urlTemplate\":\"https:\\\/\\\/www.versiegelung24.com\\\/fr\\\/?s={search_term_string}\"},\"query-input\":{\"@type\":\"PropertyValueSpecification\",\"valueRequired\":true,\"valueName\":\"search_term_string\"}}],\"inLanguage\":\"fr-FR\"},{\"@type\":\"Organization\",\"@id\":\"https:\\\/\\\/www.versiegelung24.com\\\/fr\\\/#organization\",\"name\":\"versiegelung24\",\"url\":\"https:\\\/\\\/www.versiegelung24.com\\\/fr\\\/\",\"logo\":{\"@type\":\"ImageObject\",\"inLanguage\":\"fr-FR\",\"@id\":\"https:\\\/\\\/www.versiegelung24.com\\\/fr\\\/#\\\/schema\\\/logo\\\/image\\\/\",\"url\":\"https:\\\/\\\/www.versiegelung24.com\\\/wp-content\\\/uploads\\\/2020\\\/04\\\/versiegelung24.png\",\"contentUrl\":\"https:\\\/\\\/www.versiegelung24.com\\\/wp-content\\\/uploads\\\/2020\\\/04\\\/versiegelung24.png\",\"width\":470,\"height\":102,\"caption\":\"versiegelung24\"},\"image\":{\"@id\":\"https:\\\/\\\/www.versiegelung24.com\\\/fr\\\/#\\\/schema\\\/logo\\\/image\\\/\"}}]}<\/script>\n<meta property=\"product:price:amount\" content=\"49.99\" \/>\n<meta property=\"product:price:currency\" content=\"EUR\" \/>\n<meta property=\"og:availability\" content=\"instock\" \/>\n<meta property=\"product:availability\" content=\"instock\" \/>\n<meta property=\"product:retailer_item_id\" content=\"9001-BLU1000\" \/>\n<meta property=\"product:condition\" content=\"new\" \/>\n<!-- \/ Yoast SEO Premium plugin. -->","yoast_head_json":{"title":"Nettoyant inox BLU1000 - pour le nettoyage et la pr\u00e9paration professionnels des surfaces en inox - versiegelung24.com","robots":{"index":"index","follow":"follow","max-snippet":"max-snippet:-1","max-image-preview":"max-image-preview:large","max-video-preview":"max-video-preview:-1"},"canonical":"https:\/\/www.versiegelung24.com\/fr\/nettoyant-inox-blu1000-pour-nettoyage-et-preparation-professionnel-des-surfaces-inox.html","og_locale":"fr_FR","og_type":"article","og_title":"Nettoyant inox BLU1000 - pour le nettoyage et la pr\u00e9paration professionnels des surfaces en inox","og_description":"Le produit contient : \u2713 Agents de nettoyage et additifs hautement actifs pour \u00e9liminer les salissures les plus importantes, les surfaces en acier inoxydable endommag\u00e9es, corrod\u00e9es et disgracieuses. \u2713 Une bonne surface optique \u00e0 brillante est cr\u00e9\u00e9e.","og_url":"https:\/\/www.versiegelung24.com\/fr\/nettoyant-inox-blu1000-pour-nettoyage-et-preparation-professionnel-des-surfaces-inox.html","og_site_name":"versiegelung24.com","article_modified_time":"2025-03-20T09:01:15+00:00","og_image":[{"width":1000,"height":1000,"url":"https:\/\/www.versiegelung24.com\/wp-content\/uploads\/2020\/04\/produktfoto_edelstahlreiniger.jpg","type":"image\/jpeg"}],"twitter_card":"summary_large_image","twitter_misc":{"Prix":"49,99&euro;","Disponibilit\u00e9":"En stock"},"schema":{"@context":"https:\/\/schema.org","@graph":[{"@type":"WebPage","@id":"https:\/\/www.versiegelung24.com\/fr\/nettoyant-inox-blu1000-pour-nettoyage-et-preparation-professionnel-des-surfaces-inox.html","url":"https:\/\/www.versiegelung24.com\/fr\/nettoyant-inox-blu1000-pour-nettoyage-et-preparation-professionnel-des-surfaces-inox.html","name":"Nettoyant inox BLU1000 - pour le nettoyage et la pr\u00e9paration professionnels des surfaces en inox - versiegelung24.com","isPartOf":{"@id":"https:\/\/www.versiegelung24.com\/fr\/#website"},"primaryImageOfPage":{"@id":"https:\/\/www.versiegelung24.com\/fr\/nettoyant-inox-blu1000-pour-nettoyage-et-preparation-professionnel-des-surfaces-inox.html#primaryimage"},"image":{"@id":"https:\/\/www.versiegelung24.com\/fr\/nettoyant-inox-blu1000-pour-nettoyage-et-preparation-professionnel-des-surfaces-inox.html#primaryimage"},"thumbnailUrl":"https:\/\/www.versiegelung24.com\/wp-content\/uploads\/2020\/04\/produktfoto_edelstahlreiniger.jpg","datePublished":"2021-08-02T19:59:06+00:00","dateModified":"2025-03-20T09:01:15+00:00","breadcrumb":{"@id":"https:\/\/www.versiegelung24.com\/fr\/nettoyant-inox-blu1000-pour-nettoyage-et-preparation-professionnel-des-surfaces-inox.html#breadcrumb"},"inLanguage":"fr-FR","potentialAction":[{"@type":"ReadAction","target":["https:\/\/www.versiegelung24.com\/fr\/nettoyant-inox-blu1000-pour-nettoyage-et-preparation-professionnel-des-surfaces-inox.html"]}]},{"@type":"ImageObject","inLanguage":"fr-FR","@id":"https:\/\/www.versiegelung24.com\/fr\/nettoyant-inox-blu1000-pour-nettoyage-et-preparation-professionnel-des-surfaces-inox.html#primaryimage","url":"https:\/\/www.versiegelung24.com\/wp-content\/uploads\/2020\/04\/produktfoto_edelstahlreiniger.jpg","contentUrl":"https:\/\/www.versiegelung24.com\/wp-content\/uploads\/2020\/04\/produktfoto_edelstahlreiniger.jpg","width":1000,"height":1000},{"@type":"BreadcrumbList","@id":"https:\/\/www.versiegelung24.com\/fr\/nettoyant-inox-blu1000-pour-nettoyage-et-preparation-professionnel-des-surfaces-inox.html#breadcrumb","itemListElement":[{"@type":"ListItem","position":1,"name":"Page d'accueil","item":"https:\/\/www.versiegelung24.com\/fr\/front\/"},{"@type":"ListItem","position":2,"name":"Boutique","item":"https:\/\/www.versiegelung24.com\/fr\/boutique-2\/"},{"@type":"ListItem","position":3,"name":"Nettoyant inox BLU1000 &#8211; pour le nettoyage et la pr\u00e9paration professionnels des surfaces en inox"}]},{"@type":"WebSite","@id":"https:\/\/www.versiegelung24.com\/fr\/#website","url":"https:\/\/www.versiegelung24.com\/fr\/","name":"versiegelung24.com","description":"Fl\u00fcssigglas-Versiegelung - Made in Germany","publisher":{"@id":"https:\/\/www.versiegelung24.com\/fr\/#organization"},"potentialAction":[{"@type":"SearchAction","target":{"@type":"EntryPoint","urlTemplate":"https:\/\/www.versiegelung24.com\/fr\/?s={search_term_string}"},"query-input":{"@type":"PropertyValueSpecification","valueRequired":true,"valueName":"search_term_string"}}],"inLanguage":"fr-FR"},{"@type":"Organization","@id":"https:\/\/www.versiegelung24.com\/fr\/#organization","name":"versiegelung24","url":"https:\/\/www.versiegelung24.com\/fr\/","logo":{"@type":"ImageObject","inLanguage":"fr-FR","@id":"https:\/\/www.versiegelung24.com\/fr\/#\/schema\/logo\/image\/","url":"https:\/\/www.versiegelung24.com\/wp-content\/uploads\/2020\/04\/versiegelung24.png","contentUrl":"https:\/\/www.versiegelung24.com\/wp-content\/uploads\/2020\/04\/versiegelung24.png","width":470,"height":102,"caption":"versiegelung24"},"image":{"@id":"https:\/\/www.versiegelung24.com\/fr\/#\/schema\/logo\/image\/"}}]},"product_price_amount":"49.99","product_price_currency":"EUR","og_availability":"instock","product_availability":"instock","product_retailer_item_id":"9001-BLU1000","product_condition":"new"},"_links":{"self":[{"href":"https:\/\/www.versiegelung24.com\/fr\/wp-json\/wp\/v2\/product\/23735","targetHints":{"allow":["GET"]}}],"collection":[{"href":"https:\/\/www.versiegelung24.com\/fr\/wp-json\/wp\/v2\/product"}],"about":[{"href":"https:\/\/www.versiegelung24.com\/fr\/wp-json\/wp\/v2\/types\/product"}],"version-history":[{"count":16,"href":"https:\/\/www.versiegelung24.com\/fr\/wp-json\/wp\/v2\/product\/23735\/revisions"}],"predecessor-version":[{"id":181067,"href":"https:\/\/www.versiegelung24.com\/fr\/wp-json\/wp\/v2\/product\/23735\/revisions\/181067"}],"wp:featuredmedia":[{"embeddable":true,"href":"https:\/\/www.versiegelung24.com\/fr\/wp-json\/wp\/v2\/media\/13209"}],"wp:attachment":[{"href":"https:\/\/www.versiegelung24.com\/fr\/wp-json\/wp\/v2\/media?parent=23735"}],"wp:term":[{"taxonomy":"product_brand","embeddable":true,"href":"https:\/\/www.versiegelung24.com\/fr\/wp-json\/wp\/v2\/product_brand?post=23735"},{"taxonomy":"product_cat","embeddable":true,"href":"https:\/\/www.versiegelung24.com\/fr\/wp-json\/wp\/v2\/product_cat?post=23735"},{"taxonomy":"product_tag","embeddable":true,"href":"https:\/\/www.versiegelung24.com\/fr\/wp-json\/wp\/v2\/product_tag?post=23735"}],"curies":[{"name":"wp","href":"https:\/\/api.w.org\/{rel}","templated":true}]}}