{"id":23761,"date":"2020-04-04T18:53:46","date_gmt":"2021-08-02T20:04:38","guid":{"rendered":"https:\/\/www.versiegelung24.com\/produkt\/chiffon-microfibre-30x30cm-pour-pre-nettoyage-ou-polissage"},"modified":"2026-01-06T20:22:12","modified_gmt":"2026-01-06T19:22:12","slug":"chiffon-microfibre-30x30cm-pour-pre-nettoyage-ou-polissage","status":"publish","type":"product","link":"https:\/\/www.versiegelung24.com\/fr\/chiffon-microfibre-30x30cm-pour-pre-nettoyage-ou-polissage.html","title":{"rendered":"Chiffon en microfibres 30x30cm pour le pr\u00e9-nettoyage ou le polissage"},"content":{"rendered":"\n<p>Chiffon en microfibres pour le pr\u00e9-nettoyage ou le polissage final.<\/p>\n\n<p>En raison de sa grande capacit\u00e9 d&#8217;absorption, nous recommandons \u00e9galement le <a href=\"https:\/\/www.versiegelung24.com\/applikationstuch-20x20cm.html\">chiffon en microfibres pour l&#8217;application de nos vitrificateurs liquides<\/a>.<\/p>\n\n<p>Nous recommandons d&#8217;utiliser un chiffon en microfibres s\u00e9par\u00e9 pour chaque \u00e9tape de l&#8217;application de nos vitrificateurs de surface et impr\u00e9gnations.<\/p>\n\n<p>Le mat\u00e9riau est r\u00e9utilisable et donc tr\u00e8s \u00e9cologique. Facilement lavable en machine sans d\u00e9tergent.<\/p>\n\n<hr\/>\n\n<h4 class=\"wp-block-heading\" id=\"properties\">Caract\u00e9ristiques du produit<\/h4>\n\n<div class=\"wp-block-columns is-layout-flex wp-container-core-columns-is-layout-9d6595d7 wp-block-columns-is-layout-flex\">\n<div class=\"wp-block-column is-layout-flow wp-block-column-is-layout-flow\">\n<p>Composition : 80% polyester, 20% polyamide<br\/>Taille : 30x30cm<br\/>Couleur : bleu ou blanc (veuillez choisir)<\/p>\n<\/div>\n\n\n\n<div class=\"wp-block-column is-layout-flow wp-block-column-is-layout-flow\">\n<p>Qualit\u00e9 sup\u00e9rieure avec un poids sec de 280 g\/m2.<\/p>\n<\/div>\n<\/div>\n\n<hr\/>\n\n<h4 class=\"wp-block-heading\" id=\"application\">Application<\/h4>\n\n<p>Utilisable de mani\u00e8re universelle \u00e0 l&#8217;int\u00e9rieur et \u00e0 l&#8217;ext\u00e9rieur. Taille optimale pour le nettoyage du verre, de la c\u00e9ramique, des bateaux, des voitures et des camping-cars.<\/p>\n\n<p>Nettoyage ne peluchant pas, ne rayant pas et s\u00e9chant rapidement. La salet\u00e9 et les particules de poussi\u00e8re sont absorb\u00e9es pratiquement sans laisser de traces.<\/p>\n\n<hr\/>\n\n<h4 class=\"wp-block-heading\" id=\"advisor\">Guide pratique<\/h4>\n\n<p><strong>Beaucoup de nos clients pr\u00e9f\u00e8rent nos chiffons blancs en microfibres<\/strong> &#8211; Si la salet\u00e9 reste accroch\u00e9e au chiffon apr\u00e8s le nettoyage, cela signifie que la surface n&#8217;est pas encore compl\u00e8tement et parfaitement nettoy\u00e9e. Ce n&#8217;est que lorsqu&#8217;il n&#8217;y a plus de salet\u00e9 sur la surface que l&#8217;on peut obtenir un bon effet de scellement.<\/p>\n","protected":false},"excerpt":{"rendered":"<p><strong>Chiffon en microfibres pour le pr\u00e9-nettoyage ou le polissage final :<\/strong><\/p>\n<p>\u2713 R\u00e9utilisable<\/p>\n<p>\u2713 Respectueux de l&#8217;environnement<\/p>\n<p>\u2713 Extr\u00eamement absorbant<\/p>\n<p>\u2713 S\u00e9chage rapide<\/p>\n<p>\u2713 Ne peluche pas<\/p>\n<p>\u2713 Ne se raye pas<\/p>\n<p>\u2713 80% polyester \/ 20% polyamide  <\/p>\n<p>\u2713 poids sec 280g\/m2<\/p>\n","protected":false},"featured_media":16599,"template":"","meta":{"_acf_changed":false,"neve_meta_sidebar":"","neve_meta_container":"","neve_meta_enable_content_width":"","neve_meta_content_width":0,"neve_meta_title_alignment":"","neve_meta_author_avatar":"","neve_post_elements_order":"","neve_meta_disable_header":"","neve_meta_disable_footer":"","neve_meta_disable_title":"","neve_meta_reading_time":"","_surfaces":[],"_ver_product_tabs":[],"footnotes":""},"product_brand":[],"product_cat":[2349,2351,2474,2699,2160,3073,2190,2291,2296,2346],"product_tag":[],"class_list":{"0":"post-23761","1":"product","2":"type-product","3":"status-publish","4":"has-post-thumbnail","6":"product_cat-desinfectants-de-surfaces","7":"product_cat-concentres-desinfectants","8":"product_cat-joint-universel","9":"product_cat-gel-hydroalcoolique","10":"product_cat-scellage-pour-verre-et-ceramique","11":"product_cat-equipement","12":"product_cat-etancheite-de-voiture","13":"product_cat-etancheite-metal-plastique","14":"product_cat-les-fournitures-de-nettoyage","15":"product_cat-desinfectants","16":"pa_farbe-bleu","17":"pa_farbe-blanche","19":"first","20":"instock","21":"taxable","22":"shipping-taxable","23":"purchasable","24":"product-type-variable","25":"has-default-attributes"},"acf":[],"yoast_head":"<!-- This site is optimized with the Yoast SEO Premium plugin v22.8 (Yoast SEO v27.5) - https:\/\/yoast.com\/product\/yoast-seo-premium-wordpress\/ -->\n<title>Chiffon en microfibres 30x30cm pour le pr\u00e9-nettoyage ou le polissage - versiegelung24.com<\/title>\n<meta name=\"robots\" content=\"index, follow, max-snippet:-1, max-image-preview:large, max-video-preview:-1\" \/>\n<link rel=\"canonical\" href=\"https:\/\/www.versiegelung24.com\/fr\/chiffon-microfibre-30x30cm-pour-pre-nettoyage-ou-polissage.html\" \/>\n<meta property=\"og:locale\" content=\"fr_FR\" \/>\n<meta property=\"og:type\" content=\"article\" \/>\n<meta property=\"og:title\" content=\"Chiffon en microfibres 30x30cm pour le pr\u00e9-nettoyage ou le polissage\" \/>\n<meta property=\"og:description\" content=\"Chiffon en microfibres pour le pr\u00e9-nettoyage ou le polissage final : \u2713 R\u00e9utilisable \u2713 Respectueux de l&#039;environnement \u2713 Extr\u00eamement absorbant \u2713 S\u00e9chage rapide \u2713 Ne peluche pas \u2713 Ne se raye pas \u2713 80% polyester \/ 20% polyamide  \u2713 poids sec 280g\/m2\" \/>\n<meta property=\"og:url\" content=\"https:\/\/www.versiegelung24.com\/fr\/chiffon-microfibre-30x30cm-pour-pre-nettoyage-ou-polissage.html\" \/>\n<meta property=\"og:site_name\" content=\"versiegelung24.com\" \/>\n<meta property=\"article:modified_time\" content=\"2026-01-06T19:22:12+00:00\" \/>\n<meta property=\"og:image\" content=\"https:\/\/www.versiegelung24.com\/wp-content\/uploads\/2020\/06\/mikrofasertuch-weiss_2.png\" \/>\n\t<meta property=\"og:image:width\" content=\"650\" \/>\n\t<meta property=\"og:image:height\" content=\"650\" \/>\n\t<meta property=\"og:image:type\" content=\"image\/png\" \/>\n<meta name=\"twitter:card\" content=\"summary_large_image\" \/>\n<meta name=\"twitter:label1\" content=\"Disponibilit\u00e9\" \/>\n\t<meta name=\"twitter:data1\" content=\"En stock\" \/>\n<script type=\"application\/ld+json\" class=\"yoast-schema-graph\">{\"@context\":\"https:\\\/\\\/schema.org\",\"@graph\":[{\"@type\":\"WebPage\",\"@id\":\"https:\\\/\\\/www.versiegelung24.com\\\/fr\\\/chiffon-microfibre-30x30cm-pour-pre-nettoyage-ou-polissage.html\",\"url\":\"https:\\\/\\\/www.versiegelung24.com\\\/fr\\\/chiffon-microfibre-30x30cm-pour-pre-nettoyage-ou-polissage.html\",\"name\":\"Chiffon en microfibres 30x30cm pour le pr\u00e9-nettoyage ou le polissage - versiegelung24.com\",\"isPartOf\":{\"@id\":\"https:\\\/\\\/www.versiegelung24.com\\\/fr\\\/#website\"},\"primaryImageOfPage\":{\"@id\":\"https:\\\/\\\/www.versiegelung24.com\\\/fr\\\/chiffon-microfibre-30x30cm-pour-pre-nettoyage-ou-polissage.html#primaryimage\"},\"image\":{\"@id\":\"https:\\\/\\\/www.versiegelung24.com\\\/fr\\\/chiffon-microfibre-30x30cm-pour-pre-nettoyage-ou-polissage.html#primaryimage\"},\"thumbnailUrl\":\"https:\\\/\\\/www.versiegelung24.com\\\/wp-content\\\/uploads\\\/2020\\\/06\\\/mikrofasertuch-weiss_2.png\",\"datePublished\":\"2021-08-02T20:04:38+00:00\",\"dateModified\":\"2026-01-06T19:22:12+00:00\",\"breadcrumb\":{\"@id\":\"https:\\\/\\\/www.versiegelung24.com\\\/fr\\\/chiffon-microfibre-30x30cm-pour-pre-nettoyage-ou-polissage.html#breadcrumb\"},\"inLanguage\":\"fr-FR\",\"potentialAction\":[{\"@type\":\"ReadAction\",\"target\":[\"https:\\\/\\\/www.versiegelung24.com\\\/fr\\\/chiffon-microfibre-30x30cm-pour-pre-nettoyage-ou-polissage.html\"]}]},{\"@type\":\"ImageObject\",\"inLanguage\":\"fr-FR\",\"@id\":\"https:\\\/\\\/www.versiegelung24.com\\\/fr\\\/chiffon-microfibre-30x30cm-pour-pre-nettoyage-ou-polissage.html#primaryimage\",\"url\":\"https:\\\/\\\/www.versiegelung24.com\\\/wp-content\\\/uploads\\\/2020\\\/06\\\/mikrofasertuch-weiss_2.png\",\"contentUrl\":\"https:\\\/\\\/www.versiegelung24.com\\\/wp-content\\\/uploads\\\/2020\\\/06\\\/mikrofasertuch-weiss_2.png\",\"width\":650,\"height\":650},{\"@type\":\"BreadcrumbList\",\"@id\":\"https:\\\/\\\/www.versiegelung24.com\\\/fr\\\/chiffon-microfibre-30x30cm-pour-pre-nettoyage-ou-polissage.html#breadcrumb\",\"itemListElement\":[{\"@type\":\"ListItem\",\"position\":1,\"name\":\"Page d'accueil\",\"item\":\"https:\\\/\\\/www.versiegelung24.com\\\/fr\\\/front\\\/\"},{\"@type\":\"ListItem\",\"position\":2,\"name\":\"Boutique\",\"item\":\"https:\\\/\\\/www.versiegelung24.com\\\/fr\\\/boutique-2\\\/\"},{\"@type\":\"ListItem\",\"position\":3,\"name\":\"Chiffon en microfibres 30x30cm pour le pr\u00e9-nettoyage ou le polissage\"}]},{\"@type\":\"WebSite\",\"@id\":\"https:\\\/\\\/www.versiegelung24.com\\\/fr\\\/#website\",\"url\":\"https:\\\/\\\/www.versiegelung24.com\\\/fr\\\/\",\"name\":\"versiegelung24.com\",\"description\":\"Fl\u00fcssigglas-Versiegelung - Made in Germany\",\"publisher\":{\"@id\":\"https:\\\/\\\/www.versiegelung24.com\\\/fr\\\/#organization\"},\"potentialAction\":[{\"@type\":\"SearchAction\",\"target\":{\"@type\":\"EntryPoint\",\"urlTemplate\":\"https:\\\/\\\/www.versiegelung24.com\\\/fr\\\/?s={search_term_string}\"},\"query-input\":{\"@type\":\"PropertyValueSpecification\",\"valueRequired\":true,\"valueName\":\"search_term_string\"}}],\"inLanguage\":\"fr-FR\"},{\"@type\":\"Organization\",\"@id\":\"https:\\\/\\\/www.versiegelung24.com\\\/fr\\\/#organization\",\"name\":\"versiegelung24\",\"url\":\"https:\\\/\\\/www.versiegelung24.com\\\/fr\\\/\",\"logo\":{\"@type\":\"ImageObject\",\"inLanguage\":\"fr-FR\",\"@id\":\"https:\\\/\\\/www.versiegelung24.com\\\/fr\\\/#\\\/schema\\\/logo\\\/image\\\/\",\"url\":\"https:\\\/\\\/www.versiegelung24.com\\\/wp-content\\\/uploads\\\/2020\\\/04\\\/versiegelung24.png\",\"contentUrl\":\"https:\\\/\\\/www.versiegelung24.com\\\/wp-content\\\/uploads\\\/2020\\\/04\\\/versiegelung24.png\",\"width\":470,\"height\":102,\"caption\":\"versiegelung24\"},\"image\":{\"@id\":\"https:\\\/\\\/www.versiegelung24.com\\\/fr\\\/#\\\/schema\\\/logo\\\/image\\\/\"}}]}<\/script>\n<meta property=\"og:availability\" content=\"instock\" \/>\n<meta property=\"product:availability\" content=\"instock\" \/>\n<meta property=\"product:retailer_item_id\" content=\"9002-1\" \/>\n<meta property=\"product:condition\" content=\"new\" \/>\n<!-- \/ Yoast SEO Premium plugin. -->","yoast_head_json":{"title":"Chiffon en microfibres 30x30cm pour le pr\u00e9-nettoyage ou le polissage - versiegelung24.com","robots":{"index":"index","follow":"follow","max-snippet":"max-snippet:-1","max-image-preview":"max-image-preview:large","max-video-preview":"max-video-preview:-1"},"canonical":"https:\/\/www.versiegelung24.com\/fr\/chiffon-microfibre-30x30cm-pour-pre-nettoyage-ou-polissage.html","og_locale":"fr_FR","og_type":"article","og_title":"Chiffon en microfibres 30x30cm pour le pr\u00e9-nettoyage ou le polissage","og_description":"Chiffon en microfibres pour le pr\u00e9-nettoyage ou le polissage final : \u2713 R\u00e9utilisable \u2713 Respectueux de l'environnement \u2713 Extr\u00eamement absorbant \u2713 S\u00e9chage rapide \u2713 Ne peluche pas \u2713 Ne se raye pas \u2713 80% polyester \/ 20% polyamide  \u2713 poids sec 280g\/m2","og_url":"https:\/\/www.versiegelung24.com\/fr\/chiffon-microfibre-30x30cm-pour-pre-nettoyage-ou-polissage.html","og_site_name":"versiegelung24.com","article_modified_time":"2026-01-06T19:22:12+00:00","og_image":[{"width":650,"height":650,"url":"https:\/\/www.versiegelung24.com\/wp-content\/uploads\/2020\/06\/mikrofasertuch-weiss_2.png","type":"image\/png"}],"twitter_card":"summary_large_image","twitter_misc":{"Disponibilit\u00e9":"En stock"},"schema":{"@context":"https:\/\/schema.org","@graph":[{"@type":"WebPage","@id":"https:\/\/www.versiegelung24.com\/fr\/chiffon-microfibre-30x30cm-pour-pre-nettoyage-ou-polissage.html","url":"https:\/\/www.versiegelung24.com\/fr\/chiffon-microfibre-30x30cm-pour-pre-nettoyage-ou-polissage.html","name":"Chiffon en microfibres 30x30cm pour le pr\u00e9-nettoyage ou le polissage - versiegelung24.com","isPartOf":{"@id":"https:\/\/www.versiegelung24.com\/fr\/#website"},"primaryImageOfPage":{"@id":"https:\/\/www.versiegelung24.com\/fr\/chiffon-microfibre-30x30cm-pour-pre-nettoyage-ou-polissage.html#primaryimage"},"image":{"@id":"https:\/\/www.versiegelung24.com\/fr\/chiffon-microfibre-30x30cm-pour-pre-nettoyage-ou-polissage.html#primaryimage"},"thumbnailUrl":"https:\/\/www.versiegelung24.com\/wp-content\/uploads\/2020\/06\/mikrofasertuch-weiss_2.png","datePublished":"2021-08-02T20:04:38+00:00","dateModified":"2026-01-06T19:22:12+00:00","breadcrumb":{"@id":"https:\/\/www.versiegelung24.com\/fr\/chiffon-microfibre-30x30cm-pour-pre-nettoyage-ou-polissage.html#breadcrumb"},"inLanguage":"fr-FR","potentialAction":[{"@type":"ReadAction","target":["https:\/\/www.versiegelung24.com\/fr\/chiffon-microfibre-30x30cm-pour-pre-nettoyage-ou-polissage.html"]}]},{"@type":"ImageObject","inLanguage":"fr-FR","@id":"https:\/\/www.versiegelung24.com\/fr\/chiffon-microfibre-30x30cm-pour-pre-nettoyage-ou-polissage.html#primaryimage","url":"https:\/\/www.versiegelung24.com\/wp-content\/uploads\/2020\/06\/mikrofasertuch-weiss_2.png","contentUrl":"https:\/\/www.versiegelung24.com\/wp-content\/uploads\/2020\/06\/mikrofasertuch-weiss_2.png","width":650,"height":650},{"@type":"BreadcrumbList","@id":"https:\/\/www.versiegelung24.com\/fr\/chiffon-microfibre-30x30cm-pour-pre-nettoyage-ou-polissage.html#breadcrumb","itemListElement":[{"@type":"ListItem","position":1,"name":"Page d'accueil","item":"https:\/\/www.versiegelung24.com\/fr\/front\/"},{"@type":"ListItem","position":2,"name":"Boutique","item":"https:\/\/www.versiegelung24.com\/fr\/boutique-2\/"},{"@type":"ListItem","position":3,"name":"Chiffon en microfibres 30x30cm pour le pr\u00e9-nettoyage ou le polissage"}]},{"@type":"WebSite","@id":"https:\/\/www.versiegelung24.com\/fr\/#website","url":"https:\/\/www.versiegelung24.com\/fr\/","name":"versiegelung24.com","description":"Fl\u00fcssigglas-Versiegelung - Made in Germany","publisher":{"@id":"https:\/\/www.versiegelung24.com\/fr\/#organization"},"potentialAction":[{"@type":"SearchAction","target":{"@type":"EntryPoint","urlTemplate":"https:\/\/www.versiegelung24.com\/fr\/?s={search_term_string}"},"query-input":{"@type":"PropertyValueSpecification","valueRequired":true,"valueName":"search_term_string"}}],"inLanguage":"fr-FR"},{"@type":"Organization","@id":"https:\/\/www.versiegelung24.com\/fr\/#organization","name":"versiegelung24","url":"https:\/\/www.versiegelung24.com\/fr\/","logo":{"@type":"ImageObject","inLanguage":"fr-FR","@id":"https:\/\/www.versiegelung24.com\/fr\/#\/schema\/logo\/image\/","url":"https:\/\/www.versiegelung24.com\/wp-content\/uploads\/2020\/04\/versiegelung24.png","contentUrl":"https:\/\/www.versiegelung24.com\/wp-content\/uploads\/2020\/04\/versiegelung24.png","width":470,"height":102,"caption":"versiegelung24"},"image":{"@id":"https:\/\/www.versiegelung24.com\/fr\/#\/schema\/logo\/image\/"}}]},"og_availability":"instock","product_availability":"instock","product_retailer_item_id":"9002-1","product_condition":"new"},"_links":{"self":[{"href":"https:\/\/www.versiegelung24.com\/fr\/wp-json\/wp\/v2\/product\/23761","targetHints":{"allow":["GET"]}}],"collection":[{"href":"https:\/\/www.versiegelung24.com\/fr\/wp-json\/wp\/v2\/product"}],"about":[{"href":"https:\/\/www.versiegelung24.com\/fr\/wp-json\/wp\/v2\/types\/product"}],"version-history":[{"count":15,"href":"https:\/\/www.versiegelung24.com\/fr\/wp-json\/wp\/v2\/product\/23761\/revisions"}],"predecessor-version":[{"id":149617,"href":"https:\/\/www.versiegelung24.com\/fr\/wp-json\/wp\/v2\/product\/23761\/revisions\/149617"}],"wp:featuredmedia":[{"embeddable":true,"href":"https:\/\/www.versiegelung24.com\/fr\/wp-json\/wp\/v2\/media\/16599"}],"wp:attachment":[{"href":"https:\/\/www.versiegelung24.com\/fr\/wp-json\/wp\/v2\/media?parent=23761"}],"wp:term":[{"taxonomy":"product_brand","embeddable":true,"href":"https:\/\/www.versiegelung24.com\/fr\/wp-json\/wp\/v2\/product_brand?post=23761"},{"taxonomy":"product_cat","embeddable":true,"href":"https:\/\/www.versiegelung24.com\/fr\/wp-json\/wp\/v2\/product_cat?post=23761"},{"taxonomy":"product_tag","embeddable":true,"href":"https:\/\/www.versiegelung24.com\/fr\/wp-json\/wp\/v2\/product_tag?post=23761"}],"curies":[{"name":"wp","href":"https:\/\/api.w.org\/{rel}","templated":true}]}}