{"id":23888,"date":"2020-04-27T22:30:06","date_gmt":"2020-04-27T20:30:06","guid":{"rendered":"https:\/\/www.versiegelung24.com\/produkt\/motif-scellement-professionnel-de-la-pierre-avec-effet-de-profondeur"},"modified":"2025-01-04T00:07:14","modified_gmt":"2025-01-03T23:07:14","slug":"motif-professionnel-pierre-scellage-avec-effet-de-profondeur","status":"publish","type":"product","link":"https:\/\/www.versiegelung24.com\/fr\/motif-professionnel-pierre-scellage-avec-effet-de-profondeur.html","title":{"rendered":"\u00c9chantillon : Scellement professionnel de la pierre avec effet en profondeur &#8211; 3000-7620"},"content":{"rendered":"<p>\u00c9chantillon de notre<a href=\"https:\/\/www.versiegelung24.com\/fr\/scellement-de-pierre-avec-effet-long-terme-et-profond.html\">scellant pour pierre<\/a>&nbsp;<a href=\"https:\/\/www.versiegelung24.com\/fr\/scellement-de-pierre-avec-effet-long-terme-et-profond.html\"> pour une application test ou pour sceller de petites surfaces.<\/a><\/p>\n","protected":false},"excerpt":{"rendered":"<p>  <strong>Pour toutes les surfaces en pierre min\u00e9rale \u00e0 l&#8217;int\u00e9rieur et \u00e0 l&#8217;ext\u00e9rieur<\/strong><\/p>\n<p>\u2713 Nano-rev\u00eatement hydrofuge et r\u00e9sistant \u00e0 l&#8217;abrasion<\/p>\n<p>\u2713 Effet facile \u00e0 nettoyer : la salet\u00e9 ne colle pas et s&#8217;enl\u00e8ve facilement<\/p>\n<p>\u2713 Absolument invisible : Aucun changement dans l&#8217;aspect et la sensation de la surface<\/p>\n<p>\u2713 La surface reste respirante<\/p>\n<p>\u2713 Emp\u00eache la croissance de mousse, de lichen, de champignons et la formation de croissance verte<\/p>\n","protected":false},"featured_media":14609,"template":"","meta":{"_acf_changed":false,"neve_meta_sidebar":"","neve_meta_container":"","neve_meta_enable_content_width":"","neve_meta_content_width":0,"neve_meta_title_alignment":"","neve_meta_author_avatar":"","neve_post_elements_order":"","neve_meta_disable_header":"","neve_meta_disable_footer":"","neve_meta_disable_title":"","neve_meta_reading_time":"","_surfaces":[],"_ver_product_tabs":[],"footnotes":""},"product_brand":[],"product_cat":[2647],"product_tag":[],"class_list":{"0":"post-23888","1":"product","2":"type-product","3":"status-publish","4":"has-post-thumbnail","6":"product_cat-modele","7":"pa_gebinde-flacon-de-50-ml","8":"pa_gebinde-flacon-de-100-ml","10":"first","11":"instock","12":"sold-individually","13":"taxable","14":"shipping-taxable","15":"purchasable","16":"product-type-simple"},"acf":[],"yoast_head":"<!-- This site is optimized with the Yoast SEO Premium plugin v22.8 (Yoast SEO v27.5) - https:\/\/yoast.com\/product\/yoast-seo-premium-wordpress\/ -->\n<title>\u00c9chantillon : Scellement professionnel de la pierre avec effet en profondeur - 3000-7620 - versiegelung24.com<\/title>\n<meta name=\"robots\" content=\"index, follow, max-snippet:-1, max-image-preview:large, max-video-preview:-1\" \/>\n<link rel=\"canonical\" href=\"https:\/\/www.versiegelung24.com\/fr\/motif-professionnel-pierre-scellage-avec-effet-de-profondeur.html\" \/>\n<meta property=\"og:locale\" content=\"fr_FR\" \/>\n<meta property=\"og:type\" content=\"article\" \/>\n<meta property=\"og:title\" content=\"\u00c9chantillon : Scellement professionnel de la pierre avec effet en profondeur - 3000-7620\" \/>\n<meta property=\"og:description\" content=\"Pour toutes les surfaces en pierre min\u00e9rale \u00e0 l&#039;int\u00e9rieur et \u00e0 l&#039;ext\u00e9rieur \u2713 Nano-rev\u00eatement hydrofuge et r\u00e9sistant \u00e0 l&#039;abrasion \u2713 Effet facile \u00e0 nettoyer : la salet\u00e9 ne colle pas et s&#039;enl\u00e8ve facilement \u2713 Absolument invisible : Aucun changement dans l&#039;aspect et la sensation de la surface \u2713 La surface reste respirante \u2713 Emp\u00eache la croissance de mousse, de lichen, de champignons et la formation de croissance verte\" \/>\n<meta property=\"og:url\" content=\"https:\/\/www.versiegelung24.com\/fr\/motif-professionnel-pierre-scellage-avec-effet-de-profondeur.html\" \/>\n<meta property=\"og:site_name\" content=\"versiegelung24.com\" \/>\n<meta property=\"article:modified_time\" content=\"2025-01-03T23:07:14+00:00\" \/>\n<meta property=\"og:image\" content=\"https:\/\/www.versiegelung24.com\/wp-content\/uploads\/2020\/04\/versiegelung-muster.png\" \/>\n\t<meta property=\"og:image:width\" content=\"1000\" \/>\n\t<meta property=\"og:image:height\" content=\"1000\" \/>\n\t<meta property=\"og:image:type\" content=\"image\/png\" \/>\n<meta name=\"twitter:card\" content=\"summary_large_image\" \/>\n<meta name=\"twitter:label1\" content=\"Prix\" \/>\n\t<meta name=\"twitter:data1\" content=\"14,99&euro;\" \/>\n\t<meta name=\"twitter:label2\" content=\"Disponibilit\u00e9\" \/>\n\t<meta name=\"twitter:data2\" content=\"En stock\" \/>\n<script type=\"application\/ld+json\" class=\"yoast-schema-graph\">{\"@context\":\"https:\\\/\\\/schema.org\",\"@graph\":[{\"@type\":\"WebPage\",\"@id\":\"https:\\\/\\\/www.versiegelung24.com\\\/fr\\\/motif-professionnel-pierre-scellage-avec-effet-de-profondeur.html\",\"url\":\"https:\\\/\\\/www.versiegelung24.com\\\/fr\\\/motif-professionnel-pierre-scellage-avec-effet-de-profondeur.html\",\"name\":\"\u00c9chantillon : Scellement professionnel de la pierre avec effet en profondeur - 3000-7620 - versiegelung24.com\",\"isPartOf\":{\"@id\":\"https:\\\/\\\/www.versiegelung24.com\\\/fr\\\/#website\"},\"primaryImageOfPage\":{\"@id\":\"https:\\\/\\\/www.versiegelung24.com\\\/fr\\\/motif-professionnel-pierre-scellage-avec-effet-de-profondeur.html#primaryimage\"},\"image\":{\"@id\":\"https:\\\/\\\/www.versiegelung24.com\\\/fr\\\/motif-professionnel-pierre-scellage-avec-effet-de-profondeur.html#primaryimage\"},\"thumbnailUrl\":\"https:\\\/\\\/www.versiegelung24.com\\\/wp-content\\\/uploads\\\/2020\\\/04\\\/versiegelung-muster.png\",\"datePublished\":\"2020-04-27T20:30:06+00:00\",\"dateModified\":\"2025-01-03T23:07:14+00:00\",\"breadcrumb\":{\"@id\":\"https:\\\/\\\/www.versiegelung24.com\\\/fr\\\/motif-professionnel-pierre-scellage-avec-effet-de-profondeur.html#breadcrumb\"},\"inLanguage\":\"fr-FR\",\"potentialAction\":[{\"@type\":\"ReadAction\",\"target\":[\"https:\\\/\\\/www.versiegelung24.com\\\/fr\\\/motif-professionnel-pierre-scellage-avec-effet-de-profondeur.html\"]}]},{\"@type\":\"ImageObject\",\"inLanguage\":\"fr-FR\",\"@id\":\"https:\\\/\\\/www.versiegelung24.com\\\/fr\\\/motif-professionnel-pierre-scellage-avec-effet-de-profondeur.html#primaryimage\",\"url\":\"https:\\\/\\\/www.versiegelung24.com\\\/wp-content\\\/uploads\\\/2020\\\/04\\\/versiegelung-muster.png\",\"contentUrl\":\"https:\\\/\\\/www.versiegelung24.com\\\/wp-content\\\/uploads\\\/2020\\\/04\\\/versiegelung-muster.png\",\"width\":1000,\"height\":1000},{\"@type\":\"BreadcrumbList\",\"@id\":\"https:\\\/\\\/www.versiegelung24.com\\\/fr\\\/motif-professionnel-pierre-scellage-avec-effet-de-profondeur.html#breadcrumb\",\"itemListElement\":[{\"@type\":\"ListItem\",\"position\":1,\"name\":\"Page d'accueil\",\"item\":\"https:\\\/\\\/www.versiegelung24.com\\\/fr\\\/front\\\/\"},{\"@type\":\"ListItem\",\"position\":2,\"name\":\"Boutique\",\"item\":\"https:\\\/\\\/www.versiegelung24.com\\\/fr\\\/boutique-2\\\/\"},{\"@type\":\"ListItem\",\"position\":3,\"name\":\"\u00c9chantillon : Scellement professionnel de la pierre avec effet en profondeur &#8211; 3000-7620\"}]},{\"@type\":\"WebSite\",\"@id\":\"https:\\\/\\\/www.versiegelung24.com\\\/fr\\\/#website\",\"url\":\"https:\\\/\\\/www.versiegelung24.com\\\/fr\\\/\",\"name\":\"versiegelung24.com\",\"description\":\"Fl\u00fcssigglas-Versiegelung - Made in Germany\",\"publisher\":{\"@id\":\"https:\\\/\\\/www.versiegelung24.com\\\/fr\\\/#organization\"},\"potentialAction\":[{\"@type\":\"SearchAction\",\"target\":{\"@type\":\"EntryPoint\",\"urlTemplate\":\"https:\\\/\\\/www.versiegelung24.com\\\/fr\\\/?s={search_term_string}\"},\"query-input\":{\"@type\":\"PropertyValueSpecification\",\"valueRequired\":true,\"valueName\":\"search_term_string\"}}],\"inLanguage\":\"fr-FR\"},{\"@type\":\"Organization\",\"@id\":\"https:\\\/\\\/www.versiegelung24.com\\\/fr\\\/#organization\",\"name\":\"versiegelung24\",\"url\":\"https:\\\/\\\/www.versiegelung24.com\\\/fr\\\/\",\"logo\":{\"@type\":\"ImageObject\",\"inLanguage\":\"fr-FR\",\"@id\":\"https:\\\/\\\/www.versiegelung24.com\\\/fr\\\/#\\\/schema\\\/logo\\\/image\\\/\",\"url\":\"https:\\\/\\\/www.versiegelung24.com\\\/wp-content\\\/uploads\\\/2020\\\/04\\\/versiegelung24.png\",\"contentUrl\":\"https:\\\/\\\/www.versiegelung24.com\\\/wp-content\\\/uploads\\\/2020\\\/04\\\/versiegelung24.png\",\"width\":470,\"height\":102,\"caption\":\"versiegelung24\"},\"image\":{\"@id\":\"https:\\\/\\\/www.versiegelung24.com\\\/fr\\\/#\\\/schema\\\/logo\\\/image\\\/\"}}]}<\/script>\n<meta property=\"product:price:amount\" content=\"14.99\" \/>\n<meta property=\"product:price:currency\" content=\"EUR\" \/>\n<meta property=\"og:availability\" content=\"instock\" \/>\n<meta property=\"product:availability\" content=\"instock\" \/>\n<meta property=\"product:retailer_item_id\" content=\"3000-7620-muster\" \/>\n<meta property=\"product:condition\" content=\"new\" \/>\n<!-- \/ Yoast SEO Premium plugin. -->","yoast_head_json":{"title":"\u00c9chantillon : Scellement professionnel de la pierre avec effet en profondeur - 3000-7620 - versiegelung24.com","robots":{"index":"index","follow":"follow","max-snippet":"max-snippet:-1","max-image-preview":"max-image-preview:large","max-video-preview":"max-video-preview:-1"},"canonical":"https:\/\/www.versiegelung24.com\/fr\/motif-professionnel-pierre-scellage-avec-effet-de-profondeur.html","og_locale":"fr_FR","og_type":"article","og_title":"\u00c9chantillon : Scellement professionnel de la pierre avec effet en profondeur - 3000-7620","og_description":"Pour toutes les surfaces en pierre min\u00e9rale \u00e0 l'int\u00e9rieur et \u00e0 l'ext\u00e9rieur \u2713 Nano-rev\u00eatement hydrofuge et r\u00e9sistant \u00e0 l'abrasion \u2713 Effet facile \u00e0 nettoyer : la salet\u00e9 ne colle pas et s'enl\u00e8ve facilement \u2713 Absolument invisible : Aucun changement dans l'aspect et la sensation de la surface \u2713 La surface reste respirante \u2713 Emp\u00eache la croissance de mousse, de lichen, de champignons et la formation de croissance verte","og_url":"https:\/\/www.versiegelung24.com\/fr\/motif-professionnel-pierre-scellage-avec-effet-de-profondeur.html","og_site_name":"versiegelung24.com","article_modified_time":"2025-01-03T23:07:14+00:00","og_image":[{"width":1000,"height":1000,"url":"https:\/\/www.versiegelung24.com\/wp-content\/uploads\/2020\/04\/versiegelung-muster.png","type":"image\/png"}],"twitter_card":"summary_large_image","twitter_misc":{"Prix":"14,99&euro;","Disponibilit\u00e9":"En stock"},"schema":{"@context":"https:\/\/schema.org","@graph":[{"@type":"WebPage","@id":"https:\/\/www.versiegelung24.com\/fr\/motif-professionnel-pierre-scellage-avec-effet-de-profondeur.html","url":"https:\/\/www.versiegelung24.com\/fr\/motif-professionnel-pierre-scellage-avec-effet-de-profondeur.html","name":"\u00c9chantillon : Scellement professionnel de la pierre avec effet en profondeur - 3000-7620 - versiegelung24.com","isPartOf":{"@id":"https:\/\/www.versiegelung24.com\/fr\/#website"},"primaryImageOfPage":{"@id":"https:\/\/www.versiegelung24.com\/fr\/motif-professionnel-pierre-scellage-avec-effet-de-profondeur.html#primaryimage"},"image":{"@id":"https:\/\/www.versiegelung24.com\/fr\/motif-professionnel-pierre-scellage-avec-effet-de-profondeur.html#primaryimage"},"thumbnailUrl":"https:\/\/www.versiegelung24.com\/wp-content\/uploads\/2020\/04\/versiegelung-muster.png","datePublished":"2020-04-27T20:30:06+00:00","dateModified":"2025-01-03T23:07:14+00:00","breadcrumb":{"@id":"https:\/\/www.versiegelung24.com\/fr\/motif-professionnel-pierre-scellage-avec-effet-de-profondeur.html#breadcrumb"},"inLanguage":"fr-FR","potentialAction":[{"@type":"ReadAction","target":["https:\/\/www.versiegelung24.com\/fr\/motif-professionnel-pierre-scellage-avec-effet-de-profondeur.html"]}]},{"@type":"ImageObject","inLanguage":"fr-FR","@id":"https:\/\/www.versiegelung24.com\/fr\/motif-professionnel-pierre-scellage-avec-effet-de-profondeur.html#primaryimage","url":"https:\/\/www.versiegelung24.com\/wp-content\/uploads\/2020\/04\/versiegelung-muster.png","contentUrl":"https:\/\/www.versiegelung24.com\/wp-content\/uploads\/2020\/04\/versiegelung-muster.png","width":1000,"height":1000},{"@type":"BreadcrumbList","@id":"https:\/\/www.versiegelung24.com\/fr\/motif-professionnel-pierre-scellage-avec-effet-de-profondeur.html#breadcrumb","itemListElement":[{"@type":"ListItem","position":1,"name":"Page d'accueil","item":"https:\/\/www.versiegelung24.com\/fr\/front\/"},{"@type":"ListItem","position":2,"name":"Boutique","item":"https:\/\/www.versiegelung24.com\/fr\/boutique-2\/"},{"@type":"ListItem","position":3,"name":"\u00c9chantillon : Scellement professionnel de la pierre avec effet en profondeur &#8211; 3000-7620"}]},{"@type":"WebSite","@id":"https:\/\/www.versiegelung24.com\/fr\/#website","url":"https:\/\/www.versiegelung24.com\/fr\/","name":"versiegelung24.com","description":"Fl\u00fcssigglas-Versiegelung - Made in Germany","publisher":{"@id":"https:\/\/www.versiegelung24.com\/fr\/#organization"},"potentialAction":[{"@type":"SearchAction","target":{"@type":"EntryPoint","urlTemplate":"https:\/\/www.versiegelung24.com\/fr\/?s={search_term_string}"},"query-input":{"@type":"PropertyValueSpecification","valueRequired":true,"valueName":"search_term_string"}}],"inLanguage":"fr-FR"},{"@type":"Organization","@id":"https:\/\/www.versiegelung24.com\/fr\/#organization","name":"versiegelung24","url":"https:\/\/www.versiegelung24.com\/fr\/","logo":{"@type":"ImageObject","inLanguage":"fr-FR","@id":"https:\/\/www.versiegelung24.com\/fr\/#\/schema\/logo\/image\/","url":"https:\/\/www.versiegelung24.com\/wp-content\/uploads\/2020\/04\/versiegelung24.png","contentUrl":"https:\/\/www.versiegelung24.com\/wp-content\/uploads\/2020\/04\/versiegelung24.png","width":470,"height":102,"caption":"versiegelung24"},"image":{"@id":"https:\/\/www.versiegelung24.com\/fr\/#\/schema\/logo\/image\/"}}]},"product_price_amount":"14.99","product_price_currency":"EUR","og_availability":"instock","product_availability":"instock","product_retailer_item_id":"3000-7620-muster","product_condition":"new"},"_links":{"self":[{"href":"https:\/\/www.versiegelung24.com\/fr\/wp-json\/wp\/v2\/product\/23888","targetHints":{"allow":["GET"]}}],"collection":[{"href":"https:\/\/www.versiegelung24.com\/fr\/wp-json\/wp\/v2\/product"}],"about":[{"href":"https:\/\/www.versiegelung24.com\/fr\/wp-json\/wp\/v2\/types\/product"}],"version-history":[{"count":3,"href":"https:\/\/www.versiegelung24.com\/fr\/wp-json\/wp\/v2\/product\/23888\/revisions"}],"predecessor-version":[{"id":177826,"href":"https:\/\/www.versiegelung24.com\/fr\/wp-json\/wp\/v2\/product\/23888\/revisions\/177826"}],"wp:featuredmedia":[{"embeddable":true,"href":"https:\/\/www.versiegelung24.com\/fr\/wp-json\/wp\/v2\/media\/14609"}],"wp:attachment":[{"href":"https:\/\/www.versiegelung24.com\/fr\/wp-json\/wp\/v2\/media?parent=23888"}],"wp:term":[{"taxonomy":"product_brand","embeddable":true,"href":"https:\/\/www.versiegelung24.com\/fr\/wp-json\/wp\/v2\/product_brand?post=23888"},{"taxonomy":"product_cat","embeddable":true,"href":"https:\/\/www.versiegelung24.com\/fr\/wp-json\/wp\/v2\/product_cat?post=23888"},{"taxonomy":"product_tag","embeddable":true,"href":"https:\/\/www.versiegelung24.com\/fr\/wp-json\/wp\/v2\/product_tag?post=23888"}],"curies":[{"name":"wp","href":"https:\/\/api.w.org\/{rel}","templated":true}]}}