{"id":24004,"date":"2020-04-04T18:53:45","date_gmt":"2021-08-02T20:17:52","guid":{"rendered":"https:\/\/www.versiegelung24.com\/produkt\/scellage-textile-et-papier-de-qualite-superieure-avec-une-resistance-a-leau-extreme"},"modified":"2025-01-03T23:54:17","modified_gmt":"2025-01-03T22:54:17","slug":"scellage-textile-et-papier-premium-avec-hydrofuge-extreme","status":"publish","type":"product","link":"https:\/\/www.versiegelung24.com\/fr\/scellage-textile-et-papier-premium-avec-hydrofuge-extreme.html","title":{"rendered":"Dura Tex &#8211; Scellement textile premium avec hydrofugation extr\u00eame"},"content":{"rendered":"\n<p><strong>Vitrification textile premium tr\u00e8s efficace avec hydrofugation extr\u00eame, pour l&#8217;int\u00e9rieur et l&#8217;ext\u00e9rieur<\/strong><\/p>\n\n<p>Qualit\u00e9 professionnelle &#8211; Fabriqu\u00e9 en Allemagne<\/p>\n\n<p>Num\u00e9ro d&#8217;article : 6002-7689<\/p>\n\n<p><strong>V24 Dura Tex &#8211; Vitrification textile premium<\/strong> prot\u00e8ge presque tous les types de textiles &amp; papiers contre l&#8217;eau, la salet\u00e9 et les taches &#8211; et reste elle-m\u00eame invisible. Il n&#8217;affecte en aucun cas leur apparence, leur respirabilit\u00e9, leur couleur ou leur toucher et est facile \u00e0 entretenir.<\/p>\n\n<p>L&#8217;enduction est extr\u00eamement hydrofuge sur les tissus d&#8217;ext\u00e9rieur ; ainsi ils restent secs plus longtemps. L&#8217;huile, le caf\u00e9 et autres taches courantes appartiennent au pass\u00e9 si les textiles ont \u00e9t\u00e9 trait\u00e9s au pr\u00e9alable.<\/p>\n\n<hr\/>\n\n<h4 class=\"wp-block-heading\" id=\"properties\">Caract\u00e9ristiques du produit<\/h4>\n\n<div class=\"wp-block-columns is-layout-flex wp-container-core-columns-is-layout-9d6595d7 wp-block-columns-is-layout-flex\">\n<div class=\"wp-block-column is-layout-flow wp-block-column-is-layout-flow\">\n<ul class=\"wp-block-list\">\n<li>Tr\u00e8s fort effet hydrophobe et ol\u00e9ophobe (r\u00e9pulsion de l&#8217;eau et de l&#8217;huile)<\/li>\n\n\n\n<li>Effet facile \u00e0 nettoyer r\u00e9sistant \u00e0 l&#8217;abrasion : une liaison chimique solide permet une excellente r\u00e9sistance \u00e0 l&#8217;abrasion et \u00e0 la machine \u00e0 laver &#8211; le rev\u00eatement adh\u00e8re \u00e0 la fibre jusqu&#8217;\u00e0 ce qu&#8217;elle soit d\u00e9truite par les influences ext\u00e9rieures<\/li>\n\n\n\n<li>Les impuret\u00e9s peuvent \u00eatre facilement \u00e9limin\u00e9es avec un chiffon humide<\/li>\n\n\n\n<li>Respirant<\/li>\n\n\n\n<li>Invisible (pas de changement d&#8217;apparence)<\/li>\n\n\n\n<li>Fortes propri\u00e9t\u00e9s antiadh\u00e9sives<\/li>\n\n\n\n<li>Protection contre les taches<\/li>\n<\/ul>\n<\/div>\n\n\n\n<div class=\"wp-block-column is-layout-flow wp-block-column-is-layout-flow\">\n<ul class=\"wp-block-list\">\n<li>Augmente la r\u00e9sistance \u00e0 l&#8217;usure<\/li>\n\n\n\n<li>Aucune alt\u00e9ration de l&#8217;apparence<\/li>\n\n\n\n<li>La nanotechnologie SiO\u00b2<\/li>\n\n\n\n<li>Protection des fibres contre la p\u00e9n\u00e9tration de particules de salet\u00e9<\/li>\n\n\n\n<li>Application simple<\/li>\n\n\n\n<li>Longue dur\u00e9e de vie en fonction de la contrainte m\u00e9canique<\/li>\n<\/ul>\n\n\n\n<p>Contenu de l&#8217;emballage :<br\/>1 x bouteille d&#8217;un litre<br\/>1 x description du produit<\/p>\n<\/div>\n<\/div>\n\n<hr\/>\n\n<h4 class=\"wp-block-heading\" id=\"application\">Application<\/h4>\n\n<div class=\"wp-block-columns is-layout-flex wp-container-core-columns-is-layout-9d6595d7 wp-block-columns-is-layout-flex\">\n<div class=\"wp-block-column is-layout-flow wp-block-column-is-layout-flow\">\n<ul class=\"wp-block-list\">\n<li>V\u00eatements<\/li>\n\n\n\n<li>Tissus d&#8217;ext\u00e9rieur<\/li>\n\n\n\n<li>Textiles de maison (ameublement, meubles, tapis)<\/li>\n\n\n\n<li>Daim<\/li>\n\n\n\n<li>Carton de papier<\/li>\n<\/ul>\n\n\n\n<p>La consommation d\u00e9pend beaucoup de la structure, du pouvoir absorbant et de l&#8217;\u00e9paisseur du mat\u00e9riau \u00e0 rev\u00eatir, environ 10-50 m\u00b2 \/ litre (environ 10 ml \/ m\u00b2 par mm d&#8217;\u00e9paisseur selon le pouvoir absorbant).<\/p>\n<\/div>\n\n\n\n<div class=\"wp-block-column is-layout-flow wp-block-column-is-layout-flow\">\n<p>Application simple :<\/p>\n\n\n\n<p>1.Manuel : application par humidification du textile (pulv\u00e9risation ou trempage)<\/p>\n\n\n\n<p>2. Industriel : Application par des syst\u00e8mes disponibles dans le commerce<\/p>\n\n\n\n<p>Ce rev\u00eatement SiO2 est enti\u00e8rement r\u00e9ticul\u00e9 et durci apr\u00e8s 24 heures.<br\/>L&#8217;effet Easy-to-clean peut \u00eatre test\u00e9 pour la premi\u00e8re fois apr\u00e8s cette phase de durcissement.<\/p>\n<\/div>\n<\/div>\n","protected":false},"excerpt":{"rendered":"<p>\u2713 Respirant<\/p>\n<p>\u2713 Protection contre les taches<\/p>\n<p>\u2713 Avec une imperm\u00e9abilit\u00e9 extr\u00eame<\/p>\n<p>\u2713 Pour l&#8217;int\u00e9rieur et l&#8217;ext\u00e9rieur<\/p>\n","protected":false},"featured_media":125322,"template":"","meta":{"_acf_changed":false,"neve_meta_sidebar":"","neve_meta_container":"","neve_meta_enable_content_width":"","neve_meta_content_width":0,"neve_meta_title_alignment":"","neve_meta_author_avatar":"","neve_post_elements_order":"","neve_meta_disable_header":"","neve_meta_disable_footer":"","neve_meta_disable_title":"","neve_meta_reading_time":"","_surfaces":[],"_ver_product_tabs":[],"footnotes":""},"product_brand":[],"product_cat":[2268],"product_tag":[],"class_list":{"0":"post-24004","1":"product","2":"type-product","3":"status-publish","4":"has-post-thumbnail","6":"product_cat-etancheite-cuir-textile","8":"first","9":"instock","10":"taxable","11":"shipping-taxable","12":"purchasable","13":"product-type-simple"},"acf":[],"yoast_head":"<!-- This site is optimized with the Yoast SEO Premium plugin v22.8 (Yoast SEO v27.5) - https:\/\/yoast.com\/product\/yoast-seo-premium-wordpress\/ -->\n<title>Dura Tex - Scellement textile premium avec hydrofugation extr\u00eame - versiegelung24.com<\/title>\n<meta name=\"robots\" content=\"index, follow, max-snippet:-1, max-image-preview:large, max-video-preview:-1\" \/>\n<link rel=\"canonical\" href=\"https:\/\/www.versiegelung24.com\/fr\/scellage-textile-et-papier-premium-avec-hydrofuge-extreme.html\" \/>\n<meta property=\"og:locale\" content=\"fr_FR\" \/>\n<meta property=\"og:type\" content=\"article\" \/>\n<meta property=\"og:title\" content=\"Dura Tex - Scellement textile premium avec hydrofugation extr\u00eame\" \/>\n<meta property=\"og:description\" content=\"\u2713 Respirant \u2713 Protection contre les taches \u2713 Avec une imperm\u00e9abilit\u00e9 extr\u00eame \u2713 Pour l&#039;int\u00e9rieur et l&#039;ext\u00e9rieur\" \/>\n<meta property=\"og:url\" content=\"https:\/\/www.versiegelung24.com\/fr\/scellage-textile-et-papier-premium-avec-hydrofuge-extreme.html\" \/>\n<meta property=\"og:site_name\" content=\"versiegelung24.com\" \/>\n<meta property=\"article:modified_time\" content=\"2025-01-03T22:54:17+00:00\" \/>\n<meta property=\"og:image\" content=\"https:\/\/www.versiegelung24.com\/wp-content\/uploads\/2020\/04\/produkt-6002-7689-1000-dura-tex-Premium-Textil-Papierversiegelung-scaled.webp\" \/>\n\t<meta property=\"og:image:width\" content=\"2560\" \/>\n\t<meta property=\"og:image:height\" content=\"2560\" \/>\n\t<meta property=\"og:image:type\" content=\"image\/webp\" \/>\n<meta name=\"twitter:card\" content=\"summary_large_image\" \/>\n<meta name=\"twitter:label1\" content=\"Prix\" \/>\n\t<meta name=\"twitter:data1\" content=\"89,99&euro;\" \/>\n\t<meta name=\"twitter:label2\" content=\"Disponibilit\u00e9\" \/>\n\t<meta name=\"twitter:data2\" content=\"En stock\" \/>\n<script type=\"application\/ld+json\" class=\"yoast-schema-graph\">{\"@context\":\"https:\\\/\\\/schema.org\",\"@graph\":[{\"@type\":\"WebPage\",\"@id\":\"https:\\\/\\\/www.versiegelung24.com\\\/fr\\\/scellage-textile-et-papier-premium-avec-hydrofuge-extreme.html\",\"url\":\"https:\\\/\\\/www.versiegelung24.com\\\/fr\\\/scellage-textile-et-papier-premium-avec-hydrofuge-extreme.html\",\"name\":\"Dura Tex - Scellement textile premium avec hydrofugation extr\u00eame - versiegelung24.com\",\"isPartOf\":{\"@id\":\"https:\\\/\\\/www.versiegelung24.com\\\/fr\\\/#website\"},\"primaryImageOfPage\":{\"@id\":\"https:\\\/\\\/www.versiegelung24.com\\\/fr\\\/scellage-textile-et-papier-premium-avec-hydrofuge-extreme.html#primaryimage\"},\"image\":{\"@id\":\"https:\\\/\\\/www.versiegelung24.com\\\/fr\\\/scellage-textile-et-papier-premium-avec-hydrofuge-extreme.html#primaryimage\"},\"thumbnailUrl\":\"https:\\\/\\\/www.versiegelung24.com\\\/wp-content\\\/uploads\\\/2020\\\/04\\\/produkt-6002-7689-1000-dura-tex-Premium-Textil-Papierversiegelung-scaled.webp\",\"datePublished\":\"2021-08-02T20:17:52+00:00\",\"dateModified\":\"2025-01-03T22:54:17+00:00\",\"breadcrumb\":{\"@id\":\"https:\\\/\\\/www.versiegelung24.com\\\/fr\\\/scellage-textile-et-papier-premium-avec-hydrofuge-extreme.html#breadcrumb\"},\"inLanguage\":\"fr-FR\",\"potentialAction\":[{\"@type\":\"ReadAction\",\"target\":[\"https:\\\/\\\/www.versiegelung24.com\\\/fr\\\/scellage-textile-et-papier-premium-avec-hydrofuge-extreme.html\"]}]},{\"@type\":\"ImageObject\",\"inLanguage\":\"fr-FR\",\"@id\":\"https:\\\/\\\/www.versiegelung24.com\\\/fr\\\/scellage-textile-et-papier-premium-avec-hydrofuge-extreme.html#primaryimage\",\"url\":\"https:\\\/\\\/www.versiegelung24.com\\\/wp-content\\\/uploads\\\/2020\\\/04\\\/produkt-6002-7689-1000-dura-tex-Premium-Textil-Papierversiegelung-scaled.webp\",\"contentUrl\":\"https:\\\/\\\/www.versiegelung24.com\\\/wp-content\\\/uploads\\\/2020\\\/04\\\/produkt-6002-7689-1000-dura-tex-Premium-Textil-Papierversiegelung-scaled.webp\",\"width\":2560,\"height\":2560},{\"@type\":\"BreadcrumbList\",\"@id\":\"https:\\\/\\\/www.versiegelung24.com\\\/fr\\\/scellage-textile-et-papier-premium-avec-hydrofuge-extreme.html#breadcrumb\",\"itemListElement\":[{\"@type\":\"ListItem\",\"position\":1,\"name\":\"Page d'accueil\",\"item\":\"https:\\\/\\\/www.versiegelung24.com\\\/fr\\\/front\\\/\"},{\"@type\":\"ListItem\",\"position\":2,\"name\":\"Boutique\",\"item\":\"https:\\\/\\\/www.versiegelung24.com\\\/fr\\\/boutique-2\\\/\"},{\"@type\":\"ListItem\",\"position\":3,\"name\":\"Dura Tex &#8211; Scellement textile premium avec hydrofugation extr\u00eame\"}]},{\"@type\":\"WebSite\",\"@id\":\"https:\\\/\\\/www.versiegelung24.com\\\/fr\\\/#website\",\"url\":\"https:\\\/\\\/www.versiegelung24.com\\\/fr\\\/\",\"name\":\"versiegelung24.com\",\"description\":\"Fl\u00fcssigglas-Versiegelung - Made in Germany\",\"publisher\":{\"@id\":\"https:\\\/\\\/www.versiegelung24.com\\\/fr\\\/#organization\"},\"potentialAction\":[{\"@type\":\"SearchAction\",\"target\":{\"@type\":\"EntryPoint\",\"urlTemplate\":\"https:\\\/\\\/www.versiegelung24.com\\\/fr\\\/?s={search_term_string}\"},\"query-input\":{\"@type\":\"PropertyValueSpecification\",\"valueRequired\":true,\"valueName\":\"search_term_string\"}}],\"inLanguage\":\"fr-FR\"},{\"@type\":\"Organization\",\"@id\":\"https:\\\/\\\/www.versiegelung24.com\\\/fr\\\/#organization\",\"name\":\"versiegelung24\",\"url\":\"https:\\\/\\\/www.versiegelung24.com\\\/fr\\\/\",\"logo\":{\"@type\":\"ImageObject\",\"inLanguage\":\"fr-FR\",\"@id\":\"https:\\\/\\\/www.versiegelung24.com\\\/fr\\\/#\\\/schema\\\/logo\\\/image\\\/\",\"url\":\"https:\\\/\\\/www.versiegelung24.com\\\/wp-content\\\/uploads\\\/2020\\\/04\\\/versiegelung24.png\",\"contentUrl\":\"https:\\\/\\\/www.versiegelung24.com\\\/wp-content\\\/uploads\\\/2020\\\/04\\\/versiegelung24.png\",\"width\":470,\"height\":102,\"caption\":\"versiegelung24\"},\"image\":{\"@id\":\"https:\\\/\\\/www.versiegelung24.com\\\/fr\\\/#\\\/schema\\\/logo\\\/image\\\/\"}}]}<\/script>\n<meta property=\"product:price:amount\" content=\"89.99\" \/>\n<meta property=\"product:price:currency\" content=\"EUR\" \/>\n<meta property=\"og:availability\" content=\"instock\" \/>\n<meta property=\"product:availability\" content=\"instock\" \/>\n<meta property=\"product:retailer_item_id\" content=\"6002-7689-1000\" \/>\n<meta property=\"product:condition\" content=\"new\" \/>\n<!-- \/ Yoast SEO Premium plugin. -->","yoast_head_json":{"title":"Dura Tex - Scellement textile premium avec hydrofugation extr\u00eame - versiegelung24.com","robots":{"index":"index","follow":"follow","max-snippet":"max-snippet:-1","max-image-preview":"max-image-preview:large","max-video-preview":"max-video-preview:-1"},"canonical":"https:\/\/www.versiegelung24.com\/fr\/scellage-textile-et-papier-premium-avec-hydrofuge-extreme.html","og_locale":"fr_FR","og_type":"article","og_title":"Dura Tex - Scellement textile premium avec hydrofugation extr\u00eame","og_description":"\u2713 Respirant \u2713 Protection contre les taches \u2713 Avec une imperm\u00e9abilit\u00e9 extr\u00eame \u2713 Pour l'int\u00e9rieur et l'ext\u00e9rieur","og_url":"https:\/\/www.versiegelung24.com\/fr\/scellage-textile-et-papier-premium-avec-hydrofuge-extreme.html","og_site_name":"versiegelung24.com","article_modified_time":"2025-01-03T22:54:17+00:00","og_image":[{"width":2560,"height":2560,"url":"https:\/\/www.versiegelung24.com\/wp-content\/uploads\/2020\/04\/produkt-6002-7689-1000-dura-tex-Premium-Textil-Papierversiegelung-scaled.webp","type":"image\/webp"}],"twitter_card":"summary_large_image","twitter_misc":{"Prix":"89,99&euro;","Disponibilit\u00e9":"En stock"},"schema":{"@context":"https:\/\/schema.org","@graph":[{"@type":"WebPage","@id":"https:\/\/www.versiegelung24.com\/fr\/scellage-textile-et-papier-premium-avec-hydrofuge-extreme.html","url":"https:\/\/www.versiegelung24.com\/fr\/scellage-textile-et-papier-premium-avec-hydrofuge-extreme.html","name":"Dura Tex - Scellement textile premium avec hydrofugation extr\u00eame - versiegelung24.com","isPartOf":{"@id":"https:\/\/www.versiegelung24.com\/fr\/#website"},"primaryImageOfPage":{"@id":"https:\/\/www.versiegelung24.com\/fr\/scellage-textile-et-papier-premium-avec-hydrofuge-extreme.html#primaryimage"},"image":{"@id":"https:\/\/www.versiegelung24.com\/fr\/scellage-textile-et-papier-premium-avec-hydrofuge-extreme.html#primaryimage"},"thumbnailUrl":"https:\/\/www.versiegelung24.com\/wp-content\/uploads\/2020\/04\/produkt-6002-7689-1000-dura-tex-Premium-Textil-Papierversiegelung-scaled.webp","datePublished":"2021-08-02T20:17:52+00:00","dateModified":"2025-01-03T22:54:17+00:00","breadcrumb":{"@id":"https:\/\/www.versiegelung24.com\/fr\/scellage-textile-et-papier-premium-avec-hydrofuge-extreme.html#breadcrumb"},"inLanguage":"fr-FR","potentialAction":[{"@type":"ReadAction","target":["https:\/\/www.versiegelung24.com\/fr\/scellage-textile-et-papier-premium-avec-hydrofuge-extreme.html"]}]},{"@type":"ImageObject","inLanguage":"fr-FR","@id":"https:\/\/www.versiegelung24.com\/fr\/scellage-textile-et-papier-premium-avec-hydrofuge-extreme.html#primaryimage","url":"https:\/\/www.versiegelung24.com\/wp-content\/uploads\/2020\/04\/produkt-6002-7689-1000-dura-tex-Premium-Textil-Papierversiegelung-scaled.webp","contentUrl":"https:\/\/www.versiegelung24.com\/wp-content\/uploads\/2020\/04\/produkt-6002-7689-1000-dura-tex-Premium-Textil-Papierversiegelung-scaled.webp","width":2560,"height":2560},{"@type":"BreadcrumbList","@id":"https:\/\/www.versiegelung24.com\/fr\/scellage-textile-et-papier-premium-avec-hydrofuge-extreme.html#breadcrumb","itemListElement":[{"@type":"ListItem","position":1,"name":"Page d'accueil","item":"https:\/\/www.versiegelung24.com\/fr\/front\/"},{"@type":"ListItem","position":2,"name":"Boutique","item":"https:\/\/www.versiegelung24.com\/fr\/boutique-2\/"},{"@type":"ListItem","position":3,"name":"Dura Tex &#8211; Scellement textile premium avec hydrofugation extr\u00eame"}]},{"@type":"WebSite","@id":"https:\/\/www.versiegelung24.com\/fr\/#website","url":"https:\/\/www.versiegelung24.com\/fr\/","name":"versiegelung24.com","description":"Fl\u00fcssigglas-Versiegelung - Made in Germany","publisher":{"@id":"https:\/\/www.versiegelung24.com\/fr\/#organization"},"potentialAction":[{"@type":"SearchAction","target":{"@type":"EntryPoint","urlTemplate":"https:\/\/www.versiegelung24.com\/fr\/?s={search_term_string}"},"query-input":{"@type":"PropertyValueSpecification","valueRequired":true,"valueName":"search_term_string"}}],"inLanguage":"fr-FR"},{"@type":"Organization","@id":"https:\/\/www.versiegelung24.com\/fr\/#organization","name":"versiegelung24","url":"https:\/\/www.versiegelung24.com\/fr\/","logo":{"@type":"ImageObject","inLanguage":"fr-FR","@id":"https:\/\/www.versiegelung24.com\/fr\/#\/schema\/logo\/image\/","url":"https:\/\/www.versiegelung24.com\/wp-content\/uploads\/2020\/04\/versiegelung24.png","contentUrl":"https:\/\/www.versiegelung24.com\/wp-content\/uploads\/2020\/04\/versiegelung24.png","width":470,"height":102,"caption":"versiegelung24"},"image":{"@id":"https:\/\/www.versiegelung24.com\/fr\/#\/schema\/logo\/image\/"}}]},"product_price_amount":"89.99","product_price_currency":"EUR","og_availability":"instock","product_availability":"instock","product_retailer_item_id":"6002-7689-1000","product_condition":"new"},"_links":{"self":[{"href":"https:\/\/www.versiegelung24.com\/fr\/wp-json\/wp\/v2\/product\/24004","targetHints":{"allow":["GET"]}}],"collection":[{"href":"https:\/\/www.versiegelung24.com\/fr\/wp-json\/wp\/v2\/product"}],"about":[{"href":"https:\/\/www.versiegelung24.com\/fr\/wp-json\/wp\/v2\/types\/product"}],"version-history":[{"count":13,"href":"https:\/\/www.versiegelung24.com\/fr\/wp-json\/wp\/v2\/product\/24004\/revisions"}],"predecessor-version":[{"id":177705,"href":"https:\/\/www.versiegelung24.com\/fr\/wp-json\/wp\/v2\/product\/24004\/revisions\/177705"}],"wp:featuredmedia":[{"embeddable":true,"href":"https:\/\/www.versiegelung24.com\/fr\/wp-json\/wp\/v2\/media\/125322"}],"wp:attachment":[{"href":"https:\/\/www.versiegelung24.com\/fr\/wp-json\/wp\/v2\/media?parent=24004"}],"wp:term":[{"taxonomy":"product_brand","embeddable":true,"href":"https:\/\/www.versiegelung24.com\/fr\/wp-json\/wp\/v2\/product_brand?post=24004"},{"taxonomy":"product_cat","embeddable":true,"href":"https:\/\/www.versiegelung24.com\/fr\/wp-json\/wp\/v2\/product_cat?post=24004"},{"taxonomy":"product_tag","embeddable":true,"href":"https:\/\/www.versiegelung24.com\/fr\/wp-json\/wp\/v2\/product_tag?post=24004"}],"curies":[{"name":"wp","href":"https:\/\/api.w.org\/{rel}","templated":true}]}}