{"id":24054,"date":"2020-04-29T20:41:14","date_gmt":"2020-04-29T18:41:14","guid":{"rendered":"https:\/\/www.versiegelung24.com\/produkt\/motif-etancheite-beton-pierre-avec-une-resistance-a-leau-extreme-non-respirante"},"modified":"2025-01-04T00:11:27","modified_gmt":"2025-01-03T23:11:27","slug":"motif-beton-pierre-scellage-avec-hydrofuge-extreme-non-respirant","status":"publish","type":"product","link":"https:\/\/www.versiegelung24.com\/fr\/motif-beton-pierre-scellage-avec-hydrofuge-extreme-non-respirant.html","title":{"rendered":"\u00c9chantillon : Scellement premium pour b\u00e9ton et pierre avec approfondissement de la couleur &#8211; non respirant &#8211; 3008-704"},"content":{"rendered":"<p>\u00c9chantillon de 100 ml de notre<a href=\"https:\/\/www.versiegelung24.com\/fr\/premium-beton-stone-scellant-extreme-hydrofuge-non-respirant.html\">scellant pour pierre<\/a>&nbsp;<a href=\"https:\/\/www.versiegelung24.com\/fr\/premium-beton-stone-scellant-extreme-hydrofuge-non-respirant.html\">extr\u00eamement hydrofuge<\/a>&nbsp;pour une application test ou pour sceller de petites surfaces.<\/p>\n","protected":false},"excerpt":{"rendered":"<p><strong>Vernis extr\u00eamement hydrofuge pour une utilisation en int\u00e9rieur et en ext\u00e9rieur<\/strong>  <\/p>\n<p>\u2713 pour toutes les surfaces absorbantes en pierre min\u00e9rale et en b\u00e9ton<\/p>\n<p>\u2713 Effet facile \u00e0 nettoyer : la salet\u00e9 n&#8217;adh\u00e8re pas et s&#8217;\u00e9limine facilement<\/p>\n<p>\u2713 les surfaces trait\u00e9es ne sont pas respirantes<\/p>\n<p>\u2713 Emp\u00eache la croissance de mousse, de lichen, de champignons et d&#8217;autres influences naturelles<\/p>\n<p>\u2713 Effet d&#8217;approfondissement de la couleur avec un film brillant \/ am\u00e9lioration de la surface<\/p>\n<p>\u2713 Dur\u00e9e de vie&nbsp;: 5 ans et plus<\/p>\n","protected":false},"featured_media":14609,"template":"","meta":{"_acf_changed":false,"neve_meta_sidebar":"","neve_meta_container":"","neve_meta_enable_content_width":"","neve_meta_content_width":0,"neve_meta_title_alignment":"","neve_meta_author_avatar":"","neve_post_elements_order":"","neve_meta_disable_header":"","neve_meta_disable_footer":"","neve_meta_disable_title":"","neve_meta_reading_time":"","_surfaces":[],"_ver_product_tabs":[],"footnotes":""},"product_brand":[],"product_cat":[2647],"product_tag":[],"class_list":{"0":"post-24054","1":"product","2":"type-product","3":"status-publish","4":"has-post-thumbnail","6":"product_cat-modele","7":"pa_gebinde-flacon-de-100-ml","9":"first","10":"onbackorder","11":"sold-individually","12":"taxable","13":"shipping-taxable","14":"purchasable","15":"product-type-variable","16":"has-default-attributes"},"acf":[],"yoast_head":"<!-- This site is optimized with the Yoast SEO Premium plugin v22.8 (Yoast SEO v27.3) - https:\/\/yoast.com\/product\/yoast-seo-premium-wordpress\/ -->\n<title>\u00c9chantillon : Scellement premium pour b\u00e9ton et pierre avec approfondissement de la couleur - non respirant - 3008-704 - versiegelung24.com<\/title>\n<meta name=\"robots\" content=\"index, follow, max-snippet:-1, max-image-preview:large, max-video-preview:-1\" \/>\n<link rel=\"canonical\" href=\"https:\/\/www.versiegelung24.com\/fr\/motif-beton-pierre-scellage-avec-hydrofuge-extreme-non-respirant.html\" \/>\n<meta property=\"og:locale\" content=\"fr_FR\" \/>\n<meta property=\"og:type\" content=\"article\" \/>\n<meta property=\"og:title\" content=\"\u00c9chantillon : Scellement premium pour b\u00e9ton et pierre avec approfondissement de la couleur - non respirant - 3008-704\" \/>\n<meta property=\"og:description\" content=\"Vernis extr\u00eamement hydrofuge pour une utilisation en int\u00e9rieur et en ext\u00e9rieur  \u2713 pour toutes les surfaces absorbantes en pierre min\u00e9rale et en b\u00e9ton \u2713 Effet facile \u00e0 nettoyer : la salet\u00e9 n&#039;adh\u00e8re pas et s&#039;\u00e9limine facilement \u2713 les surfaces trait\u00e9es ne sont pas respirantes \u2713 Emp\u00eache la croissance de mousse, de lichen, de champignons et d&#039;autres influences naturelles \u2713 Effet d&#039;approfondissement de la couleur avec un film brillant \/ am\u00e9lioration de la surface \u2713 Dur\u00e9e de vie&nbsp;: 5 ans et plus\" \/>\n<meta property=\"og:url\" content=\"https:\/\/www.versiegelung24.com\/fr\/motif-beton-pierre-scellage-avec-hydrofuge-extreme-non-respirant.html\" \/>\n<meta property=\"og:site_name\" content=\"versiegelung24.com\" \/>\n<meta property=\"article:modified_time\" content=\"2025-01-03T23:11:27+00:00\" \/>\n<meta property=\"og:image\" content=\"https:\/\/www.versiegelung24.com\/wp-content\/uploads\/2020\/04\/versiegelung-muster.png\" \/>\n\t<meta property=\"og:image:width\" content=\"1000\" \/>\n\t<meta property=\"og:image:height\" content=\"1000\" \/>\n\t<meta property=\"og:image:type\" content=\"image\/png\" \/>\n<meta name=\"twitter:card\" content=\"summary_large_image\" \/>\n<meta name=\"twitter:label1\" content=\"Disponibilit\u00e9\" \/>\n\t<meta name=\"twitter:data1\" content=\"En r\u00e9assort\" \/>\n<script type=\"application\/ld+json\" class=\"yoast-schema-graph\">{\"@context\":\"https:\\\/\\\/schema.org\",\"@graph\":[{\"@type\":\"WebPage\",\"@id\":\"https:\\\/\\\/www.versiegelung24.com\\\/fr\\\/motif-beton-pierre-scellage-avec-hydrofuge-extreme-non-respirant.html\",\"url\":\"https:\\\/\\\/www.versiegelung24.com\\\/fr\\\/motif-beton-pierre-scellage-avec-hydrofuge-extreme-non-respirant.html\",\"name\":\"\u00c9chantillon : Scellement premium pour b\u00e9ton et pierre avec approfondissement de la couleur - non respirant - 3008-704 - versiegelung24.com\",\"isPartOf\":{\"@id\":\"https:\\\/\\\/www.versiegelung24.com\\\/fr\\\/#website\"},\"primaryImageOfPage\":{\"@id\":\"https:\\\/\\\/www.versiegelung24.com\\\/fr\\\/motif-beton-pierre-scellage-avec-hydrofuge-extreme-non-respirant.html#primaryimage\"},\"image\":{\"@id\":\"https:\\\/\\\/www.versiegelung24.com\\\/fr\\\/motif-beton-pierre-scellage-avec-hydrofuge-extreme-non-respirant.html#primaryimage\"},\"thumbnailUrl\":\"https:\\\/\\\/www.versiegelung24.com\\\/wp-content\\\/uploads\\\/2020\\\/04\\\/versiegelung-muster.png\",\"datePublished\":\"2020-04-29T18:41:14+00:00\",\"dateModified\":\"2025-01-03T23:11:27+00:00\",\"breadcrumb\":{\"@id\":\"https:\\\/\\\/www.versiegelung24.com\\\/fr\\\/motif-beton-pierre-scellage-avec-hydrofuge-extreme-non-respirant.html#breadcrumb\"},\"inLanguage\":\"fr-FR\",\"potentialAction\":[{\"@type\":\"ReadAction\",\"target\":[\"https:\\\/\\\/www.versiegelung24.com\\\/fr\\\/motif-beton-pierre-scellage-avec-hydrofuge-extreme-non-respirant.html\"]}]},{\"@type\":\"ImageObject\",\"inLanguage\":\"fr-FR\",\"@id\":\"https:\\\/\\\/www.versiegelung24.com\\\/fr\\\/motif-beton-pierre-scellage-avec-hydrofuge-extreme-non-respirant.html#primaryimage\",\"url\":\"https:\\\/\\\/www.versiegelung24.com\\\/wp-content\\\/uploads\\\/2020\\\/04\\\/versiegelung-muster.png\",\"contentUrl\":\"https:\\\/\\\/www.versiegelung24.com\\\/wp-content\\\/uploads\\\/2020\\\/04\\\/versiegelung-muster.png\",\"width\":1000,\"height\":1000},{\"@type\":\"BreadcrumbList\",\"@id\":\"https:\\\/\\\/www.versiegelung24.com\\\/fr\\\/motif-beton-pierre-scellage-avec-hydrofuge-extreme-non-respirant.html#breadcrumb\",\"itemListElement\":[{\"@type\":\"ListItem\",\"position\":1,\"name\":\"Page d'accueil\",\"item\":\"https:\\\/\\\/www.versiegelung24.com\\\/fr\\\/front\\\/\"},{\"@type\":\"ListItem\",\"position\":2,\"name\":\"Boutique\",\"item\":\"https:\\\/\\\/www.versiegelung24.com\\\/fr\\\/boutique-2\\\/\"},{\"@type\":\"ListItem\",\"position\":3,\"name\":\"\u00c9chantillon : Scellement premium pour b\u00e9ton et pierre avec approfondissement de la couleur &#8211; non respirant &#8211; 3008-704\"}]},{\"@type\":\"WebSite\",\"@id\":\"https:\\\/\\\/www.versiegelung24.com\\\/fr\\\/#website\",\"url\":\"https:\\\/\\\/www.versiegelung24.com\\\/fr\\\/\",\"name\":\"versiegelung24.com\",\"description\":\"Fl\u00fcssigglas-Versiegelung - Made in Germany\",\"publisher\":{\"@id\":\"https:\\\/\\\/www.versiegelung24.com\\\/fr\\\/#organization\"},\"potentialAction\":[{\"@type\":\"SearchAction\",\"target\":{\"@type\":\"EntryPoint\",\"urlTemplate\":\"https:\\\/\\\/www.versiegelung24.com\\\/fr\\\/?s={search_term_string}\"},\"query-input\":{\"@type\":\"PropertyValueSpecification\",\"valueRequired\":true,\"valueName\":\"search_term_string\"}}],\"inLanguage\":\"fr-FR\"},{\"@type\":\"Organization\",\"@id\":\"https:\\\/\\\/www.versiegelung24.com\\\/fr\\\/#organization\",\"name\":\"versiegelung24\",\"url\":\"https:\\\/\\\/www.versiegelung24.com\\\/fr\\\/\",\"logo\":{\"@type\":\"ImageObject\",\"inLanguage\":\"fr-FR\",\"@id\":\"https:\\\/\\\/www.versiegelung24.com\\\/fr\\\/#\\\/schema\\\/logo\\\/image\\\/\",\"url\":\"https:\\\/\\\/www.versiegelung24.com\\\/wp-content\\\/uploads\\\/2020\\\/04\\\/versiegelung24.png\",\"contentUrl\":\"https:\\\/\\\/www.versiegelung24.com\\\/wp-content\\\/uploads\\\/2020\\\/04\\\/versiegelung24.png\",\"width\":470,\"height\":102,\"caption\":\"versiegelung24\"},\"image\":{\"@id\":\"https:\\\/\\\/www.versiegelung24.com\\\/fr\\\/#\\\/schema\\\/logo\\\/image\\\/\"}}]}<\/script>\n<meta property=\"og:availability\" content=\"backorder\" \/>\n<meta property=\"product:availability\" content=\"available for order\" \/>\n<meta property=\"product:retailer_item_id\" content=\"3008-704-muster\" \/>\n<meta property=\"product:condition\" content=\"new\" \/>\n<!-- \/ Yoast SEO Premium plugin. -->","yoast_head_json":{"title":"\u00c9chantillon : Scellement premium pour b\u00e9ton et pierre avec approfondissement de la couleur - non respirant - 3008-704 - versiegelung24.com","robots":{"index":"index","follow":"follow","max-snippet":"max-snippet:-1","max-image-preview":"max-image-preview:large","max-video-preview":"max-video-preview:-1"},"canonical":"https:\/\/www.versiegelung24.com\/fr\/motif-beton-pierre-scellage-avec-hydrofuge-extreme-non-respirant.html","og_locale":"fr_FR","og_type":"article","og_title":"\u00c9chantillon : Scellement premium pour b\u00e9ton et pierre avec approfondissement de la couleur - non respirant - 3008-704","og_description":"Vernis extr\u00eamement hydrofuge pour une utilisation en int\u00e9rieur et en ext\u00e9rieur  \u2713 pour toutes les surfaces absorbantes en pierre min\u00e9rale et en b\u00e9ton \u2713 Effet facile \u00e0 nettoyer : la salet\u00e9 n'adh\u00e8re pas et s'\u00e9limine facilement \u2713 les surfaces trait\u00e9es ne sont pas respirantes \u2713 Emp\u00eache la croissance de mousse, de lichen, de champignons et d'autres influences naturelles \u2713 Effet d'approfondissement de la couleur avec un film brillant \/ am\u00e9lioration de la surface \u2713 Dur\u00e9e de vie&nbsp;: 5 ans et plus","og_url":"https:\/\/www.versiegelung24.com\/fr\/motif-beton-pierre-scellage-avec-hydrofuge-extreme-non-respirant.html","og_site_name":"versiegelung24.com","article_modified_time":"2025-01-03T23:11:27+00:00","og_image":[{"width":1000,"height":1000,"url":"https:\/\/www.versiegelung24.com\/wp-content\/uploads\/2020\/04\/versiegelung-muster.png","type":"image\/png"}],"twitter_card":"summary_large_image","twitter_misc":{"Disponibilit\u00e9":"En r\u00e9assort"},"schema":{"@context":"https:\/\/schema.org","@graph":[{"@type":"WebPage","@id":"https:\/\/www.versiegelung24.com\/fr\/motif-beton-pierre-scellage-avec-hydrofuge-extreme-non-respirant.html","url":"https:\/\/www.versiegelung24.com\/fr\/motif-beton-pierre-scellage-avec-hydrofuge-extreme-non-respirant.html","name":"\u00c9chantillon : Scellement premium pour b\u00e9ton et pierre avec approfondissement de la couleur - non respirant - 3008-704 - versiegelung24.com","isPartOf":{"@id":"https:\/\/www.versiegelung24.com\/fr\/#website"},"primaryImageOfPage":{"@id":"https:\/\/www.versiegelung24.com\/fr\/motif-beton-pierre-scellage-avec-hydrofuge-extreme-non-respirant.html#primaryimage"},"image":{"@id":"https:\/\/www.versiegelung24.com\/fr\/motif-beton-pierre-scellage-avec-hydrofuge-extreme-non-respirant.html#primaryimage"},"thumbnailUrl":"https:\/\/www.versiegelung24.com\/wp-content\/uploads\/2020\/04\/versiegelung-muster.png","datePublished":"2020-04-29T18:41:14+00:00","dateModified":"2025-01-03T23:11:27+00:00","breadcrumb":{"@id":"https:\/\/www.versiegelung24.com\/fr\/motif-beton-pierre-scellage-avec-hydrofuge-extreme-non-respirant.html#breadcrumb"},"inLanguage":"fr-FR","potentialAction":[{"@type":"ReadAction","target":["https:\/\/www.versiegelung24.com\/fr\/motif-beton-pierre-scellage-avec-hydrofuge-extreme-non-respirant.html"]}]},{"@type":"ImageObject","inLanguage":"fr-FR","@id":"https:\/\/www.versiegelung24.com\/fr\/motif-beton-pierre-scellage-avec-hydrofuge-extreme-non-respirant.html#primaryimage","url":"https:\/\/www.versiegelung24.com\/wp-content\/uploads\/2020\/04\/versiegelung-muster.png","contentUrl":"https:\/\/www.versiegelung24.com\/wp-content\/uploads\/2020\/04\/versiegelung-muster.png","width":1000,"height":1000},{"@type":"BreadcrumbList","@id":"https:\/\/www.versiegelung24.com\/fr\/motif-beton-pierre-scellage-avec-hydrofuge-extreme-non-respirant.html#breadcrumb","itemListElement":[{"@type":"ListItem","position":1,"name":"Page d'accueil","item":"https:\/\/www.versiegelung24.com\/fr\/front\/"},{"@type":"ListItem","position":2,"name":"Boutique","item":"https:\/\/www.versiegelung24.com\/fr\/boutique-2\/"},{"@type":"ListItem","position":3,"name":"\u00c9chantillon : Scellement premium pour b\u00e9ton et pierre avec approfondissement de la couleur &#8211; non respirant &#8211; 3008-704"}]},{"@type":"WebSite","@id":"https:\/\/www.versiegelung24.com\/fr\/#website","url":"https:\/\/www.versiegelung24.com\/fr\/","name":"versiegelung24.com","description":"Fl\u00fcssigglas-Versiegelung - Made in Germany","publisher":{"@id":"https:\/\/www.versiegelung24.com\/fr\/#organization"},"potentialAction":[{"@type":"SearchAction","target":{"@type":"EntryPoint","urlTemplate":"https:\/\/www.versiegelung24.com\/fr\/?s={search_term_string}"},"query-input":{"@type":"PropertyValueSpecification","valueRequired":true,"valueName":"search_term_string"}}],"inLanguage":"fr-FR"},{"@type":"Organization","@id":"https:\/\/www.versiegelung24.com\/fr\/#organization","name":"versiegelung24","url":"https:\/\/www.versiegelung24.com\/fr\/","logo":{"@type":"ImageObject","inLanguage":"fr-FR","@id":"https:\/\/www.versiegelung24.com\/fr\/#\/schema\/logo\/image\/","url":"https:\/\/www.versiegelung24.com\/wp-content\/uploads\/2020\/04\/versiegelung24.png","contentUrl":"https:\/\/www.versiegelung24.com\/wp-content\/uploads\/2020\/04\/versiegelung24.png","width":470,"height":102,"caption":"versiegelung24"},"image":{"@id":"https:\/\/www.versiegelung24.com\/fr\/#\/schema\/logo\/image\/"}}]},"og_availability":"backorder","product_availability":"available for order","product_retailer_item_id":"3008-704-muster","product_condition":"new"},"_links":{"self":[{"href":"https:\/\/www.versiegelung24.com\/fr\/wp-json\/wp\/v2\/product\/24054","targetHints":{"allow":["GET"]}}],"collection":[{"href":"https:\/\/www.versiegelung24.com\/fr\/wp-json\/wp\/v2\/product"}],"about":[{"href":"https:\/\/www.versiegelung24.com\/fr\/wp-json\/wp\/v2\/types\/product"}],"version-history":[{"count":3,"href":"https:\/\/www.versiegelung24.com\/fr\/wp-json\/wp\/v2\/product\/24054\/revisions"}],"predecessor-version":[{"id":177864,"href":"https:\/\/www.versiegelung24.com\/fr\/wp-json\/wp\/v2\/product\/24054\/revisions\/177864"}],"wp:featuredmedia":[{"embeddable":true,"href":"https:\/\/www.versiegelung24.com\/fr\/wp-json\/wp\/v2\/media\/14609"}],"wp:attachment":[{"href":"https:\/\/www.versiegelung24.com\/fr\/wp-json\/wp\/v2\/media?parent=24054"}],"wp:term":[{"taxonomy":"product_brand","embeddable":true,"href":"https:\/\/www.versiegelung24.com\/fr\/wp-json\/wp\/v2\/product_brand?post=24054"},{"taxonomy":"product_cat","embeddable":true,"href":"https:\/\/www.versiegelung24.com\/fr\/wp-json\/wp\/v2\/product_cat?post=24054"},{"taxonomy":"product_tag","embeddable":true,"href":"https:\/\/www.versiegelung24.com\/fr\/wp-json\/wp\/v2\/product_tag?post=24054"}],"curies":[{"name":"wp","href":"https:\/\/api.w.org\/{rel}","templated":true}]}}