{"id":24104,"date":"2020-04-27T21:49:59","date_gmt":"2021-08-02T20:24:55","guid":{"rendered":"https:\/\/www.versiegelung24.com\/produkt\/monument-stone-scellement-haute-performance-de-la-pierre-et-du-beton"},"modified":"2025-03-20T09:53:51","modified_gmt":"2025-03-20T08:53:51","slug":"monument-pierre-pierre-et-beton-etancheite-haute-performance","status":"publish","type":"product","link":"https:\/\/www.versiegelung24.com\/fr\/monument-pierre-pierre-et-beton-etancheite-haute-performance.html","title":{"rendered":"Monument Stone &#8211; Scellant pour verre liquide pour pierre et b\u00e9ton"},"content":{"rendered":"\n<p>Notre joint haute performance Monument Stone prot\u00e8ge efficacement et en permanence les produits en pierre de b\u00e9ton de haute qualit\u00e9 de la contamination g\u00e9n\u00e9rale par l&#8217;eau, les aliments et les huiles.<\/p>\n\n<hr \/>\n\n<h4 class=\"wp-block-heading\" id=\"properties\">Caract\u00e9ristiques du produit<\/h4>\n\n<div class=\"wp-block-columns is-layout-flex wp-container-core-columns-is-layout-9d6595d7 wp-block-columns-is-layout-flex\">\n<div class=\"wp-block-column is-layout-flow wp-block-column-is-layout-flow\">\n<p><strong>\u00c9tanch\u00e9it\u00e9 haute performance pour les produits en pierre et en blocs de b\u00e9ton afin de r\u00e9duire la tendance g\u00e9n\u00e9rale \u00e0 la salissure par l&#8217;eau, les aliments et les huiles<\/strong><\/p>\n\n\n\n<p>Num\u00e9ro d&#8217;article : 3009-8637<\/p>\n\n\n\n<p>Fabriqu\u00e9 en Allemagne de haute qualit\u00e9<\/p>\n\n\n\n<p><strong>la s\u00e9curit\u00e9 des produits<\/strong><\/p>\n\n\n\n<p>Des informations sur la classification du produit dans le cadre de l&#8217;ordonnance sur les substances dangereuses, des donn\u00e9es de s\u00e9curit\u00e9 et des donn\u00e9es sur la toxicologie et le stockage peuvent \u00eatre trouv\u00e9es dans notre fiche de donn\u00e9es de s\u00e9curit\u00e9.<\/p>\n\n\n\n<p><strong>stockage<\/strong><\/p>\n\n\n\n<p>Les informations de la fiche de donn\u00e9es de s\u00e9curit\u00e9 (FDS) correspondante doivent \u00eatre respect\u00e9es.<\/p>\n\n\n\n<p>V24 Monument Stone doit \u00eatre stock\u00e9 dans un endroit sec, bien a\u00e9r\u00e9 et frais (20\u00b0C). Conserver\/stocker uniquement dans le r\u00e9cipient d&#8217;origine herm\u00e9tiquement ferm\u00e9. Prot\u00e9ger des rayons directs du soleil. S&#8217;il est stock\u00e9 correctement, la dur\u00e9e de conservation minimale est de 12 mois \u00e0 compter de la date de fabrication.<\/p>\n\n\n\n<p>Une p\u00e9riode de stockage plus longue ne signifie pas n\u00e9cessairement que le produit est inutilisable, cependant, en termes d&#8217;assurance qualit\u00e9, les propri\u00e9t\u00e9s souhait\u00e9es pour l&#8217;utilisation pr\u00e9vue doivent \u00eatre v\u00e9rifi\u00e9es.<\/p>\n<\/div>\n\n\n\n<div class=\"wp-block-column is-layout-flow wp-block-column-is-layout-flow\">\n<p>\u2713 Impr\u00e9gnation haute performance \u00e0 base d&#8217;eau<\/p>\n\n\n\n<p>\u2713 Efficace jusqu&#8217;\u00e0 10 ans (sous r\u00e9serve d&#8217;une utilisation correcte)<\/p>\n\n\n\n<p>\u2713 Particuli\u00e8rement adapt\u00e9 \u00e0 la protection longue dur\u00e9e des monuments<\/p>\n\n\n\n<p>\u2713 hautement concentr\u00e9<\/p>\n\n\n\n<p>\u2713 Protection \u00e0 long terme gr\u00e2ce \u00e0 la liaison chimique du substrat<\/p>\n\n\n\n<p>\u2713 R\u00e9sistant aux alcalis jusqu&#8217;\u00e0 pH 10-11*<\/p>\n\n\n\n<p>\u2713 Effet antiadh\u00e9sif<\/p>\n\n\n\n<p>\u2713 Tr\u00e8s r\u00e9sistant \u00e0 l&#8217;huile, \u00e0 l&#8217;eau et \u00e0 la salet\u00e9<\/p>\n\n\n\n<p>\u2713 R\u00e9sistant aux alcalis<\/p>\n\n\n\n<p>\u2713 Efflorescence r\u00e9duite<\/p>\n\n\n\n<p>\u2713 Minimisation de l&#8217;adh\u00e9rence de la salet\u00e9<\/p>\n\n\n\n<p>\u2713 R\u00e9duction de la croissance des algues et des mousses<\/p>\n\n\n\n<p>\u2713 r\u00e9duit le r\u00e9encrassement<\/p>\n\n\n\n<p>\u2713 Ouvert \u00e0 la diffusion de vapeur<\/p>\n\n\n\n<p>\u2713 s\u00e8che rapidement et sans toucher<\/p>\n\n\n\n<p>\u2713 Haute stabilit\u00e9 aux UV<\/p>\n\n\n\n<p>\u2713 Solution pr\u00eate \u00e0 l&#8217;emploi<\/p>\n\n\n\n<p>\u2713 invisibles<\/p>\n<\/div>\n<\/div>\n\n<hr \/>\n\n<h4 class=\"wp-block-heading\" id=\"application\">Application<\/h4>\n\n<div class=\"wp-block-columns is-layout-flex wp-container-core-columns-is-layout-9d6595d7 wp-block-columns-is-layout-flex\">\n<div class=\"wp-block-column is-layout-flow wp-block-column-is-layout-flow\">\n<ul class=\"wp-block-list\">\n<li><strong>V24 Monument Stone &#8211; le scellement de verre liquide<\/strong> est appliqu\u00e9 non dilu\u00e9 sur la surface pr\u00e9-nettoy\u00e9e et s\u00e9ch\u00e9e, car c&#8217;est le seul moyen d&#8217;assurer une p\u00e9n\u00e9tration profonde du scellement, ce qui provoque un effet optimal \u00e0 long terme et en profondeur.<\/li>\n<\/ul>\n\n\n\n<ul class=\"wp-block-list\">\n<li>Le scellant est uniform\u00e9ment et finement appliqu\u00e9 sur le support jusqu&#8217;\u00e0 ce que la surface apparaisse mate et humide.<\/li>\n<\/ul>\n\n\n\n<ul class=\"wp-block-list\">\n<li>Il s&#8217;applique au pinceau, au rouleau mousse, au chiffon microfibre ou par pulv\u00e9risation.<\/li>\n<\/ul>\n\n\n\n<ul class=\"wp-block-list\">\n<li>La formation de flaques est \u00e0 \u00e9viter. L&#8217;exc\u00e9dent d&#8217;imperm\u00e9abilisant doit \u00eatre \u00e9limin\u00e9 du support.<\/li>\n<\/ul>\n<\/div>\n\n\n\n<div class=\"wp-block-column is-layout-flow wp-block-column-is-layout-flow\">\n<ul class=\"wp-block-list\">\n<li>Apr\u00e8s application, la <strong>V24 Monument Stone<\/strong> doit rester en contact avec la surface sous forme de film liquide pendant plusieurs secondes.<\/li>\n<\/ul>\n\n\n\n<ul class=\"wp-block-list\">\n<li>La pleine fonctionnalit\u00e9 se produit apr\u00e8s 48 heures de s\u00e9chage \u00e0 temp\u00e9rature ambiante. Le s\u00e9chage en profondeur peut \u00e9galement varier en fonction du substrat.<\/li>\n<\/ul>\n\n\n\n<p>Vous trouverez une description d\u00e9taill\u00e9e de l&#8217;application dans notre fiche technique<\/p>\n\n\n\n<p>Scellement de verre liquide tr\u00e8s efficace pour les monuments &#8211; produits en pierre et en blocs de b\u00e9ton.<\/p>\n\n\n\n<p>\u2713 B\u00e9ton (articles)<\/p>\n\n\n\n<p>\u2713 Pierre (Articles)<\/p>\n\n\n\n<p>\u2713 Syst\u00e8mes de dalles et pav\u00e9s uni<\/p>\n\n\n\n<p>\u2713 Pierres monumentales<\/p>\n<\/div>\n<\/div>\n","protected":false},"excerpt":{"rendered":"<p><strong>Mastic de verre liquide ol\u00e9ofuge, hydrofuge et anti-salissures pour surfaces en pierre et en b\u00e9ton<\/strong><\/p>\n<p>\u2713 Protection \u00e0 long terme gr\u00e2ce \u00e0 la liaison chimique du substrat<\/p>\n<p>\u2713 Tr\u00e8s r\u00e9sistant \u00e0 l&#8217;huile, \u00e0 l&#8217;eau et \u00e0 la salet\u00e9<\/p>\n<p>\u2713 Protection \u00e0 long terme sur la pierre du monument<\/p>\n<p>\u2713 R\u00e9duction de la croissance des algues et des mousses<\/p>\n<p>\u2713 Effet antiadh\u00e9sif<\/p>\n","protected":false},"featured_media":18142,"template":"","meta":{"_acf_changed":false,"neve_meta_sidebar":"","neve_meta_container":"","neve_meta_enable_content_width":"","neve_meta_content_width":0,"neve_meta_title_alignment":"","neve_meta_author_avatar":"","neve_post_elements_order":"","neve_meta_disable_header":"","neve_meta_disable_footer":"","neve_meta_disable_title":"","neve_meta_reading_time":"","_surfaces":[],"_ver_product_tabs":[],"footnotes":""},"product_brand":[],"product_cat":[2294],"product_tag":[],"class_list":{"0":"post-24104","1":"product","2":"type-product","3":"status-publish","4":"has-post-thumbnail","6":"product_cat-scellement-pierre-beton","8":"first","9":"onbackorder","10":"taxable","11":"shipping-taxable","12":"purchasable","13":"product-type-simple"},"acf":[],"yoast_head":"<!-- This site is optimized with the Yoast SEO Premium plugin v22.8 (Yoast SEO v27.5) - https:\/\/yoast.com\/product\/yoast-seo-premium-wordpress\/ -->\n<title>Monument Stone - Scellant pour verre liquide pour pierre et b\u00e9ton - versiegelung24.com<\/title>\n<meta name=\"robots\" content=\"index, follow, max-snippet:-1, max-image-preview:large, max-video-preview:-1\" \/>\n<link rel=\"canonical\" href=\"https:\/\/www.versiegelung24.com\/fr\/monument-pierre-pierre-et-beton-etancheite-haute-performance.html\" \/>\n<meta property=\"og:locale\" content=\"fr_FR\" \/>\n<meta property=\"og:type\" content=\"article\" \/>\n<meta property=\"og:title\" content=\"Monument Stone - Scellant pour verre liquide pour pierre et b\u00e9ton\" \/>\n<meta property=\"og:description\" content=\"Mastic de verre liquide ol\u00e9ofuge, hydrofuge et anti-salissures pour surfaces en pierre et en b\u00e9ton \u2713 Protection \u00e0 long terme gr\u00e2ce \u00e0 la liaison chimique du substrat \u2713 Tr\u00e8s r\u00e9sistant \u00e0 l&#039;huile, \u00e0 l&#039;eau et \u00e0 la salet\u00e9 \u2713 Protection \u00e0 long terme sur la pierre du monument \u2713 R\u00e9duction de la croissance des algues et des mousses \u2713 Effet antiadh\u00e9sif\" \/>\n<meta property=\"og:url\" content=\"https:\/\/www.versiegelung24.com\/fr\/monument-pierre-pierre-et-beton-etancheite-haute-performance.html\" \/>\n<meta property=\"og:site_name\" content=\"versiegelung24.com\" \/>\n<meta property=\"article:modified_time\" content=\"2025-03-20T08:53:51+00:00\" \/>\n<meta property=\"og:image\" content=\"https:\/\/www.versiegelung24.com\/wp-content\/uploads\/2020\/06\/produkt-3009-7637-1000-Monument-Stone-scaled.jpg\" \/>\n\t<meta property=\"og:image:width\" content=\"2560\" \/>\n\t<meta property=\"og:image:height\" content=\"2560\" \/>\n\t<meta property=\"og:image:type\" content=\"image\/jpeg\" \/>\n<meta name=\"twitter:card\" content=\"summary_large_image\" \/>\n<meta name=\"twitter:label1\" content=\"Prix\" \/>\n\t<meta name=\"twitter:data1\" content=\"89,99&euro;\" \/>\n\t<meta name=\"twitter:label2\" content=\"Disponibilit\u00e9\" \/>\n\t<meta name=\"twitter:data2\" content=\"En r\u00e9assort\" \/>\n<script type=\"application\/ld+json\" class=\"yoast-schema-graph\">{\"@context\":\"https:\\\/\\\/schema.org\",\"@graph\":[{\"@type\":\"WebPage\",\"@id\":\"https:\\\/\\\/www.versiegelung24.com\\\/fr\\\/monument-pierre-pierre-et-beton-etancheite-haute-performance.html\",\"url\":\"https:\\\/\\\/www.versiegelung24.com\\\/fr\\\/monument-pierre-pierre-et-beton-etancheite-haute-performance.html\",\"name\":\"Monument Stone - Scellant pour verre liquide pour pierre et b\u00e9ton - versiegelung24.com\",\"isPartOf\":{\"@id\":\"https:\\\/\\\/www.versiegelung24.com\\\/fr\\\/#website\"},\"primaryImageOfPage\":{\"@id\":\"https:\\\/\\\/www.versiegelung24.com\\\/fr\\\/monument-pierre-pierre-et-beton-etancheite-haute-performance.html#primaryimage\"},\"image\":{\"@id\":\"https:\\\/\\\/www.versiegelung24.com\\\/fr\\\/monument-pierre-pierre-et-beton-etancheite-haute-performance.html#primaryimage\"},\"thumbnailUrl\":\"https:\\\/\\\/www.versiegelung24.com\\\/wp-content\\\/uploads\\\/2020\\\/06\\\/produkt-3009-7637-1000-Monument-Stone-scaled.jpg\",\"datePublished\":\"2021-08-02T20:24:55+00:00\",\"dateModified\":\"2025-03-20T08:53:51+00:00\",\"breadcrumb\":{\"@id\":\"https:\\\/\\\/www.versiegelung24.com\\\/fr\\\/monument-pierre-pierre-et-beton-etancheite-haute-performance.html#breadcrumb\"},\"inLanguage\":\"fr-FR\",\"potentialAction\":[{\"@type\":\"ReadAction\",\"target\":[\"https:\\\/\\\/www.versiegelung24.com\\\/fr\\\/monument-pierre-pierre-et-beton-etancheite-haute-performance.html\"]}]},{\"@type\":\"ImageObject\",\"inLanguage\":\"fr-FR\",\"@id\":\"https:\\\/\\\/www.versiegelung24.com\\\/fr\\\/monument-pierre-pierre-et-beton-etancheite-haute-performance.html#primaryimage\",\"url\":\"https:\\\/\\\/www.versiegelung24.com\\\/wp-content\\\/uploads\\\/2020\\\/06\\\/produkt-3009-7637-1000-Monument-Stone-scaled.jpg\",\"contentUrl\":\"https:\\\/\\\/www.versiegelung24.com\\\/wp-content\\\/uploads\\\/2020\\\/06\\\/produkt-3009-7637-1000-Monument-Stone-scaled.jpg\",\"width\":2560,\"height\":2560},{\"@type\":\"BreadcrumbList\",\"@id\":\"https:\\\/\\\/www.versiegelung24.com\\\/fr\\\/monument-pierre-pierre-et-beton-etancheite-haute-performance.html#breadcrumb\",\"itemListElement\":[{\"@type\":\"ListItem\",\"position\":1,\"name\":\"Page d'accueil\",\"item\":\"https:\\\/\\\/www.versiegelung24.com\\\/fr\\\/front\\\/\"},{\"@type\":\"ListItem\",\"position\":2,\"name\":\"Boutique\",\"item\":\"https:\\\/\\\/www.versiegelung24.com\\\/fr\\\/boutique-2\\\/\"},{\"@type\":\"ListItem\",\"position\":3,\"name\":\"Monument Stone &#8211; Scellant pour verre liquide pour pierre et b\u00e9ton\"}]},{\"@type\":\"WebSite\",\"@id\":\"https:\\\/\\\/www.versiegelung24.com\\\/fr\\\/#website\",\"url\":\"https:\\\/\\\/www.versiegelung24.com\\\/fr\\\/\",\"name\":\"versiegelung24.com\",\"description\":\"Fl\u00fcssigglas-Versiegelung - Made in Germany\",\"publisher\":{\"@id\":\"https:\\\/\\\/www.versiegelung24.com\\\/fr\\\/#organization\"},\"potentialAction\":[{\"@type\":\"SearchAction\",\"target\":{\"@type\":\"EntryPoint\",\"urlTemplate\":\"https:\\\/\\\/www.versiegelung24.com\\\/fr\\\/?s={search_term_string}\"},\"query-input\":{\"@type\":\"PropertyValueSpecification\",\"valueRequired\":true,\"valueName\":\"search_term_string\"}}],\"inLanguage\":\"fr-FR\"},{\"@type\":\"Organization\",\"@id\":\"https:\\\/\\\/www.versiegelung24.com\\\/fr\\\/#organization\",\"name\":\"versiegelung24\",\"url\":\"https:\\\/\\\/www.versiegelung24.com\\\/fr\\\/\",\"logo\":{\"@type\":\"ImageObject\",\"inLanguage\":\"fr-FR\",\"@id\":\"https:\\\/\\\/www.versiegelung24.com\\\/fr\\\/#\\\/schema\\\/logo\\\/image\\\/\",\"url\":\"https:\\\/\\\/www.versiegelung24.com\\\/wp-content\\\/uploads\\\/2020\\\/04\\\/versiegelung24.png\",\"contentUrl\":\"https:\\\/\\\/www.versiegelung24.com\\\/wp-content\\\/uploads\\\/2020\\\/04\\\/versiegelung24.png\",\"width\":470,\"height\":102,\"caption\":\"versiegelung24\"},\"image\":{\"@id\":\"https:\\\/\\\/www.versiegelung24.com\\\/fr\\\/#\\\/schema\\\/logo\\\/image\\\/\"}}]}<\/script>\n<meta property=\"product:price:amount\" content=\"89.99\" \/>\n<meta property=\"product:price:currency\" content=\"EUR\" \/>\n<meta property=\"og:availability\" content=\"backorder\" \/>\n<meta property=\"product:availability\" content=\"available for order\" \/>\n<meta property=\"product:retailer_item_id\" content=\"3009-8637-1\" \/>\n<meta property=\"product:condition\" content=\"new\" \/>\n<!-- \/ Yoast SEO Premium plugin. -->","yoast_head_json":{"title":"Monument Stone - Scellant pour verre liquide pour pierre et b\u00e9ton - versiegelung24.com","robots":{"index":"index","follow":"follow","max-snippet":"max-snippet:-1","max-image-preview":"max-image-preview:large","max-video-preview":"max-video-preview:-1"},"canonical":"https:\/\/www.versiegelung24.com\/fr\/monument-pierre-pierre-et-beton-etancheite-haute-performance.html","og_locale":"fr_FR","og_type":"article","og_title":"Monument Stone - Scellant pour verre liquide pour pierre et b\u00e9ton","og_description":"Mastic de verre liquide ol\u00e9ofuge, hydrofuge et anti-salissures pour surfaces en pierre et en b\u00e9ton \u2713 Protection \u00e0 long terme gr\u00e2ce \u00e0 la liaison chimique du substrat \u2713 Tr\u00e8s r\u00e9sistant \u00e0 l'huile, \u00e0 l'eau et \u00e0 la salet\u00e9 \u2713 Protection \u00e0 long terme sur la pierre du monument \u2713 R\u00e9duction de la croissance des algues et des mousses \u2713 Effet antiadh\u00e9sif","og_url":"https:\/\/www.versiegelung24.com\/fr\/monument-pierre-pierre-et-beton-etancheite-haute-performance.html","og_site_name":"versiegelung24.com","article_modified_time":"2025-03-20T08:53:51+00:00","og_image":[{"width":2560,"height":2560,"url":"https:\/\/www.versiegelung24.com\/wp-content\/uploads\/2020\/06\/produkt-3009-7637-1000-Monument-Stone-scaled.jpg","type":"image\/jpeg"}],"twitter_card":"summary_large_image","twitter_misc":{"Prix":"89,99&euro;","Disponibilit\u00e9":"En r\u00e9assort"},"schema":{"@context":"https:\/\/schema.org","@graph":[{"@type":"WebPage","@id":"https:\/\/www.versiegelung24.com\/fr\/monument-pierre-pierre-et-beton-etancheite-haute-performance.html","url":"https:\/\/www.versiegelung24.com\/fr\/monument-pierre-pierre-et-beton-etancheite-haute-performance.html","name":"Monument Stone - Scellant pour verre liquide pour pierre et b\u00e9ton - versiegelung24.com","isPartOf":{"@id":"https:\/\/www.versiegelung24.com\/fr\/#website"},"primaryImageOfPage":{"@id":"https:\/\/www.versiegelung24.com\/fr\/monument-pierre-pierre-et-beton-etancheite-haute-performance.html#primaryimage"},"image":{"@id":"https:\/\/www.versiegelung24.com\/fr\/monument-pierre-pierre-et-beton-etancheite-haute-performance.html#primaryimage"},"thumbnailUrl":"https:\/\/www.versiegelung24.com\/wp-content\/uploads\/2020\/06\/produkt-3009-7637-1000-Monument-Stone-scaled.jpg","datePublished":"2021-08-02T20:24:55+00:00","dateModified":"2025-03-20T08:53:51+00:00","breadcrumb":{"@id":"https:\/\/www.versiegelung24.com\/fr\/monument-pierre-pierre-et-beton-etancheite-haute-performance.html#breadcrumb"},"inLanguage":"fr-FR","potentialAction":[{"@type":"ReadAction","target":["https:\/\/www.versiegelung24.com\/fr\/monument-pierre-pierre-et-beton-etancheite-haute-performance.html"]}]},{"@type":"ImageObject","inLanguage":"fr-FR","@id":"https:\/\/www.versiegelung24.com\/fr\/monument-pierre-pierre-et-beton-etancheite-haute-performance.html#primaryimage","url":"https:\/\/www.versiegelung24.com\/wp-content\/uploads\/2020\/06\/produkt-3009-7637-1000-Monument-Stone-scaled.jpg","contentUrl":"https:\/\/www.versiegelung24.com\/wp-content\/uploads\/2020\/06\/produkt-3009-7637-1000-Monument-Stone-scaled.jpg","width":2560,"height":2560},{"@type":"BreadcrumbList","@id":"https:\/\/www.versiegelung24.com\/fr\/monument-pierre-pierre-et-beton-etancheite-haute-performance.html#breadcrumb","itemListElement":[{"@type":"ListItem","position":1,"name":"Page d'accueil","item":"https:\/\/www.versiegelung24.com\/fr\/front\/"},{"@type":"ListItem","position":2,"name":"Boutique","item":"https:\/\/www.versiegelung24.com\/fr\/boutique-2\/"},{"@type":"ListItem","position":3,"name":"Monument Stone &#8211; Scellant pour verre liquide pour pierre et b\u00e9ton"}]},{"@type":"WebSite","@id":"https:\/\/www.versiegelung24.com\/fr\/#website","url":"https:\/\/www.versiegelung24.com\/fr\/","name":"versiegelung24.com","description":"Fl\u00fcssigglas-Versiegelung - Made in Germany","publisher":{"@id":"https:\/\/www.versiegelung24.com\/fr\/#organization"},"potentialAction":[{"@type":"SearchAction","target":{"@type":"EntryPoint","urlTemplate":"https:\/\/www.versiegelung24.com\/fr\/?s={search_term_string}"},"query-input":{"@type":"PropertyValueSpecification","valueRequired":true,"valueName":"search_term_string"}}],"inLanguage":"fr-FR"},{"@type":"Organization","@id":"https:\/\/www.versiegelung24.com\/fr\/#organization","name":"versiegelung24","url":"https:\/\/www.versiegelung24.com\/fr\/","logo":{"@type":"ImageObject","inLanguage":"fr-FR","@id":"https:\/\/www.versiegelung24.com\/fr\/#\/schema\/logo\/image\/","url":"https:\/\/www.versiegelung24.com\/wp-content\/uploads\/2020\/04\/versiegelung24.png","contentUrl":"https:\/\/www.versiegelung24.com\/wp-content\/uploads\/2020\/04\/versiegelung24.png","width":470,"height":102,"caption":"versiegelung24"},"image":{"@id":"https:\/\/www.versiegelung24.com\/fr\/#\/schema\/logo\/image\/"}}]},"product_price_amount":"89.99","product_price_currency":"EUR","og_availability":"backorder","product_availability":"available for order","product_retailer_item_id":"3009-8637-1","product_condition":"new"},"_links":{"self":[{"href":"https:\/\/www.versiegelung24.com\/fr\/wp-json\/wp\/v2\/product\/24104","targetHints":{"allow":["GET"]}}],"collection":[{"href":"https:\/\/www.versiegelung24.com\/fr\/wp-json\/wp\/v2\/product"}],"about":[{"href":"https:\/\/www.versiegelung24.com\/fr\/wp-json\/wp\/v2\/types\/product"}],"version-history":[{"count":24,"href":"https:\/\/www.versiegelung24.com\/fr\/wp-json\/wp\/v2\/product\/24104\/revisions"}],"predecessor-version":[{"id":181040,"href":"https:\/\/www.versiegelung24.com\/fr\/wp-json\/wp\/v2\/product\/24104\/revisions\/181040"}],"wp:featuredmedia":[{"embeddable":true,"href":"https:\/\/www.versiegelung24.com\/fr\/wp-json\/wp\/v2\/media\/18142"}],"wp:attachment":[{"href":"https:\/\/www.versiegelung24.com\/fr\/wp-json\/wp\/v2\/media?parent=24104"}],"wp:term":[{"taxonomy":"product_brand","embeddable":true,"href":"https:\/\/www.versiegelung24.com\/fr\/wp-json\/wp\/v2\/product_brand?post=24104"},{"taxonomy":"product_cat","embeddable":true,"href":"https:\/\/www.versiegelung24.com\/fr\/wp-json\/wp\/v2\/product_cat?post=24104"},{"taxonomy":"product_tag","embeddable":true,"href":"https:\/\/www.versiegelung24.com\/fr\/wp-json\/wp\/v2\/product_tag?post=24104"}],"curies":[{"name":"wp","href":"https:\/\/api.w.org\/{rel}","templated":true}]}}