{"id":24165,"date":"2020-04-04T18:53:46","date_gmt":"2021-08-02T20:30:15","guid":{"rendered":"https:\/\/www.versiegelung24.com\/produkt\/liquid-glass-cell-phone-sealing-protecteur-decran-liquide"},"modified":"2025-01-06T15:11:00","modified_gmt":"2025-01-06T14:11:00","slug":"liquide-verre-cellule-scellant-liquide-protection-ecran","status":"publish","type":"product","link":"https:\/\/www.versiegelung24.com\/fr\/liquide-verre-cellule-scellant-liquide-protection-ecran.html","title":{"rendered":"Liquid Glass Cell Phone Sealing &#8211; protecteur d&#8217;\u00e9cran liquide"},"content":{"rendered":"\n<p><strong>Rev\u00eatement en verre liquide tr\u00e8s efficace pour les \u00e9crans de t\u00e9l\u00e9phones portables &#8211; nano-protection contre les rayures, les bact\u00e9ries, les radiations, la salet\u00e9 et l&#8217;humidit\u00e9<\/strong><\/p>\n\n<p>Haute qualit\u00e9 &#8211; Fabriqu\u00e9 en Allemagne<\/p>\n\n<hr\/>\n\n<h4 class=\"wp-block-heading\" id=\"properties\">Caract\u00e9ristiques du produit<\/h4>\n\n<div class=\"wp-block-columns is-layout-flex wp-container-core-columns-is-layout-9d6595d7 wp-block-columns-is-layout-flex\">\n<div class=\"wp-block-column is-layout-flow wp-block-column-is-layout-flow\">\n<ul class=\"wp-block-list\"><li>Tr\u00e8s facile \u00e0 appliquer<\/li><li>Convient \u00e0 tous les mod\u00e8les de t\u00e9l\u00e9phones portables, tablettes, smartphones. Y compris &#8220;Edge&#8221;<\/li><li>Compl\u00e8tement sans bulles et invisible<\/li><li>Protection contre les rayures contre les micro-rayures<\/li><li>Compl\u00e8tement sans bulles et invisible<\/li><li>Inhibe la croissance bact\u00e9rienne<\/li><\/ul>\n<\/div>\n\n\n\n<div class=\"wp-block-column is-layout-flow wp-block-column-is-layout-flow\">\n<ul class=\"wp-block-list\" id=\"block-f0da57e8-d3f5-402c-8f3a-1888e700b7ff\"><li>R\u00e9duit les empreintes digitales<\/li><li>R\u00e9duit le rayonnement gamma<\/li><li>La surface devient tr\u00e8s facile \u00e0 nettoyer<\/li><li>Aucune alt\u00e9ration des fonctions Touch &amp; Button, le d\u00e9filement devient plus agr\u00e9able<\/li><li>Peut se conserver plusieurs mois<\/li><\/ul>\n<\/div>\n<\/div>\n\n<p>Contenu de la livraison\u00a0:<\/p>\n\n<p>2 chiffons de pr\u00e9-nettoyage \u00e0 l&#8217;alcool et 2 chiffons d&#8217;\u00e9tanch\u00e9it\u00e9 en verre liquide pour \u00e9crans tactiles (verre et plastique, chacun pour environ 0,5 m\u00b2) 1 chiffon en microfibre, 2 gants de protection<\/p>\n","protected":false},"excerpt":{"rendered":"<p><strong>Suffisant pour 2 appareils :<\/strong><\/p>\n<p>\u2713 Protecteur d&#8217;\u00e9cran d&#8217;\u00e9tanch\u00e9it\u00e9 en verre liquide pour t\u00e9l\u00e9phone portable<\/p>\n<p>\u2713 Nano-rev\u00eatement<\/p>\n<p>\u2713 100% sans bulles.<\/p>\n","protected":false},"featured_media":13234,"template":"","meta":{"_acf_changed":false,"neve_meta_sidebar":"","neve_meta_container":"","neve_meta_enable_content_width":"","neve_meta_content_width":0,"neve_meta_title_alignment":"","neve_meta_author_avatar":"","neve_post_elements_order":"","neve_meta_disable_header":"","neve_meta_disable_footer":"","neve_meta_disable_title":"","neve_meta_reading_time":"","_surfaces":[],"_ver_product_tabs":[],"footnotes":""},"product_brand":[],"product_cat":[2160,2291],"product_tag":[],"class_list":{"0":"post-24165","1":"product","2":"type-product","3":"status-publish","4":"has-post-thumbnail","6":"product_cat-scellage-pour-verre-et-ceramique","7":"product_cat-etancheite-metal-plastique","9":"first","10":"instock","11":"taxable","12":"shipping-taxable","13":"purchasable","14":"product-type-simple"},"acf":[],"yoast_head":"<!-- This site is optimized with the Yoast SEO Premium plugin v22.8 (Yoast SEO v27.5) - https:\/\/yoast.com\/product\/yoast-seo-premium-wordpress\/ -->\n<title>Liquid Glass Cell Phone Sealing - protecteur d&#039;\u00e9cran liquide - versiegelung24.com<\/title>\n<meta name=\"robots\" content=\"index, follow, max-snippet:-1, max-image-preview:large, max-video-preview:-1\" \/>\n<link rel=\"canonical\" href=\"https:\/\/www.versiegelung24.com\/fr\/liquide-verre-cellule-scellant-liquide-protection-ecran.html\" \/>\n<meta property=\"og:locale\" content=\"fr_FR\" \/>\n<meta property=\"og:type\" content=\"article\" \/>\n<meta property=\"og:title\" content=\"Liquid Glass Cell Phone Sealing - protecteur d&#039;\u00e9cran liquide\" \/>\n<meta property=\"og:description\" content=\"Suffisant pour 2 appareils : \u2713 Protecteur d&#039;\u00e9cran d&#039;\u00e9tanch\u00e9it\u00e9 en verre liquide pour t\u00e9l\u00e9phone portable \u2713 Nano-rev\u00eatement \u2713 100% sans bulles.\" \/>\n<meta property=\"og:url\" content=\"https:\/\/www.versiegelung24.com\/fr\/liquide-verre-cellule-scellant-liquide-protection-ecran.html\" \/>\n<meta property=\"og:site_name\" content=\"versiegelung24.com\" \/>\n<meta property=\"article:modified_time\" content=\"2025-01-06T14:11:00+00:00\" \/>\n<meta property=\"og:image\" content=\"https:\/\/www.versiegelung24.com\/wp-content\/uploads\/2020\/04\/handy-versiegelung-web.jpg\" \/>\n\t<meta property=\"og:image:width\" content=\"1500\" \/>\n\t<meta property=\"og:image:height\" content=\"1500\" \/>\n\t<meta property=\"og:image:type\" content=\"image\/jpeg\" \/>\n<meta name=\"twitter:card\" content=\"summary_large_image\" \/>\n<meta name=\"twitter:label1\" content=\"Prix\" \/>\n\t<meta name=\"twitter:data1\" content=\"9,99&euro;\" \/>\n\t<meta name=\"twitter:label2\" content=\"Disponibilit\u00e9\" \/>\n\t<meta name=\"twitter:data2\" content=\"En stock\" \/>\n<script type=\"application\/ld+json\" class=\"yoast-schema-graph\">{\"@context\":\"https:\\\/\\\/schema.org\",\"@graph\":[{\"@type\":\"WebPage\",\"@id\":\"https:\\\/\\\/www.versiegelung24.com\\\/fr\\\/liquide-verre-cellule-scellant-liquide-protection-ecran.html\",\"url\":\"https:\\\/\\\/www.versiegelung24.com\\\/fr\\\/liquide-verre-cellule-scellant-liquide-protection-ecran.html\",\"name\":\"Liquid Glass Cell Phone Sealing - protecteur d'\u00e9cran liquide - versiegelung24.com\",\"isPartOf\":{\"@id\":\"https:\\\/\\\/www.versiegelung24.com\\\/fr\\\/#website\"},\"primaryImageOfPage\":{\"@id\":\"https:\\\/\\\/www.versiegelung24.com\\\/fr\\\/liquide-verre-cellule-scellant-liquide-protection-ecran.html#primaryimage\"},\"image\":{\"@id\":\"https:\\\/\\\/www.versiegelung24.com\\\/fr\\\/liquide-verre-cellule-scellant-liquide-protection-ecran.html#primaryimage\"},\"thumbnailUrl\":\"https:\\\/\\\/www.versiegelung24.com\\\/wp-content\\\/uploads\\\/2020\\\/04\\\/handy-versiegelung-web.jpg\",\"datePublished\":\"2021-08-02T20:30:15+00:00\",\"dateModified\":\"2025-01-06T14:11:00+00:00\",\"breadcrumb\":{\"@id\":\"https:\\\/\\\/www.versiegelung24.com\\\/fr\\\/liquide-verre-cellule-scellant-liquide-protection-ecran.html#breadcrumb\"},\"inLanguage\":\"fr-FR\",\"potentialAction\":[{\"@type\":\"ReadAction\",\"target\":[\"https:\\\/\\\/www.versiegelung24.com\\\/fr\\\/liquide-verre-cellule-scellant-liquide-protection-ecran.html\"]}]},{\"@type\":\"ImageObject\",\"inLanguage\":\"fr-FR\",\"@id\":\"https:\\\/\\\/www.versiegelung24.com\\\/fr\\\/liquide-verre-cellule-scellant-liquide-protection-ecran.html#primaryimage\",\"url\":\"https:\\\/\\\/www.versiegelung24.com\\\/wp-content\\\/uploads\\\/2020\\\/04\\\/handy-versiegelung-web.jpg\",\"contentUrl\":\"https:\\\/\\\/www.versiegelung24.com\\\/wp-content\\\/uploads\\\/2020\\\/04\\\/handy-versiegelung-web.jpg\",\"width\":1500,\"height\":1500},{\"@type\":\"BreadcrumbList\",\"@id\":\"https:\\\/\\\/www.versiegelung24.com\\\/fr\\\/liquide-verre-cellule-scellant-liquide-protection-ecran.html#breadcrumb\",\"itemListElement\":[{\"@type\":\"ListItem\",\"position\":1,\"name\":\"Page d'accueil\",\"item\":\"https:\\\/\\\/www.versiegelung24.com\\\/fr\\\/front\\\/\"},{\"@type\":\"ListItem\",\"position\":2,\"name\":\"Boutique\",\"item\":\"https:\\\/\\\/www.versiegelung24.com\\\/fr\\\/boutique-2\\\/\"},{\"@type\":\"ListItem\",\"position\":3,\"name\":\"Liquid Glass Cell Phone Sealing &#8211; protecteur d&#8217;\u00e9cran liquide\"}]},{\"@type\":\"WebSite\",\"@id\":\"https:\\\/\\\/www.versiegelung24.com\\\/fr\\\/#website\",\"url\":\"https:\\\/\\\/www.versiegelung24.com\\\/fr\\\/\",\"name\":\"versiegelung24.com\",\"description\":\"Fl\u00fcssigglas-Versiegelung - Made in Germany\",\"publisher\":{\"@id\":\"https:\\\/\\\/www.versiegelung24.com\\\/fr\\\/#organization\"},\"potentialAction\":[{\"@type\":\"SearchAction\",\"target\":{\"@type\":\"EntryPoint\",\"urlTemplate\":\"https:\\\/\\\/www.versiegelung24.com\\\/fr\\\/?s={search_term_string}\"},\"query-input\":{\"@type\":\"PropertyValueSpecification\",\"valueRequired\":true,\"valueName\":\"search_term_string\"}}],\"inLanguage\":\"fr-FR\"},{\"@type\":\"Organization\",\"@id\":\"https:\\\/\\\/www.versiegelung24.com\\\/fr\\\/#organization\",\"name\":\"versiegelung24\",\"url\":\"https:\\\/\\\/www.versiegelung24.com\\\/fr\\\/\",\"logo\":{\"@type\":\"ImageObject\",\"inLanguage\":\"fr-FR\",\"@id\":\"https:\\\/\\\/www.versiegelung24.com\\\/fr\\\/#\\\/schema\\\/logo\\\/image\\\/\",\"url\":\"https:\\\/\\\/www.versiegelung24.com\\\/wp-content\\\/uploads\\\/2020\\\/04\\\/versiegelung24.png\",\"contentUrl\":\"https:\\\/\\\/www.versiegelung24.com\\\/wp-content\\\/uploads\\\/2020\\\/04\\\/versiegelung24.png\",\"width\":470,\"height\":102,\"caption\":\"versiegelung24\"},\"image\":{\"@id\":\"https:\\\/\\\/www.versiegelung24.com\\\/fr\\\/#\\\/schema\\\/logo\\\/image\\\/\"}}]}<\/script>\n<meta property=\"product:price:amount\" content=\"9.99\" \/>\n<meta property=\"product:price:currency\" content=\"EUR\" \/>\n<meta property=\"og:availability\" content=\"instock\" \/>\n<meta property=\"product:availability\" content=\"instock\" \/>\n<meta property=\"product:retailer_item_id\" content=\"4008-901\" \/>\n<meta property=\"product:condition\" content=\"new\" \/>\n<!-- \/ Yoast SEO Premium plugin. -->","yoast_head_json":{"title":"Liquid Glass Cell Phone Sealing - protecteur d'\u00e9cran liquide - versiegelung24.com","robots":{"index":"index","follow":"follow","max-snippet":"max-snippet:-1","max-image-preview":"max-image-preview:large","max-video-preview":"max-video-preview:-1"},"canonical":"https:\/\/www.versiegelung24.com\/fr\/liquide-verre-cellule-scellant-liquide-protection-ecran.html","og_locale":"fr_FR","og_type":"article","og_title":"Liquid Glass Cell Phone Sealing - protecteur d'\u00e9cran liquide","og_description":"Suffisant pour 2 appareils : \u2713 Protecteur d'\u00e9cran d'\u00e9tanch\u00e9it\u00e9 en verre liquide pour t\u00e9l\u00e9phone portable \u2713 Nano-rev\u00eatement \u2713 100% sans bulles.","og_url":"https:\/\/www.versiegelung24.com\/fr\/liquide-verre-cellule-scellant-liquide-protection-ecran.html","og_site_name":"versiegelung24.com","article_modified_time":"2025-01-06T14:11:00+00:00","og_image":[{"width":1500,"height":1500,"url":"https:\/\/www.versiegelung24.com\/wp-content\/uploads\/2020\/04\/handy-versiegelung-web.jpg","type":"image\/jpeg"}],"twitter_card":"summary_large_image","twitter_misc":{"Prix":"9,99&euro;","Disponibilit\u00e9":"En stock"},"schema":{"@context":"https:\/\/schema.org","@graph":[{"@type":"WebPage","@id":"https:\/\/www.versiegelung24.com\/fr\/liquide-verre-cellule-scellant-liquide-protection-ecran.html","url":"https:\/\/www.versiegelung24.com\/fr\/liquide-verre-cellule-scellant-liquide-protection-ecran.html","name":"Liquid Glass Cell Phone Sealing - protecteur d'\u00e9cran liquide - versiegelung24.com","isPartOf":{"@id":"https:\/\/www.versiegelung24.com\/fr\/#website"},"primaryImageOfPage":{"@id":"https:\/\/www.versiegelung24.com\/fr\/liquide-verre-cellule-scellant-liquide-protection-ecran.html#primaryimage"},"image":{"@id":"https:\/\/www.versiegelung24.com\/fr\/liquide-verre-cellule-scellant-liquide-protection-ecran.html#primaryimage"},"thumbnailUrl":"https:\/\/www.versiegelung24.com\/wp-content\/uploads\/2020\/04\/handy-versiegelung-web.jpg","datePublished":"2021-08-02T20:30:15+00:00","dateModified":"2025-01-06T14:11:00+00:00","breadcrumb":{"@id":"https:\/\/www.versiegelung24.com\/fr\/liquide-verre-cellule-scellant-liquide-protection-ecran.html#breadcrumb"},"inLanguage":"fr-FR","potentialAction":[{"@type":"ReadAction","target":["https:\/\/www.versiegelung24.com\/fr\/liquide-verre-cellule-scellant-liquide-protection-ecran.html"]}]},{"@type":"ImageObject","inLanguage":"fr-FR","@id":"https:\/\/www.versiegelung24.com\/fr\/liquide-verre-cellule-scellant-liquide-protection-ecran.html#primaryimage","url":"https:\/\/www.versiegelung24.com\/wp-content\/uploads\/2020\/04\/handy-versiegelung-web.jpg","contentUrl":"https:\/\/www.versiegelung24.com\/wp-content\/uploads\/2020\/04\/handy-versiegelung-web.jpg","width":1500,"height":1500},{"@type":"BreadcrumbList","@id":"https:\/\/www.versiegelung24.com\/fr\/liquide-verre-cellule-scellant-liquide-protection-ecran.html#breadcrumb","itemListElement":[{"@type":"ListItem","position":1,"name":"Page d'accueil","item":"https:\/\/www.versiegelung24.com\/fr\/front\/"},{"@type":"ListItem","position":2,"name":"Boutique","item":"https:\/\/www.versiegelung24.com\/fr\/boutique-2\/"},{"@type":"ListItem","position":3,"name":"Liquid Glass Cell Phone Sealing &#8211; protecteur d&#8217;\u00e9cran liquide"}]},{"@type":"WebSite","@id":"https:\/\/www.versiegelung24.com\/fr\/#website","url":"https:\/\/www.versiegelung24.com\/fr\/","name":"versiegelung24.com","description":"Fl\u00fcssigglas-Versiegelung - Made in Germany","publisher":{"@id":"https:\/\/www.versiegelung24.com\/fr\/#organization"},"potentialAction":[{"@type":"SearchAction","target":{"@type":"EntryPoint","urlTemplate":"https:\/\/www.versiegelung24.com\/fr\/?s={search_term_string}"},"query-input":{"@type":"PropertyValueSpecification","valueRequired":true,"valueName":"search_term_string"}}],"inLanguage":"fr-FR"},{"@type":"Organization","@id":"https:\/\/www.versiegelung24.com\/fr\/#organization","name":"versiegelung24","url":"https:\/\/www.versiegelung24.com\/fr\/","logo":{"@type":"ImageObject","inLanguage":"fr-FR","@id":"https:\/\/www.versiegelung24.com\/fr\/#\/schema\/logo\/image\/","url":"https:\/\/www.versiegelung24.com\/wp-content\/uploads\/2020\/04\/versiegelung24.png","contentUrl":"https:\/\/www.versiegelung24.com\/wp-content\/uploads\/2020\/04\/versiegelung24.png","width":470,"height":102,"caption":"versiegelung24"},"image":{"@id":"https:\/\/www.versiegelung24.com\/fr\/#\/schema\/logo\/image\/"}}]},"product_price_amount":"9.99","product_price_currency":"EUR","og_availability":"instock","product_availability":"instock","product_retailer_item_id":"4008-901","product_condition":"new"},"_links":{"self":[{"href":"https:\/\/www.versiegelung24.com\/fr\/wp-json\/wp\/v2\/product\/24165","targetHints":{"allow":["GET"]}}],"collection":[{"href":"https:\/\/www.versiegelung24.com\/fr\/wp-json\/wp\/v2\/product"}],"about":[{"href":"https:\/\/www.versiegelung24.com\/fr\/wp-json\/wp\/v2\/types\/product"}],"version-history":[{"count":9,"href":"https:\/\/www.versiegelung24.com\/fr\/wp-json\/wp\/v2\/product\/24165\/revisions"}],"predecessor-version":[{"id":180181,"href":"https:\/\/www.versiegelung24.com\/fr\/wp-json\/wp\/v2\/product\/24165\/revisions\/180181"}],"wp:featuredmedia":[{"embeddable":true,"href":"https:\/\/www.versiegelung24.com\/fr\/wp-json\/wp\/v2\/media\/13234"}],"wp:attachment":[{"href":"https:\/\/www.versiegelung24.com\/fr\/wp-json\/wp\/v2\/media?parent=24165"}],"wp:term":[{"taxonomy":"product_brand","embeddable":true,"href":"https:\/\/www.versiegelung24.com\/fr\/wp-json\/wp\/v2\/product_brand?post=24165"},{"taxonomy":"product_cat","embeddable":true,"href":"https:\/\/www.versiegelung24.com\/fr\/wp-json\/wp\/v2\/product_cat?post=24165"},{"taxonomy":"product_tag","embeddable":true,"href":"https:\/\/www.versiegelung24.com\/fr\/wp-json\/wp\/v2\/product_tag?post=24165"}],"curies":[{"name":"wp","href":"https:\/\/api.w.org\/{rel}","templated":true}]}}