{"id":24608,"date":"2020-04-27T22:20:08","date_gmt":"2021-08-02T20:50:09","guid":{"rendered":"https:\/\/www.versiegelung24.com\/produkt\/wb-rapid-on-mastic-detancheite-et-finition-pour-peinture-automobile"},"modified":"2025-01-04T00:05:16","modified_gmt":"2025-01-03T23:05:16","slug":"wb-rapid-on-deep-gloss-autolack-scellant-finisseur","status":"publish","type":"product","link":"https:\/\/www.versiegelung24.com\/fr\/wb-rapid-on-deep-gloss-autolack-scellant-finisseur.html","title":{"rendered":"WB Rapid On &#8211; Mastic d&#8217;\u00e9tanch\u00e9it\u00e9 et finition pour peinture automobile"},"content":{"rendered":"\n<p><strong>WB Rapid On : Scellant &amp; Finisseur Premium pour un brillant profond, id\u00e9al pour les peintures de voiture &#8211; <\/strong><strong><em>water based &#8211; rapid on<\/em><\/strong><\/p>\n\n<p>Applicable comme \u00ab finition \u00bb pour<a href=\"https:\/\/www.versiegelung24.com\/muster-permanent-protector\/\"> Rev\u00eatement c\u00e9ramique haut de gamme Protecteur permanent<\/a> ou alors<a href=\"https:\/\/www.versiegelung24.com\/autolack-spezial-politur-versiegelung-2in1\/\"> Peinture de voiture sp\u00e9ciale polish &amp; scellant 2en1<\/a> .<\/p>\n\n<p>Num\u00e9ro d&#8217;article : 5002-7654<\/p>\n\n<p>Fabriqu\u00e9 en Allemagne de haute qualit\u00e9<\/p>\n\n<p><strong>V24 WB Rapid On &#8211; Mastic d&#8217;\u00e9tanch\u00e9it\u00e9 et finition pour peinture automobile<\/strong> cr\u00e9e une couche ultra-mince \u00e0 la surface gr\u00e2ce \u00e0 la liaison \u00e9lectrostatique de milliards de minuscules mol\u00e9cules de silicium, comparable \u00e0 l&#8217;effet de minuscules aimants qui se lient les uns aux autres et au sous-sol. En cons\u00e9quence, les pores et capillaires microscopiques sont scell\u00e9s et les particules de salet\u00e9 et autres impuret\u00e9s ne peuvent plus adh\u00e9rer \u00e0 la couche d\u00e9sormais beaucoup plus lisse. Cela rend les surfaces beaucoup plus faciles \u00e0 nettoyer (\u00ab easy-to-clean \u00bb), hydrofuges (hydrophobes) et un effet brillant.<\/p>\n\n<hr\/>\n\n<h4 class=\"wp-block-heading\" id=\"properties\">Caract\u00e9ristiques du produit<\/h4>\n\n<div class=\"wp-block-columns is-layout-flex wp-container-core-columns-is-layout-9d6595d7 wp-block-columns-is-layout-flex\">\n<div class=\"wp-block-column is-layout-flow wp-block-column-is-layout-flow\">\n<ul class=\"wp-block-list\">\n<li>Effet haute brillance<\/li>\n\n\n\n<li>Peut \u00eatre combin\u00e9 comme finition brillante profonde pour nos scellants \u00e0 long terme<\/li>\n\n\n\n<li>Excellent effet facile \u00e0 nettoyer pour l&#8217;adh\u00e9rence de la salet\u00e9, par exemple des fientes d&#8217;oiseaux, des insectes et d&#8217;autres taches agressives, les surfaces se salissent beaucoup plus lentement<\/li>\n\n\n\n<li>Fort effet hydrophobe (hydrofuge)<\/li>\n\n\n\n<li>La nanotechnologie SiO\u00b2<\/li>\n\n\n\n<li>\u00c0 base d&#8217;eau, sans solvant et sans odeur<\/li>\n\n\n\n<li>R\u00e9sistance chimique aux produits de nettoyage (jusqu&#8217;\u00e0 pH 10)<\/li>\n\n\n\n<li>Application simple<\/li>\n\n\n\n<li>Connexion plus stable que les pr\u00e9parations \u00e0 base de cire ou d&#8217;huile de silicone<\/li>\n\n\n\n<li>Stable aux UV\/r\u00e9sistant au gel\/r\u00e9sistant \u00e0 l&#8217;eau sal\u00e9e\/invisible (\u00e9paisseur de couche : 40-50nm)<\/li>\n\n\n\n<li>\u00c9conomies d&#8217;argent, de temps et d&#8217;\u00e9nergie gr\u00e2ce \u00e0 des cycles de nettoyage prolong\u00e9s<\/li>\n<\/ul>\n<\/div>\n\n\n\n<div class=\"wp-block-column is-layout-flow wp-block-column-is-layout-flow\">\n<ul id=\"block-cb512caf-6c3b-4dfc-8f82-809b2295b24e\" class=\"wp-block-list\">\n<li>Non toxique et ininflammable<\/li>\n\n\n\n<li>Dur\u00e9e de conservation : 3 \u00e0 6 mois (selon l&#8217;utilisation)<\/li>\n\n\n\n<li>Surface lisse et soyeuse, tr\u00e8s bonne sensation<\/li>\n\n\n\n<li>R\u00e9sistant \u00e0 presque tous les acides, solvants et nettoyants m\u00e9nagers alcalins<\/li>\n\n\n\n<li>Beaucoup plus stable que les cires ou les produits \u00e0 base d&#8217;huile de silicone<\/li>\n\n\n\n<li>Facilement biod\u00e9gradable (selon crit\u00e8res OCDE)<\/li>\n\n\n\n<li>Haute r\u00e9sistance \u00e0 l&#8217;abrasion contre les particules port\u00e9es par le vent<\/li>\n\n\n\n<li>R\u00e9sistant aux temp\u00e9ratures de -40 \u00e0 + 200\u00b0C<\/li>\n\n\n\n<li>ph r\u00e9sistant de 1 \u00e0 10<\/li>\n\n\n\n<li>Non cytotoxique selon ISO 10993-5 + 12<\/li>\n\n\n\n<li>Densit\u00e9 environ 1,00 g \/ cm\u00b3<\/li>\n\n\n\n<li>\u00c9paisseur de la couche : environ 40-50nm<\/li>\n\n\n\n<li>Sans COV (pas de marchandises dangereuses)<\/li>\n\n\n\n<li>Fortes propri\u00e9t\u00e9s antiadh\u00e9sives (les surfaces se salissent beaucoup plus lentement)<\/li>\n<\/ul>\n<\/div>\n<\/div>\n\n<div class=\"wp-block-columns is-layout-flex wp-container-core-columns-is-layout-9d6595d7 wp-block-columns-is-layout-flex\">\n<div class=\"wp-block-column is-layout-flow wp-block-column-is-layout-flow\">\n<p><strong>Caract\u00e9ristiques en bref<\/strong><br\/>Temp\u00e9rature d&#8217;application : 0 &#8211; 45\u00b0C<br\/>m\u00b2 par litre : 100m\u00b2<br\/>Dur\u00e9e de vie du scellement : 3-6 mois<br\/>Dur\u00e9e de vie du liquide : jusqu&#8217;\u00e0 1 an<br\/>Temp\u00e9rature de stockage : 0 &#8211; 30\u00b0C (\u00e0 l&#8217;abri du soleil)<br\/>Temps de durcissement : 5 minutes, la surface est utilisable imm\u00e9diatement<\/p>\n\n\n\n<p><strong>Contenu de l&#8217;emballage<\/strong>:<br\/>1 x bouteille d&#8217;un litre<br\/>1 x description du produit<\/p>\n<\/div>\n\n\n\n<div class=\"wp-block-column is-layout-flow wp-block-column-is-layout-flow\">\n<p><strong>Tests<\/strong><br\/>SMI Test Sandwich Corrosion Test, selon ASTM F 1110<br\/>Acrylic Crazing Test, selon ASTM F 484<br\/>Type C Paint Softening Test, selon ASTM F 502<br\/>Hydrogen Embrittlement Test, selon ASTM F 519-93<\/p>\n\n\n\n<p>Boeing certifie<br\/>DuPont\u2122 Marine Finishes : <strong>WB Rapid On &#8211; Scellement &amp; Finisher \u00e0 lustre profond<\/strong> a \u00e9t\u00e9 test\u00e9 dans le domaine du yachting sur DuPont\u2122 Marine Finishes Topgloss SF et DP6940 Imron\u00ae Super Flow HS vernis transparent. Aucun effet n\u00e9gatif sur les rev\u00eatements n&#8217;a \u00e9t\u00e9 observ\u00e9.<\/p>\n\n\n\n<p>Num\u00e9ro de tarif douanier : 3402 9090, pas de marchandises dangereuses (NDG)<\/p>\n<\/div>\n<\/div>\n\n<hr\/>\n\n<h4 class=\"wp-block-heading\" id=\"application\">Application<\/h4>\n\n<p><strong>V24 WB Rapid On &#8211; Mastic d&#8217;\u00e9tanch\u00e9it\u00e9 et finition pour peinture automobile<\/strong> peut \u00eatre appliqu\u00e9 de mani\u00e8re optimale \u00e0<strong> :<\/strong><\/p>\n\n<p>&#8211; Peinture automobile (comme vitrificateur seul ou comme &#8220;finition&#8221; sur nos vitrificateurs 640 et 660, un litre permet de vitrifier environ 8 \u00e0 10 voitures)<br\/>&#8211; Bateaux<br\/>&#8211; dans la maison, par ex. pour les cabines de douche, les vitres et les cadres de porte<br\/>&#8211; les surfaces en acier inoxydable<br\/>&#8211; les surfaces peintes et m\u00e9talliques<br\/>&#8211; le verre<br\/>&#8211; les mat\u00e9riaux synth\u00e9tiques<br\/>&#8211; le caoutchouc<br\/>&#8211; le chrome<br\/>&#8211; les visi\u00e8res (ski et moto, surtout si l&#8217;on veut \u00e9viter les vitrificateurs \u00e0 base de solvants)<\/p>\n","protected":false},"excerpt":{"rendered":"<p><strong>Scellant et finisseur brillant profond de qualit\u00e9 sup\u00e9rieure<\/strong><\/p>\n<p>\u2713 id\u00e9al pour les peintures automobiles<\/p>\n<p><em>\u2713<\/em> <em>\u00e0 base d&#8217;eau &#8211; rapide sur<\/em><\/p>\n","protected":false},"featured_media":18389,"template":"","meta":{"_acf_changed":false,"neve_meta_sidebar":"","neve_meta_container":"","neve_meta_enable_content_width":"","neve_meta_content_width":0,"neve_meta_title_alignment":"","neve_meta_author_avatar":"","neve_post_elements_order":"","neve_meta_disable_header":"","neve_meta_disable_footer":"","neve_meta_disable_title":"","neve_meta_reading_time":"","_surfaces":[],"_ver_product_tabs":[],"footnotes":""},"product_brand":[],"product_cat":[2190],"product_tag":[],"class_list":{"0":"post-24608","1":"product","2":"type-product","3":"status-publish","4":"has-post-thumbnail","6":"product_cat-etancheite-de-voiture","8":"first","9":"instock","10":"taxable","11":"shipping-taxable","12":"purchasable","13":"product-type-simple"},"acf":[],"yoast_head":"<!-- This site is optimized with the Yoast SEO Premium plugin v22.8 (Yoast SEO v27.5) - https:\/\/yoast.com\/product\/yoast-seo-premium-wordpress\/ -->\n<title>WB Rapid On - Mastic d&#039;\u00e9tanch\u00e9it\u00e9 et finition pour peinture automobile - versiegelung24.com<\/title>\n<meta name=\"robots\" content=\"index, follow, max-snippet:-1, max-image-preview:large, max-video-preview:-1\" \/>\n<link rel=\"canonical\" href=\"https:\/\/www.versiegelung24.com\/fr\/wb-rapid-on-deep-gloss-autolack-scellant-finisseur.html\" \/>\n<meta property=\"og:locale\" content=\"fr_FR\" \/>\n<meta property=\"og:type\" content=\"article\" \/>\n<meta property=\"og:title\" content=\"WB Rapid On - Mastic d&#039;\u00e9tanch\u00e9it\u00e9 et finition pour peinture automobile\" \/>\n<meta property=\"og:description\" content=\"Scellant et finisseur brillant profond de qualit\u00e9 sup\u00e9rieure \u2713 id\u00e9al pour les peintures automobiles \u2713 \u00e0 base d&#039;eau - rapide sur\" \/>\n<meta property=\"og:url\" content=\"https:\/\/www.versiegelung24.com\/fr\/wb-rapid-on-deep-gloss-autolack-scellant-finisseur.html\" \/>\n<meta property=\"og:site_name\" content=\"versiegelung24.com\" \/>\n<meta property=\"article:modified_time\" content=\"2025-01-03T23:05:16+00:00\" \/>\n<meta property=\"og:image\" content=\"https:\/\/www.versiegelung24.com\/wp-content\/uploads\/2020\/06\/produkt-5002-7654-1000-WB-Rapid-On-scaled.jpg\" \/>\n\t<meta property=\"og:image:width\" content=\"2560\" \/>\n\t<meta property=\"og:image:height\" content=\"2560\" \/>\n\t<meta property=\"og:image:type\" content=\"image\/jpeg\" \/>\n<meta name=\"twitter:card\" content=\"summary_large_image\" \/>\n<meta name=\"twitter:label1\" content=\"Prix\" \/>\n\t<meta name=\"twitter:data1\" content=\"69,00&euro;\" \/>\n\t<meta name=\"twitter:label2\" content=\"Disponibilit\u00e9\" \/>\n\t<meta name=\"twitter:data2\" content=\"En stock\" \/>\n<script type=\"application\/ld+json\" class=\"yoast-schema-graph\">{\"@context\":\"https:\\\/\\\/schema.org\",\"@graph\":[{\"@type\":\"WebPage\",\"@id\":\"https:\\\/\\\/www.versiegelung24.com\\\/fr\\\/wb-rapid-on-deep-gloss-autolack-scellant-finisseur.html\",\"url\":\"https:\\\/\\\/www.versiegelung24.com\\\/fr\\\/wb-rapid-on-deep-gloss-autolack-scellant-finisseur.html\",\"name\":\"WB Rapid On - Mastic d'\u00e9tanch\u00e9it\u00e9 et finition pour peinture automobile - versiegelung24.com\",\"isPartOf\":{\"@id\":\"https:\\\/\\\/www.versiegelung24.com\\\/fr\\\/#website\"},\"primaryImageOfPage\":{\"@id\":\"https:\\\/\\\/www.versiegelung24.com\\\/fr\\\/wb-rapid-on-deep-gloss-autolack-scellant-finisseur.html#primaryimage\"},\"image\":{\"@id\":\"https:\\\/\\\/www.versiegelung24.com\\\/fr\\\/wb-rapid-on-deep-gloss-autolack-scellant-finisseur.html#primaryimage\"},\"thumbnailUrl\":\"https:\\\/\\\/www.versiegelung24.com\\\/wp-content\\\/uploads\\\/2020\\\/06\\\/produkt-5002-7654-1000-WB-Rapid-On-scaled.jpg\",\"datePublished\":\"2021-08-02T20:50:09+00:00\",\"dateModified\":\"2025-01-03T23:05:16+00:00\",\"breadcrumb\":{\"@id\":\"https:\\\/\\\/www.versiegelung24.com\\\/fr\\\/wb-rapid-on-deep-gloss-autolack-scellant-finisseur.html#breadcrumb\"},\"inLanguage\":\"fr-FR\",\"potentialAction\":[{\"@type\":\"ReadAction\",\"target\":[\"https:\\\/\\\/www.versiegelung24.com\\\/fr\\\/wb-rapid-on-deep-gloss-autolack-scellant-finisseur.html\"]}]},{\"@type\":\"ImageObject\",\"inLanguage\":\"fr-FR\",\"@id\":\"https:\\\/\\\/www.versiegelung24.com\\\/fr\\\/wb-rapid-on-deep-gloss-autolack-scellant-finisseur.html#primaryimage\",\"url\":\"https:\\\/\\\/www.versiegelung24.com\\\/wp-content\\\/uploads\\\/2020\\\/06\\\/produkt-5002-7654-1000-WB-Rapid-On-scaled.jpg\",\"contentUrl\":\"https:\\\/\\\/www.versiegelung24.com\\\/wp-content\\\/uploads\\\/2020\\\/06\\\/produkt-5002-7654-1000-WB-Rapid-On-scaled.jpg\",\"width\":2560,\"height\":2560},{\"@type\":\"BreadcrumbList\",\"@id\":\"https:\\\/\\\/www.versiegelung24.com\\\/fr\\\/wb-rapid-on-deep-gloss-autolack-scellant-finisseur.html#breadcrumb\",\"itemListElement\":[{\"@type\":\"ListItem\",\"position\":1,\"name\":\"Page d'accueil\",\"item\":\"https:\\\/\\\/www.versiegelung24.com\\\/fr\\\/front\\\/\"},{\"@type\":\"ListItem\",\"position\":2,\"name\":\"Boutique\",\"item\":\"https:\\\/\\\/www.versiegelung24.com\\\/fr\\\/boutique-2\\\/\"},{\"@type\":\"ListItem\",\"position\":3,\"name\":\"WB Rapid On &#8211; Mastic d&#8217;\u00e9tanch\u00e9it\u00e9 et finition pour peinture automobile\"}]},{\"@type\":\"WebSite\",\"@id\":\"https:\\\/\\\/www.versiegelung24.com\\\/fr\\\/#website\",\"url\":\"https:\\\/\\\/www.versiegelung24.com\\\/fr\\\/\",\"name\":\"versiegelung24.com\",\"description\":\"Fl\u00fcssigglas-Versiegelung - Made in Germany\",\"publisher\":{\"@id\":\"https:\\\/\\\/www.versiegelung24.com\\\/fr\\\/#organization\"},\"potentialAction\":[{\"@type\":\"SearchAction\",\"target\":{\"@type\":\"EntryPoint\",\"urlTemplate\":\"https:\\\/\\\/www.versiegelung24.com\\\/fr\\\/?s={search_term_string}\"},\"query-input\":{\"@type\":\"PropertyValueSpecification\",\"valueRequired\":true,\"valueName\":\"search_term_string\"}}],\"inLanguage\":\"fr-FR\"},{\"@type\":\"Organization\",\"@id\":\"https:\\\/\\\/www.versiegelung24.com\\\/fr\\\/#organization\",\"name\":\"versiegelung24\",\"url\":\"https:\\\/\\\/www.versiegelung24.com\\\/fr\\\/\",\"logo\":{\"@type\":\"ImageObject\",\"inLanguage\":\"fr-FR\",\"@id\":\"https:\\\/\\\/www.versiegelung24.com\\\/fr\\\/#\\\/schema\\\/logo\\\/image\\\/\",\"url\":\"https:\\\/\\\/www.versiegelung24.com\\\/wp-content\\\/uploads\\\/2020\\\/04\\\/versiegelung24.png\",\"contentUrl\":\"https:\\\/\\\/www.versiegelung24.com\\\/wp-content\\\/uploads\\\/2020\\\/04\\\/versiegelung24.png\",\"width\":470,\"height\":102,\"caption\":\"versiegelung24\"},\"image\":{\"@id\":\"https:\\\/\\\/www.versiegelung24.com\\\/fr\\\/#\\\/schema\\\/logo\\\/image\\\/\"}}]}<\/script>\n<meta property=\"product:price:amount\" content=\"69.00\" \/>\n<meta property=\"product:price:currency\" content=\"EUR\" \/>\n<meta property=\"og:availability\" content=\"instock\" \/>\n<meta property=\"product:availability\" content=\"instock\" \/>\n<meta property=\"product:retailer_item_id\" content=\"5002-7654-1000\" \/>\n<meta property=\"product:condition\" content=\"new\" \/>\n<!-- \/ Yoast SEO Premium plugin. -->","yoast_head_json":{"title":"WB Rapid On - Mastic d'\u00e9tanch\u00e9it\u00e9 et finition pour peinture automobile - versiegelung24.com","robots":{"index":"index","follow":"follow","max-snippet":"max-snippet:-1","max-image-preview":"max-image-preview:large","max-video-preview":"max-video-preview:-1"},"canonical":"https:\/\/www.versiegelung24.com\/fr\/wb-rapid-on-deep-gloss-autolack-scellant-finisseur.html","og_locale":"fr_FR","og_type":"article","og_title":"WB Rapid On - Mastic d'\u00e9tanch\u00e9it\u00e9 et finition pour peinture automobile","og_description":"Scellant et finisseur brillant profond de qualit\u00e9 sup\u00e9rieure \u2713 id\u00e9al pour les peintures automobiles \u2713 \u00e0 base d'eau - rapide sur","og_url":"https:\/\/www.versiegelung24.com\/fr\/wb-rapid-on-deep-gloss-autolack-scellant-finisseur.html","og_site_name":"versiegelung24.com","article_modified_time":"2025-01-03T23:05:16+00:00","og_image":[{"width":2560,"height":2560,"url":"https:\/\/www.versiegelung24.com\/wp-content\/uploads\/2020\/06\/produkt-5002-7654-1000-WB-Rapid-On-scaled.jpg","type":"image\/jpeg"}],"twitter_card":"summary_large_image","twitter_misc":{"Prix":"69,00&euro;","Disponibilit\u00e9":"En stock"},"schema":{"@context":"https:\/\/schema.org","@graph":[{"@type":"WebPage","@id":"https:\/\/www.versiegelung24.com\/fr\/wb-rapid-on-deep-gloss-autolack-scellant-finisseur.html","url":"https:\/\/www.versiegelung24.com\/fr\/wb-rapid-on-deep-gloss-autolack-scellant-finisseur.html","name":"WB Rapid On - Mastic d'\u00e9tanch\u00e9it\u00e9 et finition pour peinture automobile - versiegelung24.com","isPartOf":{"@id":"https:\/\/www.versiegelung24.com\/fr\/#website"},"primaryImageOfPage":{"@id":"https:\/\/www.versiegelung24.com\/fr\/wb-rapid-on-deep-gloss-autolack-scellant-finisseur.html#primaryimage"},"image":{"@id":"https:\/\/www.versiegelung24.com\/fr\/wb-rapid-on-deep-gloss-autolack-scellant-finisseur.html#primaryimage"},"thumbnailUrl":"https:\/\/www.versiegelung24.com\/wp-content\/uploads\/2020\/06\/produkt-5002-7654-1000-WB-Rapid-On-scaled.jpg","datePublished":"2021-08-02T20:50:09+00:00","dateModified":"2025-01-03T23:05:16+00:00","breadcrumb":{"@id":"https:\/\/www.versiegelung24.com\/fr\/wb-rapid-on-deep-gloss-autolack-scellant-finisseur.html#breadcrumb"},"inLanguage":"fr-FR","potentialAction":[{"@type":"ReadAction","target":["https:\/\/www.versiegelung24.com\/fr\/wb-rapid-on-deep-gloss-autolack-scellant-finisseur.html"]}]},{"@type":"ImageObject","inLanguage":"fr-FR","@id":"https:\/\/www.versiegelung24.com\/fr\/wb-rapid-on-deep-gloss-autolack-scellant-finisseur.html#primaryimage","url":"https:\/\/www.versiegelung24.com\/wp-content\/uploads\/2020\/06\/produkt-5002-7654-1000-WB-Rapid-On-scaled.jpg","contentUrl":"https:\/\/www.versiegelung24.com\/wp-content\/uploads\/2020\/06\/produkt-5002-7654-1000-WB-Rapid-On-scaled.jpg","width":2560,"height":2560},{"@type":"BreadcrumbList","@id":"https:\/\/www.versiegelung24.com\/fr\/wb-rapid-on-deep-gloss-autolack-scellant-finisseur.html#breadcrumb","itemListElement":[{"@type":"ListItem","position":1,"name":"Page d'accueil","item":"https:\/\/www.versiegelung24.com\/fr\/front\/"},{"@type":"ListItem","position":2,"name":"Boutique","item":"https:\/\/www.versiegelung24.com\/fr\/boutique-2\/"},{"@type":"ListItem","position":3,"name":"WB Rapid On &#8211; Mastic d&#8217;\u00e9tanch\u00e9it\u00e9 et finition pour peinture automobile"}]},{"@type":"WebSite","@id":"https:\/\/www.versiegelung24.com\/fr\/#website","url":"https:\/\/www.versiegelung24.com\/fr\/","name":"versiegelung24.com","description":"Fl\u00fcssigglas-Versiegelung - Made in Germany","publisher":{"@id":"https:\/\/www.versiegelung24.com\/fr\/#organization"},"potentialAction":[{"@type":"SearchAction","target":{"@type":"EntryPoint","urlTemplate":"https:\/\/www.versiegelung24.com\/fr\/?s={search_term_string}"},"query-input":{"@type":"PropertyValueSpecification","valueRequired":true,"valueName":"search_term_string"}}],"inLanguage":"fr-FR"},{"@type":"Organization","@id":"https:\/\/www.versiegelung24.com\/fr\/#organization","name":"versiegelung24","url":"https:\/\/www.versiegelung24.com\/fr\/","logo":{"@type":"ImageObject","inLanguage":"fr-FR","@id":"https:\/\/www.versiegelung24.com\/fr\/#\/schema\/logo\/image\/","url":"https:\/\/www.versiegelung24.com\/wp-content\/uploads\/2020\/04\/versiegelung24.png","contentUrl":"https:\/\/www.versiegelung24.com\/wp-content\/uploads\/2020\/04\/versiegelung24.png","width":470,"height":102,"caption":"versiegelung24"},"image":{"@id":"https:\/\/www.versiegelung24.com\/fr\/#\/schema\/logo\/image\/"}}]},"product_price_amount":"69.00","product_price_currency":"EUR","og_availability":"instock","product_availability":"instock","product_retailer_item_id":"5002-7654-1000","product_condition":"new"},"_links":{"self":[{"href":"https:\/\/www.versiegelung24.com\/fr\/wp-json\/wp\/v2\/product\/24608","targetHints":{"allow":["GET"]}}],"collection":[{"href":"https:\/\/www.versiegelung24.com\/fr\/wp-json\/wp\/v2\/product"}],"about":[{"href":"https:\/\/www.versiegelung24.com\/fr\/wp-json\/wp\/v2\/types\/product"}],"version-history":[{"count":10,"href":"https:\/\/www.versiegelung24.com\/fr\/wp-json\/wp\/v2\/product\/24608\/revisions"}],"predecessor-version":[{"id":174289,"href":"https:\/\/www.versiegelung24.com\/fr\/wp-json\/wp\/v2\/product\/24608\/revisions\/174289"}],"wp:featuredmedia":[{"embeddable":true,"href":"https:\/\/www.versiegelung24.com\/fr\/wp-json\/wp\/v2\/media\/18389"}],"wp:attachment":[{"href":"https:\/\/www.versiegelung24.com\/fr\/wp-json\/wp\/v2\/media?parent=24608"}],"wp:term":[{"taxonomy":"product_brand","embeddable":true,"href":"https:\/\/www.versiegelung24.com\/fr\/wp-json\/wp\/v2\/product_brand?post=24608"},{"taxonomy":"product_cat","embeddable":true,"href":"https:\/\/www.versiegelung24.com\/fr\/wp-json\/wp\/v2\/product_cat?post=24608"},{"taxonomy":"product_tag","embeddable":true,"href":"https:\/\/www.versiegelung24.com\/fr\/wp-json\/wp\/v2\/product_tag?post=24608"}],"curies":[{"name":"wp","href":"https:\/\/api.w.org\/{rel}","templated":true}]}}