{"id":24689,"date":"2020-04-04T18:53:45","date_gmt":"2021-08-02T20:57:57","guid":{"rendered":"https:\/\/www.versiegelung24.com\/produkt\/etancheite-du-beton-et-de-la-pierre-de-qualite-superieure-hydrofuge-extreme-non-respirant"},"modified":"2025-01-04T00:12:47","modified_gmt":"2025-01-03T23:12:47","slug":"premium-beton-stone-scellant-extreme-hydrofuge-non-respirant","status":"publish","type":"product","link":"https:\/\/www.versiegelung24.com\/fr\/premium-beton-stone-scellant-extreme-hydrofuge-non-respirant.html","title":{"rendered":"Scellement de qualit\u00e9 sup\u00e9rieure pour b\u00e9ton et pierre avec approfondissement de la couleur &#8211; non respirant"},"content":{"rendered":"\n<p>Notre scellement haut de gamme pour b\u00e9ton et pierre prot\u00e8ge efficacement et durablement les surfaces des influences ext\u00e9rieures et contrecarre clairement la p\u00e9n\u00e9tration d&#8217;huile, de graisses, de caf\u00e9 et de vin rouge. De plus, le rev\u00eatement protecteur de laque transparente laisse un film brillant intensifiant la couleur qui rehausse visiblement la surface trait\u00e9e.<\/p>\n\n<hr\/>\n\n<h4 class=\"wp-block-heading\" id=\"video\"><strong>Vid\u00e9o de pratique &#8211; prot\u00e9ger efficacement les figures de pierre et les sculptures en pierre dans le jardin des influences environnementales<\/strong><\/h4>\n\n<figure class=\"wp-block-embed aligncenter is-type-video is-provider-youtube wp-block-embed-youtube wp-embed-aspect-16-9 wp-has-aspect-ratio\"><div class=\"wp-block-embed__wrapper\"> \n<div class=\"nv-iframe-embed\"><iframe title=\"Steinfiguren &amp; Steinskulpturen wetterfest machen - Versiegelung \/ Impr\u00e4gnierung mit Farbvertiefung\" width=\"1200\" height=\"675\" src=\"https:\/\/www.youtube.com\/embed\/sSjv-OlqOgI?feature=oembed\" frameborder=\"0\" allow=\"accelerometer; autoplay; clipboard-write; encrypted-media; gyroscope; picture-in-picture\" allowfullscreen><\/iframe><\/div>\n <\/div><\/figure>\n\n<hr\/>\n\n<h4 class=\"wp-block-heading\" id=\"properties\">Caract\u00e9ristiques du produit<\/h4>\n\n<div class=\"wp-block-columns is-layout-flex wp-container-core-columns-is-layout-9d6595d7 wp-block-columns-is-layout-flex\">\n<div class=\"wp-block-column is-layout-flow wp-block-column-is-layout-flow\">\n<p>\u2713 Protection de surface permanente efficace contre l&#8217;eau, la salet\u00e9 et les intemp\u00e9ries<\/p>\n\n\n\n<p>\u2713 emp\u00eache la croissance des mousses, lichens, champignons et autres influences naturelles<\/p>\n\n\n\n<p>\u2713 Rev\u00eatement de laque transparente contenant 100 % de solides<\/p>\n\n\n\n<p>\u2713 haute r\u00e9sistance \u00e0 l&#8217;abrasion gr\u00e2ce \u00e0 la nanotechnologie SiO\u00b2<\/p>\n\n\n\n<p>\u2713 les surfaces trait\u00e9es ne sont pas respirantes<\/p>\n\n\n\n<p>\u2713 Effet d&#8217;approfondissement de la couleur avec un film brillant \/ am\u00e9lioration de la surface<\/p>\n\n\n\n<p>\u2713 tr\u00e8s forte hydrophobie<\/p>\n\n\n\n<p>\u2713 R\u00e9duction significative de la p\u00e9n\u00e9tration des huiles et graisses, caf\u00e9, vin rouge<\/p>\n\n\n\n<p>\u2713 R\u00e9sistant au gel (la glace et la neige ne l&#8217;endommagent pas)<\/p>\n\n\n\n<p>\u2713 stable aux UV<\/p>\n\n\n\n<p>\u2713 Effet facile \u00e0 nettoyer : salet\u00e9<\/p>\n\n\n\n<p>\u2713 R\u00e9sistant \u00e0 la temp\u00e9rature jusqu&#8217;\u00e0 1000\u00b0C (avec une exposition de courte dur\u00e9e)<\/p>\n\n\n\n<p><\/p>\n\n\n\n<p>Contenu de la livraison :<br\/>1 x bouteille d&#8217;un litre<\/p>\n<\/div>\n\n\n\n<div class=\"wp-block-column is-layout-flow wp-block-column-is-layout-flow\">\n<p><strong>Nano-rev\u00eatement hautement efficace, hautement hydrofuge et r\u00e9sistant \u00e0 l&#8217;abrasion pour toutes les surfaces min\u00e9rales absorbantes.<\/strong><\/p>\n\n\n\n<p>Non respirant<\/p>\n\n\n\n<p>Num\u00e9ro d&#8217;article : 3008-704<\/p>\n\n\n\n<p>Fabriqu\u00e9 en Allemagne de haute qualit\u00e9<\/p>\n\n\n\n<p><strong>la s\u00e9curit\u00e9 des produits<\/strong><\/p>\n\n\n\n<p>Des informations sur la classification du produit dans le cadre de l&#8217;ordonnance sur les substances dangereuses, des donn\u00e9es de s\u00e9curit\u00e9 et des donn\u00e9es sur la toxicologie et le stockage peuvent \u00eatre trouv\u00e9es dans notre fiche de donn\u00e9es de s\u00e9curit\u00e9.<\/p>\n\n\n\n<p>Faites attention \u00e0 l&#8217;\u00e9quipement de protection appropri\u00e9 lors de l&#8217;utilisation. Lors de la commande, nous vous recommandons de porter des masques respiratoires adapt\u00e9s et des gants en caoutchouc.<\/p>\n\n\n\n<p>En cas de contact avec la peau, laver soigneusement les zones \u00e0 l&#8217;eau et au savon.<\/p>\n\n\n\n<p><strong>stockage<\/strong><\/p>\n\n\n\n<p>V24 Concrete and Stone Sealing Extreme se conserve au moins 12 mois dans l&#8217;emballage d&#8217;origine ferm\u00e9 \u00e0 des temp\u00e9ratures de stockage de +5 \u00e0 + 25 \u00b0C.<\/p>\n\n\n\n<p>Les conteneurs ouverts doivent \u00eatre utilis\u00e9s \u00e0 court terme.<\/p>\n\n\n\n<p>Une p\u00e9riode de stockage plus longue ne signifie pas n\u00e9cessairement que le produit est inutilisable, cependant, en termes d&#8217;assurance qualit\u00e9, les propri\u00e9t\u00e9s souhait\u00e9es pour l&#8217;utilisation pr\u00e9vue doivent \u00eatre v\u00e9rifi\u00e9es.<\/p>\n<\/div>\n<\/div>\n\n<hr\/>\n\n<h4 class=\"wp-block-heading\" id=\"application\">Application<\/h4>\n\n<div class=\"wp-block-columns is-layout-flex wp-container-core-columns-is-layout-9d6595d7 wp-block-columns-is-layout-flex\">\n<div class=\"wp-block-column is-layout-flow wp-block-column-is-layout-flow\">\n<ul class=\"wp-block-list\">\n<li><strong>V24 b\u00e9ton et pierre scellement extr\u00eame<\/strong> est livr\u00e9 pr\u00eat \u00e0 l&#8217;emploi et s&#8217;applique non dilu\u00e9 sur la surface pr\u00e9alablement nettoy\u00e9e et s\u00e9ch\u00e9e. Une dilution \u00e0 l&#8217;alcool est possible selon l&#8217;application.<\/li>\n<\/ul>\n\n\n\n<ul class=\"wp-block-list\">\n<li>Toutes les surfaces \u00e0 traiter doivent \u00eatre s\u00e8ches et bien nettoy\u00e9es, car c&#8217;est le seul moyen d&#8217;assurer une p\u00e9n\u00e9tration profonde du scellant, qui a un effet optimal \u00e0 long terme et en profondeur.<\/li>\n<\/ul>\n\n\n\n<ul class=\"wp-block-list\">\n<li>Apr\u00e8s l&#8217;application, le rev\u00eatement doit \u00eatre <strong><strong>V24 Scellement b\u00e9ton et pierre extr\u00eame<\/strong><\/strong> doit rester en contact avec la surface sous forme de film liquide pendant plusieurs secondes.<\/li>\n<\/ul>\n\n\n\n<ul class=\"wp-block-list\">\n<li>Le rev\u00eatement est compl\u00e8tement r\u00e9ticul\u00e9 et durci apr\u00e8s 24 heures.<\/li>\n<\/ul>\n\n\n\n<p>Vous trouverez une description d\u00e9taill\u00e9e de l&#8217;application dans notre fiche technique<\/p>\n<\/div>\n\n\n\n<div class=\"wp-block-column is-layout-flow wp-block-column-is-layout-flow\">\n<p>Vernis protecteur transparent pour toutes les surfaces min\u00e9rales absorbantes en b\u00e9ton et en pierre, \u00e0 l&#8217;int\u00e9rieur comme \u00e0 l&#8217;ext\u00e9rieur.<\/p>\n\n\n\n<p>\u2713 B\u00e9ton (bloc de b\u00e9ton, dallage en b\u00e9ton, escaliers, sols de garage et d&#8217;atelier, zones en b\u00e9ton apparent&#8230;)<\/p>\n\n\n\n<p>\u2713 Pierre (pierre naturelle, pav\u00e9 uni, granit, brique silico-calcaire, ardoise, ma\u00e7onnerie, all\u00e9es&#8230;)<\/p>\n\n\n\n<p><strong>Important :<\/strong> L&#8217;utilisation est limit\u00e9e aux surfaces hautement polies \u00e0 faible capacit\u00e9 d&#8217;absorption, car une adh\u00e9rence optimale ne peut pas avoir lieu ici. Si n\u00e9cessaire, la surface doit \u00eatre rugueuse au pr\u00e9alable (papier de verre 60-100 selon la surface) et une couche d&#8217;appr\u00eat (1\/3 alcool 2\/3 mastic) appliqu\u00e9e. Puis apr\u00e8s environ 30 minutes le scellement non dilu\u00e9.<\/p>\n\n\n\n<p>La consommation d\u00e9pend du pouvoir absorbant de la surface environ 10-40m\u00b2 \/ litre.<\/p>\n<\/div>\n<\/div>\n","protected":false},"excerpt":{"rendered":"<p><strong>Vernis extr\u00eamement hydrofuge pour une utilisation en int\u00e9rieur et en ext\u00e9rieur<\/strong>  <\/p>\n<p>\u2713 pour toutes les surfaces absorbantes en pierre min\u00e9rale et en b\u00e9ton<\/p>\n<p>\u2713 Effet facile \u00e0 nettoyer : la salet\u00e9 n&#8217;adh\u00e8re pas et s&#8217;\u00e9limine facilement<\/p>\n<p>\u2713 les surfaces trait\u00e9es ne sont pas respirantes<\/p>\n<p>\u2713 Emp\u00eache la croissance de mousse, de lichen, de champignons et d&#8217;autres influences naturelles<\/p>\n<p>\u2713 Effet d&#8217;approfondissement de la couleur avec un film brillant \/ am\u00e9lioration de la surface<\/p>\n<p>\u2713 Dur\u00e9e de conservation : jusqu&#8217;\u00e0 5 ans+.<\/p>\n","protected":false},"featured_media":18103,"template":"","meta":{"_acf_changed":false,"neve_meta_sidebar":"","neve_meta_container":"","neve_meta_enable_content_width":"","neve_meta_content_width":0,"neve_meta_title_alignment":"","neve_meta_author_avatar":"","neve_post_elements_order":"","neve_meta_disable_header":"","neve_meta_disable_footer":"","neve_meta_disable_title":"","neve_meta_reading_time":"","_surfaces":[],"_ver_product_tabs":[],"footnotes":""},"product_brand":[],"product_cat":[2294],"product_tag":[],"class_list":{"0":"post-24689","1":"product","2":"type-product","3":"status-publish","4":"has-post-thumbnail","6":"product_cat-scellement-pierre-beton","7":"pa_gebinde-bidon-20l","8":"pa_gebinde-bouteille-de-1000-ml","10":"first","11":"instock","12":"taxable","13":"shipping-taxable","14":"purchasable","15":"product-type-variable","16":"has-default-attributes"},"acf":[],"yoast_head":"<!-- This site is optimized with the Yoast SEO Premium plugin v22.8 (Yoast SEO v27.5) - https:\/\/yoast.com\/product\/yoast-seo-premium-wordpress\/ -->\n<title>\u00c9tanch\u00e9it\u00e9 du b\u00e9ton et de la pierre de qualit\u00e9 sup\u00e9rieure avec approfondissement de la couleur - versiegelung24<\/title>\n<meta name=\"description\" content=\"Scellement de qualit\u00e9 sup\u00e9rieure pour b\u00e9ton et pierre - en savoir plus sur notre scellement de qualit\u00e9 sup\u00e9rieure pour b\u00e9ton et pierre gr\u00e2ce \u00e0 la nanotechnologie et \u00e0 l&#039;approfondissement de la couleur\" \/>\n<meta name=\"robots\" content=\"index, follow, max-snippet:-1, max-image-preview:large, max-video-preview:-1\" \/>\n<link rel=\"canonical\" href=\"https:\/\/www.versiegelung24.com\/fr\/premium-beton-stone-scellant-extreme-hydrofuge-non-respirant.html\" \/>\n<meta property=\"og:locale\" content=\"fr_FR\" \/>\n<meta property=\"og:type\" content=\"article\" \/>\n<meta property=\"og:title\" content=\"Scellement de qualit\u00e9 sup\u00e9rieure pour b\u00e9ton et pierre avec approfondissement de la couleur - non respirant\" \/>\n<meta property=\"og:description\" content=\"Scellement de qualit\u00e9 sup\u00e9rieure pour b\u00e9ton et pierre - en savoir plus sur notre scellement de qualit\u00e9 sup\u00e9rieure pour b\u00e9ton et pierre gr\u00e2ce \u00e0 la nanotechnologie et \u00e0 l&#039;approfondissement de la couleur\" \/>\n<meta property=\"og:url\" content=\"https:\/\/www.versiegelung24.com\/fr\/premium-beton-stone-scellant-extreme-hydrofuge-non-respirant.html\" \/>\n<meta property=\"og:site_name\" content=\"versiegelung24.com\" \/>\n<meta property=\"article:modified_time\" content=\"2025-01-03T23:12:47+00:00\" \/>\n<meta property=\"og:image\" content=\"https:\/\/www.versiegelung24.com\/wp-content\/uploads\/2020\/06\/produkt-3008-704-1000-Beton-Stein-Versiegelung-extreme-Wasserabweisung-nicht-atmungsaktiv-scaled.jpg\" \/>\n\t<meta property=\"og:image:width\" content=\"2560\" \/>\n\t<meta property=\"og:image:height\" content=\"2560\" \/>\n\t<meta property=\"og:image:type\" content=\"image\/jpeg\" \/>\n<meta name=\"twitter:card\" content=\"summary_large_image\" \/>\n<meta name=\"twitter:label1\" content=\"Disponibilit\u00e9\" \/>\n\t<meta name=\"twitter:data1\" content=\"En stock\" \/>\n<script type=\"application\/ld+json\" class=\"yoast-schema-graph\">{\"@context\":\"https:\\\/\\\/schema.org\",\"@graph\":[{\"@type\":\"WebPage\",\"@id\":\"https:\\\/\\\/www.versiegelung24.com\\\/fr\\\/premium-beton-stone-scellant-extreme-hydrofuge-non-respirant.html\",\"url\":\"https:\\\/\\\/www.versiegelung24.com\\\/fr\\\/premium-beton-stone-scellant-extreme-hydrofuge-non-respirant.html\",\"name\":\"\u00c9tanch\u00e9it\u00e9 du b\u00e9ton et de la pierre de qualit\u00e9 sup\u00e9rieure avec approfondissement de la couleur - versiegelung24\",\"isPartOf\":{\"@id\":\"https:\\\/\\\/www.versiegelung24.com\\\/fr\\\/#website\"},\"primaryImageOfPage\":{\"@id\":\"https:\\\/\\\/www.versiegelung24.com\\\/fr\\\/premium-beton-stone-scellant-extreme-hydrofuge-non-respirant.html#primaryimage\"},\"image\":{\"@id\":\"https:\\\/\\\/www.versiegelung24.com\\\/fr\\\/premium-beton-stone-scellant-extreme-hydrofuge-non-respirant.html#primaryimage\"},\"thumbnailUrl\":\"https:\\\/\\\/www.versiegelung24.com\\\/wp-content\\\/uploads\\\/2020\\\/06\\\/produkt-3008-704-1000-Beton-Stein-Versiegelung-extreme-Wasserabweisung-nicht-atmungsaktiv-scaled.jpg\",\"datePublished\":\"2021-08-02T20:57:57+00:00\",\"dateModified\":\"2025-01-03T23:12:47+00:00\",\"description\":\"Scellement de qualit\u00e9 sup\u00e9rieure pour b\u00e9ton et pierre - en savoir plus sur notre scellement de qualit\u00e9 sup\u00e9rieure pour b\u00e9ton et pierre gr\u00e2ce \u00e0 la nanotechnologie et \u00e0 l'approfondissement de la couleur\",\"breadcrumb\":{\"@id\":\"https:\\\/\\\/www.versiegelung24.com\\\/fr\\\/premium-beton-stone-scellant-extreme-hydrofuge-non-respirant.html#breadcrumb\"},\"inLanguage\":\"fr-FR\",\"potentialAction\":[{\"@type\":\"ReadAction\",\"target\":[\"https:\\\/\\\/www.versiegelung24.com\\\/fr\\\/premium-beton-stone-scellant-extreme-hydrofuge-non-respirant.html\"]}]},{\"@type\":\"ImageObject\",\"inLanguage\":\"fr-FR\",\"@id\":\"https:\\\/\\\/www.versiegelung24.com\\\/fr\\\/premium-beton-stone-scellant-extreme-hydrofuge-non-respirant.html#primaryimage\",\"url\":\"https:\\\/\\\/www.versiegelung24.com\\\/wp-content\\\/uploads\\\/2020\\\/06\\\/produkt-3008-704-1000-Beton-Stein-Versiegelung-extreme-Wasserabweisung-nicht-atmungsaktiv-scaled.jpg\",\"contentUrl\":\"https:\\\/\\\/www.versiegelung24.com\\\/wp-content\\\/uploads\\\/2020\\\/06\\\/produkt-3008-704-1000-Beton-Stein-Versiegelung-extreme-Wasserabweisung-nicht-atmungsaktiv-scaled.jpg\",\"width\":2560,\"height\":2560},{\"@type\":\"BreadcrumbList\",\"@id\":\"https:\\\/\\\/www.versiegelung24.com\\\/fr\\\/premium-beton-stone-scellant-extreme-hydrofuge-non-respirant.html#breadcrumb\",\"itemListElement\":[{\"@type\":\"ListItem\",\"position\":1,\"name\":\"Page d'accueil\",\"item\":\"https:\\\/\\\/www.versiegelung24.com\\\/fr\\\/front\\\/\"},{\"@type\":\"ListItem\",\"position\":2,\"name\":\"Boutique\",\"item\":\"https:\\\/\\\/www.versiegelung24.com\\\/fr\\\/boutique-2\\\/\"},{\"@type\":\"ListItem\",\"position\":3,\"name\":\"Scellement de qualit\u00e9 sup\u00e9rieure pour b\u00e9ton et pierre avec approfondissement de la couleur &#8211; non respirant\"}]},{\"@type\":\"WebSite\",\"@id\":\"https:\\\/\\\/www.versiegelung24.com\\\/fr\\\/#website\",\"url\":\"https:\\\/\\\/www.versiegelung24.com\\\/fr\\\/\",\"name\":\"versiegelung24.com\",\"description\":\"Fl\u00fcssigglas-Versiegelung - Made in Germany\",\"publisher\":{\"@id\":\"https:\\\/\\\/www.versiegelung24.com\\\/fr\\\/#organization\"},\"potentialAction\":[{\"@type\":\"SearchAction\",\"target\":{\"@type\":\"EntryPoint\",\"urlTemplate\":\"https:\\\/\\\/www.versiegelung24.com\\\/fr\\\/?s={search_term_string}\"},\"query-input\":{\"@type\":\"PropertyValueSpecification\",\"valueRequired\":true,\"valueName\":\"search_term_string\"}}],\"inLanguage\":\"fr-FR\"},{\"@type\":\"Organization\",\"@id\":\"https:\\\/\\\/www.versiegelung24.com\\\/fr\\\/#organization\",\"name\":\"versiegelung24\",\"url\":\"https:\\\/\\\/www.versiegelung24.com\\\/fr\\\/\",\"logo\":{\"@type\":\"ImageObject\",\"inLanguage\":\"fr-FR\",\"@id\":\"https:\\\/\\\/www.versiegelung24.com\\\/fr\\\/#\\\/schema\\\/logo\\\/image\\\/\",\"url\":\"https:\\\/\\\/www.versiegelung24.com\\\/wp-content\\\/uploads\\\/2020\\\/04\\\/versiegelung24.png\",\"contentUrl\":\"https:\\\/\\\/www.versiegelung24.com\\\/wp-content\\\/uploads\\\/2020\\\/04\\\/versiegelung24.png\",\"width\":470,\"height\":102,\"caption\":\"versiegelung24\"},\"image\":{\"@id\":\"https:\\\/\\\/www.versiegelung24.com\\\/fr\\\/#\\\/schema\\\/logo\\\/image\\\/\"}}]}<\/script>\n<meta property=\"og:availability\" content=\"instock\" \/>\n<meta property=\"product:availability\" content=\"instock\" \/>\n<meta property=\"product:retailer_item_id\" content=\"3008-704\" \/>\n<meta property=\"product:condition\" content=\"new\" \/>\n<!-- \/ Yoast SEO Premium plugin. -->","yoast_head_json":{"title":"\u00c9tanch\u00e9it\u00e9 du b\u00e9ton et de la pierre de qualit\u00e9 sup\u00e9rieure avec approfondissement de la couleur - versiegelung24","description":"Scellement de qualit\u00e9 sup\u00e9rieure pour b\u00e9ton et pierre - en savoir plus sur notre scellement de qualit\u00e9 sup\u00e9rieure pour b\u00e9ton et pierre gr\u00e2ce \u00e0 la nanotechnologie et \u00e0 l'approfondissement de la couleur","robots":{"index":"index","follow":"follow","max-snippet":"max-snippet:-1","max-image-preview":"max-image-preview:large","max-video-preview":"max-video-preview:-1"},"canonical":"https:\/\/www.versiegelung24.com\/fr\/premium-beton-stone-scellant-extreme-hydrofuge-non-respirant.html","og_locale":"fr_FR","og_type":"article","og_title":"Scellement de qualit\u00e9 sup\u00e9rieure pour b\u00e9ton et pierre avec approfondissement de la couleur - non respirant","og_description":"Scellement de qualit\u00e9 sup\u00e9rieure pour b\u00e9ton et pierre - en savoir plus sur notre scellement de qualit\u00e9 sup\u00e9rieure pour b\u00e9ton et pierre gr\u00e2ce \u00e0 la nanotechnologie et \u00e0 l'approfondissement de la couleur","og_url":"https:\/\/www.versiegelung24.com\/fr\/premium-beton-stone-scellant-extreme-hydrofuge-non-respirant.html","og_site_name":"versiegelung24.com","article_modified_time":"2025-01-03T23:12:47+00:00","og_image":[{"width":2560,"height":2560,"url":"https:\/\/www.versiegelung24.com\/wp-content\/uploads\/2020\/06\/produkt-3008-704-1000-Beton-Stein-Versiegelung-extreme-Wasserabweisung-nicht-atmungsaktiv-scaled.jpg","type":"image\/jpeg"}],"twitter_card":"summary_large_image","twitter_misc":{"Disponibilit\u00e9":"En stock"},"schema":{"@context":"https:\/\/schema.org","@graph":[{"@type":"WebPage","@id":"https:\/\/www.versiegelung24.com\/fr\/premium-beton-stone-scellant-extreme-hydrofuge-non-respirant.html","url":"https:\/\/www.versiegelung24.com\/fr\/premium-beton-stone-scellant-extreme-hydrofuge-non-respirant.html","name":"\u00c9tanch\u00e9it\u00e9 du b\u00e9ton et de la pierre de qualit\u00e9 sup\u00e9rieure avec approfondissement de la couleur - versiegelung24","isPartOf":{"@id":"https:\/\/www.versiegelung24.com\/fr\/#website"},"primaryImageOfPage":{"@id":"https:\/\/www.versiegelung24.com\/fr\/premium-beton-stone-scellant-extreme-hydrofuge-non-respirant.html#primaryimage"},"image":{"@id":"https:\/\/www.versiegelung24.com\/fr\/premium-beton-stone-scellant-extreme-hydrofuge-non-respirant.html#primaryimage"},"thumbnailUrl":"https:\/\/www.versiegelung24.com\/wp-content\/uploads\/2020\/06\/produkt-3008-704-1000-Beton-Stein-Versiegelung-extreme-Wasserabweisung-nicht-atmungsaktiv-scaled.jpg","datePublished":"2021-08-02T20:57:57+00:00","dateModified":"2025-01-03T23:12:47+00:00","description":"Scellement de qualit\u00e9 sup\u00e9rieure pour b\u00e9ton et pierre - en savoir plus sur notre scellement de qualit\u00e9 sup\u00e9rieure pour b\u00e9ton et pierre gr\u00e2ce \u00e0 la nanotechnologie et \u00e0 l'approfondissement de la couleur","breadcrumb":{"@id":"https:\/\/www.versiegelung24.com\/fr\/premium-beton-stone-scellant-extreme-hydrofuge-non-respirant.html#breadcrumb"},"inLanguage":"fr-FR","potentialAction":[{"@type":"ReadAction","target":["https:\/\/www.versiegelung24.com\/fr\/premium-beton-stone-scellant-extreme-hydrofuge-non-respirant.html"]}]},{"@type":"ImageObject","inLanguage":"fr-FR","@id":"https:\/\/www.versiegelung24.com\/fr\/premium-beton-stone-scellant-extreme-hydrofuge-non-respirant.html#primaryimage","url":"https:\/\/www.versiegelung24.com\/wp-content\/uploads\/2020\/06\/produkt-3008-704-1000-Beton-Stein-Versiegelung-extreme-Wasserabweisung-nicht-atmungsaktiv-scaled.jpg","contentUrl":"https:\/\/www.versiegelung24.com\/wp-content\/uploads\/2020\/06\/produkt-3008-704-1000-Beton-Stein-Versiegelung-extreme-Wasserabweisung-nicht-atmungsaktiv-scaled.jpg","width":2560,"height":2560},{"@type":"BreadcrumbList","@id":"https:\/\/www.versiegelung24.com\/fr\/premium-beton-stone-scellant-extreme-hydrofuge-non-respirant.html#breadcrumb","itemListElement":[{"@type":"ListItem","position":1,"name":"Page d'accueil","item":"https:\/\/www.versiegelung24.com\/fr\/front\/"},{"@type":"ListItem","position":2,"name":"Boutique","item":"https:\/\/www.versiegelung24.com\/fr\/boutique-2\/"},{"@type":"ListItem","position":3,"name":"Scellement de qualit\u00e9 sup\u00e9rieure pour b\u00e9ton et pierre avec approfondissement de la couleur &#8211; non respirant"}]},{"@type":"WebSite","@id":"https:\/\/www.versiegelung24.com\/fr\/#website","url":"https:\/\/www.versiegelung24.com\/fr\/","name":"versiegelung24.com","description":"Fl\u00fcssigglas-Versiegelung - Made in Germany","publisher":{"@id":"https:\/\/www.versiegelung24.com\/fr\/#organization"},"potentialAction":[{"@type":"SearchAction","target":{"@type":"EntryPoint","urlTemplate":"https:\/\/www.versiegelung24.com\/fr\/?s={search_term_string}"},"query-input":{"@type":"PropertyValueSpecification","valueRequired":true,"valueName":"search_term_string"}}],"inLanguage":"fr-FR"},{"@type":"Organization","@id":"https:\/\/www.versiegelung24.com\/fr\/#organization","name":"versiegelung24","url":"https:\/\/www.versiegelung24.com\/fr\/","logo":{"@type":"ImageObject","inLanguage":"fr-FR","@id":"https:\/\/www.versiegelung24.com\/fr\/#\/schema\/logo\/image\/","url":"https:\/\/www.versiegelung24.com\/wp-content\/uploads\/2020\/04\/versiegelung24.png","contentUrl":"https:\/\/www.versiegelung24.com\/wp-content\/uploads\/2020\/04\/versiegelung24.png","width":470,"height":102,"caption":"versiegelung24"},"image":{"@id":"https:\/\/www.versiegelung24.com\/fr\/#\/schema\/logo\/image\/"}}]},"og_availability":"instock","product_availability":"instock","product_retailer_item_id":"3008-704","product_condition":"new"},"_links":{"self":[{"href":"https:\/\/www.versiegelung24.com\/fr\/wp-json\/wp\/v2\/product\/24689","targetHints":{"allow":["GET"]}}],"collection":[{"href":"https:\/\/www.versiegelung24.com\/fr\/wp-json\/wp\/v2\/product"}],"about":[{"href":"https:\/\/www.versiegelung24.com\/fr\/wp-json\/wp\/v2\/types\/product"}],"version-history":[{"count":21,"href":"https:\/\/www.versiegelung24.com\/fr\/wp-json\/wp\/v2\/product\/24689\/revisions"}],"predecessor-version":[{"id":173997,"href":"https:\/\/www.versiegelung24.com\/fr\/wp-json\/wp\/v2\/product\/24689\/revisions\/173997"}],"wp:featuredmedia":[{"embeddable":true,"href":"https:\/\/www.versiegelung24.com\/fr\/wp-json\/wp\/v2\/media\/18103"}],"wp:attachment":[{"href":"https:\/\/www.versiegelung24.com\/fr\/wp-json\/wp\/v2\/media?parent=24689"}],"wp:term":[{"taxonomy":"product_brand","embeddable":true,"href":"https:\/\/www.versiegelung24.com\/fr\/wp-json\/wp\/v2\/product_brand?post=24689"},{"taxonomy":"product_cat","embeddable":true,"href":"https:\/\/www.versiegelung24.com\/fr\/wp-json\/wp\/v2\/product_cat?post=24689"},{"taxonomy":"product_tag","embeddable":true,"href":"https:\/\/www.versiegelung24.com\/fr\/wp-json\/wp\/v2\/product_tag?post=24689"}],"curies":[{"name":"wp","href":"https:\/\/api.w.org\/{rel}","templated":true}]}}