{"id":24978,"date":"2020-05-20T20:21:58","date_gmt":"2021-08-02T21:16:41","guid":{"rendered":"https:\/\/www.versiegelung24.com\/produkt\/desinfectant-pour-les-mains-dexan-flacon-500ml"},"modified":"2025-01-13T16:40:17","modified_gmt":"2025-01-13T15:40:17","slug":"desinfectant-pour-les-mains-dexane-bouteille-500ml","status":"publish","type":"product","link":"https:\/\/www.versiegelung24.com\/fr\/desinfectant-pour-les-mains-dexane-bouteille-500ml.html","title":{"rendered":"D\u00e9sinfectant pour les mains Dexan Flacon 500ml"},"content":{"rendered":"\n<h2 class=\"wp-block-heading\" id=\"gebrauchsfertige-alkoholbasierte-handedesinfektion-mit-pflegekomponente-aloe-vera\">D\u00e9sinfection des mains \u00e0 base d&#8217;alcool pr\u00eate \u00e0 l&#8217;emploi avec composants d&#8217;entretien (aloe vera)<\/h2>\n\n<p>Virucide limit\u00e9 (virus envelopp\u00e9s <strong>Incl. Coronavirus<\/strong>, VIH, VHB, VHC, grippe, herp\u00e8s, virus Ebola, etc.)<\/p>\n\n<hr \/>\n\n<h4 class=\"wp-block-heading\" id=\"properties\">Caract\u00e9ristiques du produit<\/h4>\n\n<div class=\"wp-block-columns is-layout-flex wp-container-core-columns-is-layout-9d6595d7 wp-block-columns-is-layout-flex\">\n<div class=\"wp-block-column is-layout-flow wp-block-column-is-layout-flow\">\n<p><strong>Efficacit\u00e9 :<\/strong><br \/>Test\u00e9 selon les normes hospitali\u00e8res europ\u00e9ennes : EN 1040, EN 1275, EN 1276, EN 1500 : 1 min ; prEN 12054 : 30s. Virucide limit\u00e9 (virus envelopp\u00e9s dont coronavirus, VIH, VHB, VHC, grippe, herp\u00e8s, virus Ebola etc.) selon la directive DVV\/RKI : 15s.<\/p>\n<\/div>\n\n\n\n<div class=\"wp-block-column is-layout-flow wp-block-column-is-layout-flow\">\n<p><strong>Usage pr\u00e9vu :<\/strong><br \/>Pour la d\u00e9sinfection hygi\u00e9nique des mains.<\/p>\n\n\n\n<p><strong>Composition :<\/strong><br \/>100g contiennent :<br \/>50,0g d&#8217;\u00e9thanol, 10,0g d&#8217;isopropanol, 0,10 g de chlorure de benzalkonium, eau purifi\u00e9e, extrait d&#8217;aloe vera.<\/p>\n<\/div>\n<\/div>\n\n<hr \/>\n\n<h4 class=\"wp-block-heading\" id=\"application\">Application<\/h4>\n\n<p>Mettez suffisamment de Dexan dans la main s\u00e8che en forme de coupe pour que toutes les zones des mains soient compl\u00e8tement recouvertes de la pr\u00e9paration. Frotter soigneusement les mains, garder les mains humides pendant le temps de friction.<\/p>\n\n<hr \/>\n\n<h4 class=\"wp-block-heading\" id=\"advisor\">Guide pratique<\/h4>\n\n<p><strong>Conseil de s\u00e9curit\u00e9 :<\/strong><br \/>Liquide et vapeur tr\u00e8s inflammables. Provoque une grave irritation des yeux. Tenir \u00e0 l&#8217;\u00e9cart de la chaleur, des surfaces chaudes, des \u00e9tincelles, des flammes nues et de toute autre source d&#8217;inflammation. Ne pas fumer. Conserver le r\u00e9cipient herm\u00e9tiquement ferm\u00e9. EN CAS DE CONTACT AVEC LES YEUX : Rincer doucement \u00e0 l&#8217;eau pendant plusieurs minutes. Si possible, retirer les lentilles de contact. Continuez \u00e0 rincer. Tenir hors de port\u00e9e des enfants. N\u00b0 d&#8217;enregistrement biocide : 75940. Utiliser le d\u00e9sinfectant avec pr\u00e9caution. Toujours lire l&#8217;\u00e9tiquette et les informations sur le produit avant utilisation.<\/p>\n","protected":false},"excerpt":{"rendered":"<p><strong>D\u00e9sinfection des mains \u00e0 base d&#8217;alcool pr\u00eate \u00e0 l&#8217;emploi :<\/strong><\/p>\n<p>\u2713 Avec composant de soin (aloe vera)<\/p>\n<p>\u2713 Virucide limit\u00e9 (virus envelopp\u00e9s dont coronavirus, VIH, VHB, VHC, grippe, herp\u00e8s, virus Ebola etc.)<\/p>\n","protected":false},"featured_media":15534,"template":"","meta":{"_acf_changed":false,"neve_meta_sidebar":"","neve_meta_container":"","neve_meta_enable_content_width":"","neve_meta_content_width":0,"neve_meta_title_alignment":"","neve_meta_author_avatar":"","neve_post_elements_order":"","neve_meta_disable_header":"","neve_meta_disable_footer":"","neve_meta_disable_title":"","neve_meta_reading_time":"","_surfaces":[],"_ver_product_tabs":[],"footnotes":""},"product_brand":[],"product_cat":[2346,2699],"product_tag":[],"class_list":{"0":"post-24978","1":"product","2":"type-product","3":"status-publish","4":"has-post-thumbnail","6":"product_cat-desinfectants","7":"product_cat-gel-hydroalcoolique","9":"first","10":"instock","11":"taxable","12":"shipping-taxable","13":"purchasable","14":"product-type-simple"},"acf":[],"yoast_head":"<!-- This site is optimized with the Yoast SEO Premium plugin v22.8 (Yoast SEO v27.5) - https:\/\/yoast.com\/product\/yoast-seo-premium-wordpress\/ -->\n<title>D\u00e9sinfectant pour les mains Dexan Flacon 500ml - versiegelung24.com<\/title>\n<meta name=\"robots\" content=\"index, follow, max-snippet:-1, max-image-preview:large, max-video-preview:-1\" \/>\n<link rel=\"canonical\" href=\"https:\/\/www.versiegelung24.com\/fr\/desinfectant-pour-les-mains-dexane-bouteille-500ml.html\" \/>\n<meta property=\"og:locale\" content=\"fr_FR\" \/>\n<meta property=\"og:type\" content=\"article\" \/>\n<meta property=\"og:title\" content=\"D\u00e9sinfectant pour les mains Dexan Flacon 500ml\" \/>\n<meta property=\"og:description\" content=\"D\u00e9sinfection des mains \u00e0 base d&#039;alcool pr\u00eate \u00e0 l&#039;emploi : \u2713 Avec composant de soin (aloe vera) \u2713 Virucide limit\u00e9 (virus envelopp\u00e9s dont coronavirus, VIH, VHB, VHC, grippe, herp\u00e8s, virus Ebola etc.)\" \/>\n<meta property=\"og:url\" content=\"https:\/\/www.versiegelung24.com\/fr\/desinfectant-pour-les-mains-dexane-bouteille-500ml.html\" \/>\n<meta property=\"og:site_name\" content=\"versiegelung24.com\" \/>\n<meta property=\"article:modified_time\" content=\"2025-01-13T15:40:17+00:00\" \/>\n<meta property=\"og:image\" content=\"https:\/\/www.versiegelung24.com\/wp-content\/uploads\/2020\/05\/dexan-haendedesinfektionsmittel-500ml-1.png\" \/>\n\t<meta property=\"og:image:width\" content=\"2000\" \/>\n\t<meta property=\"og:image:height\" content=\"2000\" \/>\n\t<meta property=\"og:image:type\" content=\"image\/png\" \/>\n<meta name=\"twitter:card\" content=\"summary_large_image\" \/>\n<meta name=\"twitter:label1\" content=\"Prix\" \/>\n\t<meta name=\"twitter:data1\" content=\"9,99&euro;\" \/>\n\t<meta name=\"twitter:label2\" content=\"Disponibilit\u00e9\" \/>\n\t<meta name=\"twitter:data2\" content=\"En stock\" \/>\n<script type=\"application\/ld+json\" class=\"yoast-schema-graph\">{\"@context\":\"https:\\\/\\\/schema.org\",\"@graph\":[{\"@type\":\"WebPage\",\"@id\":\"https:\\\/\\\/www.versiegelung24.com\\\/fr\\\/desinfectant-pour-les-mains-dexane-bouteille-500ml.html\",\"url\":\"https:\\\/\\\/www.versiegelung24.com\\\/fr\\\/desinfectant-pour-les-mains-dexane-bouteille-500ml.html\",\"name\":\"D\u00e9sinfectant pour les mains Dexan Flacon 500ml - versiegelung24.com\",\"isPartOf\":{\"@id\":\"https:\\\/\\\/www.versiegelung24.com\\\/fr\\\/#website\"},\"primaryImageOfPage\":{\"@id\":\"https:\\\/\\\/www.versiegelung24.com\\\/fr\\\/desinfectant-pour-les-mains-dexane-bouteille-500ml.html#primaryimage\"},\"image\":{\"@id\":\"https:\\\/\\\/www.versiegelung24.com\\\/fr\\\/desinfectant-pour-les-mains-dexane-bouteille-500ml.html#primaryimage\"},\"thumbnailUrl\":\"https:\\\/\\\/www.versiegelung24.com\\\/wp-content\\\/uploads\\\/2020\\\/05\\\/dexan-haendedesinfektionsmittel-500ml-1.png\",\"datePublished\":\"2021-08-02T21:16:41+00:00\",\"dateModified\":\"2025-01-13T15:40:17+00:00\",\"breadcrumb\":{\"@id\":\"https:\\\/\\\/www.versiegelung24.com\\\/fr\\\/desinfectant-pour-les-mains-dexane-bouteille-500ml.html#breadcrumb\"},\"inLanguage\":\"fr-FR\",\"potentialAction\":[{\"@type\":\"ReadAction\",\"target\":[\"https:\\\/\\\/www.versiegelung24.com\\\/fr\\\/desinfectant-pour-les-mains-dexane-bouteille-500ml.html\"]}]},{\"@type\":\"ImageObject\",\"inLanguage\":\"fr-FR\",\"@id\":\"https:\\\/\\\/www.versiegelung24.com\\\/fr\\\/desinfectant-pour-les-mains-dexane-bouteille-500ml.html#primaryimage\",\"url\":\"https:\\\/\\\/www.versiegelung24.com\\\/wp-content\\\/uploads\\\/2020\\\/05\\\/dexan-haendedesinfektionsmittel-500ml-1.png\",\"contentUrl\":\"https:\\\/\\\/www.versiegelung24.com\\\/wp-content\\\/uploads\\\/2020\\\/05\\\/dexan-haendedesinfektionsmittel-500ml-1.png\",\"width\":2000,\"height\":2000},{\"@type\":\"BreadcrumbList\",\"@id\":\"https:\\\/\\\/www.versiegelung24.com\\\/fr\\\/desinfectant-pour-les-mains-dexane-bouteille-500ml.html#breadcrumb\",\"itemListElement\":[{\"@type\":\"ListItem\",\"position\":1,\"name\":\"Page d'accueil\",\"item\":\"https:\\\/\\\/www.versiegelung24.com\\\/fr\\\/front\\\/\"},{\"@type\":\"ListItem\",\"position\":2,\"name\":\"Boutique\",\"item\":\"https:\\\/\\\/www.versiegelung24.com\\\/fr\\\/boutique-2\\\/\"},{\"@type\":\"ListItem\",\"position\":3,\"name\":\"D\u00e9sinfectant pour les mains Dexan Flacon 500ml\"}]},{\"@type\":\"WebSite\",\"@id\":\"https:\\\/\\\/www.versiegelung24.com\\\/fr\\\/#website\",\"url\":\"https:\\\/\\\/www.versiegelung24.com\\\/fr\\\/\",\"name\":\"versiegelung24.com\",\"description\":\"Fl\u00fcssigglas-Versiegelung - Made in Germany\",\"publisher\":{\"@id\":\"https:\\\/\\\/www.versiegelung24.com\\\/fr\\\/#organization\"},\"potentialAction\":[{\"@type\":\"SearchAction\",\"target\":{\"@type\":\"EntryPoint\",\"urlTemplate\":\"https:\\\/\\\/www.versiegelung24.com\\\/fr\\\/?s={search_term_string}\"},\"query-input\":{\"@type\":\"PropertyValueSpecification\",\"valueRequired\":true,\"valueName\":\"search_term_string\"}}],\"inLanguage\":\"fr-FR\"},{\"@type\":\"Organization\",\"@id\":\"https:\\\/\\\/www.versiegelung24.com\\\/fr\\\/#organization\",\"name\":\"versiegelung24\",\"url\":\"https:\\\/\\\/www.versiegelung24.com\\\/fr\\\/\",\"logo\":{\"@type\":\"ImageObject\",\"inLanguage\":\"fr-FR\",\"@id\":\"https:\\\/\\\/www.versiegelung24.com\\\/fr\\\/#\\\/schema\\\/logo\\\/image\\\/\",\"url\":\"https:\\\/\\\/www.versiegelung24.com\\\/wp-content\\\/uploads\\\/2020\\\/04\\\/versiegelung24.png\",\"contentUrl\":\"https:\\\/\\\/www.versiegelung24.com\\\/wp-content\\\/uploads\\\/2020\\\/04\\\/versiegelung24.png\",\"width\":470,\"height\":102,\"caption\":\"versiegelung24\"},\"image\":{\"@id\":\"https:\\\/\\\/www.versiegelung24.com\\\/fr\\\/#\\\/schema\\\/logo\\\/image\\\/\"}}]}<\/script>\n<meta property=\"product:price:amount\" content=\"9.99\" \/>\n<meta property=\"product:price:currency\" content=\"EUR\" \/>\n<meta property=\"og:availability\" content=\"instock\" \/>\n<meta property=\"product:availability\" content=\"instock\" \/>\n<meta property=\"product:retailer_item_id\" content=\"dexan-500\" \/>\n<meta property=\"product:condition\" content=\"new\" \/>\n<!-- \/ Yoast SEO Premium plugin. -->","yoast_head_json":{"title":"D\u00e9sinfectant pour les mains Dexan Flacon 500ml - versiegelung24.com","robots":{"index":"index","follow":"follow","max-snippet":"max-snippet:-1","max-image-preview":"max-image-preview:large","max-video-preview":"max-video-preview:-1"},"canonical":"https:\/\/www.versiegelung24.com\/fr\/desinfectant-pour-les-mains-dexane-bouteille-500ml.html","og_locale":"fr_FR","og_type":"article","og_title":"D\u00e9sinfectant pour les mains Dexan Flacon 500ml","og_description":"D\u00e9sinfection des mains \u00e0 base d'alcool pr\u00eate \u00e0 l'emploi : \u2713 Avec composant de soin (aloe vera) \u2713 Virucide limit\u00e9 (virus envelopp\u00e9s dont coronavirus, VIH, VHB, VHC, grippe, herp\u00e8s, virus Ebola etc.)","og_url":"https:\/\/www.versiegelung24.com\/fr\/desinfectant-pour-les-mains-dexane-bouteille-500ml.html","og_site_name":"versiegelung24.com","article_modified_time":"2025-01-13T15:40:17+00:00","og_image":[{"width":2000,"height":2000,"url":"https:\/\/www.versiegelung24.com\/wp-content\/uploads\/2020\/05\/dexan-haendedesinfektionsmittel-500ml-1.png","type":"image\/png"}],"twitter_card":"summary_large_image","twitter_misc":{"Prix":"9,99&euro;","Disponibilit\u00e9":"En stock"},"schema":{"@context":"https:\/\/schema.org","@graph":[{"@type":"WebPage","@id":"https:\/\/www.versiegelung24.com\/fr\/desinfectant-pour-les-mains-dexane-bouteille-500ml.html","url":"https:\/\/www.versiegelung24.com\/fr\/desinfectant-pour-les-mains-dexane-bouteille-500ml.html","name":"D\u00e9sinfectant pour les mains Dexan Flacon 500ml - versiegelung24.com","isPartOf":{"@id":"https:\/\/www.versiegelung24.com\/fr\/#website"},"primaryImageOfPage":{"@id":"https:\/\/www.versiegelung24.com\/fr\/desinfectant-pour-les-mains-dexane-bouteille-500ml.html#primaryimage"},"image":{"@id":"https:\/\/www.versiegelung24.com\/fr\/desinfectant-pour-les-mains-dexane-bouteille-500ml.html#primaryimage"},"thumbnailUrl":"https:\/\/www.versiegelung24.com\/wp-content\/uploads\/2020\/05\/dexan-haendedesinfektionsmittel-500ml-1.png","datePublished":"2021-08-02T21:16:41+00:00","dateModified":"2025-01-13T15:40:17+00:00","breadcrumb":{"@id":"https:\/\/www.versiegelung24.com\/fr\/desinfectant-pour-les-mains-dexane-bouteille-500ml.html#breadcrumb"},"inLanguage":"fr-FR","potentialAction":[{"@type":"ReadAction","target":["https:\/\/www.versiegelung24.com\/fr\/desinfectant-pour-les-mains-dexane-bouteille-500ml.html"]}]},{"@type":"ImageObject","inLanguage":"fr-FR","@id":"https:\/\/www.versiegelung24.com\/fr\/desinfectant-pour-les-mains-dexane-bouteille-500ml.html#primaryimage","url":"https:\/\/www.versiegelung24.com\/wp-content\/uploads\/2020\/05\/dexan-haendedesinfektionsmittel-500ml-1.png","contentUrl":"https:\/\/www.versiegelung24.com\/wp-content\/uploads\/2020\/05\/dexan-haendedesinfektionsmittel-500ml-1.png","width":2000,"height":2000},{"@type":"BreadcrumbList","@id":"https:\/\/www.versiegelung24.com\/fr\/desinfectant-pour-les-mains-dexane-bouteille-500ml.html#breadcrumb","itemListElement":[{"@type":"ListItem","position":1,"name":"Page d'accueil","item":"https:\/\/www.versiegelung24.com\/fr\/front\/"},{"@type":"ListItem","position":2,"name":"Boutique","item":"https:\/\/www.versiegelung24.com\/fr\/boutique-2\/"},{"@type":"ListItem","position":3,"name":"D\u00e9sinfectant pour les mains Dexan Flacon 500ml"}]},{"@type":"WebSite","@id":"https:\/\/www.versiegelung24.com\/fr\/#website","url":"https:\/\/www.versiegelung24.com\/fr\/","name":"versiegelung24.com","description":"Fl\u00fcssigglas-Versiegelung - Made in Germany","publisher":{"@id":"https:\/\/www.versiegelung24.com\/fr\/#organization"},"potentialAction":[{"@type":"SearchAction","target":{"@type":"EntryPoint","urlTemplate":"https:\/\/www.versiegelung24.com\/fr\/?s={search_term_string}"},"query-input":{"@type":"PropertyValueSpecification","valueRequired":true,"valueName":"search_term_string"}}],"inLanguage":"fr-FR"},{"@type":"Organization","@id":"https:\/\/www.versiegelung24.com\/fr\/#organization","name":"versiegelung24","url":"https:\/\/www.versiegelung24.com\/fr\/","logo":{"@type":"ImageObject","inLanguage":"fr-FR","@id":"https:\/\/www.versiegelung24.com\/fr\/#\/schema\/logo\/image\/","url":"https:\/\/www.versiegelung24.com\/wp-content\/uploads\/2020\/04\/versiegelung24.png","contentUrl":"https:\/\/www.versiegelung24.com\/wp-content\/uploads\/2020\/04\/versiegelung24.png","width":470,"height":102,"caption":"versiegelung24"},"image":{"@id":"https:\/\/www.versiegelung24.com\/fr\/#\/schema\/logo\/image\/"}}]},"product_price_amount":"9.99","product_price_currency":"EUR","og_availability":"instock","product_availability":"instock","product_retailer_item_id":"dexan-500","product_condition":"new"},"_links":{"self":[{"href":"https:\/\/www.versiegelung24.com\/fr\/wp-json\/wp\/v2\/product\/24978","targetHints":{"allow":["GET"]}}],"collection":[{"href":"https:\/\/www.versiegelung24.com\/fr\/wp-json\/wp\/v2\/product"}],"about":[{"href":"https:\/\/www.versiegelung24.com\/fr\/wp-json\/wp\/v2\/types\/product"}],"version-history":[{"count":15,"href":"https:\/\/www.versiegelung24.com\/fr\/wp-json\/wp\/v2\/product\/24978\/revisions"}],"predecessor-version":[{"id":180587,"href":"https:\/\/www.versiegelung24.com\/fr\/wp-json\/wp\/v2\/product\/24978\/revisions\/180587"}],"wp:featuredmedia":[{"embeddable":true,"href":"https:\/\/www.versiegelung24.com\/fr\/wp-json\/wp\/v2\/media\/15534"}],"wp:attachment":[{"href":"https:\/\/www.versiegelung24.com\/fr\/wp-json\/wp\/v2\/media?parent=24978"}],"wp:term":[{"taxonomy":"product_brand","embeddable":true,"href":"https:\/\/www.versiegelung24.com\/fr\/wp-json\/wp\/v2\/product_brand?post=24978"},{"taxonomy":"product_cat","embeddable":true,"href":"https:\/\/www.versiegelung24.com\/fr\/wp-json\/wp\/v2\/product_cat?post=24978"},{"taxonomy":"product_tag","embeddable":true,"href":"https:\/\/www.versiegelung24.com\/fr\/wp-json\/wp\/v2\/product_tag?post=24978"}],"curies":[{"name":"wp","href":"https:\/\/api.w.org\/{rel}","templated":true}]}}