{"id":25487,"date":"2020-04-04T18:53:13","date_gmt":"2020-04-04T16:53:13","guid":{"rendered":"https:\/\/www.versiegelung24.com\/produkt\/scellage-de-vitre-de-voiture-de-qualite-professionnelle"},"modified":"2025-01-03T23:40:28","modified_gmt":"2025-01-03T22:40:28","slug":"joint-verre-auto-qualite-professionnelle","status":"publish","type":"product","link":"https:\/\/www.versiegelung24.com\/fr\/scellage-de-vitre-de-voiture-de-qualite-professionnelle.html","title":{"rendered":"Scellage de vitre de voiture de qualit\u00e9 professionnelle"},"content":{"rendered":"\n<p><strong>Scellement tr\u00e8s efficace pour vitres de voitures et caravanes, qualit\u00e9 professionnelle, NEUF, passe l&#8217;hiver presque sans rayures, visibilit\u00e9 consid\u00e9rablement am\u00e9lior\u00e9e par mauvais temps<\/strong><\/p>\n\n<p>Fabriqu\u00e9 en Allemagne de haute qualit\u00e9.<\/p>\n\n<hr\/>\n\n<h4 class=\"wp-block-heading\" id=\"properties\">Caract\u00e9ristiques du produit<\/h4>\n\n<div class=\"wp-block-columns is-layout-flex wp-container-core-columns-is-layout-9d6595d7 wp-block-columns-is-layout-flex\">\n<div class=\"wp-block-column is-layout-flow wp-block-column-is-layout-flow\">\n<ul class=\"wp-block-list\">\n<li>Liquide clair, incolore, invisible et imperceptible<\/li>\n\n\n\n<li>Excellent effet facile \u00e0 nettoyer pour l&#8217;adh\u00e9rence de la salet\u00e9<\/li>\n\n\n\n<li>R\u00e9sistant \u00e0 l&#8217;eau, \u00e0 l&#8217;huile et \u00e0 la salet\u00e9, la pluie et la neige roulent sur la vitre, la salet\u00e9, les fientes d&#8217;oiseaux, les insectes et la glace ne peuvent plus adh\u00e9rer fermement<\/li>\n\n\n\n<li>Facilite le grattage de la glace en hiver<\/li>\n\n\n\n<li>\u00c0 partir d&#8217;environ 70 km\/h, la pluie tombe pendant la conduite, m\u00eame sans essuie-glace, et assure une vue d\u00e9gag\u00e9e<\/li>\n\n\n\n<li>Durable environ 25 000 km ou jusqu&#8217;\u00e0 un an<\/li>\n\n\n\n<li>R\u00e9duit la croissance des micro-organismes et des bact\u00e9ries, am\u00e9liore l&#8217;hygi\u00e8ne<\/li>\n\n\n\n<li>R\u00e9sistant au gel, \u00e0 la chaleur extr\u00eame, aux rayons UV, \u00e0 l&#8217;eau sal\u00e9e et \u00e0 l&#8217;air sal\u00e9, aux min\u00e9raux de l&#8217;eau dure et aux alcalis, r\u00e9sistant au sel de voirie<\/li>\n\n\n\n<li>Physiologiquement inoffensif<\/li>\n<\/ul>\n<\/div>\n\n\n\n<div class=\"wp-block-column is-layout-flow wp-block-column-is-layout-flow\">\n<ul class=\"wp-block-list\" id=\"block-4d08488f-e4e2-46e9-af9b-8ca16197df33\">\n<li>Les surfaces restent propres beaucoup plus longtemps, ce qui prolonge les cycles de nettoyage et r\u00e9duit consid\u00e9rablement les co\u00fbts, le temps et l&#8217;\u00e9nergie pour le nettoyage et l&#8217;entretien<\/li>\n\n\n\n<li>Les produits de nettoyage chimiques ne sont plus n\u00e9cessaires (scellant mais aussi r\u00e9sistant aux produits chimiques aux produits de nettoyage, jusqu&#8217;\u00e0 la valeur pH 12)<\/li>\n\n\n\n<li>R\u00e9sistant aux UV \/ r\u00e9sistant au gel \/ r\u00e9sistant \u00e0 l&#8217;eau sal\u00e9e \/ invisible (\u00e9paisseur de couche : 100-150 nm)<\/li>\n\n\n\n<li>Peut facilement \u00eatre r\u00e9appliqu\u00e9 lorsque l&#8217;effet s&#8217;estompe<\/li>\n<\/ul>\n\n\n\n<p>Contenu de la livraison :<br\/>1 x bouteille d&#8217;un litre<br\/>1 x t\u00eate de spray \u00e0 pompe<br\/><\/p>\n<\/div>\n<\/div>\n\n<hr\/>\n\n<h4 class=\"wp-block-heading\" id=\"application\">Application<\/h4>\n\n<ul class=\"wp-block-list\">\n<li>Toutes les vitres et r\u00e9troviseurs des voitures, caravanes, motos, etc.<\/li>\n<\/ul>\n\n<p>La consommation d\u00e9pend de la structure de la surface environ 100-200m\u00b2 \/ litre.<\/p>\n\n<p>Dur\u00e9e de conservation\u00a0: environ 12\u00a0mois<\/p>\n","protected":false},"excerpt":{"rendered":"<p><strong>\u00c9tanch\u00e9it\u00e9 tr\u00e8s efficace pour les vitres de voiture et les caravanes :<\/strong><\/p>\n<p>\u2713 Qualit\u00e9 professionnelle <\/p>\n<p>\u2713 Passez l&#8217;hiver presque sans rayures<\/p>\n<p>\u2713 Visibilit\u00e9 nettement am\u00e9lior\u00e9e par mauvais temps<\/p>\n<p>\u2713 \u00c0 partir d&#8217;environ 70 km\/h, la pluie tombe pendant la conduite m\u00eame sans essuie-glaces et garantit une vue d\u00e9gag\u00e9e<\/p>\n","protected":false},"featured_media":17605,"template":"","meta":{"_acf_changed":false,"neve_meta_sidebar":"","neve_meta_container":"","neve_meta_enable_content_width":"","neve_meta_content_width":0,"neve_meta_title_alignment":"","neve_meta_author_avatar":"","neve_post_elements_order":"","neve_meta_disable_header":"","neve_meta_disable_footer":"","neve_meta_disable_title":"","neve_meta_reading_time":"","_surfaces":[],"_ver_product_tabs":[],"footnotes":""},"product_brand":[],"product_cat":[2190],"product_tag":[],"class_list":{"0":"post-25487","1":"product","2":"type-product","3":"status-publish","4":"has-post-thumbnail","6":"product_cat-etancheite-de-voiture","7":"pa_gebinde-bouteille-de-1000-ml","8":"pa_gebinde-bidon-20l","10":"first","11":"instock","12":"taxable","13":"shipping-taxable","14":"purchasable","15":"product-type-variable","16":"has-default-attributes"},"acf":[],"yoast_head":"<!-- This site is optimized with the Yoast SEO Premium plugin v22.8 (Yoast SEO v27.5) - https:\/\/yoast.com\/product\/yoast-seo-premium-wordpress\/ -->\n<title>Scellage de vitre de voiture de qualit\u00e9 professionnelle - versiegelung24.com<\/title>\n<meta name=\"robots\" content=\"index, follow, max-snippet:-1, max-image-preview:large, max-video-preview:-1\" \/>\n<link rel=\"canonical\" href=\"https:\/\/www.versiegelung24.com\/fr\/scellage-de-vitre-de-voiture-de-qualite-professionnelle.html\" \/>\n<meta property=\"og:locale\" content=\"fr_FR\" \/>\n<meta property=\"og:type\" content=\"article\" \/>\n<meta property=\"og:title\" content=\"Scellage de vitre de voiture de qualit\u00e9 professionnelle\" \/>\n<meta property=\"og:description\" content=\"\u00c9tanch\u00e9it\u00e9 tr\u00e8s efficace pour les vitres de voiture et les caravanes : \u2713 Qualit\u00e9 professionnelle \u2713 Passez l&#039;hiver presque sans rayures \u2713 Visibilit\u00e9 nettement am\u00e9lior\u00e9e par mauvais temps \u2713 \u00c0 partir d&#039;environ 70 km\/h, la pluie tombe pendant la conduite m\u00eame sans essuie-glaces et garantit une vue d\u00e9gag\u00e9e\" \/>\n<meta property=\"og:url\" content=\"https:\/\/www.versiegelung24.com\/fr\/scellage-de-vitre-de-voiture-de-qualite-professionnelle.html\" \/>\n<meta property=\"og:site_name\" content=\"versiegelung24.com\" \/>\n<meta property=\"article:modified_time\" content=\"2025-01-03T22:40:28+00:00\" \/>\n<meta property=\"og:image\" content=\"https:\/\/www.versiegelung24.com\/wp-content\/uploads\/2020\/06\/produkt-1002-7601-1000-Autoglasversiegelung-scaled.jpg\" \/>\n\t<meta property=\"og:image:width\" content=\"2560\" \/>\n\t<meta property=\"og:image:height\" content=\"2560\" \/>\n\t<meta property=\"og:image:type\" content=\"image\/jpeg\" \/>\n<meta name=\"twitter:card\" content=\"summary_large_image\" \/>\n<meta name=\"twitter:label1\" content=\"Disponibilit\u00e9\" \/>\n\t<meta name=\"twitter:data1\" content=\"En stock\" \/>\n<script type=\"application\/ld+json\" class=\"yoast-schema-graph\">{\"@context\":\"https:\\\/\\\/schema.org\",\"@graph\":[{\"@type\":\"WebPage\",\"@id\":\"https:\\\/\\\/www.versiegelung24.com\\\/fr\\\/scellage-de-vitre-de-voiture-de-qualite-professionnelle.html\",\"url\":\"https:\\\/\\\/www.versiegelung24.com\\\/fr\\\/scellage-de-vitre-de-voiture-de-qualite-professionnelle.html\",\"name\":\"Scellage de vitre de voiture de qualit\u00e9 professionnelle - versiegelung24.com\",\"isPartOf\":{\"@id\":\"https:\\\/\\\/www.versiegelung24.com\\\/fr\\\/#website\"},\"primaryImageOfPage\":{\"@id\":\"https:\\\/\\\/www.versiegelung24.com\\\/fr\\\/scellage-de-vitre-de-voiture-de-qualite-professionnelle.html#primaryimage\"},\"image\":{\"@id\":\"https:\\\/\\\/www.versiegelung24.com\\\/fr\\\/scellage-de-vitre-de-voiture-de-qualite-professionnelle.html#primaryimage\"},\"thumbnailUrl\":\"https:\\\/\\\/www.versiegelung24.com\\\/wp-content\\\/uploads\\\/2020\\\/06\\\/produkt-1002-7601-1000-Autoglasversiegelung-scaled.jpg\",\"datePublished\":\"2020-04-04T16:53:13+00:00\",\"dateModified\":\"2025-01-03T22:40:28+00:00\",\"breadcrumb\":{\"@id\":\"https:\\\/\\\/www.versiegelung24.com\\\/fr\\\/scellage-de-vitre-de-voiture-de-qualite-professionnelle.html#breadcrumb\"},\"inLanguage\":\"fr-FR\",\"potentialAction\":[{\"@type\":\"ReadAction\",\"target\":[\"https:\\\/\\\/www.versiegelung24.com\\\/fr\\\/scellage-de-vitre-de-voiture-de-qualite-professionnelle.html\"]}]},{\"@type\":\"ImageObject\",\"inLanguage\":\"fr-FR\",\"@id\":\"https:\\\/\\\/www.versiegelung24.com\\\/fr\\\/scellage-de-vitre-de-voiture-de-qualite-professionnelle.html#primaryimage\",\"url\":\"https:\\\/\\\/www.versiegelung24.com\\\/wp-content\\\/uploads\\\/2020\\\/06\\\/produkt-1002-7601-1000-Autoglasversiegelung-scaled.jpg\",\"contentUrl\":\"https:\\\/\\\/www.versiegelung24.com\\\/wp-content\\\/uploads\\\/2020\\\/06\\\/produkt-1002-7601-1000-Autoglasversiegelung-scaled.jpg\",\"width\":2560,\"height\":2560},{\"@type\":\"BreadcrumbList\",\"@id\":\"https:\\\/\\\/www.versiegelung24.com\\\/fr\\\/scellage-de-vitre-de-voiture-de-qualite-professionnelle.html#breadcrumb\",\"itemListElement\":[{\"@type\":\"ListItem\",\"position\":1,\"name\":\"Page d'accueil\",\"item\":\"https:\\\/\\\/www.versiegelung24.com\\\/fr\\\/front\\\/\"},{\"@type\":\"ListItem\",\"position\":2,\"name\":\"Boutique\",\"item\":\"https:\\\/\\\/www.versiegelung24.com\\\/fr\\\/boutique-2\\\/\"},{\"@type\":\"ListItem\",\"position\":3,\"name\":\"Scellage de vitre de voiture de qualit\u00e9 professionnelle\"}]},{\"@type\":\"WebSite\",\"@id\":\"https:\\\/\\\/www.versiegelung24.com\\\/fr\\\/#website\",\"url\":\"https:\\\/\\\/www.versiegelung24.com\\\/fr\\\/\",\"name\":\"versiegelung24.com\",\"description\":\"Fl\u00fcssigglas-Versiegelung - Made in Germany\",\"publisher\":{\"@id\":\"https:\\\/\\\/www.versiegelung24.com\\\/fr\\\/#organization\"},\"potentialAction\":[{\"@type\":\"SearchAction\",\"target\":{\"@type\":\"EntryPoint\",\"urlTemplate\":\"https:\\\/\\\/www.versiegelung24.com\\\/fr\\\/?s={search_term_string}\"},\"query-input\":{\"@type\":\"PropertyValueSpecification\",\"valueRequired\":true,\"valueName\":\"search_term_string\"}}],\"inLanguage\":\"fr-FR\"},{\"@type\":\"Organization\",\"@id\":\"https:\\\/\\\/www.versiegelung24.com\\\/fr\\\/#organization\",\"name\":\"versiegelung24\",\"url\":\"https:\\\/\\\/www.versiegelung24.com\\\/fr\\\/\",\"logo\":{\"@type\":\"ImageObject\",\"inLanguage\":\"fr-FR\",\"@id\":\"https:\\\/\\\/www.versiegelung24.com\\\/fr\\\/#\\\/schema\\\/logo\\\/image\\\/\",\"url\":\"https:\\\/\\\/www.versiegelung24.com\\\/wp-content\\\/uploads\\\/2020\\\/04\\\/versiegelung24.png\",\"contentUrl\":\"https:\\\/\\\/www.versiegelung24.com\\\/wp-content\\\/uploads\\\/2020\\\/04\\\/versiegelung24.png\",\"width\":470,\"height\":102,\"caption\":\"versiegelung24\"},\"image\":{\"@id\":\"https:\\\/\\\/www.versiegelung24.com\\\/fr\\\/#\\\/schema\\\/logo\\\/image\\\/\"}}]}<\/script>\n<meta property=\"og:availability\" content=\"instock\" \/>\n<meta property=\"product:availability\" content=\"instock\" \/>\n<meta property=\"product:retailer_item_id\" content=\"1002-7601\" \/>\n<meta property=\"product:condition\" content=\"new\" \/>\n<!-- \/ Yoast SEO Premium plugin. -->","yoast_head_json":{"title":"Scellage de vitre de voiture de qualit\u00e9 professionnelle - versiegelung24.com","robots":{"index":"index","follow":"follow","max-snippet":"max-snippet:-1","max-image-preview":"max-image-preview:large","max-video-preview":"max-video-preview:-1"},"canonical":"https:\/\/www.versiegelung24.com\/fr\/scellage-de-vitre-de-voiture-de-qualite-professionnelle.html","og_locale":"fr_FR","og_type":"article","og_title":"Scellage de vitre de voiture de qualit\u00e9 professionnelle","og_description":"\u00c9tanch\u00e9it\u00e9 tr\u00e8s efficace pour les vitres de voiture et les caravanes : \u2713 Qualit\u00e9 professionnelle \u2713 Passez l'hiver presque sans rayures \u2713 Visibilit\u00e9 nettement am\u00e9lior\u00e9e par mauvais temps \u2713 \u00c0 partir d'environ 70 km\/h, la pluie tombe pendant la conduite m\u00eame sans essuie-glaces et garantit une vue d\u00e9gag\u00e9e","og_url":"https:\/\/www.versiegelung24.com\/fr\/scellage-de-vitre-de-voiture-de-qualite-professionnelle.html","og_site_name":"versiegelung24.com","article_modified_time":"2025-01-03T22:40:28+00:00","og_image":[{"width":2560,"height":2560,"url":"https:\/\/www.versiegelung24.com\/wp-content\/uploads\/2020\/06\/produkt-1002-7601-1000-Autoglasversiegelung-scaled.jpg","type":"image\/jpeg"}],"twitter_card":"summary_large_image","twitter_misc":{"Disponibilit\u00e9":"En stock"},"schema":{"@context":"https:\/\/schema.org","@graph":[{"@type":"WebPage","@id":"https:\/\/www.versiegelung24.com\/fr\/scellage-de-vitre-de-voiture-de-qualite-professionnelle.html","url":"https:\/\/www.versiegelung24.com\/fr\/scellage-de-vitre-de-voiture-de-qualite-professionnelle.html","name":"Scellage de vitre de voiture de qualit\u00e9 professionnelle - versiegelung24.com","isPartOf":{"@id":"https:\/\/www.versiegelung24.com\/fr\/#website"},"primaryImageOfPage":{"@id":"https:\/\/www.versiegelung24.com\/fr\/scellage-de-vitre-de-voiture-de-qualite-professionnelle.html#primaryimage"},"image":{"@id":"https:\/\/www.versiegelung24.com\/fr\/scellage-de-vitre-de-voiture-de-qualite-professionnelle.html#primaryimage"},"thumbnailUrl":"https:\/\/www.versiegelung24.com\/wp-content\/uploads\/2020\/06\/produkt-1002-7601-1000-Autoglasversiegelung-scaled.jpg","datePublished":"2020-04-04T16:53:13+00:00","dateModified":"2025-01-03T22:40:28+00:00","breadcrumb":{"@id":"https:\/\/www.versiegelung24.com\/fr\/scellage-de-vitre-de-voiture-de-qualite-professionnelle.html#breadcrumb"},"inLanguage":"fr-FR","potentialAction":[{"@type":"ReadAction","target":["https:\/\/www.versiegelung24.com\/fr\/scellage-de-vitre-de-voiture-de-qualite-professionnelle.html"]}]},{"@type":"ImageObject","inLanguage":"fr-FR","@id":"https:\/\/www.versiegelung24.com\/fr\/scellage-de-vitre-de-voiture-de-qualite-professionnelle.html#primaryimage","url":"https:\/\/www.versiegelung24.com\/wp-content\/uploads\/2020\/06\/produkt-1002-7601-1000-Autoglasversiegelung-scaled.jpg","contentUrl":"https:\/\/www.versiegelung24.com\/wp-content\/uploads\/2020\/06\/produkt-1002-7601-1000-Autoglasversiegelung-scaled.jpg","width":2560,"height":2560},{"@type":"BreadcrumbList","@id":"https:\/\/www.versiegelung24.com\/fr\/scellage-de-vitre-de-voiture-de-qualite-professionnelle.html#breadcrumb","itemListElement":[{"@type":"ListItem","position":1,"name":"Page d'accueil","item":"https:\/\/www.versiegelung24.com\/fr\/front\/"},{"@type":"ListItem","position":2,"name":"Boutique","item":"https:\/\/www.versiegelung24.com\/fr\/boutique-2\/"},{"@type":"ListItem","position":3,"name":"Scellage de vitre de voiture de qualit\u00e9 professionnelle"}]},{"@type":"WebSite","@id":"https:\/\/www.versiegelung24.com\/fr\/#website","url":"https:\/\/www.versiegelung24.com\/fr\/","name":"versiegelung24.com","description":"Fl\u00fcssigglas-Versiegelung - Made in Germany","publisher":{"@id":"https:\/\/www.versiegelung24.com\/fr\/#organization"},"potentialAction":[{"@type":"SearchAction","target":{"@type":"EntryPoint","urlTemplate":"https:\/\/www.versiegelung24.com\/fr\/?s={search_term_string}"},"query-input":{"@type":"PropertyValueSpecification","valueRequired":true,"valueName":"search_term_string"}}],"inLanguage":"fr-FR"},{"@type":"Organization","@id":"https:\/\/www.versiegelung24.com\/fr\/#organization","name":"versiegelung24","url":"https:\/\/www.versiegelung24.com\/fr\/","logo":{"@type":"ImageObject","inLanguage":"fr-FR","@id":"https:\/\/www.versiegelung24.com\/fr\/#\/schema\/logo\/image\/","url":"https:\/\/www.versiegelung24.com\/wp-content\/uploads\/2020\/04\/versiegelung24.png","contentUrl":"https:\/\/www.versiegelung24.com\/wp-content\/uploads\/2020\/04\/versiegelung24.png","width":470,"height":102,"caption":"versiegelung24"},"image":{"@id":"https:\/\/www.versiegelung24.com\/fr\/#\/schema\/logo\/image\/"}}]},"og_availability":"instock","product_availability":"instock","product_retailer_item_id":"1002-7601","product_condition":"new"},"_links":{"self":[{"href":"https:\/\/www.versiegelung24.com\/fr\/wp-json\/wp\/v2\/product\/25487","targetHints":{"allow":["GET"]}}],"collection":[{"href":"https:\/\/www.versiegelung24.com\/fr\/wp-json\/wp\/v2\/product"}],"about":[{"href":"https:\/\/www.versiegelung24.com\/fr\/wp-json\/wp\/v2\/types\/product"}],"version-history":[{"count":14,"href":"https:\/\/www.versiegelung24.com\/fr\/wp-json\/wp\/v2\/product\/25487\/revisions"}],"predecessor-version":[{"id":177545,"href":"https:\/\/www.versiegelung24.com\/fr\/wp-json\/wp\/v2\/product\/25487\/revisions\/177545"}],"wp:featuredmedia":[{"embeddable":true,"href":"https:\/\/www.versiegelung24.com\/fr\/wp-json\/wp\/v2\/media\/17605"}],"wp:attachment":[{"href":"https:\/\/www.versiegelung24.com\/fr\/wp-json\/wp\/v2\/media?parent=25487"}],"wp:term":[{"taxonomy":"product_brand","embeddable":true,"href":"https:\/\/www.versiegelung24.com\/fr\/wp-json\/wp\/v2\/product_brand?post=25487"},{"taxonomy":"product_cat","embeddable":true,"href":"https:\/\/www.versiegelung24.com\/fr\/wp-json\/wp\/v2\/product_cat?post=25487"},{"taxonomy":"product_tag","embeddable":true,"href":"https:\/\/www.versiegelung24.com\/fr\/wp-json\/wp\/v2\/product_tag?post=25487"}],"curies":[{"name":"wp","href":"https:\/\/api.w.org\/{rel}","templated":true}]}}