{"id":37401,"date":"2021-09-27T11:17:44","date_gmt":"2021-09-27T09:31:07","guid":{"rendered":"https:\/\/www.versiegelung24.com\/produkt\/couche-de-protection-pour-telephone-portable-en-verre-liquide-contre-les-bacteries-et-les-virus"},"modified":"2025-01-05T15:39:59","modified_gmt":"2025-01-05T14:39:59","slug":"couche-de-protection-en-verre-liquide-pratique-contre-les-bacteries-virus","status":"publish","type":"product","link":"https:\/\/www.versiegelung24.com\/fr\/couche-de-protection-en-verre-liquide-pratique-contre-les-bacteries-virus.html","title":{"rendered":"D\u00e9sinfectant longue dur\u00e9e pour smartphones et t\u00e9l\u00e9phones portables contre les bact\u00e9ries et les virus"},"content":{"rendered":"\n<h2 class=\"wp-block-heading\" id=\"h-neuheit-am-markt-smartphones-amp-handys-fur-3-monate-mit-einer-unsichtbaren-flussigglas-schicht-gegen-bakterien-viren-und-pilze-schutzen\">Nouveau sur le march\u00e9 : Prot\u00e9gez les smartphones et t\u00e9l\u00e9phones portables contre les bact\u00e9ries, virus et champignons pendant 3 mois<\/h2>\n<div class=\"wp-block-image\">\n<figure class=\"aligncenter size-large\"><img fetchpriority=\"high\" decoding=\"async\" width=\"2560\" height=\"1440\" src=\"https:\/\/www.versiegelung24.com\/wp-content\/uploads\/2021\/09\/handy_bakterien-viren-edited-scaled.jpeg\" alt=\"\" class=\"wp-image-38698\" srcset=\"https:\/\/www.versiegelung24.com\/wp-content\/uploads\/2021\/09\/handy_bakterien-viren-edited-scaled.jpeg 2560w, https:\/\/www.versiegelung24.com\/wp-content\/uploads\/2021\/09\/handy_bakterien-viren-edited-scaled-600x338.jpeg 600w, https:\/\/www.versiegelung24.com\/wp-content\/uploads\/2021\/09\/handy_bakterien-viren-edited-300x169.jpeg 300w, https:\/\/www.versiegelung24.com\/wp-content\/uploads\/2021\/09\/handy_bakterien-viren-edited-1300x731.jpeg 1300w, https:\/\/www.versiegelung24.com\/wp-content\/uploads\/2021\/09\/handy_bakterien-viren-edited-768x432.jpeg 768w, https:\/\/www.versiegelung24.com\/wp-content\/uploads\/2021\/09\/handy_bakterien-viren-edited-1536x864.jpeg 1536w, https:\/\/www.versiegelung24.com\/wp-content\/uploads\/2021\/09\/handy_bakterien-viren-edited-2048x1152.jpeg 2048w\" sizes=\"(max-width: 2560px) 100vw, 2560px\" \/><figcaption class=\"wp-element-caption\">Le smartphone comme vecteur de bact\u00e9ries, virus et champignons<\/figcaption><\/figure>\n<\/div>\n<p>Aujourd&#8217;hui, le smartphone est un compagnon constant. Beaucoup de gens le ramassent des centaines de fois au cours de la journ\u00e9e. Le t\u00e9l\u00e9phone portable est pr\u00e9sent partout<strong> &#8211;<\/strong> que ce soit pendant le sommeil et le repos, que ce soit sur les toilettes ou pendant le sport et les loisirs. Un vrai r\u00e9gal pour la transmission des virus et bact\u00e9ries. <\/p>\n\n<p>L&#8217;utilisateur doit prendre tr\u00e8s au s\u00e9rieux le risque de bact\u00e9ries, de champignons et de virus sur les smartphones. Non seulement ils sont insalubres, mais ils peuvent affecter \u00e0 la fois le bien-\u00eatre et la sant\u00e9. Incidemment, il est beaucoup plus agr\u00e9able d&#8217;utiliser un t\u00e9l\u00e9phone portable ou un smartphone g\u00e9n\u00e9ralement propre et hygi\u00e9niquement entretenu.<\/p>\n\n<hr\/>\n\n<h4 class=\"wp-block-heading\" id=\"video\">Vid\u00e9o<\/h4>\n\n<figure class=\"wp-block-embed aligncenter is-type-rich is-provider-handler-einbetten wp-block-embed-handler-einbetten wp-embed-aspect-16-9 wp-has-aspect-ratio\"><div class=\"wp-block-embed__wrapper\"> \n<div class=\"nv-iframe-embed\"><iframe title=\"Award-winning Mobile Phone Sanitizer by LiquiGlas (904)\" width=\"1200\" height=\"675\" src=\"https:\/\/www.youtube.com\/embed\/OPwnhKcFTvA?feature=oembed\" frameborder=\"0\" allow=\"accelerometer; autoplay; clipboard-write; encrypted-media; gyroscope; picture-in-picture\" allowfullscreen><\/iframe><\/div>\n <\/div><\/figure>\n\n<hr\/>\n\n<h4 class=\"wp-block-heading\" id=\"properties\">Caract\u00e9ristiques du produit<\/h4>\n\n<div class=\"wp-block-columns is-layout-flex wp-container-core-columns-is-layout-9d6595d7 wp-block-columns-is-layout-flex\">\n<div class=\"wp-block-column is-layout-flow wp-block-column-is-layout-flow\">\n<h2 class=\"wp-block-heading\" id=\"die-highlights-auf-einen-blick\">Les points forts en un coup d&#8217;\u0153il<\/h2>\n\n\n\n<p>&#8211; protection bact\u00e9rienne longue dur\u00e9e exceptionnelle \u00e0 unique<br\/>&#8211; neutralisation garantie des bact\u00e9ries, champignons et virus<br\/>&#8211; utilisation simple et sans probl\u00e8me<br\/>&#8211; d\u00e9sinfection de qualit\u00e9 m\u00e9dicale<br\/>&#8211; protection suppl\u00e9mentaire contre le coronavirus<br\/>&#8211; r\u00e9compens\u00e9 par le MedTech Award 2020 &#8211; meilleure action longue dur\u00e9e sur les surfaces contre les agents pathog\u00e8nes<\/p>\n<\/div>\n\n\n\n<div class=\"wp-block-column is-layout-flow wp-block-column-is-layout-flow\">\n<h2 class=\"wp-block-heading\" id=\"lieferumfang\">\u00e9tendue de la livraison<\/h2>\n\n\n\n<p>12 lingettes antibact\u00e9riennes, \u00e0 utiliser 1 x par semaine = 3 mois<\/p>\n<\/div>\n<\/div>\n\n<hr\/>\n\n<h4 class=\"wp-block-heading\" id=\"application\">Application<\/h4>\n\n<h2 class=\"wp-block-heading\" id=\"die-anwendung-hygienisch-sauberes-handy\">L&#8217;application &#8211; t\u00e9l\u00e9phone portable hygi\u00e9niquement propre<\/h2>\n\n<div class=\"wp-block-getwid-toggle has-icon-left\">\n<div class=\"wp-block-getwid-toggle__row\"><div class=\"wp-block-getwid-toggle__header-wrapper\"><span class=\"wp-block-getwid-toggle__header\"><a href=\"#\"><span class=\"wp-block-getwid-toggle__header-title\">1. Smartphone s\u00e4ubern<\/span><span class=\"wp-block-getwid-toggle__icon is-active\"><i class=\"fas fa-plus\"><\/i><\/span><span class=\"wp-block-getwid-toggle__icon is-passive\"><i class=\"fas fa-minus\"><\/i><\/span><\/a><\/span><\/div><div class=\"wp-block-getwid-toggle__content-wrapper\"><div class=\"wp-block-getwid-toggle__content\">\n<p>L&#8217;appareil terminal est essuy\u00e9 \u00e0 l&#8217;avant et \u00e0 l&#8217;arri\u00e8re avec un chiffon en microfibre ou un chiffon sec et non pelucheux dans le but d&#8217;\u00e9liminer les traces de doigts, la salet\u00e9 et toute abrasion.<\/p>\n<\/div><\/div><\/div>\n\n\n\n<div class=\"wp-block-getwid-toggle__row\"><div class=\"wp-block-getwid-toggle__header-wrapper\"><span class=\"wp-block-getwid-toggle__header\"><a href=\"#\"><span class=\"wp-block-getwid-toggle__header-title\">2. Smartphone desinfizieren<\/span><span class=\"wp-block-getwid-toggle__icon is-active\"><i class=\"fas fa-plus\"><\/i><\/span><span class=\"wp-block-getwid-toggle__icon is-passive\"><i class=\"fas fa-minus\"><\/i><\/span><\/a><\/span><\/div><div class=\"wp-block-getwid-toggle__content-wrapper\"><div class=\"wp-block-getwid-toggle__content\">\n<p>Le paquet de 12 est ouvert et la premi\u00e8re lingette d\u00e9sinfectante sous film r\u00e9tractable est retir\u00e9e. Avec un c\u00f4t\u00e9 de la lingette d\u00e9sinfectante, le t\u00e9l\u00e9phone portable est soigneusement nettoy\u00e9 \u00e0 l&#8217;avant et \u00e0 l&#8217;arri\u00e8re, c&#8217;est-\u00e0-dire essuy\u00e9. Ensuite, d\u00e9sinfectez l&#8217;appareil terminal pendant environ 30 secondes avec l&#8217;autre c\u00f4t\u00e9 encore propre du chiffon. Cela cr\u00e9e un l\u00e9ger voile \u00e0 sa surface.<\/p>\n<\/div><\/div><\/div>\n\n\n\n<div class=\"wp-block-getwid-toggle__row\"><div class=\"wp-block-getwid-toggle__header-wrapper\"><span class=\"wp-block-getwid-toggle__header\"><a href=\"#\"><span class=\"wp-block-getwid-toggle__header-title\">3. Trocknungsvorgang<\/span><span class=\"wp-block-getwid-toggle__icon is-active\"><i class=\"fas fa-plus\"><\/i><\/span><span class=\"wp-block-getwid-toggle__icon is-passive\"><i class=\"fas fa-minus\"><\/i><\/span><\/a><\/span><\/div><div class=\"wp-block-getwid-toggle__content-wrapper\"><div class=\"wp-block-getwid-toggle__content\">\n<p>Ceci est suivi d&#8217;un processus de s\u00e9chage de deux \u00e0 trois minutes. Le liquide appliqu\u00e9 agit et forme une couche protectrice d\u00e9sinfectante.<\/p>\n<\/div><\/div><\/div>\n\n\n\n<div class=\"wp-block-getwid-toggle__row\"><div class=\"wp-block-getwid-toggle__header-wrapper\"><span class=\"wp-block-getwid-toggle__header\"><a href=\"#\"><span class=\"wp-block-getwid-toggle__header-title\">4. Nachpolieren<\/span><span class=\"wp-block-getwid-toggle__icon is-active\"><i class=\"fas fa-plus\"><\/i><\/span><span class=\"wp-block-getwid-toggle__icon is-passive\"><i class=\"fas fa-minus\"><\/i><\/span><\/a><\/span><\/div><div class=\"wp-block-getwid-toggle__content-wrapper\"><div class=\"wp-block-getwid-toggle__content\">\n<p>\u00c0 la fin du processus de s\u00e9chage, le t\u00e9l\u00e9phone portable est \u00e0 nouveau recouvert d&#8217;un chiffon de s\u00e9chage propre<strong> &#8211;<\/strong> par exemple en microfibre<strong> &#8211;<\/strong> Repoli jusqu&#8217;\u00e0 ce que la surface soit exempte de stries. La protection de d\u00e9sinfection \u00e0 long terme qui a maintenant \u00e9t\u00e9 d\u00e9velopp\u00e9e continue de fonctionner de mani\u00e8re intensive pendant les sept \u00e0 dix prochains jours.<\/p>\n<\/div><\/div><\/div>\n<\/div>\n\n<br\/>\n\n<hr\/>\n\n<h4 class=\"wp-block-heading\" id=\"advisor\">Guide pratique<\/h4>\n\n<h2 class=\"wp-block-heading\" id=\"award-gewinner-handy-desinfektion-raumt-ab\">Gagnant du prix &#8211; la d\u00e9sinfection des t\u00e9l\u00e9phones portables gagne<\/h2>\n\n<p>La nouveaut\u00e9 sur le march\u00e9 pour la protection d\u00e9sinfectante des terminaux mobiles tels que les t\u00e9l\u00e9phones portables, les smartphones ou les tablettes est le pack de 12 lingettes antibact\u00e9riennes protectrices de CCM\u00ae. CCM signifie Creative Chemical Manufacturer GmbH dont le si\u00e8ge se trouve \u00e0 Overath, en Rh\u00e9nanie du Nord-Westphalie.<\/p>\n\n<figure class=\"wp-block-image size-full\"><img decoding=\"async\" width=\"700\" height=\"207\" src=\"https:\/\/www.versiegelung24.com\/wp-content\/uploads\/2021\/09\/2020-MedTech-Awards-2.png\" alt=\"\" class=\"wp-image-37295\" srcset=\"https:\/\/www.versiegelung24.com\/wp-content\/uploads\/2021\/09\/2020-MedTech-Awards-2.png 700w, https:\/\/www.versiegelung24.com\/wp-content\/uploads\/2021\/09\/2020-MedTech-Awards-2-600x177.png 600w, https:\/\/www.versiegelung24.com\/wp-content\/uploads\/2021\/09\/2020-MedTech-Awards-2-300x89.png 300w\" sizes=\"(max-width: 700px) 100vw, 700px\" \/><figcaption class=\"wp-element-caption\"><strong>R\u00e9compens\u00e9 par le MedTech Award &#8211; Meilleure solution de protection anti-pathog\u00e8ne \u00e0 long terme<\/strong><\/figcaption><\/figure>\n\n<h2 class=\"wp-block-heading\" id=\"ohne-handy-und-smartphone-desinfizieren-geht-es-einfach-nicht\">La d\u00e9sinfection sans t\u00e9l\u00e9phone portable et smartphone n&#8217;est tout simplement pas possible !<\/h2>\n\n<p>Les gens sont maintenant habitu\u00e9s \u00e0 se laver et \u00e0 se d\u00e9sinfecter les mains r\u00e9guli\u00e8rement. Il est d&#8217;autant plus important de ne pas oublier de d\u00e9sinfecter son propre smartphone. S&#8217;il est utilis\u00e9 correctement, le chiffon antibact\u00e9rien de protection d\u00e9veloppe un effet d\u00e9sinfectant constant jusqu&#8217;\u00e0 dix jours. Avec le pack de 12, l&#8217;appareil terminal est toujours en parfait \u00e9tat d&#8217;hygi\u00e8ne pendant un quart d&#8217;ann\u00e9e.<\/p>\n\n<p><\/p>\n\n<p><strong>L&#8217;utilisation r\u00e9guli\u00e8re des douze chiffons de protection cr\u00e9e un rev\u00eatement de verre liquide ultra-fin sur la surface du smartphone.<\/strong> Il emp\u00eache la formation et, par cons\u00e9quent, l&#8217;\u00e9tablissement d&#8217;agents pathog\u00e8nes. Comme effet secondaire positif, la surface devient de plus en plus lisse et peut \u00eatre nettoy\u00e9e tr\u00e8s facilement. Cet effet augmente avec la dur\u00e9e d&#8217;utilisation des lingettes d\u00e9sinfectantes.<\/p>\n","protected":false},"excerpt":{"rendered":"<p>La nouveaut\u00e9 sur le march\u00e9 pour la protection d\u00e9sinfectante des terminaux mobiles tels que les t\u00e9l\u00e9phones portables, les smartphones ou les tablettes est le pack de 12 lingettes antibact\u00e9riennes protectrices de CCM\u00ae.<\/p>\n<p>Certifi\u00e9 par le MedTech Award<strong>&#8220;Best Long Term Anti-Pathogen Protection Solution&#8221;.<\/p>\n<p><\/strong><\/p>\n<p><img decoding=\"async\" class=\"alignnone size-medium wp-image-37295\" src=\"https:\/\/www.versiegelung24.com\/wp-content\/uploads\/2021\/09\/2020-MedTech-Awards-2-300x89.png\" alt=\"\" width=\"300\" height=\"89\" srcset=\"https:\/\/www.versiegelung24.com\/wp-content\/uploads\/2021\/09\/2020-MedTech-Awards-2-300x89.png 300w, https:\/\/www.versiegelung24.com\/wp-content\/uploads\/2021\/09\/2020-MedTech-Awards-2-600x177.png 600w, https:\/\/www.versiegelung24.com\/wp-content\/uploads\/2021\/09\/2020-MedTech-Awards-2.png 700w\" sizes=\"(max-width: 300px) 100vw, 300px\" \/><\/p>\n","protected":false},"featured_media":63241,"template":"","meta":{"_acf_changed":false,"neve_meta_sidebar":"","neve_meta_container":"","neve_meta_enable_content_width":"","neve_meta_content_width":0,"neve_meta_title_alignment":"","neve_meta_author_avatar":"","neve_post_elements_order":"","neve_meta_disable_header":"","neve_meta_disable_footer":"","neve_meta_disable_title":"","neve_meta_reading_time":"","_surfaces":[],"_ver_product_tabs":[],"footnotes":""},"product_brand":[],"product_cat":[2346,3011],"product_tag":[],"class_list":{"0":"post-37401","1":"product","2":"type-product","3":"status-publish","4":"has-post-thumbnail","6":"product_cat-desinfectants","7":"product_cat-desinfectant-pour-telephone-portable","9":"first","10":"instock","11":"taxable","12":"shipping-taxable","13":"purchasable","14":"product-type-simple"},"acf":[],"yoast_head":"<!-- This site is optimized with the Yoast SEO Premium plugin v22.8 (Yoast SEO v27.5) - https:\/\/yoast.com\/product\/yoast-seo-premium-wordpress\/ -->\n<title>D\u00e9sinfectant longue dur\u00e9e pour smartphones et t\u00e9l\u00e9phones portables contre les bact\u00e9ries et les virus - versiegelung24.com<\/title>\n<meta name=\"robots\" content=\"index, follow, max-snippet:-1, max-image-preview:large, max-video-preview:-1\" \/>\n<link rel=\"canonical\" href=\"https:\/\/www.versiegelung24.com\/fr\/couche-de-protection-en-verre-liquide-pratique-contre-les-bacteries-virus.html\" \/>\n<meta property=\"og:locale\" content=\"fr_FR\" \/>\n<meta property=\"og:type\" content=\"article\" \/>\n<meta property=\"og:title\" content=\"D\u00e9sinfectant longue dur\u00e9e pour smartphones et t\u00e9l\u00e9phones portables contre les bact\u00e9ries et les virus\" \/>\n<meta property=\"og:description\" content=\"La nouveaut\u00e9 sur le march\u00e9 pour la protection d\u00e9sinfectante des terminaux mobiles tels que les t\u00e9l\u00e9phones portables, les smartphones ou les tablettes est le pack de 12 lingettes antibact\u00e9riennes protectrices de CCM\u00ae. Certifi\u00e9 par le MedTech Award&quot;Best Long Term Anti-Pathogen Protection Solution&quot;.\" \/>\n<meta property=\"og:url\" content=\"https:\/\/www.versiegelung24.com\/fr\/couche-de-protection-en-verre-liquide-pratique-contre-les-bacteries-virus.html\" \/>\n<meta property=\"og:site_name\" content=\"versiegelung24.com\" \/>\n<meta property=\"article:modified_time\" content=\"2025-01-05T14:39:59+00:00\" \/>\n<meta property=\"og:image\" content=\"https:\/\/www.versiegelung24.com\/wp-content\/uploads\/2021\/09\/produkt-4009-904-Handy-Bakterienschutz-Verpackung1.jpg\" \/>\n\t<meta property=\"og:image:width\" content=\"2000\" \/>\n\t<meta property=\"og:image:height\" content=\"2000\" \/>\n\t<meta property=\"og:image:type\" content=\"image\/jpeg\" \/>\n<meta name=\"twitter:card\" content=\"summary_large_image\" \/>\n<meta name=\"twitter:label1\" content=\"Prix\" \/>\n\t<meta name=\"twitter:data1\" content=\"10,99&euro;\" \/>\n\t<meta name=\"twitter:label2\" content=\"Disponibilit\u00e9\" \/>\n\t<meta name=\"twitter:data2\" content=\"En stock\" \/>\n<script type=\"application\/ld+json\" class=\"yoast-schema-graph\">{\"@context\":\"https:\\\/\\\/schema.org\",\"@graph\":[{\"@type\":\"WebPage\",\"@id\":\"https:\\\/\\\/www.versiegelung24.com\\\/fr\\\/couche-de-protection-en-verre-liquide-pratique-contre-les-bacteries-virus.html\",\"url\":\"https:\\\/\\\/www.versiegelung24.com\\\/fr\\\/couche-de-protection-en-verre-liquide-pratique-contre-les-bacteries-virus.html\",\"name\":\"D\u00e9sinfectant longue dur\u00e9e pour smartphones et t\u00e9l\u00e9phones portables contre les bact\u00e9ries et les virus - versiegelung24.com\",\"isPartOf\":{\"@id\":\"https:\\\/\\\/www.versiegelung24.com\\\/fr\\\/#website\"},\"primaryImageOfPage\":{\"@id\":\"https:\\\/\\\/www.versiegelung24.com\\\/fr\\\/couche-de-protection-en-verre-liquide-pratique-contre-les-bacteries-virus.html#primaryimage\"},\"image\":{\"@id\":\"https:\\\/\\\/www.versiegelung24.com\\\/fr\\\/couche-de-protection-en-verre-liquide-pratique-contre-les-bacteries-virus.html#primaryimage\"},\"thumbnailUrl\":\"https:\\\/\\\/www.versiegelung24.com\\\/wp-content\\\/uploads\\\/2021\\\/09\\\/produkt-4009-904-Handy-Bakterienschutz-Verpackung1.jpg\",\"datePublished\":\"2021-09-27T09:31:07+00:00\",\"dateModified\":\"2025-01-05T14:39:59+00:00\",\"breadcrumb\":{\"@id\":\"https:\\\/\\\/www.versiegelung24.com\\\/fr\\\/couche-de-protection-en-verre-liquide-pratique-contre-les-bacteries-virus.html#breadcrumb\"},\"inLanguage\":\"fr-FR\",\"potentialAction\":[{\"@type\":\"ReadAction\",\"target\":[\"https:\\\/\\\/www.versiegelung24.com\\\/fr\\\/couche-de-protection-en-verre-liquide-pratique-contre-les-bacteries-virus.html\"]}]},{\"@type\":\"ImageObject\",\"inLanguage\":\"fr-FR\",\"@id\":\"https:\\\/\\\/www.versiegelung24.com\\\/fr\\\/couche-de-protection-en-verre-liquide-pratique-contre-les-bacteries-virus.html#primaryimage\",\"url\":\"https:\\\/\\\/www.versiegelung24.com\\\/wp-content\\\/uploads\\\/2021\\\/09\\\/produkt-4009-904-Handy-Bakterienschutz-Verpackung1.jpg\",\"contentUrl\":\"https:\\\/\\\/www.versiegelung24.com\\\/wp-content\\\/uploads\\\/2021\\\/09\\\/produkt-4009-904-Handy-Bakterienschutz-Verpackung1.jpg\",\"width\":2000,\"height\":2000},{\"@type\":\"BreadcrumbList\",\"@id\":\"https:\\\/\\\/www.versiegelung24.com\\\/fr\\\/couche-de-protection-en-verre-liquide-pratique-contre-les-bacteries-virus.html#breadcrumb\",\"itemListElement\":[{\"@type\":\"ListItem\",\"position\":1,\"name\":\"Page d'accueil\",\"item\":\"https:\\\/\\\/www.versiegelung24.com\\\/fr\\\/front\\\/\"},{\"@type\":\"ListItem\",\"position\":2,\"name\":\"Boutique\",\"item\":\"https:\\\/\\\/www.versiegelung24.com\\\/fr\\\/boutique-2\\\/\"},{\"@type\":\"ListItem\",\"position\":3,\"name\":\"D\u00e9sinfectant longue dur\u00e9e pour smartphones et t\u00e9l\u00e9phones portables contre les bact\u00e9ries et les virus\"}]},{\"@type\":\"WebSite\",\"@id\":\"https:\\\/\\\/www.versiegelung24.com\\\/fr\\\/#website\",\"url\":\"https:\\\/\\\/www.versiegelung24.com\\\/fr\\\/\",\"name\":\"versiegelung24.com\",\"description\":\"Fl\u00fcssigglas-Versiegelung - Made in Germany\",\"publisher\":{\"@id\":\"https:\\\/\\\/www.versiegelung24.com\\\/fr\\\/#organization\"},\"potentialAction\":[{\"@type\":\"SearchAction\",\"target\":{\"@type\":\"EntryPoint\",\"urlTemplate\":\"https:\\\/\\\/www.versiegelung24.com\\\/fr\\\/?s={search_term_string}\"},\"query-input\":{\"@type\":\"PropertyValueSpecification\",\"valueRequired\":true,\"valueName\":\"search_term_string\"}}],\"inLanguage\":\"fr-FR\"},{\"@type\":\"Organization\",\"@id\":\"https:\\\/\\\/www.versiegelung24.com\\\/fr\\\/#organization\",\"name\":\"versiegelung24\",\"url\":\"https:\\\/\\\/www.versiegelung24.com\\\/fr\\\/\",\"logo\":{\"@type\":\"ImageObject\",\"inLanguage\":\"fr-FR\",\"@id\":\"https:\\\/\\\/www.versiegelung24.com\\\/fr\\\/#\\\/schema\\\/logo\\\/image\\\/\",\"url\":\"https:\\\/\\\/www.versiegelung24.com\\\/wp-content\\\/uploads\\\/2020\\\/04\\\/versiegelung24.png\",\"contentUrl\":\"https:\\\/\\\/www.versiegelung24.com\\\/wp-content\\\/uploads\\\/2020\\\/04\\\/versiegelung24.png\",\"width\":470,\"height\":102,\"caption\":\"versiegelung24\"},\"image\":{\"@id\":\"https:\\\/\\\/www.versiegelung24.com\\\/fr\\\/#\\\/schema\\\/logo\\\/image\\\/\"}}]}<\/script>\n<meta property=\"product:price:amount\" content=\"10.99\" \/>\n<meta property=\"product:price:currency\" content=\"EUR\" \/>\n<meta property=\"og:availability\" content=\"instock\" \/>\n<meta property=\"product:availability\" content=\"instock\" \/>\n<meta property=\"product:retailer_item_id\" content=\"4009-904\" \/>\n<meta property=\"product:condition\" content=\"new\" \/>\n<!-- \/ Yoast SEO Premium plugin. -->","yoast_head_json":{"title":"D\u00e9sinfectant longue dur\u00e9e pour smartphones et t\u00e9l\u00e9phones portables contre les bact\u00e9ries et les virus - versiegelung24.com","robots":{"index":"index","follow":"follow","max-snippet":"max-snippet:-1","max-image-preview":"max-image-preview:large","max-video-preview":"max-video-preview:-1"},"canonical":"https:\/\/www.versiegelung24.com\/fr\/couche-de-protection-en-verre-liquide-pratique-contre-les-bacteries-virus.html","og_locale":"fr_FR","og_type":"article","og_title":"D\u00e9sinfectant longue dur\u00e9e pour smartphones et t\u00e9l\u00e9phones portables contre les bact\u00e9ries et les virus","og_description":"La nouveaut\u00e9 sur le march\u00e9 pour la protection d\u00e9sinfectante des terminaux mobiles tels que les t\u00e9l\u00e9phones portables, les smartphones ou les tablettes est le pack de 12 lingettes antibact\u00e9riennes protectrices de CCM\u00ae. Certifi\u00e9 par le MedTech Award\"Best Long Term Anti-Pathogen Protection Solution\".","og_url":"https:\/\/www.versiegelung24.com\/fr\/couche-de-protection-en-verre-liquide-pratique-contre-les-bacteries-virus.html","og_site_name":"versiegelung24.com","article_modified_time":"2025-01-05T14:39:59+00:00","og_image":[{"width":2000,"height":2000,"url":"https:\/\/www.versiegelung24.com\/wp-content\/uploads\/2021\/09\/produkt-4009-904-Handy-Bakterienschutz-Verpackung1.jpg","type":"image\/jpeg"}],"twitter_card":"summary_large_image","twitter_misc":{"Prix":"10,99&euro;","Disponibilit\u00e9":"En stock"},"schema":{"@context":"https:\/\/schema.org","@graph":[{"@type":"WebPage","@id":"https:\/\/www.versiegelung24.com\/fr\/couche-de-protection-en-verre-liquide-pratique-contre-les-bacteries-virus.html","url":"https:\/\/www.versiegelung24.com\/fr\/couche-de-protection-en-verre-liquide-pratique-contre-les-bacteries-virus.html","name":"D\u00e9sinfectant longue dur\u00e9e pour smartphones et t\u00e9l\u00e9phones portables contre les bact\u00e9ries et les virus - versiegelung24.com","isPartOf":{"@id":"https:\/\/www.versiegelung24.com\/fr\/#website"},"primaryImageOfPage":{"@id":"https:\/\/www.versiegelung24.com\/fr\/couche-de-protection-en-verre-liquide-pratique-contre-les-bacteries-virus.html#primaryimage"},"image":{"@id":"https:\/\/www.versiegelung24.com\/fr\/couche-de-protection-en-verre-liquide-pratique-contre-les-bacteries-virus.html#primaryimage"},"thumbnailUrl":"https:\/\/www.versiegelung24.com\/wp-content\/uploads\/2021\/09\/produkt-4009-904-Handy-Bakterienschutz-Verpackung1.jpg","datePublished":"2021-09-27T09:31:07+00:00","dateModified":"2025-01-05T14:39:59+00:00","breadcrumb":{"@id":"https:\/\/www.versiegelung24.com\/fr\/couche-de-protection-en-verre-liquide-pratique-contre-les-bacteries-virus.html#breadcrumb"},"inLanguage":"fr-FR","potentialAction":[{"@type":"ReadAction","target":["https:\/\/www.versiegelung24.com\/fr\/couche-de-protection-en-verre-liquide-pratique-contre-les-bacteries-virus.html"]}]},{"@type":"ImageObject","inLanguage":"fr-FR","@id":"https:\/\/www.versiegelung24.com\/fr\/couche-de-protection-en-verre-liquide-pratique-contre-les-bacteries-virus.html#primaryimage","url":"https:\/\/www.versiegelung24.com\/wp-content\/uploads\/2021\/09\/produkt-4009-904-Handy-Bakterienschutz-Verpackung1.jpg","contentUrl":"https:\/\/www.versiegelung24.com\/wp-content\/uploads\/2021\/09\/produkt-4009-904-Handy-Bakterienschutz-Verpackung1.jpg","width":2000,"height":2000},{"@type":"BreadcrumbList","@id":"https:\/\/www.versiegelung24.com\/fr\/couche-de-protection-en-verre-liquide-pratique-contre-les-bacteries-virus.html#breadcrumb","itemListElement":[{"@type":"ListItem","position":1,"name":"Page d'accueil","item":"https:\/\/www.versiegelung24.com\/fr\/front\/"},{"@type":"ListItem","position":2,"name":"Boutique","item":"https:\/\/www.versiegelung24.com\/fr\/boutique-2\/"},{"@type":"ListItem","position":3,"name":"D\u00e9sinfectant longue dur\u00e9e pour smartphones et t\u00e9l\u00e9phones portables contre les bact\u00e9ries et les virus"}]},{"@type":"WebSite","@id":"https:\/\/www.versiegelung24.com\/fr\/#website","url":"https:\/\/www.versiegelung24.com\/fr\/","name":"versiegelung24.com","description":"Fl\u00fcssigglas-Versiegelung - Made in Germany","publisher":{"@id":"https:\/\/www.versiegelung24.com\/fr\/#organization"},"potentialAction":[{"@type":"SearchAction","target":{"@type":"EntryPoint","urlTemplate":"https:\/\/www.versiegelung24.com\/fr\/?s={search_term_string}"},"query-input":{"@type":"PropertyValueSpecification","valueRequired":true,"valueName":"search_term_string"}}],"inLanguage":"fr-FR"},{"@type":"Organization","@id":"https:\/\/www.versiegelung24.com\/fr\/#organization","name":"versiegelung24","url":"https:\/\/www.versiegelung24.com\/fr\/","logo":{"@type":"ImageObject","inLanguage":"fr-FR","@id":"https:\/\/www.versiegelung24.com\/fr\/#\/schema\/logo\/image\/","url":"https:\/\/www.versiegelung24.com\/wp-content\/uploads\/2020\/04\/versiegelung24.png","contentUrl":"https:\/\/www.versiegelung24.com\/wp-content\/uploads\/2020\/04\/versiegelung24.png","width":470,"height":102,"caption":"versiegelung24"},"image":{"@id":"https:\/\/www.versiegelung24.com\/fr\/#\/schema\/logo\/image\/"}}]},"product_price_amount":"10.99","product_price_currency":"EUR","og_availability":"instock","product_availability":"instock","product_retailer_item_id":"4009-904","product_condition":"new"},"_links":{"self":[{"href":"https:\/\/www.versiegelung24.com\/fr\/wp-json\/wp\/v2\/product\/37401","targetHints":{"allow":["GET"]}}],"collection":[{"href":"https:\/\/www.versiegelung24.com\/fr\/wp-json\/wp\/v2\/product"}],"about":[{"href":"https:\/\/www.versiegelung24.com\/fr\/wp-json\/wp\/v2\/types\/product"}],"version-history":[{"count":102,"href":"https:\/\/www.versiegelung24.com\/fr\/wp-json\/wp\/v2\/product\/37401\/revisions"}],"predecessor-version":[{"id":178272,"href":"https:\/\/www.versiegelung24.com\/fr\/wp-json\/wp\/v2\/product\/37401\/revisions\/178272"}],"wp:featuredmedia":[{"embeddable":true,"href":"https:\/\/www.versiegelung24.com\/fr\/wp-json\/wp\/v2\/media\/63241"}],"wp:attachment":[{"href":"https:\/\/www.versiegelung24.com\/fr\/wp-json\/wp\/v2\/media?parent=37401"}],"wp:term":[{"taxonomy":"product_brand","embeddable":true,"href":"https:\/\/www.versiegelung24.com\/fr\/wp-json\/wp\/v2\/product_brand?post=37401"},{"taxonomy":"product_cat","embeddable":true,"href":"https:\/\/www.versiegelung24.com\/fr\/wp-json\/wp\/v2\/product_cat?post=37401"},{"taxonomy":"product_tag","embeddable":true,"href":"https:\/\/www.versiegelung24.com\/fr\/wp-json\/wp\/v2\/product_tag?post=37401"}],"curies":[{"name":"wp","href":"https:\/\/api.w.org\/{rel}","templated":true}]}}