{"id":46436,"date":"2022-01-04T18:16:33","date_gmt":"2022-01-04T17:16:33","guid":{"rendered":"https:\/\/www.versiegelung24.com\/?post_type=product&#038;p=46436"},"modified":"2026-04-30T14:15:42","modified_gmt":"2026-04-30T12:15:42","slug":"bouteille-de-recharge-de-desinfection-de-chaussures-pedexan","status":"publish","type":"product","link":"https:\/\/www.versiegelung24.com\/fr\/bouteille-de-recharge-de-desinfection-de-chaussures-pedexan.html","title":{"rendered":"D\u00e9sinfection des chaussures Pedexan \u00e0 effet longue dur\u00e9e Flacon recharge 1l"},"content":{"rendered":"\n<h2 class=\"wp-block-heading\" id=\"pedexan-schuhdesinfektion-alaska-frische-fur-die-schuhe\">D\u00e9sinfection des chaussures Pedexan &#8211; La fra\u00eecheur de l&#8217;Alaska pour les chaussures<\/h2>\n\n<p><strong>Flacon de recharge pratique de 1 litre pour le <a href=\"https:\/\/www.versiegelung24.com\/fr\/distributeur-de-desinfection-de-chaussures-pedexan-pedspend.html\">distributeur de d\u00e9sinfectant pour chaussures Pedexan PedSpend avec lance de pulv\u00e9risation<\/a> ou le <a href=\"https:\/\/www.versiegelung24.com\/fr\/desinfection-des-chaussures-pedexan.html\">flacon pulv\u00e9risateur \u00e0 pompe Pedexan<\/a> de 125 ml .<\/strong><\/p>\n\n<p>Si des chaussures de travail ou des chaussures d\u00e9contract\u00e9es sont utilis\u00e9es intensivement sur une longue p\u00e9riode, un environnement id\u00e9al pour la multiplication des bact\u00e9ries et des champignons est souvent cr\u00e9\u00e9 et des odeurs d\u00e9sagr\u00e9ables sont cr\u00e9\u00e9es.<\/p>\n\n<p>M\u00eame avec des chaussettes fra\u00eeches et en a\u00e9rant les chaussures, la puanteur d\u00e9sagr\u00e9able persiste et peut m\u00eame provoquer de vilaines infections aux pieds.<\/p>\n\n<p>La d\u00e9sinfection des chaussures <strong>Pedexan<\/strong> peut aider ici. Les bact\u00e9ries et les champignons sont efficacement \u00e9limin\u00e9s et la formation de nouveaux est emp\u00each\u00e9e par l&#8217;effet \u00e0 long terme.<\/p>\n\n<p>Avec son parfum d&#8217;Alaska, Pedexan assure une fra\u00eecheur agr\u00e9able et est m\u00eame biocompatible.<\/p>\n\n<hr \/>\n\n<h4 class=\"wp-block-heading\" id=\"application\">Application<\/h4>\n\n<p>L&#8217;application est tr\u00e8s simple :<\/p>\n\n<p>&#8211; Vaporiser l&#8217;int\u00e9rieur des chaussures \u00e0 l&#8217;ext\u00e9rieur.<br \/>&#8211; Nous recommandons 5 \u00e0 10 pressions lors de la premi\u00e8re utilisation.<br \/>&#8211; Pedexan d\u00e9sinfectant pour chaussures doit \u00eatre utilis\u00e9 1 \u00e0 2 fois par semaine ou selon les besoins.<\/p>\n\n<hr \/>\n\n<h4 class=\"wp-block-heading\" id=\"advisor\">Guide pratique<\/h4>\n\n<p><strong>Conseil de s\u00e9curit\u00e9:<\/strong><\/p>\n\n<p>Assurez-vous de noter! Assurer une ventilation ad\u00e9quate pendant le traitement. Liquide et vapeur tr\u00e8s inflammables. Provoque une s\u00e9v\u00e8re irritation des yeux. Tenir \u00e0 l&#8217;\u00e9cart de la chaleur, des surfaces chaudes, des \u00e9tincelles, des flammes nues et de toute autre source d&#8217;inflammation. Ne pas fumer. Conserver dans un endroit frais et bien ventil\u00e9. Si un avis m\u00e9dical est requis, garder l&#8217;emballage ou l&#8217;\u00e9tiquette \u00e0 port\u00e9e de main. Ne doit pas \u00eatre laiss\u00e9 \u00e0 la port\u00e9e des enfants.<\/p>\n\n<p>Peut \u00eatre utilis\u00e9 pour toutes les surfaces int\u00e9rieures des chaussures. En cas de doute, testez Pedexan sur un endroit invisible.<\/p>\n\n<p>Stockage uniquement dans un conteneur ferm\u00e9. Le conteneur ne peut \u00eatre recycl\u00e9 que lorsqu&#8217;il est compl\u00e8tement vide. Ne pas utiliser apr\u00e8s la date de p\u00e9remption.<\/p>\n\n<p>Biocide Reg.No.: N-25889<\/p>\n\n<p>Important : Utilisez les produits biocides avec pr\u00e9caution. Toujours lire l&#8217;\u00e9tiquette et les informations avant de les utiliser.<\/p>\n\n<hr \/>\n","protected":false},"excerpt":{"rendered":"<p>D\u00e9sinfection des chaussures Pedexan &#8211; La fra\u00eecheur de l&#8217;Alaska pour les chaussures Flacon de recharge pratique de 1 litre pour le distributeur de d\u00e9sinfectant pour chaussures Pedexan PedSpend avec lance de pulv\u00e9risation ou le flacon pulv\u00e9risateur \u00e0 pompe Pedexan de 125 ml . Si des chaussures de travail ou des chaussures d\u00e9contract\u00e9es sont utilis\u00e9es intensivement&hellip;&nbsp;<a href=\"https:\/\/www.versiegelung24.com\/fr\/bouteille-de-recharge-de-desinfection-de-chaussures-pedexan.html\" rel=\"bookmark\">Read More &raquo;<span class=\"screen-reader-text\">D\u00e9sinfection des chaussures Pedexan \u00e0 effet longue dur\u00e9e Flacon recharge 1l<\/span><\/a><\/p>\n","protected":false},"featured_media":21928,"template":"","meta":{"_acf_changed":false,"neve_meta_sidebar":"","neve_meta_container":"","neve_meta_enable_content_width":"","neve_meta_content_width":0,"neve_meta_title_alignment":"","neve_meta_author_avatar":"","neve_post_elements_order":"","neve_meta_disable_header":"","neve_meta_disable_footer":"","neve_meta_disable_title":"","neve_meta_reading_time":"","_surfaces":[],"_ver_product_tabs":[],"footnotes":""},"product_brand":[],"product_cat":[2346,2852],"product_tag":[],"class_list":{"0":"post-46436","1":"product","2":"type-product","3":"status-publish","4":"has-post-thumbnail","6":"product_cat-desinfectants","7":"product_cat-desinfectants-pour-chaussures","9":"first","10":"instock","11":"taxable","12":"shipping-taxable","13":"purchasable","14":"product-type-simple"},"acf":[],"yoast_head":"<!-- This site is optimized with the Yoast SEO Premium plugin v22.8 (Yoast SEO v27.5) - https:\/\/yoast.com\/product\/yoast-seo-premium-wordpress\/ -->\n<title>D\u00e9sinfection des chaussures Pedexan \u00e0 effet longue dur\u00e9e Flacon recharge 1l - versiegelung24.com<\/title>\n<meta name=\"description\" content=\"D\u00e9sinfection des chaussures Pedexan - la solution contre les odeurs d\u00e9sagr\u00e9ables, les bact\u00e9ries et les champignons.\" \/>\n<meta name=\"robots\" content=\"index, follow, max-snippet:-1, max-image-preview:large, max-video-preview:-1\" \/>\n<link rel=\"canonical\" href=\"https:\/\/www.versiegelung24.com\/fr\/bouteille-de-recharge-de-desinfection-de-chaussures-pedexan.html\" \/>\n<meta property=\"og:locale\" content=\"fr_FR\" \/>\n<meta property=\"og:type\" content=\"article\" \/>\n<meta property=\"og:title\" content=\"D\u00e9sinfection des chaussures Pedexan \u00e0 effet longue dur\u00e9e Flacon recharge 1l\" \/>\n<meta property=\"og:description\" content=\"D\u00e9sinfection des chaussures Pedexan - la solution contre les odeurs d\u00e9sagr\u00e9ables, les bact\u00e9ries et les champignons.\" \/>\n<meta property=\"og:url\" content=\"https:\/\/www.versiegelung24.com\/fr\/bouteille-de-recharge-de-desinfection-de-chaussures-pedexan.html\" \/>\n<meta property=\"og:site_name\" content=\"versiegelung24.com\" \/>\n<meta property=\"article:modified_time\" content=\"2026-04-30T12:15:42+00:00\" \/>\n<meta property=\"og:image\" content=\"https:\/\/www.versiegelung24.com\/wp-content\/uploads\/2021\/03\/pedexan-schuhdesinfektion-1-liter.png\" \/>\n\t<meta property=\"og:image:width\" content=\"2000\" \/>\n\t<meta property=\"og:image:height\" content=\"2000\" \/>\n\t<meta property=\"og:image:type\" content=\"image\/png\" \/>\n<meta name=\"twitter:card\" content=\"summary_large_image\" \/>\n<meta name=\"twitter:label1\" content=\"Prix\" \/>\n\t<meta name=\"twitter:data1\" content=\"42,49&euro;\" \/>\n\t<meta name=\"twitter:label2\" content=\"Disponibilit\u00e9\" \/>\n\t<meta name=\"twitter:data2\" content=\"En stock\" \/>\n<script type=\"application\/ld+json\" class=\"yoast-schema-graph\">{\"@context\":\"https:\\\/\\\/schema.org\",\"@graph\":[{\"@type\":\"WebPage\",\"@id\":\"https:\\\/\\\/www.versiegelung24.com\\\/fr\\\/bouteille-de-recharge-de-desinfection-de-chaussures-pedexan.html\",\"url\":\"https:\\\/\\\/www.versiegelung24.com\\\/fr\\\/bouteille-de-recharge-de-desinfection-de-chaussures-pedexan.html\",\"name\":\"D\u00e9sinfection des chaussures Pedexan \u00e0 effet longue dur\u00e9e Flacon recharge 1l - versiegelung24.com\",\"isPartOf\":{\"@id\":\"https:\\\/\\\/www.versiegelung24.com\\\/fr\\\/#website\"},\"primaryImageOfPage\":{\"@id\":\"https:\\\/\\\/www.versiegelung24.com\\\/fr\\\/bouteille-de-recharge-de-desinfection-de-chaussures-pedexan.html#primaryimage\"},\"image\":{\"@id\":\"https:\\\/\\\/www.versiegelung24.com\\\/fr\\\/bouteille-de-recharge-de-desinfection-de-chaussures-pedexan.html#primaryimage\"},\"thumbnailUrl\":\"https:\\\/\\\/www.versiegelung24.com\\\/wp-content\\\/uploads\\\/2021\\\/03\\\/pedexan-schuhdesinfektion-1-liter.png\",\"datePublished\":\"2022-01-04T17:16:33+00:00\",\"dateModified\":\"2026-04-30T12:15:42+00:00\",\"description\":\"D\u00e9sinfection des chaussures Pedexan - la solution contre les odeurs d\u00e9sagr\u00e9ables, les bact\u00e9ries et les champignons.\",\"breadcrumb\":{\"@id\":\"https:\\\/\\\/www.versiegelung24.com\\\/fr\\\/bouteille-de-recharge-de-desinfection-de-chaussures-pedexan.html#breadcrumb\"},\"inLanguage\":\"fr-FR\",\"potentialAction\":[{\"@type\":\"ReadAction\",\"target\":[\"https:\\\/\\\/www.versiegelung24.com\\\/fr\\\/bouteille-de-recharge-de-desinfection-de-chaussures-pedexan.html\"]}]},{\"@type\":\"ImageObject\",\"inLanguage\":\"fr-FR\",\"@id\":\"https:\\\/\\\/www.versiegelung24.com\\\/fr\\\/bouteille-de-recharge-de-desinfection-de-chaussures-pedexan.html#primaryimage\",\"url\":\"https:\\\/\\\/www.versiegelung24.com\\\/wp-content\\\/uploads\\\/2021\\\/03\\\/pedexan-schuhdesinfektion-1-liter.png\",\"contentUrl\":\"https:\\\/\\\/www.versiegelung24.com\\\/wp-content\\\/uploads\\\/2021\\\/03\\\/pedexan-schuhdesinfektion-1-liter.png\",\"width\":2000,\"height\":2000},{\"@type\":\"BreadcrumbList\",\"@id\":\"https:\\\/\\\/www.versiegelung24.com\\\/fr\\\/bouteille-de-recharge-de-desinfection-de-chaussures-pedexan.html#breadcrumb\",\"itemListElement\":[{\"@type\":\"ListItem\",\"position\":1,\"name\":\"Page d'accueil\",\"item\":\"https:\\\/\\\/www.versiegelung24.com\\\/fr\\\/front\\\/\"},{\"@type\":\"ListItem\",\"position\":2,\"name\":\"Boutique\",\"item\":\"https:\\\/\\\/www.versiegelung24.com\\\/fr\\\/boutique-2\\\/\"},{\"@type\":\"ListItem\",\"position\":3,\"name\":\"D\u00e9sinfection des chaussures Pedexan \u00e0 effet longue dur\u00e9e Flacon recharge 1l\"}]},{\"@type\":\"WebSite\",\"@id\":\"https:\\\/\\\/www.versiegelung24.com\\\/fr\\\/#website\",\"url\":\"https:\\\/\\\/www.versiegelung24.com\\\/fr\\\/\",\"name\":\"versiegelung24.com\",\"description\":\"Fl\u00fcssigglas-Versiegelung - Made in Germany\",\"publisher\":{\"@id\":\"https:\\\/\\\/www.versiegelung24.com\\\/fr\\\/#organization\"},\"potentialAction\":[{\"@type\":\"SearchAction\",\"target\":{\"@type\":\"EntryPoint\",\"urlTemplate\":\"https:\\\/\\\/www.versiegelung24.com\\\/fr\\\/?s={search_term_string}\"},\"query-input\":{\"@type\":\"PropertyValueSpecification\",\"valueRequired\":true,\"valueName\":\"search_term_string\"}}],\"inLanguage\":\"fr-FR\"},{\"@type\":\"Organization\",\"@id\":\"https:\\\/\\\/www.versiegelung24.com\\\/fr\\\/#organization\",\"name\":\"versiegelung24\",\"url\":\"https:\\\/\\\/www.versiegelung24.com\\\/fr\\\/\",\"logo\":{\"@type\":\"ImageObject\",\"inLanguage\":\"fr-FR\",\"@id\":\"https:\\\/\\\/www.versiegelung24.com\\\/fr\\\/#\\\/schema\\\/logo\\\/image\\\/\",\"url\":\"https:\\\/\\\/www.versiegelung24.com\\\/wp-content\\\/uploads\\\/2020\\\/04\\\/versiegelung24.png\",\"contentUrl\":\"https:\\\/\\\/www.versiegelung24.com\\\/wp-content\\\/uploads\\\/2020\\\/04\\\/versiegelung24.png\",\"width\":470,\"height\":102,\"caption\":\"versiegelung24\"},\"image\":{\"@id\":\"https:\\\/\\\/www.versiegelung24.com\\\/fr\\\/#\\\/schema\\\/logo\\\/image\\\/\"}}]}<\/script>\n<meta property=\"product:price:amount\" content=\"42.49\" \/>\n<meta property=\"product:price:currency\" content=\"EUR\" \/>\n<meta property=\"og:availability\" content=\"instock\" \/>\n<meta property=\"product:availability\" content=\"instock\" \/>\n<meta property=\"product:retailer_item_id\" content=\"PED-1A\" \/>\n<meta property=\"product:condition\" content=\"new\" \/>\n<!-- \/ Yoast SEO Premium plugin. -->","yoast_head_json":{"title":"D\u00e9sinfection des chaussures Pedexan \u00e0 effet longue dur\u00e9e Flacon recharge 1l - versiegelung24.com","description":"D\u00e9sinfection des chaussures Pedexan - la solution contre les odeurs d\u00e9sagr\u00e9ables, les bact\u00e9ries et les champignons.","robots":{"index":"index","follow":"follow","max-snippet":"max-snippet:-1","max-image-preview":"max-image-preview:large","max-video-preview":"max-video-preview:-1"},"canonical":"https:\/\/www.versiegelung24.com\/fr\/bouteille-de-recharge-de-desinfection-de-chaussures-pedexan.html","og_locale":"fr_FR","og_type":"article","og_title":"D\u00e9sinfection des chaussures Pedexan \u00e0 effet longue dur\u00e9e Flacon recharge 1l","og_description":"D\u00e9sinfection des chaussures Pedexan - la solution contre les odeurs d\u00e9sagr\u00e9ables, les bact\u00e9ries et les champignons.","og_url":"https:\/\/www.versiegelung24.com\/fr\/bouteille-de-recharge-de-desinfection-de-chaussures-pedexan.html","og_site_name":"versiegelung24.com","article_modified_time":"2026-04-30T12:15:42+00:00","og_image":[{"width":2000,"height":2000,"url":"https:\/\/www.versiegelung24.com\/wp-content\/uploads\/2021\/03\/pedexan-schuhdesinfektion-1-liter.png","type":"image\/png"}],"twitter_card":"summary_large_image","twitter_misc":{"Prix":"42,49&euro;","Disponibilit\u00e9":"En stock"},"schema":{"@context":"https:\/\/schema.org","@graph":[{"@type":"WebPage","@id":"https:\/\/www.versiegelung24.com\/fr\/bouteille-de-recharge-de-desinfection-de-chaussures-pedexan.html","url":"https:\/\/www.versiegelung24.com\/fr\/bouteille-de-recharge-de-desinfection-de-chaussures-pedexan.html","name":"D\u00e9sinfection des chaussures Pedexan \u00e0 effet longue dur\u00e9e Flacon recharge 1l - versiegelung24.com","isPartOf":{"@id":"https:\/\/www.versiegelung24.com\/fr\/#website"},"primaryImageOfPage":{"@id":"https:\/\/www.versiegelung24.com\/fr\/bouteille-de-recharge-de-desinfection-de-chaussures-pedexan.html#primaryimage"},"image":{"@id":"https:\/\/www.versiegelung24.com\/fr\/bouteille-de-recharge-de-desinfection-de-chaussures-pedexan.html#primaryimage"},"thumbnailUrl":"https:\/\/www.versiegelung24.com\/wp-content\/uploads\/2021\/03\/pedexan-schuhdesinfektion-1-liter.png","datePublished":"2022-01-04T17:16:33+00:00","dateModified":"2026-04-30T12:15:42+00:00","description":"D\u00e9sinfection des chaussures Pedexan - la solution contre les odeurs d\u00e9sagr\u00e9ables, les bact\u00e9ries et les champignons.","breadcrumb":{"@id":"https:\/\/www.versiegelung24.com\/fr\/bouteille-de-recharge-de-desinfection-de-chaussures-pedexan.html#breadcrumb"},"inLanguage":"fr-FR","potentialAction":[{"@type":"ReadAction","target":["https:\/\/www.versiegelung24.com\/fr\/bouteille-de-recharge-de-desinfection-de-chaussures-pedexan.html"]}]},{"@type":"ImageObject","inLanguage":"fr-FR","@id":"https:\/\/www.versiegelung24.com\/fr\/bouteille-de-recharge-de-desinfection-de-chaussures-pedexan.html#primaryimage","url":"https:\/\/www.versiegelung24.com\/wp-content\/uploads\/2021\/03\/pedexan-schuhdesinfektion-1-liter.png","contentUrl":"https:\/\/www.versiegelung24.com\/wp-content\/uploads\/2021\/03\/pedexan-schuhdesinfektion-1-liter.png","width":2000,"height":2000},{"@type":"BreadcrumbList","@id":"https:\/\/www.versiegelung24.com\/fr\/bouteille-de-recharge-de-desinfection-de-chaussures-pedexan.html#breadcrumb","itemListElement":[{"@type":"ListItem","position":1,"name":"Page d'accueil","item":"https:\/\/www.versiegelung24.com\/fr\/front\/"},{"@type":"ListItem","position":2,"name":"Boutique","item":"https:\/\/www.versiegelung24.com\/fr\/boutique-2\/"},{"@type":"ListItem","position":3,"name":"D\u00e9sinfection des chaussures Pedexan \u00e0 effet longue dur\u00e9e Flacon recharge 1l"}]},{"@type":"WebSite","@id":"https:\/\/www.versiegelung24.com\/fr\/#website","url":"https:\/\/www.versiegelung24.com\/fr\/","name":"versiegelung24.com","description":"Fl\u00fcssigglas-Versiegelung - Made in Germany","publisher":{"@id":"https:\/\/www.versiegelung24.com\/fr\/#organization"},"potentialAction":[{"@type":"SearchAction","target":{"@type":"EntryPoint","urlTemplate":"https:\/\/www.versiegelung24.com\/fr\/?s={search_term_string}"},"query-input":{"@type":"PropertyValueSpecification","valueRequired":true,"valueName":"search_term_string"}}],"inLanguage":"fr-FR"},{"@type":"Organization","@id":"https:\/\/www.versiegelung24.com\/fr\/#organization","name":"versiegelung24","url":"https:\/\/www.versiegelung24.com\/fr\/","logo":{"@type":"ImageObject","inLanguage":"fr-FR","@id":"https:\/\/www.versiegelung24.com\/fr\/#\/schema\/logo\/image\/","url":"https:\/\/www.versiegelung24.com\/wp-content\/uploads\/2020\/04\/versiegelung24.png","contentUrl":"https:\/\/www.versiegelung24.com\/wp-content\/uploads\/2020\/04\/versiegelung24.png","width":470,"height":102,"caption":"versiegelung24"},"image":{"@id":"https:\/\/www.versiegelung24.com\/fr\/#\/schema\/logo\/image\/"}}]},"product_price_amount":"42.49","product_price_currency":"EUR","og_availability":"instock","product_availability":"instock","product_retailer_item_id":"PED-1A","product_condition":"new"},"_links":{"self":[{"href":"https:\/\/www.versiegelung24.com\/fr\/wp-json\/wp\/v2\/product\/46436","targetHints":{"allow":["GET"]}}],"collection":[{"href":"https:\/\/www.versiegelung24.com\/fr\/wp-json\/wp\/v2\/product"}],"about":[{"href":"https:\/\/www.versiegelung24.com\/fr\/wp-json\/wp\/v2\/types\/product"}],"version-history":[{"count":22,"href":"https:\/\/www.versiegelung24.com\/fr\/wp-json\/wp\/v2\/product\/46436\/revisions"}],"predecessor-version":[{"id":180424,"href":"https:\/\/www.versiegelung24.com\/fr\/wp-json\/wp\/v2\/product\/46436\/revisions\/180424"}],"wp:featuredmedia":[{"embeddable":true,"href":"https:\/\/www.versiegelung24.com\/fr\/wp-json\/wp\/v2\/media\/21928"}],"wp:attachment":[{"href":"https:\/\/www.versiegelung24.com\/fr\/wp-json\/wp\/v2\/media?parent=46436"}],"wp:term":[{"taxonomy":"product_brand","embeddable":true,"href":"https:\/\/www.versiegelung24.com\/fr\/wp-json\/wp\/v2\/product_brand?post=46436"},{"taxonomy":"product_cat","embeddable":true,"href":"https:\/\/www.versiegelung24.com\/fr\/wp-json\/wp\/v2\/product_cat?post=46436"},{"taxonomy":"product_tag","embeddable":true,"href":"https:\/\/www.versiegelung24.com\/fr\/wp-json\/wp\/v2\/product_tag?post=46436"}],"curies":[{"name":"wp","href":"https:\/\/api.w.org\/{rel}","templated":true}]}}