{"id":46796,"date":"2022-01-04T20:13:16","date_gmt":"2022-01-04T19:13:29","guid":{"rendered":"https:\/\/www.versiegelung24.com\/?post_type=product&#038;p=46796"},"modified":"2025-01-13T16:34:43","modified_gmt":"2025-01-13T15:34:43","slug":"distributeur-de-desinfection-de-chaussures-pedexan-pedspend","status":"publish","type":"product","link":"https:\/\/www.versiegelung24.com\/fr\/distributeur-de-desinfection-de-chaussures-pedexan-pedspend.html","title":{"rendered":"PedSpend &#8211; distributeur avec lance de pulv\u00e9risation pour la d\u00e9sinfection des chaussures Pedexan"},"content":{"rendered":"\n<h1 class=\"wp-block-heading\" id=\"pedspend-spender-mit-spruhlanze-fur-pedexan-schuhdesinfektion\">PedSpend &#8211; distributeur avec lance de pulv\u00e9risation pour la d\u00e9sinfection des chaussures Pedexan<\/h1>\n\n<p><strong>Distributeur de d\u00e9sinfectant pour chaussures \u00e0 usage fixe ou mobile. Id\u00e9al pour le retraitement hygi\u00e9nique des chaussures, par exemple pour les chaussures de travail dans l&#8217;industrie et l&#8217;artisanat, les bowlings ou la location de skis.<\/strong><\/p>\n\n<h4 class=\"wp-block-heading\" id=\"properties\">Caract\u00e9ristiques du produit<\/h4>\n\n<div class=\"wp-block-columns is-layout-flex wp-container-core-columns-is-layout-9d6595d7 wp-block-columns-is-layout-flex\">\n<div class=\"wp-block-column is-layout-flow wp-block-column-is-layout-flow\">\n<p>Contenu de <strong>la livraison :<\/strong> distributeur de d\u00e9sinfectant pour chaussures PedSpend (verrouillable) avec lance de pulv\u00e9risation de 1,4 m<\/p>\n<\/div>\n\n\n\n<div class=\"wp-block-column is-layout-flow wp-block-column-is-layout-flow\">\n<p><strong>Convient pour : <a href=\"https:\/\/www.versiegelung24.com\/fr\/bouteille-de-recharge-de-desinfection-de-chaussures-pedexan.html\">d\u00e9sinfectant pour chaussures Pedexan<\/a><\/strong> flacon de recharge de 1 litre et tous les flacons de recharge de distributeur Euro de 1 litre<\/p>\n<\/div>\n<\/div>\n\n<hr \/>\n\n<h4 class=\"wp-block-heading\" id=\"application\">Application<\/h4>\n\n<p>Domaines d&#8217; <strong>application :<\/strong> industrie et commerce, location de chaussures de bowling, chaussures de ski, patins \u00e0 glace<\/p>\n","protected":false},"excerpt":{"rendered":"<p>PedSpend &#8211; distributeur avec lance de pulv\u00e9risation pour la d\u00e9sinfection des chaussures Pedexan Distributeur de d\u00e9sinfectant pour chaussures \u00e0 usage fixe ou mobile. Id\u00e9al pour le retraitement hygi\u00e9nique des chaussures, par exemple pour les chaussures de travail dans l&#8217;industrie et l&#8217;artisanat, les bowlings ou la location de skis. Caract\u00e9ristiques du produit Contenu de la livraison&hellip;&nbsp;<a href=\"https:\/\/www.versiegelung24.com\/fr\/distributeur-de-desinfection-de-chaussures-pedexan-pedspend.html\" rel=\"bookmark\">Read More &raquo;<span class=\"screen-reader-text\">PedSpend &#8211; distributeur avec lance de pulv\u00e9risation pour la d\u00e9sinfection des chaussures Pedexan<\/span><\/a><\/p>\n","protected":false},"featured_media":46869,"template":"","meta":{"_acf_changed":false,"neve_meta_sidebar":"","neve_meta_container":"","neve_meta_enable_content_width":"","neve_meta_content_width":0,"neve_meta_title_alignment":"","neve_meta_author_avatar":"","neve_post_elements_order":"","neve_meta_disable_header":"","neve_meta_disable_footer":"","neve_meta_disable_title":"","neve_meta_reading_time":"","_surfaces":[],"_ver_product_tabs":[],"footnotes":""},"product_brand":[],"product_cat":[2346,2852],"product_tag":[],"class_list":{"0":"post-46796","1":"product","2":"type-product","3":"status-publish","4":"has-post-thumbnail","6":"product_cat-desinfectants","7":"product_cat-desinfectants-pour-chaussures","9":"first","10":"instock","11":"taxable","12":"shipping-taxable","13":"purchasable","14":"product-type-simple"},"acf":[],"yoast_head":"<!-- This site is optimized with the Yoast SEO Premium plugin v22.8 (Yoast SEO v27.5) - https:\/\/yoast.com\/product\/yoast-seo-premium-wordpress\/ -->\n<title>PedSpend - distributeur avec lance de pulv\u00e9risation pour la d\u00e9sinfection des chaussures Pedexan - versiegelung24.com<\/title>\n<meta name=\"description\" content=\"D\u00e9sinfection des chaussures Pedexan - la solution contre les odeurs d\u00e9sagr\u00e9ables, les bact\u00e9ries et les champignons.\" \/>\n<meta name=\"robots\" content=\"index, follow, max-snippet:-1, max-image-preview:large, max-video-preview:-1\" \/>\n<link rel=\"canonical\" href=\"https:\/\/www.versiegelung24.com\/fr\/distributeur-de-desinfection-de-chaussures-pedexan-pedspend.html\" \/>\n<meta property=\"og:locale\" content=\"fr_FR\" \/>\n<meta property=\"og:type\" content=\"article\" \/>\n<meta property=\"og:title\" content=\"PedSpend - distributeur avec lance de pulv\u00e9risation pour la d\u00e9sinfection des chaussures Pedexan\" \/>\n<meta property=\"og:description\" content=\"D\u00e9sinfection des chaussures Pedexan - la solution contre les odeurs d\u00e9sagr\u00e9ables, les bact\u00e9ries et les champignons.\" \/>\n<meta property=\"og:url\" content=\"https:\/\/www.versiegelung24.com\/fr\/distributeur-de-desinfection-de-chaussures-pedexan-pedspend.html\" \/>\n<meta property=\"og:site_name\" content=\"versiegelung24.com\" \/>\n<meta property=\"article:modified_time\" content=\"2025-01-13T15:34:43+00:00\" \/>\n<meta property=\"og:image\" content=\"https:\/\/www.versiegelung24.com\/wp-content\/uploads\/2022\/01\/produkt-pedexan-pedspend.png\" \/>\n\t<meta property=\"og:image:width\" content=\"2000\" \/>\n\t<meta property=\"og:image:height\" content=\"2000\" \/>\n\t<meta property=\"og:image:type\" content=\"image\/png\" \/>\n<meta name=\"twitter:card\" content=\"summary_large_image\" \/>\n<meta name=\"twitter:label1\" content=\"Prix\" \/>\n\t<meta name=\"twitter:data1\" content=\"119,00&euro;\" \/>\n\t<meta name=\"twitter:label2\" content=\"Disponibilit\u00e9\" \/>\n\t<meta name=\"twitter:data2\" content=\"En stock\" \/>\n<script type=\"application\/ld+json\" class=\"yoast-schema-graph\">{\"@context\":\"https:\\\/\\\/schema.org\",\"@graph\":[{\"@type\":\"WebPage\",\"@id\":\"https:\\\/\\\/www.versiegelung24.com\\\/fr\\\/distributeur-de-desinfection-de-chaussures-pedexan-pedspend.html\",\"url\":\"https:\\\/\\\/www.versiegelung24.com\\\/fr\\\/distributeur-de-desinfection-de-chaussures-pedexan-pedspend.html\",\"name\":\"PedSpend - distributeur avec lance de pulv\u00e9risation pour la d\u00e9sinfection des chaussures Pedexan - versiegelung24.com\",\"isPartOf\":{\"@id\":\"https:\\\/\\\/www.versiegelung24.com\\\/fr\\\/#website\"},\"primaryImageOfPage\":{\"@id\":\"https:\\\/\\\/www.versiegelung24.com\\\/fr\\\/distributeur-de-desinfection-de-chaussures-pedexan-pedspend.html#primaryimage\"},\"image\":{\"@id\":\"https:\\\/\\\/www.versiegelung24.com\\\/fr\\\/distributeur-de-desinfection-de-chaussures-pedexan-pedspend.html#primaryimage\"},\"thumbnailUrl\":\"https:\\\/\\\/www.versiegelung24.com\\\/wp-content\\\/uploads\\\/2022\\\/01\\\/produkt-pedexan-pedspend.png\",\"datePublished\":\"2022-01-04T19:13:29+00:00\",\"dateModified\":\"2025-01-13T15:34:43+00:00\",\"description\":\"D\u00e9sinfection des chaussures Pedexan - la solution contre les odeurs d\u00e9sagr\u00e9ables, les bact\u00e9ries et les champignons.\",\"breadcrumb\":{\"@id\":\"https:\\\/\\\/www.versiegelung24.com\\\/fr\\\/distributeur-de-desinfection-de-chaussures-pedexan-pedspend.html#breadcrumb\"},\"inLanguage\":\"fr-FR\",\"potentialAction\":[{\"@type\":\"ReadAction\",\"target\":[\"https:\\\/\\\/www.versiegelung24.com\\\/fr\\\/distributeur-de-desinfection-de-chaussures-pedexan-pedspend.html\"]}]},{\"@type\":\"ImageObject\",\"inLanguage\":\"fr-FR\",\"@id\":\"https:\\\/\\\/www.versiegelung24.com\\\/fr\\\/distributeur-de-desinfection-de-chaussures-pedexan-pedspend.html#primaryimage\",\"url\":\"https:\\\/\\\/www.versiegelung24.com\\\/wp-content\\\/uploads\\\/2022\\\/01\\\/produkt-pedexan-pedspend.png\",\"contentUrl\":\"https:\\\/\\\/www.versiegelung24.com\\\/wp-content\\\/uploads\\\/2022\\\/01\\\/produkt-pedexan-pedspend.png\",\"width\":2000,\"height\":2000},{\"@type\":\"BreadcrumbList\",\"@id\":\"https:\\\/\\\/www.versiegelung24.com\\\/fr\\\/distributeur-de-desinfection-de-chaussures-pedexan-pedspend.html#breadcrumb\",\"itemListElement\":[{\"@type\":\"ListItem\",\"position\":1,\"name\":\"Page d'accueil\",\"item\":\"https:\\\/\\\/www.versiegelung24.com\\\/fr\\\/front\\\/\"},{\"@type\":\"ListItem\",\"position\":2,\"name\":\"Boutique\",\"item\":\"https:\\\/\\\/www.versiegelung24.com\\\/fr\\\/boutique-2\\\/\"},{\"@type\":\"ListItem\",\"position\":3,\"name\":\"PedSpend &#8211; distributeur avec lance de pulv\u00e9risation pour la d\u00e9sinfection des chaussures Pedexan\"}]},{\"@type\":\"WebSite\",\"@id\":\"https:\\\/\\\/www.versiegelung24.com\\\/fr\\\/#website\",\"url\":\"https:\\\/\\\/www.versiegelung24.com\\\/fr\\\/\",\"name\":\"versiegelung24.com\",\"description\":\"Fl\u00fcssigglas-Versiegelung - Made in Germany\",\"publisher\":{\"@id\":\"https:\\\/\\\/www.versiegelung24.com\\\/fr\\\/#organization\"},\"potentialAction\":[{\"@type\":\"SearchAction\",\"target\":{\"@type\":\"EntryPoint\",\"urlTemplate\":\"https:\\\/\\\/www.versiegelung24.com\\\/fr\\\/?s={search_term_string}\"},\"query-input\":{\"@type\":\"PropertyValueSpecification\",\"valueRequired\":true,\"valueName\":\"search_term_string\"}}],\"inLanguage\":\"fr-FR\"},{\"@type\":\"Organization\",\"@id\":\"https:\\\/\\\/www.versiegelung24.com\\\/fr\\\/#organization\",\"name\":\"versiegelung24\",\"url\":\"https:\\\/\\\/www.versiegelung24.com\\\/fr\\\/\",\"logo\":{\"@type\":\"ImageObject\",\"inLanguage\":\"fr-FR\",\"@id\":\"https:\\\/\\\/www.versiegelung24.com\\\/fr\\\/#\\\/schema\\\/logo\\\/image\\\/\",\"url\":\"https:\\\/\\\/www.versiegelung24.com\\\/wp-content\\\/uploads\\\/2020\\\/04\\\/versiegelung24.png\",\"contentUrl\":\"https:\\\/\\\/www.versiegelung24.com\\\/wp-content\\\/uploads\\\/2020\\\/04\\\/versiegelung24.png\",\"width\":470,\"height\":102,\"caption\":\"versiegelung24\"},\"image\":{\"@id\":\"https:\\\/\\\/www.versiegelung24.com\\\/fr\\\/#\\\/schema\\\/logo\\\/image\\\/\"}}]}<\/script>\n<meta property=\"product:price:amount\" content=\"119.00\" \/>\n<meta property=\"product:price:currency\" content=\"EUR\" \/>\n<meta property=\"og:availability\" content=\"instock\" \/>\n<meta property=\"product:availability\" content=\"instock\" \/>\n<meta property=\"product:retailer_item_id\" content=\"PED-spend\" \/>\n<meta property=\"product:condition\" content=\"new\" \/>\n<!-- \/ Yoast SEO Premium plugin. -->","yoast_head_json":{"title":"PedSpend - distributeur avec lance de pulv\u00e9risation pour la d\u00e9sinfection des chaussures Pedexan - versiegelung24.com","description":"D\u00e9sinfection des chaussures Pedexan - la solution contre les odeurs d\u00e9sagr\u00e9ables, les bact\u00e9ries et les champignons.","robots":{"index":"index","follow":"follow","max-snippet":"max-snippet:-1","max-image-preview":"max-image-preview:large","max-video-preview":"max-video-preview:-1"},"canonical":"https:\/\/www.versiegelung24.com\/fr\/distributeur-de-desinfection-de-chaussures-pedexan-pedspend.html","og_locale":"fr_FR","og_type":"article","og_title":"PedSpend - distributeur avec lance de pulv\u00e9risation pour la d\u00e9sinfection des chaussures Pedexan","og_description":"D\u00e9sinfection des chaussures Pedexan - la solution contre les odeurs d\u00e9sagr\u00e9ables, les bact\u00e9ries et les champignons.","og_url":"https:\/\/www.versiegelung24.com\/fr\/distributeur-de-desinfection-de-chaussures-pedexan-pedspend.html","og_site_name":"versiegelung24.com","article_modified_time":"2025-01-13T15:34:43+00:00","og_image":[{"width":2000,"height":2000,"url":"https:\/\/www.versiegelung24.com\/wp-content\/uploads\/2022\/01\/produkt-pedexan-pedspend.png","type":"image\/png"}],"twitter_card":"summary_large_image","twitter_misc":{"Prix":"119,00&euro;","Disponibilit\u00e9":"En stock"},"schema":{"@context":"https:\/\/schema.org","@graph":[{"@type":"WebPage","@id":"https:\/\/www.versiegelung24.com\/fr\/distributeur-de-desinfection-de-chaussures-pedexan-pedspend.html","url":"https:\/\/www.versiegelung24.com\/fr\/distributeur-de-desinfection-de-chaussures-pedexan-pedspend.html","name":"PedSpend - distributeur avec lance de pulv\u00e9risation pour la d\u00e9sinfection des chaussures Pedexan - versiegelung24.com","isPartOf":{"@id":"https:\/\/www.versiegelung24.com\/fr\/#website"},"primaryImageOfPage":{"@id":"https:\/\/www.versiegelung24.com\/fr\/distributeur-de-desinfection-de-chaussures-pedexan-pedspend.html#primaryimage"},"image":{"@id":"https:\/\/www.versiegelung24.com\/fr\/distributeur-de-desinfection-de-chaussures-pedexan-pedspend.html#primaryimage"},"thumbnailUrl":"https:\/\/www.versiegelung24.com\/wp-content\/uploads\/2022\/01\/produkt-pedexan-pedspend.png","datePublished":"2022-01-04T19:13:29+00:00","dateModified":"2025-01-13T15:34:43+00:00","description":"D\u00e9sinfection des chaussures Pedexan - la solution contre les odeurs d\u00e9sagr\u00e9ables, les bact\u00e9ries et les champignons.","breadcrumb":{"@id":"https:\/\/www.versiegelung24.com\/fr\/distributeur-de-desinfection-de-chaussures-pedexan-pedspend.html#breadcrumb"},"inLanguage":"fr-FR","potentialAction":[{"@type":"ReadAction","target":["https:\/\/www.versiegelung24.com\/fr\/distributeur-de-desinfection-de-chaussures-pedexan-pedspend.html"]}]},{"@type":"ImageObject","inLanguage":"fr-FR","@id":"https:\/\/www.versiegelung24.com\/fr\/distributeur-de-desinfection-de-chaussures-pedexan-pedspend.html#primaryimage","url":"https:\/\/www.versiegelung24.com\/wp-content\/uploads\/2022\/01\/produkt-pedexan-pedspend.png","contentUrl":"https:\/\/www.versiegelung24.com\/wp-content\/uploads\/2022\/01\/produkt-pedexan-pedspend.png","width":2000,"height":2000},{"@type":"BreadcrumbList","@id":"https:\/\/www.versiegelung24.com\/fr\/distributeur-de-desinfection-de-chaussures-pedexan-pedspend.html#breadcrumb","itemListElement":[{"@type":"ListItem","position":1,"name":"Page d'accueil","item":"https:\/\/www.versiegelung24.com\/fr\/front\/"},{"@type":"ListItem","position":2,"name":"Boutique","item":"https:\/\/www.versiegelung24.com\/fr\/boutique-2\/"},{"@type":"ListItem","position":3,"name":"PedSpend &#8211; distributeur avec lance de pulv\u00e9risation pour la d\u00e9sinfection des chaussures Pedexan"}]},{"@type":"WebSite","@id":"https:\/\/www.versiegelung24.com\/fr\/#website","url":"https:\/\/www.versiegelung24.com\/fr\/","name":"versiegelung24.com","description":"Fl\u00fcssigglas-Versiegelung - Made in Germany","publisher":{"@id":"https:\/\/www.versiegelung24.com\/fr\/#organization"},"potentialAction":[{"@type":"SearchAction","target":{"@type":"EntryPoint","urlTemplate":"https:\/\/www.versiegelung24.com\/fr\/?s={search_term_string}"},"query-input":{"@type":"PropertyValueSpecification","valueRequired":true,"valueName":"search_term_string"}}],"inLanguage":"fr-FR"},{"@type":"Organization","@id":"https:\/\/www.versiegelung24.com\/fr\/#organization","name":"versiegelung24","url":"https:\/\/www.versiegelung24.com\/fr\/","logo":{"@type":"ImageObject","inLanguage":"fr-FR","@id":"https:\/\/www.versiegelung24.com\/fr\/#\/schema\/logo\/image\/","url":"https:\/\/www.versiegelung24.com\/wp-content\/uploads\/2020\/04\/versiegelung24.png","contentUrl":"https:\/\/www.versiegelung24.com\/wp-content\/uploads\/2020\/04\/versiegelung24.png","width":470,"height":102,"caption":"versiegelung24"},"image":{"@id":"https:\/\/www.versiegelung24.com\/fr\/#\/schema\/logo\/image\/"}}]},"product_price_amount":"119.00","product_price_currency":"EUR","og_availability":"instock","product_availability":"instock","product_retailer_item_id":"PED-spend","product_condition":"new"},"_links":{"self":[{"href":"https:\/\/www.versiegelung24.com\/fr\/wp-json\/wp\/v2\/product\/46796","targetHints":{"allow":["GET"]}}],"collection":[{"href":"https:\/\/www.versiegelung24.com\/fr\/wp-json\/wp\/v2\/product"}],"about":[{"href":"https:\/\/www.versiegelung24.com\/fr\/wp-json\/wp\/v2\/types\/product"}],"version-history":[{"count":14,"href":"https:\/\/www.versiegelung24.com\/fr\/wp-json\/wp\/v2\/product\/46796\/revisions"}],"predecessor-version":[{"id":180451,"href":"https:\/\/www.versiegelung24.com\/fr\/wp-json\/wp\/v2\/product\/46796\/revisions\/180451"}],"wp:featuredmedia":[{"embeddable":true,"href":"https:\/\/www.versiegelung24.com\/fr\/wp-json\/wp\/v2\/media\/46869"}],"wp:attachment":[{"href":"https:\/\/www.versiegelung24.com\/fr\/wp-json\/wp\/v2\/media?parent=46796"}],"wp:term":[{"taxonomy":"product_brand","embeddable":true,"href":"https:\/\/www.versiegelung24.com\/fr\/wp-json\/wp\/v2\/product_brand?post=46796"},{"taxonomy":"product_cat","embeddable":true,"href":"https:\/\/www.versiegelung24.com\/fr\/wp-json\/wp\/v2\/product_cat?post=46796"},{"taxonomy":"product_tag","embeddable":true,"href":"https:\/\/www.versiegelung24.com\/fr\/wp-json\/wp\/v2\/product_tag?post=46796"}],"curies":[{"name":"wp","href":"https:\/\/api.w.org\/{rel}","templated":true}]}}