{"id":62240,"date":"2022-02-06T23:03:40","date_gmt":"2022-02-06T22:03:52","guid":{"rendered":"https:\/\/www.versiegelung24.com\/?post_type=product&#038;p=62240"},"modified":"2025-01-05T17:33:03","modified_gmt":"2025-01-05T16:33:03","slug":"set-complet-premium-system-solar-photovoltaic-sealing-with-extreme-durable-and-augmentation-de-lefficacite","status":"publish","type":"product","link":"https:\/\/www.versiegelung24.com\/fr\/product\/set-complet-premium-system-solar-photovoltaic-sealing-with-extreme-durable-and-augmentation-de-lefficacite\/","title":{"rendered":"Kit complet pour l&#8217;\u00e9tanch\u00e9it\u00e9 des installations solaires \/ installations photovolta\u00efques"},"content":{"rendered":"\n<p><strong>Ensemble complet compos\u00e9 d&#8217;un pr\u00e9-nettoyant biologique, d&#8217;un bio\u00e9thanol pour \u00e9liminer les graisses et d&#8217;un nano-scellant haute performance \u00e0 base de verre liquide<\/strong><\/p>\n\n<p><strong>Nano-rev\u00eatement tr\u00e8s efficace pour les syst\u00e8mes solaires, avec effet lotus (hydrofuge)<\/strong><\/p>\n\n<p>Fabriqu\u00e9 en Allemagne de haute qualit\u00e9<\/p>\n\n<h4 class=\"wp-block-heading\" id=\"properties\">Propri\u00e9t\u00e9s<\/h4>\n\n<div class=\"wp-block-columns is-layout-flex wp-container-core-columns-is-layout-9d6595d7 wp-block-columns-is-layout-flex\">\n<div class=\"wp-block-column is-layout-flow wp-block-column-is-layout-flow\">\n<ul class=\"wp-block-list\">\n<li>Technologie future avec une couche protectrice invisible d&#8217;environ 100 nm (nanom\u00e8tres) &#8220;d&#8217;\u00e9paisseur&#8221;<\/li>\n\n\n\n<li>Prot\u00e8ge la surface<\/li>\n\n\n\n<li>R\u00e9sistant \u00e0 la chaleur et au gel<\/li>\n\n\n\n<li>R\u00e9sistant \u00e0 l&#8217;eau de mer et au sel (acide\/alcalin 1,5 \u00e0 12,5 ph)<\/li>\n\n\n\n<li>Hydrofuge et anti-salissures<\/li>\n\n\n\n<li>Application simple et rapide<\/li>\n\n\n\n<li>Applicable de +10\u00b0 \u00e0 +30\u00b0C<\/li>\n\n\n\n<li>stable aux UV<\/li>\n\n\n\n<li>Effet &#8220;facile \u00e0 nettoyer&#8221; (les surfaces sont faciles \u00e0 nettoyer = gain de temps et d&#8217;argent et une partie de la salet\u00e9 est d\u00e9j\u00e0 lav\u00e9e par la pluie)<\/li>\n\n\n\n<li>Consommation : environ 150 m\u00b2 avec un litre<\/li>\n\n\n\n<li>R\u00e9duit l&#8217;empreinte \u00e9cologique (CO2) lors du nettoyage :\n<ul class=\"wp-block-list\">\n<li>Moins d&#8217;eau est n\u00e9cessaire<\/li>\n\n\n\n<li>Moins de nettoyants chimiques sont n\u00e9cessaires<\/li>\n<\/ul>\n<\/li>\n<\/ul>\n<\/div>\n\n\n\n<div class=\"wp-block-column is-layout-flow wp-block-column-is-layout-flow\">\n<p><strong>Contenu de la livraison\u00a0:<\/strong><\/p>\n\n\n\n<ul class=\"wp-block-list\">\n<li>500 ml Biosativa\u00ae nettoyant concentr\u00e9 1:10 pour le pr\u00e9-nettoyage<\/li>\n\n\n\n<li>1 000 ml d&#8217;alcool isopropanol \u00e0 99,9 % pour le d\u00e9graissage<\/li>\n\n\n\n<li>500 ml Liquid Glass sealant 7601 (pour env. 75-100 m\u00b2)<\/li>\n\n\n\n<li>100 serviettes de s\u00e9chage 25 x 16 cm pour le pr\u00e9-nettoyage<\/li>\n\n\n\n<li>10 chiffons microfibres 10 x 10 cm pour l&#8217;application<\/li>\n\n\n\n<li>5 chiffons microfibres 30 x 30 cm pour le polissage<\/li>\n\n\n\n<li>10 gants de protection jetables<\/li>\n<\/ul>\n<\/div>\n<\/div>\n\n<hr\/>\n\n<h4 class=\"wp-block-heading\" id=\"application\">Application<\/h4>\n\n<p>Application simple<\/p>\n\n<ol class=\"wp-block-list\">\n<li>Pr\u00e9-nettoyez tr\u00e8s bien le module avec Biosativa (plus le pr\u00e9-nettoyage est bon, plus le joint durera longtemps)<\/li>\n\n\n\n<li>Nettoyer \u00e0 nouveau avec de l&#8217;alcool avant de sceller<\/li>\n\n\n\n<li>Appliquer le scellant avec un chiffon, polir &#8211; c&#8217;est fait.<\/li>\n<\/ol>\n\n<p><\/p>\n","protected":false},"excerpt":{"rendered":"<div class=\"column mcb-column mcb-item-mrk8thufa one column_column column-margin-0px\">\n<div class=\"column_attr clearfix\"><b>Les modules photovolta\u00efques apportent leur meilleur rendement dans des conditions optimales<\/b> <b>.<\/b> <\/div>\n<div class=\"column_attr clearfix\"><b>Avec notre joint sp\u00e9cial, nous prolongeons le cycle de nettoyage et simplifions consid\u00e9rablement le nettoyage. <\/b><\/div>\n<div class=\"column_attr clearfix\"><b>Cela conduit \u00e0 un retour accru sur votre investissement.<\/b><\/div>\n<\/div>\n","protected":false},"featured_media":18503,"template":"","meta":{"_acf_changed":false,"neve_meta_sidebar":"","neve_meta_container":"","neve_meta_enable_content_width":"","neve_meta_content_width":0,"neve_meta_title_alignment":"","neve_meta_author_avatar":"","neve_post_elements_order":"","neve_meta_disable_header":"","neve_meta_disable_footer":"","neve_meta_disable_title":"","neve_meta_reading_time":"","_surfaces":[],"_ver_product_tabs":[],"footnotes":""},"product_brand":[],"product_cat":[2160],"product_tag":[],"class_list":{"0":"post-62240","1":"product","2":"type-product","3":"status-publish","4":"has-post-thumbnail","6":"product_cat-scellage-pour-verre-et-ceramique","8":"first","9":"instock","10":"taxable","11":"shipping-taxable","12":"purchasable","13":"product-type-simple"},"acf":[],"yoast_head":"<!-- This site is optimized with the Yoast SEO Premium plugin v22.8 (Yoast SEO v27.5) - https:\/\/yoast.com\/product\/yoast-seo-premium-wordpress\/ -->\n<title>Kit complet pour l&#039;\u00e9tanch\u00e9it\u00e9 des installations solaires \/ installations photovolta\u00efques - versiegelung24.com<\/title>\n<meta name=\"robots\" content=\"index, follow, max-snippet:-1, max-image-preview:large, max-video-preview:-1\" \/>\n<link rel=\"canonical\" href=\"https:\/\/www.versiegelung24.com\/fr\/product\/set-complet-premium-system-solar-photovoltaic-sealing-with-extreme-durable-and-augmentation-de-lefficacite\/\" \/>\n<meta property=\"og:locale\" content=\"fr_FR\" \/>\n<meta property=\"og:type\" content=\"article\" \/>\n<meta property=\"og:title\" content=\"Kit complet pour l&#039;\u00e9tanch\u00e9it\u00e9 des installations solaires \/ installations photovolta\u00efques\" \/>\n<meta property=\"og:description\" content=\"Les modules photovolta\u00efques apportent leur meilleur rendement dans des conditions optimales . Avec notre joint sp\u00e9cial, nous prolongeons le cycle de nettoyage et simplifions consid\u00e9rablement le nettoyage. Cela conduit \u00e0 un retour accru sur votre investissement.\" \/>\n<meta property=\"og:url\" content=\"https:\/\/www.versiegelung24.com\/fr\/product\/set-complet-premium-system-solar-photovoltaic-sealing-with-extreme-durable-and-augmentation-de-lefficacite\/\" \/>\n<meta property=\"og:site_name\" content=\"versiegelung24.com\" \/>\n<meta property=\"article:modified_time\" content=\"2025-01-05T16:33:03+00:00\" \/>\n<meta property=\"og:image\" content=\"https:\/\/www.versiegelung24.com\/wp-content\/uploads\/2020\/06\/produkt-7000-7601-1000-Solarversiegelung-scaled.jpg\" \/>\n\t<meta property=\"og:image:width\" content=\"2560\" \/>\n\t<meta property=\"og:image:height\" content=\"2560\" \/>\n\t<meta property=\"og:image:type\" content=\"image\/jpeg\" \/>\n<meta name=\"twitter:card\" content=\"summary_large_image\" \/>\n<meta name=\"twitter:label1\" content=\"Prix\" \/>\n\t<meta name=\"twitter:data1\" content=\"199,00&euro;\" \/>\n\t<meta name=\"twitter:label2\" content=\"Disponibilit\u00e9\" \/>\n\t<meta name=\"twitter:data2\" content=\"En stock\" \/>\n<script type=\"application\/ld+json\" class=\"yoast-schema-graph\">{\"@context\":\"https:\\\/\\\/schema.org\",\"@graph\":[{\"@type\":\"WebPage\",\"@id\":\"https:\\\/\\\/www.versiegelung24.com\\\/fr\\\/product\\\/set-complet-premium-system-solar-photovoltaic-sealing-with-extreme-durable-and-augmentation-de-lefficacite\\\/\",\"url\":\"https:\\\/\\\/www.versiegelung24.com\\\/fr\\\/product\\\/set-complet-premium-system-solar-photovoltaic-sealing-with-extreme-durable-and-augmentation-de-lefficacite\\\/\",\"name\":\"Kit complet pour l'\u00e9tanch\u00e9it\u00e9 des installations solaires \\\/ installations photovolta\u00efques - versiegelung24.com\",\"isPartOf\":{\"@id\":\"https:\\\/\\\/www.versiegelung24.com\\\/fr\\\/#website\"},\"primaryImageOfPage\":{\"@id\":\"https:\\\/\\\/www.versiegelung24.com\\\/fr\\\/product\\\/set-complet-premium-system-solar-photovoltaic-sealing-with-extreme-durable-and-augmentation-de-lefficacite\\\/#primaryimage\"},\"image\":{\"@id\":\"https:\\\/\\\/www.versiegelung24.com\\\/fr\\\/product\\\/set-complet-premium-system-solar-photovoltaic-sealing-with-extreme-durable-and-augmentation-de-lefficacite\\\/#primaryimage\"},\"thumbnailUrl\":\"https:\\\/\\\/www.versiegelung24.com\\\/wp-content\\\/uploads\\\/2020\\\/06\\\/produkt-7000-7601-1000-Solarversiegelung-scaled.jpg\",\"datePublished\":\"2022-02-06T22:03:52+00:00\",\"dateModified\":\"2025-01-05T16:33:03+00:00\",\"breadcrumb\":{\"@id\":\"https:\\\/\\\/www.versiegelung24.com\\\/fr\\\/product\\\/set-complet-premium-system-solar-photovoltaic-sealing-with-extreme-durable-and-augmentation-de-lefficacite\\\/#breadcrumb\"},\"inLanguage\":\"fr-FR\",\"potentialAction\":[{\"@type\":\"ReadAction\",\"target\":[\"https:\\\/\\\/www.versiegelung24.com\\\/fr\\\/product\\\/set-complet-premium-system-solar-photovoltaic-sealing-with-extreme-durable-and-augmentation-de-lefficacite\\\/\"]}]},{\"@type\":\"ImageObject\",\"inLanguage\":\"fr-FR\",\"@id\":\"https:\\\/\\\/www.versiegelung24.com\\\/fr\\\/product\\\/set-complet-premium-system-solar-photovoltaic-sealing-with-extreme-durable-and-augmentation-de-lefficacite\\\/#primaryimage\",\"url\":\"https:\\\/\\\/www.versiegelung24.com\\\/wp-content\\\/uploads\\\/2020\\\/06\\\/produkt-7000-7601-1000-Solarversiegelung-scaled.jpg\",\"contentUrl\":\"https:\\\/\\\/www.versiegelung24.com\\\/wp-content\\\/uploads\\\/2020\\\/06\\\/produkt-7000-7601-1000-Solarversiegelung-scaled.jpg\",\"width\":2560,\"height\":2560},{\"@type\":\"BreadcrumbList\",\"@id\":\"https:\\\/\\\/www.versiegelung24.com\\\/fr\\\/product\\\/set-complet-premium-system-solar-photovoltaic-sealing-with-extreme-durable-and-augmentation-de-lefficacite\\\/#breadcrumb\",\"itemListElement\":[{\"@type\":\"ListItem\",\"position\":1,\"name\":\"Page d'accueil\",\"item\":\"https:\\\/\\\/www.versiegelung24.com\\\/fr\\\/front\\\/\"},{\"@type\":\"ListItem\",\"position\":2,\"name\":\"Boutique\",\"item\":\"https:\\\/\\\/www.versiegelung24.com\\\/fr\\\/boutique-2\\\/\"},{\"@type\":\"ListItem\",\"position\":3,\"name\":\"Kit complet pour l&#8217;\u00e9tanch\u00e9it\u00e9 des installations solaires \\\/ installations photovolta\u00efques\"}]},{\"@type\":\"WebSite\",\"@id\":\"https:\\\/\\\/www.versiegelung24.com\\\/fr\\\/#website\",\"url\":\"https:\\\/\\\/www.versiegelung24.com\\\/fr\\\/\",\"name\":\"versiegelung24.com\",\"description\":\"Fl\u00fcssigglas-Versiegelung - Made in Germany\",\"publisher\":{\"@id\":\"https:\\\/\\\/www.versiegelung24.com\\\/fr\\\/#organization\"},\"potentialAction\":[{\"@type\":\"SearchAction\",\"target\":{\"@type\":\"EntryPoint\",\"urlTemplate\":\"https:\\\/\\\/www.versiegelung24.com\\\/fr\\\/?s={search_term_string}\"},\"query-input\":{\"@type\":\"PropertyValueSpecification\",\"valueRequired\":true,\"valueName\":\"search_term_string\"}}],\"inLanguage\":\"fr-FR\"},{\"@type\":\"Organization\",\"@id\":\"https:\\\/\\\/www.versiegelung24.com\\\/fr\\\/#organization\",\"name\":\"versiegelung24\",\"url\":\"https:\\\/\\\/www.versiegelung24.com\\\/fr\\\/\",\"logo\":{\"@type\":\"ImageObject\",\"inLanguage\":\"fr-FR\",\"@id\":\"https:\\\/\\\/www.versiegelung24.com\\\/fr\\\/#\\\/schema\\\/logo\\\/image\\\/\",\"url\":\"https:\\\/\\\/www.versiegelung24.com\\\/wp-content\\\/uploads\\\/2020\\\/04\\\/versiegelung24.png\",\"contentUrl\":\"https:\\\/\\\/www.versiegelung24.com\\\/wp-content\\\/uploads\\\/2020\\\/04\\\/versiegelung24.png\",\"width\":470,\"height\":102,\"caption\":\"versiegelung24\"},\"image\":{\"@id\":\"https:\\\/\\\/www.versiegelung24.com\\\/fr\\\/#\\\/schema\\\/logo\\\/image\\\/\"}}]}<\/script>\n<meta property=\"product:price:amount\" content=\"199.00\" \/>\n<meta property=\"product:price:currency\" content=\"EUR\" \/>\n<meta property=\"og:availability\" content=\"instock\" \/>\n<meta property=\"product:availability\" content=\"instock\" \/>\n<meta property=\"product:retailer_item_id\" content=\"7005-5575-komplettset\" \/>\n<meta property=\"product:condition\" content=\"new\" \/>\n<!-- \/ Yoast SEO Premium plugin. -->","yoast_head_json":{"title":"Kit complet pour l'\u00e9tanch\u00e9it\u00e9 des installations solaires \/ installations photovolta\u00efques - versiegelung24.com","robots":{"index":"index","follow":"follow","max-snippet":"max-snippet:-1","max-image-preview":"max-image-preview:large","max-video-preview":"max-video-preview:-1"},"canonical":"https:\/\/www.versiegelung24.com\/fr\/product\/set-complet-premium-system-solar-photovoltaic-sealing-with-extreme-durable-and-augmentation-de-lefficacite\/","og_locale":"fr_FR","og_type":"article","og_title":"Kit complet pour l'\u00e9tanch\u00e9it\u00e9 des installations solaires \/ installations photovolta\u00efques","og_description":"Les modules photovolta\u00efques apportent leur meilleur rendement dans des conditions optimales . Avec notre joint sp\u00e9cial, nous prolongeons le cycle de nettoyage et simplifions consid\u00e9rablement le nettoyage. Cela conduit \u00e0 un retour accru sur votre investissement.","og_url":"https:\/\/www.versiegelung24.com\/fr\/product\/set-complet-premium-system-solar-photovoltaic-sealing-with-extreme-durable-and-augmentation-de-lefficacite\/","og_site_name":"versiegelung24.com","article_modified_time":"2025-01-05T16:33:03+00:00","og_image":[{"width":2560,"height":2560,"url":"https:\/\/www.versiegelung24.com\/wp-content\/uploads\/2020\/06\/produkt-7000-7601-1000-Solarversiegelung-scaled.jpg","type":"image\/jpeg"}],"twitter_card":"summary_large_image","twitter_misc":{"Prix":"199,00&euro;","Disponibilit\u00e9":"En stock"},"schema":{"@context":"https:\/\/schema.org","@graph":[{"@type":"WebPage","@id":"https:\/\/www.versiegelung24.com\/fr\/product\/set-complet-premium-system-solar-photovoltaic-sealing-with-extreme-durable-and-augmentation-de-lefficacite\/","url":"https:\/\/www.versiegelung24.com\/fr\/product\/set-complet-premium-system-solar-photovoltaic-sealing-with-extreme-durable-and-augmentation-de-lefficacite\/","name":"Kit complet pour l'\u00e9tanch\u00e9it\u00e9 des installations solaires \/ installations photovolta\u00efques - versiegelung24.com","isPartOf":{"@id":"https:\/\/www.versiegelung24.com\/fr\/#website"},"primaryImageOfPage":{"@id":"https:\/\/www.versiegelung24.com\/fr\/product\/set-complet-premium-system-solar-photovoltaic-sealing-with-extreme-durable-and-augmentation-de-lefficacite\/#primaryimage"},"image":{"@id":"https:\/\/www.versiegelung24.com\/fr\/product\/set-complet-premium-system-solar-photovoltaic-sealing-with-extreme-durable-and-augmentation-de-lefficacite\/#primaryimage"},"thumbnailUrl":"https:\/\/www.versiegelung24.com\/wp-content\/uploads\/2020\/06\/produkt-7000-7601-1000-Solarversiegelung-scaled.jpg","datePublished":"2022-02-06T22:03:52+00:00","dateModified":"2025-01-05T16:33:03+00:00","breadcrumb":{"@id":"https:\/\/www.versiegelung24.com\/fr\/product\/set-complet-premium-system-solar-photovoltaic-sealing-with-extreme-durable-and-augmentation-de-lefficacite\/#breadcrumb"},"inLanguage":"fr-FR","potentialAction":[{"@type":"ReadAction","target":["https:\/\/www.versiegelung24.com\/fr\/product\/set-complet-premium-system-solar-photovoltaic-sealing-with-extreme-durable-and-augmentation-de-lefficacite\/"]}]},{"@type":"ImageObject","inLanguage":"fr-FR","@id":"https:\/\/www.versiegelung24.com\/fr\/product\/set-complet-premium-system-solar-photovoltaic-sealing-with-extreme-durable-and-augmentation-de-lefficacite\/#primaryimage","url":"https:\/\/www.versiegelung24.com\/wp-content\/uploads\/2020\/06\/produkt-7000-7601-1000-Solarversiegelung-scaled.jpg","contentUrl":"https:\/\/www.versiegelung24.com\/wp-content\/uploads\/2020\/06\/produkt-7000-7601-1000-Solarversiegelung-scaled.jpg","width":2560,"height":2560},{"@type":"BreadcrumbList","@id":"https:\/\/www.versiegelung24.com\/fr\/product\/set-complet-premium-system-solar-photovoltaic-sealing-with-extreme-durable-and-augmentation-de-lefficacite\/#breadcrumb","itemListElement":[{"@type":"ListItem","position":1,"name":"Page d'accueil","item":"https:\/\/www.versiegelung24.com\/fr\/front\/"},{"@type":"ListItem","position":2,"name":"Boutique","item":"https:\/\/www.versiegelung24.com\/fr\/boutique-2\/"},{"@type":"ListItem","position":3,"name":"Kit complet pour l&#8217;\u00e9tanch\u00e9it\u00e9 des installations solaires \/ installations photovolta\u00efques"}]},{"@type":"WebSite","@id":"https:\/\/www.versiegelung24.com\/fr\/#website","url":"https:\/\/www.versiegelung24.com\/fr\/","name":"versiegelung24.com","description":"Fl\u00fcssigglas-Versiegelung - Made in Germany","publisher":{"@id":"https:\/\/www.versiegelung24.com\/fr\/#organization"},"potentialAction":[{"@type":"SearchAction","target":{"@type":"EntryPoint","urlTemplate":"https:\/\/www.versiegelung24.com\/fr\/?s={search_term_string}"},"query-input":{"@type":"PropertyValueSpecification","valueRequired":true,"valueName":"search_term_string"}}],"inLanguage":"fr-FR"},{"@type":"Organization","@id":"https:\/\/www.versiegelung24.com\/fr\/#organization","name":"versiegelung24","url":"https:\/\/www.versiegelung24.com\/fr\/","logo":{"@type":"ImageObject","inLanguage":"fr-FR","@id":"https:\/\/www.versiegelung24.com\/fr\/#\/schema\/logo\/image\/","url":"https:\/\/www.versiegelung24.com\/wp-content\/uploads\/2020\/04\/versiegelung24.png","contentUrl":"https:\/\/www.versiegelung24.com\/wp-content\/uploads\/2020\/04\/versiegelung24.png","width":470,"height":102,"caption":"versiegelung24"},"image":{"@id":"https:\/\/www.versiegelung24.com\/fr\/#\/schema\/logo\/image\/"}}]},"product_price_amount":"199.00","product_price_currency":"EUR","og_availability":"instock","product_availability":"instock","product_retailer_item_id":"7005-5575-komplettset","product_condition":"new"},"_links":{"self":[{"href":"https:\/\/www.versiegelung24.com\/fr\/wp-json\/wp\/v2\/product\/62240","targetHints":{"allow":["GET"]}}],"collection":[{"href":"https:\/\/www.versiegelung24.com\/fr\/wp-json\/wp\/v2\/product"}],"about":[{"href":"https:\/\/www.versiegelung24.com\/fr\/wp-json\/wp\/v2\/types\/product"}],"version-history":[{"count":13,"href":"https:\/\/www.versiegelung24.com\/fr\/wp-json\/wp\/v2\/product\/62240\/revisions"}],"predecessor-version":[{"id":141146,"href":"https:\/\/www.versiegelung24.com\/fr\/wp-json\/wp\/v2\/product\/62240\/revisions\/141146"}],"wp:featuredmedia":[{"embeddable":true,"href":"https:\/\/www.versiegelung24.com\/fr\/wp-json\/wp\/v2\/media\/18503"}],"wp:attachment":[{"href":"https:\/\/www.versiegelung24.com\/fr\/wp-json\/wp\/v2\/media?parent=62240"}],"wp:term":[{"taxonomy":"product_brand","embeddable":true,"href":"https:\/\/www.versiegelung24.com\/fr\/wp-json\/wp\/v2\/product_brand?post=62240"},{"taxonomy":"product_cat","embeddable":true,"href":"https:\/\/www.versiegelung24.com\/fr\/wp-json\/wp\/v2\/product_cat?post=62240"},{"taxonomy":"product_tag","embeddable":true,"href":"https:\/\/www.versiegelung24.com\/fr\/wp-json\/wp\/v2\/product_tag?post=62240"}],"curies":[{"name":"wp","href":"https:\/\/api.w.org\/{rel}","templated":true}]}}