{"id":81781,"date":"2022-02-22T13:40:57","date_gmt":"2022-02-22T12:40:59","guid":{"rendered":"https:\/\/www.versiegelung24.com\/?post_type=product&#038;p=81781"},"modified":"2023-06-19T15:46:33","modified_gmt":"2023-06-19T13:46:33","slug":"colorus-laque-mousse-rouleau-fin-classic-ko15-recto-verso-blanc-11cm-kopie","status":"publish","type":"product","link":"https:\/\/www.versiegelung24.com\/fr\/product\/colorus-laque-mousse-rouleau-fin-classic-ko15-recto-verso-blanc-11cm-kopie\/","title":{"rendered":"Protection auditive SILENCE avec support"},"content":{"rendered":"\n<h4 class=\"wp-block-heading\" id=\"h-beschreibung\">la description<\/h4>\n\n<p>Casque antibruit selon EN 352 adapt\u00e9 \u00e0 toutes les situations sonores. Que ce soit \u00e0 l&#8217;atelier, sur le chantier ou au feu d&#8217;artifice. Gr\u00e2ce au serre-t\u00eate flexible et \u00e0 la fonction de r\u00e9glage, il s&#8217;adapte \u00e0 presque toutes les tailles et formes de t\u00eate.<\/p>\n\n<hr\/>\n<h4 class=\"wp-block-heading\" id=\"properties\">propri\u00e9t\u00e9s du produit<\/h4>\n\n<ul class=\"wp-block-list\"><li>Faible poids et grande stabilit\u00e9<\/li><li>Casque selon EN 352<\/li><li>L\u00e9ger, confortable et pratique<\/li><li>Id\u00e9al pour toutes les situations de bruit sans pics de niveau importants<\/li><li>Mat\u00e9riel: Plastique<\/li><li>Couleur : rouge\/noir<\/li><\/ul>","protected":false},"excerpt":{"rendered":"<p>\u2713 Faible poids et grande stabilit\u00e9<\/p>\n<p>\u2713 Casque selon EN 352<\/p>\n<p>\u2713 L\u00e9ger, confortable et pratique<\/p>\n<p>\u2713 Optimal pour toutes les situations de bruit sans pics de niveau importants<\/p>\n","protected":false},"featured_media":82190,"template":"","meta":{"_acf_changed":false,"neve_meta_sidebar":"","neve_meta_container":"","neve_meta_enable_content_width":"","neve_meta_content_width":0,"neve_meta_title_alignment":"","neve_meta_author_avatar":"","neve_post_elements_order":"","neve_meta_disable_header":"","neve_meta_disable_footer":"","neve_meta_disable_title":"","neve_meta_reading_time":"","_surfaces":[],"_ver_product_tabs":[],"footnotes":""},"product_brand":[],"product_cat":[3073],"product_tag":[],"class_list":{"0":"post-81781","1":"product","2":"type-product","3":"status-publish","4":"has-post-thumbnail","6":"product_cat-equipement","8":"first","9":"instock","10":"taxable","11":"shipping-taxable","12":"purchasable","13":"product-type-simple"},"acf":[],"yoast_head":"<!-- This site is optimized with the Yoast SEO Premium plugin v22.8 (Yoast SEO v27.4) - https:\/\/yoast.com\/product\/yoast-seo-premium-wordpress\/ -->\n<title>Protection auditive SILENCE avec support - versiegelung24.com<\/title>\n<meta name=\"robots\" content=\"index, follow, max-snippet:-1, max-image-preview:large, max-video-preview:-1\" \/>\n<link rel=\"canonical\" href=\"https:\/\/www.versiegelung24.com\/fr\/product\/colorus-laque-mousse-rouleau-fin-classic-ko15-recto-verso-blanc-11cm-kopie\/\" \/>\n<meta property=\"og:locale\" content=\"fr_FR\" \/>\n<meta property=\"og:type\" content=\"article\" \/>\n<meta property=\"og:title\" content=\"Protection auditive SILENCE avec support\" \/>\n<meta property=\"og:description\" content=\"\u2713 Faible poids et grande stabilit\u00e9 \u2713 Casque selon EN 352 \u2713 L\u00e9ger, confortable et pratique \u2713 Optimal pour toutes les situations de bruit sans pics de niveau importants\" \/>\n<meta property=\"og:url\" content=\"https:\/\/www.versiegelung24.com\/fr\/product\/colorus-laque-mousse-rouleau-fin-classic-ko15-recto-verso-blanc-11cm-kopie\/\" \/>\n<meta property=\"og:site_name\" content=\"versiegelung24.com\" \/>\n<meta property=\"article:modified_time\" content=\"2023-06-19T13:46:33+00:00\" \/>\n<meta property=\"og:image\" content=\"https:\/\/www.versiegelung24.com\/wp-content\/uploads\/2022\/02\/produkt-v24-gs1-gehoerschutz-1.jpg\" \/>\n\t<meta property=\"og:image:width\" content=\"2000\" \/>\n\t<meta property=\"og:image:height\" content=\"2000\" \/>\n\t<meta property=\"og:image:type\" content=\"image\/jpeg\" \/>\n<meta name=\"twitter:card\" content=\"summary_large_image\" \/>\n<meta name=\"twitter:label1\" content=\"Prix\" \/>\n\t<meta name=\"twitter:data1\" content=\"4,49&euro;\" \/>\n\t<meta name=\"twitter:label2\" content=\"Disponibilit\u00e9\" \/>\n\t<meta name=\"twitter:data2\" content=\"En stock\" \/>\n<script type=\"application\/ld+json\" class=\"yoast-schema-graph\">{\"@context\":\"https:\\\/\\\/schema.org\",\"@graph\":[{\"@type\":\"WebPage\",\"@id\":\"https:\\\/\\\/www.versiegelung24.com\\\/fr\\\/product\\\/colorus-laque-mousse-rouleau-fin-classic-ko15-recto-verso-blanc-11cm-kopie\\\/\",\"url\":\"https:\\\/\\\/www.versiegelung24.com\\\/fr\\\/product\\\/colorus-laque-mousse-rouleau-fin-classic-ko15-recto-verso-blanc-11cm-kopie\\\/\",\"name\":\"Protection auditive SILENCE avec support - versiegelung24.com\",\"isPartOf\":{\"@id\":\"https:\\\/\\\/www.versiegelung24.com\\\/fr\\\/#website\"},\"primaryImageOfPage\":{\"@id\":\"https:\\\/\\\/www.versiegelung24.com\\\/fr\\\/product\\\/colorus-laque-mousse-rouleau-fin-classic-ko15-recto-verso-blanc-11cm-kopie\\\/#primaryimage\"},\"image\":{\"@id\":\"https:\\\/\\\/www.versiegelung24.com\\\/fr\\\/product\\\/colorus-laque-mousse-rouleau-fin-classic-ko15-recto-verso-blanc-11cm-kopie\\\/#primaryimage\"},\"thumbnailUrl\":\"https:\\\/\\\/www.versiegelung24.com\\\/wp-content\\\/uploads\\\/2022\\\/02\\\/produkt-v24-gs1-gehoerschutz-1.jpg\",\"datePublished\":\"2022-02-22T12:40:59+00:00\",\"dateModified\":\"2023-06-19T13:46:33+00:00\",\"breadcrumb\":{\"@id\":\"https:\\\/\\\/www.versiegelung24.com\\\/fr\\\/product\\\/colorus-laque-mousse-rouleau-fin-classic-ko15-recto-verso-blanc-11cm-kopie\\\/#breadcrumb\"},\"inLanguage\":\"fr-FR\",\"potentialAction\":[{\"@type\":\"ReadAction\",\"target\":[\"https:\\\/\\\/www.versiegelung24.com\\\/fr\\\/product\\\/colorus-laque-mousse-rouleau-fin-classic-ko15-recto-verso-blanc-11cm-kopie\\\/\"]}]},{\"@type\":\"ImageObject\",\"inLanguage\":\"fr-FR\",\"@id\":\"https:\\\/\\\/www.versiegelung24.com\\\/fr\\\/product\\\/colorus-laque-mousse-rouleau-fin-classic-ko15-recto-verso-blanc-11cm-kopie\\\/#primaryimage\",\"url\":\"https:\\\/\\\/www.versiegelung24.com\\\/wp-content\\\/uploads\\\/2022\\\/02\\\/produkt-v24-gs1-gehoerschutz-1.jpg\",\"contentUrl\":\"https:\\\/\\\/www.versiegelung24.com\\\/wp-content\\\/uploads\\\/2022\\\/02\\\/produkt-v24-gs1-gehoerschutz-1.jpg\",\"width\":2000,\"height\":2000},{\"@type\":\"BreadcrumbList\",\"@id\":\"https:\\\/\\\/www.versiegelung24.com\\\/fr\\\/product\\\/colorus-laque-mousse-rouleau-fin-classic-ko15-recto-verso-blanc-11cm-kopie\\\/#breadcrumb\",\"itemListElement\":[{\"@type\":\"ListItem\",\"position\":1,\"name\":\"Page d'accueil\",\"item\":\"https:\\\/\\\/www.versiegelung24.com\\\/fr\\\/front\\\/\"},{\"@type\":\"ListItem\",\"position\":2,\"name\":\"Boutique\",\"item\":\"https:\\\/\\\/www.versiegelung24.com\\\/fr\\\/boutique-2\\\/\"},{\"@type\":\"ListItem\",\"position\":3,\"name\":\"Protection auditive SILENCE avec support\"}]},{\"@type\":\"WebSite\",\"@id\":\"https:\\\/\\\/www.versiegelung24.com\\\/fr\\\/#website\",\"url\":\"https:\\\/\\\/www.versiegelung24.com\\\/fr\\\/\",\"name\":\"versiegelung24.com\",\"description\":\"Fl\u00fcssigglas-Versiegelung - Made in Germany\",\"publisher\":{\"@id\":\"https:\\\/\\\/www.versiegelung24.com\\\/fr\\\/#organization\"},\"potentialAction\":[{\"@type\":\"SearchAction\",\"target\":{\"@type\":\"EntryPoint\",\"urlTemplate\":\"https:\\\/\\\/www.versiegelung24.com\\\/fr\\\/?s={search_term_string}\"},\"query-input\":{\"@type\":\"PropertyValueSpecification\",\"valueRequired\":true,\"valueName\":\"search_term_string\"}}],\"inLanguage\":\"fr-FR\"},{\"@type\":\"Organization\",\"@id\":\"https:\\\/\\\/www.versiegelung24.com\\\/fr\\\/#organization\",\"name\":\"versiegelung24\",\"url\":\"https:\\\/\\\/www.versiegelung24.com\\\/fr\\\/\",\"logo\":{\"@type\":\"ImageObject\",\"inLanguage\":\"fr-FR\",\"@id\":\"https:\\\/\\\/www.versiegelung24.com\\\/fr\\\/#\\\/schema\\\/logo\\\/image\\\/\",\"url\":\"https:\\\/\\\/www.versiegelung24.com\\\/wp-content\\\/uploads\\\/2020\\\/04\\\/versiegelung24.png\",\"contentUrl\":\"https:\\\/\\\/www.versiegelung24.com\\\/wp-content\\\/uploads\\\/2020\\\/04\\\/versiegelung24.png\",\"width\":470,\"height\":102,\"caption\":\"versiegelung24\"},\"image\":{\"@id\":\"https:\\\/\\\/www.versiegelung24.com\\\/fr\\\/#\\\/schema\\\/logo\\\/image\\\/\"}}]}<\/script>\n<meta property=\"product:price:amount\" content=\"4.49\" \/>\n<meta property=\"product:price:currency\" content=\"EUR\" \/>\n<meta property=\"og:availability\" content=\"instock\" \/>\n<meta property=\"product:availability\" content=\"instock\" \/>\n<meta property=\"product:retailer_item_id\" content=\"V24-GS1\" \/>\n<meta property=\"product:condition\" content=\"new\" \/>\n<!-- \/ Yoast SEO Premium plugin. -->","yoast_head_json":{"title":"Protection auditive SILENCE avec support - versiegelung24.com","robots":{"index":"index","follow":"follow","max-snippet":"max-snippet:-1","max-image-preview":"max-image-preview:large","max-video-preview":"max-video-preview:-1"},"canonical":"https:\/\/www.versiegelung24.com\/fr\/product\/colorus-laque-mousse-rouleau-fin-classic-ko15-recto-verso-blanc-11cm-kopie\/","og_locale":"fr_FR","og_type":"article","og_title":"Protection auditive SILENCE avec support","og_description":"\u2713 Faible poids et grande stabilit\u00e9 \u2713 Casque selon EN 352 \u2713 L\u00e9ger, confortable et pratique \u2713 Optimal pour toutes les situations de bruit sans pics de niveau importants","og_url":"https:\/\/www.versiegelung24.com\/fr\/product\/colorus-laque-mousse-rouleau-fin-classic-ko15-recto-verso-blanc-11cm-kopie\/","og_site_name":"versiegelung24.com","article_modified_time":"2023-06-19T13:46:33+00:00","og_image":[{"width":2000,"height":2000,"url":"https:\/\/www.versiegelung24.com\/wp-content\/uploads\/2022\/02\/produkt-v24-gs1-gehoerschutz-1.jpg","type":"image\/jpeg"}],"twitter_card":"summary_large_image","twitter_misc":{"Prix":"4,49&euro;","Disponibilit\u00e9":"En stock"},"schema":{"@context":"https:\/\/schema.org","@graph":[{"@type":"WebPage","@id":"https:\/\/www.versiegelung24.com\/fr\/product\/colorus-laque-mousse-rouleau-fin-classic-ko15-recto-verso-blanc-11cm-kopie\/","url":"https:\/\/www.versiegelung24.com\/fr\/product\/colorus-laque-mousse-rouleau-fin-classic-ko15-recto-verso-blanc-11cm-kopie\/","name":"Protection auditive SILENCE avec support - versiegelung24.com","isPartOf":{"@id":"https:\/\/www.versiegelung24.com\/fr\/#website"},"primaryImageOfPage":{"@id":"https:\/\/www.versiegelung24.com\/fr\/product\/colorus-laque-mousse-rouleau-fin-classic-ko15-recto-verso-blanc-11cm-kopie\/#primaryimage"},"image":{"@id":"https:\/\/www.versiegelung24.com\/fr\/product\/colorus-laque-mousse-rouleau-fin-classic-ko15-recto-verso-blanc-11cm-kopie\/#primaryimage"},"thumbnailUrl":"https:\/\/www.versiegelung24.com\/wp-content\/uploads\/2022\/02\/produkt-v24-gs1-gehoerschutz-1.jpg","datePublished":"2022-02-22T12:40:59+00:00","dateModified":"2023-06-19T13:46:33+00:00","breadcrumb":{"@id":"https:\/\/www.versiegelung24.com\/fr\/product\/colorus-laque-mousse-rouleau-fin-classic-ko15-recto-verso-blanc-11cm-kopie\/#breadcrumb"},"inLanguage":"fr-FR","potentialAction":[{"@type":"ReadAction","target":["https:\/\/www.versiegelung24.com\/fr\/product\/colorus-laque-mousse-rouleau-fin-classic-ko15-recto-verso-blanc-11cm-kopie\/"]}]},{"@type":"ImageObject","inLanguage":"fr-FR","@id":"https:\/\/www.versiegelung24.com\/fr\/product\/colorus-laque-mousse-rouleau-fin-classic-ko15-recto-verso-blanc-11cm-kopie\/#primaryimage","url":"https:\/\/www.versiegelung24.com\/wp-content\/uploads\/2022\/02\/produkt-v24-gs1-gehoerschutz-1.jpg","contentUrl":"https:\/\/www.versiegelung24.com\/wp-content\/uploads\/2022\/02\/produkt-v24-gs1-gehoerschutz-1.jpg","width":2000,"height":2000},{"@type":"BreadcrumbList","@id":"https:\/\/www.versiegelung24.com\/fr\/product\/colorus-laque-mousse-rouleau-fin-classic-ko15-recto-verso-blanc-11cm-kopie\/#breadcrumb","itemListElement":[{"@type":"ListItem","position":1,"name":"Page d'accueil","item":"https:\/\/www.versiegelung24.com\/fr\/front\/"},{"@type":"ListItem","position":2,"name":"Boutique","item":"https:\/\/www.versiegelung24.com\/fr\/boutique-2\/"},{"@type":"ListItem","position":3,"name":"Protection auditive SILENCE avec support"}]},{"@type":"WebSite","@id":"https:\/\/www.versiegelung24.com\/fr\/#website","url":"https:\/\/www.versiegelung24.com\/fr\/","name":"versiegelung24.com","description":"Fl\u00fcssigglas-Versiegelung - Made in Germany","publisher":{"@id":"https:\/\/www.versiegelung24.com\/fr\/#organization"},"potentialAction":[{"@type":"SearchAction","target":{"@type":"EntryPoint","urlTemplate":"https:\/\/www.versiegelung24.com\/fr\/?s={search_term_string}"},"query-input":{"@type":"PropertyValueSpecification","valueRequired":true,"valueName":"search_term_string"}}],"inLanguage":"fr-FR"},{"@type":"Organization","@id":"https:\/\/www.versiegelung24.com\/fr\/#organization","name":"versiegelung24","url":"https:\/\/www.versiegelung24.com\/fr\/","logo":{"@type":"ImageObject","inLanguage":"fr-FR","@id":"https:\/\/www.versiegelung24.com\/fr\/#\/schema\/logo\/image\/","url":"https:\/\/www.versiegelung24.com\/wp-content\/uploads\/2020\/04\/versiegelung24.png","contentUrl":"https:\/\/www.versiegelung24.com\/wp-content\/uploads\/2020\/04\/versiegelung24.png","width":470,"height":102,"caption":"versiegelung24"},"image":{"@id":"https:\/\/www.versiegelung24.com\/fr\/#\/schema\/logo\/image\/"}}]},"product_price_amount":"4.49","product_price_currency":"EUR","og_availability":"instock","product_availability":"instock","product_retailer_item_id":"V24-GS1","product_condition":"new"},"_links":{"self":[{"href":"https:\/\/www.versiegelung24.com\/fr\/wp-json\/wp\/v2\/product\/81781","targetHints":{"allow":["GET"]}}],"collection":[{"href":"https:\/\/www.versiegelung24.com\/fr\/wp-json\/wp\/v2\/product"}],"about":[{"href":"https:\/\/www.versiegelung24.com\/fr\/wp-json\/wp\/v2\/types\/product"}],"version-history":[{"count":5,"href":"https:\/\/www.versiegelung24.com\/fr\/wp-json\/wp\/v2\/product\/81781\/revisions"}],"predecessor-version":[{"id":111618,"href":"https:\/\/www.versiegelung24.com\/fr\/wp-json\/wp\/v2\/product\/81781\/revisions\/111618"}],"wp:featuredmedia":[{"embeddable":true,"href":"https:\/\/www.versiegelung24.com\/fr\/wp-json\/wp\/v2\/media\/82190"}],"wp:attachment":[{"href":"https:\/\/www.versiegelung24.com\/fr\/wp-json\/wp\/v2\/media?parent=81781"}],"wp:term":[{"taxonomy":"product_brand","embeddable":true,"href":"https:\/\/www.versiegelung24.com\/fr\/wp-json\/wp\/v2\/product_brand?post=81781"},{"taxonomy":"product_cat","embeddable":true,"href":"https:\/\/www.versiegelung24.com\/fr\/wp-json\/wp\/v2\/product_cat?post=81781"},{"taxonomy":"product_tag","embeddable":true,"href":"https:\/\/www.versiegelung24.com\/fr\/wp-json\/wp\/v2\/product_tag?post=81781"}],"curies":[{"name":"wp","href":"https:\/\/api.w.org\/{rel}","templated":true}]}}