{"id":82462,"date":"2022-02-23T13:57:07","date_gmt":"2022-02-23T12:57:09","guid":{"rendered":"https:\/\/www.versiegelung24.com\/?post_type=product&#038;p=82462"},"modified":"2025-01-13T17:10:18","modified_gmt":"2025-01-13T16:10:18","slug":"lunettes-de-securite-avec-ecrans-lateraux-integres-et-monture-reglable","status":"publish","type":"product","link":"https:\/\/www.versiegelung24.com\/fr\/lunettes-de-securite-avec-ecrans-lateraux-integres-et-monture-reglable.html","title":{"rendered":"Lunettes de protection avec protection lat\u00e9rale int\u00e9gr\u00e9e et branches ajustables"},"content":{"rendered":"\n<h4 class=\"wp-block-heading\" id=\"h-beschreibung\">Description<\/h4>\n\n<p>Verres souples \u00e0 deux composants avec branches r\u00e9glables en longueur, universellement applicables. Les verres r\u00e9pondent aux exigences de la norme EN166. La fixation des sangles est possible gr\u00e2ce \u00e0 la perforation fournie.<\/p>\n\n<p>Il prot\u00e8ge vos yeux des petits \u00e9clats avec une \u00e9nergie d&#8217;impact allant jusqu&#8217;\u00e0 45 m\/s (F) et dispose d&#8217;une protection frontale et lat\u00e9rale optimale.<\/p>\n\n<hr \/>\n\n<h4 class=\"wp-block-heading\" id=\"properties\">Caract\u00e9ristiques du produit<\/h4>\n\n<div class=\"wp-block-columns is-layout-flex wp-container-core-columns-is-layout-9d6595d7 wp-block-columns-is-layout-flex\">\n<div class=\"wp-block-column is-layout-flow wp-block-column-is-layout-flow\">\n<p>\u2713 Protection optimale contre les chocs et les \u00e9clats<\/p>\n\n\n\n<p>\u2713 Tailles de sangle r\u00e9glables<\/p>\n\n\n\n<p>\u2713 Protection frontale et lat\u00e9rale<\/p>\n\n\n\n<p>\u2713 Emplacement pour lunettes avec verres optiques<\/p>\n\n\n\n<p>\u2713 Norme : EN166<\/p>\n\n\n\n<p>\u2713 Couleur : Noir<\/p>\n<\/div>\n<\/div>\n","protected":false},"excerpt":{"rendered":"<p>\u2713 Protection optimale contre les chocs et les \u00e9clats<\/p>\n<p>\u2713 Tailles de sangle r\u00e9glables<\/p>\n<p>\u2713 Protection frontale et lat\u00e9rale<\/p>\n<p>\u2713 Norme : EN166<\/p>\n","protected":false},"featured_media":82526,"template":"","meta":{"_acf_changed":false,"neve_meta_sidebar":"","neve_meta_container":"","neve_meta_enable_content_width":"","neve_meta_content_width":0,"neve_meta_title_alignment":"","neve_meta_author_avatar":"","neve_post_elements_order":"","neve_meta_disable_header":"","neve_meta_disable_footer":"","neve_meta_disable_title":"","neve_meta_reading_time":"","_surfaces":[],"_ver_product_tabs":[],"footnotes":""},"product_brand":[],"product_cat":[3073],"product_tag":[],"class_list":{"0":"post-82462","1":"product","2":"type-product","3":"status-publish","4":"has-post-thumbnail","6":"product_cat-equipement","8":"first","9":"instock","10":"taxable","11":"shipping-taxable","12":"purchasable","13":"product-type-simple"},"acf":[],"yoast_head":"<!-- This site is optimized with the Yoast SEO Premium plugin v22.8 (Yoast SEO v27.6) - https:\/\/yoast.com\/product\/yoast-seo-premium-wordpress\/ -->\n<title>Lunettes de protection avec protection lat\u00e9rale int\u00e9gr\u00e9e et branches ajustables - versiegelung24.com<\/title>\n<meta name=\"robots\" content=\"index, follow, max-snippet:-1, max-image-preview:large, max-video-preview:-1\" \/>\n<link rel=\"canonical\" href=\"https:\/\/www.versiegelung24.com\/fr\/lunettes-de-securite-avec-ecrans-lateraux-integres-et-monture-reglable.html\" \/>\n<meta property=\"og:locale\" content=\"fr_FR\" \/>\n<meta property=\"og:type\" content=\"article\" \/>\n<meta property=\"og:title\" content=\"Lunettes de protection avec protection lat\u00e9rale int\u00e9gr\u00e9e et branches ajustables\" \/>\n<meta property=\"og:description\" content=\"\u2713 Protection optimale contre les chocs et les \u00e9clats \u2713 Tailles de sangle r\u00e9glables \u2713 Protection frontale et lat\u00e9rale \u2713 Norme : EN166\" \/>\n<meta property=\"og:url\" content=\"https:\/\/www.versiegelung24.com\/fr\/lunettes-de-securite-avec-ecrans-lateraux-integres-et-monture-reglable.html\" \/>\n<meta property=\"og:site_name\" content=\"versiegelung24.com\" \/>\n<meta property=\"article:modified_time\" content=\"2025-01-13T16:10:18+00:00\" \/>\n<meta name=\"twitter:card\" content=\"summary_large_image\" \/>\n<meta name=\"twitter:label1\" content=\"Prix\" \/>\n\t<meta name=\"twitter:data1\" content=\"4,99&euro;\" \/>\n\t<meta name=\"twitter:label2\" content=\"Disponibilit\u00e9\" \/>\n\t<meta name=\"twitter:data2\" content=\"En stock\" \/>\n<script type=\"application\/ld+json\" class=\"yoast-schema-graph\">{\"@context\":\"https:\\\/\\\/schema.org\",\"@graph\":[{\"@type\":\"WebPage\",\"@id\":\"https:\\\/\\\/www.versiegelung24.com\\\/fr\\\/lunettes-de-securite-avec-ecrans-lateraux-integres-et-monture-reglable.html\",\"url\":\"https:\\\/\\\/www.versiegelung24.com\\\/fr\\\/lunettes-de-securite-avec-ecrans-lateraux-integres-et-monture-reglable.html\",\"name\":\"Lunettes de protection avec protection lat\u00e9rale int\u00e9gr\u00e9e et branches ajustables - versiegelung24.com\",\"isPartOf\":{\"@id\":\"https:\\\/\\\/www.versiegelung24.com\\\/fr\\\/#website\"},\"primaryImageOfPage\":{\"@id\":\"https:\\\/\\\/www.versiegelung24.com\\\/fr\\\/lunettes-de-securite-avec-ecrans-lateraux-integres-et-monture-reglable.html#primaryimage\"},\"image\":{\"@id\":\"https:\\\/\\\/www.versiegelung24.com\\\/fr\\\/lunettes-de-securite-avec-ecrans-lateraux-integres-et-monture-reglable.html#primaryimage\"},\"thumbnailUrl\":\"https:\\\/\\\/www.versiegelung24.com\\\/wp-content\\\/uploads\\\/2022\\\/02\\\/produkt-v24-sbvari1-schutzbrille.jpg\",\"datePublished\":\"2022-02-23T12:57:09+00:00\",\"dateModified\":\"2025-01-13T16:10:18+00:00\",\"breadcrumb\":{\"@id\":\"https:\\\/\\\/www.versiegelung24.com\\\/fr\\\/lunettes-de-securite-avec-ecrans-lateraux-integres-et-monture-reglable.html#breadcrumb\"},\"inLanguage\":\"fr-FR\",\"potentialAction\":[{\"@type\":\"ReadAction\",\"target\":[\"https:\\\/\\\/www.versiegelung24.com\\\/fr\\\/lunettes-de-securite-avec-ecrans-lateraux-integres-et-monture-reglable.html\"]}]},{\"@type\":\"ImageObject\",\"inLanguage\":\"fr-FR\",\"@id\":\"https:\\\/\\\/www.versiegelung24.com\\\/fr\\\/lunettes-de-securite-avec-ecrans-lateraux-integres-et-monture-reglable.html#primaryimage\",\"url\":\"https:\\\/\\\/www.versiegelung24.com\\\/wp-content\\\/uploads\\\/2022\\\/02\\\/produkt-v24-sbvari1-schutzbrille.jpg\",\"contentUrl\":\"https:\\\/\\\/www.versiegelung24.com\\\/wp-content\\\/uploads\\\/2022\\\/02\\\/produkt-v24-sbvari1-schutzbrille.jpg\",\"width\":2000,\"height\":2000},{\"@type\":\"BreadcrumbList\",\"@id\":\"https:\\\/\\\/www.versiegelung24.com\\\/fr\\\/lunettes-de-securite-avec-ecrans-lateraux-integres-et-monture-reglable.html#breadcrumb\",\"itemListElement\":[{\"@type\":\"ListItem\",\"position\":1,\"name\":\"Page d'accueil\",\"item\":\"https:\\\/\\\/www.versiegelung24.com\\\/fr\\\/front\\\/\"},{\"@type\":\"ListItem\",\"position\":2,\"name\":\"Boutique\",\"item\":\"https:\\\/\\\/www.versiegelung24.com\\\/fr\\\/boutique-2\\\/\"},{\"@type\":\"ListItem\",\"position\":3,\"name\":\"Lunettes de protection avec protection lat\u00e9rale int\u00e9gr\u00e9e et branches ajustables\"}]},{\"@type\":\"WebSite\",\"@id\":\"https:\\\/\\\/www.versiegelung24.com\\\/fr\\\/#website\",\"url\":\"https:\\\/\\\/www.versiegelung24.com\\\/fr\\\/\",\"name\":\"versiegelung24.com\",\"description\":\"Fl\u00fcssigglas-Versiegelung - Made in Germany\",\"publisher\":{\"@id\":\"https:\\\/\\\/www.versiegelung24.com\\\/fr\\\/#organization\"},\"potentialAction\":[{\"@type\":\"SearchAction\",\"target\":{\"@type\":\"EntryPoint\",\"urlTemplate\":\"https:\\\/\\\/www.versiegelung24.com\\\/fr\\\/?s={search_term_string}\"},\"query-input\":{\"@type\":\"PropertyValueSpecification\",\"valueRequired\":true,\"valueName\":\"search_term_string\"}}],\"inLanguage\":\"fr-FR\"},{\"@type\":\"Organization\",\"@id\":\"https:\\\/\\\/www.versiegelung24.com\\\/fr\\\/#organization\",\"name\":\"versiegelung24\",\"url\":\"https:\\\/\\\/www.versiegelung24.com\\\/fr\\\/\",\"logo\":{\"@type\":\"ImageObject\",\"inLanguage\":\"fr-FR\",\"@id\":\"https:\\\/\\\/www.versiegelung24.com\\\/fr\\\/#\\\/schema\\\/logo\\\/image\\\/\",\"url\":\"https:\\\/\\\/www.versiegelung24.com\\\/wp-content\\\/uploads\\\/2020\\\/04\\\/versiegelung24.png\",\"contentUrl\":\"https:\\\/\\\/www.versiegelung24.com\\\/wp-content\\\/uploads\\\/2020\\\/04\\\/versiegelung24.png\",\"width\":470,\"height\":102,\"caption\":\"versiegelung24\"},\"image\":{\"@id\":\"https:\\\/\\\/www.versiegelung24.com\\\/fr\\\/#\\\/schema\\\/logo\\\/image\\\/\"}}]}<\/script>\n<meta property=\"product:price:amount\" content=\"4.99\" \/>\n<meta property=\"product:price:currency\" content=\"EUR\" \/>\n<meta property=\"og:availability\" content=\"instock\" \/>\n<meta property=\"product:availability\" content=\"instock\" \/>\n<meta property=\"product:retailer_item_id\" content=\"V24-SBVARI1\" \/>\n<meta property=\"product:condition\" content=\"new\" \/>\n<!-- \/ Yoast SEO Premium plugin. -->","yoast_head_json":{"title":"Lunettes de protection avec protection lat\u00e9rale int\u00e9gr\u00e9e et branches ajustables - versiegelung24.com","robots":{"index":"index","follow":"follow","max-snippet":"max-snippet:-1","max-image-preview":"max-image-preview:large","max-video-preview":"max-video-preview:-1"},"canonical":"https:\/\/www.versiegelung24.com\/fr\/lunettes-de-securite-avec-ecrans-lateraux-integres-et-monture-reglable.html","og_locale":"fr_FR","og_type":"article","og_title":"Lunettes de protection avec protection lat\u00e9rale int\u00e9gr\u00e9e et branches ajustables","og_description":"\u2713 Protection optimale contre les chocs et les \u00e9clats \u2713 Tailles de sangle r\u00e9glables \u2713 Protection frontale et lat\u00e9rale \u2713 Norme : EN166","og_url":"https:\/\/www.versiegelung24.com\/fr\/lunettes-de-securite-avec-ecrans-lateraux-integres-et-monture-reglable.html","og_site_name":"versiegelung24.com","article_modified_time":"2025-01-13T16:10:18+00:00","twitter_card":"summary_large_image","twitter_misc":{"Prix":"4,99&euro;","Disponibilit\u00e9":"En stock"},"schema":{"@context":"https:\/\/schema.org","@graph":[{"@type":"WebPage","@id":"https:\/\/www.versiegelung24.com\/fr\/lunettes-de-securite-avec-ecrans-lateraux-integres-et-monture-reglable.html","url":"https:\/\/www.versiegelung24.com\/fr\/lunettes-de-securite-avec-ecrans-lateraux-integres-et-monture-reglable.html","name":"Lunettes de protection avec protection lat\u00e9rale int\u00e9gr\u00e9e et branches ajustables - versiegelung24.com","isPartOf":{"@id":"https:\/\/www.versiegelung24.com\/fr\/#website"},"primaryImageOfPage":{"@id":"https:\/\/www.versiegelung24.com\/fr\/lunettes-de-securite-avec-ecrans-lateraux-integres-et-monture-reglable.html#primaryimage"},"image":{"@id":"https:\/\/www.versiegelung24.com\/fr\/lunettes-de-securite-avec-ecrans-lateraux-integres-et-monture-reglable.html#primaryimage"},"thumbnailUrl":"https:\/\/www.versiegelung24.com\/wp-content\/uploads\/2022\/02\/produkt-v24-sbvari1-schutzbrille.jpg","datePublished":"2022-02-23T12:57:09+00:00","dateModified":"2025-01-13T16:10:18+00:00","breadcrumb":{"@id":"https:\/\/www.versiegelung24.com\/fr\/lunettes-de-securite-avec-ecrans-lateraux-integres-et-monture-reglable.html#breadcrumb"},"inLanguage":"fr-FR","potentialAction":[{"@type":"ReadAction","target":["https:\/\/www.versiegelung24.com\/fr\/lunettes-de-securite-avec-ecrans-lateraux-integres-et-monture-reglable.html"]}]},{"@type":"ImageObject","inLanguage":"fr-FR","@id":"https:\/\/www.versiegelung24.com\/fr\/lunettes-de-securite-avec-ecrans-lateraux-integres-et-monture-reglable.html#primaryimage","url":"https:\/\/www.versiegelung24.com\/wp-content\/uploads\/2022\/02\/produkt-v24-sbvari1-schutzbrille.jpg","contentUrl":"https:\/\/www.versiegelung24.com\/wp-content\/uploads\/2022\/02\/produkt-v24-sbvari1-schutzbrille.jpg","width":2000,"height":2000},{"@type":"BreadcrumbList","@id":"https:\/\/www.versiegelung24.com\/fr\/lunettes-de-securite-avec-ecrans-lateraux-integres-et-monture-reglable.html#breadcrumb","itemListElement":[{"@type":"ListItem","position":1,"name":"Page d'accueil","item":"https:\/\/www.versiegelung24.com\/fr\/front\/"},{"@type":"ListItem","position":2,"name":"Boutique","item":"https:\/\/www.versiegelung24.com\/fr\/boutique-2\/"},{"@type":"ListItem","position":3,"name":"Lunettes de protection avec protection lat\u00e9rale int\u00e9gr\u00e9e et branches ajustables"}]},{"@type":"WebSite","@id":"https:\/\/www.versiegelung24.com\/fr\/#website","url":"https:\/\/www.versiegelung24.com\/fr\/","name":"versiegelung24.com","description":"Fl\u00fcssigglas-Versiegelung - Made in Germany","publisher":{"@id":"https:\/\/www.versiegelung24.com\/fr\/#organization"},"potentialAction":[{"@type":"SearchAction","target":{"@type":"EntryPoint","urlTemplate":"https:\/\/www.versiegelung24.com\/fr\/?s={search_term_string}"},"query-input":{"@type":"PropertyValueSpecification","valueRequired":true,"valueName":"search_term_string"}}],"inLanguage":"fr-FR"},{"@type":"Organization","@id":"https:\/\/www.versiegelung24.com\/fr\/#organization","name":"versiegelung24","url":"https:\/\/www.versiegelung24.com\/fr\/","logo":{"@type":"ImageObject","inLanguage":"fr-FR","@id":"https:\/\/www.versiegelung24.com\/fr\/#\/schema\/logo\/image\/","url":"https:\/\/www.versiegelung24.com\/wp-content\/uploads\/2020\/04\/versiegelung24.png","contentUrl":"https:\/\/www.versiegelung24.com\/wp-content\/uploads\/2020\/04\/versiegelung24.png","width":470,"height":102,"caption":"versiegelung24"},"image":{"@id":"https:\/\/www.versiegelung24.com\/fr\/#\/schema\/logo\/image\/"}}]},"product_price_amount":"4.99","product_price_currency":"EUR","og_availability":"instock","product_availability":"instock","product_retailer_item_id":"V24-SBVARI1","product_condition":"new"},"_links":{"self":[{"href":"https:\/\/www.versiegelung24.com\/fr\/wp-json\/wp\/v2\/product\/82462","targetHints":{"allow":["GET"]}}],"collection":[{"href":"https:\/\/www.versiegelung24.com\/fr\/wp-json\/wp\/v2\/product"}],"about":[{"href":"https:\/\/www.versiegelung24.com\/fr\/wp-json\/wp\/v2\/types\/product"}],"version-history":[{"count":7,"href":"https:\/\/www.versiegelung24.com\/fr\/wp-json\/wp\/v2\/product\/82462\/revisions"}],"predecessor-version":[{"id":180777,"href":"https:\/\/www.versiegelung24.com\/fr\/wp-json\/wp\/v2\/product\/82462\/revisions\/180777"}],"wp:featuredmedia":[{"embeddable":true,"href":"https:\/\/www.versiegelung24.com\/fr\/wp-json\/wp\/v2\/media\/82526"}],"wp:attachment":[{"href":"https:\/\/www.versiegelung24.com\/fr\/wp-json\/wp\/v2\/media?parent=82462"}],"wp:term":[{"taxonomy":"product_brand","embeddable":true,"href":"https:\/\/www.versiegelung24.com\/fr\/wp-json\/wp\/v2\/product_brand?post=82462"},{"taxonomy":"product_cat","embeddable":true,"href":"https:\/\/www.versiegelung24.com\/fr\/wp-json\/wp\/v2\/product_cat?post=82462"},{"taxonomy":"product_tag","embeddable":true,"href":"https:\/\/www.versiegelung24.com\/fr\/wp-json\/wp\/v2\/product_tag?post=82462"}],"curies":[{"name":"wp","href":"https:\/\/api.w.org\/{rel}","templated":true}]}}