{"id":82630,"date":"2022-02-23T14:33:04","date_gmt":"2022-02-23T13:33:06","guid":{"rendered":"https:\/\/www.versiegelung24.com\/?post_type=product&#038;p=82630"},"modified":"2023-06-19T15:40:52","modified_gmt":"2023-06-19T13:40:52","slug":"lunettes-de-protection-avec-protection-laterale-integree-et-branches-ajustables-kopie","status":"publish","type":"product","link":"https:\/\/www.versiegelung24.com\/fr\/product\/lunettes-de-protection-avec-protection-laterale-integree-et-branches-ajustables-kopie\/","title":{"rendered":"Rouleau mousse laque tr\u00e8s fin recto verso blanc 11cm"},"content":{"rendered":"\n<h4 class=\"wp-block-heading\" id=\"h-beschreibung\">la description<\/h4>\n\n<p>Rouleau en mousse des deux c\u00f4t\u00e9s DROIT pour des travaux de peinture simples avec des peintures \u00e0 base d&#8217;eau et l\u00e9g\u00e8rement solvant\u00e9es.<\/p>\n\n<hr\/>\n<h4 class=\"wp-block-heading\" id=\"properties\">propri\u00e9t\u00e9s du produit<\/h4>\n\n<div class=\"wp-block-columns is-layout-flex wp-container-core-columns-is-layout-9d6595d7 wp-block-columns-is-layout-flex\">\n<div class=\"wp-block-column is-layout-flow wp-block-column-is-layout-flow\">\n<p>\u2713 Droit des deux c\u00f4t\u00e9s, tr\u00e8s fin avec une densit\u00e9 de mousse de 60 kg.<\/p>\n\n\n\n<p>\u2713 Pour les travaux de peinture avec des peintures \u00e0 base d&#8217;eau et l\u00e9g\u00e8rement solvant\u00e9es.<\/p>\n\n\n\n<p>\u2713 Noyau \u00d8 15mm<\/p>\n\n\n\n<p>\u2713 Support \u00d8 6mm<\/p>\n\n\n\n<p>\u2713 \u00d8 total 35mm<\/p>\n\n\n\n<p>\u2713 Longueur : 11cm<\/p>\n<\/div>\n<\/div>\n","protected":false},"excerpt":{"rendered":"<p>\u2713 Droit des deux c\u00f4t\u00e9s, tr\u00e8s fin avec une densit\u00e9 de mousse de 60 kg.<\/p>\n<p>\u2713 Pour les travaux de peinture avec des peintures \u00e0 base d&#8217;eau et l\u00e9g\u00e8rement solvant\u00e9es.<\/p>\n<p>\u2713 Support \u00d8 6mm<\/p>\n<p>\u2713 \u00d8 total 35mm<\/p>\n<p>\u2713 Longueur : 11cm<\/p>\n","protected":false},"featured_media":82246,"template":"","meta":{"_acf_changed":false,"neve_meta_sidebar":"","neve_meta_container":"","neve_meta_enable_content_width":"","neve_meta_content_width":0,"neve_meta_title_alignment":"","neve_meta_author_avatar":"","neve_post_elements_order":"","neve_meta_disable_header":"","neve_meta_disable_footer":"","neve_meta_disable_title":"","neve_meta_reading_time":"","_surfaces":[],"_ver_product_tabs":[],"footnotes":""},"product_brand":[],"product_cat":[3073],"product_tag":[],"class_list":{"0":"post-82630","1":"product","2":"type-product","3":"status-publish","4":"has-post-thumbnail","6":"product_cat-equipement","8":"first","9":"instock","10":"taxable","11":"shipping-taxable","12":"purchasable","13":"product-type-simple"},"acf":[],"yoast_head":"<!-- This site is optimized with the Yoast SEO Premium plugin v22.8 (Yoast SEO v27.5) - https:\/\/yoast.com\/product\/yoast-seo-premium-wordpress\/ -->\n<title>Rouleau mousse laque tr\u00e8s fin recto verso blanc 11cm - versiegelung24.com<\/title>\n<meta name=\"robots\" content=\"index, follow, max-snippet:-1, max-image-preview:large, max-video-preview:-1\" \/>\n<link rel=\"canonical\" href=\"https:\/\/www.versiegelung24.com\/fr\/product\/lunettes-de-protection-avec-protection-laterale-integree-et-branches-ajustables-kopie\/\" \/>\n<meta property=\"og:locale\" content=\"fr_FR\" \/>\n<meta property=\"og:type\" content=\"article\" \/>\n<meta property=\"og:title\" content=\"Rouleau mousse laque tr\u00e8s fin recto verso blanc 11cm\" \/>\n<meta property=\"og:description\" content=\"\u2713 Droit des deux c\u00f4t\u00e9s, tr\u00e8s fin avec une densit\u00e9 de mousse de 60 kg. \u2713 Pour les travaux de peinture avec des peintures \u00e0 base d&#039;eau et l\u00e9g\u00e8rement solvant\u00e9es. \u2713 Support \u00d8 6mm \u2713 \u00d8 total 35mm \u2713 Longueur : 11cm\" \/>\n<meta property=\"og:url\" content=\"https:\/\/www.versiegelung24.com\/fr\/product\/lunettes-de-protection-avec-protection-laterale-integree-et-branches-ajustables-kopie\/\" \/>\n<meta property=\"og:site_name\" content=\"versiegelung24.com\" \/>\n<meta property=\"article:modified_time\" content=\"2023-06-19T13:40:52+00:00\" \/>\n<meta property=\"og:image\" content=\"https:\/\/www.versiegelung24.com\/wp-content\/uploads\/2022\/02\/produkt-v24-sblw11-lackierrolle.jpg\" \/>\n\t<meta property=\"og:image:width\" content=\"2000\" \/>\n\t<meta property=\"og:image:height\" content=\"2000\" \/>\n\t<meta property=\"og:image:type\" content=\"image\/jpeg\" \/>\n<meta name=\"twitter:card\" content=\"summary_large_image\" \/>\n<meta name=\"twitter:label1\" content=\"Prix\" \/>\n\t<meta name=\"twitter:data1\" content=\"1,39&euro;\" \/>\n\t<meta name=\"twitter:label2\" content=\"Disponibilit\u00e9\" \/>\n\t<meta name=\"twitter:data2\" content=\"En stock\" \/>\n<script type=\"application\/ld+json\" class=\"yoast-schema-graph\">{\"@context\":\"https:\\\/\\\/schema.org\",\"@graph\":[{\"@type\":\"WebPage\",\"@id\":\"https:\\\/\\\/www.versiegelung24.com\\\/fr\\\/product\\\/lunettes-de-protection-avec-protection-laterale-integree-et-branches-ajustables-kopie\\\/\",\"url\":\"https:\\\/\\\/www.versiegelung24.com\\\/fr\\\/product\\\/lunettes-de-protection-avec-protection-laterale-integree-et-branches-ajustables-kopie\\\/\",\"name\":\"Rouleau mousse laque tr\u00e8s fin recto verso blanc 11cm - versiegelung24.com\",\"isPartOf\":{\"@id\":\"https:\\\/\\\/www.versiegelung24.com\\\/fr\\\/#website\"},\"primaryImageOfPage\":{\"@id\":\"https:\\\/\\\/www.versiegelung24.com\\\/fr\\\/product\\\/lunettes-de-protection-avec-protection-laterale-integree-et-branches-ajustables-kopie\\\/#primaryimage\"},\"image\":{\"@id\":\"https:\\\/\\\/www.versiegelung24.com\\\/fr\\\/product\\\/lunettes-de-protection-avec-protection-laterale-integree-et-branches-ajustables-kopie\\\/#primaryimage\"},\"thumbnailUrl\":\"https:\\\/\\\/www.versiegelung24.com\\\/wp-content\\\/uploads\\\/2022\\\/02\\\/produkt-v24-sblw11-lackierrolle.jpg\",\"datePublished\":\"2022-02-23T13:33:06+00:00\",\"dateModified\":\"2023-06-19T13:40:52+00:00\",\"breadcrumb\":{\"@id\":\"https:\\\/\\\/www.versiegelung24.com\\\/fr\\\/product\\\/lunettes-de-protection-avec-protection-laterale-integree-et-branches-ajustables-kopie\\\/#breadcrumb\"},\"inLanguage\":\"fr-FR\",\"potentialAction\":[{\"@type\":\"ReadAction\",\"target\":[\"https:\\\/\\\/www.versiegelung24.com\\\/fr\\\/product\\\/lunettes-de-protection-avec-protection-laterale-integree-et-branches-ajustables-kopie\\\/\"]}]},{\"@type\":\"ImageObject\",\"inLanguage\":\"fr-FR\",\"@id\":\"https:\\\/\\\/www.versiegelung24.com\\\/fr\\\/product\\\/lunettes-de-protection-avec-protection-laterale-integree-et-branches-ajustables-kopie\\\/#primaryimage\",\"url\":\"https:\\\/\\\/www.versiegelung24.com\\\/wp-content\\\/uploads\\\/2022\\\/02\\\/produkt-v24-sblw11-lackierrolle.jpg\",\"contentUrl\":\"https:\\\/\\\/www.versiegelung24.com\\\/wp-content\\\/uploads\\\/2022\\\/02\\\/produkt-v24-sblw11-lackierrolle.jpg\",\"width\":2000,\"height\":2000},{\"@type\":\"BreadcrumbList\",\"@id\":\"https:\\\/\\\/www.versiegelung24.com\\\/fr\\\/product\\\/lunettes-de-protection-avec-protection-laterale-integree-et-branches-ajustables-kopie\\\/#breadcrumb\",\"itemListElement\":[{\"@type\":\"ListItem\",\"position\":1,\"name\":\"Page d'accueil\",\"item\":\"https:\\\/\\\/www.versiegelung24.com\\\/fr\\\/front\\\/\"},{\"@type\":\"ListItem\",\"position\":2,\"name\":\"Boutique\",\"item\":\"https:\\\/\\\/www.versiegelung24.com\\\/fr\\\/boutique-2\\\/\"},{\"@type\":\"ListItem\",\"position\":3,\"name\":\"Rouleau mousse laque tr\u00e8s fin recto verso blanc 11cm\"}]},{\"@type\":\"WebSite\",\"@id\":\"https:\\\/\\\/www.versiegelung24.com\\\/fr\\\/#website\",\"url\":\"https:\\\/\\\/www.versiegelung24.com\\\/fr\\\/\",\"name\":\"versiegelung24.com\",\"description\":\"Fl\u00fcssigglas-Versiegelung - Made in Germany\",\"publisher\":{\"@id\":\"https:\\\/\\\/www.versiegelung24.com\\\/fr\\\/#organization\"},\"potentialAction\":[{\"@type\":\"SearchAction\",\"target\":{\"@type\":\"EntryPoint\",\"urlTemplate\":\"https:\\\/\\\/www.versiegelung24.com\\\/fr\\\/?s={search_term_string}\"},\"query-input\":{\"@type\":\"PropertyValueSpecification\",\"valueRequired\":true,\"valueName\":\"search_term_string\"}}],\"inLanguage\":\"fr-FR\"},{\"@type\":\"Organization\",\"@id\":\"https:\\\/\\\/www.versiegelung24.com\\\/fr\\\/#organization\",\"name\":\"versiegelung24\",\"url\":\"https:\\\/\\\/www.versiegelung24.com\\\/fr\\\/\",\"logo\":{\"@type\":\"ImageObject\",\"inLanguage\":\"fr-FR\",\"@id\":\"https:\\\/\\\/www.versiegelung24.com\\\/fr\\\/#\\\/schema\\\/logo\\\/image\\\/\",\"url\":\"https:\\\/\\\/www.versiegelung24.com\\\/wp-content\\\/uploads\\\/2020\\\/04\\\/versiegelung24.png\",\"contentUrl\":\"https:\\\/\\\/www.versiegelung24.com\\\/wp-content\\\/uploads\\\/2020\\\/04\\\/versiegelung24.png\",\"width\":470,\"height\":102,\"caption\":\"versiegelung24\"},\"image\":{\"@id\":\"https:\\\/\\\/www.versiegelung24.com\\\/fr\\\/#\\\/schema\\\/logo\\\/image\\\/\"}}]}<\/script>\n<meta property=\"product:price:amount\" content=\"1.39\" \/>\n<meta property=\"product:price:currency\" content=\"EUR\" \/>\n<meta property=\"og:availability\" content=\"instock\" \/>\n<meta property=\"product:availability\" content=\"instock\" \/>\n<meta property=\"product:retailer_item_id\" content=\"V24-SBLW11\" \/>\n<meta property=\"product:condition\" content=\"new\" \/>\n<!-- \/ Yoast SEO Premium plugin. -->","yoast_head_json":{"title":"Rouleau mousse laque tr\u00e8s fin recto verso blanc 11cm - versiegelung24.com","robots":{"index":"index","follow":"follow","max-snippet":"max-snippet:-1","max-image-preview":"max-image-preview:large","max-video-preview":"max-video-preview:-1"},"canonical":"https:\/\/www.versiegelung24.com\/fr\/product\/lunettes-de-protection-avec-protection-laterale-integree-et-branches-ajustables-kopie\/","og_locale":"fr_FR","og_type":"article","og_title":"Rouleau mousse laque tr\u00e8s fin recto verso blanc 11cm","og_description":"\u2713 Droit des deux c\u00f4t\u00e9s, tr\u00e8s fin avec une densit\u00e9 de mousse de 60 kg. \u2713 Pour les travaux de peinture avec des peintures \u00e0 base d'eau et l\u00e9g\u00e8rement solvant\u00e9es. \u2713 Support \u00d8 6mm \u2713 \u00d8 total 35mm \u2713 Longueur : 11cm","og_url":"https:\/\/www.versiegelung24.com\/fr\/product\/lunettes-de-protection-avec-protection-laterale-integree-et-branches-ajustables-kopie\/","og_site_name":"versiegelung24.com","article_modified_time":"2023-06-19T13:40:52+00:00","og_image":[{"width":2000,"height":2000,"url":"https:\/\/www.versiegelung24.com\/wp-content\/uploads\/2022\/02\/produkt-v24-sblw11-lackierrolle.jpg","type":"image\/jpeg"}],"twitter_card":"summary_large_image","twitter_misc":{"Prix":"1,39&euro;","Disponibilit\u00e9":"En stock"},"schema":{"@context":"https:\/\/schema.org","@graph":[{"@type":"WebPage","@id":"https:\/\/www.versiegelung24.com\/fr\/product\/lunettes-de-protection-avec-protection-laterale-integree-et-branches-ajustables-kopie\/","url":"https:\/\/www.versiegelung24.com\/fr\/product\/lunettes-de-protection-avec-protection-laterale-integree-et-branches-ajustables-kopie\/","name":"Rouleau mousse laque tr\u00e8s fin recto verso blanc 11cm - versiegelung24.com","isPartOf":{"@id":"https:\/\/www.versiegelung24.com\/fr\/#website"},"primaryImageOfPage":{"@id":"https:\/\/www.versiegelung24.com\/fr\/product\/lunettes-de-protection-avec-protection-laterale-integree-et-branches-ajustables-kopie\/#primaryimage"},"image":{"@id":"https:\/\/www.versiegelung24.com\/fr\/product\/lunettes-de-protection-avec-protection-laterale-integree-et-branches-ajustables-kopie\/#primaryimage"},"thumbnailUrl":"https:\/\/www.versiegelung24.com\/wp-content\/uploads\/2022\/02\/produkt-v24-sblw11-lackierrolle.jpg","datePublished":"2022-02-23T13:33:06+00:00","dateModified":"2023-06-19T13:40:52+00:00","breadcrumb":{"@id":"https:\/\/www.versiegelung24.com\/fr\/product\/lunettes-de-protection-avec-protection-laterale-integree-et-branches-ajustables-kopie\/#breadcrumb"},"inLanguage":"fr-FR","potentialAction":[{"@type":"ReadAction","target":["https:\/\/www.versiegelung24.com\/fr\/product\/lunettes-de-protection-avec-protection-laterale-integree-et-branches-ajustables-kopie\/"]}]},{"@type":"ImageObject","inLanguage":"fr-FR","@id":"https:\/\/www.versiegelung24.com\/fr\/product\/lunettes-de-protection-avec-protection-laterale-integree-et-branches-ajustables-kopie\/#primaryimage","url":"https:\/\/www.versiegelung24.com\/wp-content\/uploads\/2022\/02\/produkt-v24-sblw11-lackierrolle.jpg","contentUrl":"https:\/\/www.versiegelung24.com\/wp-content\/uploads\/2022\/02\/produkt-v24-sblw11-lackierrolle.jpg","width":2000,"height":2000},{"@type":"BreadcrumbList","@id":"https:\/\/www.versiegelung24.com\/fr\/product\/lunettes-de-protection-avec-protection-laterale-integree-et-branches-ajustables-kopie\/#breadcrumb","itemListElement":[{"@type":"ListItem","position":1,"name":"Page d'accueil","item":"https:\/\/www.versiegelung24.com\/fr\/front\/"},{"@type":"ListItem","position":2,"name":"Boutique","item":"https:\/\/www.versiegelung24.com\/fr\/boutique-2\/"},{"@type":"ListItem","position":3,"name":"Rouleau mousse laque tr\u00e8s fin recto verso blanc 11cm"}]},{"@type":"WebSite","@id":"https:\/\/www.versiegelung24.com\/fr\/#website","url":"https:\/\/www.versiegelung24.com\/fr\/","name":"versiegelung24.com","description":"Fl\u00fcssigglas-Versiegelung - Made in Germany","publisher":{"@id":"https:\/\/www.versiegelung24.com\/fr\/#organization"},"potentialAction":[{"@type":"SearchAction","target":{"@type":"EntryPoint","urlTemplate":"https:\/\/www.versiegelung24.com\/fr\/?s={search_term_string}"},"query-input":{"@type":"PropertyValueSpecification","valueRequired":true,"valueName":"search_term_string"}}],"inLanguage":"fr-FR"},{"@type":"Organization","@id":"https:\/\/www.versiegelung24.com\/fr\/#organization","name":"versiegelung24","url":"https:\/\/www.versiegelung24.com\/fr\/","logo":{"@type":"ImageObject","inLanguage":"fr-FR","@id":"https:\/\/www.versiegelung24.com\/fr\/#\/schema\/logo\/image\/","url":"https:\/\/www.versiegelung24.com\/wp-content\/uploads\/2020\/04\/versiegelung24.png","contentUrl":"https:\/\/www.versiegelung24.com\/wp-content\/uploads\/2020\/04\/versiegelung24.png","width":470,"height":102,"caption":"versiegelung24"},"image":{"@id":"https:\/\/www.versiegelung24.com\/fr\/#\/schema\/logo\/image\/"}}]},"product_price_amount":"1.39","product_price_currency":"EUR","og_availability":"instock","product_availability":"instock","product_retailer_item_id":"V24-SBLW11","product_condition":"new"},"_links":{"self":[{"href":"https:\/\/www.versiegelung24.com\/fr\/wp-json\/wp\/v2\/product\/82630","targetHints":{"allow":["GET"]}}],"collection":[{"href":"https:\/\/www.versiegelung24.com\/fr\/wp-json\/wp\/v2\/product"}],"about":[{"href":"https:\/\/www.versiegelung24.com\/fr\/wp-json\/wp\/v2\/types\/product"}],"version-history":[{"count":5,"href":"https:\/\/www.versiegelung24.com\/fr\/wp-json\/wp\/v2\/product\/82630\/revisions"}],"predecessor-version":[{"id":111698,"href":"https:\/\/www.versiegelung24.com\/fr\/wp-json\/wp\/v2\/product\/82630\/revisions\/111698"}],"wp:featuredmedia":[{"embeddable":true,"href":"https:\/\/www.versiegelung24.com\/fr\/wp-json\/wp\/v2\/media\/82246"}],"wp:attachment":[{"href":"https:\/\/www.versiegelung24.com\/fr\/wp-json\/wp\/v2\/media?parent=82630"}],"wp:term":[{"taxonomy":"product_brand","embeddable":true,"href":"https:\/\/www.versiegelung24.com\/fr\/wp-json\/wp\/v2\/product_brand?post=82630"},{"taxonomy":"product_cat","embeddable":true,"href":"https:\/\/www.versiegelung24.com\/fr\/wp-json\/wp\/v2\/product_cat?post=82630"},{"taxonomy":"product_tag","embeddable":true,"href":"https:\/\/www.versiegelung24.com\/fr\/wp-json\/wp\/v2\/product_tag?post=82630"}],"curies":[{"name":"wp","href":"https:\/\/api.w.org\/{rel}","templated":true}]}}