{"id":93743,"date":"2022-10-21T16:49:10","date_gmt":"2022-10-21T14:49:10","guid":{"rendered":"https:\/\/www.versiegelung24.com\/?post_type=product&#038;p=93743"},"modified":"2025-03-31T14:58:24","modified_gmt":"2025-03-31T12:58:24","slug":"eponge-dapplication-95x40x23mm","status":"publish","type":"product","link":"https:\/\/www.versiegelung24.com\/fr\/eponge-dapplication-95x40x23mm.html","title":{"rendered":"\u00c9ponge d&#8217;application 95x40x23mm"},"content":{"rendered":"\n<p>\u00c9ponge pour l&#8217;application  <\/p>\n\n<p>Id\u00e9al pour une utilisation en combinaison avec notre <a href=\"https:\/\/www.versiegelung24.com\/applikationstuch-20x20cm.html\">chiffon en microfibres pour l&#8217;application de nos vitrificateurs liquides<\/a>.<\/p>\n\n<p>Nous recommandons d&#8217;utiliser un chiffon en microfibres s\u00e9par\u00e9 pour chaque \u00e9tape de l&#8217;application de nos vitrificateurs de surface et impr\u00e9gnations.<\/p>\n\n<p>L&#8217;utilisation de l&#8217;\u00e9ponge d&#8217;application en combinaison avec nos chiffons en microfibres permet de doser et d&#8217;optimiser l&#8217;application ou le polissage en fonction du c\u00f4t\u00e9 de l&#8217;\u00e9ponge, des conditions de la surface et de la pression exerc\u00e9e.<\/p>\n\n<hr \/>\n\n<h4 class=\"wp-block-heading\" id=\"properties\">Caract\u00e9ristiques du produit<\/h4>\n\n<div class=\"wp-block-columns is-layout-flex wp-container-core-columns-is-layout-9d6595d7 wp-block-columns-is-layout-flex\">\n<div class=\"wp-block-column is-layout-flow wp-block-column-is-layout-flow\">\n<p>\u00c9ponge pour l&#8217;application et le polissage Taille : 95 x 40 x 23mm  <\/p>\n<\/div>\n\n\n\n<div class=\"wp-block-column is-layout-flow wp-block-column-is-layout-flow\">\n<p>Face sup\u00e9rieure dure 5mm blanc XPE 3000-33 Couche interm\u00e9diaire souple 18mm S2145 bleu<\/p>\n<\/div>\n<\/div>\n\n<hr \/>\n\n<h4 class=\"wp-block-heading\" id=\"application\">Application<\/h4>\n\n<p>Pour appliquer nos vitrificateurs sur des surfaces lisses non absorbantes, nous recommandons de les combiner avec notre <a href=\"https:\/\/www.versiegelung24.com\/applikationstuch-20x20cm.html\">chiffon en microfibres pour l&#8217;application de nos vitrificateurs liquides<\/a>. Placer le chiffon en microfibres sur le c\u00f4t\u00e9 blanc dur pour l&#8217;application du scellant et appliquer le scellant selon la description d&#8217;utilisation correspondante.<\/p>\n\n<p>Pour le polissage ult\u00e9rieur avec notre <a href=\"https:\/\/www.versiegelung24.com\/fr\/chiffon-microfibre-30x30cm-pour-pre-nettoyage-ou-polissage.html\">chiffon microfibre 30x30cm pour le pr\u00e9-nettoyage ou le polissage<\/a>, placer \u00e9galement le chiffon sur l&#8217;\u00e9ponge et utiliser le c\u00f4t\u00e9 dur ou doux de l&#8217;\u00e9ponge en fonction de l&#8217;\u00e9tat de la surface et des besoins, afin de cr\u00e9er une pression uniforme sur une surface agrandie.<\/p>\n","protected":false},"excerpt":{"rendered":"<p><strong>\u00c9ponge pour l&#8217;application de scellants<\/strong><\/p>\n<p>\u2713 R\u00e9utilisable<\/p>\n<p>\u2713 Respectueux de l&#8217;environnement<\/p>\n<p>\u2713 Maniable<\/p>\n<p>\u2713 C\u00f4t\u00e9 dur et c\u00f4t\u00e9 doux<\/p>\n<p>\u2713 95x40x23mm<\/p>\n<p>&nbsp;<\/p>\n","protected":false},"featured_media":13259,"template":"","meta":{"_acf_changed":false,"neve_meta_sidebar":"","neve_meta_container":"","neve_meta_enable_content_width":"","neve_meta_content_width":0,"neve_meta_title_alignment":"","neve_meta_author_avatar":"","neve_post_elements_order":"","neve_meta_disable_header":"","neve_meta_disable_footer":"","neve_meta_disable_title":"","neve_meta_reading_time":"","_surfaces":[],"_ver_product_tabs":[],"footnotes":""},"product_brand":[],"product_cat":[2296,2349,2474,3073,2160,2190,2291],"product_tag":[],"class_list":{"0":"post-93743","1":"product","2":"type-product","3":"status-publish","4":"has-post-thumbnail","6":"product_cat-les-fournitures-de-nettoyage","7":"product_cat-desinfectants-de-surfaces","8":"product_cat-joint-universel","9":"product_cat-equipement","10":"product_cat-scellage-pour-verre-et-ceramique","11":"product_cat-etancheite-de-voiture","12":"product_cat-etancheite-metal-plastique","14":"first","15":"instock","16":"taxable","17":"shipping-taxable","18":"purchasable","19":"product-type-simple"},"acf":[],"yoast_head":"<!-- This site is optimized with the Yoast SEO Premium plugin v22.8 (Yoast SEO v27.5) - https:\/\/yoast.com\/product\/yoast-seo-premium-wordpress\/ -->\n<title>\u00c9ponge d&#039;application 95x40x23mm - versiegelung24.com<\/title>\n<meta name=\"description\" content=\"\u00c9ponge d&#039;application - Convient parfaitement \u00e0 l&#039;application de nos vitrificateurs. En combinaison avec nos chiffons en microfibre, un allrounder.\" \/>\n<meta name=\"robots\" content=\"index, follow, max-snippet:-1, max-image-preview:large, max-video-preview:-1\" \/>\n<link rel=\"canonical\" href=\"https:\/\/www.versiegelung24.com\/fr\/eponge-dapplication-95x40x23mm.html\" \/>\n<meta property=\"og:locale\" content=\"fr_FR\" \/>\n<meta property=\"og:type\" content=\"article\" \/>\n<meta property=\"og:title\" content=\"\u00c9ponge d&#039;application 95x40x23mm\" \/>\n<meta property=\"og:description\" content=\"\u00c9ponge d&#039;application - Convient parfaitement \u00e0 l&#039;application de nos vitrificateurs. En combinaison avec nos chiffons en microfibre, un allrounder.\" \/>\n<meta property=\"og:url\" content=\"https:\/\/www.versiegelung24.com\/fr\/eponge-dapplication-95x40x23mm.html\" \/>\n<meta property=\"og:site_name\" content=\"versiegelung24.com\" \/>\n<meta property=\"article:modified_time\" content=\"2025-03-31T12:58:24+00:00\" \/>\n<meta property=\"og:image\" content=\"https:\/\/www.versiegelung24.com\/wp-content\/uploads\/2020\/04\/mikrofasertuch.png\" \/>\n\t<meta property=\"og:image:width\" content=\"1000\" \/>\n\t<meta property=\"og:image:height\" content=\"1000\" \/>\n\t<meta property=\"og:image:type\" content=\"image\/png\" \/>\n<meta name=\"twitter:card\" content=\"summary_large_image\" \/>\n<meta name=\"twitter:label1\" content=\"Prix\" \/>\n\t<meta name=\"twitter:data1\" content=\"1,99&euro;\" \/>\n\t<meta name=\"twitter:label2\" content=\"Disponibilit\u00e9\" \/>\n\t<meta name=\"twitter:data2\" content=\"En stock\" \/>\n<script type=\"application\/ld+json\" class=\"yoast-schema-graph\">{\"@context\":\"https:\\\/\\\/schema.org\",\"@graph\":[{\"@type\":\"WebPage\",\"@id\":\"https:\\\/\\\/www.versiegelung24.com\\\/fr\\\/eponge-dapplication-95x40x23mm.html\",\"url\":\"https:\\\/\\\/www.versiegelung24.com\\\/fr\\\/eponge-dapplication-95x40x23mm.html\",\"name\":\"\u00c9ponge d'application 95x40x23mm - versiegelung24.com\",\"isPartOf\":{\"@id\":\"https:\\\/\\\/www.versiegelung24.com\\\/fr\\\/#website\"},\"primaryImageOfPage\":{\"@id\":\"https:\\\/\\\/www.versiegelung24.com\\\/fr\\\/eponge-dapplication-95x40x23mm.html#primaryimage\"},\"image\":{\"@id\":\"https:\\\/\\\/www.versiegelung24.com\\\/fr\\\/eponge-dapplication-95x40x23mm.html#primaryimage\"},\"thumbnailUrl\":\"https:\\\/\\\/www.versiegelung24.com\\\/wp-content\\\/uploads\\\/2020\\\/04\\\/mikrofasertuch.png\",\"datePublished\":\"2022-10-21T14:49:10+00:00\",\"dateModified\":\"2025-03-31T12:58:24+00:00\",\"description\":\"\u00c9ponge d'application - Convient parfaitement \u00e0 l'application de nos vitrificateurs. En combinaison avec nos chiffons en microfibre, un allrounder.\",\"breadcrumb\":{\"@id\":\"https:\\\/\\\/www.versiegelung24.com\\\/fr\\\/eponge-dapplication-95x40x23mm.html#breadcrumb\"},\"inLanguage\":\"fr-FR\",\"potentialAction\":[{\"@type\":\"ReadAction\",\"target\":[\"https:\\\/\\\/www.versiegelung24.com\\\/fr\\\/eponge-dapplication-95x40x23mm.html\"]}]},{\"@type\":\"ImageObject\",\"inLanguage\":\"fr-FR\",\"@id\":\"https:\\\/\\\/www.versiegelung24.com\\\/fr\\\/eponge-dapplication-95x40x23mm.html#primaryimage\",\"url\":\"https:\\\/\\\/www.versiegelung24.com\\\/wp-content\\\/uploads\\\/2020\\\/04\\\/mikrofasertuch.png\",\"contentUrl\":\"https:\\\/\\\/www.versiegelung24.com\\\/wp-content\\\/uploads\\\/2020\\\/04\\\/mikrofasertuch.png\",\"width\":1000,\"height\":1000},{\"@type\":\"BreadcrumbList\",\"@id\":\"https:\\\/\\\/www.versiegelung24.com\\\/fr\\\/eponge-dapplication-95x40x23mm.html#breadcrumb\",\"itemListElement\":[{\"@type\":\"ListItem\",\"position\":1,\"name\":\"Page d'accueil\",\"item\":\"https:\\\/\\\/www.versiegelung24.com\\\/fr\\\/front\\\/\"},{\"@type\":\"ListItem\",\"position\":2,\"name\":\"Boutique\",\"item\":\"https:\\\/\\\/www.versiegelung24.com\\\/fr\\\/boutique-2\\\/\"},{\"@type\":\"ListItem\",\"position\":3,\"name\":\"\u00c9ponge d&#8217;application 95x40x23mm\"}]},{\"@type\":\"WebSite\",\"@id\":\"https:\\\/\\\/www.versiegelung24.com\\\/fr\\\/#website\",\"url\":\"https:\\\/\\\/www.versiegelung24.com\\\/fr\\\/\",\"name\":\"versiegelung24.com\",\"description\":\"Fl\u00fcssigglas-Versiegelung - Made in Germany\",\"publisher\":{\"@id\":\"https:\\\/\\\/www.versiegelung24.com\\\/fr\\\/#organization\"},\"potentialAction\":[{\"@type\":\"SearchAction\",\"target\":{\"@type\":\"EntryPoint\",\"urlTemplate\":\"https:\\\/\\\/www.versiegelung24.com\\\/fr\\\/?s={search_term_string}\"},\"query-input\":{\"@type\":\"PropertyValueSpecification\",\"valueRequired\":true,\"valueName\":\"search_term_string\"}}],\"inLanguage\":\"fr-FR\"},{\"@type\":\"Organization\",\"@id\":\"https:\\\/\\\/www.versiegelung24.com\\\/fr\\\/#organization\",\"name\":\"versiegelung24\",\"url\":\"https:\\\/\\\/www.versiegelung24.com\\\/fr\\\/\",\"logo\":{\"@type\":\"ImageObject\",\"inLanguage\":\"fr-FR\",\"@id\":\"https:\\\/\\\/www.versiegelung24.com\\\/fr\\\/#\\\/schema\\\/logo\\\/image\\\/\",\"url\":\"https:\\\/\\\/www.versiegelung24.com\\\/wp-content\\\/uploads\\\/2020\\\/04\\\/versiegelung24.png\",\"contentUrl\":\"https:\\\/\\\/www.versiegelung24.com\\\/wp-content\\\/uploads\\\/2020\\\/04\\\/versiegelung24.png\",\"width\":470,\"height\":102,\"caption\":\"versiegelung24\"},\"image\":{\"@id\":\"https:\\\/\\\/www.versiegelung24.com\\\/fr\\\/#\\\/schema\\\/logo\\\/image\\\/\"}}]}<\/script>\n<meta property=\"product:price:amount\" content=\"1.99\" \/>\n<meta property=\"product:price:currency\" content=\"EUR\" \/>\n<meta property=\"og:availability\" content=\"instock\" \/>\n<meta property=\"product:availability\" content=\"instock\" \/>\n<meta property=\"product:retailer_item_id\" content=\"V24-9010-1\" \/>\n<meta property=\"product:condition\" content=\"new\" \/>\n<!-- \/ Yoast SEO Premium plugin. -->","yoast_head_json":{"title":"\u00c9ponge d'application 95x40x23mm - versiegelung24.com","description":"\u00c9ponge d'application - Convient parfaitement \u00e0 l'application de nos vitrificateurs. En combinaison avec nos chiffons en microfibre, un allrounder.","robots":{"index":"index","follow":"follow","max-snippet":"max-snippet:-1","max-image-preview":"max-image-preview:large","max-video-preview":"max-video-preview:-1"},"canonical":"https:\/\/www.versiegelung24.com\/fr\/eponge-dapplication-95x40x23mm.html","og_locale":"fr_FR","og_type":"article","og_title":"\u00c9ponge d'application 95x40x23mm","og_description":"\u00c9ponge d'application - Convient parfaitement \u00e0 l'application de nos vitrificateurs. En combinaison avec nos chiffons en microfibre, un allrounder.","og_url":"https:\/\/www.versiegelung24.com\/fr\/eponge-dapplication-95x40x23mm.html","og_site_name":"versiegelung24.com","article_modified_time":"2025-03-31T12:58:24+00:00","og_image":[{"width":1000,"height":1000,"url":"https:\/\/www.versiegelung24.com\/wp-content\/uploads\/2020\/04\/mikrofasertuch.png","type":"image\/png"}],"twitter_card":"summary_large_image","twitter_misc":{"Prix":"1,99&euro;","Disponibilit\u00e9":"En stock"},"schema":{"@context":"https:\/\/schema.org","@graph":[{"@type":"WebPage","@id":"https:\/\/www.versiegelung24.com\/fr\/eponge-dapplication-95x40x23mm.html","url":"https:\/\/www.versiegelung24.com\/fr\/eponge-dapplication-95x40x23mm.html","name":"\u00c9ponge d'application 95x40x23mm - versiegelung24.com","isPartOf":{"@id":"https:\/\/www.versiegelung24.com\/fr\/#website"},"primaryImageOfPage":{"@id":"https:\/\/www.versiegelung24.com\/fr\/eponge-dapplication-95x40x23mm.html#primaryimage"},"image":{"@id":"https:\/\/www.versiegelung24.com\/fr\/eponge-dapplication-95x40x23mm.html#primaryimage"},"thumbnailUrl":"https:\/\/www.versiegelung24.com\/wp-content\/uploads\/2020\/04\/mikrofasertuch.png","datePublished":"2022-10-21T14:49:10+00:00","dateModified":"2025-03-31T12:58:24+00:00","description":"\u00c9ponge d'application - Convient parfaitement \u00e0 l'application de nos vitrificateurs. En combinaison avec nos chiffons en microfibre, un allrounder.","breadcrumb":{"@id":"https:\/\/www.versiegelung24.com\/fr\/eponge-dapplication-95x40x23mm.html#breadcrumb"},"inLanguage":"fr-FR","potentialAction":[{"@type":"ReadAction","target":["https:\/\/www.versiegelung24.com\/fr\/eponge-dapplication-95x40x23mm.html"]}]},{"@type":"ImageObject","inLanguage":"fr-FR","@id":"https:\/\/www.versiegelung24.com\/fr\/eponge-dapplication-95x40x23mm.html#primaryimage","url":"https:\/\/www.versiegelung24.com\/wp-content\/uploads\/2020\/04\/mikrofasertuch.png","contentUrl":"https:\/\/www.versiegelung24.com\/wp-content\/uploads\/2020\/04\/mikrofasertuch.png","width":1000,"height":1000},{"@type":"BreadcrumbList","@id":"https:\/\/www.versiegelung24.com\/fr\/eponge-dapplication-95x40x23mm.html#breadcrumb","itemListElement":[{"@type":"ListItem","position":1,"name":"Page d'accueil","item":"https:\/\/www.versiegelung24.com\/fr\/front\/"},{"@type":"ListItem","position":2,"name":"Boutique","item":"https:\/\/www.versiegelung24.com\/fr\/boutique-2\/"},{"@type":"ListItem","position":3,"name":"\u00c9ponge d&#8217;application 95x40x23mm"}]},{"@type":"WebSite","@id":"https:\/\/www.versiegelung24.com\/fr\/#website","url":"https:\/\/www.versiegelung24.com\/fr\/","name":"versiegelung24.com","description":"Fl\u00fcssigglas-Versiegelung - Made in Germany","publisher":{"@id":"https:\/\/www.versiegelung24.com\/fr\/#organization"},"potentialAction":[{"@type":"SearchAction","target":{"@type":"EntryPoint","urlTemplate":"https:\/\/www.versiegelung24.com\/fr\/?s={search_term_string}"},"query-input":{"@type":"PropertyValueSpecification","valueRequired":true,"valueName":"search_term_string"}}],"inLanguage":"fr-FR"},{"@type":"Organization","@id":"https:\/\/www.versiegelung24.com\/fr\/#organization","name":"versiegelung24","url":"https:\/\/www.versiegelung24.com\/fr\/","logo":{"@type":"ImageObject","inLanguage":"fr-FR","@id":"https:\/\/www.versiegelung24.com\/fr\/#\/schema\/logo\/image\/","url":"https:\/\/www.versiegelung24.com\/wp-content\/uploads\/2020\/04\/versiegelung24.png","contentUrl":"https:\/\/www.versiegelung24.com\/wp-content\/uploads\/2020\/04\/versiegelung24.png","width":470,"height":102,"caption":"versiegelung24"},"image":{"@id":"https:\/\/www.versiegelung24.com\/fr\/#\/schema\/logo\/image\/"}}]},"product_price_amount":"1.99","product_price_currency":"EUR","og_availability":"instock","product_availability":"instock","product_retailer_item_id":"V24-9010-1","product_condition":"new"},"_links":{"self":[{"href":"https:\/\/www.versiegelung24.com\/fr\/wp-json\/wp\/v2\/product\/93743","targetHints":{"allow":["GET"]}}],"collection":[{"href":"https:\/\/www.versiegelung24.com\/fr\/wp-json\/wp\/v2\/product"}],"about":[{"href":"https:\/\/www.versiegelung24.com\/fr\/wp-json\/wp\/v2\/types\/product"}],"version-history":[{"count":10,"href":"https:\/\/www.versiegelung24.com\/fr\/wp-json\/wp\/v2\/product\/93743\/revisions"}],"predecessor-version":[{"id":180668,"href":"https:\/\/www.versiegelung24.com\/fr\/wp-json\/wp\/v2\/product\/93743\/revisions\/180668"}],"wp:featuredmedia":[{"embeddable":true,"href":"https:\/\/www.versiegelung24.com\/fr\/wp-json\/wp\/v2\/media\/13259"}],"wp:attachment":[{"href":"https:\/\/www.versiegelung24.com\/fr\/wp-json\/wp\/v2\/media?parent=93743"}],"wp:term":[{"taxonomy":"product_brand","embeddable":true,"href":"https:\/\/www.versiegelung24.com\/fr\/wp-json\/wp\/v2\/product_brand?post=93743"},{"taxonomy":"product_cat","embeddable":true,"href":"https:\/\/www.versiegelung24.com\/fr\/wp-json\/wp\/v2\/product_cat?post=93743"},{"taxonomy":"product_tag","embeddable":true,"href":"https:\/\/www.versiegelung24.com\/fr\/wp-json\/wp\/v2\/product_tag?post=93743"}],"curies":[{"name":"wp","href":"https:\/\/api.w.org\/{rel}","templated":true}]}}