{"id":94873,"date":"2022-11-29T14:50:43","date_gmt":"2022-11-29T13:50:46","guid":{"rendered":"https:\/\/www.versiegelung24.com\/?post_type=product&#038;p=94873"},"modified":"2025-01-05T17:42:25","modified_gmt":"2025-01-05T16:42:25","slug":"percent-c2-percent","status":"publish","type":"product","link":"https:\/\/www.versiegelung24.com\/fr\/product\/percent-c2-percent\/","title":{"rendered":"TiOSEPT\u00ae SG-55 Protection de surface longue dur\u00e9e, 20 kits pour 1m\u00b2 chacun"},"content":{"rendered":"\n<p><strong>Scellement antimicrobien du verre liquide<\/strong> <strong>efficace jusqu&#8217;\u00e0 18 mois<\/strong> &#8211; 20 sets de sachets pr\u00eats \u00e0 l&#8217;emploi pour 1m\u00b2 de surface chacun  <\/p>\n\n<p><strong>Protection de surface longue dur\u00e9e adapt\u00e9e aux surfaces lisses<\/strong>: verre, acier inoxydable, aluminium et bois trait\u00e9<\/p>\n\n<hr\/>\n\n<h4 class=\"wp-block-heading\" id=\"properties\">Caract\u00e9ristiques du produit<\/h4>\n\n<div class=\"wp-block-columns is-layout-flex wp-container-core-columns-is-layout-9d6595d7 wp-block-columns-is-layout-flex\">\n<div class=\"wp-block-column is-layout-flow wp-block-column-is-layout-flow\">\n<ul class=\"wp-block-list\">\n<li>\u00c9limine les bact\u00e9ries (E.coli, S. aureus) et les virus envelopp\u00e9s (Corona, Ebola, Rota virus) jusqu&#8217;\u00e0 99,99%.<\/li>\n\n\n\n<li>Emp\u00eache la colonisation des levures et des moisissures<\/li>\n\n\n\n<li>Test\u00e9 dermatologiquement &#8220;tr\u00e8s bien&#8221;.<\/li>\n\n\n\n<li>les surfaces deviennent plus faciles et plus rapides \u00e0 nettoyer (&#8220;easy-to-clean&#8221;)<\/li>\n\n\n\n<li>Pour int\u00e9rieur et ext\u00e9rieur<\/li>\n\n\n\n<li>R\u00e9sistance \u00e0 l&#8217;abrasion (r\u00e9sistance accrue aux rayures)<\/li>\n\n\n\n<li>Application simple et rapide<\/li>\n\n\n\n<li>Duret\u00e9 de surface sur le verre 9H (test T\u00dcV selon MSZ EN ISO 15184:2013)<\/li>\n\n\n\n<li>duret\u00e9 \u00e0 la rayure sur le verre 10N (test T\u00dcV selon MSZ 9640\/41:1983)<\/li>\n\n\n\n<li>angle de contact de 95\u00b0 sur le verre et de 91\u00b0 sur l&#8217;acier inoxydable, apr\u00e8s 10.000 cycles de nettoyage 92\u00b0 + 85\u00b0 (test\u00e9 par le T\u00dcV avec de l&#8217;eau)<\/li>\n<\/ul>\n<\/div>\n\n\n\n<div class=\"wp-block-column is-layout-flow wp-block-column-is-layout-flow\">\n<ul class=\"wp-block-list\">\n<li>\u00e9paisseur de la couche env. 20 nm (nanom\u00e8tres)<\/li>\n\n\n\n<li>Rugosit\u00e9 : 6 nm sur la surface<\/li>\n\n\n\n<li>Sachets (lingettes humides emball\u00e9es individuellement)<\/li>\n\n\n\n<li>Sachet 1 : Chiffon de pr\u00e9-nettoyage, imbib\u00e9 d&#8217;IPA (isopropanol) \u00e0 99<\/li>\n\n\n\n<li>Sachet 2 : tissu de scellement, impr\u00e9gn\u00e9 de TiOSEPT\u00ae SG-55<\/li>\n\n\n\n<li>Non-tiss\u00e9 en viscose, sans mati\u00e8re plastique, 60 g\/m<\/li>\n\n\n\n<li>format de la toile 100 x 140 mm<\/li>\n\n\n\n<li>Un chiffon suffit pour environ 1 m\u00b2.<\/li>\n\n\n\n<li>N\u00b0 d&#8217;enregistrement BAUA N-104947<\/li>\n<\/ul>\n<\/div>\n<\/div>\n\n<hr\/>\n\n<h4 class=\"wp-block-heading\" id=\"application\">Application<\/h4>\n\n<p><strong>TiOSEPT\u00ae SG-55 <\/strong>Kit de sachets pr\u00eats \u00e0 l&#8217;emploi pour surfaces lisses verre, acier inoxydable, acier, aluminium plastique et bois trait\u00e9<\/p>\n\n<h5 class=\"wp-block-heading\">Pr\u00e9-nettoyage<\/h5>\n\n<p>Il est recommand\u00e9 de porter des gants de protection \u00e0 usage unique. Temp\u00e9rature d&#8217;application 5 &#8211; 35\u00b0C.<\/p>\n\n<ol class=\"wp-block-list\">\n<li>Nettoyer la surface avec un soin particulier \u00e0 l&#8217;aide de produits de nettoyage courants. Plus le nettoyage est efficace, plus la vitrification dure longtemps. S\u00e9cher ensuite la surface.<\/li>\n\n\n\n<li>Retirer le chiffon de pr\u00e9-nettoyage \u00e0 l&#8217;alcool du sachet et l&#8217;utiliser pour d\u00e9graisser soigneusement la surface.<\/li>\n\n\n\n<li>Surface min. Laisser s\u00e9cher 1 minute.<\/li>\n<\/ol>\n\n<h5 class=\"wp-block-heading\">Scellement<\/h5>\n\n<p>Il est recommand\u00e9 de porter des gants de protection \u00e0 usage unique. Temp\u00e9rature d&#8217;application 5 &#8211; 35\u00b0C.<\/p>\n\n<ol class=\"wp-block-list\">\n<li>Retirez le chiffon de scellement du sachet et passez-le une fois verticalement et une fois horizontalement sur la surface. Le chiffon suffit pour environ 1m\u00b2. Il est important de travailler rapidement, car le chiffon est sec apr\u00e8s environ 90 secondes.<\/li>\n\n\n\n<li>Laisser s\u00e9cher la surface pendant au moins 2 minutes (en dessous de 15\u00b0C = 10 minutes), ne pas toucher pendant 10 minutes. Durcissement complet apr\u00e8s 10 heures. R\u00e9p\u00e9ter l&#8217;application si n\u00e9cessaire. Si une l\u00e9g\u00e8re teinte grise appara\u00eet, elle peut \u00eatre polie avec pr\u00e9caution \u00e0 l&#8217;aide d&#8217;un chiffon en microfibres.<\/li>\n<\/ol>\n\n<p>Les surfaces en plastique deviennent antimicrobiennes et acqui\u00e8rent une hydrophobie accrue, la r\u00e9sistance aux rayures n&#8217;est pas modifi\u00e9e. L&#8217;application sur le polycarbonate et le Plexiglas\u00ae n&#8217;est pas recommand\u00e9e.<\/p>\n\n<h5 class=\"wp-block-heading\" id=\"gebrauch\">stockage<\/h5>\n\n<p>Stocker <strong>le TiOSEPT\u00ae SG-55<\/strong> entre +5 et +25\u00b0C. Prot\u00e9ger du gel et de la lumi\u00e8re directe du soleil.<\/p>\n","protected":false},"excerpt":{"rendered":"<p><strong>protection antimicrobienne longue dur\u00e9e jusqu&#8217;\u00e0 18 mois<\/strong> <strong>pour surfaces lisses<\/strong><\/p>\n<p>\u2713 Transparent et invisible<\/p>\n<p>\u2713 R\u00e9sistant \u00e0 l&#8217;eau<\/p>\n<p>\u2713 Test\u00e9 par des instituts de contr\u00f4le ind\u00e9pendants<\/p>\n<p>\u2713 Sets de sachets pr\u00eats \u00e0 l&#8217;emploi pour le pr\u00e9-nettoyage et le scellement<\/p>\n","protected":false},"featured_media":94924,"template":"","meta":{"_acf_changed":false,"neve_meta_sidebar":"","neve_meta_container":"","neve_meta_enable_content_width":"","neve_meta_content_width":0,"neve_meta_title_alignment":"","neve_meta_author_avatar":"","neve_post_elements_order":"","neve_meta_disable_header":"","neve_meta_disable_footer":"","neve_meta_disable_title":"","neve_meta_reading_time":"","_surfaces":[],"_ver_product_tabs":[],"footnotes":""},"product_brand":[],"product_cat":[2291,2346,2349,2474,3011,2160],"product_tag":[],"class_list":{"0":"post-94873","1":"product","2":"type-product","3":"status-publish","4":"has-post-thumbnail","6":"product_cat-etancheite-metal-plastique","7":"product_cat-desinfectants","8":"product_cat-desinfectants-de-surfaces","9":"product_cat-joint-universel","10":"product_cat-desinfectant-pour-telephone-portable","11":"product_cat-scellage-pour-verre-et-ceramique","13":"first","14":"onbackorder","15":"taxable","16":"shipping-taxable","17":"purchasable","18":"product-type-simple"},"acf":[],"yoast_head":"<!-- This site is optimized with the Yoast SEO Premium plugin v22.8 (Yoast SEO v27.5) - https:\/\/yoast.com\/product\/yoast-seo-premium-wordpress\/ -->\n<title>TiOSEPT\u00ae SG-55 Protection de surface longue dur\u00e9e, 20 kits pour 1m\u00b2 chacun - versiegelung24.com<\/title>\n<meta name=\"robots\" content=\"index, follow, max-snippet:-1, max-image-preview:large, max-video-preview:-1\" \/>\n<link rel=\"canonical\" href=\"https:\/\/www.versiegelung24.com\/fr\/product\/percent-c2-percent\/\" \/>\n<meta property=\"og:locale\" content=\"fr_FR\" \/>\n<meta property=\"og:type\" content=\"article\" \/>\n<meta property=\"og:title\" content=\"TiOSEPT\u00ae SG-55 Protection de surface longue dur\u00e9e, 20 kits pour 1m\u00b2 chacun\" \/>\n<meta property=\"og:description\" content=\"protection antimicrobienne longue dur\u00e9e jusqu&#039;\u00e0 18 mois pour surfaces lisses \u2713 Transparent et invisible \u2713 R\u00e9sistant \u00e0 l&#039;eau \u2713 Test\u00e9 par des instituts de contr\u00f4le ind\u00e9pendants \u2713 Sets de sachets pr\u00eats \u00e0 l&#039;emploi pour le pr\u00e9-nettoyage et le scellement\" \/>\n<meta property=\"og:url\" content=\"https:\/\/www.versiegelung24.com\/fr\/product\/percent-c2-percent\/\" \/>\n<meta property=\"og:site_name\" content=\"versiegelung24.com\" \/>\n<meta property=\"article:modified_time\" content=\"2025-01-05T16:42:25+00:00\" \/>\n<meta property=\"og:image\" content=\"https:\/\/www.versiegelung24.com\/wp-content\/uploads\/2022\/11\/Tiosept-Schachtel-rechts.jpg\" \/>\n\t<meta property=\"og:image:width\" content=\"1668\" \/>\n\t<meta property=\"og:image:height\" content=\"1568\" \/>\n\t<meta property=\"og:image:type\" content=\"image\/jpeg\" \/>\n<meta name=\"twitter:card\" content=\"summary_large_image\" \/>\n<meta name=\"twitter:label1\" content=\"Prix\" \/>\n\t<meta name=\"twitter:data1\" content=\"79,99&euro;\" \/>\n\t<meta name=\"twitter:label2\" content=\"Disponibilit\u00e9\" \/>\n\t<meta name=\"twitter:data2\" content=\"En r\u00e9assort\" \/>\n<script type=\"application\/ld+json\" class=\"yoast-schema-graph\">{\"@context\":\"https:\\\/\\\/schema.org\",\"@graph\":[{\"@type\":\"WebPage\",\"@id\":\"https:\\\/\\\/www.versiegelung24.com\\\/fr\\\/product\\\/percent-c2-percent\\\/\",\"url\":\"https:\\\/\\\/www.versiegelung24.com\\\/fr\\\/product\\\/percent-c2-percent\\\/\",\"name\":\"TiOSEPT\u00ae SG-55 Protection de surface longue dur\u00e9e, 20 kits pour 1m\u00b2 chacun - versiegelung24.com\",\"isPartOf\":{\"@id\":\"https:\\\/\\\/www.versiegelung24.com\\\/fr\\\/#website\"},\"primaryImageOfPage\":{\"@id\":\"https:\\\/\\\/www.versiegelung24.com\\\/fr\\\/product\\\/percent-c2-percent\\\/#primaryimage\"},\"image\":{\"@id\":\"https:\\\/\\\/www.versiegelung24.com\\\/fr\\\/product\\\/percent-c2-percent\\\/#primaryimage\"},\"thumbnailUrl\":\"https:\\\/\\\/www.versiegelung24.com\\\/wp-content\\\/uploads\\\/2022\\\/11\\\/Tiosept-Schachtel-rechts.jpg\",\"datePublished\":\"2022-11-29T13:50:46+00:00\",\"dateModified\":\"2025-01-05T16:42:25+00:00\",\"breadcrumb\":{\"@id\":\"https:\\\/\\\/www.versiegelung24.com\\\/fr\\\/product\\\/percent-c2-percent\\\/#breadcrumb\"},\"inLanguage\":\"fr-FR\",\"potentialAction\":[{\"@type\":\"ReadAction\",\"target\":[\"https:\\\/\\\/www.versiegelung24.com\\\/fr\\\/product\\\/percent-c2-percent\\\/\"]}]},{\"@type\":\"ImageObject\",\"inLanguage\":\"fr-FR\",\"@id\":\"https:\\\/\\\/www.versiegelung24.com\\\/fr\\\/product\\\/percent-c2-percent\\\/#primaryimage\",\"url\":\"https:\\\/\\\/www.versiegelung24.com\\\/wp-content\\\/uploads\\\/2022\\\/11\\\/Tiosept-Schachtel-rechts.jpg\",\"contentUrl\":\"https:\\\/\\\/www.versiegelung24.com\\\/wp-content\\\/uploads\\\/2022\\\/11\\\/Tiosept-Schachtel-rechts.jpg\",\"width\":1668,\"height\":1568},{\"@type\":\"BreadcrumbList\",\"@id\":\"https:\\\/\\\/www.versiegelung24.com\\\/fr\\\/product\\\/percent-c2-percent\\\/#breadcrumb\",\"itemListElement\":[{\"@type\":\"ListItem\",\"position\":1,\"name\":\"Page d'accueil\",\"item\":\"https:\\\/\\\/www.versiegelung24.com\\\/fr\\\/front\\\/\"},{\"@type\":\"ListItem\",\"position\":2,\"name\":\"Boutique\",\"item\":\"https:\\\/\\\/www.versiegelung24.com\\\/fr\\\/boutique-2\\\/\"},{\"@type\":\"ListItem\",\"position\":3,\"name\":\"TiOSEPT\u00ae SG-55 Protection de surface longue dur\u00e9e, 20 kits pour 1m\u00b2 chacun\"}]},{\"@type\":\"WebSite\",\"@id\":\"https:\\\/\\\/www.versiegelung24.com\\\/fr\\\/#website\",\"url\":\"https:\\\/\\\/www.versiegelung24.com\\\/fr\\\/\",\"name\":\"versiegelung24.com\",\"description\":\"Fl\u00fcssigglas-Versiegelung - Made in Germany\",\"publisher\":{\"@id\":\"https:\\\/\\\/www.versiegelung24.com\\\/fr\\\/#organization\"},\"potentialAction\":[{\"@type\":\"SearchAction\",\"target\":{\"@type\":\"EntryPoint\",\"urlTemplate\":\"https:\\\/\\\/www.versiegelung24.com\\\/fr\\\/?s={search_term_string}\"},\"query-input\":{\"@type\":\"PropertyValueSpecification\",\"valueRequired\":true,\"valueName\":\"search_term_string\"}}],\"inLanguage\":\"fr-FR\"},{\"@type\":\"Organization\",\"@id\":\"https:\\\/\\\/www.versiegelung24.com\\\/fr\\\/#organization\",\"name\":\"versiegelung24\",\"url\":\"https:\\\/\\\/www.versiegelung24.com\\\/fr\\\/\",\"logo\":{\"@type\":\"ImageObject\",\"inLanguage\":\"fr-FR\",\"@id\":\"https:\\\/\\\/www.versiegelung24.com\\\/fr\\\/#\\\/schema\\\/logo\\\/image\\\/\",\"url\":\"https:\\\/\\\/www.versiegelung24.com\\\/wp-content\\\/uploads\\\/2020\\\/04\\\/versiegelung24.png\",\"contentUrl\":\"https:\\\/\\\/www.versiegelung24.com\\\/wp-content\\\/uploads\\\/2020\\\/04\\\/versiegelung24.png\",\"width\":470,\"height\":102,\"caption\":\"versiegelung24\"},\"image\":{\"@id\":\"https:\\\/\\\/www.versiegelung24.com\\\/fr\\\/#\\\/schema\\\/logo\\\/image\\\/\"}}]}<\/script>\n<meta property=\"product:price:amount\" content=\"79.99\" \/>\n<meta property=\"product:price:currency\" content=\"EUR\" \/>\n<meta property=\"og:availability\" content=\"backorder\" \/>\n<meta property=\"product:availability\" content=\"available for order\" \/>\n<meta property=\"product:retailer_item_id\" content=\"TiOS-SG55-SA1-20\" \/>\n<meta property=\"product:condition\" content=\"new\" \/>\n<!-- \/ Yoast SEO Premium plugin. -->","yoast_head_json":{"title":"TiOSEPT\u00ae SG-55 Protection de surface longue dur\u00e9e, 20 kits pour 1m\u00b2 chacun - versiegelung24.com","robots":{"index":"index","follow":"follow","max-snippet":"max-snippet:-1","max-image-preview":"max-image-preview:large","max-video-preview":"max-video-preview:-1"},"canonical":"https:\/\/www.versiegelung24.com\/fr\/product\/percent-c2-percent\/","og_locale":"fr_FR","og_type":"article","og_title":"TiOSEPT\u00ae SG-55 Protection de surface longue dur\u00e9e, 20 kits pour 1m\u00b2 chacun","og_description":"protection antimicrobienne longue dur\u00e9e jusqu'\u00e0 18 mois pour surfaces lisses \u2713 Transparent et invisible \u2713 R\u00e9sistant \u00e0 l'eau \u2713 Test\u00e9 par des instituts de contr\u00f4le ind\u00e9pendants \u2713 Sets de sachets pr\u00eats \u00e0 l'emploi pour le pr\u00e9-nettoyage et le scellement","og_url":"https:\/\/www.versiegelung24.com\/fr\/product\/percent-c2-percent\/","og_site_name":"versiegelung24.com","article_modified_time":"2025-01-05T16:42:25+00:00","og_image":[{"width":1668,"height":1568,"url":"https:\/\/www.versiegelung24.com\/wp-content\/uploads\/2022\/11\/Tiosept-Schachtel-rechts.jpg","type":"image\/jpeg"}],"twitter_card":"summary_large_image","twitter_misc":{"Prix":"79,99&euro;","Disponibilit\u00e9":"En r\u00e9assort"},"schema":{"@context":"https:\/\/schema.org","@graph":[{"@type":"WebPage","@id":"https:\/\/www.versiegelung24.com\/fr\/product\/percent-c2-percent\/","url":"https:\/\/www.versiegelung24.com\/fr\/product\/percent-c2-percent\/","name":"TiOSEPT\u00ae SG-55 Protection de surface longue dur\u00e9e, 20 kits pour 1m\u00b2 chacun - versiegelung24.com","isPartOf":{"@id":"https:\/\/www.versiegelung24.com\/fr\/#website"},"primaryImageOfPage":{"@id":"https:\/\/www.versiegelung24.com\/fr\/product\/percent-c2-percent\/#primaryimage"},"image":{"@id":"https:\/\/www.versiegelung24.com\/fr\/product\/percent-c2-percent\/#primaryimage"},"thumbnailUrl":"https:\/\/www.versiegelung24.com\/wp-content\/uploads\/2022\/11\/Tiosept-Schachtel-rechts.jpg","datePublished":"2022-11-29T13:50:46+00:00","dateModified":"2025-01-05T16:42:25+00:00","breadcrumb":{"@id":"https:\/\/www.versiegelung24.com\/fr\/product\/percent-c2-percent\/#breadcrumb"},"inLanguage":"fr-FR","potentialAction":[{"@type":"ReadAction","target":["https:\/\/www.versiegelung24.com\/fr\/product\/percent-c2-percent\/"]}]},{"@type":"ImageObject","inLanguage":"fr-FR","@id":"https:\/\/www.versiegelung24.com\/fr\/product\/percent-c2-percent\/#primaryimage","url":"https:\/\/www.versiegelung24.com\/wp-content\/uploads\/2022\/11\/Tiosept-Schachtel-rechts.jpg","contentUrl":"https:\/\/www.versiegelung24.com\/wp-content\/uploads\/2022\/11\/Tiosept-Schachtel-rechts.jpg","width":1668,"height":1568},{"@type":"BreadcrumbList","@id":"https:\/\/www.versiegelung24.com\/fr\/product\/percent-c2-percent\/#breadcrumb","itemListElement":[{"@type":"ListItem","position":1,"name":"Page d'accueil","item":"https:\/\/www.versiegelung24.com\/fr\/front\/"},{"@type":"ListItem","position":2,"name":"Boutique","item":"https:\/\/www.versiegelung24.com\/fr\/boutique-2\/"},{"@type":"ListItem","position":3,"name":"TiOSEPT\u00ae SG-55 Protection de surface longue dur\u00e9e, 20 kits pour 1m\u00b2 chacun"}]},{"@type":"WebSite","@id":"https:\/\/www.versiegelung24.com\/fr\/#website","url":"https:\/\/www.versiegelung24.com\/fr\/","name":"versiegelung24.com","description":"Fl\u00fcssigglas-Versiegelung - Made in Germany","publisher":{"@id":"https:\/\/www.versiegelung24.com\/fr\/#organization"},"potentialAction":[{"@type":"SearchAction","target":{"@type":"EntryPoint","urlTemplate":"https:\/\/www.versiegelung24.com\/fr\/?s={search_term_string}"},"query-input":{"@type":"PropertyValueSpecification","valueRequired":true,"valueName":"search_term_string"}}],"inLanguage":"fr-FR"},{"@type":"Organization","@id":"https:\/\/www.versiegelung24.com\/fr\/#organization","name":"versiegelung24","url":"https:\/\/www.versiegelung24.com\/fr\/","logo":{"@type":"ImageObject","inLanguage":"fr-FR","@id":"https:\/\/www.versiegelung24.com\/fr\/#\/schema\/logo\/image\/","url":"https:\/\/www.versiegelung24.com\/wp-content\/uploads\/2020\/04\/versiegelung24.png","contentUrl":"https:\/\/www.versiegelung24.com\/wp-content\/uploads\/2020\/04\/versiegelung24.png","width":470,"height":102,"caption":"versiegelung24"},"image":{"@id":"https:\/\/www.versiegelung24.com\/fr\/#\/schema\/logo\/image\/"}}]},"product_price_amount":"79.99","product_price_currency":"EUR","og_availability":"backorder","product_availability":"available for order","product_retailer_item_id":"TiOS-SG55-SA1-20","product_condition":"new"},"_links":{"self":[{"href":"https:\/\/www.versiegelung24.com\/fr\/wp-json\/wp\/v2\/product\/94873","targetHints":{"allow":["GET"]}}],"collection":[{"href":"https:\/\/www.versiegelung24.com\/fr\/wp-json\/wp\/v2\/product"}],"about":[{"href":"https:\/\/www.versiegelung24.com\/fr\/wp-json\/wp\/v2\/types\/product"}],"version-history":[{"count":13,"href":"https:\/\/www.versiegelung24.com\/fr\/wp-json\/wp\/v2\/product\/94873\/revisions"}],"predecessor-version":[{"id":171377,"href":"https:\/\/www.versiegelung24.com\/fr\/wp-json\/wp\/v2\/product\/94873\/revisions\/171377"}],"wp:featuredmedia":[{"embeddable":true,"href":"https:\/\/www.versiegelung24.com\/fr\/wp-json\/wp\/v2\/media\/94924"}],"wp:attachment":[{"href":"https:\/\/www.versiegelung24.com\/fr\/wp-json\/wp\/v2\/media?parent=94873"}],"wp:term":[{"taxonomy":"product_brand","embeddable":true,"href":"https:\/\/www.versiegelung24.com\/fr\/wp-json\/wp\/v2\/product_brand?post=94873"},{"taxonomy":"product_cat","embeddable":true,"href":"https:\/\/www.versiegelung24.com\/fr\/wp-json\/wp\/v2\/product_cat?post=94873"},{"taxonomy":"product_tag","embeddable":true,"href":"https:\/\/www.versiegelung24.com\/fr\/wp-json\/wp\/v2\/product_tag?post=94873"}],"curies":[{"name":"wp","href":"https:\/\/api.w.org\/{rel}","templated":true}]}}