{"id":22073,"date":"2021-08-02T20:19:30","date_gmt":"2021-08-02T18:19:30","guid":{"rendered":"https:\/\/www.versiegelung24.com\/otisak"},"modified":"2024-05-05T11:00:52","modified_gmt":"2024-05-05T09:00:52","slug":"otisak","status":"publish","type":"page","link":"https:\/\/www.versiegelung24.com\/hr\/otisak\/","title":{"rendered":"otisak"},"content":{"rendered":"\n<p><strong>Obrada narud\u017ebe i pla\u0107anja<\/strong><\/p>\n\n<p>Holger K\u00e4ding<br\/>U Ellmenu 14<br\/>53773 Hennef<br\/>Njema\u010dka<\/p>\n\n<p>Tel.: 02242-9695650<br\/>E -po\u0161ta: info@versiegelung24.com<br\/>Porezni identifikacijski broj za promet prema \u00a7 27 a Zakona o porezu na promet: DE213785156<\/p>\n\n<p><strong>Detalji Ra\u010duna<\/strong><\/p>\n\n<p>Primatelj: Holger K\u00e4ding<br\/>IBAN: DE30370502990011006269<br\/>BIC \/ SWIFT: KOKOS33<br\/>Kreissparkasse K\u00f6ln<\/p>\n\n<p><strong>Vlasnik i odgovoran za sadr\u017eaj prema \u00a7 6 MDStV:<\/strong><\/p>\n\n<p>Bastian Walger &#8211; Digitalni marketing<br\/>Brodogradili\u0161te Agrippina 6<br\/>50678 K\u00f6ln<\/p>\n\n<p>Porezni identifikacijski broj za promet prema \u00a7 27 Zakona o porezu na promet:<br\/>DE241077366<\/p>\n\n<p>Platforma Europske komisije za rje\u0161avanje sporova putem interneta:<a href=\"https:\/\/ec.europa.eu\/consumers\/odr\" target=\"_blank\" rel=\"noreferrer noopener\"> www.ec.europa.eu\/consumers\/odr<\/a><\/p>\n\n<p>Nismo niti du\u017eni niti voljni sudjelovati u postupku rje\u0161avanja sporova pred potro\u0161a\u010dkim arbitra\u017enim odborom.<\/p>\n\n<p><strong>Zasluge za fotografije<\/strong><\/p>\n\n<p>Alat za uklanjanje grafita -&gt; istockphoto \/ schfer<br\/>Za\u0161titni premaz protiv grafita -&gt; istockphoto \/ MachineHeadz<\/p>\n\n<p>Bykfa\/Depositphotos.com<br\/>iulal\/Depositphotos.com<br\/>hodim\/Depositphotos.com<br\/>sergiibaibak\/Depositphotos.com<br\/>HunterBliss\/Depositphotos.com<\/p>\n","protected":false},"excerpt":{"rendered":"<p>Obrada narud\u017ebe i pla\u0107anja Holger K\u00e4dingU Ellmenu 1453773 HennefNjema\u010dka Tel.: 02242-9695650E -po\u0161ta: info@versiegelung24.comPorezni identifikacijski broj za promet prema \u00a7 27 a Zakona o porezu na promet: DE213785156 Detalji Ra\u010duna Primatelj: Holger K\u00e4dingIBAN: DE30370502990011006269BIC \/ SWIFT: KOKOS33Kreissparkasse K\u00f6ln Vlasnik i odgovoran za sadr\u017eaj prema \u00a7 6 MDStV: Bastian Walger &#8211; Digitalni marketingBrodogradili\u0161te Agrippina 650678 K\u00f6ln Porezni&hellip;&nbsp;<a href=\"https:\/\/www.versiegelung24.com\/hr\/otisak\/\" rel=\"bookmark\">Read More &raquo;<span class=\"screen-reader-text\">otisak<\/span><\/a><\/p>\n","protected":false},"author":932,"featured_media":70706,"parent":0,"menu_order":0,"comment_status":"closed","ping_status":"closed","template":"","meta":{"_acf_changed":false,"neve_meta_sidebar":"","neve_meta_container":"","neve_meta_enable_content_width":"","neve_meta_content_width":0,"neve_meta_title_alignment":"","neve_meta_author_avatar":"","neve_post_elements_order":"","neve_meta_disable_header":"","neve_meta_disable_footer":"","neve_meta_disable_title":"","neve_meta_reading_time":"","footnotes":""},"categories":[],"seiten_kategorie":[],"class_list":["post-22073","page","type-page","status-publish","has-post-thumbnail","hentry"],"acf":[],"yoast_head":"<!-- This site is optimized with the Yoast SEO Premium plugin v22.8 (Yoast SEO v27.5) - https:\/\/yoast.com\/product\/yoast-seo-premium-wordpress\/ -->\n<title>otisak - versiegelung24.com<\/title>\n<meta name=\"robots\" content=\"index, follow, max-snippet:-1, max-image-preview:large, max-video-preview:-1\" \/>\n<link rel=\"canonical\" href=\"https:\/\/www.versiegelung24.com\/hr\/otisak\/\" \/>\n<meta property=\"og:locale\" content=\"hr_HR\" \/>\n<meta property=\"og:type\" content=\"article\" \/>\n<meta property=\"og:title\" content=\"otisak\" \/>\n<meta property=\"og:description\" content=\"Obrada narud\u017ebe i pla\u0107anja Holger K\u00e4dingU Ellmenu 1453773 HennefNjema\u010dka Tel.: 02242-9695650E -po\u0161ta: info@versiegelung24.comPorezni identifikacijski broj za promet prema \u00a7 27 a Zakona o porezu na promet: DE213785156 Detalji Ra\u010duna Primatelj: Holger K\u00e4dingIBAN: DE30370502990011006269BIC \/ SWIFT: KOKOS33Kreissparkasse K\u00f6ln Vlasnik i odgovoran za sadr\u017eaj prema \u00a7 6 MDStV: Bastian Walger &#8211; Digitalni marketingBrodogradili\u0161te Agrippina 650678 K\u00f6ln Porezni&hellip;&nbsp;Read More &raquo;otisak\" \/>\n<meta property=\"og:url\" content=\"https:\/\/www.versiegelung24.com\/hr\/otisak\/\" \/>\n<meta property=\"og:site_name\" content=\"versiegelung24.com\" \/>\n<meta property=\"article:modified_time\" content=\"2024-05-05T09:00:52+00:00\" \/>\n<meta property=\"og:image\" content=\"https:\/\/www.versiegelung24.com\/wp-content\/uploads\/2022\/02\/Impressum.png\" \/>\n\t<meta property=\"og:image:width\" content=\"2000\" \/>\n\t<meta property=\"og:image:height\" content=\"2000\" \/>\n\t<meta property=\"og:image:type\" content=\"image\/png\" \/>\n<meta name=\"twitter:card\" content=\"summary_large_image\" \/>\n<meta name=\"twitter:label1\" content=\"Procijenjeno vrijeme \u010ditanja\" \/>\n\t<meta name=\"twitter:data1\" content=\"1 minuta\" \/>\n<script type=\"application\/ld+json\" class=\"yoast-schema-graph\">{\"@context\":\"https:\\\/\\\/schema.org\",\"@graph\":[{\"@type\":\"WebPage\",\"@id\":\"https:\\\/\\\/www.versiegelung24.com\\\/hr\\\/otisak\\\/\",\"url\":\"https:\\\/\\\/www.versiegelung24.com\\\/hr\\\/otisak\\\/\",\"name\":\"otisak - versiegelung24.com\",\"isPartOf\":{\"@id\":\"https:\\\/\\\/www.versiegelung24.com\\\/hr\\\/#website\"},\"primaryImageOfPage\":{\"@id\":\"https:\\\/\\\/www.versiegelung24.com\\\/hr\\\/otisak\\\/#primaryimage\"},\"image\":{\"@id\":\"https:\\\/\\\/www.versiegelung24.com\\\/hr\\\/otisak\\\/#primaryimage\"},\"thumbnailUrl\":\"https:\\\/\\\/www.versiegelung24.com\\\/wp-content\\\/uploads\\\/2022\\\/02\\\/Impressum.png\",\"datePublished\":\"2021-08-02T18:19:30+00:00\",\"dateModified\":\"2024-05-05T09:00:52+00:00\",\"breadcrumb\":{\"@id\":\"https:\\\/\\\/www.versiegelung24.com\\\/hr\\\/otisak\\\/#breadcrumb\"},\"inLanguage\":\"hr\",\"potentialAction\":[{\"@type\":\"ReadAction\",\"target\":[\"https:\\\/\\\/www.versiegelung24.com\\\/hr\\\/otisak\\\/\"]}]},{\"@type\":\"ImageObject\",\"inLanguage\":\"hr\",\"@id\":\"https:\\\/\\\/www.versiegelung24.com\\\/hr\\\/otisak\\\/#primaryimage\",\"url\":\"https:\\\/\\\/www.versiegelung24.com\\\/wp-content\\\/uploads\\\/2022\\\/02\\\/Impressum.png\",\"contentUrl\":\"https:\\\/\\\/www.versiegelung24.com\\\/wp-content\\\/uploads\\\/2022\\\/02\\\/Impressum.png\",\"width\":2000,\"height\":2000},{\"@type\":\"BreadcrumbList\",\"@id\":\"https:\\\/\\\/www.versiegelung24.com\\\/hr\\\/otisak\\\/#breadcrumb\",\"itemListElement\":[{\"@type\":\"ListItem\",\"position\":1,\"name\":\"Po\u010detna stranica\",\"item\":\"https:\\\/\\\/www.versiegelung24.com\\\/hr\\\/ispred\\\/\"},{\"@type\":\"ListItem\",\"position\":2,\"name\":\"otisak\"}]},{\"@type\":\"WebSite\",\"@id\":\"https:\\\/\\\/www.versiegelung24.com\\\/hr\\\/#website\",\"url\":\"https:\\\/\\\/www.versiegelung24.com\\\/hr\\\/\",\"name\":\"versiegelung24.com\",\"description\":\"Fl\u00fcssigglas-Versiegelung - Made in Germany\",\"publisher\":{\"@id\":\"https:\\\/\\\/www.versiegelung24.com\\\/hr\\\/#organization\"},\"potentialAction\":[{\"@type\":\"SearchAction\",\"target\":{\"@type\":\"EntryPoint\",\"urlTemplate\":\"https:\\\/\\\/www.versiegelung24.com\\\/hr\\\/?s={search_term_string}\"},\"query-input\":{\"@type\":\"PropertyValueSpecification\",\"valueRequired\":true,\"valueName\":\"search_term_string\"}}],\"inLanguage\":\"hr\"},{\"@type\":\"Organization\",\"@id\":\"https:\\\/\\\/www.versiegelung24.com\\\/hr\\\/#organization\",\"name\":\"versiegelung24\",\"url\":\"https:\\\/\\\/www.versiegelung24.com\\\/hr\\\/\",\"logo\":{\"@type\":\"ImageObject\",\"inLanguage\":\"hr\",\"@id\":\"https:\\\/\\\/www.versiegelung24.com\\\/hr\\\/#\\\/schema\\\/logo\\\/image\\\/\",\"url\":\"https:\\\/\\\/www.versiegelung24.com\\\/wp-content\\\/uploads\\\/2020\\\/04\\\/versiegelung24.png\",\"contentUrl\":\"https:\\\/\\\/www.versiegelung24.com\\\/wp-content\\\/uploads\\\/2020\\\/04\\\/versiegelung24.png\",\"width\":470,\"height\":102,\"caption\":\"versiegelung24\"},\"image\":{\"@id\":\"https:\\\/\\\/www.versiegelung24.com\\\/hr\\\/#\\\/schema\\\/logo\\\/image\\\/\"}}]}<\/script>\n<!-- \/ Yoast SEO Premium plugin. -->","yoast_head_json":{"title":"otisak - versiegelung24.com","robots":{"index":"index","follow":"follow","max-snippet":"max-snippet:-1","max-image-preview":"max-image-preview:large","max-video-preview":"max-video-preview:-1"},"canonical":"https:\/\/www.versiegelung24.com\/hr\/otisak\/","og_locale":"hr_HR","og_type":"article","og_title":"otisak","og_description":"Obrada narud\u017ebe i pla\u0107anja Holger K\u00e4dingU Ellmenu 1453773 HennefNjema\u010dka Tel.: 02242-9695650E -po\u0161ta: info@versiegelung24.comPorezni identifikacijski broj za promet prema \u00a7 27 a Zakona o porezu na promet: DE213785156 Detalji Ra\u010duna Primatelj: Holger K\u00e4dingIBAN: DE30370502990011006269BIC \/ SWIFT: KOKOS33Kreissparkasse K\u00f6ln Vlasnik i odgovoran za sadr\u017eaj prema \u00a7 6 MDStV: Bastian Walger &#8211; Digitalni marketingBrodogradili\u0161te Agrippina 650678 K\u00f6ln Porezni&hellip;&nbsp;Read More &raquo;otisak","og_url":"https:\/\/www.versiegelung24.com\/hr\/otisak\/","og_site_name":"versiegelung24.com","article_modified_time":"2024-05-05T09:00:52+00:00","og_image":[{"width":2000,"height":2000,"url":"https:\/\/www.versiegelung24.com\/wp-content\/uploads\/2022\/02\/Impressum.png","type":"image\/png"}],"twitter_card":"summary_large_image","twitter_misc":{"Procijenjeno vrijeme \u010ditanja":"1 minuta"},"schema":{"@context":"https:\/\/schema.org","@graph":[{"@type":"WebPage","@id":"https:\/\/www.versiegelung24.com\/hr\/otisak\/","url":"https:\/\/www.versiegelung24.com\/hr\/otisak\/","name":"otisak - versiegelung24.com","isPartOf":{"@id":"https:\/\/www.versiegelung24.com\/hr\/#website"},"primaryImageOfPage":{"@id":"https:\/\/www.versiegelung24.com\/hr\/otisak\/#primaryimage"},"image":{"@id":"https:\/\/www.versiegelung24.com\/hr\/otisak\/#primaryimage"},"thumbnailUrl":"https:\/\/www.versiegelung24.com\/wp-content\/uploads\/2022\/02\/Impressum.png","datePublished":"2021-08-02T18:19:30+00:00","dateModified":"2024-05-05T09:00:52+00:00","breadcrumb":{"@id":"https:\/\/www.versiegelung24.com\/hr\/otisak\/#breadcrumb"},"inLanguage":"hr","potentialAction":[{"@type":"ReadAction","target":["https:\/\/www.versiegelung24.com\/hr\/otisak\/"]}]},{"@type":"ImageObject","inLanguage":"hr","@id":"https:\/\/www.versiegelung24.com\/hr\/otisak\/#primaryimage","url":"https:\/\/www.versiegelung24.com\/wp-content\/uploads\/2022\/02\/Impressum.png","contentUrl":"https:\/\/www.versiegelung24.com\/wp-content\/uploads\/2022\/02\/Impressum.png","width":2000,"height":2000},{"@type":"BreadcrumbList","@id":"https:\/\/www.versiegelung24.com\/hr\/otisak\/#breadcrumb","itemListElement":[{"@type":"ListItem","position":1,"name":"Po\u010detna stranica","item":"https:\/\/www.versiegelung24.com\/hr\/ispred\/"},{"@type":"ListItem","position":2,"name":"otisak"}]},{"@type":"WebSite","@id":"https:\/\/www.versiegelung24.com\/hr\/#website","url":"https:\/\/www.versiegelung24.com\/hr\/","name":"versiegelung24.com","description":"Fl\u00fcssigglas-Versiegelung - Made in Germany","publisher":{"@id":"https:\/\/www.versiegelung24.com\/hr\/#organization"},"potentialAction":[{"@type":"SearchAction","target":{"@type":"EntryPoint","urlTemplate":"https:\/\/www.versiegelung24.com\/hr\/?s={search_term_string}"},"query-input":{"@type":"PropertyValueSpecification","valueRequired":true,"valueName":"search_term_string"}}],"inLanguage":"hr"},{"@type":"Organization","@id":"https:\/\/www.versiegelung24.com\/hr\/#organization","name":"versiegelung24","url":"https:\/\/www.versiegelung24.com\/hr\/","logo":{"@type":"ImageObject","inLanguage":"hr","@id":"https:\/\/www.versiegelung24.com\/hr\/#\/schema\/logo\/image\/","url":"https:\/\/www.versiegelung24.com\/wp-content\/uploads\/2020\/04\/versiegelung24.png","contentUrl":"https:\/\/www.versiegelung24.com\/wp-content\/uploads\/2020\/04\/versiegelung24.png","width":470,"height":102,"caption":"versiegelung24"},"image":{"@id":"https:\/\/www.versiegelung24.com\/hr\/#\/schema\/logo\/image\/"}}]}},"_links":{"self":[{"href":"https:\/\/www.versiegelung24.com\/hr\/wp-json\/wp\/v2\/pages\/22073","targetHints":{"allow":["GET"]}}],"collection":[{"href":"https:\/\/www.versiegelung24.com\/hr\/wp-json\/wp\/v2\/pages"}],"about":[{"href":"https:\/\/www.versiegelung24.com\/hr\/wp-json\/wp\/v2\/types\/page"}],"author":[{"embeddable":true,"href":"https:\/\/www.versiegelung24.com\/hr\/wp-json\/wp\/v2\/users\/932"}],"replies":[{"embeddable":true,"href":"https:\/\/www.versiegelung24.com\/hr\/wp-json\/wp\/v2\/comments?post=22073"}],"version-history":[{"count":5,"href":"https:\/\/www.versiegelung24.com\/hr\/wp-json\/wp\/v2\/pages\/22073\/revisions"}],"predecessor-version":[{"id":160694,"href":"https:\/\/www.versiegelung24.com\/hr\/wp-json\/wp\/v2\/pages\/22073\/revisions\/160694"}],"wp:featuredmedia":[{"embeddable":true,"href":"https:\/\/www.versiegelung24.com\/hr\/wp-json\/wp\/v2\/media\/70706"}],"wp:attachment":[{"href":"https:\/\/www.versiegelung24.com\/hr\/wp-json\/wp\/v2\/media?parent=22073"}],"wp:term":[{"taxonomy":"category","embeddable":true,"href":"https:\/\/www.versiegelung24.com\/hr\/wp-json\/wp\/v2\/categories?post=22073"},{"taxonomy":"seiten_kategorie","embeddable":true,"href":"https:\/\/www.versiegelung24.com\/hr\/wp-json\/wp\/v2\/seiten_kategorie?post=22073"}],"curies":[{"name":"wp","href":"https:\/\/api.w.org\/{rel}","templated":true}]}}