{"id":22425,"date":"2021-08-02T20:41:33","date_gmt":"2021-08-02T18:41:33","guid":{"rendered":"https:\/\/www.versiegelung24.com\/pravila-otkazivanja-i-obrazac-za-otkazivanje"},"modified":"2024-06-25T20:51:17","modified_gmt":"2024-06-25T18:51:17","slug":"pravo-na-odustanak","status":"publish","type":"page","link":"https:\/\/www.versiegelung24.com\/hr\/pravo-na-odustanak\/","title":{"rendered":"Pravila otkazivanja i obrazac za otkazivanje"},"content":{"rendered":"<div class=\"main-container col1-layout\">\n<div class=\"main container\">\n<div class=\"inner-container\">\n<div class=\"col-main\">\n<div class=\"std\">\n<p>Potro\u0161a\u010di imaju pravo na odustajanje u skladu sa sljede\u0107im odredbama, prema kojima je potro\u0161a\u010d svaka fizi\u010dka osoba koja zaklju\u010duje pravni posao u svrhe koje prete\u017eno nisu niti komercijalne niti samozaposlene:<\/p>\n<p><strong>A. Politika otkazivanja<\/strong><\/p>\n<p><strong>Pravo na odustajanje<br \/>\n<\/strong> Imate pravo odustati od ovog ugovora u roku od 14 dana bez navo\u0111enja razloga.<\/p>\n<p>Rok za otkazivanje je 14 dana od dana kada ste vi ili tre\u0107a strana koju ste imenovali, a koja nije prijevoznik, preuzeli posjed posljednje robe.<\/p>\n<p>Kako biste iskoristili svoje pravo na povla\u010denje, morate nam poslati (Holger K\u00e4ding, An den Ellmen 14, 53773 Hennef, Tel.: 02242-9695650, e-po\u0161ta: info@versiegelung24.com) jasnu izjavu (npr. poslano pismo ili e. -mail) o va\u0161oj odluci o povla\u010denju iz ovog ugovora. U tu svrhu mo\u017eete koristiti prilo\u017eeni obrazac za odustajanje, ali to nije obvezno.<\/p>\n<p>Kako biste ispunili rok za otkazivanje, dovoljno je da po\u0161aljete obavijest o ostvarivanju prava na otkazivanje prije nego \u0161to istekne rok za otkazivanje.<\/p>\n<p><strong>Posljedice opoziva<\/strong><br \/>\n Ako otka\u017eete ovaj ugovor, morat \u0107emo vam platiti sve uplate koje smo primili od vas, uklju\u010duju\u0107i tro\u0161kove dostave (osim dodatnih tro\u0161kova koji proizlaze iz odabira na\u010dina isporuke koji nije najjeftinija standardna isporuka koju nudimo) koje treba vratiti odmah, a najkasnije u roku od \u010detrnaest dana od dana kada smo primili obavijest o va\u0161em raskidu ovog ugovora. Za ovu otplatu koristit \u0107emo ista sredstva pla\u0107anja koja ste koristili za izvornu transakciju, osim ako je s vama izri\u010dito dogovoreno ne\u0161to drugo; Ni u kojem slu\u010daju ne\u0107e vam se naplatiti nikakva naknada za ovu otplatu. Mo\u017eemo odbiti otplatu sve dok ne primimo robu natrag ili dok ne dostavite dokaze da ste robu vratili, ovisno o tome \u0161to je ranije.<\/p>\n<p>Robu nam morate vratiti ili predati odmah, a u svakom slu\u010daju najkasnije u roku od \u010detrnaest dana od datuma na koji ste nas obavijestili o raskidu ovog ugovora. Rok je ispunjen ako robu po\u0161aljete prije isteka \u010detrnaest dana.<\/p>\n<p>Izravne tro\u0161kove povrata robe snosite sami.<\/p>\n<p>Za gubitak vrijednosti robe morate platiti samo ako je do gubitka vrijednosti do\u0161lo zbog rukovanja robom koja nije potrebna za provjeru prirode, svojstava i funkcionalnosti robe.<\/p>\n<p>Izuzimanje ili prijevremeni prestanak prava na odustajanje<\/p>\n<p>Pravo na odustajanje prerano isti\u010de u slu\u010daju ugovora o isporuci audio ili video zapisa ili ra\u010dunalnog softvera u zape\u010da\u0107enom pakiranju ako je pe\u010dat uklonjen nakon isporuke.<\/p>\n<p><strong>B. Obrazac za odustajanje<\/strong><\/p>\n<p>Ako \u017eelite otkazati ugovor, ispunite ovaj obrazac i po\u0161aljite ga natrag.<\/p>\n<p>Na<\/p>\n<p>samstore.de<\/p>\n<p>Holger K\u00e4ding<br \/>\nU Ellmenu 14<br \/>\n53773 Hennef<br \/>\nNjema\u010dka<br \/>\nE -po\u0161ta: info@versiegelung24.com<\/p>\n<p>Ja \/ mi (*) ovim opozivam ugovor koji sam zaklju\u010dio \/ ja (*) o kupnji sljede\u0107e robe (*) \/ pru\u017eanju sljede\u0107e usluge (*)<\/p>\n<p>_______________________________________________________<\/p>\n<p>_______________________________________________________<\/p>\n<p>Naru\u010deno (*) ____________ \/ primljeno (*) __________________<\/p>\n<p>________________________________________________________<\/p>\n<p>Ime potro\u0161a\u010da<\/p>\n<p>________________________________________________________<\/p>\n<p>Adresa potro\u0161a\u010da<\/p>\n<p>________________________________________________________<\/p>\n<p>Potpis potro\u0161a\u010da (samo ako je to saop\u0107eno na papiru)<\/p>\n<p>_________________________<\/p>\n<p>datum<\/p>\n<p>(*) Izbri\u0161ite gdje se ne mo\u017ee primijeniti<\/p>\n<\/div>\n<\/div>\n<div class=\"postscript\"><\/div>\n<\/div>\n<\/div>\n<div class=\"main-bottom-container\"><\/div>\n<\/div>\n<div class=\"footer-container\">\n<div class=\"footer-container2\">\n<div class=\"footer-container3\">\n<div class=\"footer-primary-container section-container\">\n<div class=\"footer-primary footer container\">\n<div class=\"inner-container\">\n<div class=\"clearer\">\n<div class=\"grid12-3\">\n<div class=\"std\">\n<div class=\"collapsible mobile-collapsible\"><\/div>\n<\/div>\n<\/div>\n<\/div>\n<\/div>\n<\/div>\n<\/div>\n<\/div>\n<\/div>\n<\/div>\n","protected":false},"excerpt":{"rendered":"<p>Potro\u0161a\u010di imaju pravo na odustajanje u skladu sa sljede\u0107im odredbama, prema kojima je potro\u0161a\u010d svaka fizi\u010dka osoba koja zaklju\u010duje pravni posao u svrhe koje prete\u017eno nisu niti komercijalne niti samozaposlene: A. Politika otkazivanja Pravo na odustajanje Imate pravo odustati od ovog ugovora u roku od 14 dana bez navo\u0111enja razloga. Rok za otkazivanje je 14&hellip;&nbsp;<a href=\"https:\/\/www.versiegelung24.com\/hr\/pravo-na-odustanak\/\" rel=\"bookmark\">Read More &raquo;<span class=\"screen-reader-text\">Pravila otkazivanja i obrazac za otkazivanje<\/span><\/a><\/p>\n","protected":false},"author":932,"featured_media":71016,"parent":0,"menu_order":0,"comment_status":"closed","ping_status":"closed","template":"","meta":{"_acf_changed":false,"neve_meta_sidebar":"","neve_meta_container":"","neve_meta_enable_content_width":"","neve_meta_content_width":0,"neve_meta_title_alignment":"","neve_meta_author_avatar":"","neve_post_elements_order":"","neve_meta_disable_header":"","neve_meta_disable_footer":"","neve_meta_disable_title":"","neve_meta_reading_time":"","footnotes":""},"categories":[],"seiten_kategorie":[],"class_list":["post-22425","page","type-page","status-publish","has-post-thumbnail","hentry"],"acf":[],"yoast_head":"<!-- This site is optimized with the Yoast SEO Premium plugin v22.8 (Yoast SEO v27.5) - https:\/\/yoast.com\/product\/yoast-seo-premium-wordpress\/ -->\n<title>Pravila otkazivanja i obrazac za otkazivanje - versiegelung24.com<\/title>\n<meta name=\"robots\" content=\"index, follow, max-snippet:-1, max-image-preview:large, max-video-preview:-1\" \/>\n<link rel=\"canonical\" href=\"https:\/\/www.versiegelung24.com\/hr\/pravo-na-odustanak\/\" \/>\n<meta property=\"og:locale\" content=\"hr_HR\" \/>\n<meta property=\"og:type\" content=\"article\" \/>\n<meta property=\"og:title\" content=\"Pravila otkazivanja i obrazac za otkazivanje\" \/>\n<meta property=\"og:description\" content=\"Potro\u0161a\u010di imaju pravo na odustajanje u skladu sa sljede\u0107im odredbama, prema kojima je potro\u0161a\u010d svaka fizi\u010dka osoba koja zaklju\u010duje pravni posao u svrhe koje prete\u017eno nisu niti komercijalne niti samozaposlene: A. Politika otkazivanja Pravo na odustajanje Imate pravo odustati od ovog ugovora u roku od 14 dana bez navo\u0111enja razloga. Rok za otkazivanje je 14&hellip;&nbsp;Read More &raquo;Pravila otkazivanja i obrazac za otkazivanje\" \/>\n<meta property=\"og:url\" content=\"https:\/\/www.versiegelung24.com\/hr\/pravo-na-odustanak\/\" \/>\n<meta property=\"og:site_name\" content=\"versiegelung24.com\" \/>\n<meta property=\"article:modified_time\" content=\"2024-06-25T18:51:17+00:00\" \/>\n<meta property=\"og:image\" content=\"https:\/\/www.versiegelung24.com\/wp-content\/uploads\/2022\/02\/Widerruf.png\" \/>\n\t<meta property=\"og:image:width\" content=\"2000\" \/>\n\t<meta property=\"og:image:height\" content=\"2000\" \/>\n\t<meta property=\"og:image:type\" content=\"image\/png\" \/>\n<meta name=\"twitter:card\" content=\"summary_large_image\" \/>\n<meta name=\"twitter:label1\" content=\"Procijenjeno vrijeme \u010ditanja\" \/>\n\t<meta name=\"twitter:data1\" content=\"2 minute\" \/>\n<script type=\"application\/ld+json\" class=\"yoast-schema-graph\">{\"@context\":\"https:\\\/\\\/schema.org\",\"@graph\":[{\"@type\":\"WebPage\",\"@id\":\"https:\\\/\\\/www.versiegelung24.com\\\/hr\\\/pravo-na-odustanak\\\/\",\"url\":\"https:\\\/\\\/www.versiegelung24.com\\\/hr\\\/pravo-na-odustanak\\\/\",\"name\":\"Pravila otkazivanja i obrazac za otkazivanje - versiegelung24.com\",\"isPartOf\":{\"@id\":\"https:\\\/\\\/www.versiegelung24.com\\\/hr\\\/#website\"},\"primaryImageOfPage\":{\"@id\":\"https:\\\/\\\/www.versiegelung24.com\\\/hr\\\/pravo-na-odustanak\\\/#primaryimage\"},\"image\":{\"@id\":\"https:\\\/\\\/www.versiegelung24.com\\\/hr\\\/pravo-na-odustanak\\\/#primaryimage\"},\"thumbnailUrl\":\"https:\\\/\\\/www.versiegelung24.com\\\/wp-content\\\/uploads\\\/2022\\\/02\\\/Widerruf.png\",\"datePublished\":\"2021-08-02T18:41:33+00:00\",\"dateModified\":\"2024-06-25T18:51:17+00:00\",\"breadcrumb\":{\"@id\":\"https:\\\/\\\/www.versiegelung24.com\\\/hr\\\/pravo-na-odustanak\\\/#breadcrumb\"},\"inLanguage\":\"hr\",\"potentialAction\":[{\"@type\":\"ReadAction\",\"target\":[\"https:\\\/\\\/www.versiegelung24.com\\\/hr\\\/pravo-na-odustanak\\\/\"]}]},{\"@type\":\"ImageObject\",\"inLanguage\":\"hr\",\"@id\":\"https:\\\/\\\/www.versiegelung24.com\\\/hr\\\/pravo-na-odustanak\\\/#primaryimage\",\"url\":\"https:\\\/\\\/www.versiegelung24.com\\\/wp-content\\\/uploads\\\/2022\\\/02\\\/Widerruf.png\",\"contentUrl\":\"https:\\\/\\\/www.versiegelung24.com\\\/wp-content\\\/uploads\\\/2022\\\/02\\\/Widerruf.png\",\"width\":2000,\"height\":2000},{\"@type\":\"BreadcrumbList\",\"@id\":\"https:\\\/\\\/www.versiegelung24.com\\\/hr\\\/pravo-na-odustanak\\\/#breadcrumb\",\"itemListElement\":[{\"@type\":\"ListItem\",\"position\":1,\"name\":\"Po\u010detna stranica\",\"item\":\"https:\\\/\\\/www.versiegelung24.com\\\/hr\\\/ispred\\\/\"},{\"@type\":\"ListItem\",\"position\":2,\"name\":\"Pravila otkazivanja i obrazac za otkazivanje\"}]},{\"@type\":\"WebSite\",\"@id\":\"https:\\\/\\\/www.versiegelung24.com\\\/hr\\\/#website\",\"url\":\"https:\\\/\\\/www.versiegelung24.com\\\/hr\\\/\",\"name\":\"versiegelung24.com\",\"description\":\"Fl\u00fcssigglas-Versiegelung - Made in Germany\",\"publisher\":{\"@id\":\"https:\\\/\\\/www.versiegelung24.com\\\/hr\\\/#organization\"},\"potentialAction\":[{\"@type\":\"SearchAction\",\"target\":{\"@type\":\"EntryPoint\",\"urlTemplate\":\"https:\\\/\\\/www.versiegelung24.com\\\/hr\\\/?s={search_term_string}\"},\"query-input\":{\"@type\":\"PropertyValueSpecification\",\"valueRequired\":true,\"valueName\":\"search_term_string\"}}],\"inLanguage\":\"hr\"},{\"@type\":\"Organization\",\"@id\":\"https:\\\/\\\/www.versiegelung24.com\\\/hr\\\/#organization\",\"name\":\"versiegelung24\",\"url\":\"https:\\\/\\\/www.versiegelung24.com\\\/hr\\\/\",\"logo\":{\"@type\":\"ImageObject\",\"inLanguage\":\"hr\",\"@id\":\"https:\\\/\\\/www.versiegelung24.com\\\/hr\\\/#\\\/schema\\\/logo\\\/image\\\/\",\"url\":\"https:\\\/\\\/www.versiegelung24.com\\\/wp-content\\\/uploads\\\/2020\\\/04\\\/versiegelung24.png\",\"contentUrl\":\"https:\\\/\\\/www.versiegelung24.com\\\/wp-content\\\/uploads\\\/2020\\\/04\\\/versiegelung24.png\",\"width\":470,\"height\":102,\"caption\":\"versiegelung24\"},\"image\":{\"@id\":\"https:\\\/\\\/www.versiegelung24.com\\\/hr\\\/#\\\/schema\\\/logo\\\/image\\\/\"}}]}<\/script>\n<!-- \/ Yoast SEO Premium plugin. -->","yoast_head_json":{"title":"Pravila otkazivanja i obrazac za otkazivanje - versiegelung24.com","robots":{"index":"index","follow":"follow","max-snippet":"max-snippet:-1","max-image-preview":"max-image-preview:large","max-video-preview":"max-video-preview:-1"},"canonical":"https:\/\/www.versiegelung24.com\/hr\/pravo-na-odustanak\/","og_locale":"hr_HR","og_type":"article","og_title":"Pravila otkazivanja i obrazac za otkazivanje","og_description":"Potro\u0161a\u010di imaju pravo na odustajanje u skladu sa sljede\u0107im odredbama, prema kojima je potro\u0161a\u010d svaka fizi\u010dka osoba koja zaklju\u010duje pravni posao u svrhe koje prete\u017eno nisu niti komercijalne niti samozaposlene: A. Politika otkazivanja Pravo na odustajanje Imate pravo odustati od ovog ugovora u roku od 14 dana bez navo\u0111enja razloga. Rok za otkazivanje je 14&hellip;&nbsp;Read More &raquo;Pravila otkazivanja i obrazac za otkazivanje","og_url":"https:\/\/www.versiegelung24.com\/hr\/pravo-na-odustanak\/","og_site_name":"versiegelung24.com","article_modified_time":"2024-06-25T18:51:17+00:00","og_image":[{"width":2000,"height":2000,"url":"https:\/\/www.versiegelung24.com\/wp-content\/uploads\/2022\/02\/Widerruf.png","type":"image\/png"}],"twitter_card":"summary_large_image","twitter_misc":{"Procijenjeno vrijeme \u010ditanja":"2 minute"},"schema":{"@context":"https:\/\/schema.org","@graph":[{"@type":"WebPage","@id":"https:\/\/www.versiegelung24.com\/hr\/pravo-na-odustanak\/","url":"https:\/\/www.versiegelung24.com\/hr\/pravo-na-odustanak\/","name":"Pravila otkazivanja i obrazac za otkazivanje - versiegelung24.com","isPartOf":{"@id":"https:\/\/www.versiegelung24.com\/hr\/#website"},"primaryImageOfPage":{"@id":"https:\/\/www.versiegelung24.com\/hr\/pravo-na-odustanak\/#primaryimage"},"image":{"@id":"https:\/\/www.versiegelung24.com\/hr\/pravo-na-odustanak\/#primaryimage"},"thumbnailUrl":"https:\/\/www.versiegelung24.com\/wp-content\/uploads\/2022\/02\/Widerruf.png","datePublished":"2021-08-02T18:41:33+00:00","dateModified":"2024-06-25T18:51:17+00:00","breadcrumb":{"@id":"https:\/\/www.versiegelung24.com\/hr\/pravo-na-odustanak\/#breadcrumb"},"inLanguage":"hr","potentialAction":[{"@type":"ReadAction","target":["https:\/\/www.versiegelung24.com\/hr\/pravo-na-odustanak\/"]}]},{"@type":"ImageObject","inLanguage":"hr","@id":"https:\/\/www.versiegelung24.com\/hr\/pravo-na-odustanak\/#primaryimage","url":"https:\/\/www.versiegelung24.com\/wp-content\/uploads\/2022\/02\/Widerruf.png","contentUrl":"https:\/\/www.versiegelung24.com\/wp-content\/uploads\/2022\/02\/Widerruf.png","width":2000,"height":2000},{"@type":"BreadcrumbList","@id":"https:\/\/www.versiegelung24.com\/hr\/pravo-na-odustanak\/#breadcrumb","itemListElement":[{"@type":"ListItem","position":1,"name":"Po\u010detna stranica","item":"https:\/\/www.versiegelung24.com\/hr\/ispred\/"},{"@type":"ListItem","position":2,"name":"Pravila otkazivanja i obrazac za otkazivanje"}]},{"@type":"WebSite","@id":"https:\/\/www.versiegelung24.com\/hr\/#website","url":"https:\/\/www.versiegelung24.com\/hr\/","name":"versiegelung24.com","description":"Fl\u00fcssigglas-Versiegelung - Made in Germany","publisher":{"@id":"https:\/\/www.versiegelung24.com\/hr\/#organization"},"potentialAction":[{"@type":"SearchAction","target":{"@type":"EntryPoint","urlTemplate":"https:\/\/www.versiegelung24.com\/hr\/?s={search_term_string}"},"query-input":{"@type":"PropertyValueSpecification","valueRequired":true,"valueName":"search_term_string"}}],"inLanguage":"hr"},{"@type":"Organization","@id":"https:\/\/www.versiegelung24.com\/hr\/#organization","name":"versiegelung24","url":"https:\/\/www.versiegelung24.com\/hr\/","logo":{"@type":"ImageObject","inLanguage":"hr","@id":"https:\/\/www.versiegelung24.com\/hr\/#\/schema\/logo\/image\/","url":"https:\/\/www.versiegelung24.com\/wp-content\/uploads\/2020\/04\/versiegelung24.png","contentUrl":"https:\/\/www.versiegelung24.com\/wp-content\/uploads\/2020\/04\/versiegelung24.png","width":470,"height":102,"caption":"versiegelung24"},"image":{"@id":"https:\/\/www.versiegelung24.com\/hr\/#\/schema\/logo\/image\/"}}]}},"_links":{"self":[{"href":"https:\/\/www.versiegelung24.com\/hr\/wp-json\/wp\/v2\/pages\/22425","targetHints":{"allow":["GET"]}}],"collection":[{"href":"https:\/\/www.versiegelung24.com\/hr\/wp-json\/wp\/v2\/pages"}],"about":[{"href":"https:\/\/www.versiegelung24.com\/hr\/wp-json\/wp\/v2\/types\/page"}],"author":[{"embeddable":true,"href":"https:\/\/www.versiegelung24.com\/hr\/wp-json\/wp\/v2\/users\/932"}],"replies":[{"embeddable":true,"href":"https:\/\/www.versiegelung24.com\/hr\/wp-json\/wp\/v2\/comments?post=22425"}],"version-history":[{"count":3,"href":"https:\/\/www.versiegelung24.com\/hr\/wp-json\/wp\/v2\/pages\/22425\/revisions"}],"predecessor-version":[{"id":167653,"href":"https:\/\/www.versiegelung24.com\/hr\/wp-json\/wp\/v2\/pages\/22425\/revisions\/167653"}],"wp:featuredmedia":[{"embeddable":true,"href":"https:\/\/www.versiegelung24.com\/hr\/wp-json\/wp\/v2\/media\/71016"}],"wp:attachment":[{"href":"https:\/\/www.versiegelung24.com\/hr\/wp-json\/wp\/v2\/media?parent=22425"}],"wp:term":[{"taxonomy":"category","embeddable":true,"href":"https:\/\/www.versiegelung24.com\/hr\/wp-json\/wp\/v2\/categories?post=22425"},{"taxonomy":"seiten_kategorie","embeddable":true,"href":"https:\/\/www.versiegelung24.com\/hr\/wp-json\/wp\/v2\/seiten_kategorie?post=22425"}],"curies":[{"name":"wp","href":"https:\/\/api.w.org\/{rel}","templated":true}]}}