{"id":22442,"date":"2021-08-02T20:42:16","date_gmt":"2021-08-02T18:42:16","guid":{"rendered":"https:\/\/www.versiegelung24.com\/kupite-proizvode-ccm-gmbh-u-internetskoj-trgovini"},"modified":"2024-06-25T20:51:46","modified_gmt":"2024-06-25T18:51:46","slug":"o-ccm-gmbh","status":"publish","type":"page","link":"https:\/\/www.versiegelung24.com\/hr\/kupite-proizvode-ccm-gmbh-u-internetskoj-trgovini\/","title":{"rendered":"Kupite proizvode CCM GmbH u internetskoj trgovini"},"content":{"rendered":"<h2><span style=\"color: var(--nv-text-color);font-family: Graphik,-apple-system,BlinkMacSystemFont,Segoe UI,var(--nv-fallback-ff);font-size: 2em;font-weight: 600;background-color: var(--nv-site-bg)\">Kupujte proizvode tvrtke CCM GmbH iz Overatha \/ Njema\u010dka u internetskoj trgovini<\/span><\/h2>\n<div class=\"std\">\n<div>\n<figure id=\"attachment_15228\" aria-describedby=\"caption-attachment-15228\" style=\"width: 300px\" class=\"wp-caption alignleft\"><a href=\"https:\/\/www.versiegelung24.com\/wp-content\/uploads\/2020\/05\/CCM_Gebaeude-300x203.jpg\"><img fetchpriority=\"high\" decoding=\"async\" class=\"wp-image-7780 size-medium\" src=\"https:\/\/www.versiegelung24.com\/wp-content\/uploads\/2020\/05\/CCM_Gebaeude-300x203.jpg\" alt=\"CCM Zentrale in Overath\" width=\"300\" height=\"203\" srcset=\"https:\/\/www.versiegelung24.com\/wp-content\/uploads\/2020\/05\/CCM_Gebaeude-300x203.jpg 300w, https:\/\/www.versiegelung24.com\/wp-content\/uploads\/2020\/05\/CCM_Gebaeude-16x12.jpg 16w, https:\/\/www.versiegelung24.com\/wp-content\/uploads\/2020\/05\/CCM_Gebaeude.jpg 400w\" sizes=\"(max-width: 300px) 100vw, 300px\" \/><\/a><figcaption id=\"caption-attachment-15228\" class=\"wp-caption-text\">Sjedi\u0161te CCM -a u Overathu<\/figcaption><\/figure>\n<p>&#8220;Made in Germany&#8221; globalni je izraz za inovacije i najvi\u0161e kvalitete, a poznat je, na primjer, na podru\u010dju automobila, strojarstva i kemije. Osim velikih multinacionalnih tvrtki, Njema\u010dka ima iznad svega kulturu stotina tisu\u0107a inovativnih malih i srednjih tvrtki koje su vrlo kreativne i \u010desto vode\u0107e na svjetskom tr\u017ei\u0161tu u svojim malim ni\u0161ama (te se tvrtke obi\u010dno nazivaju &#8220;skrivenim prvacima&#8221; ).<\/p>\n<\/div>\n<div>\n<p>CCM GmbH proizvodi i plasira ideje njema\u010dkih izumitelja, jedinstvenih rje\u0161ava\u010da problema najvi\u0161e kvalitete. Osnovali su ga 2007. dva direktora Heiner Perk i Bernd Zimmermann, jedinstvena je mre\u017ea inovacija, proizvodnje i globalne prodaje. Napravljeno u Njema\u010dkoj.<\/p>\n<p>CCM \u017eivi duboko uvjeren da se jedinstveni proizvodi mogu uspje\u0161no plasirati u svijetu samo ako iza njih kao partneri stoje jedinstveni ljudi. CCM GmbH ve\u0107 radi s takvim ljudima u vi\u0161e od 40 zemalja na svim kontinentima.<\/p>\n<p>Sve aktivnosti kontroliraju se iz sjedi\u0161ta tvrtke u Overathu blizu K\u00f6lna u Njema\u010dkoj.<\/p>\n<p>Suvremena tehnologija i umre\u017eavanje omogu\u0107uju pojavljivanje kao cjelina bez da svi zaposlenici moraju raditi na jednom mjestu.<\/p>\n<p>Brtve &#8220;teku\u0107eg stakla&#8221; tvrtke CCM GmbH ve\u0107 su nominirane za razne nagrade.<\/p>\n<p>Neka vas inspiriraju koncepti, ideje i iskustva CCM GmbH.<\/p>\n<\/div>\n<h2>Kupite proizvode CCM GmbH u internetskoj trgovini:<\/h2>\n<div class=\"woocommerce columns-4\"><ul class=\"products columns-4\">\n<li class=\"product-category product first\">\n\t<a aria-label=\"Posjetite kategoriju proizvoda Brtvljenje kamena i betona\" href=\"https:\/\/www.versiegelung24.com\/hr\/brtvljenje-tekucim-staklom\/brtvljenje-kamena-i-betona\/\"><img decoding=\"async\" src=\"https:\/\/www.versiegelung24.com\/wp-content\/uploads\/2023\/06\/V24-steinkategorie-2306-400x400.webp\" alt=\"Brtvljenje kamena i betona\" width=\"400\" height=\"400\" srcset=\"https:\/\/www.versiegelung24.com\/wp-content\/uploads\/2023\/06\/V24-steinkategorie-2306-400x400.webp 400w, https:\/\/www.versiegelung24.com\/wp-content\/uploads\/2023\/06\/V24-steinkategorie-2306-80x80.webp 80w, https:\/\/www.versiegelung24.com\/wp-content\/uploads\/2023\/06\/V24-steinkategorie-2306-70x70.webp 70w, https:\/\/www.versiegelung24.com\/wp-content\/uploads\/2023\/06\/V24-steinkategorie-2306-100x100.webp 100w\" sizes=\"(max-width: 400px) 100vw, 400px\" \/>\t\t<h2 class=\"woocommerce-loop-category__title\">\n\t\t\tBrtvljenje kamena i betona <mark class=\"count\">(12)<\/mark>\t\t<\/h2>\n\t\t<\/a><\/li>\n<li class=\"product-category product\">\n\t<a aria-label=\"Posjetite kategoriju proizvoda Brtvljenje automobila\" href=\"https:\/\/www.versiegelung24.com\/hr\/brtvljenje-tekucim-staklom\/brtvljenje-automobila\/\"><img decoding=\"async\" src=\"https:\/\/www.versiegelung24.com\/wp-content\/uploads\/2022\/08\/Kategorie_Auto-400x400.jpg\" alt=\"Brtvljenje automobila\" width=\"400\" height=\"400\" srcset=\"https:\/\/www.versiegelung24.com\/wp-content\/uploads\/2022\/08\/Kategorie_Auto-400x400.jpg 400w, https:\/\/www.versiegelung24.com\/wp-content\/uploads\/2022\/08\/Kategorie_Auto-80x80.jpg 80w, https:\/\/www.versiegelung24.com\/wp-content\/uploads\/2022\/08\/Kategorie_Auto-70x70.jpg 70w, https:\/\/www.versiegelung24.com\/wp-content\/uploads\/2022\/08\/Kategorie_Auto-100x100.jpg 100w\" sizes=\"(max-width: 400px) 100vw, 400px\" \/>\t\t<h2 class=\"woocommerce-loop-category__title\">\n\t\t\tBrtvljenje automobila <mark class=\"count\">(19)<\/mark>\t\t<\/h2>\n\t\t<\/a><\/li>\n<li class=\"product-category product\">\n\t<a aria-label=\"Posjetite kategoriju proizvoda Brtvljenje za staklo i keramiku\" href=\"https:\/\/www.versiegelung24.com\/hr\/brtvljenje-tekucim-staklom\/brtve-za-staklo-i-keramiku\/\"><img loading=\"lazy\" decoding=\"async\" src=\"https:\/\/www.versiegelung24.com\/wp-content\/uploads\/2022\/07\/Startseite_Banner-400x400.jpg\" alt=\"Brtvljenje za staklo i keramiku\" width=\"400\" height=\"400\" srcset=\"https:\/\/www.versiegelung24.com\/wp-content\/uploads\/2022\/07\/Startseite_Banner-400x400.jpg 400w, https:\/\/www.versiegelung24.com\/wp-content\/uploads\/2022\/07\/Startseite_Banner-80x80.jpg 80w, https:\/\/www.versiegelung24.com\/wp-content\/uploads\/2022\/07\/Startseite_Banner-70x70.jpg 70w, https:\/\/www.versiegelung24.com\/wp-content\/uploads\/2022\/07\/Startseite_Banner-100x100.jpg 100w\" sizes=\"(max-width: 400px) 100vw, 400px\" \/>\t\t<h2 class=\"woocommerce-loop-category__title\">\n\t\t\tBrtvljenje za staklo i keramiku <mark class=\"count\">(18)<\/mark>\t\t<\/h2>\n\t\t<\/a><\/li>\n<li class=\"product-category product last\">\n\t<a aria-label=\"Posjetite kategoriju proizvoda Metalno i plasti\u010dno brtvljenje\" href=\"https:\/\/www.versiegelung24.com\/hr\/brtvljenje-tekucim-staklom\/brtvljenje-metala-i-plastike\/\"><img loading=\"lazy\" decoding=\"async\" src=\"https:\/\/www.versiegelung24.com\/wp-content\/uploads\/2022\/08\/Kategorie_Metall-400x400.jpg\" alt=\"Metalno i plasti\u010dno brtvljenje\" width=\"400\" height=\"400\" srcset=\"https:\/\/www.versiegelung24.com\/wp-content\/uploads\/2022\/08\/Kategorie_Metall-400x400.jpg 400w, https:\/\/www.versiegelung24.com\/wp-content\/uploads\/2022\/08\/Kategorie_Metall-80x80.jpg 80w, https:\/\/www.versiegelung24.com\/wp-content\/uploads\/2022\/08\/Kategorie_Metall-70x70.jpg 70w, https:\/\/www.versiegelung24.com\/wp-content\/uploads\/2022\/08\/Kategorie_Metall-100x100.jpg 100w\" sizes=\"(max-width: 400px) 100vw, 400px\" \/>\t\t<h2 class=\"woocommerce-loop-category__title\">\n\t\t\tMetalno i plasti\u010dno brtvljenje <mark class=\"count\">(16)<\/mark>\t\t<\/h2>\n\t\t<\/a><\/li>\n<li class=\"product-category product first\">\n\t<a aria-label=\"Posjetite kategoriju proizvoda sredstva za \u010di\u0161\u0107enje\" href=\"https:\/\/www.versiegelung24.com\/hr\/sredstva-za-ciscenje\/\"><img loading=\"lazy\" decoding=\"async\" src=\"https:\/\/www.versiegelung24.com\/wp-content\/uploads\/2022\/08\/Kategorie_Bioreiniger-400x400.jpg\" alt=\"sredstva za \u010di\u0161\u0107enje\" width=\"400\" height=\"400\" srcset=\"https:\/\/www.versiegelung24.com\/wp-content\/uploads\/2022\/08\/Kategorie_Bioreiniger-400x400.jpg 400w, https:\/\/www.versiegelung24.com\/wp-content\/uploads\/2022\/08\/Kategorie_Bioreiniger-80x80.jpg 80w, https:\/\/www.versiegelung24.com\/wp-content\/uploads\/2022\/08\/Kategorie_Bioreiniger-70x70.jpg 70w, https:\/\/www.versiegelung24.com\/wp-content\/uploads\/2022\/08\/Kategorie_Bioreiniger-100x100.jpg 100w\" sizes=\"(max-width: 400px) 100vw, 400px\" \/>\t\t<h2 class=\"woocommerce-loop-category__title\">\n\t\t\tsredstva za \u010di\u0161\u0107enje <mark class=\"count\">(10)<\/mark>\t\t<\/h2>\n\t\t<\/a><\/li>\n<li class=\"product-category product\">\n\t<a aria-label=\"Posjetite kategoriju proizvoda Brtvljenje ko\u017ee i tekstila\" href=\"https:\/\/www.versiegelung24.com\/hr\/brtvljenje-tekucim-staklom\/zaptivanje-koze-i-tekstila\/\"><img loading=\"lazy\" decoding=\"async\" src=\"https:\/\/www.versiegelung24.com\/wp-content\/uploads\/2023\/06\/waterpoof-jacket-in-detail-400x400.jpg\" alt=\"Brtvljenje ko\u017ee i tekstila\" width=\"400\" height=\"400\" srcset=\"https:\/\/www.versiegelung24.com\/wp-content\/uploads\/2023\/06\/waterpoof-jacket-in-detail-400x400.jpg 400w, https:\/\/www.versiegelung24.com\/wp-content\/uploads\/2023\/06\/waterpoof-jacket-in-detail-80x80.jpg 80w, https:\/\/www.versiegelung24.com\/wp-content\/uploads\/2023\/06\/waterpoof-jacket-in-detail-70x70.jpg 70w, https:\/\/www.versiegelung24.com\/wp-content\/uploads\/2023\/06\/waterpoof-jacket-in-detail-100x100.jpg 100w\" sizes=\"(max-width: 400px) 100vw, 400px\" \/>\t\t<h2 class=\"woocommerce-loop-category__title\">\n\t\t\tBrtvljenje ko\u017ee i tekstila <mark class=\"count\">(3)<\/mark>\t\t<\/h2>\n\t\t<\/a><\/li>\n<li class=\"product-category product\">\n\t<a aria-label=\"Posjetite kategoriju proizvoda Univerzalno brtvljenje\" href=\"https:\/\/www.versiegelung24.com\/hr\/brtvljenje-tekucim-staklom\/univerzalna-brtva\/\"><img loading=\"lazy\" decoding=\"async\" src=\"https:\/\/www.versiegelung24.com\/wp-content\/uploads\/2022\/08\/Kategorie_Universal-400x400.jpg\" alt=\"Univerzalno brtvljenje\" width=\"400\" height=\"400\" srcset=\"https:\/\/www.versiegelung24.com\/wp-content\/uploads\/2022\/08\/Kategorie_Universal-400x400.jpg 400w, https:\/\/www.versiegelung24.com\/wp-content\/uploads\/2022\/08\/Kategorie_Universal-80x80.jpg 80w, https:\/\/www.versiegelung24.com\/wp-content\/uploads\/2022\/08\/Kategorie_Universal-70x70.jpg 70w, https:\/\/www.versiegelung24.com\/wp-content\/uploads\/2022\/08\/Kategorie_Universal-100x100.jpg 100w\" sizes=\"(max-width: 400px) 100vw, 400px\" \/>\t\t<h2 class=\"woocommerce-loop-category__title\">\n\t\t\tUniverzalno brtvljenje <mark class=\"count\">(13)<\/mark>\t\t<\/h2>\n\t\t<\/a><\/li>\n<li class=\"product-category product last\">\n\t<a aria-label=\"Posjetite kategoriju proizvoda Brtvljenje drva\" href=\"https:\/\/www.versiegelung24.com\/hr\/brtvljenje-tekucim-staklom\/brtvljenje-drva\/\"><img loading=\"lazy\" decoding=\"async\" src=\"https:\/\/www.versiegelung24.com\/wp-content\/uploads\/2022\/08\/Kategorie_Holz-400x400.jpg\" alt=\"Brtvljenje drva\" width=\"400\" height=\"400\" srcset=\"https:\/\/www.versiegelung24.com\/wp-content\/uploads\/2022\/08\/Kategorie_Holz-400x400.jpg 400w, https:\/\/www.versiegelung24.com\/wp-content\/uploads\/2022\/08\/Kategorie_Holz-80x80.jpg 80w, https:\/\/www.versiegelung24.com\/wp-content\/uploads\/2022\/08\/Kategorie_Holz-70x70.jpg 70w, https:\/\/www.versiegelung24.com\/wp-content\/uploads\/2022\/08\/Kategorie_Holz-100x100.jpg 100w\" sizes=\"(max-width: 400px) 100vw, 400px\" \/>\t\t<h2 class=\"woocommerce-loop-category__title\">\n\t\t\tBrtvljenje drva <mark class=\"count\">(3)<\/mark>\t\t<\/h2>\n\t\t<\/a><\/li>\n<\/ul>\n<\/div>\n<\/div>\n","protected":false},"excerpt":{"rendered":"<p>Kupujte proizvode tvrtke CCM GmbH iz Overatha \/ Njema\u010dka u internetskoj trgovini &#8220;Made in Germany&#8221; globalni je izraz za inovacije i najvi\u0161e kvalitete, a poznat je, na primjer, na podru\u010dju automobila, strojarstva i kemije. Osim velikih multinacionalnih tvrtki, Njema\u010dka ima iznad svega kulturu stotina tisu\u0107a inovativnih malih i srednjih tvrtki koje su vrlo kreativne i&hellip;&nbsp;<a href=\"https:\/\/www.versiegelung24.com\/hr\/kupite-proizvode-ccm-gmbh-u-internetskoj-trgovini\/\" rel=\"bookmark\">Read More &raquo;<span class=\"screen-reader-text\">Kupite proizvode CCM GmbH u internetskoj trgovini<\/span><\/a><\/p>\n","protected":false},"author":932,"featured_media":70215,"parent":0,"menu_order":0,"comment_status":"closed","ping_status":"closed","template":"","meta":{"_acf_changed":false,"neve_meta_sidebar":"","neve_meta_container":"","neve_meta_enable_content_width":"","neve_meta_content_width":0,"neve_meta_title_alignment":"","neve_meta_author_avatar":"","neve_post_elements_order":"","neve_meta_disable_header":"","neve_meta_disable_footer":"","neve_meta_disable_title":"","neve_meta_reading_time":"","footnotes":""},"categories":[],"seiten_kategorie":[],"class_list":["post-22442","page","type-page","status-publish","has-post-thumbnail","hentry"],"acf":[],"yoast_head":"<!-- This site is optimized with the Yoast SEO Premium plugin v22.8 (Yoast SEO v27.4) - https:\/\/yoast.com\/product\/yoast-seo-premium-wordpress\/ -->\n<title>Kupite proizvode CCM GmbH u internetskoj trgovini<\/title>\n<meta name=\"description\" content=\"Kupite nano brtvljenje teku\u0107eg stakla, sredstva za \u010di\u0161\u0107enje, dezinfekcijska sredstva i druge proizvode od CCM GmbH iz Overath Njema\u010dka online.\" \/>\n<meta name=\"robots\" content=\"index, follow, max-snippet:-1, max-image-preview:large, max-video-preview:-1\" \/>\n<link rel=\"canonical\" href=\"https:\/\/www.versiegelung24.com\/hr\/kupite-proizvode-ccm-gmbh-u-internetskoj-trgovini\/\" \/>\n<meta property=\"og:locale\" content=\"hr_HR\" \/>\n<meta property=\"og:type\" content=\"article\" \/>\n<meta property=\"og:title\" content=\"Kupite proizvode CCM GmbH u internetskoj trgovini\" \/>\n<meta property=\"og:description\" content=\"Kupite nano brtvljenje teku\u0107eg stakla, sredstva za \u010di\u0161\u0107enje, dezinfekcijska sredstva i druge proizvode od CCM GmbH iz Overath Njema\u010dka online.\" \/>\n<meta property=\"og:url\" content=\"https:\/\/www.versiegelung24.com\/hr\/kupite-proizvode-ccm-gmbh-u-internetskoj-trgovini\/\" \/>\n<meta property=\"og:site_name\" content=\"versiegelung24.com\" \/>\n<meta property=\"article:modified_time\" content=\"2024-06-25T18:51:46+00:00\" \/>\n<meta property=\"og:image\" content=\"https:\/\/www.versiegelung24.com\/wp-content\/uploads\/2022\/02\/Flasche.png\" \/>\n\t<meta property=\"og:image:width\" content=\"2560\" \/>\n\t<meta property=\"og:image:height\" content=\"2560\" \/>\n\t<meta property=\"og:image:type\" content=\"image\/png\" \/>\n<meta name=\"twitter:card\" content=\"summary_large_image\" \/>\n<meta name=\"twitter:label1\" content=\"Procijenjeno vrijeme \u010ditanja\" \/>\n\t<meta name=\"twitter:data1\" content=\"1 minuta\" \/>\n<script type=\"application\/ld+json\" class=\"yoast-schema-graph\">{\"@context\":\"https:\\\/\\\/schema.org\",\"@graph\":[{\"@type\":\"WebPage\",\"@id\":\"https:\\\/\\\/www.versiegelung24.com\\\/hr\\\/kupite-proizvode-ccm-gmbh-u-internetskoj-trgovini\\\/\",\"url\":\"https:\\\/\\\/www.versiegelung24.com\\\/hr\\\/kupite-proizvode-ccm-gmbh-u-internetskoj-trgovini\\\/\",\"name\":\"Kupite proizvode CCM GmbH u internetskoj trgovini\",\"isPartOf\":{\"@id\":\"https:\\\/\\\/www.versiegelung24.com\\\/hr\\\/#website\"},\"primaryImageOfPage\":{\"@id\":\"https:\\\/\\\/www.versiegelung24.com\\\/hr\\\/kupite-proizvode-ccm-gmbh-u-internetskoj-trgovini\\\/#primaryimage\"},\"image\":{\"@id\":\"https:\\\/\\\/www.versiegelung24.com\\\/hr\\\/kupite-proizvode-ccm-gmbh-u-internetskoj-trgovini\\\/#primaryimage\"},\"thumbnailUrl\":\"https:\\\/\\\/www.versiegelung24.com\\\/wp-content\\\/uploads\\\/2022\\\/02\\\/Flasche.png\",\"datePublished\":\"2021-08-02T18:42:16+00:00\",\"dateModified\":\"2024-06-25T18:51:46+00:00\",\"description\":\"Kupite nano brtvljenje teku\u0107eg stakla, sredstva za \u010di\u0161\u0107enje, dezinfekcijska sredstva i druge proizvode od CCM GmbH iz Overath Njema\u010dka online.\",\"breadcrumb\":{\"@id\":\"https:\\\/\\\/www.versiegelung24.com\\\/hr\\\/kupite-proizvode-ccm-gmbh-u-internetskoj-trgovini\\\/#breadcrumb\"},\"inLanguage\":\"hr\",\"potentialAction\":[{\"@type\":\"ReadAction\",\"target\":[\"https:\\\/\\\/www.versiegelung24.com\\\/hr\\\/kupite-proizvode-ccm-gmbh-u-internetskoj-trgovini\\\/\"]}]},{\"@type\":\"ImageObject\",\"inLanguage\":\"hr\",\"@id\":\"https:\\\/\\\/www.versiegelung24.com\\\/hr\\\/kupite-proizvode-ccm-gmbh-u-internetskoj-trgovini\\\/#primaryimage\",\"url\":\"https:\\\/\\\/www.versiegelung24.com\\\/wp-content\\\/uploads\\\/2022\\\/02\\\/Flasche.png\",\"contentUrl\":\"https:\\\/\\\/www.versiegelung24.com\\\/wp-content\\\/uploads\\\/2022\\\/02\\\/Flasche.png\",\"width\":2560,\"height\":2560},{\"@type\":\"BreadcrumbList\",\"@id\":\"https:\\\/\\\/www.versiegelung24.com\\\/hr\\\/kupite-proizvode-ccm-gmbh-u-internetskoj-trgovini\\\/#breadcrumb\",\"itemListElement\":[{\"@type\":\"ListItem\",\"position\":1,\"name\":\"Po\u010detna stranica\",\"item\":\"https:\\\/\\\/www.versiegelung24.com\\\/hr\\\/ispred\\\/\"},{\"@type\":\"ListItem\",\"position\":2,\"name\":\"Kupite proizvode CCM GmbH u internetskoj trgovini\"}]},{\"@type\":\"WebSite\",\"@id\":\"https:\\\/\\\/www.versiegelung24.com\\\/hr\\\/#website\",\"url\":\"https:\\\/\\\/www.versiegelung24.com\\\/hr\\\/\",\"name\":\"versiegelung24.com\",\"description\":\"Fl\u00fcssigglas-Versiegelung - Made in Germany\",\"publisher\":{\"@id\":\"https:\\\/\\\/www.versiegelung24.com\\\/hr\\\/#organization\"},\"potentialAction\":[{\"@type\":\"SearchAction\",\"target\":{\"@type\":\"EntryPoint\",\"urlTemplate\":\"https:\\\/\\\/www.versiegelung24.com\\\/hr\\\/?s={search_term_string}\"},\"query-input\":{\"@type\":\"PropertyValueSpecification\",\"valueRequired\":true,\"valueName\":\"search_term_string\"}}],\"inLanguage\":\"hr\"},{\"@type\":\"Organization\",\"@id\":\"https:\\\/\\\/www.versiegelung24.com\\\/hr\\\/#organization\",\"name\":\"versiegelung24\",\"url\":\"https:\\\/\\\/www.versiegelung24.com\\\/hr\\\/\",\"logo\":{\"@type\":\"ImageObject\",\"inLanguage\":\"hr\",\"@id\":\"https:\\\/\\\/www.versiegelung24.com\\\/hr\\\/#\\\/schema\\\/logo\\\/image\\\/\",\"url\":\"https:\\\/\\\/www.versiegelung24.com\\\/wp-content\\\/uploads\\\/2020\\\/04\\\/versiegelung24.png\",\"contentUrl\":\"https:\\\/\\\/www.versiegelung24.com\\\/wp-content\\\/uploads\\\/2020\\\/04\\\/versiegelung24.png\",\"width\":470,\"height\":102,\"caption\":\"versiegelung24\"},\"image\":{\"@id\":\"https:\\\/\\\/www.versiegelung24.com\\\/hr\\\/#\\\/schema\\\/logo\\\/image\\\/\"}}]}<\/script>\n<!-- \/ Yoast SEO Premium plugin. -->","yoast_head_json":{"title":"Kupite proizvode CCM GmbH u internetskoj trgovini","description":"Kupite nano brtvljenje teku\u0107eg stakla, sredstva za \u010di\u0161\u0107enje, dezinfekcijska sredstva i druge proizvode od CCM GmbH iz Overath Njema\u010dka online.","robots":{"index":"index","follow":"follow","max-snippet":"max-snippet:-1","max-image-preview":"max-image-preview:large","max-video-preview":"max-video-preview:-1"},"canonical":"https:\/\/www.versiegelung24.com\/hr\/kupite-proizvode-ccm-gmbh-u-internetskoj-trgovini\/","og_locale":"hr_HR","og_type":"article","og_title":"Kupite proizvode CCM GmbH u internetskoj trgovini","og_description":"Kupite nano brtvljenje teku\u0107eg stakla, sredstva za \u010di\u0161\u0107enje, dezinfekcijska sredstva i druge proizvode od CCM GmbH iz Overath Njema\u010dka online.","og_url":"https:\/\/www.versiegelung24.com\/hr\/kupite-proizvode-ccm-gmbh-u-internetskoj-trgovini\/","og_site_name":"versiegelung24.com","article_modified_time":"2024-06-25T18:51:46+00:00","og_image":[{"width":2560,"height":2560,"url":"https:\/\/www.versiegelung24.com\/wp-content\/uploads\/2022\/02\/Flasche.png","type":"image\/png"}],"twitter_card":"summary_large_image","twitter_misc":{"Procijenjeno vrijeme \u010ditanja":"1 minuta"},"schema":{"@context":"https:\/\/schema.org","@graph":[{"@type":"WebPage","@id":"https:\/\/www.versiegelung24.com\/hr\/kupite-proizvode-ccm-gmbh-u-internetskoj-trgovini\/","url":"https:\/\/www.versiegelung24.com\/hr\/kupite-proizvode-ccm-gmbh-u-internetskoj-trgovini\/","name":"Kupite proizvode CCM GmbH u internetskoj trgovini","isPartOf":{"@id":"https:\/\/www.versiegelung24.com\/hr\/#website"},"primaryImageOfPage":{"@id":"https:\/\/www.versiegelung24.com\/hr\/kupite-proizvode-ccm-gmbh-u-internetskoj-trgovini\/#primaryimage"},"image":{"@id":"https:\/\/www.versiegelung24.com\/hr\/kupite-proizvode-ccm-gmbh-u-internetskoj-trgovini\/#primaryimage"},"thumbnailUrl":"https:\/\/www.versiegelung24.com\/wp-content\/uploads\/2022\/02\/Flasche.png","datePublished":"2021-08-02T18:42:16+00:00","dateModified":"2024-06-25T18:51:46+00:00","description":"Kupite nano brtvljenje teku\u0107eg stakla, sredstva za \u010di\u0161\u0107enje, dezinfekcijska sredstva i druge proizvode od CCM GmbH iz Overath Njema\u010dka online.","breadcrumb":{"@id":"https:\/\/www.versiegelung24.com\/hr\/kupite-proizvode-ccm-gmbh-u-internetskoj-trgovini\/#breadcrumb"},"inLanguage":"hr","potentialAction":[{"@type":"ReadAction","target":["https:\/\/www.versiegelung24.com\/hr\/kupite-proizvode-ccm-gmbh-u-internetskoj-trgovini\/"]}]},{"@type":"ImageObject","inLanguage":"hr","@id":"https:\/\/www.versiegelung24.com\/hr\/kupite-proizvode-ccm-gmbh-u-internetskoj-trgovini\/#primaryimage","url":"https:\/\/www.versiegelung24.com\/wp-content\/uploads\/2022\/02\/Flasche.png","contentUrl":"https:\/\/www.versiegelung24.com\/wp-content\/uploads\/2022\/02\/Flasche.png","width":2560,"height":2560},{"@type":"BreadcrumbList","@id":"https:\/\/www.versiegelung24.com\/hr\/kupite-proizvode-ccm-gmbh-u-internetskoj-trgovini\/#breadcrumb","itemListElement":[{"@type":"ListItem","position":1,"name":"Po\u010detna stranica","item":"https:\/\/www.versiegelung24.com\/hr\/ispred\/"},{"@type":"ListItem","position":2,"name":"Kupite proizvode CCM GmbH u internetskoj trgovini"}]},{"@type":"WebSite","@id":"https:\/\/www.versiegelung24.com\/hr\/#website","url":"https:\/\/www.versiegelung24.com\/hr\/","name":"versiegelung24.com","description":"Fl\u00fcssigglas-Versiegelung - Made in Germany","publisher":{"@id":"https:\/\/www.versiegelung24.com\/hr\/#organization"},"potentialAction":[{"@type":"SearchAction","target":{"@type":"EntryPoint","urlTemplate":"https:\/\/www.versiegelung24.com\/hr\/?s={search_term_string}"},"query-input":{"@type":"PropertyValueSpecification","valueRequired":true,"valueName":"search_term_string"}}],"inLanguage":"hr"},{"@type":"Organization","@id":"https:\/\/www.versiegelung24.com\/hr\/#organization","name":"versiegelung24","url":"https:\/\/www.versiegelung24.com\/hr\/","logo":{"@type":"ImageObject","inLanguage":"hr","@id":"https:\/\/www.versiegelung24.com\/hr\/#\/schema\/logo\/image\/","url":"https:\/\/www.versiegelung24.com\/wp-content\/uploads\/2020\/04\/versiegelung24.png","contentUrl":"https:\/\/www.versiegelung24.com\/wp-content\/uploads\/2020\/04\/versiegelung24.png","width":470,"height":102,"caption":"versiegelung24"},"image":{"@id":"https:\/\/www.versiegelung24.com\/hr\/#\/schema\/logo\/image\/"}}]}},"_links":{"self":[{"href":"https:\/\/www.versiegelung24.com\/hr\/wp-json\/wp\/v2\/pages\/22442","targetHints":{"allow":["GET"]}}],"collection":[{"href":"https:\/\/www.versiegelung24.com\/hr\/wp-json\/wp\/v2\/pages"}],"about":[{"href":"https:\/\/www.versiegelung24.com\/hr\/wp-json\/wp\/v2\/types\/page"}],"author":[{"embeddable":true,"href":"https:\/\/www.versiegelung24.com\/hr\/wp-json\/wp\/v2\/users\/932"}],"replies":[{"embeddable":true,"href":"https:\/\/www.versiegelung24.com\/hr\/wp-json\/wp\/v2\/comments?post=22442"}],"version-history":[{"count":2,"href":"https:\/\/www.versiegelung24.com\/hr\/wp-json\/wp\/v2\/pages\/22442\/revisions"}],"predecessor-version":[{"id":167685,"href":"https:\/\/www.versiegelung24.com\/hr\/wp-json\/wp\/v2\/pages\/22442\/revisions\/167685"}],"wp:featuredmedia":[{"embeddable":true,"href":"https:\/\/www.versiegelung24.com\/hr\/wp-json\/wp\/v2\/media\/70215"}],"wp:attachment":[{"href":"https:\/\/www.versiegelung24.com\/hr\/wp-json\/wp\/v2\/media?parent=22442"}],"wp:term":[{"taxonomy":"category","embeddable":true,"href":"https:\/\/www.versiegelung24.com\/hr\/wp-json\/wp\/v2\/categories?post=22442"},{"taxonomy":"seiten_kategorie","embeddable":true,"href":"https:\/\/www.versiegelung24.com\/hr\/wp-json\/wp\/v2\/seiten_kategorie?post=22442"}],"curies":[{"name":"wp","href":"https:\/\/api.w.org\/{rel}","templated":true}]}}