{"id":22583,"date":"2021-08-02T20:48:07","date_gmt":"2021-08-02T18:48:07","guid":{"rendered":"https:\/\/www.versiegelung24.com\/opci-uvjeti-poslovanja-s-podacima-o-kupcima"},"modified":"2024-06-25T20:51:01","modified_gmt":"2024-06-25T18:51:01","slug":"opci-uvjeti-poslovanja","status":"publish","type":"page","link":"https:\/\/www.versiegelung24.com\/hr\/opci-uvjeti-poslovanja-s-podacima-o-kupcima\/","title":{"rendered":"Op\u0107i uvjeti poslovanja s podacima o kupcima"},"content":{"rendered":"<h2>Sadr\u017eaj<\/h2>\n<ol>\n<li>opseg<\/li>\n<li>Sklapanje ugovora<\/li>\n<li>Pravo na odustajanje<\/li>\n<li>Cijene i uvjeti pla\u0107anja<\/li>\n<li>Uvjeti dostave i dostave<\/li>\n<li>Zadr\u017eavanje vlasni\u0161tva<\/li>\n<li>Odgovornost za nedostatke (jamstvo)<\/li>\n<li>Iskori\u0161tavanje vau\u010dera za kampanju<\/li>\n<li>Mjerodavno pravo<\/li>\n<li>Alternativno rje\u0161avanje sporova<\/li>\n<\/ol>\n<h2>1) Opseg<\/h2>\n<p><strong>1.1<\/strong> Ovi Op\u0107i uvjeti (u daljnjem tekstu &#8220;OU&#8221;) Holger K\u00e4dinga, koji posluje pod &#8220;versiegelung24.com&#8221; (u daljnjem tekstu &#8220;Prodavatelj&#8221;), primjenjuju se na sve ugovore o isporuci robe koje potro\u0161a\u010d ili poduzetnik (u daljnjem tekstu &#8220;Kupac&#8221;) s prodavateljem s obzirom na robu koju je prodava\u010d predstavio u svojoj internetskoj trgovini. Uklju\u010divanje vlastitih uvjeta kupca ovim je kontradiktorno, osim ako nije druga\u010dije dogovoreno.<\/p>\n<p><strong>1.2<\/strong>&nbsp; Potro\u0161a\u010d u smislu ovih Op\u0107ih uvjeta je svaka fizi\u010dka osoba koja sklapa pravni posao u svrhe koje prete\u017eno nisu komercijalne niti samostalne djelatnosti. Poduzetnik u smislu ovih uvjeta poslovanja je fizi\u010dka ili pravna osoba ili pravno partnerstvo koje pri sklapanju pravnog posla djeluje u obavljanju svoje poslovne ili neovisne profesionalne djelatnosti.<\/p>\n<h2>2) Sklapanje ugovora<\/h2>\n<p><strong>2.1<\/strong>&nbsp; Opisi proizvoda koji se nalaze u prodavateljevoj online trgovini ne predstavljaju obvezuju\u0107e ponude od strane prodavatelja, ve\u0107 slu\u017ee za omogu\u0107avanje kupcu da podnese obvezuju\u0107u ponudu.<\/p>\n<p><strong>2.2<\/strong>&nbsp; Kupac mo\u017ee dostaviti ponudu putem obrasca za narud\u017ebu koji je integriran u internetsku trgovinu prodavatelja. Nakon stavljanja odabrane robe u virtualnu ko\u0161aricu i prolaska kroz postupak elektroni\u010dke narud\u017ebe, kupac dostavlja pravno obvezuju\u0107u ugovornu ponudu za robu u ko\u0161arici klikom na gumb kojim se zavr\u0161ava postupak naru\u010divanja. Nadalje, kupac tako\u0111er mo\u017ee dostaviti ponudu prodavatelju putem telefona ili e -po\u0161te.<\/p>\n<p><strong>2.3<\/strong>&nbsp; Prodavatelj mo\u017ee prihvatiti ponudu kupca u roku od pet dana,<\/p>\n<ul>\n<li>slanjem kupcu pisane potvrde narud\u017ebe ili potvrde narud\u017ebe u tekstualnom obliku (faksom ili e-po\u0161tom), pri \u010demu je odlu\u010duju\u0107i primitak potvrde narud\u017ebe od strane kupca, ili<\/li>\n<li>isporukom naru\u010dene robe kupcu, pri \u010demu je odlu\u010duju\u0107i prijem robe od strane kupca, ili<\/li>\n<li>tra\u017ee\u0107i od kupca da plati nakon \u0161to je dao svoju narud\u017ebu.<\/li>\n<\/ul>\n<p>Ako postoji nekoliko gore navedenih alternativa, ugovor se sklapa u trenutku u kojem se jedna od prethodno navedenih alternativa dogodi prva. Rok za prihva\u0107anje ponude po\u010dinje dan nakon \u0161to je kupac poslao ponudu i zavr\u0161ava krajem petog dana nakon slanja ponude. Ako prodavatelj ne prihvati ponudu kupca u prethodno navedenom roku, smatra se da je to odbijanje ponude, \u0161to rezultira da kupac vi\u0161e nije vezan svojom izjavom namjere.<\/p>\n<p><strong>2.4<\/strong>&nbsp; Prilikom slanja ponude putem online obrasca za narud\u017ebu prodavatelja, prodavatelj sprema tekst ugovora i \u0161alje ga kupcu u tekstualnom obliku (npr. e-po\u0161tom, faksom ili pismom) zajedno s ovim Op\u0107im uvjetima nakon \u0161to je narud\u017eba poslana. . Osim toga, tekst ugovora je arhiviran na web stranici prodavatelja i kupac ga mo\u017ee besplatno pozvati putem svog korisni\u010dkog ra\u010duna za\u0161ti\u0107enog lozinkom unosom odgovaraju\u0107ih podataka za prijavu, pod uvjetom da je kupac stvorio korisni\u010dki ra\u010dun u prodava\u010devu online trgovinu prije podno\u0161enja narud\u017ebe.<\/p>\n<p><strong>2.5<\/strong>&nbsp; Prije podno\u0161enja obvezuju\u0107e narud\u017ebe putem prodava\u010devog online obrasca za narud\u017ebu, kupac mo\u017ee identificirati mogu\u0107e pogre\u0161ke u unosu pa\u017eljivim \u010ditanjem informacija prikazanih na ekranu. U\u010dinkovito tehni\u010dko sredstvo za bolje prepoznavanje ulaznih pogre\u0161aka mo\u017ee biti funkcija pove\u0107anja preglednika, pomo\u0107u koje se pove\u0107ava prikaz na ekranu. Kupac mo\u017ee ispraviti svoje unose kao dio procesa elektroni\u010dkog naru\u010divanja pomo\u0107u uobi\u010dajenih funkcija tipkovnice i mi\u0161a dok ne pritisne gumb koji zavr\u0161ava proces naru\u010divanja.<\/p>\n<p><strong>2.6<\/strong>&nbsp; Za sklapanje ugovora dostupan je samo njema\u010dki jezik.<\/p>\n<p><strong>2.7<\/strong>&nbsp; Obrada narud\u017ebe i kontakt obi\u010dno se odvija putem e-po\u0161te i automatizirane obrade narud\u017ebe. Kupac mora osigurati da je adresa e-po\u0161te koju je dao za obradu narud\u017ebe to\u010dna, tako da se e-poruke koje je prodavatelj poslao mogu primiti na ovu adresu. Konkretno, prilikom kori\u0161tenja SPAM filtera, kupac mora osigurati da se mogu isporu\u010diti sve e-poruke poslane od strane prodavatelja ili tre\u0107ih strana koje je prodavatelj naru\u010dio za obradu narud\u017ebe.<\/p>\n<h2>3) pravo na odustajanje<\/h2>\n<p><strong>3.1<\/strong>&nbsp; Potro\u0161a\u010di op\u0107enito imaju pravo na odustanak.<\/p>\n<p><strong>3.2<\/strong>&nbsp; Dodatne informacije o pravu na odustajanje mogu se prona\u0107i u prodavateljevoj politici otkazivanja.<\/p>\n<h2>4) Cijene i uvjeti pla\u0107anja<\/h2>\n<p><strong>4.1<\/strong>&nbsp; Osim ako nije druga\u010dije navedeno u opisu proizvoda prodavatelja, navedene cijene su ukupne cijene koje uklju\u010duju zakonski porez na promet. Eventualni dodatni tro\u0161kovi dostave i dostave navedeni su zasebno u odgovaraju\u0107em opisu proizvoda.<\/p>\n<p><strong>4.2<\/strong>&nbsp; Opcija(e) pla\u0107anja bit \u0107e priop\u0107ena kupcu u internetskoj trgovini prodavatelja.<\/p>\n<p><strong>4.3<\/strong>&nbsp; Ako je ugovoreno pla\u0107anje unaprijed bankovnom doznakom, pla\u0107anje dospijeva odmah nakon sklapanja ugovora, osim ako su se strane dogovorile o kasnijem dospije\u0107u.<\/p>\n<p><strong>4.4<\/strong>&nbsp; Prilikom pla\u0107anja putem na\u010dina pla\u0107anja koji nudi PayPal, pla\u0107anje se obra\u0111uje putem pru\u017eatelja platnih usluga PayPal (Europe) S.\u00e0 rl et Cie, SCA, 22-24 Boulevard Royal, L-2449 Luxembourg (u daljnjem tekstu: &#8220;PayPal&#8221;), pod valjano\u0161\u0107u PayPal &#8211; Uvjeti kori\u0161tenja, dostupni na&nbsp;<a href=\"https:\/\/www.paypal.com\/de\/webapps\/mpp\/ua\/useragreement-full\" target=\"_blank\" rel=\"noopener noreferrer\">https:\/\/www.paypal.com\/de\/webapps\/mpp\/ua\/useragreement-full<\/a>&nbsp; ili &#8211; ako kupac nema PayPal ra\u010dun &#8211; u skladu s uvjetima za pla\u0107anje bez PayPal ra\u010duna, koji se mogu pogledati na&nbsp;<a href=\"https:\/\/www.paypal.com\/de\/webapps\/mpp\/ua\/privacywax-full\">https:\/\/www.paypal.com\/de\/webapps\/mpp\/ua\/privacywax-full<\/a> .<\/p>\n<h2>5) Uvjeti isporuke i otpreme<\/h2>\n<p><strong>5.1<\/strong>&nbsp; Roba se dostavlja na adresu za dostavu koju je odredio kupac, osim ako nije druga\u010dije ugovoreno. Prilikom obrade transakcije odlu\u010duju\u0107a je adresa za dostavu navedena u obradi prodavateljeve narud\u017ebe. Odstupaju\u0107i od toga, pri odabiru PayPal na\u010dina pla\u0107anja odlu\u010duju\u0107a je adresa za dostavu koju je kupac pohranio na PayPalu u vrijeme pla\u0107anja.<\/p>\n<p><strong>5.2<\/strong>&nbsp; Ako prijevoznik po\u0161alje otpremljenu robu natrag prodavatelju jer dostava kupcu nije bila mogu\u0107a, kupac snosi tro\u0161kove neuspje\u0161ne po\u0161iljke. To se ne primjenjuje ako kupac u\u010dinkovito koristi svoje pravo na odustajanje, ako nije odgovoran za okolnosti koje su dovele do nemogu\u0107nosti isporuke ili ako je privremeno sprije\u010den u prihva\u0107anju ponu\u0111ene usluge, osim ako mu je prodavatelj dao najavu izvedbu razumno vrijeme unaprijed.<\/p>\n<p><strong>5.3<\/strong>&nbsp; Preuzimanje nije mogu\u0107e iz logisti\u010dkih razloga.<\/p>\n<h2>6) Zadr\u017eavanje vlasni\u0161tva<\/h2>\n<p>Ako prodavatelj uplati akontaciju, on zadr\u017eava vlasni\u0161tvo nad isporu\u010denom robom sve dok se dug u cijelosti ne plati.<\/p>\n<h2>7) Odgovornost za nedostatke (jamstvo)<\/h2>\n<p><strong>7.1<\/strong>&nbsp; Ako je kupljeni predmet neispravan, vrijedi zakonska odgovornost za nedostatke.<\/p>\n<p><strong>7.2<\/strong>&nbsp; Mole se kupca da reklamira isporu\u010denu robu s o\u010ditim o\u0161te\u0107enjima u transportu dostavlja\u010du i o tome obavijesti prodavatelja. Ako kupac ne po\u0161tuje, to nema u\u010dinka na njegove zakonske ili ugovorne zahtjeve za nedostatke.<\/p>\n<h2>8) Iskori\u0161tavanje vau\u010dera za kampanju<\/h2>\n<p><strong>8.1<\/strong>&nbsp; Bonove koje prodavatelj besplatno izdaje u sklopu promocija s odre\u0111enim rokom va\u017eenja i koje kupac ne mo\u017ee kupiti (u daljnjem tekstu &#8220;promotivni bonovi&#8221;) mogu\u0107e je iskoristiti samo u internetskoj trgovini prodavatelja i samo u navedenom razdoblju. .<\/p>\n<p><strong>8.2<\/strong>&nbsp; Pojedina\u010dni proizvodi mogu se isklju\u010diti iz kampanje kupona ako odgovaraju\u0107e ograni\u010denje proizlazi iz sadr\u017eaja vau\u010dera kampanje.<\/p>\n<p><strong>8.3<\/strong>&nbsp; Promotivni bonovi se mogu iskoristiti samo prije dovr\u0161etka postupka narud\u017ebe. Naknadna naplata nije mogu\u0107a.<\/p>\n<p><strong>8.4<\/strong>&nbsp; Po narud\u017ebi je mogu\u0107e iskoristiti samo jedan promotivni bon.<\/p>\n<p><strong>8.5<\/strong>&nbsp; Vrijednost robe mora odgovarati najmanje iznosu promotivnog bona. Ostatak kredita prodavatelj ne\u0107e vratiti.<\/p>\n<p><strong>8.6<\/strong>&nbsp; Ako vrijednost promotivnog bona nije dovoljna za pokri\u0107e narud\u017ebe, za podmirenje razlike mo\u017ee se odabrati jedan od drugih na\u010dina pla\u0107anja koje nudi prodavatelj.<\/p>\n<p><strong>8.7<\/strong>&nbsp; Ostatak promotivnog bona ne ispla\u0107uje se u gotovini niti se na njega kamate.<\/p>\n<p><strong>8.8<\/strong>&nbsp; Akcijski vau\u010der ne\u0107e biti vra\u0107en ako kupac vrati robu koja je u cijelosti ili djelomi\u010dno pla\u0107ena akcijskim bonom u okviru svog zakonskog prava na odustanak.<\/p>\n<p><strong>8.9<\/strong>&nbsp; Promotivni bon je prenosiv. Prodavatelj mo\u017ee, uz u\u010dinak pra\u017enjenja, uplatiti odgovaraju\u0107em vlasniku koji iskoristi promotivni vau\u010der u prodava\u010devoj internetskoj trgovini. To se ne primjenjuje ako prodavatelj zna ili krajnje nemarno ne poznaje neovla\u0161tenost, poslovnu nesposobnost ili nedostatak ovla\u0161tenja doti\u010dnog vlasnika.<\/p>\n<h2>9) Mjerodavno pravo<\/h2>\n<p>Zakon Savezne Republike Njema\u010dke primjenjuje se na sve pravne odnose izme\u0111u stranaka, isklju\u010duju\u0107i zakone o me\u0111unarodnoj kupnji pokretne robe. Za potro\u0161a\u010de se ovaj izbor zakona primjenjuje samo u mjeri u kojoj se ne povla\u010di za\u0161tita odobrena obveznim odredbama zakona dr\u017eave u kojoj potro\u0161a\u010d ima uobi\u010dajeno boravi\u0161te.<\/p>\n<h2>10) Alternativno rje\u0161avanje sporova<\/h2>\n<p><strong>10.1<\/strong>&nbsp; Komisija EU pru\u017ea platformu za online rje\u0161avanje sporova na internetu na sljede\u0107oj poveznici:&nbsp;<a href=\"http:\/\/ec.europa.eu\/consumers\/odr\">http:\/\/ec.europa.eu\/consumers\/odr<\/a><\/p>\n<p>Ova platforma slu\u017ei kao kontaktna to\u010dka za vansudsko rje\u0161avanje sporova koji proizlaze iz ugovora o kupnji putem interneta ili usluga u koje je uklju\u010den potro\u0161a\u010d.<\/p>\n<p><strong>10.2<\/strong>&nbsp; Prodavatelj nije du\u017ean niti \u017eeli sudjelovati u postupku rje\u0161avanja sporova pred arbitra\u017enim odborom potro\u0161a\u010da.<\/p>\n","protected":false},"excerpt":{"rendered":"<p>Sadr\u017eaj opseg Sklapanje ugovora Pravo na odustajanje Cijene i uvjeti pla\u0107anja Uvjeti dostave i dostave Zadr\u017eavanje vlasni\u0161tva Odgovornost za nedostatke (jamstvo) Iskori\u0161tavanje vau\u010dera za kampanju Mjerodavno pravo Alternativno rje\u0161avanje sporova 1) Opseg 1.1 Ovi Op\u0107i uvjeti (u daljnjem tekstu &#8220;OU&#8221;) Holger K\u00e4dinga, koji posluje pod &#8220;versiegelung24.com&#8221; (u daljnjem tekstu &#8220;Prodavatelj&#8221;), primjenjuju se na sve ugovore&hellip;&nbsp;<a href=\"https:\/\/www.versiegelung24.com\/hr\/opci-uvjeti-poslovanja-s-podacima-o-kupcima\/\" rel=\"bookmark\">Read More &raquo;<span class=\"screen-reader-text\">Op\u0107i uvjeti poslovanja s podacima o kupcima<\/span><\/a><\/p>\n","protected":false},"author":932,"featured_media":70706,"parent":0,"menu_order":0,"comment_status":"closed","ping_status":"closed","template":"","meta":{"_acf_changed":false,"neve_meta_sidebar":"","neve_meta_container":"","neve_meta_enable_content_width":"","neve_meta_content_width":0,"neve_meta_title_alignment":"","neve_meta_author_avatar":"","neve_post_elements_order":"","neve_meta_disable_header":"","neve_meta_disable_footer":"","neve_meta_disable_title":"","neve_meta_reading_time":"","footnotes":""},"categories":[],"seiten_kategorie":[],"class_list":["post-22583","page","type-page","status-publish","has-post-thumbnail","hentry"],"acf":[],"yoast_head":"<!-- This site is optimized with the Yoast SEO Premium plugin v22.8 (Yoast SEO v27.5) - https:\/\/yoast.com\/product\/yoast-seo-premium-wordpress\/ -->\n<title>Op\u0107i uvjeti poslovanja s podacima o kupcima - versiegelung24.com<\/title>\n<meta name=\"robots\" content=\"index, follow, max-snippet:-1, max-image-preview:large, max-video-preview:-1\" \/>\n<link rel=\"canonical\" href=\"https:\/\/www.versiegelung24.com\/hr\/opci-uvjeti-poslovanja-s-podacima-o-kupcima\/\" \/>\n<meta property=\"og:locale\" content=\"hr_HR\" \/>\n<meta property=\"og:type\" content=\"article\" \/>\n<meta property=\"og:title\" content=\"Op\u0107i uvjeti poslovanja s podacima o kupcima\" \/>\n<meta property=\"og:description\" content=\"Sadr\u017eaj opseg Sklapanje ugovora Pravo na odustajanje Cijene i uvjeti pla\u0107anja Uvjeti dostave i dostave Zadr\u017eavanje vlasni\u0161tva Odgovornost za nedostatke (jamstvo) Iskori\u0161tavanje vau\u010dera za kampanju Mjerodavno pravo Alternativno rje\u0161avanje sporova 1) Opseg 1.1 Ovi Op\u0107i uvjeti (u daljnjem tekstu &#8220;OU&#8221;) Holger K\u00e4dinga, koji posluje pod &#8220;versiegelung24.com&#8221; (u daljnjem tekstu &#8220;Prodavatelj&#8221;), primjenjuju se na sve ugovore&hellip;&nbsp;Read More &raquo;Op\u0107i uvjeti poslovanja s podacima o kupcima\" \/>\n<meta property=\"og:url\" content=\"https:\/\/www.versiegelung24.com\/hr\/opci-uvjeti-poslovanja-s-podacima-o-kupcima\/\" \/>\n<meta property=\"og:site_name\" content=\"versiegelung24.com\" \/>\n<meta property=\"article:modified_time\" content=\"2024-06-25T18:51:01+00:00\" \/>\n<meta property=\"og:image\" content=\"https:\/\/www.versiegelung24.com\/wp-content\/uploads\/2022\/02\/Impressum.png\" \/>\n\t<meta property=\"og:image:width\" content=\"2000\" \/>\n\t<meta property=\"og:image:height\" content=\"2000\" \/>\n\t<meta property=\"og:image:type\" content=\"image\/png\" \/>\n<meta name=\"twitter:card\" content=\"summary_large_image\" \/>\n<meta name=\"twitter:label1\" content=\"Procijenjeno vrijeme \u010ditanja\" \/>\n\t<meta name=\"twitter:data1\" content=\"7 minuta\" \/>\n<script type=\"application\/ld+json\" class=\"yoast-schema-graph\">{\"@context\":\"https:\\\/\\\/schema.org\",\"@graph\":[{\"@type\":\"WebPage\",\"@id\":\"https:\\\/\\\/www.versiegelung24.com\\\/hr\\\/opci-uvjeti-poslovanja-s-podacima-o-kupcima\\\/\",\"url\":\"https:\\\/\\\/www.versiegelung24.com\\\/hr\\\/opci-uvjeti-poslovanja-s-podacima-o-kupcima\\\/\",\"name\":\"Op\u0107i uvjeti poslovanja s podacima o kupcima - versiegelung24.com\",\"isPartOf\":{\"@id\":\"https:\\\/\\\/www.versiegelung24.com\\\/hr\\\/#website\"},\"primaryImageOfPage\":{\"@id\":\"https:\\\/\\\/www.versiegelung24.com\\\/hr\\\/opci-uvjeti-poslovanja-s-podacima-o-kupcima\\\/#primaryimage\"},\"image\":{\"@id\":\"https:\\\/\\\/www.versiegelung24.com\\\/hr\\\/opci-uvjeti-poslovanja-s-podacima-o-kupcima\\\/#primaryimage\"},\"thumbnailUrl\":\"https:\\\/\\\/www.versiegelung24.com\\\/wp-content\\\/uploads\\\/2022\\\/02\\\/Impressum.png\",\"datePublished\":\"2021-08-02T18:48:07+00:00\",\"dateModified\":\"2024-06-25T18:51:01+00:00\",\"breadcrumb\":{\"@id\":\"https:\\\/\\\/www.versiegelung24.com\\\/hr\\\/opci-uvjeti-poslovanja-s-podacima-o-kupcima\\\/#breadcrumb\"},\"inLanguage\":\"hr\",\"potentialAction\":[{\"@type\":\"ReadAction\",\"target\":[\"https:\\\/\\\/www.versiegelung24.com\\\/hr\\\/opci-uvjeti-poslovanja-s-podacima-o-kupcima\\\/\"]}]},{\"@type\":\"ImageObject\",\"inLanguage\":\"hr\",\"@id\":\"https:\\\/\\\/www.versiegelung24.com\\\/hr\\\/opci-uvjeti-poslovanja-s-podacima-o-kupcima\\\/#primaryimage\",\"url\":\"https:\\\/\\\/www.versiegelung24.com\\\/wp-content\\\/uploads\\\/2022\\\/02\\\/Impressum.png\",\"contentUrl\":\"https:\\\/\\\/www.versiegelung24.com\\\/wp-content\\\/uploads\\\/2022\\\/02\\\/Impressum.png\",\"width\":2000,\"height\":2000},{\"@type\":\"BreadcrumbList\",\"@id\":\"https:\\\/\\\/www.versiegelung24.com\\\/hr\\\/opci-uvjeti-poslovanja-s-podacima-o-kupcima\\\/#breadcrumb\",\"itemListElement\":[{\"@type\":\"ListItem\",\"position\":1,\"name\":\"Po\u010detna stranica\",\"item\":\"https:\\\/\\\/www.versiegelung24.com\\\/hr\\\/ispred\\\/\"},{\"@type\":\"ListItem\",\"position\":2,\"name\":\"Op\u0107i uvjeti poslovanja s podacima o kupcima\"}]},{\"@type\":\"WebSite\",\"@id\":\"https:\\\/\\\/www.versiegelung24.com\\\/hr\\\/#website\",\"url\":\"https:\\\/\\\/www.versiegelung24.com\\\/hr\\\/\",\"name\":\"versiegelung24.com\",\"description\":\"Fl\u00fcssigglas-Versiegelung - Made in Germany\",\"publisher\":{\"@id\":\"https:\\\/\\\/www.versiegelung24.com\\\/hr\\\/#organization\"},\"potentialAction\":[{\"@type\":\"SearchAction\",\"target\":{\"@type\":\"EntryPoint\",\"urlTemplate\":\"https:\\\/\\\/www.versiegelung24.com\\\/hr\\\/?s={search_term_string}\"},\"query-input\":{\"@type\":\"PropertyValueSpecification\",\"valueRequired\":true,\"valueName\":\"search_term_string\"}}],\"inLanguage\":\"hr\"},{\"@type\":\"Organization\",\"@id\":\"https:\\\/\\\/www.versiegelung24.com\\\/hr\\\/#organization\",\"name\":\"versiegelung24\",\"url\":\"https:\\\/\\\/www.versiegelung24.com\\\/hr\\\/\",\"logo\":{\"@type\":\"ImageObject\",\"inLanguage\":\"hr\",\"@id\":\"https:\\\/\\\/www.versiegelung24.com\\\/hr\\\/#\\\/schema\\\/logo\\\/image\\\/\",\"url\":\"https:\\\/\\\/www.versiegelung24.com\\\/wp-content\\\/uploads\\\/2020\\\/04\\\/versiegelung24.png\",\"contentUrl\":\"https:\\\/\\\/www.versiegelung24.com\\\/wp-content\\\/uploads\\\/2020\\\/04\\\/versiegelung24.png\",\"width\":470,\"height\":102,\"caption\":\"versiegelung24\"},\"image\":{\"@id\":\"https:\\\/\\\/www.versiegelung24.com\\\/hr\\\/#\\\/schema\\\/logo\\\/image\\\/\"}}]}<\/script>\n<!-- \/ Yoast SEO Premium plugin. -->","yoast_head_json":{"title":"Op\u0107i uvjeti poslovanja s podacima o kupcima - versiegelung24.com","robots":{"index":"index","follow":"follow","max-snippet":"max-snippet:-1","max-image-preview":"max-image-preview:large","max-video-preview":"max-video-preview:-1"},"canonical":"https:\/\/www.versiegelung24.com\/hr\/opci-uvjeti-poslovanja-s-podacima-o-kupcima\/","og_locale":"hr_HR","og_type":"article","og_title":"Op\u0107i uvjeti poslovanja s podacima o kupcima","og_description":"Sadr\u017eaj opseg Sklapanje ugovora Pravo na odustajanje Cijene i uvjeti pla\u0107anja Uvjeti dostave i dostave Zadr\u017eavanje vlasni\u0161tva Odgovornost za nedostatke (jamstvo) Iskori\u0161tavanje vau\u010dera za kampanju Mjerodavno pravo Alternativno rje\u0161avanje sporova 1) Opseg 1.1 Ovi Op\u0107i uvjeti (u daljnjem tekstu &#8220;OU&#8221;) Holger K\u00e4dinga, koji posluje pod &#8220;versiegelung24.com&#8221; (u daljnjem tekstu &#8220;Prodavatelj&#8221;), primjenjuju se na sve ugovore&hellip;&nbsp;Read More &raquo;Op\u0107i uvjeti poslovanja s podacima o kupcima","og_url":"https:\/\/www.versiegelung24.com\/hr\/opci-uvjeti-poslovanja-s-podacima-o-kupcima\/","og_site_name":"versiegelung24.com","article_modified_time":"2024-06-25T18:51:01+00:00","og_image":[{"width":2000,"height":2000,"url":"https:\/\/www.versiegelung24.com\/wp-content\/uploads\/2022\/02\/Impressum.png","type":"image\/png"}],"twitter_card":"summary_large_image","twitter_misc":{"Procijenjeno vrijeme \u010ditanja":"7 minuta"},"schema":{"@context":"https:\/\/schema.org","@graph":[{"@type":"WebPage","@id":"https:\/\/www.versiegelung24.com\/hr\/opci-uvjeti-poslovanja-s-podacima-o-kupcima\/","url":"https:\/\/www.versiegelung24.com\/hr\/opci-uvjeti-poslovanja-s-podacima-o-kupcima\/","name":"Op\u0107i uvjeti poslovanja s podacima o kupcima - versiegelung24.com","isPartOf":{"@id":"https:\/\/www.versiegelung24.com\/hr\/#website"},"primaryImageOfPage":{"@id":"https:\/\/www.versiegelung24.com\/hr\/opci-uvjeti-poslovanja-s-podacima-o-kupcima\/#primaryimage"},"image":{"@id":"https:\/\/www.versiegelung24.com\/hr\/opci-uvjeti-poslovanja-s-podacima-o-kupcima\/#primaryimage"},"thumbnailUrl":"https:\/\/www.versiegelung24.com\/wp-content\/uploads\/2022\/02\/Impressum.png","datePublished":"2021-08-02T18:48:07+00:00","dateModified":"2024-06-25T18:51:01+00:00","breadcrumb":{"@id":"https:\/\/www.versiegelung24.com\/hr\/opci-uvjeti-poslovanja-s-podacima-o-kupcima\/#breadcrumb"},"inLanguage":"hr","potentialAction":[{"@type":"ReadAction","target":["https:\/\/www.versiegelung24.com\/hr\/opci-uvjeti-poslovanja-s-podacima-o-kupcima\/"]}]},{"@type":"ImageObject","inLanguage":"hr","@id":"https:\/\/www.versiegelung24.com\/hr\/opci-uvjeti-poslovanja-s-podacima-o-kupcima\/#primaryimage","url":"https:\/\/www.versiegelung24.com\/wp-content\/uploads\/2022\/02\/Impressum.png","contentUrl":"https:\/\/www.versiegelung24.com\/wp-content\/uploads\/2022\/02\/Impressum.png","width":2000,"height":2000},{"@type":"BreadcrumbList","@id":"https:\/\/www.versiegelung24.com\/hr\/opci-uvjeti-poslovanja-s-podacima-o-kupcima\/#breadcrumb","itemListElement":[{"@type":"ListItem","position":1,"name":"Po\u010detna stranica","item":"https:\/\/www.versiegelung24.com\/hr\/ispred\/"},{"@type":"ListItem","position":2,"name":"Op\u0107i uvjeti poslovanja s podacima o kupcima"}]},{"@type":"WebSite","@id":"https:\/\/www.versiegelung24.com\/hr\/#website","url":"https:\/\/www.versiegelung24.com\/hr\/","name":"versiegelung24.com","description":"Fl\u00fcssigglas-Versiegelung - Made in Germany","publisher":{"@id":"https:\/\/www.versiegelung24.com\/hr\/#organization"},"potentialAction":[{"@type":"SearchAction","target":{"@type":"EntryPoint","urlTemplate":"https:\/\/www.versiegelung24.com\/hr\/?s={search_term_string}"},"query-input":{"@type":"PropertyValueSpecification","valueRequired":true,"valueName":"search_term_string"}}],"inLanguage":"hr"},{"@type":"Organization","@id":"https:\/\/www.versiegelung24.com\/hr\/#organization","name":"versiegelung24","url":"https:\/\/www.versiegelung24.com\/hr\/","logo":{"@type":"ImageObject","inLanguage":"hr","@id":"https:\/\/www.versiegelung24.com\/hr\/#\/schema\/logo\/image\/","url":"https:\/\/www.versiegelung24.com\/wp-content\/uploads\/2020\/04\/versiegelung24.png","contentUrl":"https:\/\/www.versiegelung24.com\/wp-content\/uploads\/2020\/04\/versiegelung24.png","width":470,"height":102,"caption":"versiegelung24"},"image":{"@id":"https:\/\/www.versiegelung24.com\/hr\/#\/schema\/logo\/image\/"}}]}},"_links":{"self":[{"href":"https:\/\/www.versiegelung24.com\/hr\/wp-json\/wp\/v2\/pages\/22583","targetHints":{"allow":["GET"]}}],"collection":[{"href":"https:\/\/www.versiegelung24.com\/hr\/wp-json\/wp\/v2\/pages"}],"about":[{"href":"https:\/\/www.versiegelung24.com\/hr\/wp-json\/wp\/v2\/types\/page"}],"author":[{"embeddable":true,"href":"https:\/\/www.versiegelung24.com\/hr\/wp-json\/wp\/v2\/users\/932"}],"replies":[{"embeddable":true,"href":"https:\/\/www.versiegelung24.com\/hr\/wp-json\/wp\/v2\/comments?post=22583"}],"version-history":[{"count":2,"href":"https:\/\/www.versiegelung24.com\/hr\/wp-json\/wp\/v2\/pages\/22583\/revisions"}],"predecessor-version":[{"id":70985,"href":"https:\/\/www.versiegelung24.com\/hr\/wp-json\/wp\/v2\/pages\/22583\/revisions\/70985"}],"wp:featuredmedia":[{"embeddable":true,"href":"https:\/\/www.versiegelung24.com\/hr\/wp-json\/wp\/v2\/media\/70706"}],"wp:attachment":[{"href":"https:\/\/www.versiegelung24.com\/hr\/wp-json\/wp\/v2\/media?parent=22583"}],"wp:term":[{"taxonomy":"category","embeddable":true,"href":"https:\/\/www.versiegelung24.com\/hr\/wp-json\/wp\/v2\/categories?post=22583"},{"taxonomy":"seiten_kategorie","embeddable":true,"href":"https:\/\/www.versiegelung24.com\/hr\/wp-json\/wp\/v2\/seiten_kategorie?post=22583"}],"curies":[{"name":"wp","href":"https:\/\/api.w.org\/{rel}","templated":true}]}}