{"id":41063,"date":"2021-12-14T14:15:37","date_gmt":"2021-12-14T13:15:37","guid":{"rendered":"https:\/\/www.versiegelung24.com\/savjeti-o-proizvodima-versiegelung24\/znati-kako\/zastita-grafita"},"modified":"2024-09-01T18:17:16","modified_gmt":"2024-09-01T16:17:16","slug":"zastita-od-grafita-tekucim-staklom","status":"publish","type":"page","link":"https:\/\/www.versiegelung24.com\/hr\/znati-kako\/zastita-grafita\/","title":{"rendered":"Za\u0161tita od grafita na fasadi"},"content":{"rendered":"\n<h1 class=\"wp-block-heading\" id=\"h-graffiti-schutz-mit-flussigglas\">Za\u0161tita grafita teku\u0107im staklom<\/h1>\n\n<p>Ovaj bi video trebao biti posebno zanimljiv za gradove i op\u0107ine ili za o\u0161te\u0107ene vlasnike nekretnina koji su ve\u0107 imali iskustva sa kontaminacijom prskalicama za grafite. Boje &#8220;umjetnika&#8221; postojane su i prodiru u beton ili kamen prilikom prskanja. Zbog toga je uklanjanje grafita vrlo skupo i dugotrajno, \u0161to se obi\u010dno mora u\u010diniti profesionalno.<\/p>\n\n<figure class=\"wp-block-embed aligncenter is-type-video is-provider-youtube wp-block-embed-youtube wp-embed-aspect-16-9 wp-has-aspect-ratio\"><div class=\"wp-block-embed__wrapper\"> \n<div class=\"nv-iframe-embed\"><iframe title=\"Graffiti Protection Pro 626 - How does it work?\" width=\"1200\" height=\"675\" src=\"https:\/\/www.youtube.com\/embed\/dP9jGmUvoek?feature=oembed\" frameborder=\"0\" allow=\"accelerometer; autoplay; clipboard-write; encrypted-media; gyroscope; picture-in-picture\" allowfullscreen><\/iframe><\/div>\n <\/div><\/figure>\n\n<div class=\"wp-block-columns is-layout-flex wp-container-core-columns-is-layout-9d6595d7 wp-block-columns-is-layout-flex\">\n<div class=\"wp-block-column is-layout-flow wp-block-column-is-layout-flow\" style=\"flex-basis:66.66%\">\n<p>Video prikazuje usporedbu s dvije betonske cigle:<\/p>\n\n\n\n<p><a href=\"https:\/\/www.versiegelung24.com\/hr\/anti-grafiti-zastitni-premaz-vrlo-ucinkovit-brtvljenje-fasada.html\">Jedan kamen je potpuno zape\u010da\u0107en teku\u0107im staklom<\/a> , drugi nije. Sada, kao pandan spreju u boji, kri\u017eem je na odgovaraju\u0107em kamenu naslikan marker. I ovdje mo\u017eete odmah vidjeti &#8211; u slu\u010daju neobra\u0111enog kamena odmah se uvla\u010di crna boja, kri\u017e je jasno vidljiv. Kada je kamen zape\u010da\u0107en, boja ne mo\u017ee prodrijeti u <a href=\"https:\/\/www.versiegelung24.com\/hr\/anti-grafiti-zastitni-premaz-vrlo-ucinkovit-brtvljenje-fasada.html\" target=\"_blank\" rel=\"noreferrer noopener\">teku\u0107e<\/a> staklo, \u0161to zna\u010di da nema prianjanja. Kri\u017e je stoga slabo vidljiv i mo\u017ee se ukloniti samo vodom bez ostavljanja ostataka. Uzalud poku\u0161avate to u\u010diniti s neobra\u0111enom opekom u videu. U mnogim slu\u010dajevima \u010di\u0161\u0107enje se mo\u017ee obaviti samo vodom, ali u\u010dinkovitost mo\u017ee varirati ovisno o vrsti grafita.<\/p>\n\n\n\n<p>Povr\u0161ina se mo\u017ee za\u0161tititi od grafita premazom teku\u0107eg stakla. Za\u0161titni u\u010dinak mo\u017ee trajati do 20 godina uz pravilnu primjenu i pod povoljnim uvjetima. <\/p>\n\n\n\n<p>U videu mo\u017eete vidjeti kako je lako zabrtviti beton: dovoljan je ravnomjeran nanos \u010detkom Prije nano\u0161enja teku\u0107eg staklenog premaza, povr\u0161ina mora biti temeljito o\u010di\u0161\u0107ena i osu\u0161ena kako bi se osiguralo da brtvilo optimalno prianja i ravnomjerno se rasporedi. .<\/p>\n<\/div>\n\n\n\n<div class=\"wp-block-column is-layout-flow wp-block-column-is-layout-flow\" style=\"flex-basis:33.33%\"><div class=\"wp-block-image\">\n<figure class=\"alignright size-full is-resized\"><img fetchpriority=\"high\" decoding=\"async\" width=\"1000\" height=\"1000\" src=\"https:\/\/www.versiegelung24.com\/wp-content\/uploads\/2021\/12\/graf-1.jpg\" alt=\"\" class=\"wp-image-40868\" style=\"width:313px;height:313px\" srcset=\"https:\/\/www.versiegelung24.com\/wp-content\/uploads\/2021\/12\/graf-1.jpg 1000w, https:\/\/www.versiegelung24.com\/wp-content\/uploads\/2021\/12\/graf-1-400x400.jpg 400w, https:\/\/www.versiegelung24.com\/wp-content\/uploads\/2021\/12\/graf-1-100x100.jpg 100w, https:\/\/www.versiegelung24.com\/wp-content\/uploads\/2021\/12\/graf-1-600x600.jpg 600w, https:\/\/www.versiegelung24.com\/wp-content\/uploads\/2021\/12\/graf-1-300x300.jpg 300w, https:\/\/www.versiegelung24.com\/wp-content\/uploads\/2021\/12\/graf-1-80x80.jpg 80w, https:\/\/www.versiegelung24.com\/wp-content\/uploads\/2021\/12\/graf-1-768x768.jpg 768w\" sizes=\"(max-width: 1000px) 100vw, 1000px\" \/><\/figure>\n<\/div><\/div>\n<\/div>\n<div class=\"woocommerce columns-4 \"><ul class=\"products columns-4\">\n<li class=\"product type-product post-23937 status-publish first instock product_cat-brtvljenje-kamena-i-betona has-post-thumbnail taxable shipping-taxable purchasable product-type-variable has-default-attributes\">\n\t<div class=\"nv-card-content-wrapper\"><a href=\"https:\/\/www.versiegelung24.com\/hr\/anti-grafiti-zastitni-premaz-vrlo-ucinkovit-brtvljenje-fasada.html\" class=\"woocommerce-LoopProduct-link woocommerce-loop-product__link\"><div class=\"sp-product-image \"><div class=\"img-wrap\"><img decoding=\"async\" width=\"400\" height=\"400\" src=\"https:\/\/www.versiegelung24.com\/wp-content\/uploads\/2020\/04\/7626-anti-graffiti-400x400.webp\" class=\"attachment-woocommerce_thumbnail size-woocommerce_thumbnail\" alt=\"Za\u0161titni premaz protiv grafita - premaz protiv grafita\" srcset=\"https:\/\/www.versiegelung24.com\/wp-content\/uploads\/2020\/04\/7626-anti-graffiti-400x400.webp 400w, https:\/\/www.versiegelung24.com\/wp-content\/uploads\/2020\/04\/7626-anti-graffiti-300x300.webp 300w, https:\/\/www.versiegelung24.com\/wp-content\/uploads\/2020\/04\/7626-anti-graffiti-1300x1300.webp 1300w, https:\/\/www.versiegelung24.com\/wp-content\/uploads\/2020\/04\/7626-anti-graffiti-80x80.webp 80w, https:\/\/www.versiegelung24.com\/wp-content\/uploads\/2020\/04\/7626-anti-graffiti-768x768.webp 768w, https:\/\/www.versiegelung24.com\/wp-content\/uploads\/2020\/04\/7626-anti-graffiti-1536x1536.webp 1536w, https:\/\/www.versiegelung24.com\/wp-content\/uploads\/2020\/04\/7626-anti-graffiti-2048x2048.webp 2048w, https:\/\/www.versiegelung24.com\/wp-content\/uploads\/2020\/04\/7626-anti-graffiti-70x70.webp 70w, https:\/\/www.versiegelung24.com\/wp-content\/uploads\/2020\/04\/7626-anti-graffiti-600x600.webp 600w, https:\/\/www.versiegelung24.com\/wp-content\/uploads\/2020\/04\/7626-anti-graffiti-100x100.webp 100w\" sizes=\"(max-width: 400px) 100vw, 400px\" \/><\/div><\/div><h2 class=\"woocommerce-loop-product__title\">Za\u0161titni premaz protiv grafita &#8211; premaz protiv grafita<\/h2>\n\t<span class=\"price\"><span class=\"woocommerce-Price-amount amount\"><bdi>359,00<span class=\"woocommerce-Price-currencySymbol\">&euro;<\/span><\/bdi><\/span><\/span>\n\n\n\t<p class=\"price price-unit smaller wc-gzd-additional-info wc-gzd-additional-info-loop\">(<span class=\"woocommerce-Price-amount amount\">71,80<span class=\"woocommerce-Price-currencySymbol\">&euro;<\/span><\/span> \/ <span class=\"unit\">l<\/span>)<\/p>\n\n<\/a>\t\t<p class=\"artikelnummer wc-gzd-additional-info\">\n\t\t\tSKU: 9201-7626-5000\t\t<\/p>\n\t\t\n\t<p class=\"wc-gzd-additional-info wc-gzd-additional-info-loop product-units-wrapper product-units\">Sadr\u017eaj: 5 <span class=\"unit\">l<\/span><\/p>\n\t\t<p class=\"lagerbestand wc-gzd-additional-info\">\n\t\t\t<strong>\n\t\t\t\tInventar\t\t\t\t:\n\t\t\t<\/strong>\n\t\t\tDostupno\t\t<\/p>\n\t\t\n\t<p class=\"wc-gzd-additional-info delivery-time-info wc-gzd-additional-info-loop\"><span class=\"delivery-time-inner delivery-time-7-radnih-dana\">Vrijeme isporuke:  <span class=\"delivery-time-data\">7 radnih dana<\/span><\/span><\/p>\n\n\t<p class=\"wc-gzd-additional-info wc-gzd-additional-info-loop tax-info\">incl. VAT<\/p>\n\n\t<p class=\"wc-gzd-additional-info wc-gzd-additional-info-loop shipping-costs-info\">plus  <a href=\"https:\/\/www.versiegelung24.com\/hr\/savjeti-o-proizvodima-versiegelung24\/metode-dostave\/\" target=\"_blank\">dostava<\/a><\/p>\n<a href=\"https:\/\/www.versiegelung24.com\/hr\/anti-grafiti-zastitni-premaz-vrlo-ucinkovit-brtvljenje-fasada.html\" aria-describedby=\"woocommerce_loop_add_to_cart_link_describedby_23937\" data-quantity=\"1\" class=\"button product_type_variable add_to_cart_button\" data-product_id=\"23937\" data-product_sku=\"9201-7626-5000\" aria-label=\"Odaberi opcije za &ldquo;Za\u0161titni premaz protiv grafita - premaz protiv grafita&rdquo;\" rel=\"nofollow\">Odaberi opcije<\/a>\t<span id=\"woocommerce_loop_add_to_cart_link_describedby_23937\" class=\"screen-reader-text\">\n\t\tOvaj proizvod ima vi\u0161e varijanti. Opcije se mogu odabrati na stranici proizvoda\t<\/span>\n<\/div><\/li>\n<\/ul>\n<\/div>\n\n","protected":false},"excerpt":{"rendered":"<p>Objavite rat grafitima \u2013 u\u010dinkovita za\u0161tita va\u0161e fasade teku\u0107im staklom.<\/p>\n","protected":false},"author":932,"featured_media":40872,"parent":34620,"menu_order":0,"comment_status":"closed","ping_status":"closed","template":"","meta":{"_acf_changed":false,"neve_meta_sidebar":"full-width","neve_meta_container":"","neve_meta_enable_content_width":"on","neve_meta_content_width":100,"neve_meta_title_alignment":"","neve_meta_author_avatar":"","neve_post_elements_order":"","neve_meta_disable_header":"","neve_meta_disable_footer":"","neve_meta_disable_title":"","neve_meta_reading_time":"","footnotes":""},"categories":[3554,3492],"seiten_kategorie":[3829],"class_list":["post-41063","page","type-page","status-publish","has-post-thumbnail","hentry","category-kuca-i-vrt","category-savjet-clanak-casopis"],"acf":[],"yoast_head":"<!-- This site is optimized with the Yoast SEO Premium plugin v22.8 (Yoast SEO v27.5) - https:\/\/yoast.com\/product\/yoast-seo-premium-wordpress\/ -->\n<title>Liquid Gals brtvilo - Za\u0161tita od grafita na fasadi - versiegelung24.com stranice<\/title>\n<meta name=\"description\" content=\"Teku\u0107i gals sealer kao za\u0161tita od grafita. Saznajte od nas kako mo\u017eete za\u0161tititi svoje stvari.\" \/>\n<meta name=\"robots\" content=\"index, follow, max-snippet:-1, max-image-preview:large, max-video-preview:-1\" \/>\n<link rel=\"canonical\" href=\"https:\/\/www.versiegelung24.com\/hr\/znati-kako\/zastita-grafita\/\" \/>\n<meta property=\"og:locale\" content=\"hr_HR\" \/>\n<meta property=\"og:type\" content=\"article\" \/>\n<meta property=\"og:title\" content=\"Za\u0161tita od grafita na fasadi\" \/>\n<meta property=\"og:description\" content=\"Teku\u0107i gals sealer kao za\u0161tita od grafita. Saznajte od nas kako mo\u017eete za\u0161tititi svoje stvari.\" \/>\n<meta property=\"og:url\" content=\"https:\/\/www.versiegelung24.com\/hr\/znati-kako\/zastita-grafita\/\" \/>\n<meta property=\"og:site_name\" content=\"versiegelung24.com\" \/>\n<meta property=\"article:modified_time\" content=\"2024-09-01T16:17:16+00:00\" \/>\n<meta property=\"og:image\" content=\"https:\/\/www.versiegelung24.com\/wp-content\/uploads\/2021\/12\/graf-1.jpg\" \/>\n\t<meta property=\"og:image:width\" content=\"1000\" \/>\n\t<meta property=\"og:image:height\" content=\"1000\" \/>\n\t<meta property=\"og:image:type\" content=\"image\/jpeg\" \/>\n<meta name=\"twitter:card\" content=\"summary_large_image\" \/>\n<meta name=\"twitter:label1\" content=\"Procijenjeno vrijeme \u010ditanja\" \/>\n\t<meta name=\"twitter:data1\" content=\"1 minuta\" \/>\n<script type=\"application\/ld+json\" class=\"yoast-schema-graph\">{\"@context\":\"https:\\\/\\\/schema.org\",\"@graph\":[{\"@type\":\"WebPage\",\"@id\":\"https:\\\/\\\/www.versiegelung24.com\\\/hr\\\/znati-kako\\\/zastita-grafita\\\/\",\"url\":\"https:\\\/\\\/www.versiegelung24.com\\\/hr\\\/znati-kako\\\/zastita-grafita\\\/\",\"name\":\"Liquid Gals brtvilo - Za\u0161tita od grafita na fasadi - versiegelung24.com stranice\",\"isPartOf\":{\"@id\":\"https:\\\/\\\/www.versiegelung24.com\\\/hr\\\/#website\"},\"primaryImageOfPage\":{\"@id\":\"https:\\\/\\\/www.versiegelung24.com\\\/hr\\\/znati-kako\\\/zastita-grafita\\\/#primaryimage\"},\"image\":{\"@id\":\"https:\\\/\\\/www.versiegelung24.com\\\/hr\\\/znati-kako\\\/zastita-grafita\\\/#primaryimage\"},\"thumbnailUrl\":\"https:\\\/\\\/www.versiegelung24.com\\\/wp-content\\\/uploads\\\/2021\\\/12\\\/graf-1.jpg\",\"datePublished\":\"2021-12-14T13:15:37+00:00\",\"dateModified\":\"2024-09-01T16:17:16+00:00\",\"description\":\"Teku\u0107i gals sealer kao za\u0161tita od grafita. Saznajte od nas kako mo\u017eete za\u0161tititi svoje stvari.\",\"breadcrumb\":{\"@id\":\"https:\\\/\\\/www.versiegelung24.com\\\/hr\\\/znati-kako\\\/zastita-grafita\\\/#breadcrumb\"},\"inLanguage\":\"hr\",\"potentialAction\":[{\"@type\":\"ReadAction\",\"target\":[\"https:\\\/\\\/www.versiegelung24.com\\\/hr\\\/znati-kako\\\/zastita-grafita\\\/\"]}]},{\"@type\":\"ImageObject\",\"inLanguage\":\"hr\",\"@id\":\"https:\\\/\\\/www.versiegelung24.com\\\/hr\\\/znati-kako\\\/zastita-grafita\\\/#primaryimage\",\"url\":\"https:\\\/\\\/www.versiegelung24.com\\\/wp-content\\\/uploads\\\/2021\\\/12\\\/graf-1.jpg\",\"contentUrl\":\"https:\\\/\\\/www.versiegelung24.com\\\/wp-content\\\/uploads\\\/2021\\\/12\\\/graf-1.jpg\",\"width\":1000,\"height\":1000},{\"@type\":\"BreadcrumbList\",\"@id\":\"https:\\\/\\\/www.versiegelung24.com\\\/hr\\\/znati-kako\\\/zastita-grafita\\\/#breadcrumb\",\"itemListElement\":[{\"@type\":\"ListItem\",\"position\":1,\"name\":\"Po\u010detna stranica\",\"item\":\"https:\\\/\\\/www.versiegelung24.com\\\/hr\\\/ispred\\\/\"},{\"@type\":\"ListItem\",\"position\":2,\"name\":\"savjetnik\",\"item\":\"https:\\\/\\\/www.versiegelung24.com\\\/hr\\\/ratgeber\\\/\"},{\"@type\":\"ListItem\",\"position\":3,\"name\":\"\u010dasopis\",\"item\":\"https:\\\/\\\/www.versiegelung24.com\\\/hr\\\/ratgeber\\\/magazin\\\/\"},{\"@type\":\"ListItem\",\"position\":4,\"name\":\"Za\u0161tita od grafita na fasadi\"}]},{\"@type\":\"WebSite\",\"@id\":\"https:\\\/\\\/www.versiegelung24.com\\\/hr\\\/#website\",\"url\":\"https:\\\/\\\/www.versiegelung24.com\\\/hr\\\/\",\"name\":\"versiegelung24.com\",\"description\":\"Fl\u00fcssigglas-Versiegelung - Made in Germany\",\"publisher\":{\"@id\":\"https:\\\/\\\/www.versiegelung24.com\\\/hr\\\/#organization\"},\"potentialAction\":[{\"@type\":\"SearchAction\",\"target\":{\"@type\":\"EntryPoint\",\"urlTemplate\":\"https:\\\/\\\/www.versiegelung24.com\\\/hr\\\/?s={search_term_string}\"},\"query-input\":{\"@type\":\"PropertyValueSpecification\",\"valueRequired\":true,\"valueName\":\"search_term_string\"}}],\"inLanguage\":\"hr\"},{\"@type\":\"Organization\",\"@id\":\"https:\\\/\\\/www.versiegelung24.com\\\/hr\\\/#organization\",\"name\":\"versiegelung24\",\"url\":\"https:\\\/\\\/www.versiegelung24.com\\\/hr\\\/\",\"logo\":{\"@type\":\"ImageObject\",\"inLanguage\":\"hr\",\"@id\":\"https:\\\/\\\/www.versiegelung24.com\\\/hr\\\/#\\\/schema\\\/logo\\\/image\\\/\",\"url\":\"https:\\\/\\\/www.versiegelung24.com\\\/wp-content\\\/uploads\\\/2020\\\/04\\\/versiegelung24.png\",\"contentUrl\":\"https:\\\/\\\/www.versiegelung24.com\\\/wp-content\\\/uploads\\\/2020\\\/04\\\/versiegelung24.png\",\"width\":470,\"height\":102,\"caption\":\"versiegelung24\"},\"image\":{\"@id\":\"https:\\\/\\\/www.versiegelung24.com\\\/hr\\\/#\\\/schema\\\/logo\\\/image\\\/\"}}]}<\/script>\n<!-- \/ Yoast SEO Premium plugin. -->","yoast_head_json":{"title":"Liquid Gals brtvilo - Za\u0161tita od grafita na fasadi - versiegelung24.com stranice","description":"Teku\u0107i gals sealer kao za\u0161tita od grafita. Saznajte od nas kako mo\u017eete za\u0161tititi svoje stvari.","robots":{"index":"index","follow":"follow","max-snippet":"max-snippet:-1","max-image-preview":"max-image-preview:large","max-video-preview":"max-video-preview:-1"},"canonical":"https:\/\/www.versiegelung24.com\/hr\/znati-kako\/zastita-grafita\/","og_locale":"hr_HR","og_type":"article","og_title":"Za\u0161tita od grafita na fasadi","og_description":"Teku\u0107i gals sealer kao za\u0161tita od grafita. Saznajte od nas kako mo\u017eete za\u0161tititi svoje stvari.","og_url":"https:\/\/www.versiegelung24.com\/hr\/znati-kako\/zastita-grafita\/","og_site_name":"versiegelung24.com","article_modified_time":"2024-09-01T16:17:16+00:00","og_image":[{"width":1000,"height":1000,"url":"https:\/\/www.versiegelung24.com\/wp-content\/uploads\/2021\/12\/graf-1.jpg","type":"image\/jpeg"}],"twitter_card":"summary_large_image","twitter_misc":{"Procijenjeno vrijeme \u010ditanja":"1 minuta"},"schema":{"@context":"https:\/\/schema.org","@graph":[{"@type":"WebPage","@id":"https:\/\/www.versiegelung24.com\/hr\/znati-kako\/zastita-grafita\/","url":"https:\/\/www.versiegelung24.com\/hr\/znati-kako\/zastita-grafita\/","name":"Liquid Gals brtvilo - Za\u0161tita od grafita na fasadi - versiegelung24.com stranice","isPartOf":{"@id":"https:\/\/www.versiegelung24.com\/hr\/#website"},"primaryImageOfPage":{"@id":"https:\/\/www.versiegelung24.com\/hr\/znati-kako\/zastita-grafita\/#primaryimage"},"image":{"@id":"https:\/\/www.versiegelung24.com\/hr\/znati-kako\/zastita-grafita\/#primaryimage"},"thumbnailUrl":"https:\/\/www.versiegelung24.com\/wp-content\/uploads\/2021\/12\/graf-1.jpg","datePublished":"2021-12-14T13:15:37+00:00","dateModified":"2024-09-01T16:17:16+00:00","description":"Teku\u0107i gals sealer kao za\u0161tita od grafita. Saznajte od nas kako mo\u017eete za\u0161tititi svoje stvari.","breadcrumb":{"@id":"https:\/\/www.versiegelung24.com\/hr\/znati-kako\/zastita-grafita\/#breadcrumb"},"inLanguage":"hr","potentialAction":[{"@type":"ReadAction","target":["https:\/\/www.versiegelung24.com\/hr\/znati-kako\/zastita-grafita\/"]}]},{"@type":"ImageObject","inLanguage":"hr","@id":"https:\/\/www.versiegelung24.com\/hr\/znati-kako\/zastita-grafita\/#primaryimage","url":"https:\/\/www.versiegelung24.com\/wp-content\/uploads\/2021\/12\/graf-1.jpg","contentUrl":"https:\/\/www.versiegelung24.com\/wp-content\/uploads\/2021\/12\/graf-1.jpg","width":1000,"height":1000},{"@type":"BreadcrumbList","@id":"https:\/\/www.versiegelung24.com\/hr\/znati-kako\/zastita-grafita\/#breadcrumb","itemListElement":[{"@type":"ListItem","position":1,"name":"Po\u010detna stranica","item":"https:\/\/www.versiegelung24.com\/hr\/ispred\/"},{"@type":"ListItem","position":2,"name":"savjetnik","item":"https:\/\/www.versiegelung24.com\/hr\/ratgeber\/"},{"@type":"ListItem","position":3,"name":"\u010dasopis","item":"https:\/\/www.versiegelung24.com\/hr\/ratgeber\/magazin\/"},{"@type":"ListItem","position":4,"name":"Za\u0161tita od grafita na fasadi"}]},{"@type":"WebSite","@id":"https:\/\/www.versiegelung24.com\/hr\/#website","url":"https:\/\/www.versiegelung24.com\/hr\/","name":"versiegelung24.com","description":"Fl\u00fcssigglas-Versiegelung - Made in Germany","publisher":{"@id":"https:\/\/www.versiegelung24.com\/hr\/#organization"},"potentialAction":[{"@type":"SearchAction","target":{"@type":"EntryPoint","urlTemplate":"https:\/\/www.versiegelung24.com\/hr\/?s={search_term_string}"},"query-input":{"@type":"PropertyValueSpecification","valueRequired":true,"valueName":"search_term_string"}}],"inLanguage":"hr"},{"@type":"Organization","@id":"https:\/\/www.versiegelung24.com\/hr\/#organization","name":"versiegelung24","url":"https:\/\/www.versiegelung24.com\/hr\/","logo":{"@type":"ImageObject","inLanguage":"hr","@id":"https:\/\/www.versiegelung24.com\/hr\/#\/schema\/logo\/image\/","url":"https:\/\/www.versiegelung24.com\/wp-content\/uploads\/2020\/04\/versiegelung24.png","contentUrl":"https:\/\/www.versiegelung24.com\/wp-content\/uploads\/2020\/04\/versiegelung24.png","width":470,"height":102,"caption":"versiegelung24"},"image":{"@id":"https:\/\/www.versiegelung24.com\/hr\/#\/schema\/logo\/image\/"}}]}},"_links":{"self":[{"href":"https:\/\/www.versiegelung24.com\/hr\/wp-json\/wp\/v2\/pages\/41063","targetHints":{"allow":["GET"]}}],"collection":[{"href":"https:\/\/www.versiegelung24.com\/hr\/wp-json\/wp\/v2\/pages"}],"about":[{"href":"https:\/\/www.versiegelung24.com\/hr\/wp-json\/wp\/v2\/types\/page"}],"author":[{"embeddable":true,"href":"https:\/\/www.versiegelung24.com\/hr\/wp-json\/wp\/v2\/users\/932"}],"replies":[{"embeddable":true,"href":"https:\/\/www.versiegelung24.com\/hr\/wp-json\/wp\/v2\/comments?post=41063"}],"version-history":[{"count":17,"href":"https:\/\/www.versiegelung24.com\/hr\/wp-json\/wp\/v2\/pages\/41063\/revisions"}],"predecessor-version":[{"id":172664,"href":"https:\/\/www.versiegelung24.com\/hr\/wp-json\/wp\/v2\/pages\/41063\/revisions\/172664"}],"up":[{"embeddable":true,"href":"https:\/\/www.versiegelung24.com\/hr\/wp-json\/wp\/v2\/pages\/34620"}],"wp:featuredmedia":[{"embeddable":true,"href":"https:\/\/www.versiegelung24.com\/hr\/wp-json\/wp\/v2\/media\/40872"}],"wp:attachment":[{"href":"https:\/\/www.versiegelung24.com\/hr\/wp-json\/wp\/v2\/media?parent=41063"}],"wp:term":[{"taxonomy":"category","embeddable":true,"href":"https:\/\/www.versiegelung24.com\/hr\/wp-json\/wp\/v2\/categories?post=41063"},{"taxonomy":"seiten_kategorie","embeddable":true,"href":"https:\/\/www.versiegelung24.com\/hr\/wp-json\/wp\/v2\/seiten_kategorie?post=41063"}],"curies":[{"name":"wp","href":"https:\/\/api.w.org\/{rel}","templated":true}]}}