{"id":41089,"date":"2021-12-14T14:15:45","date_gmt":"2021-12-14T13:15:45","guid":{"rendered":"https:\/\/www.versiegelung24.com\/savjeti-o-proizvodima-versiegelung24\/znati-kako\/pametni-telefon"},"modified":"2024-09-01T22:43:17","modified_gmt":"2024-09-01T20:43:17","slug":"brtvljenje-tekucim-staklom-pametnih-telefona","status":"publish","type":"page","link":"https:\/\/www.versiegelung24.com\/hr\/savjeti-o-proizvodima-versiegelung24\/znati-kako\/pametni-telefon\/","title":{"rendered":"Brtvljenje teku\u0107eg stakla za pametne telefone i tablete &#8211; za\u0161titite zaslone i produ\u017eite vijek trajanja"},"content":{"rendered":"\n<h1 class=\"wp-block-heading\" id=\"h-smartphone-flussigglas-versiegelung\">Brtvljenje teku\u0107eg stakla za pametne telefone<\/h1>\n\n<p>Danas skoro svatko posjeduje pametni telefon. Na\u017ealost, ovi mali \u010dudesni strojevi su vrlo osjetljivi. Prilikom svakodnevnog kori\u0161tenja pojavljuju se tragovi kori\u0161tenja poput ogrebotina ili otisaka prstiju koji tvrdoglavo ostaju na zaslonu. Sljede\u0107i videozapis rje\u0161ava ovaj problem i pokazuje kako mo\u017eete sprije\u010diti ove znakove kori\u0161tenja. <\/p>\n\n<figure class=\"wp-block-embed aligncenter is-type-video is-provider-youtube wp-block-embed-youtube wp-embed-aspect-16-9 wp-has-aspect-ratio\"><div class=\"wp-block-embed__wrapper\"> \n<div class=\"nv-iframe-embed\"><iframe title=\"901 LiquiGlas Mobile Phone Coating   Preparation + application process\" width=\"1200\" height=\"675\" src=\"https:\/\/www.youtube.com\/embed\/8JLSZ1KA-yU?feature=oembed\" frameborder=\"0\" allow=\"accelerometer; autoplay; clipboard-write; encrypted-media; gyroscope; picture-in-picture\" allowfullscreen><\/iframe><\/div>\n <\/div><\/figure>\n\n<br\/>\n<br\/>\n\n<div class=\"wp-block-columns is-layout-flex wp-container-core-columns-is-layout-9d6595d7 wp-block-columns-is-layout-flex\">\n<div class=\"wp-block-column is-layout-flow wp-block-column-is-layout-flow\" style=\"flex-basis:33.33%\">\n<h2 class=\"wp-block-heading\" id=\"h-anleitung-smartphone-display-einfach-versiegeln\">Upute &#8211; Jednostavno zatvorite zaslon pametnog telefona<\/h2>\n\n\n\n<ul class=\"wp-block-list\">\n<li>Odmah na po\u010detku videa mo\u017eete vidjeti da je sve \u0161to vam je potrebno za zape\u010datenje <a href=\"https:\/\/www.versiegelung24.com\/hr\/tekucina-staklo-mobitel-brtvljenje-tekucina-zastita-zaslona.html\" target=\"_blank\" rel=\"noreferrer noopener\">mobitela<\/a> sastavljeno u prakti\u010dan set. Ovo uklju\u010duje:<\/li>\n\n\n\n<li><strong>Rukavica<\/strong> za izbjegavanje otisaka prstiju<\/li>\n\n\n\n<li><strong>Krpa za \u010di\u0161\u0107enje natopljena <a href=\"https:\/\/www.versiegelung24.com\/reinigung\/bioethanol\/\">etanolom<\/a><\/strong><\/li>\n\n\n\n<li><strong>Tkanina za poliranje<\/strong><\/li>\n\n\n\n<li><strong><a href=\"https:\/\/www.versiegelung24.com\/hr\/tkanina-od-mikrovlakana-10x10cm-za-profesionalnu-tekucu-staklenu-primjenu.html\" target=\"_blank\" rel=\"noreferrer noopener\">Tkanina od teku\u0107eg stakla<\/a><\/strong> za brtvljenje<\/li>\n<\/ul>\n\n\n\n<p><\/p>\n\n\n\n<p>Tijekom uporabe pametni telefon dr\u017ei se samo za ruku na kojoj se nalazi rukavica kako bi se izbjegli novi otisci prstiju &#8211; oni su deblji od premaza od teku\u0107eg stakla i sprije\u010dili bi pravilno brtvljenje.<\/p>\n<\/div>\n\n\n\n<div class=\"wp-block-column is-layout-flow wp-block-column-is-layout-flow\" style=\"flex-basis:66.66%\">\n<figure class=\"wp-block-image size-large\"><img fetchpriority=\"high\" decoding=\"async\" width=\"1300\" height=\"867\" src=\"https:\/\/www.versiegelung24.com\/wp-content\/uploads\/2021\/12\/smart_liq-1300x867.jpg\" alt=\"\" class=\"wp-image-40898\" srcset=\"https:\/\/www.versiegelung24.com\/wp-content\/uploads\/2021\/12\/smart_liq-1300x867.jpg 1300w, https:\/\/www.versiegelung24.com\/wp-content\/uploads\/2021\/12\/smart_liq-scaled-600x400.jpg 600w, https:\/\/www.versiegelung24.com\/wp-content\/uploads\/2021\/12\/smart_liq-300x200.jpg 300w, https:\/\/www.versiegelung24.com\/wp-content\/uploads\/2021\/12\/smart_liq-768x512.jpg 768w, https:\/\/www.versiegelung24.com\/wp-content\/uploads\/2021\/12\/smart_liq-1536x1024.jpg 1536w, https:\/\/www.versiegelung24.com\/wp-content\/uploads\/2021\/12\/smart_liq-2048x1366.jpg 2048w, https:\/\/www.versiegelung24.com\/wp-content\/uploads\/2021\/12\/smart_liq-930x620.jpg 930w\" sizes=\"(max-width: 1300px) 100vw, 1300px\" \/><\/figure>\n<\/div>\n<\/div>\n\n<p>Nakon prethodnog \u010di\u0161\u0107enja, zaslon se suho trlja i na taj na\u010din uklanjaju se svi ostaci otisaka ili masti. <strong>Ovdje treba koristiti samo jednu stranu krpe od mikrovlakana<\/strong> &#8211; <strong>druga strana \u0107e biti potrebna kasnije<\/strong> za poliranje brtve. U sljede\u0107em koraku, krpa natopljena teku\u0107im staklom se raspakira i &#8211; kao i kod prethodnog \u010di\u0161\u0107enja &#8211; njome se trlja cijeli pametni telefon. Svuda se mo\u017ee zatvoriti teku\u0107im staklom. Stra\u017enji dio mobitela danas je \u010desto izra\u0111en od stakla.<\/p>\n\n<p>Nakon barem Povr\u0161ina pametnog telefona polira se 30 minuta &#8211; brtvljenje je gotovo. U videu mo\u017eete vidjeti savjet da je po\u017eeljno ostaviti teku\u0107e staklo da se stvrdne preko no\u0107i &#8211; slijedite ovu preporuku jer je za\u0161titni sloj nakon toga otporniji. Preporu\u010da se povremeno ponovno nano\u0161enje brtvila kako bi se odr\u017eala za\u0161tita.<\/p>\n\n","protected":false},"excerpt":{"rendered":"<p>Maksimalna za\u0161tita za va\u0161 pametni telefon s inovativnim brtvljenjem od teku\u0107eg stakla.<\/p>\n","protected":false},"author":932,"featured_media":41485,"parent":34620,"menu_order":0,"comment_status":"closed","ping_status":"closed","template":"","meta":{"_acf_changed":false,"neve_meta_sidebar":"full-width","neve_meta_container":"","neve_meta_enable_content_width":"on","neve_meta_content_width":100,"neve_meta_title_alignment":"","neve_meta_author_avatar":"","neve_post_elements_order":"","neve_meta_disable_header":"","neve_meta_disable_footer":"","neve_meta_disable_title":"","neve_meta_reading_time":"","footnotes":""},"categories":[3589,3492],"seiten_kategorie":[3829],"class_list":["post-41089","page","type-page","status-publish","has-post-thumbnail","hentry","category-nacin-zivota","category-savjet-clanak-casopis"],"acf":[],"yoast_head":"<!-- This site is optimized with the Yoast SEO Premium plugin v22.8 (Yoast SEO v27.5) - https:\/\/yoast.com\/product\/yoast-seo-premium-wordpress\/ -->\n<title>Za\u0161titite svoj pametni telefon i tablet brtvljenjem od teku\u0107eg stakla!<\/title>\n<meta name=\"description\" content=\"Za\u0161titite svoj pametni telefon i tablet na\u0161im brtvljenjem! Teku\u0107e brtvljenje stakla za optimalnu za\u0161titu zaslona pametnog telefona!\" \/>\n<meta name=\"robots\" content=\"index, follow, max-snippet:-1, max-image-preview:large, max-video-preview:-1\" \/>\n<link rel=\"canonical\" href=\"https:\/\/www.versiegelung24.com\/hr\/savjeti-o-proizvodima-versiegelung24\/znati-kako\/pametni-telefon\/\" \/>\n<meta property=\"og:locale\" content=\"hr_HR\" \/>\n<meta property=\"og:type\" content=\"article\" \/>\n<meta property=\"og:title\" content=\"Brtvljenje teku\u0107eg stakla za pametne telefone i tablete - za\u0161titite zaslone i produ\u017eite vijek trajanja\" \/>\n<meta property=\"og:description\" content=\"Za\u0161titite svoj pametni telefon i tablet na\u0161im brtvljenjem! Teku\u0107e brtvljenje stakla za optimalnu za\u0161titu zaslona pametnog telefona!\" \/>\n<meta property=\"og:url\" content=\"https:\/\/www.versiegelung24.com\/hr\/savjeti-o-proizvodima-versiegelung24\/znati-kako\/pametni-telefon\/\" \/>\n<meta property=\"og:site_name\" content=\"versiegelung24.com\" \/>\n<meta property=\"article:modified_time\" content=\"2024-09-01T20:43:17+00:00\" \/>\n<meta property=\"og:image\" content=\"https:\/\/www.versiegelung24.com\/wp-content\/uploads\/2021\/12\/smart_liq-1-scaled.jpg\" \/>\n\t<meta property=\"og:image:width\" content=\"2560\" \/>\n\t<meta property=\"og:image:height\" content=\"2560\" \/>\n\t<meta property=\"og:image:type\" content=\"image\/jpeg\" \/>\n<meta name=\"twitter:card\" content=\"summary_large_image\" \/>\n<meta name=\"twitter:label1\" content=\"Procijenjeno vrijeme \u010ditanja\" \/>\n\t<meta name=\"twitter:data1\" content=\"2 minute\" \/>\n<script type=\"application\/ld+json\" class=\"yoast-schema-graph\">{\"@context\":\"https:\\\/\\\/schema.org\",\"@graph\":[{\"@type\":\"WebPage\",\"@id\":\"https:\\\/\\\/www.versiegelung24.com\\\/hr\\\/savjeti-o-proizvodima-versiegelung24\\\/znati-kako\\\/pametni-telefon\\\/\",\"url\":\"https:\\\/\\\/www.versiegelung24.com\\\/hr\\\/savjeti-o-proizvodima-versiegelung24\\\/znati-kako\\\/pametni-telefon\\\/\",\"name\":\"Za\u0161titite svoj pametni telefon i tablet brtvljenjem od teku\u0107eg stakla!\",\"isPartOf\":{\"@id\":\"https:\\\/\\\/www.versiegelung24.com\\\/hr\\\/#website\"},\"primaryImageOfPage\":{\"@id\":\"https:\\\/\\\/www.versiegelung24.com\\\/hr\\\/savjeti-o-proizvodima-versiegelung24\\\/znati-kako\\\/pametni-telefon\\\/#primaryimage\"},\"image\":{\"@id\":\"https:\\\/\\\/www.versiegelung24.com\\\/hr\\\/savjeti-o-proizvodima-versiegelung24\\\/znati-kako\\\/pametni-telefon\\\/#primaryimage\"},\"thumbnailUrl\":\"https:\\\/\\\/www.versiegelung24.com\\\/wp-content\\\/uploads\\\/2021\\\/12\\\/smart_liq-1-scaled.jpg\",\"datePublished\":\"2021-12-14T13:15:45+00:00\",\"dateModified\":\"2024-09-01T20:43:17+00:00\",\"description\":\"Za\u0161titite svoj pametni telefon i tablet na\u0161im brtvljenjem! Teku\u0107e brtvljenje stakla za optimalnu za\u0161titu zaslona pametnog telefona!\",\"breadcrumb\":{\"@id\":\"https:\\\/\\\/www.versiegelung24.com\\\/hr\\\/savjeti-o-proizvodima-versiegelung24\\\/znati-kako\\\/pametni-telefon\\\/#breadcrumb\"},\"inLanguage\":\"hr\",\"potentialAction\":[{\"@type\":\"ReadAction\",\"target\":[\"https:\\\/\\\/www.versiegelung24.com\\\/hr\\\/savjeti-o-proizvodima-versiegelung24\\\/znati-kako\\\/pametni-telefon\\\/\"]}]},{\"@type\":\"ImageObject\",\"inLanguage\":\"hr\",\"@id\":\"https:\\\/\\\/www.versiegelung24.com\\\/hr\\\/savjeti-o-proizvodima-versiegelung24\\\/znati-kako\\\/pametni-telefon\\\/#primaryimage\",\"url\":\"https:\\\/\\\/www.versiegelung24.com\\\/wp-content\\\/uploads\\\/2021\\\/12\\\/smart_liq-1-scaled.jpg\",\"contentUrl\":\"https:\\\/\\\/www.versiegelung24.com\\\/wp-content\\\/uploads\\\/2021\\\/12\\\/smart_liq-1-scaled.jpg\",\"width\":2560,\"height\":2560},{\"@type\":\"BreadcrumbList\",\"@id\":\"https:\\\/\\\/www.versiegelung24.com\\\/hr\\\/savjeti-o-proizvodima-versiegelung24\\\/znati-kako\\\/pametni-telefon\\\/#breadcrumb\",\"itemListElement\":[{\"@type\":\"ListItem\",\"position\":1,\"name\":\"Po\u010detna stranica\",\"item\":\"https:\\\/\\\/www.versiegelung24.com\\\/hr\\\/ispred\\\/\"},{\"@type\":\"ListItem\",\"position\":2,\"name\":\"savjetnik\",\"item\":\"https:\\\/\\\/www.versiegelung24.com\\\/hr\\\/ratgeber\\\/\"},{\"@type\":\"ListItem\",\"position\":3,\"name\":\"\u010dasopis\",\"item\":\"https:\\\/\\\/www.versiegelung24.com\\\/hr\\\/ratgeber\\\/magazin\\\/\"},{\"@type\":\"ListItem\",\"position\":4,\"name\":\"Brtvljenje teku\u0107eg stakla za pametne telefone i tablete &#8211; za\u0161titite zaslone i produ\u017eite vijek trajanja\"}]},{\"@type\":\"WebSite\",\"@id\":\"https:\\\/\\\/www.versiegelung24.com\\\/hr\\\/#website\",\"url\":\"https:\\\/\\\/www.versiegelung24.com\\\/hr\\\/\",\"name\":\"versiegelung24.com\",\"description\":\"Fl\u00fcssigglas-Versiegelung - Made in Germany\",\"publisher\":{\"@id\":\"https:\\\/\\\/www.versiegelung24.com\\\/hr\\\/#organization\"},\"potentialAction\":[{\"@type\":\"SearchAction\",\"target\":{\"@type\":\"EntryPoint\",\"urlTemplate\":\"https:\\\/\\\/www.versiegelung24.com\\\/hr\\\/?s={search_term_string}\"},\"query-input\":{\"@type\":\"PropertyValueSpecification\",\"valueRequired\":true,\"valueName\":\"search_term_string\"}}],\"inLanguage\":\"hr\"},{\"@type\":\"Organization\",\"@id\":\"https:\\\/\\\/www.versiegelung24.com\\\/hr\\\/#organization\",\"name\":\"versiegelung24\",\"url\":\"https:\\\/\\\/www.versiegelung24.com\\\/hr\\\/\",\"logo\":{\"@type\":\"ImageObject\",\"inLanguage\":\"hr\",\"@id\":\"https:\\\/\\\/www.versiegelung24.com\\\/hr\\\/#\\\/schema\\\/logo\\\/image\\\/\",\"url\":\"https:\\\/\\\/www.versiegelung24.com\\\/wp-content\\\/uploads\\\/2020\\\/04\\\/versiegelung24.png\",\"contentUrl\":\"https:\\\/\\\/www.versiegelung24.com\\\/wp-content\\\/uploads\\\/2020\\\/04\\\/versiegelung24.png\",\"width\":470,\"height\":102,\"caption\":\"versiegelung24\"},\"image\":{\"@id\":\"https:\\\/\\\/www.versiegelung24.com\\\/hr\\\/#\\\/schema\\\/logo\\\/image\\\/\"}}]}<\/script>\n<!-- \/ Yoast SEO Premium plugin. -->","yoast_head_json":{"title":"Za\u0161titite svoj pametni telefon i tablet brtvljenjem od teku\u0107eg stakla!","description":"Za\u0161titite svoj pametni telefon i tablet na\u0161im brtvljenjem! Teku\u0107e brtvljenje stakla za optimalnu za\u0161titu zaslona pametnog telefona!","robots":{"index":"index","follow":"follow","max-snippet":"max-snippet:-1","max-image-preview":"max-image-preview:large","max-video-preview":"max-video-preview:-1"},"canonical":"https:\/\/www.versiegelung24.com\/hr\/savjeti-o-proizvodima-versiegelung24\/znati-kako\/pametni-telefon\/","og_locale":"hr_HR","og_type":"article","og_title":"Brtvljenje teku\u0107eg stakla za pametne telefone i tablete - za\u0161titite zaslone i produ\u017eite vijek trajanja","og_description":"Za\u0161titite svoj pametni telefon i tablet na\u0161im brtvljenjem! Teku\u0107e brtvljenje stakla za optimalnu za\u0161titu zaslona pametnog telefona!","og_url":"https:\/\/www.versiegelung24.com\/hr\/savjeti-o-proizvodima-versiegelung24\/znati-kako\/pametni-telefon\/","og_site_name":"versiegelung24.com","article_modified_time":"2024-09-01T20:43:17+00:00","og_image":[{"width":2560,"height":2560,"url":"https:\/\/www.versiegelung24.com\/wp-content\/uploads\/2021\/12\/smart_liq-1-scaled.jpg","type":"image\/jpeg"}],"twitter_card":"summary_large_image","twitter_misc":{"Procijenjeno vrijeme \u010ditanja":"2 minute"},"schema":{"@context":"https:\/\/schema.org","@graph":[{"@type":"WebPage","@id":"https:\/\/www.versiegelung24.com\/hr\/savjeti-o-proizvodima-versiegelung24\/znati-kako\/pametni-telefon\/","url":"https:\/\/www.versiegelung24.com\/hr\/savjeti-o-proizvodima-versiegelung24\/znati-kako\/pametni-telefon\/","name":"Za\u0161titite svoj pametni telefon i tablet brtvljenjem od teku\u0107eg stakla!","isPartOf":{"@id":"https:\/\/www.versiegelung24.com\/hr\/#website"},"primaryImageOfPage":{"@id":"https:\/\/www.versiegelung24.com\/hr\/savjeti-o-proizvodima-versiegelung24\/znati-kako\/pametni-telefon\/#primaryimage"},"image":{"@id":"https:\/\/www.versiegelung24.com\/hr\/savjeti-o-proizvodima-versiegelung24\/znati-kako\/pametni-telefon\/#primaryimage"},"thumbnailUrl":"https:\/\/www.versiegelung24.com\/wp-content\/uploads\/2021\/12\/smart_liq-1-scaled.jpg","datePublished":"2021-12-14T13:15:45+00:00","dateModified":"2024-09-01T20:43:17+00:00","description":"Za\u0161titite svoj pametni telefon i tablet na\u0161im brtvljenjem! Teku\u0107e brtvljenje stakla za optimalnu za\u0161titu zaslona pametnog telefona!","breadcrumb":{"@id":"https:\/\/www.versiegelung24.com\/hr\/savjeti-o-proizvodima-versiegelung24\/znati-kako\/pametni-telefon\/#breadcrumb"},"inLanguage":"hr","potentialAction":[{"@type":"ReadAction","target":["https:\/\/www.versiegelung24.com\/hr\/savjeti-o-proizvodima-versiegelung24\/znati-kako\/pametni-telefon\/"]}]},{"@type":"ImageObject","inLanguage":"hr","@id":"https:\/\/www.versiegelung24.com\/hr\/savjeti-o-proizvodima-versiegelung24\/znati-kako\/pametni-telefon\/#primaryimage","url":"https:\/\/www.versiegelung24.com\/wp-content\/uploads\/2021\/12\/smart_liq-1-scaled.jpg","contentUrl":"https:\/\/www.versiegelung24.com\/wp-content\/uploads\/2021\/12\/smart_liq-1-scaled.jpg","width":2560,"height":2560},{"@type":"BreadcrumbList","@id":"https:\/\/www.versiegelung24.com\/hr\/savjeti-o-proizvodima-versiegelung24\/znati-kako\/pametni-telefon\/#breadcrumb","itemListElement":[{"@type":"ListItem","position":1,"name":"Po\u010detna stranica","item":"https:\/\/www.versiegelung24.com\/hr\/ispred\/"},{"@type":"ListItem","position":2,"name":"savjetnik","item":"https:\/\/www.versiegelung24.com\/hr\/ratgeber\/"},{"@type":"ListItem","position":3,"name":"\u010dasopis","item":"https:\/\/www.versiegelung24.com\/hr\/ratgeber\/magazin\/"},{"@type":"ListItem","position":4,"name":"Brtvljenje teku\u0107eg stakla za pametne telefone i tablete &#8211; za\u0161titite zaslone i produ\u017eite vijek trajanja"}]},{"@type":"WebSite","@id":"https:\/\/www.versiegelung24.com\/hr\/#website","url":"https:\/\/www.versiegelung24.com\/hr\/","name":"versiegelung24.com","description":"Fl\u00fcssigglas-Versiegelung - Made in Germany","publisher":{"@id":"https:\/\/www.versiegelung24.com\/hr\/#organization"},"potentialAction":[{"@type":"SearchAction","target":{"@type":"EntryPoint","urlTemplate":"https:\/\/www.versiegelung24.com\/hr\/?s={search_term_string}"},"query-input":{"@type":"PropertyValueSpecification","valueRequired":true,"valueName":"search_term_string"}}],"inLanguage":"hr"},{"@type":"Organization","@id":"https:\/\/www.versiegelung24.com\/hr\/#organization","name":"versiegelung24","url":"https:\/\/www.versiegelung24.com\/hr\/","logo":{"@type":"ImageObject","inLanguage":"hr","@id":"https:\/\/www.versiegelung24.com\/hr\/#\/schema\/logo\/image\/","url":"https:\/\/www.versiegelung24.com\/wp-content\/uploads\/2020\/04\/versiegelung24.png","contentUrl":"https:\/\/www.versiegelung24.com\/wp-content\/uploads\/2020\/04\/versiegelung24.png","width":470,"height":102,"caption":"versiegelung24"},"image":{"@id":"https:\/\/www.versiegelung24.com\/hr\/#\/schema\/logo\/image\/"}}]}},"_links":{"self":[{"href":"https:\/\/www.versiegelung24.com\/hr\/wp-json\/wp\/v2\/pages\/41089","targetHints":{"allow":["GET"]}}],"collection":[{"href":"https:\/\/www.versiegelung24.com\/hr\/wp-json\/wp\/v2\/pages"}],"about":[{"href":"https:\/\/www.versiegelung24.com\/hr\/wp-json\/wp\/v2\/types\/page"}],"author":[{"embeddable":true,"href":"https:\/\/www.versiegelung24.com\/hr\/wp-json\/wp\/v2\/users\/932"}],"replies":[{"embeddable":true,"href":"https:\/\/www.versiegelung24.com\/hr\/wp-json\/wp\/v2\/comments?post=41089"}],"version-history":[{"count":15,"href":"https:\/\/www.versiegelung24.com\/hr\/wp-json\/wp\/v2\/pages\/41089\/revisions"}],"predecessor-version":[{"id":173421,"href":"https:\/\/www.versiegelung24.com\/hr\/wp-json\/wp\/v2\/pages\/41089\/revisions\/173421"}],"up":[{"embeddable":true,"href":"https:\/\/www.versiegelung24.com\/hr\/wp-json\/wp\/v2\/pages\/34620"}],"wp:featuredmedia":[{"embeddable":true,"href":"https:\/\/www.versiegelung24.com\/hr\/wp-json\/wp\/v2\/media\/41485"}],"wp:attachment":[{"href":"https:\/\/www.versiegelung24.com\/hr\/wp-json\/wp\/v2\/media?parent=41089"}],"wp:term":[{"taxonomy":"category","embeddable":true,"href":"https:\/\/www.versiegelung24.com\/hr\/wp-json\/wp\/v2\/categories?post=41089"},{"taxonomy":"seiten_kategorie","embeddable":true,"href":"https:\/\/www.versiegelung24.com\/hr\/wp-json\/wp\/v2\/seiten_kategorie?post=41089"}],"curies":[{"name":"wp","href":"https:\/\/api.w.org\/{rel}","templated":true}]}}