{"id":126056,"date":"2023-09-01T15:04:03","date_gmt":"2023-09-01T13:04:30","guid":{"rendered":"https:\/\/www.versiegelung24.com\/product\/brtvilo-za-vjetrobransko-staklo-406\/"},"modified":"2025-01-05T17:37:46","modified_gmt":"2025-01-05T16:37:46","slug":"vjetrobran-brtva-406","status":"publish","type":"product","link":"https:\/\/www.versiegelung24.com\/hr\/vjetrobran-brtva-406.html","title":{"rendered":"Brtvljenje vjetrobranskog stakla"},"content":{"rendered":"\n<p><strong>Zakora\u010dite u novu eru sigurnosti i udobnosti vo\u017enje s na\u0161om brtvom za vjetrobransko staklo koju je odobrio T\u00dcV<\/strong> . Na\u0161a napredna formula nije samo nevjerojatno izdr\u017eljiva, ve\u0107 je i svestrana &#8211; od automobila preko kamiona do brodova i karavana. Do\u017eivite razliku do 20.000 km bezbri\u017ene vo\u017enje sa samo jednom aplikacijom. Jednostavno se ponovno nanesite svakih \u0161est mjeseci i u\u017eivajte u nenadma\u0161nom vidu cijelu godinu.<\/p>\n\n<p>Ali to nije sve. Na\u0161a brtva osigurava da se voda jednostavno otkotrlja pri brzinama ve\u0107im od 60 km\/h, tako da su va\u0161i brisa\u010di vjetrobrana za\u0161ti\u0107eni i da mo\u017eete imati jasan pregled \u010dak i po lo\u0161em vremenu. Vozite li \u010desto no\u0107u? Na\u0161e brtvljenje smanjuje odsjaj i izobli\u010denje svjetlosti tako da mo\u017eete putovati sigurno i pouzdano.<\/p>\n\n<h2 class=\"wp-block-heading\" id=\"video\">Video<\/h2>\n\n<figure class=\"wp-block-embed is-type-video is-provider-youtube wp-block-embed-youtube wp-embed-aspect-16-9 wp-has-aspect-ratio\"><div class=\"wp-block-embed__wrapper\">\n<div class=\"nv-iframe-embed\"><iframe title=\"Windschutzscheiben Versiegelung - Versiegelung24.com\" width=\"1200\" height=\"675\" src=\"https:\/\/www.youtube.com\/embed\/5cu8smLIMD0?feature=oembed\" frameborder=\"0\" allow=\"accelerometer; autoplay; clipboard-write; encrypted-media; gyroscope; picture-in-picture; web-share\" allowfullscreen><\/iframe><\/div>\n<\/div><\/figure>\n\n<hr class=\"wp-block-separator has-alpha-channel-opacity\"\/>\n\n<h2 class=\"wp-block-heading\" id=\"properties\">Svojstva<\/h2>\n\n<p><\/p>\n\n<p>Sadr\u017eaj: 2 krpe za prethodno \u010di\u0161\u0107enje, 2 krpe za brtvljenje (svaka za 2 m\u00b2), 1 krpa od mikrovlakana, 2 jednokratne rukavice<\/p>\n\n<ul class=\"wp-block-list\">\n<li>Duga trajnost &#8211; do 20.000 km<\/li>\n\n\n\n<li>Smanjuje odsjaj i izobli\u010denje svjetlosti no\u0107u<\/li>\n\n\n\n<li>Voda se kotrlja (60+ km\/h), tj. \u010dist pogled i bez brisa\u010da<\/li>\n\n\n\n<li>\u0160titi brisa\u010de<\/li>\n\n\n\n<li>Jednostavna primjena<\/li>\n\n\n\n<li>Jaka neljepljiva svojstva i manje prianjanja insekata<\/li>\n\n\n\n<li>Smanjuje mikro ogrebotine<\/li>\n\n\n\n<li>Lak\u0161e \u010di\u0161\u0107enje stakla i lak\u0161e uklanjanje leda<\/li>\n\n\n\n<li>Nevidljivi za\u0161titni sloj &#8211; 500 x tanji od ljudske vlasi<\/li>\n\n\n\n<li>UV-stabilan s visokom otporno\u0161\u0107u na abraziju<\/li>\n\n\n\n<li>Otporan na temperaturne fluktuacije<\/li>\n\n\n\n<li>Kemijski otporan (ph 2 do 13)<\/li>\n\n\n\n<li>Otporan na autopraonice i visokotla\u010dne \u010dista\u010de<\/li>\n\n\n\n<li>Za prednje i bo\u010dne prozore automobila, kombija, kamiona, brodova i karavana<\/li>\n\n\n\n<li>Nanesite na vjetrobransko staklo i ponovite nakon 6 mjeseci = traje do 1 godine<\/li>\n\n\n\n<li>T\u00dcV ispitan<\/li>\n<\/ul>\n","protected":false},"excerpt":{"rendered":"<p>\u2713 Duga trajnost &#8211; do 20.000 km<\/p>\n<p>\u2713 Voda se kotrlja (60+ km\/h), tj. jasan pogled \u010dak i bez brisa\u010da<\/p>\n<p>\u2713 Sna\u017ena neljepljiva svojstva i manje prianjanja insekata<\/p>\n","protected":false},"featured_media":132064,"template":"","meta":{"_acf_changed":false,"neve_meta_sidebar":"","neve_meta_container":"","neve_meta_enable_content_width":"","neve_meta_content_width":0,"neve_meta_title_alignment":"","neve_meta_author_avatar":"","neve_post_elements_order":"","neve_meta_disable_header":"","neve_meta_disable_footer":"","neve_meta_disable_title":"","neve_meta_reading_time":"","_surfaces":[],"_ver_product_tabs":[],"footnotes":""},"product_brand":[],"product_cat":[2188,2303,2977],"product_tag":[],"class_list":{"0":"post-126056","1":"product","2":"type-product","3":"status-publish","4":"has-post-thumbnail","6":"product_cat-brtvljenje-automobila","7":"product_cat-brtve-za-staklo-i-keramiku","8":"product_cat-brtvljenje-tekucim-staklom","10":"first","11":"instock","12":"taxable","13":"shipping-taxable","14":"purchasable","15":"product-type-simple"},"acf":[],"yoast_head":"<!-- This site is optimized with the Yoast SEO Premium plugin v22.8 (Yoast SEO v27.5) - https:\/\/yoast.com\/product\/yoast-seo-premium-wordpress\/ -->\n<title>Brtvljenje vjetrobranskog stakla - versiegelung24.com<\/title>\n<meta name=\"robots\" content=\"index, follow, max-snippet:-1, max-image-preview:large, max-video-preview:-1\" \/>\n<link rel=\"canonical\" href=\"https:\/\/www.versiegelung24.com\/hr\/vjetrobran-brtva-406.html\" \/>\n<meta property=\"og:locale\" content=\"hr_HR\" \/>\n<meta property=\"og:type\" content=\"article\" \/>\n<meta property=\"og:title\" content=\"Brtvljenje vjetrobranskog stakla\" \/>\n<meta property=\"og:description\" content=\"\u2713 Duga trajnost - do 20.000 km \u2713 Voda se kotrlja (60+ km\/h), tj. jasan pogled \u010dak i bez brisa\u010da \u2713 Sna\u017ena neljepljiva svojstva i manje prianjanja insekata\" \/>\n<meta property=\"og:url\" content=\"https:\/\/www.versiegelung24.com\/hr\/vjetrobran-brtva-406.html\" \/>\n<meta property=\"og:site_name\" content=\"versiegelung24.com\" \/>\n<meta property=\"article:modified_time\" content=\"2025-01-05T16:37:46+00:00\" \/>\n<meta property=\"og:image\" content=\"https:\/\/www.versiegelung24.com\/wp-content\/uploads\/2023\/09\/windschutz-1-1.webp\" \/>\n\t<meta property=\"og:image:width\" content=\"2560\" \/>\n\t<meta property=\"og:image:height\" content=\"2560\" \/>\n\t<meta property=\"og:image:type\" content=\"image\/webp\" \/>\n<meta name=\"twitter:card\" content=\"summary_large_image\" \/>\n<meta name=\"twitter:label1\" content=\"Price\" \/>\n\t<meta name=\"twitter:data1\" content=\"17,99&euro;\" \/>\n\t<meta name=\"twitter:label2\" content=\"Availability\" \/>\n\t<meta name=\"twitter:data2\" content=\"In stock\" \/>\n<script type=\"application\/ld+json\" class=\"yoast-schema-graph\">{\"@context\":\"https:\\\/\\\/schema.org\",\"@graph\":[{\"@type\":\"WebPage\",\"@id\":\"https:\\\/\\\/www.versiegelung24.com\\\/hr\\\/vjetrobran-brtva-406.html\",\"url\":\"https:\\\/\\\/www.versiegelung24.com\\\/hr\\\/vjetrobran-brtva-406.html\",\"name\":\"Brtvljenje vjetrobranskog stakla - versiegelung24.com\",\"isPartOf\":{\"@id\":\"https:\\\/\\\/www.versiegelung24.com\\\/hr\\\/#website\"},\"primaryImageOfPage\":{\"@id\":\"https:\\\/\\\/www.versiegelung24.com\\\/hr\\\/vjetrobran-brtva-406.html#primaryimage\"},\"image\":{\"@id\":\"https:\\\/\\\/www.versiegelung24.com\\\/hr\\\/vjetrobran-brtva-406.html#primaryimage\"},\"thumbnailUrl\":\"https:\\\/\\\/www.versiegelung24.com\\\/wp-content\\\/uploads\\\/2023\\\/09\\\/windschutz-1-1.webp\",\"datePublished\":\"2023-09-01T13:04:30+00:00\",\"dateModified\":\"2025-01-05T16:37:46+00:00\",\"breadcrumb\":{\"@id\":\"https:\\\/\\\/www.versiegelung24.com\\\/hr\\\/vjetrobran-brtva-406.html#breadcrumb\"},\"inLanguage\":\"hr\",\"potentialAction\":[{\"@type\":\"ReadAction\",\"target\":[\"https:\\\/\\\/www.versiegelung24.com\\\/hr\\\/vjetrobran-brtva-406.html\"]}]},{\"@type\":\"ImageObject\",\"inLanguage\":\"hr\",\"@id\":\"https:\\\/\\\/www.versiegelung24.com\\\/hr\\\/vjetrobran-brtva-406.html#primaryimage\",\"url\":\"https:\\\/\\\/www.versiegelung24.com\\\/wp-content\\\/uploads\\\/2023\\\/09\\\/windschutz-1-1.webp\",\"contentUrl\":\"https:\\\/\\\/www.versiegelung24.com\\\/wp-content\\\/uploads\\\/2023\\\/09\\\/windschutz-1-1.webp\",\"width\":2560,\"height\":2560},{\"@type\":\"BreadcrumbList\",\"@id\":\"https:\\\/\\\/www.versiegelung24.com\\\/hr\\\/vjetrobran-brtva-406.html#breadcrumb\",\"itemListElement\":[{\"@type\":\"ListItem\",\"position\":1,\"name\":\"Po\u010detna stranica\",\"item\":\"https:\\\/\\\/www.versiegelung24.com\\\/hr\\\/ispred\\\/\"},{\"@type\":\"ListItem\",\"position\":2,\"name\":\"Du\u0107an\",\"item\":\"https:\\\/\\\/www.versiegelung24.com\\\/hr\\\/ducan\\\/\"},{\"@type\":\"ListItem\",\"position\":3,\"name\":\"Brtvljenje vjetrobranskog stakla\"}]},{\"@type\":\"WebSite\",\"@id\":\"https:\\\/\\\/www.versiegelung24.com\\\/hr\\\/#website\",\"url\":\"https:\\\/\\\/www.versiegelung24.com\\\/hr\\\/\",\"name\":\"versiegelung24.com\",\"description\":\"Fl\u00fcssigglas-Versiegelung - Made in Germany\",\"publisher\":{\"@id\":\"https:\\\/\\\/www.versiegelung24.com\\\/hr\\\/#organization\"},\"potentialAction\":[{\"@type\":\"SearchAction\",\"target\":{\"@type\":\"EntryPoint\",\"urlTemplate\":\"https:\\\/\\\/www.versiegelung24.com\\\/hr\\\/?s={search_term_string}\"},\"query-input\":{\"@type\":\"PropertyValueSpecification\",\"valueRequired\":true,\"valueName\":\"search_term_string\"}}],\"inLanguage\":\"hr\"},{\"@type\":\"Organization\",\"@id\":\"https:\\\/\\\/www.versiegelung24.com\\\/hr\\\/#organization\",\"name\":\"versiegelung24\",\"url\":\"https:\\\/\\\/www.versiegelung24.com\\\/hr\\\/\",\"logo\":{\"@type\":\"ImageObject\",\"inLanguage\":\"hr\",\"@id\":\"https:\\\/\\\/www.versiegelung24.com\\\/hr\\\/#\\\/schema\\\/logo\\\/image\\\/\",\"url\":\"https:\\\/\\\/www.versiegelung24.com\\\/wp-content\\\/uploads\\\/2020\\\/04\\\/versiegelung24.png\",\"contentUrl\":\"https:\\\/\\\/www.versiegelung24.com\\\/wp-content\\\/uploads\\\/2020\\\/04\\\/versiegelung24.png\",\"width\":470,\"height\":102,\"caption\":\"versiegelung24\"},\"image\":{\"@id\":\"https:\\\/\\\/www.versiegelung24.com\\\/hr\\\/#\\\/schema\\\/logo\\\/image\\\/\"}}]}<\/script>\n<meta property=\"product:price:amount\" content=\"17.99\" \/>\n<meta property=\"product:price:currency\" content=\"EUR\" \/>\n<meta property=\"og:availability\" content=\"instock\" \/>\n<meta property=\"product:availability\" content=\"instock\" \/>\n<meta property=\"product:retailer_item_id\" content=\"4040-406\" \/>\n<meta property=\"product:condition\" content=\"new\" \/>\n<!-- \/ Yoast SEO Premium plugin. -->","yoast_head_json":{"title":"Brtvljenje vjetrobranskog stakla - versiegelung24.com","robots":{"index":"index","follow":"follow","max-snippet":"max-snippet:-1","max-image-preview":"max-image-preview:large","max-video-preview":"max-video-preview:-1"},"canonical":"https:\/\/www.versiegelung24.com\/hr\/vjetrobran-brtva-406.html","og_locale":"hr_HR","og_type":"article","og_title":"Brtvljenje vjetrobranskog stakla","og_description":"\u2713 Duga trajnost - do 20.000 km \u2713 Voda se kotrlja (60+ km\/h), tj. jasan pogled \u010dak i bez brisa\u010da \u2713 Sna\u017ena neljepljiva svojstva i manje prianjanja insekata","og_url":"https:\/\/www.versiegelung24.com\/hr\/vjetrobran-brtva-406.html","og_site_name":"versiegelung24.com","article_modified_time":"2025-01-05T16:37:46+00:00","og_image":[{"width":2560,"height":2560,"url":"https:\/\/www.versiegelung24.com\/wp-content\/uploads\/2023\/09\/windschutz-1-1.webp","type":"image\/webp"}],"twitter_card":"summary_large_image","twitter_misc":{"Price":"17,99&euro;","Availability":"In stock"},"schema":{"@context":"https:\/\/schema.org","@graph":[{"@type":"WebPage","@id":"https:\/\/www.versiegelung24.com\/hr\/vjetrobran-brtva-406.html","url":"https:\/\/www.versiegelung24.com\/hr\/vjetrobran-brtva-406.html","name":"Brtvljenje vjetrobranskog stakla - versiegelung24.com","isPartOf":{"@id":"https:\/\/www.versiegelung24.com\/hr\/#website"},"primaryImageOfPage":{"@id":"https:\/\/www.versiegelung24.com\/hr\/vjetrobran-brtva-406.html#primaryimage"},"image":{"@id":"https:\/\/www.versiegelung24.com\/hr\/vjetrobran-brtva-406.html#primaryimage"},"thumbnailUrl":"https:\/\/www.versiegelung24.com\/wp-content\/uploads\/2023\/09\/windschutz-1-1.webp","datePublished":"2023-09-01T13:04:30+00:00","dateModified":"2025-01-05T16:37:46+00:00","breadcrumb":{"@id":"https:\/\/www.versiegelung24.com\/hr\/vjetrobran-brtva-406.html#breadcrumb"},"inLanguage":"hr","potentialAction":[{"@type":"ReadAction","target":["https:\/\/www.versiegelung24.com\/hr\/vjetrobran-brtva-406.html"]}]},{"@type":"ImageObject","inLanguage":"hr","@id":"https:\/\/www.versiegelung24.com\/hr\/vjetrobran-brtva-406.html#primaryimage","url":"https:\/\/www.versiegelung24.com\/wp-content\/uploads\/2023\/09\/windschutz-1-1.webp","contentUrl":"https:\/\/www.versiegelung24.com\/wp-content\/uploads\/2023\/09\/windschutz-1-1.webp","width":2560,"height":2560},{"@type":"BreadcrumbList","@id":"https:\/\/www.versiegelung24.com\/hr\/vjetrobran-brtva-406.html#breadcrumb","itemListElement":[{"@type":"ListItem","position":1,"name":"Po\u010detna stranica","item":"https:\/\/www.versiegelung24.com\/hr\/ispred\/"},{"@type":"ListItem","position":2,"name":"Du\u0107an","item":"https:\/\/www.versiegelung24.com\/hr\/ducan\/"},{"@type":"ListItem","position":3,"name":"Brtvljenje vjetrobranskog stakla"}]},{"@type":"WebSite","@id":"https:\/\/www.versiegelung24.com\/hr\/#website","url":"https:\/\/www.versiegelung24.com\/hr\/","name":"versiegelung24.com","description":"Fl\u00fcssigglas-Versiegelung - Made in Germany","publisher":{"@id":"https:\/\/www.versiegelung24.com\/hr\/#organization"},"potentialAction":[{"@type":"SearchAction","target":{"@type":"EntryPoint","urlTemplate":"https:\/\/www.versiegelung24.com\/hr\/?s={search_term_string}"},"query-input":{"@type":"PropertyValueSpecification","valueRequired":true,"valueName":"search_term_string"}}],"inLanguage":"hr"},{"@type":"Organization","@id":"https:\/\/www.versiegelung24.com\/hr\/#organization","name":"versiegelung24","url":"https:\/\/www.versiegelung24.com\/hr\/","logo":{"@type":"ImageObject","inLanguage":"hr","@id":"https:\/\/www.versiegelung24.com\/hr\/#\/schema\/logo\/image\/","url":"https:\/\/www.versiegelung24.com\/wp-content\/uploads\/2020\/04\/versiegelung24.png","contentUrl":"https:\/\/www.versiegelung24.com\/wp-content\/uploads\/2020\/04\/versiegelung24.png","width":470,"height":102,"caption":"versiegelung24"},"image":{"@id":"https:\/\/www.versiegelung24.com\/hr\/#\/schema\/logo\/image\/"}}]},"product_price_amount":"17.99","product_price_currency":"EUR","og_availability":"instock","product_availability":"instock","product_retailer_item_id":"4040-406","product_condition":"new"},"_links":{"self":[{"href":"https:\/\/www.versiegelung24.com\/hr\/wp-json\/wp\/v2\/product\/126056","targetHints":{"allow":["GET"]}}],"collection":[{"href":"https:\/\/www.versiegelung24.com\/hr\/wp-json\/wp\/v2\/product"}],"about":[{"href":"https:\/\/www.versiegelung24.com\/hr\/wp-json\/wp\/v2\/types\/product"}],"version-history":[{"count":8,"href":"https:\/\/www.versiegelung24.com\/hr\/wp-json\/wp\/v2\/product\/126056\/revisions"}],"predecessor-version":[{"id":178350,"href":"https:\/\/www.versiegelung24.com\/hr\/wp-json\/wp\/v2\/product\/126056\/revisions\/178350"}],"wp:featuredmedia":[{"embeddable":true,"href":"https:\/\/www.versiegelung24.com\/hr\/wp-json\/wp\/v2\/media\/132064"}],"wp:attachment":[{"href":"https:\/\/www.versiegelung24.com\/hr\/wp-json\/wp\/v2\/media?parent=126056"}],"wp:term":[{"taxonomy":"product_brand","embeddable":true,"href":"https:\/\/www.versiegelung24.com\/hr\/wp-json\/wp\/v2\/product_brand?post=126056"},{"taxonomy":"product_cat","embeddable":true,"href":"https:\/\/www.versiegelung24.com\/hr\/wp-json\/wp\/v2\/product_cat?post=126056"},{"taxonomy":"product_tag","embeddable":true,"href":"https:\/\/www.versiegelung24.com\/hr\/wp-json\/wp\/v2\/product_tag?post=126056"}],"curies":[{"name":"wp","href":"https:\/\/api.w.org\/{rel}","templated":true}]}}