{"id":145292,"date":"2024-01-07T15:15:48","date_gmt":"2024-01-13T10:21:56","guid":{"rendered":"https:\/\/www.versiegelung24.com\/product\/v24-gumica-za-brisanje-prljavstine-100x70x30mm\/"},"modified":"2025-01-05T15:46:19","modified_gmt":"2025-01-05T14:46:19","slug":"v24-schmutzradierer-100x70x30mm","status":"publish","type":"product","link":"https:\/\/www.versiegelung24.com\/hr\/product\/v24-schmutzradierer-100x70x30mm\/","title":{"rendered":"V24 gumica za brisanje prljav\u0161tine 100x70x30mm"},"content":{"rendered":"\n<h1 class=\"wp-block-heading\" id=\"h-v24-schmutzradierer-gegen-hartnackige-flecken-online-kaufen\">Kupite V24 brisa\u010d prljav\u0161tine za tvrdokorne mrlje online<\/h1>\n\n<h2 class=\"wp-block-heading\" id=\"h-muhelos-hartnackige-flecken-beseitigen-mit-dem-versiegelung24-com-schmutzradierer\">Jednostavno uklonite tvrdokorne mrlje s gumicom za brisanje prljav\u0161tine Versiegelung24.com<\/h2>\n\n<p>Samo \u010diste povr\u0161ine mogu se zabrtviti na\u0161im <a href=\"https:\/\/www.versiegelung24.com\/fluessigglas-versiegelung\/\">brtvilima<\/a> , zbog \u010dega je bitno ukloniti lagane i tvrdokorne mrlje. Na\u0161 brisa\u010d prljav\u0161tine je melaminska spu\u017eva visoke tehnologije koja je savr\u0161ena za \u010di\u0161\u0107enje povr\u0161ina. Za posebno tvrdokorne mrlje preporu\u010dujemo dodatnu upotrebu na\u0161eg 100% biorazgradivog organskog sredstva za \u010di\u0161\u0107enje <a href=\"https:\/\/www.versiegelung24.com\/hr\/biosativa-bioloski-predcistac.html\">BIOSATIVA\u00ae<\/a> , ali nisu potrebna nikakva kemijska sredstva za \u010di\u0161\u0107enje.<\/p>\n\n<div class=\"wp-block-columns is-layout-flex wp-container-core-columns-is-layout-9d6595d7 wp-block-columns-is-layout-flex\">\n<div class=\"wp-block-column is-layout-flow wp-block-column-is-layout-flow\">\n<h2 class=\"wp-block-heading\" id=\"properties\">Zna\u010dajke proizvoda<\/h2>\n\n\n\n<ul class=\"wp-block-list\">\n<li>Melaminska spu\u017eva visoke tehnologije<\/li>\n\n\n\n<li>Dimenzije: 100x70x30mm<\/li>\n\n\n\n<li>bez kemijskih sastojaka<\/li>\n\n\n\n<li>netoksi\u010dan<\/li>\n<\/ul>\n\n\n\n<h2 class=\"wp-block-heading\" id=\"application\">Kako pouzdano ukloniti prljav\u0161tinu s na\u0161om spu\u017evicom za brisanje<\/h2>\n\n\n\n<ol class=\"wp-block-list\">\n<li>Navla\u017eite spu\u017evu i iscijedite je<\/li>\n\n\n\n<li>Laganim pritiskom trljajte prljav\u0161tinu<\/li>\n\n\n\n<li>Zatim isperite spu\u017evicu i ponovno je upotrijebite<\/li>\n<\/ol>\n<\/div>\n\n\n\n<div class=\"wp-block-column is-layout-flow wp-block-column-is-layout-flow\">\n<figure class=\"wp-block-image size-full\"><img fetchpriority=\"high\" decoding=\"async\" width=\"1105\" height=\"1105\" src=\"https:\/\/www.versiegelung24.com\/wp-content\/uploads\/2024\/01\/v24-9020-content-1.webp\" alt=\"\" class=\"wp-image-138069\" srcset=\"https:\/\/www.versiegelung24.com\/wp-content\/uploads\/2024\/01\/v24-9020-content-1.webp 1105w, https:\/\/www.versiegelung24.com\/wp-content\/uploads\/2024\/01\/v24-9020-content-1-300x300.webp 300w, https:\/\/www.versiegelung24.com\/wp-content\/uploads\/2024\/01\/v24-9020-content-1-80x80.webp 80w, https:\/\/www.versiegelung24.com\/wp-content\/uploads\/2024\/01\/v24-9020-content-1-768x768.webp 768w, https:\/\/www.versiegelung24.com\/wp-content\/uploads\/2024\/01\/v24-9020-content-1-70x70.webp 70w, https:\/\/www.versiegelung24.com\/wp-content\/uploads\/2024\/01\/v24-9020-content-1-400x400.webp 400w, https:\/\/www.versiegelung24.com\/wp-content\/uploads\/2024\/01\/v24-9020-content-1-600x600.webp 600w, https:\/\/www.versiegelung24.com\/wp-content\/uploads\/2024\/01\/v24-9020-content-1-100x100.webp 100w\" sizes=\"(max-width: 1105px) 100vw, 1105px\" \/><\/figure>\n<\/div>\n<\/div>\n\n<h2 class=\"wp-block-heading\" id=\"h-vielfaltige-einsatzmoglichkeiten-des-schmutzradierers\"><strong>Razli\u010dite namjene za brisanje prljav\u0161tine<\/strong><\/h2>\n\n<p>Brisa\u010d prljav\u0161tine s Versiegelung24.com pravi je svestrani alat kada je rije\u010d o uklanjanju tvrdokornih mrlja i prljav\u0161tine. Njegova raznolika upotreba \u010dini ga nezamjenjivim pomo\u0107nikom u ku\u0107anstvu. Evo nekoliko primjera za \u0161to mo\u017eete koristiti na\u0161u gumicu za brisanje prljav\u0161tine:<\/p>\n\n<ol class=\"wp-block-list\">\n<li><strong>Uklonite mrlje sa zidova:<\/strong> Idealno za uklanjanje tragova i mrlja sa zidova, poput otisaka prstiju ili tragova prljav\u0161tine.<\/li>\n\n\n\n<li><strong>\u010ci\u0161\u0107enje kuhinjskih aparata:<\/strong> U\u010dinkovito uklanja masno\u0107u i ostatke hrane s kuhinjskih povr\u0161ina, \u0161tednjaka i pe\u0107nica.<\/li>\n\n\n\n<li><strong>\u010ci\u0161\u0107enje kupaonice:<\/strong> Uklanja kamenac i mrlje od vode na armaturama, plo\u010dicama i tu\u0161 kabinama.<\/li>\n\n\n\n<li><strong>\u010ci\u0161\u0107enje cipela:<\/strong> Uklanja tvrdokorne mrlje i ogrebotine s tenisica i drugih materijala za cipele.<\/li>\n\n\n\n<li><strong>Njega namje\u0161taja:<\/strong> Idealno za \u010di\u0161\u0107enje plasti\u010dnih ili drvenih povr\u0161ina namje\u0161taja, uklanja otiske prstiju i mrlje.<\/li>\n\n\n\n<li><strong>Mrlje na tekstilu:<\/strong> Sigurno uklanja mrlje sa sofa, stolica ili drugih tkanina.<\/li>\n\n\n\n<li><strong>\u010ci\u0161\u0107enje unutra\u0161njosti automobila:<\/strong> Savr\u0161eno za \u010di\u0161\u0107enje kontrolne plo\u010de, panela vrata i ostalih plasti\u010dnih dijelova u automobilu.<\/li>\n\n\n\n<li><strong>Ra\u010dunala i elektronika:<\/strong> Sigurno za \u010di\u0161\u0107enje tipkovnica i druge osjetljive elektronike.<\/li>\n\n\n\n<li><strong>\u010ci\u0161\u0107enje igra\u010daka:<\/strong> Uklanja prljav\u0161tinu i mrlje s plasti\u010dnih igra\u010daka bez \u0161tetnih kemikalija.<\/li>\n\n\n\n<li><strong>Vrata i ru\u010dke:<\/strong> U\u010dinkovito za uklanjanje otisaka prstiju i prljav\u0161tine na kvakama i okvirima vrata.<\/li>\n<\/ol>\n\n<h2 class=\"wp-block-heading\" id=\"h-was-sie-vor-dem-kauf-des-radierschwamms-beachten-sollten\">\u0160to biste trebali uzeti u obzir prije kupnje spu\u017evice za brisanje<\/h2>\n\n<h3 class=\"wp-block-heading\" id=\"h-geeignete-oberflachen-fur-den-wunderschwamm\">Prikladne povr\u0161ine za \u010dudotvornu spu\u017evu<\/h3>\n\n<p>Miracle Sponge je svestrani alat za \u010di\u0161\u0107enje koji se mo\u017ee koristiti na razli\u010ditim povr\u0161inama. Prikladne povr\u0161ine za \u010dudesnu spu\u017evu uklju\u010duju <strong>plastiku, nehr\u0111aju\u0107i \u010delik, staklo, keramiku, tapete, plo\u010dice i jo\u0161 mnogo toga<\/strong> . Spu\u017eva se mo\u017ee u\u010dinkovito koristiti na ovim materijalima za uklanjanje prljav\u0161tine, masno\u0107e i ostataka. Osim toga, \u010dudotvorna spu\u017evica prikladna je i za osjetljive povr\u0161ine kao \u0161to je drvo, jer je bez ogrebotina i ne ostavlja ru\u017ene tragove. Mo\u017ee se koristiti za nje\u017eno \u010di\u0161\u0107enje povr\u0161ina bez o\u0161te\u0107enja.  <\/p>\n\n<p><\/p><h3>Na \u0161to obratiti pozornost<\/h3>Spu\u017eva se mo\u017ee izrezati na mjeru kako bi se dosegla posebno te\u0161ka podru\u010dja.  <strong>Savjetuje se oprez kod posebno osjetljivih<\/strong> , <strong>sjajnih<\/strong> , <strong>lakiranih<\/strong> i <strong>poliranih<\/strong> <strong>povr\u0161ina<\/strong> ! Preporu\u010dljivo je prethodno izvr\u0161iti probu na neupadljivom podru\u010dju.Valja napomenuti da se proizvod tro\u0161i, posebno na grubim povr\u0161inama. Nakon nano\u0161enja, povr\u0161ine treba o\u010distiti \u010distom vodom kako bi se uklonili eventualni ostaci.\n","protected":false},"excerpt":{"rendered":"<p class=\"MsoNormal\"><strong>Melaminska spu\u017eva za prethodno \u010di\u0161\u0107enje povr\u0161ina<\/strong><\/p>\n<p>\u2713 Vi\u0161ekratno kori\u0161tenje<\/p>\n<p>\u2713 Ekolo\u0161ki prihvatljiv<\/p>\n<p>\u2713 Zgodno<\/p>\n<p>\u2713 Univerzalno primjenjiv<\/p>\n<p>\u2713 100x70x30 mm<\/p>\n<p>&nbsp;<\/p>\n","protected":false},"featured_media":138040,"template":"","meta":{"_acf_changed":false,"neve_meta_sidebar":"","neve_meta_container":"","neve_meta_enable_content_width":"","neve_meta_content_width":0,"neve_meta_title_alignment":"","neve_meta_author_avatar":"","neve_post_elements_order":"","neve_meta_disable_header":"","neve_meta_disable_footer":"","neve_meta_disable_title":"","neve_meta_reading_time":"","_surfaces":[],"_ver_product_tabs":[],"footnotes":""},"product_brand":[],"product_cat":[2188,2303,2428,2433,2479,3070],"product_tag":[],"class_list":{"0":"post-145292","1":"product","2":"type-product","3":"status-publish","4":"has-post-thumbnail","6":"product_cat-brtvljenje-automobila","7":"product_cat-brtve-za-staklo-i-keramiku","8":"product_cat-brtvljenje-metala-i-plastike","9":"product_cat-sredstva-za-ciscenje","10":"product_cat-univerzalna-brtva","11":"product_cat-oprema","13":"first","14":"instock","15":"taxable","16":"shipping-taxable","17":"purchasable","18":"product-type-simple"},"acf":[],"yoast_head":"<!-- This site is optimized with the Yoast SEO Premium plugin v22.8 (Yoast SEO v27.5) - https:\/\/yoast.com\/product\/yoast-seo-premium-wordpress\/ -->\n<title>Kupite gumice za brisanje prljav\u0161tine jeftino online - Versiegelung24.com<\/title>\n<meta name=\"description\" content=\"Kupite gumicu za brisanje prljav\u0161tine jeftino online na Versiegelung24.com i jednostavno uklonite tvrdokornu prljav\u0161tinu s raznih povr\u0161ina.\" \/>\n<meta name=\"robots\" content=\"index, follow, max-snippet:-1, max-image-preview:large, max-video-preview:-1\" \/>\n<link rel=\"canonical\" href=\"https:\/\/www.versiegelung24.com\/hr\/product\/v24-schmutzradierer-100x70x30mm\/\" \/>\n<meta property=\"og:locale\" content=\"hr_HR\" \/>\n<meta property=\"og:type\" content=\"article\" \/>\n<meta property=\"og:title\" content=\"V24 gumica za brisanje prljav\u0161tine 100x70x30mm\" \/>\n<meta property=\"og:description\" content=\"Kupite gumicu za brisanje prljav\u0161tine jeftino online na Versiegelung24.com i jednostavno uklonite tvrdokornu prljav\u0161tinu s raznih povr\u0161ina.\" \/>\n<meta property=\"og:url\" content=\"https:\/\/www.versiegelung24.com\/hr\/product\/v24-schmutzradierer-100x70x30mm\/\" \/>\n<meta property=\"og:site_name\" content=\"versiegelung24.com\" \/>\n<meta property=\"article:modified_time\" content=\"2025-01-05T14:46:19+00:00\" \/>\n<meta property=\"og:image\" content=\"https:\/\/www.versiegelung24.com\/wp-content\/uploads\/2024\/01\/V24-9020-3.webp\" \/>\n\t<meta property=\"og:image:width\" content=\"600\" \/>\n\t<meta property=\"og:image:height\" content=\"600\" \/>\n\t<meta property=\"og:image:type\" content=\"image\/webp\" \/>\n<meta name=\"twitter:card\" content=\"summary_large_image\" \/>\n<meta name=\"twitter:label1\" content=\"Price\" \/>\n\t<meta name=\"twitter:data1\" content=\"0,99&euro;\" \/>\n\t<meta name=\"twitter:label2\" content=\"Availability\" \/>\n\t<meta name=\"twitter:data2\" content=\"In stock\" \/>\n<script type=\"application\/ld+json\" class=\"yoast-schema-graph\">{\"@context\":\"https:\\\/\\\/schema.org\",\"@graph\":[{\"@type\":\"WebPage\",\"@id\":\"https:\\\/\\\/www.versiegelung24.com\\\/hr\\\/product\\\/v24-schmutzradierer-100x70x30mm\\\/\",\"url\":\"https:\\\/\\\/www.versiegelung24.com\\\/hr\\\/product\\\/v24-schmutzradierer-100x70x30mm\\\/\",\"name\":\"Kupite gumice za brisanje prljav\u0161tine jeftino online - Versiegelung24.com\",\"isPartOf\":{\"@id\":\"https:\\\/\\\/www.versiegelung24.com\\\/hr\\\/#website\"},\"primaryImageOfPage\":{\"@id\":\"https:\\\/\\\/www.versiegelung24.com\\\/hr\\\/product\\\/v24-schmutzradierer-100x70x30mm\\\/#primaryimage\"},\"image\":{\"@id\":\"https:\\\/\\\/www.versiegelung24.com\\\/hr\\\/product\\\/v24-schmutzradierer-100x70x30mm\\\/#primaryimage\"},\"thumbnailUrl\":\"https:\\\/\\\/www.versiegelung24.com\\\/wp-content\\\/uploads\\\/2024\\\/01\\\/V24-9020-3.webp\",\"datePublished\":\"2024-01-13T10:21:56+00:00\",\"dateModified\":\"2025-01-05T14:46:19+00:00\",\"description\":\"Kupite gumicu za brisanje prljav\u0161tine jeftino online na Versiegelung24.com i jednostavno uklonite tvrdokornu prljav\u0161tinu s raznih povr\u0161ina.\",\"breadcrumb\":{\"@id\":\"https:\\\/\\\/www.versiegelung24.com\\\/hr\\\/product\\\/v24-schmutzradierer-100x70x30mm\\\/#breadcrumb\"},\"inLanguage\":\"hr\",\"potentialAction\":[{\"@type\":\"ReadAction\",\"target\":[\"https:\\\/\\\/www.versiegelung24.com\\\/hr\\\/product\\\/v24-schmutzradierer-100x70x30mm\\\/\"]}]},{\"@type\":\"ImageObject\",\"inLanguage\":\"hr\",\"@id\":\"https:\\\/\\\/www.versiegelung24.com\\\/hr\\\/product\\\/v24-schmutzradierer-100x70x30mm\\\/#primaryimage\",\"url\":\"https:\\\/\\\/www.versiegelung24.com\\\/wp-content\\\/uploads\\\/2024\\\/01\\\/V24-9020-3.webp\",\"contentUrl\":\"https:\\\/\\\/www.versiegelung24.com\\\/wp-content\\\/uploads\\\/2024\\\/01\\\/V24-9020-3.webp\",\"width\":600,\"height\":600},{\"@type\":\"BreadcrumbList\",\"@id\":\"https:\\\/\\\/www.versiegelung24.com\\\/hr\\\/product\\\/v24-schmutzradierer-100x70x30mm\\\/#breadcrumb\",\"itemListElement\":[{\"@type\":\"ListItem\",\"position\":1,\"name\":\"Po\u010detna stranica\",\"item\":\"https:\\\/\\\/www.versiegelung24.com\\\/hr\\\/ispred\\\/\"},{\"@type\":\"ListItem\",\"position\":2,\"name\":\"Du\u0107an\",\"item\":\"https:\\\/\\\/www.versiegelung24.com\\\/hr\\\/ducan\\\/\"},{\"@type\":\"ListItem\",\"position\":3,\"name\":\"V24 gumica za brisanje prljav\u0161tine 100x70x30mm\"}]},{\"@type\":\"WebSite\",\"@id\":\"https:\\\/\\\/www.versiegelung24.com\\\/hr\\\/#website\",\"url\":\"https:\\\/\\\/www.versiegelung24.com\\\/hr\\\/\",\"name\":\"versiegelung24.com\",\"description\":\"Fl\u00fcssigglas-Versiegelung - Made in Germany\",\"publisher\":{\"@id\":\"https:\\\/\\\/www.versiegelung24.com\\\/hr\\\/#organization\"},\"potentialAction\":[{\"@type\":\"SearchAction\",\"target\":{\"@type\":\"EntryPoint\",\"urlTemplate\":\"https:\\\/\\\/www.versiegelung24.com\\\/hr\\\/?s={search_term_string}\"},\"query-input\":{\"@type\":\"PropertyValueSpecification\",\"valueRequired\":true,\"valueName\":\"search_term_string\"}}],\"inLanguage\":\"hr\"},{\"@type\":\"Organization\",\"@id\":\"https:\\\/\\\/www.versiegelung24.com\\\/hr\\\/#organization\",\"name\":\"versiegelung24\",\"url\":\"https:\\\/\\\/www.versiegelung24.com\\\/hr\\\/\",\"logo\":{\"@type\":\"ImageObject\",\"inLanguage\":\"hr\",\"@id\":\"https:\\\/\\\/www.versiegelung24.com\\\/hr\\\/#\\\/schema\\\/logo\\\/image\\\/\",\"url\":\"https:\\\/\\\/www.versiegelung24.com\\\/wp-content\\\/uploads\\\/2020\\\/04\\\/versiegelung24.png\",\"contentUrl\":\"https:\\\/\\\/www.versiegelung24.com\\\/wp-content\\\/uploads\\\/2020\\\/04\\\/versiegelung24.png\",\"width\":470,\"height\":102,\"caption\":\"versiegelung24\"},\"image\":{\"@id\":\"https:\\\/\\\/www.versiegelung24.com\\\/hr\\\/#\\\/schema\\\/logo\\\/image\\\/\"}}]}<\/script>\n<meta property=\"product:price:amount\" content=\"0.99\" \/>\n<meta property=\"product:price:currency\" content=\"EUR\" \/>\n<meta property=\"og:availability\" content=\"instock\" \/>\n<meta property=\"product:availability\" content=\"instock\" \/>\n<meta property=\"product:retailer_item_id\" content=\"V24-9020-1\" \/>\n<meta property=\"product:condition\" content=\"new\" \/>\n<!-- \/ Yoast SEO Premium plugin. -->","yoast_head_json":{"title":"Kupite gumice za brisanje prljav\u0161tine jeftino online - Versiegelung24.com","description":"Kupite gumicu za brisanje prljav\u0161tine jeftino online na Versiegelung24.com i jednostavno uklonite tvrdokornu prljav\u0161tinu s raznih povr\u0161ina.","robots":{"index":"index","follow":"follow","max-snippet":"max-snippet:-1","max-image-preview":"max-image-preview:large","max-video-preview":"max-video-preview:-1"},"canonical":"https:\/\/www.versiegelung24.com\/hr\/product\/v24-schmutzradierer-100x70x30mm\/","og_locale":"hr_HR","og_type":"article","og_title":"V24 gumica za brisanje prljav\u0161tine 100x70x30mm","og_description":"Kupite gumicu za brisanje prljav\u0161tine jeftino online na Versiegelung24.com i jednostavno uklonite tvrdokornu prljav\u0161tinu s raznih povr\u0161ina.","og_url":"https:\/\/www.versiegelung24.com\/hr\/product\/v24-schmutzradierer-100x70x30mm\/","og_site_name":"versiegelung24.com","article_modified_time":"2025-01-05T14:46:19+00:00","og_image":[{"width":600,"height":600,"url":"https:\/\/www.versiegelung24.com\/wp-content\/uploads\/2024\/01\/V24-9020-3.webp","type":"image\/webp"}],"twitter_card":"summary_large_image","twitter_misc":{"Price":"0,99&euro;","Availability":"In stock"},"schema":{"@context":"https:\/\/schema.org","@graph":[{"@type":"WebPage","@id":"https:\/\/www.versiegelung24.com\/hr\/product\/v24-schmutzradierer-100x70x30mm\/","url":"https:\/\/www.versiegelung24.com\/hr\/product\/v24-schmutzradierer-100x70x30mm\/","name":"Kupite gumice za brisanje prljav\u0161tine jeftino online - Versiegelung24.com","isPartOf":{"@id":"https:\/\/www.versiegelung24.com\/hr\/#website"},"primaryImageOfPage":{"@id":"https:\/\/www.versiegelung24.com\/hr\/product\/v24-schmutzradierer-100x70x30mm\/#primaryimage"},"image":{"@id":"https:\/\/www.versiegelung24.com\/hr\/product\/v24-schmutzradierer-100x70x30mm\/#primaryimage"},"thumbnailUrl":"https:\/\/www.versiegelung24.com\/wp-content\/uploads\/2024\/01\/V24-9020-3.webp","datePublished":"2024-01-13T10:21:56+00:00","dateModified":"2025-01-05T14:46:19+00:00","description":"Kupite gumicu za brisanje prljav\u0161tine jeftino online na Versiegelung24.com i jednostavno uklonite tvrdokornu prljav\u0161tinu s raznih povr\u0161ina.","breadcrumb":{"@id":"https:\/\/www.versiegelung24.com\/hr\/product\/v24-schmutzradierer-100x70x30mm\/#breadcrumb"},"inLanguage":"hr","potentialAction":[{"@type":"ReadAction","target":["https:\/\/www.versiegelung24.com\/hr\/product\/v24-schmutzradierer-100x70x30mm\/"]}]},{"@type":"ImageObject","inLanguage":"hr","@id":"https:\/\/www.versiegelung24.com\/hr\/product\/v24-schmutzradierer-100x70x30mm\/#primaryimage","url":"https:\/\/www.versiegelung24.com\/wp-content\/uploads\/2024\/01\/V24-9020-3.webp","contentUrl":"https:\/\/www.versiegelung24.com\/wp-content\/uploads\/2024\/01\/V24-9020-3.webp","width":600,"height":600},{"@type":"BreadcrumbList","@id":"https:\/\/www.versiegelung24.com\/hr\/product\/v24-schmutzradierer-100x70x30mm\/#breadcrumb","itemListElement":[{"@type":"ListItem","position":1,"name":"Po\u010detna stranica","item":"https:\/\/www.versiegelung24.com\/hr\/ispred\/"},{"@type":"ListItem","position":2,"name":"Du\u0107an","item":"https:\/\/www.versiegelung24.com\/hr\/ducan\/"},{"@type":"ListItem","position":3,"name":"V24 gumica za brisanje prljav\u0161tine 100x70x30mm"}]},{"@type":"WebSite","@id":"https:\/\/www.versiegelung24.com\/hr\/#website","url":"https:\/\/www.versiegelung24.com\/hr\/","name":"versiegelung24.com","description":"Fl\u00fcssigglas-Versiegelung - Made in Germany","publisher":{"@id":"https:\/\/www.versiegelung24.com\/hr\/#organization"},"potentialAction":[{"@type":"SearchAction","target":{"@type":"EntryPoint","urlTemplate":"https:\/\/www.versiegelung24.com\/hr\/?s={search_term_string}"},"query-input":{"@type":"PropertyValueSpecification","valueRequired":true,"valueName":"search_term_string"}}],"inLanguage":"hr"},{"@type":"Organization","@id":"https:\/\/www.versiegelung24.com\/hr\/#organization","name":"versiegelung24","url":"https:\/\/www.versiegelung24.com\/hr\/","logo":{"@type":"ImageObject","inLanguage":"hr","@id":"https:\/\/www.versiegelung24.com\/hr\/#\/schema\/logo\/image\/","url":"https:\/\/www.versiegelung24.com\/wp-content\/uploads\/2020\/04\/versiegelung24.png","contentUrl":"https:\/\/www.versiegelung24.com\/wp-content\/uploads\/2020\/04\/versiegelung24.png","width":470,"height":102,"caption":"versiegelung24"},"image":{"@id":"https:\/\/www.versiegelung24.com\/hr\/#\/schema\/logo\/image\/"}}]},"product_price_amount":"0.99","product_price_currency":"EUR","og_availability":"instock","product_availability":"instock","product_retailer_item_id":"V24-9020-1","product_condition":"new"},"_links":{"self":[{"href":"https:\/\/www.versiegelung24.com\/hr\/wp-json\/wp\/v2\/product\/145292","targetHints":{"allow":["GET"]}}],"collection":[{"href":"https:\/\/www.versiegelung24.com\/hr\/wp-json\/wp\/v2\/product"}],"about":[{"href":"https:\/\/www.versiegelung24.com\/hr\/wp-json\/wp\/v2\/types\/product"}],"version-history":[{"count":1,"href":"https:\/\/www.versiegelung24.com\/hr\/wp-json\/wp\/v2\/product\/145292\/revisions"}],"predecessor-version":[{"id":145300,"href":"https:\/\/www.versiegelung24.com\/hr\/wp-json\/wp\/v2\/product\/145292\/revisions\/145300"}],"wp:featuredmedia":[{"embeddable":true,"href":"https:\/\/www.versiegelung24.com\/hr\/wp-json\/wp\/v2\/media\/138040"}],"wp:attachment":[{"href":"https:\/\/www.versiegelung24.com\/hr\/wp-json\/wp\/v2\/media?parent=145292"}],"wp:term":[{"taxonomy":"product_brand","embeddable":true,"href":"https:\/\/www.versiegelung24.com\/hr\/wp-json\/wp\/v2\/product_brand?post=145292"},{"taxonomy":"product_cat","embeddable":true,"href":"https:\/\/www.versiegelung24.com\/hr\/wp-json\/wp\/v2\/product_cat?post=145292"},{"taxonomy":"product_tag","embeddable":true,"href":"https:\/\/www.versiegelung24.com\/hr\/wp-json\/wp\/v2\/product_tag?post=145292"}],"curies":[{"name":"wp","href":"https:\/\/api.w.org\/{rel}","templated":true}]}}