{"id":157671,"date":"2024-04-04T12:30:43","date_gmt":"2024-04-04T10:30:43","guid":{"rendered":"https:\/\/www.versiegelung24.com\/?post_type=product&#038;p=157671"},"modified":"2025-01-05T18:04:46","modified_gmt":"2025-01-05T17:04:46","slug":"isopropanol","status":"publish","type":"product","link":"https:\/\/www.versiegelung24.com\/hr\/100-bioetanol-visoke-cistoce-za-profesionalno-prethodno-ciscenje-kopie.html","title":{"rendered":"Izopropanol 99,9% visoke \u010disto\u0107e za prethodno \u010di\u0161\u0107enje"},"content":{"rendered":"\n<h4 class=\"wp-block-heading\" id=\"h-beschreibung\">Opis  <\/h4>\n\n<p>Izopropanol, poznat i kao IPA, 2-propanol ili izopropilni alkohol, je bezbojna, bistra teku\u0107ina karakteristi\u010dnog mirisa koju karakterizira \u0161irok raspon upotrebe u ku\u0107anstvu, u hobi podru\u010djima i industriji. Visoka \u010disto\u0107a od 99,9% \u010dini na\u0161 izopropanol idealnim sredstvom za pred\u010di\u0161\u0107enje raznih povr\u0161ina i za pripremu za daljnje korake obrade.<\/p>\n\n<p>Mo\u017ee se vrlo dobro koristiti u kombinaciji s na\u0161im biolo\u0161kim sredstvom za pred\u010di\u0161\u0107enje bez ostataka <strong><a href=\"https:\/\/www.versiegelung24.com\/hr\/biosativa-bioloski-predcistac.html\">BIOSATIVA\u00ae<\/a><\/strong><br\/> Priprema npr. <a href=\"https:\/\/www.versiegelung24.com\/versiegelung-glas-keramik\/\">stakla<\/a> , <a href=\"https:\/\/www.versiegelung24.com\/versiegelung-glas-keramik\/\">keramike<\/a> , obojenih <a href=\"https:\/\/www.versiegelung24.com\/oberflaechen\/\">povr\u0161ina<\/a> za nano\u0161enje na\u0161ih povr\u0161inskih brtvila.<\/p>\n\n<hr\/>\n\n<h4 class=\"wp-block-heading\" id=\"properties\">Zna\u010dajke proizvoda<\/h4>\n\n<p>\u2713 <strong>Svojstva odma\u0161\u0107ivanja<\/strong> : U\u010dinkovito u uklanjanju masti, ulja i nekih ljepila.<\/p>\n\n<p>\u2713 <strong>Potencijal dezinfekcije<\/strong> : mo\u017ee pomo\u0107i u smanjenju bakterija i uklanjanju neugodnih mirisa zahvaljuju\u0107i bazi alkohola.<\/p>\n\n<p>\u2713 <strong>Brzo isparavanje<\/strong> : brzo isparava bez ostavljanja ostataka, idealno za procese \u010di\u0161\u0107enja.<\/p>\n\n<p>\u2713 <strong>Topivost<\/strong> : Izvrsna topljivost u vodi, \u0161to ga \u010dini pogodnim za razli\u010dita razrje\u0111ivanja i primjene.<\/p>\n\n<p>\u2713 <strong>\u010cisto\u0107a<\/strong> : 99,9% sadr\u017eaja izopropanola za najvi\u0161e standarde \u010disto\u0107e i u\u010dinkovitosti. \u2713 Regionalna proizvodnja sa sastojcima iz Europe<\/p>\n\n<p>\u2713 <strong>Fizi\u010dka priroda<\/strong> : Bistra, bezbojna teku\u0107ina karakteristi\u010dnog, o\u0161trog mirisa.<\/p>\n\n<p>\u2713 <strong>Vrlo zapaljivo<\/strong> : Mora se pa\u017eljivo rukovati i skladi\u0161titi, dalje od izvora paljenja.<\/p>\n\n<p>\u2713 <strong>Nije korozivno<\/strong> : sigurno za upotrebu na ve\u0107ini metala i plastike kada se pravilno razrijedi.<\/p>\n\n<p>\u2713 <strong>Svestrana upotrebljivost<\/strong> : zbog visoke \u010disto\u0107e prikladno za tehni\u010dke, kozmeti\u010dke i laboratorijske primjene.<\/p>\n\n<p>\u2713 <strong>Sigurnosni profil<\/strong> : Zahtijeva za\u0161titne mjere tijekom uporabe kako bi se izbjeglo udisanje ili kontakt s ko\u017eom.<\/p>\n\n<hr\/>\n\n<h4 class=\"wp-block-heading\" id=\"application\">Primjena<\/h4>\n\n<ul class=\"wp-block-list\">\n<li><strong>\u010ci\u0161\u0107enje stakla<\/strong> : Idealno za \u010di\u0161\u0107enje staklenih povr\u0161ina bez tragova. Za optimalne rezultate preporu\u010dujemo razrje\u0111ivanje s 30% destilirane vode.<\/li>\n\n\n\n<li><strong>Odma\u0161\u0107ivanje<\/strong> : U\u010dinkovito uklanjanje masno\u0107e, lakova, tinte i ostataka ljepila na razli\u010ditim povr\u0161inama.<\/li>\n\n\n\n<li><strong>Automobilska industrija<\/strong> : Nezamjenjiv za uklanjanje prljav\u0161tine i ostataka ljepila prije poliranja boje.<\/li>\n\n\n\n<li><strong>3D ispis<\/strong> : Savr\u0161eno za \u010di\u0161\u0107enje ispisnih postolja i drugih komponenti 3D pisa\u010da bez ostavljanja ostataka.<\/li>\n\n\n\n<li><strong>\u010ci\u0161\u0107enje ispariva\u010da<\/strong> : Izvrsno za \u010di\u0161\u0107enje e-cigareta i lula kako bi se sprije\u010dilo nakupljanje bakterija.<\/li>\n\n\n\n<li><strong>Briga o plo\u010dama<\/strong> : Ljubitelji glazbe cijene nje\u017ean u\u010dinak \u010di\u0161\u0107enja svojih vinilnih plo\u010da.<\/li>\n\n\n\n<li><strong>Uklanjanje mirisa<\/strong> : Uklanja neugodne mirise u cipelama ili drugom tekstilu.<\/li>\n\n\n\n<li><strong>Kontrola \u0161teto\u010dina<\/strong> : poma\u017ee u borbi protiv stjenica i crva.<\/li>\n<\/ul>\n\n<p>Uz glavna podru\u010dja primjene, izopropanol je tako\u0111er idealan kao odle\u0111iva\u010d brava na vratima, \u010dista\u010d kabela i za mnoge druge primjene koje zahtijevaju temeljito prethodno \u010di\u0161\u0107enje.<\/p>\n\n<hr\/>\n\n<h4 class=\"wp-block-heading\" id=\"faq\">Pitanja<\/h4>\n\n<div class=\"schema-faq wp-block-yoast-faq-block\"><div class=\"schema-faq-section\" id=\"faq-question-1645793617330\"><strong class=\"schema-faq-question\"><strong>Mo\u017ee li se izopropanol 99,9% koristiti u medicinske ili dezinfekcijske svrhe<\/strong> ?<\/strong> <p class=\"schema-faq-answer\">Izopropanol 99,9% mo\u017ee se koristiti za dezinfekciju povr\u0161ina jer ima baktericidna svojstva zbog visoke koncentracije alkohola. Me\u0111utim, za izravnu upotrebu na ko\u017ei ili u medicinske svrhe, treba ga odgovaraju\u0107e razrijediti.  <strong>Ne preporu\u010damo kori\u0161tenje u medicinske ili dezinfekcijske svrhe!<\/strong><\/p> <\/div> <div class=\"schema-faq-section\" id=\"faq-question-1645793819353\"><strong class=\"schema-faq-question\"><strong>Je li izopropanol 99,9% siguran za \u010di\u0161\u0107enje elektroni\u010dkih ure\u0111aja?<\/strong><\/strong> <p class=\"schema-faq-answer\">Da, izopropanol 99,9% idealan je za \u010di\u0161\u0107enje elektroni\u010dkih ure\u0111aja jer brzo isparava i ne ostavlja tragove. Va\u017eno je isklju\u010diti i raspariti elektroni\u010dke ure\u0111aje prije upotrebe te ne prskati alkohol direktno po ure\u0111ajima, ve\u0107 koristiti krpu natopljenu izopropanolom.<br><\/p> <\/div> <div class=\"schema-faq-section\" id=\"faq-question-1645794918526\"><strong class=\"schema-faq-question\"><strong>Kako treba skladi\u0161titi Isopropanol 99,9%?<\/strong><\/strong> <p class=\"schema-faq-answer\">Izopropanol 99,9% treba \u010duvati u dobro zatvorenoj ambala\u017ei na hladnom, dobro prozra\u010denom mjestu. Vrlo je zapaljiv, stoga ga treba skladi\u0161titi dalje od izvora topline, iskri, otvorenog plamena i drugih izvora paljenja. Osim toga, skladi\u0161ni prostor treba odabrati tako da bude nedostupan djeci i ku\u0107nim ljubimcima kako bi se izbjeglo slu\u010dajno izlaganje.<\/p> <\/div> <\/div>\n","protected":false},"excerpt":{"rendered":"<p>\u2713 <strong>Visoka snaga \u010di\u0161\u0107enja<\/strong> : uklanjanje ostataka ljepila<\/p>\n<p>\u2713 <strong>Odma\u0161\u0107ivanje<\/strong> : uklanjanje masti i ulja bez tragova<\/p>\n<p>\u2713 <strong>Topivost<\/strong> : Izvrsna topljivost u vodi<\/p>\n<p>\u2713 <strong>Brzo isparavanje<\/strong> : Brzo isparava bez ostavljanja ostataka<\/p>\n","protected":false},"featured_media":157710,"template":"","meta":{"_acf_changed":false,"neve_meta_sidebar":"","neve_meta_container":"","neve_meta_enable_content_width":"","neve_meta_content_width":0,"neve_meta_title_alignment":"","neve_meta_author_avatar":"","neve_post_elements_order":"","neve_meta_disable_header":"","neve_meta_disable_footer":"","neve_meta_disable_title":"","neve_meta_reading_time":"","_surfaces":[],"_ver_product_tabs":[],"footnotes":""},"product_brand":[],"product_cat":[2188,2303,2428,2433,2606],"product_tag":[],"class_list":{"0":"post-157671","1":"product","2":"type-product","3":"status-publish","4":"has-post-thumbnail","6":"product_cat-brtvljenje-automobila","7":"product_cat-brtve-za-staklo-i-keramiku","8":"product_cat-brtvljenje-metala-i-plastike","9":"product_cat-sredstva-za-ciscenje","10":"product_cat-bioetanol","12":"first","13":"instock","14":"taxable","15":"shipping-taxable","16":"purchasable","17":"product-type-simple"},"acf":[],"yoast_head":"<!-- This site is optimized with the Yoast SEO Premium plugin v22.8 (Yoast SEO v27.5) - https:\/\/yoast.com\/product\/yoast-seo-premium-wordpress\/ -->\n<title>Izopropanol 99,9% visoke \u010disto\u0107e za prethodno \u010di\u0161\u0107enje - versiegelung24.com<\/title>\n<meta name=\"robots\" content=\"index, follow, max-snippet:-1, max-image-preview:large, max-video-preview:-1\" \/>\n<link rel=\"canonical\" href=\"https:\/\/www.versiegelung24.com\/hr\/100-bioetanol-visoke-cistoce-za-profesionalno-prethodno-ciscenje-kopie.html\" \/>\n<meta property=\"og:locale\" content=\"hr_HR\" \/>\n<meta property=\"og:type\" content=\"article\" \/>\n<meta property=\"og:title\" content=\"Izopropanol 99,9% visoke \u010disto\u0107e za prethodno \u010di\u0161\u0107enje\" \/>\n<meta property=\"og:description\" content=\"\u2713 Visoka snaga \u010di\u0161\u0107enja : uklanjanje ostataka ljepila \u2713 Odma\u0161\u0107ivanje : uklanjanje masti i ulja bez tragova \u2713 Topivost : Izvrsna topljivost u vodi \u2713 Brzo isparavanje : Brzo isparava bez ostavljanja ostataka\" \/>\n<meta property=\"og:url\" content=\"https:\/\/www.versiegelung24.com\/hr\/100-bioetanol-visoke-cistoce-za-profesionalno-prethodno-ciscenje-kopie.html\" \/>\n<meta property=\"og:site_name\" content=\"versiegelung24.com\" \/>\n<meta property=\"article:modified_time\" content=\"2025-01-05T17:04:46+00:00\" \/>\n<meta property=\"og:image\" content=\"https:\/\/www.versiegelung24.com\/wp-content\/uploads\/2024\/04\/isopropanol-999.webp\" \/>\n\t<meta property=\"og:image:width\" content=\"2560\" \/>\n\t<meta property=\"og:image:height\" content=\"2560\" \/>\n\t<meta property=\"og:image:type\" content=\"image\/webp\" \/>\n<meta name=\"twitter:card\" content=\"summary_large_image\" \/>\n<meta name=\"twitter:label1\" content=\"Price\" \/>\n\t<meta name=\"twitter:data1\" content=\"11,99&euro;\" \/>\n\t<meta name=\"twitter:label2\" content=\"Availability\" \/>\n\t<meta name=\"twitter:data2\" content=\"In stock\" \/>\n<script type=\"application\/ld+json\" class=\"yoast-schema-graph\">{\"@context\":\"https:\\\/\\\/schema.org\",\"@graph\":[{\"@type\":[\"WebPage\",\"FAQPage\"],\"@id\":\"https:\\\/\\\/www.versiegelung24.com\\\/hr\\\/100-bioetanol-visoke-cistoce-za-profesionalno-prethodno-ciscenje-kopie.html\",\"url\":\"https:\\\/\\\/www.versiegelung24.com\\\/hr\\\/100-bioetanol-visoke-cistoce-za-profesionalno-prethodno-ciscenje-kopie.html\",\"name\":\"Izopropanol 99,9% visoke \u010disto\u0107e za prethodno \u010di\u0161\u0107enje - versiegelung24.com\",\"isPartOf\":{\"@id\":\"https:\\\/\\\/www.versiegelung24.com\\\/hr\\\/#website\"},\"primaryImageOfPage\":{\"@id\":\"https:\\\/\\\/www.versiegelung24.com\\\/hr\\\/100-bioetanol-visoke-cistoce-za-profesionalno-prethodno-ciscenje-kopie.html#primaryimage\"},\"image\":{\"@id\":\"https:\\\/\\\/www.versiegelung24.com\\\/hr\\\/100-bioetanol-visoke-cistoce-za-profesionalno-prethodno-ciscenje-kopie.html#primaryimage\"},\"thumbnailUrl\":\"https:\\\/\\\/www.versiegelung24.com\\\/wp-content\\\/uploads\\\/2024\\\/04\\\/isopropanol-999.webp\",\"datePublished\":\"2024-04-04T10:30:43+00:00\",\"dateModified\":\"2025-01-05T17:04:46+00:00\",\"breadcrumb\":{\"@id\":\"https:\\\/\\\/www.versiegelung24.com\\\/hr\\\/100-bioetanol-visoke-cistoce-za-profesionalno-prethodno-ciscenje-kopie.html#breadcrumb\"},\"mainEntity\":[{\"@id\":\"https:\\\/\\\/www.versiegelung24.com\\\/hr\\\/100-bioetanol-visoke-cistoce-za-profesionalno-prethodno-ciscenje-kopie.html#faq-question-1645793617330\"},{\"@id\":\"https:\\\/\\\/www.versiegelung24.com\\\/hr\\\/100-bioetanol-visoke-cistoce-za-profesionalno-prethodno-ciscenje-kopie.html#faq-question-1645793819353\"},{\"@id\":\"https:\\\/\\\/www.versiegelung24.com\\\/hr\\\/100-bioetanol-visoke-cistoce-za-profesionalno-prethodno-ciscenje-kopie.html#faq-question-1645794918526\"}],\"inLanguage\":\"hr\",\"potentialAction\":[{\"@type\":\"ReadAction\",\"target\":[\"https:\\\/\\\/www.versiegelung24.com\\\/hr\\\/100-bioetanol-visoke-cistoce-za-profesionalno-prethodno-ciscenje-kopie.html\"]}]},{\"@type\":\"ImageObject\",\"inLanguage\":\"hr\",\"@id\":\"https:\\\/\\\/www.versiegelung24.com\\\/hr\\\/100-bioetanol-visoke-cistoce-za-profesionalno-prethodno-ciscenje-kopie.html#primaryimage\",\"url\":\"https:\\\/\\\/www.versiegelung24.com\\\/wp-content\\\/uploads\\\/2024\\\/04\\\/isopropanol-999.webp\",\"contentUrl\":\"https:\\\/\\\/www.versiegelung24.com\\\/wp-content\\\/uploads\\\/2024\\\/04\\\/isopropanol-999.webp\",\"width\":2560,\"height\":2560},{\"@type\":\"BreadcrumbList\",\"@id\":\"https:\\\/\\\/www.versiegelung24.com\\\/hr\\\/100-bioetanol-visoke-cistoce-za-profesionalno-prethodno-ciscenje-kopie.html#breadcrumb\",\"itemListElement\":[{\"@type\":\"ListItem\",\"position\":1,\"name\":\"Po\u010detna stranica\",\"item\":\"https:\\\/\\\/www.versiegelung24.com\\\/hr\\\/ispred\\\/\"},{\"@type\":\"ListItem\",\"position\":2,\"name\":\"Du\u0107an\",\"item\":\"https:\\\/\\\/www.versiegelung24.com\\\/hr\\\/ducan\\\/\"},{\"@type\":\"ListItem\",\"position\":3,\"name\":\"Izopropanol 99,9% visoke \u010disto\u0107e za prethodno \u010di\u0161\u0107enje\"}]},{\"@type\":\"WebSite\",\"@id\":\"https:\\\/\\\/www.versiegelung24.com\\\/hr\\\/#website\",\"url\":\"https:\\\/\\\/www.versiegelung24.com\\\/hr\\\/\",\"name\":\"versiegelung24.com\",\"description\":\"Fl\u00fcssigglas-Versiegelung - Made in Germany\",\"publisher\":{\"@id\":\"https:\\\/\\\/www.versiegelung24.com\\\/hr\\\/#organization\"},\"potentialAction\":[{\"@type\":\"SearchAction\",\"target\":{\"@type\":\"EntryPoint\",\"urlTemplate\":\"https:\\\/\\\/www.versiegelung24.com\\\/hr\\\/?s={search_term_string}\"},\"query-input\":{\"@type\":\"PropertyValueSpecification\",\"valueRequired\":true,\"valueName\":\"search_term_string\"}}],\"inLanguage\":\"hr\"},{\"@type\":\"Organization\",\"@id\":\"https:\\\/\\\/www.versiegelung24.com\\\/hr\\\/#organization\",\"name\":\"versiegelung24\",\"url\":\"https:\\\/\\\/www.versiegelung24.com\\\/hr\\\/\",\"logo\":{\"@type\":\"ImageObject\",\"inLanguage\":\"hr\",\"@id\":\"https:\\\/\\\/www.versiegelung24.com\\\/hr\\\/#\\\/schema\\\/logo\\\/image\\\/\",\"url\":\"https:\\\/\\\/www.versiegelung24.com\\\/wp-content\\\/uploads\\\/2020\\\/04\\\/versiegelung24.png\",\"contentUrl\":\"https:\\\/\\\/www.versiegelung24.com\\\/wp-content\\\/uploads\\\/2020\\\/04\\\/versiegelung24.png\",\"width\":470,\"height\":102,\"caption\":\"versiegelung24\"},\"image\":{\"@id\":\"https:\\\/\\\/www.versiegelung24.com\\\/hr\\\/#\\\/schema\\\/logo\\\/image\\\/\"}},{\"@type\":\"Question\",\"@id\":\"https:\\\/\\\/www.versiegelung24.com\\\/hr\\\/100-bioetanol-visoke-cistoce-za-profesionalno-prethodno-ciscenje-kopie.html#faq-question-1645793617330\",\"position\":1,\"url\":\"https:\\\/\\\/www.versiegelung24.com\\\/hr\\\/100-bioetanol-visoke-cistoce-za-profesionalno-prethodno-ciscenje-kopie.html#faq-question-1645793617330\",\"name\":\"Kann Isopropanol 99,9% f\u00fcr medizinische oder desinfizierende Zwecke verwendet werden?\",\"answerCount\":1,\"acceptedAnswer\":{\"@type\":\"Answer\",\"text\":\"Isopropanol 99,9% kann f\u00fcr die Desinfektion von Oberfl\u00e4chen verwendet werden, da es aufgrund seiner hohen Alkoholkonzentration bakterizide Eigenschaften besitzt. F\u00fcr die direkte Anwendung auf der Haut oder f\u00fcr medizinische Zwecke sollte es jedoch entsprechend verd\u00fcnnt werden. <strong>Wir empfehlen die Verwendung f\u00fcr medizinische oder desinfizierende Zwecke nicht!<\\\/strong>\",\"inLanguage\":\"hr\"},\"inLanguage\":\"hr\"},{\"@type\":\"Question\",\"@id\":\"https:\\\/\\\/www.versiegelung24.com\\\/hr\\\/100-bioetanol-visoke-cistoce-za-profesionalno-prethodno-ciscenje-kopie.html#faq-question-1645793819353\",\"position\":2,\"url\":\"https:\\\/\\\/www.versiegelung24.com\\\/hr\\\/100-bioetanol-visoke-cistoce-za-profesionalno-prethodno-ciscenje-kopie.html#faq-question-1645793819353\",\"name\":\"Ist Isopropanol 99,9% sicher f\u00fcr die Reinigung von elektronischen Ger\u00e4ten?\",\"answerCount\":1,\"acceptedAnswer\":{\"@type\":\"Answer\",\"text\":\"Ja, Isopropanol 99,9% eignet sich hervorragend f\u00fcr die Reinigung von elektronischen Ger\u00e4ten, da es schnell verdunstet und keine R\u00fcckst\u00e4nde hinterl\u00e4sst. Es ist wichtig, elektronische Ger\u00e4te vor der Anwendung auszuschalten und zu entkoppeln und den Alkohol nicht direkt auf die Ger\u00e4te zu spr\u00fchen, sondern ein mit Isopropanol getr\u00e4nktes Tuch zu verwenden.<br\\\/>\",\"inLanguage\":\"hr\"},\"inLanguage\":\"hr\"},{\"@type\":\"Question\",\"@id\":\"https:\\\/\\\/www.versiegelung24.com\\\/hr\\\/100-bioetanol-visoke-cistoce-za-profesionalno-prethodno-ciscenje-kopie.html#faq-question-1645794918526\",\"position\":3,\"url\":\"https:\\\/\\\/www.versiegelung24.com\\\/hr\\\/100-bioetanol-visoke-cistoce-za-profesionalno-prethodno-ciscenje-kopie.html#faq-question-1645794918526\",\"name\":\"Wie sollte Isopropanol 99,9% gelagert werden?\",\"answerCount\":1,\"acceptedAnswer\":{\"@type\":\"Answer\",\"text\":\"Isopropanol 99,9% sollte in einem gut verschlossenen Beh\u00e4lter an einem k\u00fchlen, gut bel\u00fcfteten Ort gelagert werden. Es ist leicht entz\u00fcndlich, daher sollte es fern von Hitzequellen, Funken, offenen Flammen und anderen Z\u00fcndquellen aufbewahrt werden. Zudem sollte der Lagerbereich so gew\u00e4hlt werden, dass er f\u00fcr Kinder und Haustiere unzug\u00e4nglich ist, um unbeabsichtigte Exposition zu vermeiden.\",\"inLanguage\":\"hr\"},\"inLanguage\":\"hr\"}]}<\/script>\n<meta property=\"product:price:amount\" content=\"11.99\" \/>\n<meta property=\"product:price:currency\" content=\"EUR\" \/>\n<meta property=\"og:availability\" content=\"instock\" \/>\n<meta property=\"product:availability\" content=\"instock\" \/>\n<meta property=\"product:retailer_item_id\" content=\"9110-ISO99\" \/>\n<meta property=\"product:condition\" content=\"new\" \/>\n<!-- \/ Yoast SEO Premium plugin. -->","yoast_head_json":{"title":"Izopropanol 99,9% visoke \u010disto\u0107e za prethodno \u010di\u0161\u0107enje - versiegelung24.com","robots":{"index":"index","follow":"follow","max-snippet":"max-snippet:-1","max-image-preview":"max-image-preview:large","max-video-preview":"max-video-preview:-1"},"canonical":"https:\/\/www.versiegelung24.com\/hr\/100-bioetanol-visoke-cistoce-za-profesionalno-prethodno-ciscenje-kopie.html","og_locale":"hr_HR","og_type":"article","og_title":"Izopropanol 99,9% visoke \u010disto\u0107e za prethodno \u010di\u0161\u0107enje","og_description":"\u2713 Visoka snaga \u010di\u0161\u0107enja : uklanjanje ostataka ljepila \u2713 Odma\u0161\u0107ivanje : uklanjanje masti i ulja bez tragova \u2713 Topivost : Izvrsna topljivost u vodi \u2713 Brzo isparavanje : Brzo isparava bez ostavljanja ostataka","og_url":"https:\/\/www.versiegelung24.com\/hr\/100-bioetanol-visoke-cistoce-za-profesionalno-prethodno-ciscenje-kopie.html","og_site_name":"versiegelung24.com","article_modified_time":"2025-01-05T17:04:46+00:00","og_image":[{"width":2560,"height":2560,"url":"https:\/\/www.versiegelung24.com\/wp-content\/uploads\/2024\/04\/isopropanol-999.webp","type":"image\/webp"}],"twitter_card":"summary_large_image","twitter_misc":{"Price":"11,99&euro;","Availability":"In stock"},"schema":{"@context":"https:\/\/schema.org","@graph":[{"@type":["WebPage","FAQPage"],"@id":"https:\/\/www.versiegelung24.com\/hr\/100-bioetanol-visoke-cistoce-za-profesionalno-prethodno-ciscenje-kopie.html","url":"https:\/\/www.versiegelung24.com\/hr\/100-bioetanol-visoke-cistoce-za-profesionalno-prethodno-ciscenje-kopie.html","name":"Izopropanol 99,9% visoke \u010disto\u0107e za prethodno \u010di\u0161\u0107enje - versiegelung24.com","isPartOf":{"@id":"https:\/\/www.versiegelung24.com\/hr\/#website"},"primaryImageOfPage":{"@id":"https:\/\/www.versiegelung24.com\/hr\/100-bioetanol-visoke-cistoce-za-profesionalno-prethodno-ciscenje-kopie.html#primaryimage"},"image":{"@id":"https:\/\/www.versiegelung24.com\/hr\/100-bioetanol-visoke-cistoce-za-profesionalno-prethodno-ciscenje-kopie.html#primaryimage"},"thumbnailUrl":"https:\/\/www.versiegelung24.com\/wp-content\/uploads\/2024\/04\/isopropanol-999.webp","datePublished":"2024-04-04T10:30:43+00:00","dateModified":"2025-01-05T17:04:46+00:00","breadcrumb":{"@id":"https:\/\/www.versiegelung24.com\/hr\/100-bioetanol-visoke-cistoce-za-profesionalno-prethodno-ciscenje-kopie.html#breadcrumb"},"mainEntity":[{"@id":"https:\/\/www.versiegelung24.com\/hr\/100-bioetanol-visoke-cistoce-za-profesionalno-prethodno-ciscenje-kopie.html#faq-question-1645793617330"},{"@id":"https:\/\/www.versiegelung24.com\/hr\/100-bioetanol-visoke-cistoce-za-profesionalno-prethodno-ciscenje-kopie.html#faq-question-1645793819353"},{"@id":"https:\/\/www.versiegelung24.com\/hr\/100-bioetanol-visoke-cistoce-za-profesionalno-prethodno-ciscenje-kopie.html#faq-question-1645794918526"}],"inLanguage":"hr","potentialAction":[{"@type":"ReadAction","target":["https:\/\/www.versiegelung24.com\/hr\/100-bioetanol-visoke-cistoce-za-profesionalno-prethodno-ciscenje-kopie.html"]}]},{"@type":"ImageObject","inLanguage":"hr","@id":"https:\/\/www.versiegelung24.com\/hr\/100-bioetanol-visoke-cistoce-za-profesionalno-prethodno-ciscenje-kopie.html#primaryimage","url":"https:\/\/www.versiegelung24.com\/wp-content\/uploads\/2024\/04\/isopropanol-999.webp","contentUrl":"https:\/\/www.versiegelung24.com\/wp-content\/uploads\/2024\/04\/isopropanol-999.webp","width":2560,"height":2560},{"@type":"BreadcrumbList","@id":"https:\/\/www.versiegelung24.com\/hr\/100-bioetanol-visoke-cistoce-za-profesionalno-prethodno-ciscenje-kopie.html#breadcrumb","itemListElement":[{"@type":"ListItem","position":1,"name":"Po\u010detna stranica","item":"https:\/\/www.versiegelung24.com\/hr\/ispred\/"},{"@type":"ListItem","position":2,"name":"Du\u0107an","item":"https:\/\/www.versiegelung24.com\/hr\/ducan\/"},{"@type":"ListItem","position":3,"name":"Izopropanol 99,9% visoke \u010disto\u0107e za prethodno \u010di\u0161\u0107enje"}]},{"@type":"WebSite","@id":"https:\/\/www.versiegelung24.com\/hr\/#website","url":"https:\/\/www.versiegelung24.com\/hr\/","name":"versiegelung24.com","description":"Fl\u00fcssigglas-Versiegelung - Made in Germany","publisher":{"@id":"https:\/\/www.versiegelung24.com\/hr\/#organization"},"potentialAction":[{"@type":"SearchAction","target":{"@type":"EntryPoint","urlTemplate":"https:\/\/www.versiegelung24.com\/hr\/?s={search_term_string}"},"query-input":{"@type":"PropertyValueSpecification","valueRequired":true,"valueName":"search_term_string"}}],"inLanguage":"hr"},{"@type":"Organization","@id":"https:\/\/www.versiegelung24.com\/hr\/#organization","name":"versiegelung24","url":"https:\/\/www.versiegelung24.com\/hr\/","logo":{"@type":"ImageObject","inLanguage":"hr","@id":"https:\/\/www.versiegelung24.com\/hr\/#\/schema\/logo\/image\/","url":"https:\/\/www.versiegelung24.com\/wp-content\/uploads\/2020\/04\/versiegelung24.png","contentUrl":"https:\/\/www.versiegelung24.com\/wp-content\/uploads\/2020\/04\/versiegelung24.png","width":470,"height":102,"caption":"versiegelung24"},"image":{"@id":"https:\/\/www.versiegelung24.com\/hr\/#\/schema\/logo\/image\/"}},{"@type":"Question","@id":"https:\/\/www.versiegelung24.com\/hr\/100-bioetanol-visoke-cistoce-za-profesionalno-prethodno-ciscenje-kopie.html#faq-question-1645793617330","position":1,"url":"https:\/\/www.versiegelung24.com\/hr\/100-bioetanol-visoke-cistoce-za-profesionalno-prethodno-ciscenje-kopie.html#faq-question-1645793617330","name":"Kann Isopropanol 99,9% f\u00fcr medizinische oder desinfizierende Zwecke verwendet werden?","answerCount":1,"acceptedAnswer":{"@type":"Answer","text":"Isopropanol 99,9% kann f\u00fcr die Desinfektion von Oberfl\u00e4chen verwendet werden, da es aufgrund seiner hohen Alkoholkonzentration bakterizide Eigenschaften besitzt. F\u00fcr die direkte Anwendung auf der Haut oder f\u00fcr medizinische Zwecke sollte es jedoch entsprechend verd\u00fcnnt werden. <strong>Wir empfehlen die Verwendung f\u00fcr medizinische oder desinfizierende Zwecke nicht!<\/strong>","inLanguage":"hr"},"inLanguage":"hr"},{"@type":"Question","@id":"https:\/\/www.versiegelung24.com\/hr\/100-bioetanol-visoke-cistoce-za-profesionalno-prethodno-ciscenje-kopie.html#faq-question-1645793819353","position":2,"url":"https:\/\/www.versiegelung24.com\/hr\/100-bioetanol-visoke-cistoce-za-profesionalno-prethodno-ciscenje-kopie.html#faq-question-1645793819353","name":"Ist Isopropanol 99,9% sicher f\u00fcr die Reinigung von elektronischen Ger\u00e4ten?","answerCount":1,"acceptedAnswer":{"@type":"Answer","text":"Ja, Isopropanol 99,9% eignet sich hervorragend f\u00fcr die Reinigung von elektronischen Ger\u00e4ten, da es schnell verdunstet und keine R\u00fcckst\u00e4nde hinterl\u00e4sst. Es ist wichtig, elektronische Ger\u00e4te vor der Anwendung auszuschalten und zu entkoppeln und den Alkohol nicht direkt auf die Ger\u00e4te zu spr\u00fchen, sondern ein mit Isopropanol getr\u00e4nktes Tuch zu verwenden.<br\/>","inLanguage":"hr"},"inLanguage":"hr"},{"@type":"Question","@id":"https:\/\/www.versiegelung24.com\/hr\/100-bioetanol-visoke-cistoce-za-profesionalno-prethodno-ciscenje-kopie.html#faq-question-1645794918526","position":3,"url":"https:\/\/www.versiegelung24.com\/hr\/100-bioetanol-visoke-cistoce-za-profesionalno-prethodno-ciscenje-kopie.html#faq-question-1645794918526","name":"Wie sollte Isopropanol 99,9% gelagert werden?","answerCount":1,"acceptedAnswer":{"@type":"Answer","text":"Isopropanol 99,9% sollte in einem gut verschlossenen Beh\u00e4lter an einem k\u00fchlen, gut bel\u00fcfteten Ort gelagert werden. Es ist leicht entz\u00fcndlich, daher sollte es fern von Hitzequellen, Funken, offenen Flammen und anderen Z\u00fcndquellen aufbewahrt werden. Zudem sollte der Lagerbereich so gew\u00e4hlt werden, dass er f\u00fcr Kinder und Haustiere unzug\u00e4nglich ist, um unbeabsichtigte Exposition zu vermeiden.","inLanguage":"hr"},"inLanguage":"hr"}]},"product_price_amount":"11.99","product_price_currency":"EUR","og_availability":"instock","product_availability":"instock","product_retailer_item_id":"9110-ISO99","product_condition":"new"},"_links":{"self":[{"href":"https:\/\/www.versiegelung24.com\/hr\/wp-json\/wp\/v2\/product\/157671","targetHints":{"allow":["GET"]}}],"collection":[{"href":"https:\/\/www.versiegelung24.com\/hr\/wp-json\/wp\/v2\/product"}],"about":[{"href":"https:\/\/www.versiegelung24.com\/hr\/wp-json\/wp\/v2\/types\/product"}],"version-history":[{"count":6,"href":"https:\/\/www.versiegelung24.com\/hr\/wp-json\/wp\/v2\/product\/157671\/revisions"}],"predecessor-version":[{"id":178490,"href":"https:\/\/www.versiegelung24.com\/hr\/wp-json\/wp\/v2\/product\/157671\/revisions\/178490"}],"wp:featuredmedia":[{"embeddable":true,"href":"https:\/\/www.versiegelung24.com\/hr\/wp-json\/wp\/v2\/media\/157710"}],"wp:attachment":[{"href":"https:\/\/www.versiegelung24.com\/hr\/wp-json\/wp\/v2\/media?parent=157671"}],"wp:term":[{"taxonomy":"product_brand","embeddable":true,"href":"https:\/\/www.versiegelung24.com\/hr\/wp-json\/wp\/v2\/product_brand?post=157671"},{"taxonomy":"product_cat","embeddable":true,"href":"https:\/\/www.versiegelung24.com\/hr\/wp-json\/wp\/v2\/product_cat?post=157671"},{"taxonomy":"product_tag","embeddable":true,"href":"https:\/\/www.versiegelung24.com\/hr\/wp-json\/wp\/v2\/product_tag?post=157671"}],"curies":[{"name":"wp","href":"https:\/\/api.w.org\/{rel}","templated":true}]}}