{"id":181842,"date":"2025-07-31T12:51:03","date_gmt":"2025-07-31T10:51:10","guid":{"rendered":"https:\/\/www.versiegelung24.com\/?post_type=product&#038;p=181842"},"modified":"2025-09-05T13:41:46","modified_gmt":"2025-09-05T11:41:46","slug":"holzimpragnierung-silanbasis","status":"publish","type":"product","link":"https:\/\/www.versiegelung24.com\/hr\/holzimpragnierung-silanbasis.html","title":{"rendered":"Impregnacija drva \u2013 prirodna za\u0161tita drva na bazi silana"},"content":{"rendered":"\n<h2 class=\"wp-block-heading\" id=\"h-holzschutz-naturimpragnierung-auf-silanbasis-wasserbasierend\"><strong>Za\u0161tita drva: Prirodna impregnacija na bazi silana (na bazi vode)<\/strong><\/h2>\n\n<p>Visoka kvaliteta Made in Germany.<\/p>\n\n<hr\/>\n\n<div class=\"wp-block-columns is-layout-flex wp-container-core-columns-is-layout-9d6595d7 wp-block-columns-is-layout-flex\">\n<div class=\"wp-block-column is-layout-flow wp-block-column-is-layout-flow\">\n<p>Na\u0161a impregnacija za drvo je gotov impregnacijski sustav na bazi silana. Stabilizira lignin, zna\u010dajno \u0161tite\u0107i drvo od sivljenja. Njegova hidrofobna svojstva sprje\u010davaju prodiranje ne\u017eeljene vlage i prljav\u0161tine u drvo.  <\/p>\n\n\n\n<p><strong>Pogodno za:<\/strong> drvo, staze, nadstre\u0161nice za automobile, prozorske klupice, vrtne ku\u0107ice, vrtni namje\u0161taj, drvo, fasade, \u017eardinjere, terase, ograde i jo\u0161 mnogo toga<\/p>\n<\/div>\n\n\n\n<div class=\"wp-block-column is-layout-flow wp-block-column-is-layout-flow\">\n<figure class=\"wp-block-image size-large\"><img fetchpriority=\"high\" decoding=\"async\" width=\"1300\" height=\"851\" src=\"https:\/\/www.versiegelung24.com\/wp-content\/uploads\/2025\/07\/image-1300x851.png\" alt=\"\" class=\"wp-image-181965\" srcset=\"https:\/\/www.versiegelung24.com\/wp-content\/uploads\/2025\/07\/image-1300x851.png 1300w, https:\/\/www.versiegelung24.com\/wp-content\/uploads\/2025\/07\/image-300x196.png 300w, https:\/\/www.versiegelung24.com\/wp-content\/uploads\/2025\/07\/image-768x503.png 768w, https:\/\/www.versiegelung24.com\/wp-content\/uploads\/2025\/07\/image-1536x1006.png 1536w, https:\/\/www.versiegelung24.com\/wp-content\/uploads\/2025\/07\/image-600x393.png 600w, https:\/\/www.versiegelung24.com\/wp-content\/uploads\/2025\/07\/image.png 1784w\" sizes=\"(max-width: 1300px) 100vw, 1300px\" \/><\/figure>\n<\/div>\n<\/div>\n\n<h4 class=\"wp-block-heading\" id=\"properties\">Zna\u010dajke proizvoda<\/h4>\n\n<div class=\"wp-block-columns is-layout-flex wp-container-core-columns-is-layout-9d6595d7 wp-block-columns-is-layout-flex\">\n<div class=\"wp-block-column is-layout-flow wp-block-column-is-layout-flow\">\n<ul class=\"wp-block-list\">\n<li><strong>Postojanost boje<\/strong> &#8211; Prozirna za\u0161tita za o\u010duvanje boje drva  <\/li>\n\n\n\n<li><strong>Bez naftnih derivata<\/strong> &#8211; Ekolo\u0161ki prihvatljiva formula  <\/li>\n\n\n\n<li><strong>Temeljni premaz i za\u0161titna funkcija u jednom koraku<\/strong> &#8211; Jednostavna primjena  <\/li>\n\n\n\n<li><strong>Vrlo brzo su\u0161enje<\/strong> &#8211; u\u0161teda vremena pri obradi  <\/li>\n\n\n\n<li><strong>Trajnost<\/strong> \u2013 2-5 godina (znatno dulje za unutarnju upotrebu)<\/li>\n\n\n\n<li><strong>Za\u0161tita ligninom<\/strong> zna\u010dajno <strong>odga\u0111a<\/strong> <strong>proces sijedenja<\/strong> za <strong>nekoliko mjeseci.<\/strong><\/li>\n<\/ul>\n<\/div>\n\n\n\n<div class=\"wp-block-column is-layout-flow wp-block-column-is-layout-flow\">\n<ul class=\"wp-block-list\">\n<li><strong>PFAS, PFOA i bez PFOS-a<\/strong><\/li>\n\n\n\n<li><strong>\u0160titi od sijanja uzrokovanog sun\u010devom svjetlo\u0161\u0107u<\/strong> &#8211; UV za\u0161tita  <\/li>\n\n\n\n<li><strong>Otpornost na vodu i prljav\u0161tinu<\/strong> &#8211; Hidrofobna svojstva  <\/li>\n\n\n\n<li><strong>Sprje\u010dava rast algi, mahovine i li\u0161ajeva<\/strong> &#8211; Dugotrajna za\u0161tita  <\/li>\n\n\n\n<li><strong>Potro\u0161nja: 1 litra je dovoljna za cca. 30 &#8211; 40 m\u00b2<\/strong> (ovisno o povr\u0161ini)<\/li>\n\n\n\n<li>Primjena je <strong>po\u017eeljna za vertikalne<\/strong> drvene povr\u0161ine iznad (drvene ograde, &#8230;) i ispod travnjaka (drveni stupovi)<\/li>\n<\/ul>\n<\/div>\n<\/div>\n\n<p>Opseg isporuke: 1 x boca od litre, 1 x glava raspr\u0161iva\u010da s pumpicom<br\/><\/p>\n\n<hr\/>\n\n<h4 class=\"wp-block-heading\" id=\"application\">Primjena<\/h4>\n\n<div class=\"wp-block-columns is-layout-flex wp-container-core-columns-is-layout-9d6595d7 wp-block-columns-is-layout-flex\">\n<div class=\"wp-block-column is-layout-flow wp-block-column-is-layout-flow\">\n<p><strong>priprema:<\/strong><\/p>\n\n\n\n<ul class=\"wp-block-list\">\n<li>Prije upotrebe sna\u017eno protresite 1 minutu.<\/li>\n\n\n\n<li>Povr\u0161ine koje se tretiraju moraju biti \u010diste, temeljito suhe i bez pra\u0161ine te ne smiju biti prethodno tretirane drugim premazima.<\/li>\n\n\n\n<li>One\u010di\u0161\u0107enje bojama, masno\u0107ama, uljima ili organskim rastom (alge, li\u0161ajevi, mahovina) mora se unaprijed ukloniti.<\/li>\n<\/ul>\n\n\n\n<p><strong>Primjena:<\/strong><\/p>\n\n\n\n<ul class=\"wp-block-list\">\n<li><strong>Preporu\u010dena metoda:<\/strong> Proizvod bi po mogu\u0107nosti trebalo prskati raspr\u0161iva\u010dem\/niskotla\u010dnim raspr\u0161iva\u010dem s pumpom.<\/li>\n\n\n\n<li>Prilagodite udaljenost od povr\u0161ine snazi \u200b\u200bva\u0161e prskalice.<\/li>\n\n\n\n<li>Povr\u0161ina treba imati ujedna\u010den, vla\u017ean i mokar izgled.<\/li>\n\n\n\n<li><strong>Alternativa:<\/strong> Nano\u0161enje \u010detkom ili valjkom je mogu\u0107e, ali prvo treba testirati na maloj povr\u0161ini. Izbjegavajte lokve! <\/li>\n<\/ul>\n\n\n\n<p><strong>Obrada:<\/strong><\/p>\n\n\n\n<ul class=\"wp-block-list\">\n<li>Poprskajte barem dva puta po podru\u010dju koje \u017eelite tretirati kako biste postigli optimalnu pokrivenost.<\/li>\n\n\n\n<li>Ovisno o upijanju podloge i zahtjevima, ovaj se postupak mo\u017ee ponoviti nakon \u0161to se prvi sloj osu\u0161i.<\/li>\n\n\n\n<li>Ako je na neko podru\u010dje naneseno previ\u0161e proizvoda, mo\u017ee se ukloniti vla\u017enom krpom dok je jo\u0161 mokro.<\/li>\n\n\n\n<li>Alate koji se koriste treba oprati s puno vode nakon upotrebe.<\/li>\n<\/ul>\n\n\n\n<p><strong>Vrijeme su\u0161enja:<\/strong><\/p>\n\n\n\n<ul class=\"wp-block-list\">\n<li>Ostavite proizvod da djeluje najmanje 30 minuta.<\/li>\n\n\n\n<li>Potpuno vrijeme stvrdnjavanja je otprilike 6-12 sati.<\/li>\n\n\n\n<li>Tijekom tog vremena povr\u0161ina treba ostati suha i ne smije biti pod pritiskom.<\/li>\n<\/ul>\n\n\n\n<p><strong>Njega i \u010di\u0161\u0107enje impregnirane povr\u0161ine:<\/strong><\/p>\n\n\n\n<ul class=\"wp-block-list\">\n<li>Povr\u0161ine \u010distite samo vodom ili blagim organskim sredstvom za \u010di\u0161\u0107enje, npr. na\u0161im <a href=\"https:\/\/www.versiegelung24.com\/hr\/biosativa-bioloski-predcistac.html\">BIOSATIVA\u00ae organskim sredstvom za \u010di\u0161\u0107enje &#8211; 100% prirodno &#8211; 100% organsko<\/a> .<\/li>\n\n\n\n<li>Agresivna sredstva za \u010di\u0161\u0107enje (kemijska sredstva za \u010di\u0161\u0107enje, abrazivne spu\u017eve itd.) nisu potrebna i naru\u0161ila bi za\u0161titnu funkciju.<\/li>\n\n\n\n<li>Redovito nje\u017eno \u010di\u0161\u0107enje i njega dovode do dulje trajnosti i dugotrajnog lijepog izgleda.<\/li>\n<\/ul>\n\n\n\n<p><strong>Pohrana:<\/strong><\/p>\n\n\n\n<ul class=\"wp-block-list\">\n<li>\u010cuvati na suhom mjestu, za\u0161ti\u0107enom od mraza, na temperaturi od 5 &#8211; 25\u00b0C.<\/li>\n\n\n\n<li>Rok trajanja od najmanje 24 mjeseca u neotvorenom originalnom pakiranju uz pravilno skladi\u0161tenje.<\/li>\n<\/ul>\n<\/div>\n<\/div>\n\n<h2 class=\"wp-block-heading\" id=\"h-galerie\">galerija<\/h2>\n\n<div class=\"wp-block-getwid-images-slider gallery-wood has-arrows-inside has-dots-inside has-images-center has-fitted-images has-fixed-height\"><div class=\"wp-block-getwid-images-slider__wrapper\" data-effect=\"slide\" data-slides-show=\"1\" data-slides-show-laptop=\"1\" data-slides-show-tablet=\"1\" data-slides-show-mobile=\"1\" data-slides-scroll=\"1\" data-autoplay=\"true\" data-pause-hover=\"true\" data-autoplay-speed=\"3000\" data-infinite=\"true\" data-animation-speed=\"800\" data-center-mode=\"false\" data-variable-width=\"false\" data-arrows=\"inside\" data-dots=\"inside\" data-spacing=\"none\"><div class=\"wp-block-getwid-images-slider__item\" style=\"height:500px\"><figure><img decoding=\"async\" width=\"1634\" height=\"1620\" src=\"https:\/\/www.versiegelung24.com\/wp-content\/uploads\/2025\/07\/Holzimpraegnierung-pfloecke.png\" data-id=\"181994\" data-link=\"https:\/\/www.versiegelung24.com\/holzversiegelung-in-profi-qualitaet-kopie.html\/attachment\/holzimpraegnierung-pfloecke\/\" data-original-link=\"https:\/\/www.versiegelung24.com\/wp-content\/uploads\/2025\/07\/Holzimpraegnierung-pfloecke.png\" class=\"wp-block-getwid-images-slider__image wp-image-181994\" srcset=\"https:\/\/www.versiegelung24.com\/wp-content\/uploads\/2025\/07\/Holzimpraegnierung-pfloecke.png 1634w, https:\/\/www.versiegelung24.com\/wp-content\/uploads\/2025\/07\/Holzimpraegnierung-pfloecke-300x297.png 300w, https:\/\/www.versiegelung24.com\/wp-content\/uploads\/2025\/07\/Holzimpraegnierung-pfloecke-1300x1289.png 1300w, https:\/\/www.versiegelung24.com\/wp-content\/uploads\/2025\/07\/Holzimpraegnierung-pfloecke-80x80.png 80w, https:\/\/www.versiegelung24.com\/wp-content\/uploads\/2025\/07\/Holzimpraegnierung-pfloecke-768x761.png 768w, https:\/\/www.versiegelung24.com\/wp-content\/uploads\/2025\/07\/Holzimpraegnierung-pfloecke-1536x1523.png 1536w, https:\/\/www.versiegelung24.com\/wp-content\/uploads\/2025\/07\/Holzimpraegnierung-pfloecke-70x70.png 70w, https:\/\/www.versiegelung24.com\/wp-content\/uploads\/2025\/07\/Holzimpraegnierung-pfloecke-600x595.png 600w, https:\/\/www.versiegelung24.com\/wp-content\/uploads\/2025\/07\/Holzimpraegnierung-pfloecke-100x100.png 100w\" sizes=\"(max-width: 1634px) 100vw, 1634px\" \/><\/figure><\/div><div class=\"wp-block-getwid-images-slider__item\" style=\"height:500px\"><figure><img decoding=\"async\" width=\"1726\" height=\"1252\" src=\"https:\/\/www.versiegelung24.com\/wp-content\/uploads\/2025\/07\/Holzimpraegnierung-bank.png\" data-id=\"182022\" data-link=\"https:\/\/www.versiegelung24.com\/holzversiegelung-in-profi-qualitaet-kopie.html\/attachment\/holzimpraegnierung-bank\/\" data-original-link=\"https:\/\/www.versiegelung24.com\/wp-content\/uploads\/2025\/07\/Holzimpraegnierung-bank.png\" class=\"wp-block-getwid-images-slider__image wp-image-182022\" srcset=\"https:\/\/www.versiegelung24.com\/wp-content\/uploads\/2025\/07\/Holzimpraegnierung-bank.png 1726w, https:\/\/www.versiegelung24.com\/wp-content\/uploads\/2025\/07\/Holzimpraegnierung-bank-300x218.png 300w, https:\/\/www.versiegelung24.com\/wp-content\/uploads\/2025\/07\/Holzimpraegnierung-bank-1300x943.png 1300w, https:\/\/www.versiegelung24.com\/wp-content\/uploads\/2025\/07\/Holzimpraegnierung-bank-768x557.png 768w, https:\/\/www.versiegelung24.com\/wp-content\/uploads\/2025\/07\/Holzimpraegnierung-bank-1536x1114.png 1536w, https:\/\/www.versiegelung24.com\/wp-content\/uploads\/2025\/07\/Holzimpraegnierung-bank-600x435.png 600w\" sizes=\"(max-width: 1726px) 100vw, 1726px\" \/><\/figure><\/div><div class=\"wp-block-getwid-images-slider__item\" style=\"height:500px\"><figure><img loading=\"lazy\" decoding=\"async\" width=\"1982\" height=\"1274\" src=\"https:\/\/www.versiegelung24.com\/wp-content\/uploads\/2025\/07\/Holzimpraegnierung-eigenschaften.png\" data-id=\"182050\" data-link=\"https:\/\/www.versiegelung24.com\/holzversiegelung-in-profi-qualitaet-kopie.html\/attachment\/holzimpraegnierung-eigenschaften\/\" data-original-link=\"https:\/\/www.versiegelung24.com\/wp-content\/uploads\/2025\/07\/Holzimpraegnierung-eigenschaften.png\" class=\"wp-block-getwid-images-slider__image wp-image-182050\" srcset=\"https:\/\/www.versiegelung24.com\/wp-content\/uploads\/2025\/07\/Holzimpraegnierung-eigenschaften.png 1982w, https:\/\/www.versiegelung24.com\/wp-content\/uploads\/2025\/07\/Holzimpraegnierung-eigenschaften-300x193.png 300w, https:\/\/www.versiegelung24.com\/wp-content\/uploads\/2025\/07\/Holzimpraegnierung-eigenschaften-1300x836.png 1300w, https:\/\/www.versiegelung24.com\/wp-content\/uploads\/2025\/07\/Holzimpraegnierung-eigenschaften-768x494.png 768w, https:\/\/www.versiegelung24.com\/wp-content\/uploads\/2025\/07\/Holzimpraegnierung-eigenschaften-1536x987.png 1536w, https:\/\/www.versiegelung24.com\/wp-content\/uploads\/2025\/07\/Holzimpraegnierung-eigenschaften-600x386.png 600w\" sizes=\"(max-width: 1982px) 100vw, 1982px\" \/><\/figure><\/div><\/div><\/div>\n\n<p><\/p>\n","protected":false},"excerpt":{"rendered":"<p><strong>Visoko u\u010dinkovito brtvilo za drvene povr\u0161ine za unutarnju i vanjsku upotrebu<\/strong><\/p>\n<p>\u2713 Postojanost boje i za\u0161tita od sivenja<\/p>\n<p>\u2713 Otporno na vodu i prljav\u0161tinu<\/p>\n<p>\u2713 Temeljni premaz i za\u0161tita u jednom koraku<\/p>\n<p>\u2713 PFAS, PFOA i bez PFOS-a<\/p>\n<p>&nbsp;<\/p>\n","protected":false},"featured_media":183258,"template":"","meta":{"_acf_changed":false,"neve_meta_sidebar":"","neve_meta_container":"","neve_meta_enable_content_width":"","neve_meta_content_width":0,"neve_meta_title_alignment":"","neve_meta_author_avatar":"","neve_post_elements_order":"","neve_meta_disable_header":"","neve_meta_disable_footer":"","neve_meta_disable_title":"","neve_meta_reading_time":"","_surfaces":[],"_ver_product_tabs":null,"footnotes":""},"product_brand":[],"product_cat":[2429],"product_tag":[],"class_list":{"0":"post-181842","1":"product","2":"type-product","3":"status-publish","4":"has-post-thumbnail","6":"product_cat-brtvljenje-drva","7":"pa_gebinde-bocica-od-10-ml","8":"pa_gebinde-bocica-od-5-ml","9":"pa_gebinde-bocica-s-rasprsivacem-od-125-ml","10":"pa_gebinde-punjiva-boca-od-1000-ml","11":"pa_gebinde-kanister-od-20l","12":"pa_gebinde-kanister-od-10l","13":"pa_gebinde-akcijski-set-s-bocom-od-100-ml","14":"pa_gebinde-bocica-od-50-ml","15":"pa_gebinde-akcijski-set-s-bocicom-od-50-ml","16":"pa_gebinde-bocica-od-100-ml","17":"pa_gebinde-bocica-od-150-ml","18":"pa_gebinde-bocica-od-500-ml","19":"pa_gebinde-bocica-od-200-ml","20":"pa_gebinde-bocica-od-1000-ml","21":"pa_gebinde-kanister-od-5l","23":"first","24":"instock","25":"taxable","26":"shipping-taxable","27":"purchasable","28":"product-type-variable","29":"has-default-attributes"},"acf":[],"yoast_head":"<!-- This site is optimized with the Yoast SEO Premium plugin v22.8 (Yoast SEO v27.5) - https:\/\/yoast.com\/product\/yoast-seo-premium-wordpress\/ -->\n<title>Impregnacija drva \u2013 prirodna za\u0161tita drva na bazi silana - versiegelung24.com<\/title>\n<meta name=\"robots\" content=\"index, follow, max-snippet:-1, max-image-preview:large, max-video-preview:-1\" \/>\n<link rel=\"canonical\" href=\"https:\/\/www.versiegelung24.com\/hr\/holzimpragnierung-silanbasis.html\" \/>\n<meta property=\"og:locale\" content=\"hr_HR\" \/>\n<meta property=\"og:type\" content=\"article\" \/>\n<meta property=\"og:title\" content=\"Impregnacija drva \u2013 prirodna za\u0161tita drva na bazi silana\" \/>\n<meta property=\"og:description\" content=\"Visoko u\u010dinkovito brtvilo za drvene povr\u0161ine za unutarnju i vanjsku upotrebu \u2713 Postojanost boje i za\u0161tita od sivenja \u2713 Otporno na vodu i prljav\u0161tinu \u2713 Temeljni premaz i za\u0161tita u jednom koraku \u2713 PFAS, PFOA i bez PFOS-a &nbsp;\" \/>\n<meta property=\"og:url\" content=\"https:\/\/www.versiegelung24.com\/hr\/holzimpragnierung-silanbasis.html\" \/>\n<meta property=\"og:site_name\" content=\"versiegelung24.com\" \/>\n<meta property=\"article:modified_time\" content=\"2025-09-05T11:41:46+00:00\" \/>\n<meta property=\"og:image\" content=\"https:\/\/www.versiegelung24.com\/wp-content\/uploads\/2025\/07\/V24-Holzimpraegnierung-4008-693.jpg\" \/>\n\t<meta property=\"og:image:width\" content=\"2560\" \/>\n\t<meta property=\"og:image:height\" content=\"2560\" \/>\n\t<meta property=\"og:image:type\" content=\"image\/jpeg\" \/>\n<meta name=\"twitter:card\" content=\"summary_large_image\" \/>\n<meta name=\"twitter:label1\" content=\"Availability\" \/>\n\t<meta name=\"twitter:data1\" content=\"In stock\" \/>\n<script type=\"application\/ld+json\" class=\"yoast-schema-graph\">{\"@context\":\"https:\\\/\\\/schema.org\",\"@graph\":[{\"@type\":\"WebPage\",\"@id\":\"https:\\\/\\\/www.versiegelung24.com\\\/hr\\\/holzimpragnierung-silanbasis.html\",\"url\":\"https:\\\/\\\/www.versiegelung24.com\\\/hr\\\/holzimpragnierung-silanbasis.html\",\"name\":\"Impregnacija drva \u2013 prirodna za\u0161tita drva na bazi silana - versiegelung24.com\",\"isPartOf\":{\"@id\":\"https:\\\/\\\/www.versiegelung24.com\\\/hr\\\/#website\"},\"primaryImageOfPage\":{\"@id\":\"https:\\\/\\\/www.versiegelung24.com\\\/hr\\\/holzimpragnierung-silanbasis.html#primaryimage\"},\"image\":{\"@id\":\"https:\\\/\\\/www.versiegelung24.com\\\/hr\\\/holzimpragnierung-silanbasis.html#primaryimage\"},\"thumbnailUrl\":\"https:\\\/\\\/www.versiegelung24.com\\\/wp-content\\\/uploads\\\/2025\\\/07\\\/V24-Holzimpraegnierung-4008-693.jpg\",\"datePublished\":\"2025-07-31T10:51:10+00:00\",\"dateModified\":\"2025-09-05T11:41:46+00:00\",\"breadcrumb\":{\"@id\":\"https:\\\/\\\/www.versiegelung24.com\\\/hr\\\/holzimpragnierung-silanbasis.html#breadcrumb\"},\"inLanguage\":\"hr\",\"potentialAction\":[{\"@type\":\"ReadAction\",\"target\":[\"https:\\\/\\\/www.versiegelung24.com\\\/hr\\\/holzimpragnierung-silanbasis.html\"]}]},{\"@type\":\"ImageObject\",\"inLanguage\":\"hr\",\"@id\":\"https:\\\/\\\/www.versiegelung24.com\\\/hr\\\/holzimpragnierung-silanbasis.html#primaryimage\",\"url\":\"https:\\\/\\\/www.versiegelung24.com\\\/wp-content\\\/uploads\\\/2025\\\/07\\\/V24-Holzimpraegnierung-4008-693.jpg\",\"contentUrl\":\"https:\\\/\\\/www.versiegelung24.com\\\/wp-content\\\/uploads\\\/2025\\\/07\\\/V24-Holzimpraegnierung-4008-693.jpg\",\"width\":2560,\"height\":2560},{\"@type\":\"BreadcrumbList\",\"@id\":\"https:\\\/\\\/www.versiegelung24.com\\\/hr\\\/holzimpragnierung-silanbasis.html#breadcrumb\",\"itemListElement\":[{\"@type\":\"ListItem\",\"position\":1,\"name\":\"Po\u010detna stranica\",\"item\":\"https:\\\/\\\/www.versiegelung24.com\\\/hr\\\/ispred\\\/\"},{\"@type\":\"ListItem\",\"position\":2,\"name\":\"Du\u0107an\",\"item\":\"https:\\\/\\\/www.versiegelung24.com\\\/hr\\\/ducan\\\/\"},{\"@type\":\"ListItem\",\"position\":3,\"name\":\"Impregnacija drva \u2013 prirodna za\u0161tita drva na bazi silana\"}]},{\"@type\":\"WebSite\",\"@id\":\"https:\\\/\\\/www.versiegelung24.com\\\/hr\\\/#website\",\"url\":\"https:\\\/\\\/www.versiegelung24.com\\\/hr\\\/\",\"name\":\"versiegelung24.com\",\"description\":\"Fl\u00fcssigglas-Versiegelung - Made in Germany\",\"publisher\":{\"@id\":\"https:\\\/\\\/www.versiegelung24.com\\\/hr\\\/#organization\"},\"potentialAction\":[{\"@type\":\"SearchAction\",\"target\":{\"@type\":\"EntryPoint\",\"urlTemplate\":\"https:\\\/\\\/www.versiegelung24.com\\\/hr\\\/?s={search_term_string}\"},\"query-input\":{\"@type\":\"PropertyValueSpecification\",\"valueRequired\":true,\"valueName\":\"search_term_string\"}}],\"inLanguage\":\"hr\"},{\"@type\":\"Organization\",\"@id\":\"https:\\\/\\\/www.versiegelung24.com\\\/hr\\\/#organization\",\"name\":\"versiegelung24\",\"url\":\"https:\\\/\\\/www.versiegelung24.com\\\/hr\\\/\",\"logo\":{\"@type\":\"ImageObject\",\"inLanguage\":\"hr\",\"@id\":\"https:\\\/\\\/www.versiegelung24.com\\\/hr\\\/#\\\/schema\\\/logo\\\/image\\\/\",\"url\":\"https:\\\/\\\/www.versiegelung24.com\\\/wp-content\\\/uploads\\\/2020\\\/04\\\/versiegelung24.png\",\"contentUrl\":\"https:\\\/\\\/www.versiegelung24.com\\\/wp-content\\\/uploads\\\/2020\\\/04\\\/versiegelung24.png\",\"width\":470,\"height\":102,\"caption\":\"versiegelung24\"},\"image\":{\"@id\":\"https:\\\/\\\/www.versiegelung24.com\\\/hr\\\/#\\\/schema\\\/logo\\\/image\\\/\"}}]}<\/script>\n<meta property=\"og:availability\" content=\"instock\" \/>\n<meta property=\"product:availability\" content=\"instock\" \/>\n<meta property=\"product:retailer_item_id\" content=\"4008-693\" \/>\n<meta property=\"product:condition\" content=\"new\" \/>\n<!-- \/ Yoast SEO Premium plugin. -->","yoast_head_json":{"title":"Impregnacija drva \u2013 prirodna za\u0161tita drva na bazi silana - versiegelung24.com","robots":{"index":"index","follow":"follow","max-snippet":"max-snippet:-1","max-image-preview":"max-image-preview:large","max-video-preview":"max-video-preview:-1"},"canonical":"https:\/\/www.versiegelung24.com\/hr\/holzimpragnierung-silanbasis.html","og_locale":"hr_HR","og_type":"article","og_title":"Impregnacija drva \u2013 prirodna za\u0161tita drva na bazi silana","og_description":"Visoko u\u010dinkovito brtvilo za drvene povr\u0161ine za unutarnju i vanjsku upotrebu \u2713 Postojanost boje i za\u0161tita od sivenja \u2713 Otporno na vodu i prljav\u0161tinu \u2713 Temeljni premaz i za\u0161tita u jednom koraku \u2713 PFAS, PFOA i bez PFOS-a &nbsp;","og_url":"https:\/\/www.versiegelung24.com\/hr\/holzimpragnierung-silanbasis.html","og_site_name":"versiegelung24.com","article_modified_time":"2025-09-05T11:41:46+00:00","og_image":[{"width":2560,"height":2560,"url":"https:\/\/www.versiegelung24.com\/wp-content\/uploads\/2025\/07\/V24-Holzimpraegnierung-4008-693.jpg","type":"image\/jpeg"}],"twitter_card":"summary_large_image","twitter_misc":{"Availability":"In stock"},"schema":{"@context":"https:\/\/schema.org","@graph":[{"@type":"WebPage","@id":"https:\/\/www.versiegelung24.com\/hr\/holzimpragnierung-silanbasis.html","url":"https:\/\/www.versiegelung24.com\/hr\/holzimpragnierung-silanbasis.html","name":"Impregnacija drva \u2013 prirodna za\u0161tita drva na bazi silana - versiegelung24.com","isPartOf":{"@id":"https:\/\/www.versiegelung24.com\/hr\/#website"},"primaryImageOfPage":{"@id":"https:\/\/www.versiegelung24.com\/hr\/holzimpragnierung-silanbasis.html#primaryimage"},"image":{"@id":"https:\/\/www.versiegelung24.com\/hr\/holzimpragnierung-silanbasis.html#primaryimage"},"thumbnailUrl":"https:\/\/www.versiegelung24.com\/wp-content\/uploads\/2025\/07\/V24-Holzimpraegnierung-4008-693.jpg","datePublished":"2025-07-31T10:51:10+00:00","dateModified":"2025-09-05T11:41:46+00:00","breadcrumb":{"@id":"https:\/\/www.versiegelung24.com\/hr\/holzimpragnierung-silanbasis.html#breadcrumb"},"inLanguage":"hr","potentialAction":[{"@type":"ReadAction","target":["https:\/\/www.versiegelung24.com\/hr\/holzimpragnierung-silanbasis.html"]}]},{"@type":"ImageObject","inLanguage":"hr","@id":"https:\/\/www.versiegelung24.com\/hr\/holzimpragnierung-silanbasis.html#primaryimage","url":"https:\/\/www.versiegelung24.com\/wp-content\/uploads\/2025\/07\/V24-Holzimpraegnierung-4008-693.jpg","contentUrl":"https:\/\/www.versiegelung24.com\/wp-content\/uploads\/2025\/07\/V24-Holzimpraegnierung-4008-693.jpg","width":2560,"height":2560},{"@type":"BreadcrumbList","@id":"https:\/\/www.versiegelung24.com\/hr\/holzimpragnierung-silanbasis.html#breadcrumb","itemListElement":[{"@type":"ListItem","position":1,"name":"Po\u010detna stranica","item":"https:\/\/www.versiegelung24.com\/hr\/ispred\/"},{"@type":"ListItem","position":2,"name":"Du\u0107an","item":"https:\/\/www.versiegelung24.com\/hr\/ducan\/"},{"@type":"ListItem","position":3,"name":"Impregnacija drva \u2013 prirodna za\u0161tita drva na bazi silana"}]},{"@type":"WebSite","@id":"https:\/\/www.versiegelung24.com\/hr\/#website","url":"https:\/\/www.versiegelung24.com\/hr\/","name":"versiegelung24.com","description":"Fl\u00fcssigglas-Versiegelung - Made in Germany","publisher":{"@id":"https:\/\/www.versiegelung24.com\/hr\/#organization"},"potentialAction":[{"@type":"SearchAction","target":{"@type":"EntryPoint","urlTemplate":"https:\/\/www.versiegelung24.com\/hr\/?s={search_term_string}"},"query-input":{"@type":"PropertyValueSpecification","valueRequired":true,"valueName":"search_term_string"}}],"inLanguage":"hr"},{"@type":"Organization","@id":"https:\/\/www.versiegelung24.com\/hr\/#organization","name":"versiegelung24","url":"https:\/\/www.versiegelung24.com\/hr\/","logo":{"@type":"ImageObject","inLanguage":"hr","@id":"https:\/\/www.versiegelung24.com\/hr\/#\/schema\/logo\/image\/","url":"https:\/\/www.versiegelung24.com\/wp-content\/uploads\/2020\/04\/versiegelung24.png","contentUrl":"https:\/\/www.versiegelung24.com\/wp-content\/uploads\/2020\/04\/versiegelung24.png","width":470,"height":102,"caption":"versiegelung24"},"image":{"@id":"https:\/\/www.versiegelung24.com\/hr\/#\/schema\/logo\/image\/"}}]},"og_availability":"instock","product_availability":"instock","product_retailer_item_id":"4008-693","product_condition":"new"},"_links":{"self":[{"href":"https:\/\/www.versiegelung24.com\/hr\/wp-json\/wp\/v2\/product\/181842","targetHints":{"allow":["GET"]}}],"collection":[{"href":"https:\/\/www.versiegelung24.com\/hr\/wp-json\/wp\/v2\/product"}],"about":[{"href":"https:\/\/www.versiegelung24.com\/hr\/wp-json\/wp\/v2\/types\/product"}],"version-history":[{"count":5,"href":"https:\/\/www.versiegelung24.com\/hr\/wp-json\/wp\/v2\/product\/181842\/revisions"}],"predecessor-version":[{"id":182840,"href":"https:\/\/www.versiegelung24.com\/hr\/wp-json\/wp\/v2\/product\/181842\/revisions\/182840"}],"wp:featuredmedia":[{"embeddable":true,"href":"https:\/\/www.versiegelung24.com\/hr\/wp-json\/wp\/v2\/media\/183258"}],"wp:attachment":[{"href":"https:\/\/www.versiegelung24.com\/hr\/wp-json\/wp\/v2\/media?parent=181842"}],"wp:term":[{"taxonomy":"product_brand","embeddable":true,"href":"https:\/\/www.versiegelung24.com\/hr\/wp-json\/wp\/v2\/product_brand?post=181842"},{"taxonomy":"product_cat","embeddable":true,"href":"https:\/\/www.versiegelung24.com\/hr\/wp-json\/wp\/v2\/product_cat?post=181842"},{"taxonomy":"product_tag","embeddable":true,"href":"https:\/\/www.versiegelung24.com\/hr\/wp-json\/wp\/v2\/product_tag?post=181842"}],"curies":[{"name":"wp","href":"https:\/\/api.w.org\/{rel}","templated":true}]}}