{"id":182963,"date":"2025-08-28T14:07:51","date_gmt":"2025-08-28T12:07:51","guid":{"rendered":"https:\/\/www.versiegelung24.com\/?post_type=product&#038;p=182963"},"modified":"2025-09-08T16:04:10","modified_gmt":"2025-09-08T14:04:10","slug":"permanent-protector-646","status":"publish","type":"product","link":"https:\/\/www.versiegelung24.com\/hr\/permanent-protector-646.html","title":{"rendered":"Trajna za\u0161tita 646 5M"},"content":{"rendered":"\n<p>Permanent Protect 646 Ultra Thin je visokokvalitetno kerami\u010dko brtvilo za trajno premazivanje glatkih povr\u0161ina poput metala, stakla, plastike ili obojenih materijala. Ultra tanki, prozirni za\u0161titni sloj pru\u017ea iznimnu otpornost na prljav\u0161tinu, kemikalije, UV zra\u010denje i mehani\u010dke utjecaje. Zahvaljuju\u0107i svojim hidrofobnim i oleofobnim svojstvima, brtvilo nudi dugotrajan i jednostavan zavr\u0161ni sloj za \u010di\u0161\u0107enje.  <\/p>\n\n<p>Idealan za primjenu u automobilskom i pomorskom sektoru, kao premaz protiv grafita ili za pobolj\u0161anje visokokvalitetnih obojenih povr\u0161ina \u2013 Permanent Protect 646 Ultra Thin postavlja nove standarde u za\u0161titi povr\u0161ina i trajnosti.<\/p>\n\n<hr class=\"wp-block-separator has-text-color has-css-opacity has-background is-style-wide\" style=\"background-color:#e1e1e1;color:#e1e1e1\"\/>\n\n<h2 class=\"wp-block-heading\" id=\"properties\">Zna\u010dajke proizvoda<\/h2>\n\n<div class=\"wp-block-columns is-layout-flex wp-container-core-columns-is-layout-9d6595d7 wp-block-columns-is-layout-flex\">\n<div class=\"wp-block-column is-layout-flow wp-block-column-is-layout-flow\">\n<ul id=\"block-5ec6b591-a82a-45bd-aa1b-599082db3ae8\" class=\"wp-block-list\">\n<li><strong>Izra\u017een hidrofobni i oleofobni u\u010dinak<\/strong> \u2013 odbija vodu i ulje<\/li>\n\n\n\n<li><strong>U\u010dinak jednostavnog \u010di\u0161\u0107enja<\/strong> \u2013 prljav\u0161tina se lako uklanja<\/li>\n\n\n\n<li><strong>Visoka otpornost na abraziju<\/strong> \u2013 trajna kemijska veza s podlogom<\/li>\n\n\n\n<li><strong>Otporno na temperature i UV zra\u010denje<\/strong> \u2013 pogodno za vanjsku primjenu<\/li>\n\n\n\n<li><strong>Prozra\u010dno<\/strong> \u2013 propusno za difuziju<\/li>\n\n\n\n<li><strong>Trajnost<\/strong> &#8211; 2-5 godina na otvorenom, znatno dulje za unutarnju upotrebu  <\/li>\n\n\n\n<li><strong>Potro\u0161nja<\/strong> &#8211; 5-10 ml\/m\u00b2 (=&gt; do 200 m\u00b2 po litri)<\/li>\n\n\n\n<li><strong>Otporno na mnoga uobi\u010dajena sredstva za \u010di\u0161\u0107enje u ku\u0107anstvu<\/strong> (osim koncentriranih lu\u017eina)<\/li>\n\n\n\n<li><strong>Na bazi otapala<\/strong> (cca. 60% aktivnog sastojka)<\/li>\n<\/ul>\n<\/div>\n\n\n\n<div class=\"wp-block-column is-layout-flow wp-block-column-is-layout-flow\">\n<ul id=\"block-6091e271-3752-4132-9f5b-206019bd2d6b\" class=\"wp-block-list\">\n<li><strong>Vrlo dobra svojstva protiv grafita<\/strong> na neporoznim povr\u0161inama<\/li>\n\n\n\n<li><strong>Struktura kerami\u010dkog sloja<\/strong> \u2013 otporna na toplinu do 600 \u00b0C (integritet filma), 300 \u00b0C bez promjene boje<\/li>\n\n\n\n<li><strong>Debljina tankog sloja<\/strong> : cca. 0,5\u20132 \u03bcm<\/li>\n\n\n\n<li><strong>Sadr\u017ei VOC<\/strong> (butil propionat)<\/li>\n\n\n\n<li><strong>Biostati\u010dki u\u010dinak<\/strong> \u2013 inhibira rast mikroorganizama  <\/li>\n\n\n\n<li><strong>Boja<\/strong> &#8211; Bezbojna do blago \u017eu\u0107kasta<\/li>\n\n\n\n<li><strong>Obavijest o PFAS-u<\/strong> &#8211; bez PFOA i PFOS-a. Sadr\u017eaj fluora je ispod zakonskih granica prema Uredbi EU 2024\/2462. Kori\u0161teni fluorirani aditivi slu\u017ee isklju\u010divo za optimizaciju otpornosti na prljav\u0161tinu.  <\/li>\n<\/ul>\n<\/div>\n<\/div>\n\n<hr class=\"wp-block-separator has-text-color has-background is-style-wide\" style=\"background-color:#e1e1e1;color:#e1e1e1\"\/>\n\n<h2 class=\"wp-block-heading\" id=\"application\">Podru\u010dja primjene<\/h2>\n\n<div class=\"wp-block-columns is-layout-flex wp-container-core-columns-is-layout-9d6595d7 wp-block-columns-is-layout-flex\">\n<div class=\"wp-block-column is-layout-flow wp-block-column-is-layout-flow\">\n<ul id=\"block-6091e271-3752-4132-9f5b-206019bd2d6b\" class=\"wp-block-list\">\n<li>Premazivanje povr\u0161ine vozila (npr. karoserija, naplatci)<\/li>\n\n\n\n<li>Premazi koji se lako \u010diste za unutarnje i vanjske prostore<\/li>\n\n\n\n<li>Trajni za\u0161titni slojevi u pomorskom sektoru<\/li>\n<\/ul>\n<\/div>\n\n\n\n<div class=\"wp-block-column is-layout-flow wp-block-column-is-layout-flow\">\n<ul class=\"wp-block-list\">\n<li>Zavr\u0161na obrada lakova za jahte i brodove<\/li>\n\n\n\n<li>Naknadna obrada za automobile (kerami\u010dko brtvljenje)<\/li>\n\n\n\n<li>Premazi protiv grafita na neporoznim povr\u0161inama<\/li>\n<\/ul>\n<\/div>\n<\/div>\n\n<h2 class=\"wp-block-heading\" id=\"h-anwendung\">Primjena<\/h2>\n\n<p><strong>Op\u0107enito  <\/strong><\/p>\n\n<ol class=\"wp-block-list\">\n<li>Temeljito <a href=\"https:\/\/www.versiegelung24.com\/hr\/biosativa-bioloski-predcistac.html\">o\u010distite<\/a> i odmastite povr\u0161inu (npr. <a href=\"https:\/\/www.versiegelung24.com\/hr\/100-bioetanol-visoke-cistoce-za-profesionalno-prethodno-ciscenje-kopie.html\">izopropanolom<\/a> , etil acetatom ili white spiritom). <\/li>\n\n\n\n<li>Povr\u0161ina mora biti potpuno suha i bez masno\u0107e.<\/li>\n\n\n\n<li>Temperatura obrade: 15\u201330 \u00b0C, relativna vla\u017enost: 50\u201380%. <\/li>\n\n\n\n<li>Izbjegavajte izravnu sun\u010devu svjetlost.<\/li>\n<\/ol>\n\n<p><strong>Nano\u0161enje brisanjem  <\/strong><\/p>\n\n<ol class=\"wp-block-list\">\n<li>Nanesite nekoliko kapi (5\u201310\/ml m\u00b2) na krpu od mikrovlakana.<\/li>\n\n\n\n<li>Nanesite ravnomjerno laganim pritiskom linearnim pokretima.<\/li>\n\n\n\n<li>Polirajte mekom krpom nakon maksimalno 30 minuta. <\/li>\n\n\n\n<li>Ponovite postupak ako je potrebno.<\/li>\n<\/ol>\n\n<p><strong>Nano\u0161enje prskanjem  <\/strong><\/p>\n\n<ol class=\"wp-block-list\">\n<li>Veli\u010dina mlaznice: 0,8\u20131,0 mm \/ Tlak: 0,6\u20131,0 bar \/ Udaljenost: cca. 20 cm<\/li>\n\n\n\n<li>Debljina sloja (suho): 2,5\u201325 \u03bcm (ovisno o prolazima)<\/li>\n\n\n\n<li>Alternativa: Rotacijsko zvono (30 000 o\/min, 2 bara, 0,2\u20130,4 m\/s, 50\u2013150 ml\/min)  <\/li>\n<\/ol>\n\n<h2 class=\"wp-block-heading\" id=\"h-reinigung-amp-pflege\">\u010ci\u0161\u0107enje i njega<\/h2>\n\n<p>Za \u010di\u0161\u0107enje povr\u0161ine dovoljno je koristiti blago sredstvo za \u010di\u0161\u0107enje, poput na\u0161eg <a href=\"https:\/\/www.versiegelung24.com\/hr\/biosativa-bioloski-predcistac.html\">V24 Biosativa\u00ae<\/a> sredstva za \u010di\u0161\u0107enje. Agresivna sredstva za \u010di\u0161\u0107enje nisu potrebna niti se preporu\u010duju. <\/p>\n\n<hr class=\"wp-block-separator has-text-color has-css-opacity has-background is-style-wide\" style=\"background-color:#e1e1e1;color:#e1e1e1\"\/>\n\n<h2 class=\"wp-block-heading\" id=\"h-produktsicherheit-amp-lagerung\">Sigurnost i skladi\u0161tenje proizvoda<\/h2>\n\n<p>Informacije o klasifikaciji proizvoda prema Uredbi o opasnim tvarima, sigurnosne podatke kao i podatke o toksikologiji i skladi\u0161tenju mo\u017eete prona\u0107i u na\u0161em sigurnosno-tehni\u010dkom listu <a href=\"https:\/\/www.versiegelung24.com\/hr\/kontakt\/\">na zahtjev<\/a> .<\/p>\n\n<ul class=\"wp-block-list\">\n<li>Permanent Protect 646 ne smije do\u0107i u kontakt s vlagom.<\/li>\n\n\n\n<li>Temperatura skladi\u0161tenja materijala: +5\u00b0C do +20\u00b0C.<\/li>\n\n\n\n<li>Osobna za\u0161titna oprema: rukavice, za\u0161titne nao\u010dale, odgovaraju\u0107a za\u0161titna odje\u0107a<\/li>\n\n\n\n<li>Prva pomo\u0107: U slu\u010daju kontakta s o\u010dima ili ko\u017eom, odmah isprati vodom i posavjetovati se s lije\u010dnikom<\/li>\n\n\n\n<li>Skladi\u0161tenje: Hladno, suho i dobro prozra\u010deno. Mjese\u010dno otvarajte spremnik radi prozra\u010divanja i ispu\u0161tanja tlaka. <\/li>\n\n\n\n<li>Preporu\u010duje se prethodno pro\u010di\u0161\u0107avanje du\u0161ikom prilikom transfera.<\/li>\n<\/ul>\n\n<p><strong>Permanent Protect 646<\/strong> ima rok trajanja od 12 mjeseci kada se \u010duva neotvoreno u originalno zatvorenoj ambala\u017ei.<\/p>\n\n<hr class=\"wp-block-separator has-text-color has-css-opacity has-background is-style-wide\" style=\"background-color:#e1e1e1;color:#e1e1e1\"\/>\n\n<h2 class=\"wp-block-heading\">Ispitivanje vremenskih uvjeta<\/h2>\n\n<figure class=\"wp-block-table aligncenter\"><table class=\"has-fixed-layout\"><thead><tr><th class=\"has-text-align-left\" data-align=\"left\">\u00a0<\/th><th class=\"has-text-align-left\" data-align=\"left\">Ispitivanje slanom maglom NSS<\/th><th>Atmosfera kondenzacije,<br\/> konstantna vla\u017enost<\/th><th>Umjetno tro\u0161enje<br\/> s ksenonskim lukom<\/th><\/tr><\/thead><tbody><tr><td class=\"has-text-align-left\" data-align=\"left\">DIN<\/td><td class=\"has-text-align-left\" data-align=\"left\">EN ISO 9227<\/td><td>EN ISO 6270-2<\/td><td>EN ISO 16474-2<\/td><\/tr><tr><td class=\"has-text-align-left\" data-align=\"left\">\u00a0<\/td><td class=\"has-text-align-left\" data-align=\"left\" colspan=\"3\"><strong>Ispitivanje slanom maglom nehr\u0111aju\u0107im \u010delikom 2,5 \u03bcm, s premazom<\/strong><\/td><\/tr><tr><td class=\"has-text-align-left\" data-align=\"left\">Duljina vremena<\/td><td class=\"has-text-align-left\" data-align=\"left\">1500 sati<\/td><td>1.400 sati<\/td><td>1.400 sati<\/td><\/tr><tr><td class=\"has-text-align-left\" data-align=\"left\">Proizlaziti<\/td><td class=\"has-text-align-left\" data-align=\"left\">Plikovi: ne<br\/> Hr\u0111a: ne<br\/> Korozija u pisaru&lt; 0,5 mm<\/td><td>Plikovi: ne<br\/> Hr\u0111a: ne<\/td><td>Gubitak sjaja: 5%<br\/> Pucanje: ne<br\/> Razlika u boji \u0394E* = 0,40<\/td><\/tr><tr><td class=\"has-text-align-left\" data-align=\"left\">\u00a0<\/td><td class=\"has-text-align-left\" data-align=\"left\" colspan=\"3\"><strong>Ispitivanje slanom maglom aluminij 2,5 \u03bcm, premazano<\/strong><\/td><\/tr><tr><td class=\"has-text-align-left\" data-align=\"left\">Duljina vremena<\/td><td class=\"has-text-align-left\" data-align=\"left\">1500 sati<\/td><td>1.400 sati<\/td><td>1.400 sati<\/td><\/tr><tr><td class=\"has-text-align-left\" data-align=\"left\">Proizlaziti<\/td><td class=\"has-text-align-left\" data-align=\"left\">Plikovi: ne<br\/> Hr\u0111a: ne<br\/> Korozija u pisaru&lt; 0,5 mm<\/td><td>Plikovi: ne<br\/> Hr\u0111a: ne<\/td><td>Gubitak sjaja: 5%<br\/> Pucanje: ne<br\/> Razlika u boji \u0394E* = 0,17<\/td><\/tr><tr><td class=\"has-text-align-left\" data-align=\"left\">\u00a0<\/td><td class=\"has-text-align-left\" data-align=\"left\" colspan=\"3\"><strong>Pjeskareni \u010delik 2,5 \u03bcm, premazani<\/strong><\/td><\/tr><tr><td class=\"has-text-align-left\" data-align=\"left\">Duljina vremena<\/td><td class=\"has-text-align-left\" data-align=\"left\">1000 sati<\/td><td>1000 sati<\/td><td>1.400 sati<\/td><\/tr><tr><td class=\"has-text-align-left\" data-align=\"left\">Proizlaziti<\/td><td class=\"has-text-align-left\" data-align=\"left\">Plikovi: ne<br\/> Hr\u0111a: ne<br\/> Korozija u pisaru&lt; 0,5 mm<\/td><td>Plikovi: ne<br\/> Hr\u0111a: ne<\/td><td>Gubitak sjaja: 12%<br\/> Pucanje: ne<br\/> Razlika u boji \u0394E* = 0,51<\/td><\/tr><\/tbody><\/table><\/figure>\n\n<hr class=\"wp-block-separator has-text-color has-css-opacity has-background is-style-wide\" style=\"background-color:#e1e1e1;color:#e1e1e1\"\/>\n","protected":false},"excerpt":{"rendered":"<p><strong>Visokokvalitetni, izdr\u017eljivi kerami\u010dki premaz za glatke povr\u0161ine<\/strong><\/p>\n<p>\u2713 Ultra tanka debljina sloja<\/p>\n<p>\u2713 Rok trajanja 2-5 godina<\/p>\n<p>\u2713 Visoka otpornost na habanje<\/p>\n<p>\u2713 Biostati\u010dki u\u010dinak<\/p>\n","protected":false},"featured_media":183052,"template":"","meta":{"_acf_changed":false,"neve_meta_sidebar":"","neve_meta_container":"","neve_meta_enable_content_width":"","neve_meta_content_width":0,"neve_meta_title_alignment":"","neve_meta_author_avatar":"","neve_post_elements_order":"","neve_meta_disable_header":"","neve_meta_disable_footer":"","neve_meta_disable_title":"","neve_meta_reading_time":"","_surfaces":[],"_ver_product_tabs":[],"footnotes":""},"product_brand":[],"product_cat":[2977,2188,2428,2479],"product_tag":[],"class_list":{"0":"post-182963","1":"product","2":"type-product","3":"status-publish","4":"has-post-thumbnail","6":"product_cat-brtvljenje-tekucim-staklom","7":"product_cat-brtvljenje-automobila","8":"product_cat-brtvljenje-metala-i-plastike","9":"product_cat-univerzalna-brtva","10":"pa_gebinde-bocica-od-100-ml","11":"pa_gebinde-bocica-od-1000-ml","13":"first","14":"instock","15":"taxable","16":"shipping-taxable","17":"purchasable","18":"product-type-variable","19":"has-default-attributes"},"acf":[],"yoast_head":"<!-- This site is optimized with the Yoast SEO Premium plugin v22.8 (Yoast SEO v27.5) - https:\/\/yoast.com\/product\/yoast-seo-premium-wordpress\/ -->\n<title>Trajni za\u0161titnik 646 Ultra tanki - 9H kerami\u010dko brtvilo<\/title>\n<meta name=\"description\" content=\"Jednostavan za kori\u0161tenje, jake za\u0161tite. Novi Permanent Protector 646 Ultra Thin - 9H kerami\u010dki premaz pouzdano \u0161titi od vanjskih utjecaja\" \/>\n<meta name=\"robots\" content=\"index, follow, max-snippet:-1, max-image-preview:large, max-video-preview:-1\" \/>\n<link rel=\"canonical\" href=\"https:\/\/www.versiegelung24.com\/hr\/permanent-protector-646.html\" \/>\n<meta property=\"og:locale\" content=\"hr_HR\" \/>\n<meta property=\"og:type\" content=\"article\" \/>\n<meta property=\"og:title\" content=\"Trajna za\u0161tita 646 5M\" \/>\n<meta property=\"og:description\" content=\"Jednostavan za kori\u0161tenje, jake za\u0161tite. Novi Permanent Protector 646 Ultra Thin - 9H kerami\u010dki premaz pouzdano \u0161titi od vanjskih utjecaja\" \/>\n<meta property=\"og:url\" content=\"https:\/\/www.versiegelung24.com\/hr\/permanent-protector-646.html\" \/>\n<meta property=\"og:site_name\" content=\"versiegelung24.com\" \/>\n<meta property=\"article:modified_time\" content=\"2025-09-08T14:04:10+00:00\" \/>\n<meta property=\"og:image\" content=\"https:\/\/www.versiegelung24.com\/wp-content\/uploads\/2025\/08\/V24-Permanent-Protector-646-Keramikversiegelung-scaled-1.jpg\" \/>\n\t<meta property=\"og:image:width\" content=\"2560\" \/>\n\t<meta property=\"og:image:height\" content=\"2560\" \/>\n\t<meta property=\"og:image:type\" content=\"image\/jpeg\" \/>\n<meta name=\"twitter:card\" content=\"summary_large_image\" \/>\n<meta name=\"twitter:label1\" content=\"Availability\" \/>\n\t<meta name=\"twitter:data1\" content=\"In stock\" \/>\n<script type=\"application\/ld+json\" class=\"yoast-schema-graph\">{\"@context\":\"https:\\\/\\\/schema.org\",\"@graph\":[{\"@type\":\"WebPage\",\"@id\":\"https:\\\/\\\/www.versiegelung24.com\\\/hr\\\/permanent-protector-646.html\",\"url\":\"https:\\\/\\\/www.versiegelung24.com\\\/hr\\\/permanent-protector-646.html\",\"name\":\"Trajni za\u0161titnik 646 Ultra tanki - 9H kerami\u010dko brtvilo\",\"isPartOf\":{\"@id\":\"https:\\\/\\\/www.versiegelung24.com\\\/hr\\\/#website\"},\"primaryImageOfPage\":{\"@id\":\"https:\\\/\\\/www.versiegelung24.com\\\/hr\\\/permanent-protector-646.html#primaryimage\"},\"image\":{\"@id\":\"https:\\\/\\\/www.versiegelung24.com\\\/hr\\\/permanent-protector-646.html#primaryimage\"},\"thumbnailUrl\":\"https:\\\/\\\/www.versiegelung24.com\\\/wp-content\\\/uploads\\\/2025\\\/08\\\/V24-Permanent-Protector-646-Keramikversiegelung-scaled-1.jpg\",\"datePublished\":\"2025-08-28T12:07:51+00:00\",\"dateModified\":\"2025-09-08T14:04:10+00:00\",\"description\":\"Jednostavan za kori\u0161tenje, jake za\u0161tite. Novi Permanent Protector 646 Ultra Thin - 9H kerami\u010dki premaz pouzdano \u0161titi od vanjskih utjecaja\",\"breadcrumb\":{\"@id\":\"https:\\\/\\\/www.versiegelung24.com\\\/hr\\\/permanent-protector-646.html#breadcrumb\"},\"inLanguage\":\"hr\",\"potentialAction\":[{\"@type\":\"ReadAction\",\"target\":[\"https:\\\/\\\/www.versiegelung24.com\\\/hr\\\/permanent-protector-646.html\"]}]},{\"@type\":\"ImageObject\",\"inLanguage\":\"hr\",\"@id\":\"https:\\\/\\\/www.versiegelung24.com\\\/hr\\\/permanent-protector-646.html#primaryimage\",\"url\":\"https:\\\/\\\/www.versiegelung24.com\\\/wp-content\\\/uploads\\\/2025\\\/08\\\/V24-Permanent-Protector-646-Keramikversiegelung-scaled-1.jpg\",\"contentUrl\":\"https:\\\/\\\/www.versiegelung24.com\\\/wp-content\\\/uploads\\\/2025\\\/08\\\/V24-Permanent-Protector-646-Keramikversiegelung-scaled-1.jpg\",\"width\":2560,\"height\":2560},{\"@type\":\"BreadcrumbList\",\"@id\":\"https:\\\/\\\/www.versiegelung24.com\\\/hr\\\/permanent-protector-646.html#breadcrumb\",\"itemListElement\":[{\"@type\":\"ListItem\",\"position\":1,\"name\":\"Po\u010detna stranica\",\"item\":\"https:\\\/\\\/www.versiegelung24.com\\\/hr\\\/ispred\\\/\"},{\"@type\":\"ListItem\",\"position\":2,\"name\":\"Du\u0107an\",\"item\":\"https:\\\/\\\/www.versiegelung24.com\\\/hr\\\/ducan\\\/\"},{\"@type\":\"ListItem\",\"position\":3,\"name\":\"Trajna za\u0161tita 646 5M\"}]},{\"@type\":\"WebSite\",\"@id\":\"https:\\\/\\\/www.versiegelung24.com\\\/hr\\\/#website\",\"url\":\"https:\\\/\\\/www.versiegelung24.com\\\/hr\\\/\",\"name\":\"versiegelung24.com\",\"description\":\"Fl\u00fcssigglas-Versiegelung - Made in Germany\",\"publisher\":{\"@id\":\"https:\\\/\\\/www.versiegelung24.com\\\/hr\\\/#organization\"},\"potentialAction\":[{\"@type\":\"SearchAction\",\"target\":{\"@type\":\"EntryPoint\",\"urlTemplate\":\"https:\\\/\\\/www.versiegelung24.com\\\/hr\\\/?s={search_term_string}\"},\"query-input\":{\"@type\":\"PropertyValueSpecification\",\"valueRequired\":true,\"valueName\":\"search_term_string\"}}],\"inLanguage\":\"hr\"},{\"@type\":\"Organization\",\"@id\":\"https:\\\/\\\/www.versiegelung24.com\\\/hr\\\/#organization\",\"name\":\"versiegelung24\",\"url\":\"https:\\\/\\\/www.versiegelung24.com\\\/hr\\\/\",\"logo\":{\"@type\":\"ImageObject\",\"inLanguage\":\"hr\",\"@id\":\"https:\\\/\\\/www.versiegelung24.com\\\/hr\\\/#\\\/schema\\\/logo\\\/image\\\/\",\"url\":\"https:\\\/\\\/www.versiegelung24.com\\\/wp-content\\\/uploads\\\/2020\\\/04\\\/versiegelung24.png\",\"contentUrl\":\"https:\\\/\\\/www.versiegelung24.com\\\/wp-content\\\/uploads\\\/2020\\\/04\\\/versiegelung24.png\",\"width\":470,\"height\":102,\"caption\":\"versiegelung24\"},\"image\":{\"@id\":\"https:\\\/\\\/www.versiegelung24.com\\\/hr\\\/#\\\/schema\\\/logo\\\/image\\\/\"}}]}<\/script>\n<meta property=\"og:availability\" content=\"instock\" \/>\n<meta property=\"product:availability\" content=\"instock\" \/>\n<meta property=\"product:retailer_item_id\" content=\"8056-646\" \/>\n<meta property=\"product:condition\" content=\"new\" \/>\n<!-- \/ Yoast SEO Premium plugin. -->","yoast_head_json":{"title":"Trajni za\u0161titnik 646 Ultra tanki - 9H kerami\u010dko brtvilo","description":"Jednostavan za kori\u0161tenje, jake za\u0161tite. Novi Permanent Protector 646 Ultra Thin - 9H kerami\u010dki premaz pouzdano \u0161titi od vanjskih utjecaja","robots":{"index":"index","follow":"follow","max-snippet":"max-snippet:-1","max-image-preview":"max-image-preview:large","max-video-preview":"max-video-preview:-1"},"canonical":"https:\/\/www.versiegelung24.com\/hr\/permanent-protector-646.html","og_locale":"hr_HR","og_type":"article","og_title":"Trajna za\u0161tita 646 5M","og_description":"Jednostavan za kori\u0161tenje, jake za\u0161tite. Novi Permanent Protector 646 Ultra Thin - 9H kerami\u010dki premaz pouzdano \u0161titi od vanjskih utjecaja","og_url":"https:\/\/www.versiegelung24.com\/hr\/permanent-protector-646.html","og_site_name":"versiegelung24.com","article_modified_time":"2025-09-08T14:04:10+00:00","og_image":[{"width":2560,"height":2560,"url":"https:\/\/www.versiegelung24.com\/wp-content\/uploads\/2025\/08\/V24-Permanent-Protector-646-Keramikversiegelung-scaled-1.jpg","type":"image\/jpeg"}],"twitter_card":"summary_large_image","twitter_misc":{"Availability":"In stock"},"schema":{"@context":"https:\/\/schema.org","@graph":[{"@type":"WebPage","@id":"https:\/\/www.versiegelung24.com\/hr\/permanent-protector-646.html","url":"https:\/\/www.versiegelung24.com\/hr\/permanent-protector-646.html","name":"Trajni za\u0161titnik 646 Ultra tanki - 9H kerami\u010dko brtvilo","isPartOf":{"@id":"https:\/\/www.versiegelung24.com\/hr\/#website"},"primaryImageOfPage":{"@id":"https:\/\/www.versiegelung24.com\/hr\/permanent-protector-646.html#primaryimage"},"image":{"@id":"https:\/\/www.versiegelung24.com\/hr\/permanent-protector-646.html#primaryimage"},"thumbnailUrl":"https:\/\/www.versiegelung24.com\/wp-content\/uploads\/2025\/08\/V24-Permanent-Protector-646-Keramikversiegelung-scaled-1.jpg","datePublished":"2025-08-28T12:07:51+00:00","dateModified":"2025-09-08T14:04:10+00:00","description":"Jednostavan za kori\u0161tenje, jake za\u0161tite. Novi Permanent Protector 646 Ultra Thin - 9H kerami\u010dki premaz pouzdano \u0161titi od vanjskih utjecaja","breadcrumb":{"@id":"https:\/\/www.versiegelung24.com\/hr\/permanent-protector-646.html#breadcrumb"},"inLanguage":"hr","potentialAction":[{"@type":"ReadAction","target":["https:\/\/www.versiegelung24.com\/hr\/permanent-protector-646.html"]}]},{"@type":"ImageObject","inLanguage":"hr","@id":"https:\/\/www.versiegelung24.com\/hr\/permanent-protector-646.html#primaryimage","url":"https:\/\/www.versiegelung24.com\/wp-content\/uploads\/2025\/08\/V24-Permanent-Protector-646-Keramikversiegelung-scaled-1.jpg","contentUrl":"https:\/\/www.versiegelung24.com\/wp-content\/uploads\/2025\/08\/V24-Permanent-Protector-646-Keramikversiegelung-scaled-1.jpg","width":2560,"height":2560},{"@type":"BreadcrumbList","@id":"https:\/\/www.versiegelung24.com\/hr\/permanent-protector-646.html#breadcrumb","itemListElement":[{"@type":"ListItem","position":1,"name":"Po\u010detna stranica","item":"https:\/\/www.versiegelung24.com\/hr\/ispred\/"},{"@type":"ListItem","position":2,"name":"Du\u0107an","item":"https:\/\/www.versiegelung24.com\/hr\/ducan\/"},{"@type":"ListItem","position":3,"name":"Trajna za\u0161tita 646 5M"}]},{"@type":"WebSite","@id":"https:\/\/www.versiegelung24.com\/hr\/#website","url":"https:\/\/www.versiegelung24.com\/hr\/","name":"versiegelung24.com","description":"Fl\u00fcssigglas-Versiegelung - Made in Germany","publisher":{"@id":"https:\/\/www.versiegelung24.com\/hr\/#organization"},"potentialAction":[{"@type":"SearchAction","target":{"@type":"EntryPoint","urlTemplate":"https:\/\/www.versiegelung24.com\/hr\/?s={search_term_string}"},"query-input":{"@type":"PropertyValueSpecification","valueRequired":true,"valueName":"search_term_string"}}],"inLanguage":"hr"},{"@type":"Organization","@id":"https:\/\/www.versiegelung24.com\/hr\/#organization","name":"versiegelung24","url":"https:\/\/www.versiegelung24.com\/hr\/","logo":{"@type":"ImageObject","inLanguage":"hr","@id":"https:\/\/www.versiegelung24.com\/hr\/#\/schema\/logo\/image\/","url":"https:\/\/www.versiegelung24.com\/wp-content\/uploads\/2020\/04\/versiegelung24.png","contentUrl":"https:\/\/www.versiegelung24.com\/wp-content\/uploads\/2020\/04\/versiegelung24.png","width":470,"height":102,"caption":"versiegelung24"},"image":{"@id":"https:\/\/www.versiegelung24.com\/hr\/#\/schema\/logo\/image\/"}}]},"og_availability":"instock","product_availability":"instock","product_retailer_item_id":"8056-646","product_condition":"new"},"_links":{"self":[{"href":"https:\/\/www.versiegelung24.com\/hr\/wp-json\/wp\/v2\/product\/182963","targetHints":{"allow":["GET"]}}],"collection":[{"href":"https:\/\/www.versiegelung24.com\/hr\/wp-json\/wp\/v2\/product"}],"about":[{"href":"https:\/\/www.versiegelung24.com\/hr\/wp-json\/wp\/v2\/types\/product"}],"version-history":[{"count":3,"href":"https:\/\/www.versiegelung24.com\/hr\/wp-json\/wp\/v2\/product\/182963\/revisions"}],"predecessor-version":[{"id":183591,"href":"https:\/\/www.versiegelung24.com\/hr\/wp-json\/wp\/v2\/product\/182963\/revisions\/183591"}],"wp:featuredmedia":[{"embeddable":true,"href":"https:\/\/www.versiegelung24.com\/hr\/wp-json\/wp\/v2\/media\/183052"}],"wp:attachment":[{"href":"https:\/\/www.versiegelung24.com\/hr\/wp-json\/wp\/v2\/media?parent=182963"}],"wp:term":[{"taxonomy":"product_brand","embeddable":true,"href":"https:\/\/www.versiegelung24.com\/hr\/wp-json\/wp\/v2\/product_brand?post=182963"},{"taxonomy":"product_cat","embeddable":true,"href":"https:\/\/www.versiegelung24.com\/hr\/wp-json\/wp\/v2\/product_cat?post=182963"},{"taxonomy":"product_tag","embeddable":true,"href":"https:\/\/www.versiegelung24.com\/hr\/wp-json\/wp\/v2\/product_tag?post=182963"}],"curies":[{"name":"wp","href":"https:\/\/api.w.org\/{rel}","templated":true}]}}