{"id":22757,"date":"2020-04-04T18:53:12","date_gmt":"2021-08-02T18:56:31","guid":{"rendered":"https:\/\/www.versiegelung24.com\/produkt\/boja-za-automobile-specijalno-poliranje-i-brtvljenje-2u1"},"modified":"2025-01-03T23:28:07","modified_gmt":"2025-01-03T22:28:07","slug":"car-paint-special-polish-brtvljenje-2u1","status":"publish","type":"product","link":"https:\/\/www.versiegelung24.com\/hr\/boja-za-automobile-specijalno-poliranje-i-brtvljenje-2u1.html","title":{"rendered":"Specijalno sredstvo za poliranje i brtvljenje boje automobila 2u1"},"content":{"rendered":"\n<p><strong>Izuzetno u\u010dinkovit lak za automobile specijalni lak i brtvilo 2u1 za boje za automobile, trajnost do 3 mjeseca<\/strong><\/p>\n\n<p>Visoka kvaliteta Made in Germany.<\/p>\n\n<p>Lako se nanosi:<br\/> 1. Obri\u0161ite brtvilo i ispolirajte ga<br\/> 2. Ostavite da se stvrdne 12 sati \u2013 gotovo<\/p>\n\n<p>Rok trajanja: do 3 mjeseca<\/p>\n\n<hr\/>\n\n<h4 class=\"wp-block-heading\" id=\"properties\">Zna\u010dajke proizvoda<\/h4>\n\n<div class=\"wp-block-columns is-layout-flex wp-container-core-columns-is-layout-9d6595d7 wp-block-columns-is-layout-flex\">\n<div class=\"wp-block-column is-layout-flow wp-block-column-is-layout-flow\">\n<ul class=\"wp-block-list\"><li>Visokokvalitetni lak bez abrazivnih komponenti, slojevi boje nisu napadnuti<\/li><li>Emulzija, vrlo laka za upotrebu<\/li><li>Osvje\u017eavaju\u0107i efekt sjaja i boje<\/li><li>\u010cisti, polira i brtvi u jednom koraku (uklanja katran, smolu i ostatke insekata)<\/li><li>Sjajni premaz koji odbija vodu i prljav\u0161tinu, sjajan<\/li><li>Sprje\u010dava lijepljenje katrana i ostataka insekata na povr\u0161inu<\/li><li>Za unutarnju i vanjsku upotrebu<\/li><\/ul>\n<\/div>\n\n\n\n<div class=\"wp-block-column is-layout-flow wp-block-column-is-layout-flow\">\n<ul class=\"wp-block-list\"><li>Prozirno \/ nevidljivo, izgled povr\u0161ine ostaje nepromijenjen<\/li><li>Otporan na mraz, \u010di\u0161\u0107enje (uklju\u010duju\u0107i pranje automobila), UV zra\u010denje (sprje\u010dava otupljivanje boje), lu\u017eine \/ lu\u017eine, morsku vodu, slani zrak, izmet insekata i druga jaka zaprljanja<\/li><li>Znatno smanjuje otpor zraka i time nudi ve\u0107u u\u010dinkovitost za vozila<\/li><li>U\u010dinak &#8220;jednostavnog \u010di\u0161\u0107enja&#8221;, premazane povr\u0161ine ostaju du\u017ee \u010diste i lak\u0161e se \u010diste.<\/li><li>Smanjuje ogrebotine<\/li><\/ul>\n\n\n\n<p>Opseg isporuke:<br\/> 1 x boca od litre<br\/> 1 x Opis proizvoda<\/p>\n<\/div>\n<\/div>\n\n<hr\/>\n\n<h4 class=\"wp-block-heading\" id=\"application\">Primjena<\/h4>\n\n<ul class=\"wp-block-list\"><li>Idealno za tretmane na bojama za vozila: automobile, motore, autobuse (osobito u\u010dinkovito na bojama koje nisu starije od 10 godina)<\/li><li>Tretmani otporni na prljav\u0161tinu i vodu na alu felnama (lak\u0161e se \u010diste)<\/li><li>Tretiranje metala (za\u0161tita od hr\u0111e i oksidacije)<\/li><\/ul>\n\n<p>Potrebna koli\u010dina ovisi o povr\u0161ini koja se premazuje (stupanj istro\u0161enosti i zaprljanosti) i tkanini koja se koristi. Prinos je cca 20-40 ml\/m\u00b2<\/p>\n","protected":false},"excerpt":{"rendered":"<p><strong>Visoko u\u010dinkovit profesionalni lak za lakiranje automobila:<\/strong><\/p>\n<p>\u2713 s efektom lotosa (vodoodbojnost)<\/p>\n<p>\u2713 Rok trajanja do 3 mjeseca<\/p>\n","protected":false},"featured_media":17639,"template":"","meta":{"_acf_changed":false,"neve_meta_sidebar":"","neve_meta_container":"","neve_meta_enable_content_width":"","neve_meta_content_width":0,"neve_meta_title_alignment":"","neve_meta_author_avatar":"","neve_post_elements_order":"","neve_meta_disable_header":"","neve_meta_disable_footer":"","neve_meta_disable_title":"","neve_meta_reading_time":"","_surfaces":[],"_ver_product_tabs":[],"footnotes":""},"product_brand":[],"product_cat":[2188],"product_tag":[],"class_list":{"0":"post-22757","1":"product","2":"type-product","3":"status-publish","4":"has-post-thumbnail","6":"product_cat-brtvljenje-automobila","8":"first","9":"instock","10":"taxable","11":"shipping-taxable","12":"purchasable","13":"product-type-simple"},"acf":[],"yoast_head":"<!-- This site is optimized with the Yoast SEO Premium plugin v22.8 (Yoast SEO v27.5) - https:\/\/yoast.com\/product\/yoast-seo-premium-wordpress\/ -->\n<title>Specijalno sredstvo za poliranje i brtvljenje boje automobila 2u1 - versiegelung24.com<\/title>\n<meta name=\"robots\" content=\"index, follow, max-snippet:-1, max-image-preview:large, max-video-preview:-1\" \/>\n<link rel=\"canonical\" href=\"https:\/\/www.versiegelung24.com\/hr\/boja-za-automobile-specijalno-poliranje-i-brtvljenje-2u1.html\" \/>\n<meta property=\"og:locale\" content=\"hr_HR\" \/>\n<meta property=\"og:type\" content=\"article\" \/>\n<meta property=\"og:title\" content=\"Specijalno sredstvo za poliranje i brtvljenje boje automobila 2u1\" \/>\n<meta property=\"og:description\" content=\"Visoko u\u010dinkovit profesionalni lak za lakiranje automobila: \u2713 s efektom lotosa (vodoodbojnost) \u2713 Rok trajanja do 3 mjeseca\" \/>\n<meta property=\"og:url\" content=\"https:\/\/www.versiegelung24.com\/hr\/boja-za-automobile-specijalno-poliranje-i-brtvljenje-2u1.html\" \/>\n<meta property=\"og:site_name\" content=\"versiegelung24.com\" \/>\n<meta property=\"article:modified_time\" content=\"2025-01-03T22:28:07+00:00\" \/>\n<meta property=\"og:image\" content=\"https:\/\/www.versiegelung24.com\/wp-content\/uploads\/2020\/06\/produkt-2000-7660-1000-Autolack-Spezial-Politur-Versiegelung2in1-scaled.jpg\" \/>\n\t<meta property=\"og:image:width\" content=\"2560\" \/>\n\t<meta property=\"og:image:height\" content=\"2560\" \/>\n\t<meta property=\"og:image:type\" content=\"image\/jpeg\" \/>\n<meta name=\"twitter:card\" content=\"summary_large_image\" \/>\n<meta name=\"twitter:label1\" content=\"Price\" \/>\n\t<meta name=\"twitter:data1\" content=\"99,00&euro;\" \/>\n\t<meta name=\"twitter:label2\" content=\"Availability\" \/>\n\t<meta name=\"twitter:data2\" content=\"In stock\" \/>\n<script type=\"application\/ld+json\" class=\"yoast-schema-graph\">{\"@context\":\"https:\\\/\\\/schema.org\",\"@graph\":[{\"@type\":\"WebPage\",\"@id\":\"https:\\\/\\\/www.versiegelung24.com\\\/hr\\\/boja-za-automobile-specijalno-poliranje-i-brtvljenje-2u1.html\",\"url\":\"https:\\\/\\\/www.versiegelung24.com\\\/hr\\\/boja-za-automobile-specijalno-poliranje-i-brtvljenje-2u1.html\",\"name\":\"Specijalno sredstvo za poliranje i brtvljenje boje automobila 2u1 - versiegelung24.com\",\"isPartOf\":{\"@id\":\"https:\\\/\\\/www.versiegelung24.com\\\/hr\\\/#website\"},\"primaryImageOfPage\":{\"@id\":\"https:\\\/\\\/www.versiegelung24.com\\\/hr\\\/boja-za-automobile-specijalno-poliranje-i-brtvljenje-2u1.html#primaryimage\"},\"image\":{\"@id\":\"https:\\\/\\\/www.versiegelung24.com\\\/hr\\\/boja-za-automobile-specijalno-poliranje-i-brtvljenje-2u1.html#primaryimage\"},\"thumbnailUrl\":\"https:\\\/\\\/www.versiegelung24.com\\\/wp-content\\\/uploads\\\/2020\\\/06\\\/produkt-2000-7660-1000-Autolack-Spezial-Politur-Versiegelung2in1-scaled.jpg\",\"datePublished\":\"2021-08-02T18:56:31+00:00\",\"dateModified\":\"2025-01-03T22:28:07+00:00\",\"breadcrumb\":{\"@id\":\"https:\\\/\\\/www.versiegelung24.com\\\/hr\\\/boja-za-automobile-specijalno-poliranje-i-brtvljenje-2u1.html#breadcrumb\"},\"inLanguage\":\"hr\",\"potentialAction\":[{\"@type\":\"ReadAction\",\"target\":[\"https:\\\/\\\/www.versiegelung24.com\\\/hr\\\/boja-za-automobile-specijalno-poliranje-i-brtvljenje-2u1.html\"]}]},{\"@type\":\"ImageObject\",\"inLanguage\":\"hr\",\"@id\":\"https:\\\/\\\/www.versiegelung24.com\\\/hr\\\/boja-za-automobile-specijalno-poliranje-i-brtvljenje-2u1.html#primaryimage\",\"url\":\"https:\\\/\\\/www.versiegelung24.com\\\/wp-content\\\/uploads\\\/2020\\\/06\\\/produkt-2000-7660-1000-Autolack-Spezial-Politur-Versiegelung2in1-scaled.jpg\",\"contentUrl\":\"https:\\\/\\\/www.versiegelung24.com\\\/wp-content\\\/uploads\\\/2020\\\/06\\\/produkt-2000-7660-1000-Autolack-Spezial-Politur-Versiegelung2in1-scaled.jpg\",\"width\":2560,\"height\":2560},{\"@type\":\"BreadcrumbList\",\"@id\":\"https:\\\/\\\/www.versiegelung24.com\\\/hr\\\/boja-za-automobile-specijalno-poliranje-i-brtvljenje-2u1.html#breadcrumb\",\"itemListElement\":[{\"@type\":\"ListItem\",\"position\":1,\"name\":\"Po\u010detna stranica\",\"item\":\"https:\\\/\\\/www.versiegelung24.com\\\/hr\\\/ispred\\\/\"},{\"@type\":\"ListItem\",\"position\":2,\"name\":\"Du\u0107an\",\"item\":\"https:\\\/\\\/www.versiegelung24.com\\\/hr\\\/ducan\\\/\"},{\"@type\":\"ListItem\",\"position\":3,\"name\":\"Specijalno sredstvo za poliranje i brtvljenje boje automobila 2u1\"}]},{\"@type\":\"WebSite\",\"@id\":\"https:\\\/\\\/www.versiegelung24.com\\\/hr\\\/#website\",\"url\":\"https:\\\/\\\/www.versiegelung24.com\\\/hr\\\/\",\"name\":\"versiegelung24.com\",\"description\":\"Fl\u00fcssigglas-Versiegelung - Made in Germany\",\"publisher\":{\"@id\":\"https:\\\/\\\/www.versiegelung24.com\\\/hr\\\/#organization\"},\"potentialAction\":[{\"@type\":\"SearchAction\",\"target\":{\"@type\":\"EntryPoint\",\"urlTemplate\":\"https:\\\/\\\/www.versiegelung24.com\\\/hr\\\/?s={search_term_string}\"},\"query-input\":{\"@type\":\"PropertyValueSpecification\",\"valueRequired\":true,\"valueName\":\"search_term_string\"}}],\"inLanguage\":\"hr\"},{\"@type\":\"Organization\",\"@id\":\"https:\\\/\\\/www.versiegelung24.com\\\/hr\\\/#organization\",\"name\":\"versiegelung24\",\"url\":\"https:\\\/\\\/www.versiegelung24.com\\\/hr\\\/\",\"logo\":{\"@type\":\"ImageObject\",\"inLanguage\":\"hr\",\"@id\":\"https:\\\/\\\/www.versiegelung24.com\\\/hr\\\/#\\\/schema\\\/logo\\\/image\\\/\",\"url\":\"https:\\\/\\\/www.versiegelung24.com\\\/wp-content\\\/uploads\\\/2020\\\/04\\\/versiegelung24.png\",\"contentUrl\":\"https:\\\/\\\/www.versiegelung24.com\\\/wp-content\\\/uploads\\\/2020\\\/04\\\/versiegelung24.png\",\"width\":470,\"height\":102,\"caption\":\"versiegelung24\"},\"image\":{\"@id\":\"https:\\\/\\\/www.versiegelung24.com\\\/hr\\\/#\\\/schema\\\/logo\\\/image\\\/\"}}]}<\/script>\n<meta property=\"product:price:amount\" content=\"99.00\" \/>\n<meta property=\"product:price:currency\" content=\"EUR\" \/>\n<meta property=\"og:availability\" content=\"instock\" \/>\n<meta property=\"product:availability\" content=\"instock\" \/>\n<meta property=\"product:retailer_item_id\" content=\"2000-7660-1000\" \/>\n<meta property=\"product:condition\" content=\"new\" \/>\n<!-- \/ Yoast SEO Premium plugin. -->","yoast_head_json":{"title":"Specijalno sredstvo za poliranje i brtvljenje boje automobila 2u1 - versiegelung24.com","robots":{"index":"index","follow":"follow","max-snippet":"max-snippet:-1","max-image-preview":"max-image-preview:large","max-video-preview":"max-video-preview:-1"},"canonical":"https:\/\/www.versiegelung24.com\/hr\/boja-za-automobile-specijalno-poliranje-i-brtvljenje-2u1.html","og_locale":"hr_HR","og_type":"article","og_title":"Specijalno sredstvo za poliranje i brtvljenje boje automobila 2u1","og_description":"Visoko u\u010dinkovit profesionalni lak za lakiranje automobila: \u2713 s efektom lotosa (vodoodbojnost) \u2713 Rok trajanja do 3 mjeseca","og_url":"https:\/\/www.versiegelung24.com\/hr\/boja-za-automobile-specijalno-poliranje-i-brtvljenje-2u1.html","og_site_name":"versiegelung24.com","article_modified_time":"2025-01-03T22:28:07+00:00","og_image":[{"width":2560,"height":2560,"url":"https:\/\/www.versiegelung24.com\/wp-content\/uploads\/2020\/06\/produkt-2000-7660-1000-Autolack-Spezial-Politur-Versiegelung2in1-scaled.jpg","type":"image\/jpeg"}],"twitter_card":"summary_large_image","twitter_misc":{"Price":"99,00&euro;","Availability":"In stock"},"schema":{"@context":"https:\/\/schema.org","@graph":[{"@type":"WebPage","@id":"https:\/\/www.versiegelung24.com\/hr\/boja-za-automobile-specijalno-poliranje-i-brtvljenje-2u1.html","url":"https:\/\/www.versiegelung24.com\/hr\/boja-za-automobile-specijalno-poliranje-i-brtvljenje-2u1.html","name":"Specijalno sredstvo za poliranje i brtvljenje boje automobila 2u1 - versiegelung24.com","isPartOf":{"@id":"https:\/\/www.versiegelung24.com\/hr\/#website"},"primaryImageOfPage":{"@id":"https:\/\/www.versiegelung24.com\/hr\/boja-za-automobile-specijalno-poliranje-i-brtvljenje-2u1.html#primaryimage"},"image":{"@id":"https:\/\/www.versiegelung24.com\/hr\/boja-za-automobile-specijalno-poliranje-i-brtvljenje-2u1.html#primaryimage"},"thumbnailUrl":"https:\/\/www.versiegelung24.com\/wp-content\/uploads\/2020\/06\/produkt-2000-7660-1000-Autolack-Spezial-Politur-Versiegelung2in1-scaled.jpg","datePublished":"2021-08-02T18:56:31+00:00","dateModified":"2025-01-03T22:28:07+00:00","breadcrumb":{"@id":"https:\/\/www.versiegelung24.com\/hr\/boja-za-automobile-specijalno-poliranje-i-brtvljenje-2u1.html#breadcrumb"},"inLanguage":"hr","potentialAction":[{"@type":"ReadAction","target":["https:\/\/www.versiegelung24.com\/hr\/boja-za-automobile-specijalno-poliranje-i-brtvljenje-2u1.html"]}]},{"@type":"ImageObject","inLanguage":"hr","@id":"https:\/\/www.versiegelung24.com\/hr\/boja-za-automobile-specijalno-poliranje-i-brtvljenje-2u1.html#primaryimage","url":"https:\/\/www.versiegelung24.com\/wp-content\/uploads\/2020\/06\/produkt-2000-7660-1000-Autolack-Spezial-Politur-Versiegelung2in1-scaled.jpg","contentUrl":"https:\/\/www.versiegelung24.com\/wp-content\/uploads\/2020\/06\/produkt-2000-7660-1000-Autolack-Spezial-Politur-Versiegelung2in1-scaled.jpg","width":2560,"height":2560},{"@type":"BreadcrumbList","@id":"https:\/\/www.versiegelung24.com\/hr\/boja-za-automobile-specijalno-poliranje-i-brtvljenje-2u1.html#breadcrumb","itemListElement":[{"@type":"ListItem","position":1,"name":"Po\u010detna stranica","item":"https:\/\/www.versiegelung24.com\/hr\/ispred\/"},{"@type":"ListItem","position":2,"name":"Du\u0107an","item":"https:\/\/www.versiegelung24.com\/hr\/ducan\/"},{"@type":"ListItem","position":3,"name":"Specijalno sredstvo za poliranje i brtvljenje boje automobila 2u1"}]},{"@type":"WebSite","@id":"https:\/\/www.versiegelung24.com\/hr\/#website","url":"https:\/\/www.versiegelung24.com\/hr\/","name":"versiegelung24.com","description":"Fl\u00fcssigglas-Versiegelung - Made in Germany","publisher":{"@id":"https:\/\/www.versiegelung24.com\/hr\/#organization"},"potentialAction":[{"@type":"SearchAction","target":{"@type":"EntryPoint","urlTemplate":"https:\/\/www.versiegelung24.com\/hr\/?s={search_term_string}"},"query-input":{"@type":"PropertyValueSpecification","valueRequired":true,"valueName":"search_term_string"}}],"inLanguage":"hr"},{"@type":"Organization","@id":"https:\/\/www.versiegelung24.com\/hr\/#organization","name":"versiegelung24","url":"https:\/\/www.versiegelung24.com\/hr\/","logo":{"@type":"ImageObject","inLanguage":"hr","@id":"https:\/\/www.versiegelung24.com\/hr\/#\/schema\/logo\/image\/","url":"https:\/\/www.versiegelung24.com\/wp-content\/uploads\/2020\/04\/versiegelung24.png","contentUrl":"https:\/\/www.versiegelung24.com\/wp-content\/uploads\/2020\/04\/versiegelung24.png","width":470,"height":102,"caption":"versiegelung24"},"image":{"@id":"https:\/\/www.versiegelung24.com\/hr\/#\/schema\/logo\/image\/"}}]},"product_price_amount":"99.00","product_price_currency":"EUR","og_availability":"instock","product_availability":"instock","product_retailer_item_id":"2000-7660-1000","product_condition":"new"},"_links":{"self":[{"href":"https:\/\/www.versiegelung24.com\/hr\/wp-json\/wp\/v2\/product\/22757","targetHints":{"allow":["GET"]}}],"collection":[{"href":"https:\/\/www.versiegelung24.com\/hr\/wp-json\/wp\/v2\/product"}],"about":[{"href":"https:\/\/www.versiegelung24.com\/hr\/wp-json\/wp\/v2\/types\/product"}],"version-history":[{"count":14,"href":"https:\/\/www.versiegelung24.com\/hr\/wp-json\/wp\/v2\/product\/22757\/revisions"}],"predecessor-version":[{"id":177382,"href":"https:\/\/www.versiegelung24.com\/hr\/wp-json\/wp\/v2\/product\/22757\/revisions\/177382"}],"wp:featuredmedia":[{"embeddable":true,"href":"https:\/\/www.versiegelung24.com\/hr\/wp-json\/wp\/v2\/media\/17639"}],"wp:attachment":[{"href":"https:\/\/www.versiegelung24.com\/hr\/wp-json\/wp\/v2\/media?parent=22757"}],"wp:term":[{"taxonomy":"product_brand","embeddable":true,"href":"https:\/\/www.versiegelung24.com\/hr\/wp-json\/wp\/v2\/product_brand?post=22757"},{"taxonomy":"product_cat","embeddable":true,"href":"https:\/\/www.versiegelung24.com\/hr\/wp-json\/wp\/v2\/product_cat?post=22757"},{"taxonomy":"product_tag","embeddable":true,"href":"https:\/\/www.versiegelung24.com\/hr\/wp-json\/wp\/v2\/product_tag?post=22757"}],"curies":[{"name":"wp","href":"https:\/\/api.w.org\/{rel}","templated":true}]}}